{"id":5170,"date":"2021-07-20T08:27:47","date_gmt":"2021-07-20T08:27:47","guid":{"rendered":"https:\/\/nck.krakow.pl\/kcc\/?page_id=5170"},"modified":"2021-07-27T11:32:42","modified_gmt":"2021-07-27T11:32:42","slug":"rozmowy-pospektaklowe","status":"publish","type":"page","link":"https:\/\/nck.krakow.pl\/kcc\/krakowski-festiwal-tanca-2021\/rozmowy-pospektaklowe\/","title":{"rendered":"Rozmowy pospektaklowe"},"content":{"rendered":"\n<figure class=\"wp-block-image size-large\"><img loading=\"lazy\" decoding=\"async\" width=\"1000\" height=\"667\" src=\"https:\/\/nck.krakow.pl\/kcc\/wp-content\/uploads\/2021\/07\/RUSZA_LAB-Karolina-Wycisk-11-12.10-fot.-Marcin-Trzpiot_7.jpg\" alt=\"\" class=\"wp-image-5369\" srcset=\"https:\/\/nck.krakow.pl\/kcc\/wp-content\/uploads\/2021\/07\/RUSZA_LAB-Karolina-Wycisk-11-12.10-fot.-Marcin-Trzpiot_7.jpg 1000w, https:\/\/nck.krakow.pl\/kcc\/wp-content\/uploads\/2021\/07\/RUSZA_LAB-Karolina-Wycisk-11-12.10-fot.-Marcin-Trzpiot_7-300x200.jpg 300w, https:\/\/nck.krakow.pl\/kcc\/wp-content\/uploads\/2021\/07\/RUSZA_LAB-Karolina-Wycisk-11-12.10-fot.-Marcin-Trzpiot_7-768x512.jpg 768w\" sizes=\"(max-width: 1000px) 100vw, 1000px\" \/><\/figure>\n\n\n\n<p>Po spektaklach zapraszamy wszystkich widz\u00f3w i uczestnik\u00f3w festiwalu do rozmowy artystami, kt\u00f3re b\u0119d\u0105 moderowane przez producentk\u0119 i menad\u017cerk\u0119 ta\u0144ca Karolin\u0119 Wycisk.<\/p>\n\n\n\n<p>Karolina Wycisk &#8211; niezale\u017cna producentka i menad\u017cerka ta\u0144ca. Realizuj\u0105c projekty na skal\u0119 krajow\u0105 i mi\u0119dzynarodow\u0105, wsp\u00f3\u0142pracowa\u0142a m.in. z Art Stations Foundation by Gra\u017cyna Kulczyk, Narodowym Instytutem Muzyki i Ta\u0144ca, Instytutem Teatralnym, Instytutem im. Jerzego Grotowskiego. Doktorantka na Wydziale Polonistyki UJ. Stypendystka Ministra Kultury i Dziedzictwa Narodowego (2015, 2020) oraz Miasta Krakowa (2019). Teksty krytyczne publikuje m.in. w \u201eDidaskaliach\u201d, na portalu taniec POLSKA [pl]. Szefowa Fundacji PERFORMAT, prowadzi performat production &#8211; in movement management (<a href=\"http:\/\/performat-production.com\/\">performat-production.com<\/a>), promuj\u0105c tw\u00f3rczo\u015b\u0107 niezale\u017cnych choreografek, Renaty Piotrowskiej-Auffret i kolektywu Holobiont, w kraju i zagranic\u0105. Wolny czas sp\u0119dza na g\u00f3rskich szlakach.<\/p>\n","protected":false},"excerpt":{"rendered":"<p>Po spektaklach zapraszamy wszystkich widz\u00f3w i uczestnik\u00f3w festiwalu do rozmowy artystami, kt\u00f3re b\u0119d\u0105 moderowane przez producentk\u0119 i menad\u017cerk\u0119 ta\u0144ca Karolin\u0119 Wycisk. Karolina Wycisk &#8211; niezale\u017cna producentka i menad\u017cerka ta\u0144ca. Realizuj\u0105c projekty na skal\u0119 krajow\u0105 i mi\u0119dzynarodow\u0105, wsp\u00f3\u0142pracowa\u0142a m.in. z Art Stations Foundation by Gra\u017cyna Kulczyk, Narodowym Instytutem Muzyki i Ta\u0144ca, Instytutem Teatralnym, Instytutem im. Jerzego [&hellip;]<\/p>\n","protected":false},"author":5,"featured_media":0,"parent":3723,"menu_order":0,"comment_status":"closed","ping_status":"closed","template":"","meta":{"footnotes":""},"class_list":["post-5170","page","type-page","status-publish","hentry"],"yoast_head":"<!-- This site is optimized with the Yoast SEO plugin v19.12 - https:\/\/yoast.com\/wordpress\/plugins\/seo\/ -->\n<title>Rozmowy pospektaklowe - Krakowskie Centrum Choreograficzne<\/title>\n<meta name=\"robots\" content=\"index, follow, max-snippet:-1, max-image-preview:large, max-video-preview:-1\" \/>\n<link rel=\"canonical\" href=\"https:\/\/nck.krakow.pl\/kcc\/krakowski-festiwal-tanca-2021\/rozmowy-pospektaklowe\/\" \/>\n<meta property=\"og:locale\" content=\"pl_PL\" \/>\n<meta property=\"og:type\" content=\"article\" \/>\n<meta property=\"og:title\" content=\"Rozmowy pospektaklowe - Krakowskie Centrum Choreograficzne\" \/>\n<meta property=\"og:description\" content=\"Po spektaklach zapraszamy wszystkich widz\u00f3w i uczestnik\u00f3w festiwalu do rozmowy artystami, kt\u00f3re b\u0119d\u0105 moderowane przez producentk\u0119 i menad\u017cerk\u0119 ta\u0144ca Karolin\u0119 Wycisk. Karolina Wycisk &#8211; niezale\u017cna producentka i menad\u017cerka ta\u0144ca. Realizuj\u0105c projekty na skal\u0119 krajow\u0105 i mi\u0119dzynarodow\u0105, wsp\u00f3\u0142pracowa\u0142a m.in. z Art Stations Foundation by Gra\u017cyna Kulczyk, Narodowym Instytutem Muzyki i Ta\u0144ca, Instytutem Teatralnym, Instytutem im. Jerzego [&hellip;]\" \/>\n<meta property=\"og:url\" content=\"https:\/\/nck.krakow.pl\/kcc\/krakowski-festiwal-tanca-2021\/rozmowy-pospektaklowe\/\" \/>\n<meta property=\"og:site_name\" content=\"Krakowskie Centrum Choreograficzne\" \/>\n<meta property=\"article:modified_time\" content=\"2021-07-27T11:32:42+00:00\" \/>\n<meta property=\"og:image\" content=\"https:\/\/nck.krakow.pl\/kcc\/wp-content\/uploads\/2021\/07\/RUSZA_LAB-Karolina-Wycisk-11-12.10-fot.-Marcin-Trzpiot_7.jpg\" \/>\n<meta name=\"twitter:card\" content=\"summary_large_image\" \/>\n<meta name=\"twitter:label1\" content=\"Est. reading time\" \/>\n\t<meta name=\"twitter:data1\" content=\"1 minuta\" \/>\n<script type=\"application\/ld+json\" class=\"yoast-schema-graph\">{\"@context\":\"https:\/\/schema.org\",\"@graph\":[{\"@type\":\"WebPage\",\"@id\":\"https:\/\/nck.krakow.pl\/kcc\/krakowski-festiwal-tanca-2021\/rozmowy-pospektaklowe\/\",\"url\":\"https:\/\/nck.krakow.pl\/kcc\/krakowski-festiwal-tanca-2021\/rozmowy-pospektaklowe\/\",\"name\":\"Rozmowy pospektaklowe - Krakowskie Centrum Choreograficzne\",\"isPartOf\":{\"@id\":\"https:\/\/nck.krakow.pl\/kcc\/#website\"},\"datePublished\":\"2021-07-20T08:27:47+00:00\",\"dateModified\":\"2021-07-27T11:32:42+00:00\",\"breadcrumb\":{\"@id\":\"https:\/\/nck.krakow.pl\/kcc\/krakowski-festiwal-tanca-2021\/rozmowy-pospektaklowe\/#breadcrumb\"},\"inLanguage\":\"pl-PL\",\"potentialAction\":[{\"@type\":\"ReadAction\",\"target\":[\"https:\/\/nck.krakow.pl\/kcc\/krakowski-festiwal-tanca-2021\/rozmowy-pospektaklowe\/\"]}]},{\"@type\":\"BreadcrumbList\",\"@id\":\"https:\/\/nck.krakow.pl\/kcc\/krakowski-festiwal-tanca-2021\/rozmowy-pospektaklowe\/#breadcrumb\",\"itemListElement\":[{\"@type\":\"ListItem\",\"position\":1,\"name\":\"Strona g\u0142\u00f3wna\",\"item\":\"https:\/\/nck.krakow.pl\/kcc\/\"},{\"@type\":\"ListItem\",\"position\":2,\"name\":\"Krakowski Festiwal Ta\u0144ca 2021\",\"item\":\"https:\/\/nck.krakow.pl\/kcc\/krakowski-festiwal-tanca-2021\/\"},{\"@type\":\"ListItem\",\"position\":3,\"name\":\"Rozmowy pospektaklowe\"}]},{\"@type\":\"WebSite\",\"@id\":\"https:\/\/nck.krakow.pl\/kcc\/#website\",\"url\":\"https:\/\/nck.krakow.pl\/kcc\/\",\"name\":\"Krakowskie Centrum Choreograficzne\",\"description\":\"\",\"publisher\":{\"@id\":\"https:\/\/nck.krakow.pl\/kcc\/#organization\"},\"potentialAction\":[{\"@type\":\"SearchAction\",\"target\":{\"@type\":\"EntryPoint\",\"urlTemplate\":\"https:\/\/nck.krakow.pl\/kcc\/?s={search_term_string}\"},\"query-input\":\"required name=search_term_string\"}],\"inLanguage\":\"pl-PL\"},{\"@type\":\"Organization\",\"@id\":\"https:\/\/nck.krakow.pl\/kcc\/#organization\",\"name\":\"Krakowskie Centrum Choreograficzne\",\"url\":\"https:\/\/nck.krakow.pl\/kcc\/\",\"logo\":{\"@type\":\"ImageObject\",\"inLanguage\":\"pl-PL\",\"@id\":\"https:\/\/nck.krakow.pl\/kcc\/#\/schema\/logo\/image\/\",\"url\":\"https:\/\/nck.krakow.pl\/kcc\/wp-content\/uploads\/2020\/01\/cropped-logo-kcc-2020.png\",\"contentUrl\":\"https:\/\/nck.krakow.pl\/kcc\/wp-content\/uploads\/2020\/01\/cropped-logo-kcc-2020.png\",\"width\":116,\"height\":55,\"caption\":\"Krakowskie Centrum Choreograficzne\"},\"image\":{\"@id\":\"https:\/\/nck.krakow.pl\/kcc\/#\/schema\/logo\/image\/\"}}]}<\/script>\n<!-- \/ Yoast SEO plugin. -->","yoast_head_json":{"title":"Rozmowy pospektaklowe - Krakowskie Centrum Choreograficzne","robots":{"index":"index","follow":"follow","max-snippet":"max-snippet:-1","max-image-preview":"max-image-preview:large","max-video-preview":"max-video-preview:-1"},"canonical":"https:\/\/nck.krakow.pl\/kcc\/krakowski-festiwal-tanca-2021\/rozmowy-pospektaklowe\/","og_locale":"pl_PL","og_type":"article","og_title":"Rozmowy pospektaklowe - Krakowskie Centrum Choreograficzne","og_description":"Po spektaklach zapraszamy wszystkich widz\u00f3w i uczestnik\u00f3w festiwalu do rozmowy artystami, kt\u00f3re b\u0119d\u0105 moderowane przez producentk\u0119 i menad\u017cerk\u0119 ta\u0144ca Karolin\u0119 Wycisk. Karolina Wycisk &#8211; niezale\u017cna producentka i menad\u017cerka ta\u0144ca. Realizuj\u0105c projekty na skal\u0119 krajow\u0105 i mi\u0119dzynarodow\u0105, wsp\u00f3\u0142pracowa\u0142a m.in. z Art Stations Foundation by Gra\u017cyna Kulczyk, Narodowym Instytutem Muzyki i Ta\u0144ca, Instytutem Teatralnym, Instytutem im. Jerzego [&hellip;]","og_url":"https:\/\/nck.krakow.pl\/kcc\/krakowski-festiwal-tanca-2021\/rozmowy-pospektaklowe\/","og_site_name":"Krakowskie Centrum Choreograficzne","article_modified_time":"2021-07-27T11:32:42+00:00","og_image":[{"url":"https:\/\/nck.krakow.pl\/kcc\/wp-content\/uploads\/2021\/07\/RUSZA_LAB-Karolina-Wycisk-11-12.10-fot.-Marcin-Trzpiot_7.jpg"}],"twitter_card":"summary_large_image","twitter_misc":{"Est. reading time":"1 minuta"},"schema":{"@context":"https:\/\/schema.org","@graph":[{"@type":"WebPage","@id":"https:\/\/nck.krakow.pl\/kcc\/krakowski-festiwal-tanca-2021\/rozmowy-pospektaklowe\/","url":"https:\/\/nck.krakow.pl\/kcc\/krakowski-festiwal-tanca-2021\/rozmowy-pospektaklowe\/","name":"Rozmowy pospektaklowe - Krakowskie Centrum Choreograficzne","isPartOf":{"@id":"https:\/\/nck.krakow.pl\/kcc\/#website"},"datePublished":"2021-07-20T08:27:47+00:00","dateModified":"2021-07-27T11:32:42+00:00","breadcrumb":{"@id":"https:\/\/nck.krakow.pl\/kcc\/krakowski-festiwal-tanca-2021\/rozmowy-pospektaklowe\/#breadcrumb"},"inLanguage":"pl-PL","potentialAction":[{"@type":"ReadAction","target":["https:\/\/nck.krakow.pl\/kcc\/krakowski-festiwal-tanca-2021\/rozmowy-pospektaklowe\/"]}]},{"@type":"BreadcrumbList","@id":"https:\/\/nck.krakow.pl\/kcc\/krakowski-festiwal-tanca-2021\/rozmowy-pospektaklowe\/#breadcrumb","itemListElement":[{"@type":"ListItem","position":1,"name":"Strona g\u0142\u00f3wna","item":"https:\/\/nck.krakow.pl\/kcc\/"},{"@type":"ListItem","position":2,"name":"Krakowski Festiwal Ta\u0144ca 2021","item":"https:\/\/nck.krakow.pl\/kcc\/krakowski-festiwal-tanca-2021\/"},{"@type":"ListItem","position":3,"name":"Rozmowy pospektaklowe"}]},{"@type":"WebSite","@id":"https:\/\/nck.krakow.pl\/kcc\/#website","url":"https:\/\/nck.krakow.pl\/kcc\/","name":"Krakowskie Centrum Choreograficzne","description":"","publisher":{"@id":"https:\/\/nck.krakow.pl\/kcc\/#organization"},"potentialAction":[{"@type":"SearchAction","target":{"@type":"EntryPoint","urlTemplate":"https:\/\/nck.krakow.pl\/kcc\/?s={search_term_string}"},"query-input":"required name=search_term_string"}],"inLanguage":"pl-PL"},{"@type":"Organization","@id":"https:\/\/nck.krakow.pl\/kcc\/#organization","name":"Krakowskie Centrum Choreograficzne","url":"https:\/\/nck.krakow.pl\/kcc\/","logo":{"@type":"ImageObject","inLanguage":"pl-PL","@id":"https:\/\/nck.krakow.pl\/kcc\/#\/schema\/logo\/image\/","url":"https:\/\/nck.krakow.pl\/kcc\/wp-content\/uploads\/2020\/01\/cropped-logo-kcc-2020.png","contentUrl":"https:\/\/nck.krakow.pl\/kcc\/wp-content\/uploads\/2020\/01\/cropped-logo-kcc-2020.png","width":116,"height":55,"caption":"Krakowskie Centrum Choreograficzne"},"image":{"@id":"https:\/\/nck.krakow.pl\/kcc\/#\/schema\/logo\/image\/"}}]}},"_links":{"self":[{"href":"https:\/\/nck.krakow.pl\/kcc\/wp-json\/wp\/v2\/pages\/5170"}],"collection":[{"href":"https:\/\/nck.krakow.pl\/kcc\/wp-json\/wp\/v2\/pages"}],"about":[{"href":"https:\/\/nck.krakow.pl\/kcc\/wp-json\/wp\/v2\/types\/page"}],"author":[{"embeddable":true,"href":"https:\/\/nck.krakow.pl\/kcc\/wp-json\/wp\/v2\/users\/5"}],"replies":[{"embeddable":true,"href":"https:\/\/nck.krakow.pl\/kcc\/wp-json\/wp\/v2\/comments?post=5170"}],"version-history":[{"count":4,"href":"https:\/\/nck.krakow.pl\/kcc\/wp-json\/wp\/v2\/pages\/5170\/revisions"}],"predecessor-version":[{"id":5374,"href":"https:\/\/nck.krakow.pl\/kcc\/wp-json\/wp\/v2\/pages\/5170\/revisions\/5374"}],"up":[{"embeddable":true,"href":"https:\/\/nck.krakow.pl\/kcc\/wp-json\/wp\/v2\/pages\/3723"}],"wp:attachment":[{"href":"https:\/\/nck.krakow.pl\/kcc\/wp-json\/wp\/v2\/media?parent=5170"}],"curies":[{"name":"wp","href":"https:\/\/api.w.org\/{rel}","templated":true}]}}