{"id":5161,"date":"2021-07-16T10:12:59","date_gmt":"2021-07-16T10:12:59","guid":{"rendered":"https:\/\/nck.krakow.pl\/kcc\/?page_id=5161"},"modified":"2021-07-27T06:54:16","modified_gmt":"2021-07-27T06:54:16","slug":"wystawa-fotografii-klaudyny-schubert","status":"publish","type":"page","link":"https:\/\/nck.krakow.pl\/kcc\/krakowski-festiwal-tanca-2021\/wystawa-fotografii-klaudyny-schubert\/","title":{"rendered":"Wystawa fotografii Klaudyny Schubert"},"content":{"rendered":"\n<figure class=\"wp-block-image size-large\"><img loading=\"lazy\" decoding=\"async\" width=\"1024\" height=\"683\" src=\"https:\/\/nck.krakow.pl\/kcc\/wp-content\/uploads\/2021\/07\/DSC5907_fot_klaudyna_schubert_2a-1024x683.jpg\" alt=\"\" class=\"wp-image-5155\" srcset=\"https:\/\/nck.krakow.pl\/kcc\/wp-content\/uploads\/2021\/07\/DSC5907_fot_klaudyna_schubert_2a-1024x683.jpg 1024w, https:\/\/nck.krakow.pl\/kcc\/wp-content\/uploads\/2021\/07\/DSC5907_fot_klaudyna_schubert_2a-300x200.jpg 300w, https:\/\/nck.krakow.pl\/kcc\/wp-content\/uploads\/2021\/07\/DSC5907_fot_klaudyna_schubert_2a-768x512.jpg 768w, https:\/\/nck.krakow.pl\/kcc\/wp-content\/uploads\/2021\/07\/DSC5907_fot_klaudyna_schubert_2a-1536x1024.jpg 1536w, https:\/\/nck.krakow.pl\/kcc\/wp-content\/uploads\/2021\/07\/DSC5907_fot_klaudyna_schubert_2a-2048x1366.jpg 2048w\" sizes=\"(max-width: 1024px) 100vw, 1024px\" \/><\/figure>\n\n\n\n<p><strong>1-31 sierpnia \/ Rynek NCK<\/strong><\/p>\n\n\n\n<p><strong>1 sierpnia 2021 r., godz. 18:00 &#8211; WERNISA\u017b<\/strong><\/p>\n\n\n\n<p>\u201eDance until we are lost\u201d<\/p>\n\n\n\n<p>Jedn\u0105 z najwa\u017cniejszych funkcji fotografii jest utrwalanie ruchu. Taniec b\u0119d\u0105cy jego kwintesencj\u0105 i fotografia, kt\u00f3ra go niejako uniewa\u017cnia, wydaj\u0105 si\u0119 po\u0142\u0105czeniem sprzecznym. Jak najpe\u0142niej ukaza\u0107 ruch poprzez jego zatrzymanie? Fotografia ta\u0144ca coraz cz\u0119\u015bciej zawiera w sobie pr\u00f3by znalezienia \u201eadekwatno\u015bci\u201d \u015brodk\u00f3w wyrazu: d\u0142ugi czas ekspozycji, rozmycie, podw\u00f3jn\u0105 ekspozycj\u0119. Tymczasem taniec nie jest tylko ruchem, ale tak\u017ce emocj\u0105, eksterioryzacj\u0105 wewn\u0119trznej si\u0142y i kondycji. Nierzadko wyra\u017ca wi\u0119cej ni\u017c jednoznacznie ukierunkowana aktywno\u015b\u0107 artystyczna. Wychodzi poza samego tancerza, wsp\u00f3\u0142gra czy rezonuje z przestrzeni\u0105, stanowi\u0105c\u0105 jego dora\u017an\u0105 scen\u0119. Fotografia ta\u0144ca nie musi zosta\u0107 wykonana podczas samego ta\u0144ca. Pokazanie ruchu nie musi odzwierciedla\u0107 jego choreograficznego zaplecza. Czy mo\u017cna pokaza\u0107 taniec w bezruchu? Co stanowi o tym, czym jest taniec na fotografii ogl\u0105danej zazwyczaj bez performatywnego kontekstu? Osoba tancerza? Poczucie ruchu? Sk\u0105d wiemy, czy jest on dynamiczny czy statyczny, zamierzony czy przypadkowy? Projekt eksploruje temat ta\u0144ca w fotografii. Stanowi pr\u00f3b\u0119 znalezienia kwintesencji ruchu i emocji ta\u0144ca w sytuacji poza-performatywnej.<\/p>\n\n\n\n<p>Na zdj\u0119ciach:<br>MAGDA FEJDASZ \/ KATARZYNA KLESZCZ \/ WERONIKA PELCZY\u0143SKA \/ MONIKA SZPUNAR \/ KRYSTYNA LAMA SZYD\u0141OWSKA \/ MONIKA W\u0118GRZYNOWICZ \/ MARTA WO\u0141OWIEC<\/p>\n\n\n\n<p>Klaudyna Schubert \u2013 fotografka wsp\u00f3\u0142pracuj\u0105ca z szeregiem instytucji kultury i festiwalami w ca\u0142ej Polsce. Autorka projekt\u00f3w fotograficznych prezentowanych w ramach wystaw indywidualnych i zbiorowych. Najch\u0119tniej fotografuje teatr, taniec i oryginalne formy artystycznego wyrazu. Uwielbia zwyk\u0142e momenty i niezwyk\u0142e wydarzenia, a w fotografii pr\u00f3buje pokaza\u0107 ich odwrotno\u015b\u0107.<\/p>\n","protected":false},"excerpt":{"rendered":"<p>1-31 sierpnia \/ Rynek NCK 1 sierpnia 2021 r., godz. 18:00 &#8211; WERNISA\u017b \u201eDance until we are lost\u201d Jedn\u0105 z najwa\u017cniejszych funkcji fotografii jest utrwalanie ruchu. Taniec b\u0119d\u0105cy jego kwintesencj\u0105 i fotografia, kt\u00f3ra go niejako uniewa\u017cnia, wydaj\u0105 si\u0119 po\u0142\u0105czeniem sprzecznym. Jak najpe\u0142niej ukaza\u0107 ruch poprzez jego zatrzymanie? Fotografia ta\u0144ca coraz cz\u0119\u015bciej zawiera w sobie pr\u00f3by [&hellip;]<\/p>\n","protected":false},"author":1,"featured_media":0,"parent":3723,"menu_order":0,"comment_status":"closed","ping_status":"closed","template":"","meta":{"footnotes":""},"class_list":["post-5161","page","type-page","status-publish","hentry"],"yoast_head":"<!-- This site is optimized with the Yoast SEO plugin v19.12 - https:\/\/yoast.com\/wordpress\/plugins\/seo\/ -->\n<title>Wystawa fotografii Klaudyny Schubert - Krakowskie Centrum Choreograficzne<\/title>\n<meta name=\"robots\" content=\"index, follow, max-snippet:-1, max-image-preview:large, max-video-preview:-1\" \/>\n<link rel=\"canonical\" href=\"https:\/\/nck.krakow.pl\/kcc\/krakowski-festiwal-tanca-2021\/wystawa-fotografii-klaudyny-schubert\/\" \/>\n<meta property=\"og:locale\" content=\"pl_PL\" \/>\n<meta property=\"og:type\" content=\"article\" \/>\n<meta property=\"og:title\" content=\"Wystawa fotografii Klaudyny Schubert - Krakowskie Centrum Choreograficzne\" \/>\n<meta property=\"og:description\" content=\"1-31 sierpnia \/ Rynek NCK 1 sierpnia 2021 r., godz. 18:00 &#8211; WERNISA\u017b \u201eDance until we are lost\u201d Jedn\u0105 z najwa\u017cniejszych funkcji fotografii jest utrwalanie ruchu. Taniec b\u0119d\u0105cy jego kwintesencj\u0105 i fotografia, kt\u00f3ra go niejako uniewa\u017cnia, wydaj\u0105 si\u0119 po\u0142\u0105czeniem sprzecznym. Jak najpe\u0142niej ukaza\u0107 ruch poprzez jego zatrzymanie? Fotografia ta\u0144ca coraz cz\u0119\u015bciej zawiera w sobie pr\u00f3by [&hellip;]\" \/>\n<meta property=\"og:url\" content=\"https:\/\/nck.krakow.pl\/kcc\/krakowski-festiwal-tanca-2021\/wystawa-fotografii-klaudyny-schubert\/\" \/>\n<meta property=\"og:site_name\" content=\"Krakowskie Centrum Choreograficzne\" \/>\n<meta property=\"article:modified_time\" content=\"2021-07-27T06:54:16+00:00\" \/>\n<meta property=\"og:image\" content=\"https:\/\/nck.krakow.pl\/kcc\/wp-content\/uploads\/2021\/07\/DSC5907_fot_klaudyna_schubert_2a-1024x683.jpg\" \/>\n<meta name=\"twitter:card\" content=\"summary_large_image\" \/>\n<meta name=\"twitter:label1\" content=\"Est. reading time\" \/>\n\t<meta name=\"twitter:data1\" content=\"1 minuta\" \/>\n<script type=\"application\/ld+json\" class=\"yoast-schema-graph\">{\"@context\":\"https:\/\/schema.org\",\"@graph\":[{\"@type\":\"WebPage\",\"@id\":\"https:\/\/nck.krakow.pl\/kcc\/krakowski-festiwal-tanca-2021\/wystawa-fotografii-klaudyny-schubert\/\",\"url\":\"https:\/\/nck.krakow.pl\/kcc\/krakowski-festiwal-tanca-2021\/wystawa-fotografii-klaudyny-schubert\/\",\"name\":\"Wystawa fotografii Klaudyny Schubert - Krakowskie Centrum Choreograficzne\",\"isPartOf\":{\"@id\":\"https:\/\/nck.krakow.pl\/kcc\/#website\"},\"datePublished\":\"2021-07-16T10:12:59+00:00\",\"dateModified\":\"2021-07-27T06:54:16+00:00\",\"breadcrumb\":{\"@id\":\"https:\/\/nck.krakow.pl\/kcc\/krakowski-festiwal-tanca-2021\/wystawa-fotografii-klaudyny-schubert\/#breadcrumb\"},\"inLanguage\":\"pl-PL\",\"potentialAction\":[{\"@type\":\"ReadAction\",\"target\":[\"https:\/\/nck.krakow.pl\/kcc\/krakowski-festiwal-tanca-2021\/wystawa-fotografii-klaudyny-schubert\/\"]}]},{\"@type\":\"BreadcrumbList\",\"@id\":\"https:\/\/nck.krakow.pl\/kcc\/krakowski-festiwal-tanca-2021\/wystawa-fotografii-klaudyny-schubert\/#breadcrumb\",\"itemListElement\":[{\"@type\":\"ListItem\",\"position\":1,\"name\":\"Strona g\u0142\u00f3wna\",\"item\":\"https:\/\/nck.krakow.pl\/kcc\/\"},{\"@type\":\"ListItem\",\"position\":2,\"name\":\"Krakowski Festiwal Ta\u0144ca 2021\",\"item\":\"https:\/\/nck.krakow.pl\/kcc\/krakowski-festiwal-tanca-2021\/\"},{\"@type\":\"ListItem\",\"position\":3,\"name\":\"Wystawa fotografii Klaudyny Schubert\"}]},{\"@type\":\"WebSite\",\"@id\":\"https:\/\/nck.krakow.pl\/kcc\/#website\",\"url\":\"https:\/\/nck.krakow.pl\/kcc\/\",\"name\":\"Krakowskie Centrum Choreograficzne\",\"description\":\"\",\"publisher\":{\"@id\":\"https:\/\/nck.krakow.pl\/kcc\/#organization\"},\"potentialAction\":[{\"@type\":\"SearchAction\",\"target\":{\"@type\":\"EntryPoint\",\"urlTemplate\":\"https:\/\/nck.krakow.pl\/kcc\/?s={search_term_string}\"},\"query-input\":\"required name=search_term_string\"}],\"inLanguage\":\"pl-PL\"},{\"@type\":\"Organization\",\"@id\":\"https:\/\/nck.krakow.pl\/kcc\/#organization\",\"name\":\"Krakowskie Centrum Choreograficzne\",\"url\":\"https:\/\/nck.krakow.pl\/kcc\/\",\"logo\":{\"@type\":\"ImageObject\",\"inLanguage\":\"pl-PL\",\"@id\":\"https:\/\/nck.krakow.pl\/kcc\/#\/schema\/logo\/image\/\",\"url\":\"https:\/\/nck.krakow.pl\/kcc\/wp-content\/uploads\/2020\/01\/cropped-logo-kcc-2020.png\",\"contentUrl\":\"https:\/\/nck.krakow.pl\/kcc\/wp-content\/uploads\/2020\/01\/cropped-logo-kcc-2020.png\",\"width\":116,\"height\":55,\"caption\":\"Krakowskie Centrum Choreograficzne\"},\"image\":{\"@id\":\"https:\/\/nck.krakow.pl\/kcc\/#\/schema\/logo\/image\/\"}}]}<\/script>\n<!-- \/ Yoast SEO plugin. -->","yoast_head_json":{"title":"Wystawa fotografii Klaudyny Schubert - Krakowskie Centrum Choreograficzne","robots":{"index":"index","follow":"follow","max-snippet":"max-snippet:-1","max-image-preview":"max-image-preview:large","max-video-preview":"max-video-preview:-1"},"canonical":"https:\/\/nck.krakow.pl\/kcc\/krakowski-festiwal-tanca-2021\/wystawa-fotografii-klaudyny-schubert\/","og_locale":"pl_PL","og_type":"article","og_title":"Wystawa fotografii Klaudyny Schubert - Krakowskie Centrum Choreograficzne","og_description":"1-31 sierpnia \/ Rynek NCK 1 sierpnia 2021 r., godz. 18:00 &#8211; WERNISA\u017b \u201eDance until we are lost\u201d Jedn\u0105 z najwa\u017cniejszych funkcji fotografii jest utrwalanie ruchu. Taniec b\u0119d\u0105cy jego kwintesencj\u0105 i fotografia, kt\u00f3ra go niejako uniewa\u017cnia, wydaj\u0105 si\u0119 po\u0142\u0105czeniem sprzecznym. Jak najpe\u0142niej ukaza\u0107 ruch poprzez jego zatrzymanie? Fotografia ta\u0144ca coraz cz\u0119\u015bciej zawiera w sobie pr\u00f3by [&hellip;]","og_url":"https:\/\/nck.krakow.pl\/kcc\/krakowski-festiwal-tanca-2021\/wystawa-fotografii-klaudyny-schubert\/","og_site_name":"Krakowskie Centrum Choreograficzne","article_modified_time":"2021-07-27T06:54:16+00:00","og_image":[{"url":"https:\/\/nck.krakow.pl\/kcc\/wp-content\/uploads\/2021\/07\/DSC5907_fot_klaudyna_schubert_2a-1024x683.jpg"}],"twitter_card":"summary_large_image","twitter_misc":{"Est. reading time":"1 minuta"},"schema":{"@context":"https:\/\/schema.org","@graph":[{"@type":"WebPage","@id":"https:\/\/nck.krakow.pl\/kcc\/krakowski-festiwal-tanca-2021\/wystawa-fotografii-klaudyny-schubert\/","url":"https:\/\/nck.krakow.pl\/kcc\/krakowski-festiwal-tanca-2021\/wystawa-fotografii-klaudyny-schubert\/","name":"Wystawa fotografii Klaudyny Schubert - Krakowskie Centrum Choreograficzne","isPartOf":{"@id":"https:\/\/nck.krakow.pl\/kcc\/#website"},"datePublished":"2021-07-16T10:12:59+00:00","dateModified":"2021-07-27T06:54:16+00:00","breadcrumb":{"@id":"https:\/\/nck.krakow.pl\/kcc\/krakowski-festiwal-tanca-2021\/wystawa-fotografii-klaudyny-schubert\/#breadcrumb"},"inLanguage":"pl-PL","potentialAction":[{"@type":"ReadAction","target":["https:\/\/nck.krakow.pl\/kcc\/krakowski-festiwal-tanca-2021\/wystawa-fotografii-klaudyny-schubert\/"]}]},{"@type":"BreadcrumbList","@id":"https:\/\/nck.krakow.pl\/kcc\/krakowski-festiwal-tanca-2021\/wystawa-fotografii-klaudyny-schubert\/#breadcrumb","itemListElement":[{"@type":"ListItem","position":1,"name":"Strona g\u0142\u00f3wna","item":"https:\/\/nck.krakow.pl\/kcc\/"},{"@type":"ListItem","position":2,"name":"Krakowski Festiwal Ta\u0144ca 2021","item":"https:\/\/nck.krakow.pl\/kcc\/krakowski-festiwal-tanca-2021\/"},{"@type":"ListItem","position":3,"name":"Wystawa fotografii Klaudyny Schubert"}]},{"@type":"WebSite","@id":"https:\/\/nck.krakow.pl\/kcc\/#website","url":"https:\/\/nck.krakow.pl\/kcc\/","name":"Krakowskie Centrum Choreograficzne","description":"","publisher":{"@id":"https:\/\/nck.krakow.pl\/kcc\/#organization"},"potentialAction":[{"@type":"SearchAction","target":{"@type":"EntryPoint","urlTemplate":"https:\/\/nck.krakow.pl\/kcc\/?s={search_term_string}"},"query-input":"required name=search_term_string"}],"inLanguage":"pl-PL"},{"@type":"Organization","@id":"https:\/\/nck.krakow.pl\/kcc\/#organization","name":"Krakowskie Centrum Choreograficzne","url":"https:\/\/nck.krakow.pl\/kcc\/","logo":{"@type":"ImageObject","inLanguage":"pl-PL","@id":"https:\/\/nck.krakow.pl\/kcc\/#\/schema\/logo\/image\/","url":"https:\/\/nck.krakow.pl\/kcc\/wp-content\/uploads\/2020\/01\/cropped-logo-kcc-2020.png","contentUrl":"https:\/\/nck.krakow.pl\/kcc\/wp-content\/uploads\/2020\/01\/cropped-logo-kcc-2020.png","width":116,"height":55,"caption":"Krakowskie Centrum Choreograficzne"},"image":{"@id":"https:\/\/nck.krakow.pl\/kcc\/#\/schema\/logo\/image\/"}}]}},"_links":{"self":[{"href":"https:\/\/nck.krakow.pl\/kcc\/wp-json\/wp\/v2\/pages\/5161"}],"collection":[{"href":"https:\/\/nck.krakow.pl\/kcc\/wp-json\/wp\/v2\/pages"}],"about":[{"href":"https:\/\/nck.krakow.pl\/kcc\/wp-json\/wp\/v2\/types\/page"}],"author":[{"embeddable":true,"href":"https:\/\/nck.krakow.pl\/kcc\/wp-json\/wp\/v2\/users\/1"}],"replies":[{"embeddable":true,"href":"https:\/\/nck.krakow.pl\/kcc\/wp-json\/wp\/v2\/comments?post=5161"}],"version-history":[{"count":4,"href":"https:\/\/nck.krakow.pl\/kcc\/wp-json\/wp\/v2\/pages\/5161\/revisions"}],"predecessor-version":[{"id":5368,"href":"https:\/\/nck.krakow.pl\/kcc\/wp-json\/wp\/v2\/pages\/5161\/revisions\/5368"}],"up":[{"embeddable":true,"href":"https:\/\/nck.krakow.pl\/kcc\/wp-json\/wp\/v2\/pages\/3723"}],"wp:attachment":[{"href":"https:\/\/nck.krakow.pl\/kcc\/wp-json\/wp\/v2\/media?parent=5161"}],"curies":[{"name":"wp","href":"https:\/\/api.w.org\/{rel}","templated":true}]}}