{"id":5070,"date":"2021-07-07T08:09:15","date_gmt":"2021-07-07T08:09:15","guid":{"rendered":"https:\/\/nck.krakow.pl\/kcc\/?page_id=5070"},"modified":"2021-07-20T08:27:57","modified_gmt":"2021-07-20T08:27:57","slug":"jak-zobaczyc-taniec-cykl-spotkan-online-z-joanna-lesnierowska","status":"publish","type":"page","link":"https:\/\/nck.krakow.pl\/kcc\/krakowski-festiwal-tanca-2021\/jak-zobaczyc-taniec-cykl-spotkan-online-z-joanna-lesnierowska\/","title":{"rendered":"JAK ZOBACZY\u0106 TANIEC? \u2013 cykl spotka\u0144 online z Joann\u0105 Le\u015bnierowsk\u0105"},"content":{"rendered":"\n<figure class=\"wp-block-image size-large\"><img loading=\"lazy\" decoding=\"async\" width=\"1024\" height=\"576\" src=\"https:\/\/nck.krakow.pl\/kcc\/wp-content\/uploads\/2021\/07\/Joanna-Lesnierowska-wydarzenie-FB-GRAFIKA-1024x576.png\" alt=\"\" class=\"wp-image-5072\" srcset=\"https:\/\/nck.krakow.pl\/kcc\/wp-content\/uploads\/2021\/07\/Joanna-Lesnierowska-wydarzenie-FB-GRAFIKA-1024x576.png 1024w, https:\/\/nck.krakow.pl\/kcc\/wp-content\/uploads\/2021\/07\/Joanna-Lesnierowska-wydarzenie-FB-GRAFIKA-300x169.png 300w, https:\/\/nck.krakow.pl\/kcc\/wp-content\/uploads\/2021\/07\/Joanna-Lesnierowska-wydarzenie-FB-GRAFIKA-768x432.png 768w, https:\/\/nck.krakow.pl\/kcc\/wp-content\/uploads\/2021\/07\/Joanna-Lesnierowska-wydarzenie-FB-GRAFIKA-1536x864.png 1536w, https:\/\/nck.krakow.pl\/kcc\/wp-content\/uploads\/2021\/07\/Joanna-Lesnierowska-wydarzenie-FB-GRAFIKA.png 1920w\" sizes=\"(max-width: 1024px) 100vw, 1024px\" \/><\/figure>\n\n\n\n<p>Zapraszamy do udzia\u0142u w serii spotka\u0144 online <em>JAK ZOBACZY\u0106 TANIEC?<\/em>, kt\u00f3re b\u0119d\u0105 prowadzone przez Joann\u0119 Le\u015bnierowsk\u0105 w ramach I edycji KRAKOWSKIEGO FESTIWALU TA\u0143CA.<\/p>\n\n\n\n<p>Je\u015bli nigdy nie by\u0142e\u015b\/a\u015b na spektaklu ta\u0144ca,<br>Je\u015bli zawsze chcia\u0142e\u015b\/a\u015b tego spr\u00f3bowa\u0107,<br>Je\u015bli czasem masz wra\u017cenie, \u017ce nie wiesz, z&nbsp;czym taniec si\u0119 je, i&nbsp;czy w&nbsp;og\u00f3le jest to jadalne,<br>Je\u015bli nie do ko\u0144ca jasno postrzegasz r\u00f3\u017cnic\u0119 mi\u0119dzy ta\u0144cem a&nbsp;choreografi\u0105,<br>Je\u015bli jeste\u015b tanecznym entuzjast\u0105 obecnym i\/ lub przysz\u0142ym i&nbsp;chcesz pog\u0142\u0119bi\u0107 swoj\u0105 wiedz\u0119,<br>Je\u015bli widzia\u0142e\u015b ju\u017c choreograficzne spektakle i&nbsp;z pewn\u0105 doz\u0105 nie\u015bmia\u0142o\u015bci, ale jednak chcesz si\u0119 im bli\u017cej przyjrze\u0107,<br>Je\u015bli w&nbsp;og\u00f3le boisz si\u0119 powr\u00f3ci\u0107 do ta\u0144ca, bo czujesz, \u017ce nie wszystko rozumiesz<br>lub \u017ce nie rozumiesz z&nbsp;niego nic,<br>Nie martw si\u0119, nie jeste\u015b sam.<\/p>\n\n\n\n<p><em>Dance is hard to see<\/em> \u2013 o\u015bwiadczy\u0142a ju\u017c w&nbsp;1966 roku, w&nbsp;samym punkcie kulminacyjnym tanecznej rewolucji post modern dance, jej pionierka \u2013 Yvonne Rainer (przy okazji \u015bwiadomie wykorzystuj\u0105c fakt, \u017ce angielskie <em>to see<\/em> oznacza zar\u00f3wno dostrze\u017cenie czego\u015b, jak i&nbsp;tego zrozumienie).<\/p>\n\n\n\n<p>W ramach serii spotka\u0144 poprzedzaj\u0105cych tegoroczny festiwal, Joanna Le\u015bnierowska zaprasza wszystkich do wsp\u00f3lnych \u0107wicze\u0144 w&nbsp;patrzeniu na taniec.<\/p>\n\n\n\n<p><strong>TERMINY SPOTKA\u0143 ONLINE:<br><\/strong>&#8211; 13 lipca 2021 godz. 19:00 (1,5h)<br>&#8211; 20 lipca 2021 godz. 19:00 (1,5h)<br>&#8211; 27 lipca 2021 godz. 19:00 (1,5h)<\/p>\n\n\n\n<p><strong>We wszystkich spotkaniach udzia\u0142 jest BEZP\u0141ATNY.<br><\/strong>W dniu ka\u017cdego spotkania w dyskusji wydarzenia na Fb zostanie podany link do zooma.<\/p>\n\n\n\n<p><strong><a href=\"https:\/\/www.facebook.com\/events\/884469175474145\">WYDARZENIE NA FB<\/a><\/strong><\/p>\n\n\n\n<div style=\"height:50px\" aria-hidden=\"true\" class=\"wp-block-spacer\"><\/div>\n\n\n\n<p><strong>13 lipca 2021 godz. 19:00 (1,5h)<br><\/strong>Podczas inauguruj\u0105cego spotkania zastanowimy si\u0119, jak dosz\u0142o do tego, \u017ce nie tylko bieganie i&nbsp;chodzenie jest ta\u0144cem, ale ka\u017cdy najmniejszy mo\u017cliwy do pomy\u015blenia gest. Us\u0142yszycie o&nbsp;tym, jak narodzi\u0142a si\u0119 wsp\u00f3\u0142czesna eksperymentalna choreografia, i jak umys\u0142 sta\u0142 si\u0119 mi\u0119\u015bniem, kt\u00f3ry mo\u017cna \u0107wiczy\u0107 \u2026 Patronk\u0105 tego spotkania b\u0119dzie m.in Yvonne Rainer: obejrzymy wsp\u00f3lnie jej kultow\u0105 choreografi\u0119 TRIO A, stanowi\u0105c\u0105 praktyczn\u0105 odpowiedz na jej r\u00f3wnie kultowy NO manifest wynosz\u0105cy cia\u0142o do rangi obiektu sztuki, na kt\u00f3ry warto patrze\u0107.<\/p>\n\n\n\n<p><strong>20 lipca 2021 godz. 19:00 (1,5h)<\/strong><br>Nast\u0119pnie podczas kolejnego spotkania pod\u0105\u017cymy za tanecznym superbohaterem \u2013 CIA\u0141EM \u2013 przedmiotem i&nbsp;podmiotem choreografii. Przyjrzymy si\u0119, jak arty\u015bci ta\u0144ca celebruj\u0105 je, a tak\u017ce jak dekonstruuj\u0105 \u2013 i&nbsp;to na naszych oczach! \u2013 jego obraz, kwestionuj\u0105c jednocze\u015bnie cielesn\u0105 to\u017csamo\u015b\u0107 i&nbsp;autonomi\u0119. Razem z kolejnym kultowym spektaklem \u2013 fragmentami&nbsp; <em>Self Unfinished<\/em> Xaviera Le Roy &#8211; spojrzymy na cia\u0142o jak na krajobraz w&nbsp;nieustannej przemianie, ujrzymy je jako obiekt i&nbsp;jako proces. I zapytamy tak\u017ce, czy dla samej choreografii cia\u0142o jest w og\u00f3le warunkiem koniecznym?<\/p>\n\n\n\n<p><strong>27 lipca 2021 godz. 19:00 (1,5h)<br><\/strong>Na trzecim spotkaniu porozmawiamy z kolei o mo\u017cliwych sposobach postrzegania cia\u0142a w ruchu i strategiach patrzenia\/rozumienia choreografii. Czy taniec w og\u00f3le mo\u017cna zrozumie\u0107 (w tradycyjnym tego s\u0142owa znaczeniu)? Czy mo\u017cna i czy warto go poddawa\u0107 (jednoznacznej) interpretacji?&nbsp; Jak zdefiniowa\u0107 dzi\u015b choreografie, skoro tak bardzo i uparcie wymyka si\u0119 ona swemu tradycyjnemu rozumieniu? Oraz, jak o ta\u0144cu rozmawia\u0107 w og\u00f3le? Nastroimy si\u0119 tym samym na nadchodz\u0105cy festiwal, kt\u00f3ry pozwoli nam nie tylko z choreografi\u0105 obcowa\u0107, ale tak\u017ce o niej du\u017co my\u015ble\u0107 i m\u00f3wi\u0107&nbsp;&nbsp; podczas spotka\u0144 we foyer, a tak\u017ce bezpo\u015brednio w kontakcie z artystami\u2026. Jak wi\u0119c rozmawia\u0107 z tw\u00f3rcami o ich w\u0142asnej sztuce? Nastroimy si\u0119 na tak\u017ce na takie wyzwanie inspiruj\u0105c si\u0119 podpowiedziami z szerokiego pola praktyki tzw. feedbacku.<\/p>\n\n\n\n<div style=\"height:30px\" aria-hidden=\"true\" class=\"wp-block-spacer\"><\/div>\n\n\n\n<p>O prowadz\u0105cej :<\/p>\n\n\n\n<p><strong>Joanna Le\u015bnierowska<\/strong><\/p>\n\n\n\n<p>Od 2003 roku, r\u00f3wnolegle do swej pracy kuratorskiej dla Art Stations Foundation, rozwija niezale\u017cn\u0105 praktyk\u0119 jako choreograf i dramaturg oraz re\u017cyser \u015bwiat\u0142a zar\u00f3wno w projektach w\u0142asnych, jak i innych artyst\u00f3w. Absolwentka teatrologii Uniwersytetu Jagiello\u0144skiego, by\u0142a jedn\u0105 z pierwszych os\u00f3b profesjonalnie pisz\u0105cych o wsp\u00f3\u0142czesnym ta\u0144cu i choreografii. Publikowa\u0142a w czo\u0142owych polskich czasopismach teatralnych (\u201eDidaskalia\u201d, \u201eTeatr\u201d), a tak\u017ce poza Polsk\u0105. Wyk\u0142ada\u0142a tak\u017ce go\u015bcinnie w uniwersytetach w Poznaniu i Krakowie. W latach 2004-2020, w ramach fundacji Art Stations, stworzy\u0142a i prowadzi\u0142a pierwszy w Polsce program rozwoju choreografii Stary Browar Nowy Taniec (www.artstationsfoundation5050.com). W jego ramach prezentowa\u0142a najciekawsze zjawiska wsp\u00f3\u0142czesnej choreografii jednocze\u015bnie nieprzerwanie wspieraj\u0105c rozw\u00f3j polskich artyst\u00f3w ta\u0144ca.<\/p>\n\n\n\n<p>W latach 2003-2009 Joanna wsp\u00f3\u0142tworzy\u0142a Towarzystwo Gimnastyczne (kolektyw i stowarzyszenie), w ramach kt\u00f3rego powsta\u0142y 3 spektakle : \u201eWhatever you wish\u201d (2003) \u201eObcoj\u0119zyczno\u015b\u0107\u201d (2005) i \u201enic\u201d (2007). Jako dramaturg, re\u017cyser \u015bwiat\u0142a i\/lub performer wsp\u00f3\u0142pracowa\u0142a m.in. z Arkadim Zaidesem, Li\u0105 Haraki, Mart\u0105 Ladj\u00e1nszki, Jurijem Konjarem, Renat\u0105 Piotrowsk\u0105-Auffret i Mari\u0105 Stok\u0142os\u0105. W 2011 roku stworzy\u0142a sw\u00f3j pierwszy w pe\u0142ni autorski spektakl (\u201erekonstrukcja\u201d). Premiera trio \u201e&#8230; (rooms by the sea)\u201d w 2014 roku zapocz\u0105tkowa\u0142a d\u0142ugofalow\u0105 praktyk\u0119 pracy z obrazami ( \u201e\u0106wiczenia w patrzeniu\u201d). W 20015\/2016 Joanna zainicjowa\u0142a i poprowadzi\u0142a Projekt Yanka Rudzka, kt\u00f3ry po\u0142\u0105czy\u0142 tancerzy polskich i brazylijskich w tw\u00f3rczym dialogu inspirowanym niestylizowanymi ta\u0144cami tradycyjnymi obu kraj\u00f3w (spektakl \u201eZaczyn\u201d). W 2018 roku odby\u0142a si\u0119 druga edycja projektu rozszerzona o artyst\u00f3w z Gruzji i Armenii (spektakl \u201eWielog\u0142os\u201d). Od 15 lat Joanna wsp\u00f3\u0142pracuje tak\u017ce regularnie na wielu poziomach z choreografem Januszem Orlikiem. Ich wsp\u00f3lne prace choreograficzne obejmuj\u0105 m.in. spektakle w ramach Projektu Yanka Rudzka oraz sola INSIGHT (nagroda za najlepsz\u0105 choreografi\u0119 Polskiej Platformy Ta\u0144ca 2014) oraz \u201eKODA. A tribute.\u201d (2019)<\/p>\n\n\n\n<p>Wi\u0119cej o Joannie: <br><a href=\"https:\/\/choreografiawsieci.pl\/joanna-lesnierowska\/\" target=\"_blank\" rel=\"noreferrer noopener\">https:\/\/choreografiawsieci.pl\/joanna-lesnierowska\/<\/a><\/p>\n","protected":false},"excerpt":{"rendered":"<p>Zapraszamy do udzia\u0142u w serii spotka\u0144 online JAK ZOBACZY\u0106 TANIEC?, kt\u00f3re b\u0119d\u0105 prowadzone przez Joann\u0119 Le\u015bnierowsk\u0105 w ramach I edycji KRAKOWSKIEGO FESTIWALU TA\u0143CA. Je\u015bli nigdy nie by\u0142e\u015b\/a\u015b na spektaklu ta\u0144ca,Je\u015bli zawsze chcia\u0142e\u015b\/a\u015b tego spr\u00f3bowa\u0107,Je\u015bli czasem masz wra\u017cenie, \u017ce nie wiesz, z&nbsp;czym taniec si\u0119 je, i&nbsp;czy w&nbsp;og\u00f3le jest to jadalne,Je\u015bli nie do ko\u0144ca jasno postrzegasz r\u00f3\u017cnic\u0119 [&hellip;]<\/p>\n","protected":false},"author":5,"featured_media":5072,"parent":3723,"menu_order":0,"comment_status":"closed","ping_status":"closed","template":"","meta":{"footnotes":""},"class_list":["post-5070","page","type-page","status-publish","has-post-thumbnail","hentry"],"yoast_head":"<!-- This site is optimized with the Yoast SEO plugin v19.12 - https:\/\/yoast.com\/wordpress\/plugins\/seo\/ -->\n<title>JAK ZOBACZY\u0106 TANIEC? \u2013 cykl spotka\u0144 online z Joann\u0105 Le\u015bnierowsk\u0105 - Krakowskie Centrum Choreograficzne<\/title>\n<meta name=\"robots\" content=\"index, follow, max-snippet:-1, max-image-preview:large, max-video-preview:-1\" \/>\n<link rel=\"canonical\" href=\"https:\/\/nck.krakow.pl\/kcc\/krakowski-festiwal-tanca-2021\/jak-zobaczyc-taniec-cykl-spotkan-online-z-joanna-lesnierowska\/\" \/>\n<meta property=\"og:locale\" content=\"pl_PL\" \/>\n<meta property=\"og:type\" content=\"article\" \/>\n<meta property=\"og:title\" content=\"JAK ZOBACZY\u0106 TANIEC? \u2013 cykl spotka\u0144 online z Joann\u0105 Le\u015bnierowsk\u0105 - Krakowskie Centrum Choreograficzne\" \/>\n<meta property=\"og:description\" content=\"Zapraszamy do udzia\u0142u w serii spotka\u0144 online JAK ZOBACZY\u0106 TANIEC?, kt\u00f3re b\u0119d\u0105 prowadzone przez Joann\u0119 Le\u015bnierowsk\u0105 w ramach I edycji KRAKOWSKIEGO FESTIWALU TA\u0143CA. Je\u015bli nigdy nie by\u0142e\u015b\/a\u015b na spektaklu ta\u0144ca,Je\u015bli zawsze chcia\u0142e\u015b\/a\u015b tego spr\u00f3bowa\u0107,Je\u015bli czasem masz wra\u017cenie, \u017ce nie wiesz, z&nbsp;czym taniec si\u0119 je, i&nbsp;czy w&nbsp;og\u00f3le jest to jadalne,Je\u015bli nie do ko\u0144ca jasno postrzegasz r\u00f3\u017cnic\u0119 [&hellip;]\" \/>\n<meta property=\"og:url\" content=\"https:\/\/nck.krakow.pl\/kcc\/krakowski-festiwal-tanca-2021\/jak-zobaczyc-taniec-cykl-spotkan-online-z-joanna-lesnierowska\/\" \/>\n<meta property=\"og:site_name\" content=\"Krakowskie Centrum Choreograficzne\" \/>\n<meta property=\"article:modified_time\" content=\"2021-07-20T08:27:57+00:00\" \/>\n<meta property=\"og:image\" content=\"https:\/\/nck.krakow.pl\/kcc\/wp-content\/uploads\/2021\/07\/Joanna-Lesnierowska-wydarzenie-FB-GRAFIKA.png\" \/>\n\t<meta property=\"og:image:width\" content=\"1920\" \/>\n\t<meta property=\"og:image:height\" content=\"1080\" \/>\n\t<meta property=\"og:image:type\" content=\"image\/png\" \/>\n<meta name=\"twitter:card\" content=\"summary_large_image\" \/>\n<meta name=\"twitter:label1\" content=\"Est. reading time\" \/>\n\t<meta name=\"twitter:data1\" content=\"5 minut\" \/>\n<script type=\"application\/ld+json\" class=\"yoast-schema-graph\">{\"@context\":\"https:\/\/schema.org\",\"@graph\":[{\"@type\":\"WebPage\",\"@id\":\"https:\/\/nck.krakow.pl\/kcc\/krakowski-festiwal-tanca-2021\/jak-zobaczyc-taniec-cykl-spotkan-online-z-joanna-lesnierowska\/\",\"url\":\"https:\/\/nck.krakow.pl\/kcc\/krakowski-festiwal-tanca-2021\/jak-zobaczyc-taniec-cykl-spotkan-online-z-joanna-lesnierowska\/\",\"name\":\"JAK ZOBACZY\u0106 TANIEC? \u2013 cykl spotka\u0144 online z Joann\u0105 Le\u015bnierowsk\u0105 - Krakowskie Centrum Choreograficzne\",\"isPartOf\":{\"@id\":\"https:\/\/nck.krakow.pl\/kcc\/#website\"},\"datePublished\":\"2021-07-07T08:09:15+00:00\",\"dateModified\":\"2021-07-20T08:27:57+00:00\",\"breadcrumb\":{\"@id\":\"https:\/\/nck.krakow.pl\/kcc\/krakowski-festiwal-tanca-2021\/jak-zobaczyc-taniec-cykl-spotkan-online-z-joanna-lesnierowska\/#breadcrumb\"},\"inLanguage\":\"pl-PL\",\"potentialAction\":[{\"@type\":\"ReadAction\",\"target\":[\"https:\/\/nck.krakow.pl\/kcc\/krakowski-festiwal-tanca-2021\/jak-zobaczyc-taniec-cykl-spotkan-online-z-joanna-lesnierowska\/\"]}]},{\"@type\":\"BreadcrumbList\",\"@id\":\"https:\/\/nck.krakow.pl\/kcc\/krakowski-festiwal-tanca-2021\/jak-zobaczyc-taniec-cykl-spotkan-online-z-joanna-lesnierowska\/#breadcrumb\",\"itemListElement\":[{\"@type\":\"ListItem\",\"position\":1,\"name\":\"Strona g\u0142\u00f3wna\",\"item\":\"https:\/\/nck.krakow.pl\/kcc\/\"},{\"@type\":\"ListItem\",\"position\":2,\"name\":\"Krakowski Festiwal Ta\u0144ca 2021\",\"item\":\"https:\/\/nck.krakow.pl\/kcc\/krakowski-festiwal-tanca-2021\/\"},{\"@type\":\"ListItem\",\"position\":3,\"name\":\"JAK ZOBACZY\u0106 TANIEC? \u2013 cykl spotka\u0144 online z Joann\u0105 Le\u015bnierowsk\u0105\"}]},{\"@type\":\"WebSite\",\"@id\":\"https:\/\/nck.krakow.pl\/kcc\/#website\",\"url\":\"https:\/\/nck.krakow.pl\/kcc\/\",\"name\":\"Krakowskie Centrum Choreograficzne\",\"description\":\"\",\"publisher\":{\"@id\":\"https:\/\/nck.krakow.pl\/kcc\/#organization\"},\"potentialAction\":[{\"@type\":\"SearchAction\",\"target\":{\"@type\":\"EntryPoint\",\"urlTemplate\":\"https:\/\/nck.krakow.pl\/kcc\/?s={search_term_string}\"},\"query-input\":\"required name=search_term_string\"}],\"inLanguage\":\"pl-PL\"},{\"@type\":\"Organization\",\"@id\":\"https:\/\/nck.krakow.pl\/kcc\/#organization\",\"name\":\"Krakowskie Centrum Choreograficzne\",\"url\":\"https:\/\/nck.krakow.pl\/kcc\/\",\"logo\":{\"@type\":\"ImageObject\",\"inLanguage\":\"pl-PL\",\"@id\":\"https:\/\/nck.krakow.pl\/kcc\/#\/schema\/logo\/image\/\",\"url\":\"https:\/\/nck.krakow.pl\/kcc\/wp-content\/uploads\/2020\/01\/cropped-logo-kcc-2020.png\",\"contentUrl\":\"https:\/\/nck.krakow.pl\/kcc\/wp-content\/uploads\/2020\/01\/cropped-logo-kcc-2020.png\",\"width\":116,\"height\":55,\"caption\":\"Krakowskie Centrum Choreograficzne\"},\"image\":{\"@id\":\"https:\/\/nck.krakow.pl\/kcc\/#\/schema\/logo\/image\/\"}}]}<\/script>\n<!-- \/ Yoast SEO plugin. -->","yoast_head_json":{"title":"JAK ZOBACZY\u0106 TANIEC? \u2013 cykl spotka\u0144 online z Joann\u0105 Le\u015bnierowsk\u0105 - Krakowskie Centrum Choreograficzne","robots":{"index":"index","follow":"follow","max-snippet":"max-snippet:-1","max-image-preview":"max-image-preview:large","max-video-preview":"max-video-preview:-1"},"canonical":"https:\/\/nck.krakow.pl\/kcc\/krakowski-festiwal-tanca-2021\/jak-zobaczyc-taniec-cykl-spotkan-online-z-joanna-lesnierowska\/","og_locale":"pl_PL","og_type":"article","og_title":"JAK ZOBACZY\u0106 TANIEC? \u2013 cykl spotka\u0144 online z Joann\u0105 Le\u015bnierowsk\u0105 - Krakowskie Centrum Choreograficzne","og_description":"Zapraszamy do udzia\u0142u w serii spotka\u0144 online JAK ZOBACZY\u0106 TANIEC?, kt\u00f3re b\u0119d\u0105 prowadzone przez Joann\u0119 Le\u015bnierowsk\u0105 w ramach I edycji KRAKOWSKIEGO FESTIWALU TA\u0143CA. Je\u015bli nigdy nie by\u0142e\u015b\/a\u015b na spektaklu ta\u0144ca,Je\u015bli zawsze chcia\u0142e\u015b\/a\u015b tego spr\u00f3bowa\u0107,Je\u015bli czasem masz wra\u017cenie, \u017ce nie wiesz, z&nbsp;czym taniec si\u0119 je, i&nbsp;czy w&nbsp;og\u00f3le jest to jadalne,Je\u015bli nie do ko\u0144ca jasno postrzegasz r\u00f3\u017cnic\u0119 [&hellip;]","og_url":"https:\/\/nck.krakow.pl\/kcc\/krakowski-festiwal-tanca-2021\/jak-zobaczyc-taniec-cykl-spotkan-online-z-joanna-lesnierowska\/","og_site_name":"Krakowskie Centrum Choreograficzne","article_modified_time":"2021-07-20T08:27:57+00:00","og_image":[{"width":1920,"height":1080,"url":"https:\/\/nck.krakow.pl\/kcc\/wp-content\/uploads\/2021\/07\/Joanna-Lesnierowska-wydarzenie-FB-GRAFIKA.png","type":"image\/png"}],"twitter_card":"summary_large_image","twitter_misc":{"Est. reading time":"5 minut"},"schema":{"@context":"https:\/\/schema.org","@graph":[{"@type":"WebPage","@id":"https:\/\/nck.krakow.pl\/kcc\/krakowski-festiwal-tanca-2021\/jak-zobaczyc-taniec-cykl-spotkan-online-z-joanna-lesnierowska\/","url":"https:\/\/nck.krakow.pl\/kcc\/krakowski-festiwal-tanca-2021\/jak-zobaczyc-taniec-cykl-spotkan-online-z-joanna-lesnierowska\/","name":"JAK ZOBACZY\u0106 TANIEC? \u2013 cykl spotka\u0144 online z Joann\u0105 Le\u015bnierowsk\u0105 - Krakowskie Centrum Choreograficzne","isPartOf":{"@id":"https:\/\/nck.krakow.pl\/kcc\/#website"},"datePublished":"2021-07-07T08:09:15+00:00","dateModified":"2021-07-20T08:27:57+00:00","breadcrumb":{"@id":"https:\/\/nck.krakow.pl\/kcc\/krakowski-festiwal-tanca-2021\/jak-zobaczyc-taniec-cykl-spotkan-online-z-joanna-lesnierowska\/#breadcrumb"},"inLanguage":"pl-PL","potentialAction":[{"@type":"ReadAction","target":["https:\/\/nck.krakow.pl\/kcc\/krakowski-festiwal-tanca-2021\/jak-zobaczyc-taniec-cykl-spotkan-online-z-joanna-lesnierowska\/"]}]},{"@type":"BreadcrumbList","@id":"https:\/\/nck.krakow.pl\/kcc\/krakowski-festiwal-tanca-2021\/jak-zobaczyc-taniec-cykl-spotkan-online-z-joanna-lesnierowska\/#breadcrumb","itemListElement":[{"@type":"ListItem","position":1,"name":"Strona g\u0142\u00f3wna","item":"https:\/\/nck.krakow.pl\/kcc\/"},{"@type":"ListItem","position":2,"name":"Krakowski Festiwal Ta\u0144ca 2021","item":"https:\/\/nck.krakow.pl\/kcc\/krakowski-festiwal-tanca-2021\/"},{"@type":"ListItem","position":3,"name":"JAK ZOBACZY\u0106 TANIEC? \u2013 cykl spotka\u0144 online z Joann\u0105 Le\u015bnierowsk\u0105"}]},{"@type":"WebSite","@id":"https:\/\/nck.krakow.pl\/kcc\/#website","url":"https:\/\/nck.krakow.pl\/kcc\/","name":"Krakowskie Centrum Choreograficzne","description":"","publisher":{"@id":"https:\/\/nck.krakow.pl\/kcc\/#organization"},"potentialAction":[{"@type":"SearchAction","target":{"@type":"EntryPoint","urlTemplate":"https:\/\/nck.krakow.pl\/kcc\/?s={search_term_string}"},"query-input":"required name=search_term_string"}],"inLanguage":"pl-PL"},{"@type":"Organization","@id":"https:\/\/nck.krakow.pl\/kcc\/#organization","name":"Krakowskie Centrum Choreograficzne","url":"https:\/\/nck.krakow.pl\/kcc\/","logo":{"@type":"ImageObject","inLanguage":"pl-PL","@id":"https:\/\/nck.krakow.pl\/kcc\/#\/schema\/logo\/image\/","url":"https:\/\/nck.krakow.pl\/kcc\/wp-content\/uploads\/2020\/01\/cropped-logo-kcc-2020.png","contentUrl":"https:\/\/nck.krakow.pl\/kcc\/wp-content\/uploads\/2020\/01\/cropped-logo-kcc-2020.png","width":116,"height":55,"caption":"Krakowskie Centrum Choreograficzne"},"image":{"@id":"https:\/\/nck.krakow.pl\/kcc\/#\/schema\/logo\/image\/"}}]}},"_links":{"self":[{"href":"https:\/\/nck.krakow.pl\/kcc\/wp-json\/wp\/v2\/pages\/5070"}],"collection":[{"href":"https:\/\/nck.krakow.pl\/kcc\/wp-json\/wp\/v2\/pages"}],"about":[{"href":"https:\/\/nck.krakow.pl\/kcc\/wp-json\/wp\/v2\/types\/page"}],"author":[{"embeddable":true,"href":"https:\/\/nck.krakow.pl\/kcc\/wp-json\/wp\/v2\/users\/5"}],"replies":[{"embeddable":true,"href":"https:\/\/nck.krakow.pl\/kcc\/wp-json\/wp\/v2\/comments?post=5070"}],"version-history":[{"count":2,"href":"https:\/\/nck.krakow.pl\/kcc\/wp-json\/wp\/v2\/pages\/5070\/revisions"}],"predecessor-version":[{"id":5074,"href":"https:\/\/nck.krakow.pl\/kcc\/wp-json\/wp\/v2\/pages\/5070\/revisions\/5074"}],"up":[{"embeddable":true,"href":"https:\/\/nck.krakow.pl\/kcc\/wp-json\/wp\/v2\/pages\/3723"}],"wp:featuredmedia":[{"embeddable":true,"href":"https:\/\/nck.krakow.pl\/kcc\/wp-json\/wp\/v2\/media\/5072"}],"wp:attachment":[{"href":"https:\/\/nck.krakow.pl\/kcc\/wp-json\/wp\/v2\/media?parent=5070"}],"curies":[{"name":"wp","href":"https:\/\/api.w.org\/{rel}","templated":true}]}}