{"id":5053,"date":"2021-06-29T10:12:42","date_gmt":"2021-06-29T10:12:42","guid":{"rendered":"https:\/\/nck.krakow.pl\/kcc\/?page_id=5053"},"modified":"2022-05-25T13:12:23","modified_gmt":"2022-05-25T13:12:23","slug":"wydarzenia-towarzyszace","status":"publish","type":"page","link":"https:\/\/nck.krakow.pl\/kcc\/krakowski-festiwal-tanca-2021\/wydarzenia-towarzyszace\/","title":{"rendered":"wydarzenia towarzysz\u0105ce"},"content":{"rendered":"\n<p><strong>13, 20, 27 lipca 2021<\/strong> <a href=\"https:\/\/nck.krakow.pl\/kcc\/krakowski-festiwal-tanca-2021\/jak-zobaczyc-taniec-cykl-spotkan-online-z-joanna-lesnierowska\/\">Spotkania online z Joann\u0105 Le\u015bnierowsk\u0105 \u201eJak zobaczy\u0107 taniec\u201d<\/a><\/p>\n\n\n\n<p><strong>1-31 sierpnia 2021<\/strong> <a href=\"https:\/\/nck.krakow.pl\/kcc\/krakowski-festiwal-tanca-2021\/wystawa-fotografii-klaudyny-schubert\/\">Wystawa fotografii Klaudyny Schubert<\/a> \/ Rynek NCK<\/p>\n\n\n\n<p><strong>9-15 sierpnia 2021<\/strong> <a href=\"https:\/\/nck.krakow.pl\/kcc\/krakowski-festiwal-tanca-2021\/rozmowy-pospektaklowe\/\">wieczorne rozmowy pospektaklowe<\/a><\/p>\n\n\n\n<p><strong>9-15 sierpnia 2021<\/strong> Warsztaty ta\u0144ca wsp\u00f3\u0142czesnego dla os\u00f3b pocz\u0105tkuj\u0105cych i zaawansowanych, Gaga People oraz Dancers, warsztaty Ruchome \u015blady dla opiekun\u00f3w z dzie\u0107mi w wieku 5-7 lat, szczeg\u00f3\u0142y:<a href=\"https:\/\/nck.krakow.pl\/kcc\/blog\/warsztaty-w-ramach-krakowskiego-festiwalu-tanca\/\"> <\/a><a href=\"https:\/\/nck.krakow.pl\/kcc\/krakowski-festiwal-tanca-2021\/warsztaty\/\">https:\/\/nck.krakow.pl\/kcc\/krakowski-festiwal-tanca-2021\/warsztaty\/<\/a><\/p>\n\n\n\n<div style=\"height:100px\" aria-hidden=\"true\" class=\"wp-block-spacer\"><\/div>\n\n\n\n<p>Dofinansowano ze \u015brodk\u00f3w Ministra Kultury, Dziedzictwa Narodowego i Sportu pochodz\u0105cych z Funduszu Promocji Kultury &#8211; pa\u0144stwowego funduszu celowego, w ramach programu \u201eTaniec\u201d, realizowanego przez Narodowy Instytut Muzyki i Ta\u0144ca.<\/p>\n\n\n\n<figure class=\"wp-block-image size-large\"><img loading=\"lazy\" decoding=\"async\" width=\"1024\" height=\"373\" src=\"https:\/\/nck.krakow.pl\/kcc\/wp-content\/uploads\/2021\/07\/logotypy-1024x373.png\" alt=\"\" class=\"wp-image-5138\" srcset=\"https:\/\/nck.krakow.pl\/kcc\/wp-content\/uploads\/2021\/07\/logotypy-1024x373.png 1024w, https:\/\/nck.krakow.pl\/kcc\/wp-content\/uploads\/2021\/07\/logotypy-300x109.png 300w, https:\/\/nck.krakow.pl\/kcc\/wp-content\/uploads\/2021\/07\/logotypy-768x280.png 768w, https:\/\/nck.krakow.pl\/kcc\/wp-content\/uploads\/2021\/07\/logotypy-1536x560.png 1536w, https:\/\/nck.krakow.pl\/kcc\/wp-content\/uploads\/2021\/07\/logotypy.png 1920w\" sizes=\"(max-width: 1024px) 100vw, 1024px\" \/><\/figure>\n","protected":false},"excerpt":{"rendered":"<p>13, 20, 27 lipca 2021 Spotkania online z Joann\u0105 Le\u015bnierowsk\u0105 \u201eJak zobaczy\u0107 taniec\u201d 1-31 sierpnia 2021 Wystawa fotografii Klaudyny Schubert \/ Rynek NCK 9-15 sierpnia 2021 wieczorne rozmowy pospektaklowe 9-15 sierpnia 2021 Warsztaty ta\u0144ca wsp\u00f3\u0142czesnego dla os\u00f3b pocz\u0105tkuj\u0105cych i zaawansowanych, Gaga People oraz Dancers, warsztaty Ruchome \u015blady dla opiekun\u00f3w z dzie\u0107mi w wieku 5-7 lat, [&hellip;]<\/p>\n","protected":false},"author":5,"featured_media":0,"parent":3723,"menu_order":0,"comment_status":"closed","ping_status":"closed","template":"","meta":{"footnotes":""},"class_list":["post-5053","page","type-page","status-publish","hentry"],"yoast_head":"<!-- This site is optimized with the Yoast SEO plugin v19.12 - https:\/\/yoast.com\/wordpress\/plugins\/seo\/ -->\n<title>wydarzenia towarzysz\u0105ce - Krakowskie Centrum Choreograficzne<\/title>\n<meta name=\"robots\" content=\"index, follow, max-snippet:-1, max-image-preview:large, max-video-preview:-1\" \/>\n<link rel=\"canonical\" href=\"https:\/\/nck.krakow.pl\/kcc\/krakowski-festiwal-tanca-2021\/wydarzenia-towarzyszace\/\" \/>\n<meta property=\"og:locale\" content=\"pl_PL\" \/>\n<meta property=\"og:type\" content=\"article\" \/>\n<meta property=\"og:title\" content=\"wydarzenia towarzysz\u0105ce - Krakowskie Centrum Choreograficzne\" \/>\n<meta property=\"og:description\" content=\"13, 20, 27 lipca 2021 Spotkania online z Joann\u0105 Le\u015bnierowsk\u0105 \u201eJak zobaczy\u0107 taniec\u201d 1-31 sierpnia 2021 Wystawa fotografii Klaudyny Schubert \/ Rynek NCK 9-15 sierpnia 2021 wieczorne rozmowy pospektaklowe 9-15 sierpnia 2021 Warsztaty ta\u0144ca wsp\u00f3\u0142czesnego dla os\u00f3b pocz\u0105tkuj\u0105cych i zaawansowanych, Gaga People oraz Dancers, warsztaty Ruchome \u015blady dla opiekun\u00f3w z dzie\u0107mi w wieku 5-7 lat, [&hellip;]\" \/>\n<meta property=\"og:url\" content=\"https:\/\/nck.krakow.pl\/kcc\/krakowski-festiwal-tanca-2021\/wydarzenia-towarzyszace\/\" \/>\n<meta property=\"og:site_name\" content=\"Krakowskie Centrum Choreograficzne\" \/>\n<meta property=\"article:modified_time\" content=\"2022-05-25T13:12:23+00:00\" \/>\n<meta property=\"og:image\" content=\"https:\/\/nck.krakow.pl\/kcc\/wp-content\/uploads\/2021\/07\/logotypy-1024x373.png\" \/>\n<meta name=\"twitter:card\" content=\"summary_large_image\" \/>\n<script type=\"application\/ld+json\" class=\"yoast-schema-graph\">{\"@context\":\"https:\/\/schema.org\",\"@graph\":[{\"@type\":\"WebPage\",\"@id\":\"https:\/\/nck.krakow.pl\/kcc\/krakowski-festiwal-tanca-2021\/wydarzenia-towarzyszace\/\",\"url\":\"https:\/\/nck.krakow.pl\/kcc\/krakowski-festiwal-tanca-2021\/wydarzenia-towarzyszace\/\",\"name\":\"wydarzenia towarzysz\u0105ce - Krakowskie Centrum Choreograficzne\",\"isPartOf\":{\"@id\":\"https:\/\/nck.krakow.pl\/kcc\/#website\"},\"datePublished\":\"2021-06-29T10:12:42+00:00\",\"dateModified\":\"2022-05-25T13:12:23+00:00\",\"breadcrumb\":{\"@id\":\"https:\/\/nck.krakow.pl\/kcc\/krakowski-festiwal-tanca-2021\/wydarzenia-towarzyszace\/#breadcrumb\"},\"inLanguage\":\"pl-PL\",\"potentialAction\":[{\"@type\":\"ReadAction\",\"target\":[\"https:\/\/nck.krakow.pl\/kcc\/krakowski-festiwal-tanca-2021\/wydarzenia-towarzyszace\/\"]}]},{\"@type\":\"BreadcrumbList\",\"@id\":\"https:\/\/nck.krakow.pl\/kcc\/krakowski-festiwal-tanca-2021\/wydarzenia-towarzyszace\/#breadcrumb\",\"itemListElement\":[{\"@type\":\"ListItem\",\"position\":1,\"name\":\"Strona g\u0142\u00f3wna\",\"item\":\"https:\/\/nck.krakow.pl\/kcc\/\"},{\"@type\":\"ListItem\",\"position\":2,\"name\":\"Krakowski Festiwal Ta\u0144ca 2021\",\"item\":\"https:\/\/nck.krakow.pl\/kcc\/krakowski-festiwal-tanca-2021\/\"},{\"@type\":\"ListItem\",\"position\":3,\"name\":\"wydarzenia towarzysz\u0105ce\"}]},{\"@type\":\"WebSite\",\"@id\":\"https:\/\/nck.krakow.pl\/kcc\/#website\",\"url\":\"https:\/\/nck.krakow.pl\/kcc\/\",\"name\":\"Krakowskie Centrum Choreograficzne\",\"description\":\"\",\"publisher\":{\"@id\":\"https:\/\/nck.krakow.pl\/kcc\/#organization\"},\"potentialAction\":[{\"@type\":\"SearchAction\",\"target\":{\"@type\":\"EntryPoint\",\"urlTemplate\":\"https:\/\/nck.krakow.pl\/kcc\/?s={search_term_string}\"},\"query-input\":\"required name=search_term_string\"}],\"inLanguage\":\"pl-PL\"},{\"@type\":\"Organization\",\"@id\":\"https:\/\/nck.krakow.pl\/kcc\/#organization\",\"name\":\"Krakowskie Centrum Choreograficzne\",\"url\":\"https:\/\/nck.krakow.pl\/kcc\/\",\"logo\":{\"@type\":\"ImageObject\",\"inLanguage\":\"pl-PL\",\"@id\":\"https:\/\/nck.krakow.pl\/kcc\/#\/schema\/logo\/image\/\",\"url\":\"https:\/\/nck.krakow.pl\/kcc\/wp-content\/uploads\/2020\/01\/cropped-logo-kcc-2020.png\",\"contentUrl\":\"https:\/\/nck.krakow.pl\/kcc\/wp-content\/uploads\/2020\/01\/cropped-logo-kcc-2020.png\",\"width\":116,\"height\":55,\"caption\":\"Krakowskie Centrum Choreograficzne\"},\"image\":{\"@id\":\"https:\/\/nck.krakow.pl\/kcc\/#\/schema\/logo\/image\/\"}}]}<\/script>\n<!-- \/ Yoast SEO plugin. -->","yoast_head_json":{"title":"wydarzenia towarzysz\u0105ce - Krakowskie Centrum Choreograficzne","robots":{"index":"index","follow":"follow","max-snippet":"max-snippet:-1","max-image-preview":"max-image-preview:large","max-video-preview":"max-video-preview:-1"},"canonical":"https:\/\/nck.krakow.pl\/kcc\/krakowski-festiwal-tanca-2021\/wydarzenia-towarzyszace\/","og_locale":"pl_PL","og_type":"article","og_title":"wydarzenia towarzysz\u0105ce - Krakowskie Centrum Choreograficzne","og_description":"13, 20, 27 lipca 2021 Spotkania online z Joann\u0105 Le\u015bnierowsk\u0105 \u201eJak zobaczy\u0107 taniec\u201d 1-31 sierpnia 2021 Wystawa fotografii Klaudyny Schubert \/ Rynek NCK 9-15 sierpnia 2021 wieczorne rozmowy pospektaklowe 9-15 sierpnia 2021 Warsztaty ta\u0144ca wsp\u00f3\u0142czesnego dla os\u00f3b pocz\u0105tkuj\u0105cych i zaawansowanych, Gaga People oraz Dancers, warsztaty Ruchome \u015blady dla opiekun\u00f3w z dzie\u0107mi w wieku 5-7 lat, [&hellip;]","og_url":"https:\/\/nck.krakow.pl\/kcc\/krakowski-festiwal-tanca-2021\/wydarzenia-towarzyszace\/","og_site_name":"Krakowskie Centrum Choreograficzne","article_modified_time":"2022-05-25T13:12:23+00:00","og_image":[{"url":"https:\/\/nck.krakow.pl\/kcc\/wp-content\/uploads\/2021\/07\/logotypy-1024x373.png"}],"twitter_card":"summary_large_image","schema":{"@context":"https:\/\/schema.org","@graph":[{"@type":"WebPage","@id":"https:\/\/nck.krakow.pl\/kcc\/krakowski-festiwal-tanca-2021\/wydarzenia-towarzyszace\/","url":"https:\/\/nck.krakow.pl\/kcc\/krakowski-festiwal-tanca-2021\/wydarzenia-towarzyszace\/","name":"wydarzenia towarzysz\u0105ce - Krakowskie Centrum Choreograficzne","isPartOf":{"@id":"https:\/\/nck.krakow.pl\/kcc\/#website"},"datePublished":"2021-06-29T10:12:42+00:00","dateModified":"2022-05-25T13:12:23+00:00","breadcrumb":{"@id":"https:\/\/nck.krakow.pl\/kcc\/krakowski-festiwal-tanca-2021\/wydarzenia-towarzyszace\/#breadcrumb"},"inLanguage":"pl-PL","potentialAction":[{"@type":"ReadAction","target":["https:\/\/nck.krakow.pl\/kcc\/krakowski-festiwal-tanca-2021\/wydarzenia-towarzyszace\/"]}]},{"@type":"BreadcrumbList","@id":"https:\/\/nck.krakow.pl\/kcc\/krakowski-festiwal-tanca-2021\/wydarzenia-towarzyszace\/#breadcrumb","itemListElement":[{"@type":"ListItem","position":1,"name":"Strona g\u0142\u00f3wna","item":"https:\/\/nck.krakow.pl\/kcc\/"},{"@type":"ListItem","position":2,"name":"Krakowski Festiwal Ta\u0144ca 2021","item":"https:\/\/nck.krakow.pl\/kcc\/krakowski-festiwal-tanca-2021\/"},{"@type":"ListItem","position":3,"name":"wydarzenia towarzysz\u0105ce"}]},{"@type":"WebSite","@id":"https:\/\/nck.krakow.pl\/kcc\/#website","url":"https:\/\/nck.krakow.pl\/kcc\/","name":"Krakowskie Centrum Choreograficzne","description":"","publisher":{"@id":"https:\/\/nck.krakow.pl\/kcc\/#organization"},"potentialAction":[{"@type":"SearchAction","target":{"@type":"EntryPoint","urlTemplate":"https:\/\/nck.krakow.pl\/kcc\/?s={search_term_string}"},"query-input":"required name=search_term_string"}],"inLanguage":"pl-PL"},{"@type":"Organization","@id":"https:\/\/nck.krakow.pl\/kcc\/#organization","name":"Krakowskie Centrum Choreograficzne","url":"https:\/\/nck.krakow.pl\/kcc\/","logo":{"@type":"ImageObject","inLanguage":"pl-PL","@id":"https:\/\/nck.krakow.pl\/kcc\/#\/schema\/logo\/image\/","url":"https:\/\/nck.krakow.pl\/kcc\/wp-content\/uploads\/2020\/01\/cropped-logo-kcc-2020.png","contentUrl":"https:\/\/nck.krakow.pl\/kcc\/wp-content\/uploads\/2020\/01\/cropped-logo-kcc-2020.png","width":116,"height":55,"caption":"Krakowskie Centrum Choreograficzne"},"image":{"@id":"https:\/\/nck.krakow.pl\/kcc\/#\/schema\/logo\/image\/"}}]}},"_links":{"self":[{"href":"https:\/\/nck.krakow.pl\/kcc\/wp-json\/wp\/v2\/pages\/5053"}],"collection":[{"href":"https:\/\/nck.krakow.pl\/kcc\/wp-json\/wp\/v2\/pages"}],"about":[{"href":"https:\/\/nck.krakow.pl\/kcc\/wp-json\/wp\/v2\/types\/page"}],"author":[{"embeddable":true,"href":"https:\/\/nck.krakow.pl\/kcc\/wp-json\/wp\/v2\/users\/5"}],"replies":[{"embeddable":true,"href":"https:\/\/nck.krakow.pl\/kcc\/wp-json\/wp\/v2\/comments?post=5053"}],"version-history":[{"count":14,"href":"https:\/\/nck.krakow.pl\/kcc\/wp-json\/wp\/v2\/pages\/5053\/revisions"}],"predecessor-version":[{"id":5942,"href":"https:\/\/nck.krakow.pl\/kcc\/wp-json\/wp\/v2\/pages\/5053\/revisions\/5942"}],"up":[{"embeddable":true,"href":"https:\/\/nck.krakow.pl\/kcc\/wp-json\/wp\/v2\/pages\/3723"}],"wp:attachment":[{"href":"https:\/\/nck.krakow.pl\/kcc\/wp-json\/wp\/v2\/media?parent=5053"}],"curies":[{"name":"wp","href":"https:\/\/api.w.org\/{rel}","templated":true}]}}