{"id":5046,"date":"2021-06-29T10:06:32","date_gmt":"2021-06-29T10:06:32","guid":{"rendered":"https:\/\/nck.krakow.pl\/kcc\/?page_id=5046"},"modified":"2022-05-25T13:03:36","modified_gmt":"2022-05-25T13:03:36","slug":"program","status":"publish","type":"page","link":"https:\/\/nck.krakow.pl\/kcc\/krakowski-festiwal-tanca-2021\/program\/","title":{"rendered":"program"},"content":{"rendered":"\n<h2 class=\"wp-block-heading\">Krakowski Festiwal Ta\u0144ca \u2013 I edycja \u201eZobaczy\u0107 taniec\u201d<\/h2>\n\n\n\n<figure class=\"wp-block-image size-large\"><img loading=\"lazy\" decoding=\"async\" width=\"1024\" height=\"683\" src=\"https:\/\/nck.krakow.pl\/kcc\/wp-content\/uploads\/2021\/07\/Post_poziom_1200x800_Plakat-KFT-www-1024x683.jpg\" alt=\"\" class=\"wp-image-5147\" srcset=\"https:\/\/nck.krakow.pl\/kcc\/wp-content\/uploads\/2021\/07\/Post_poziom_1200x800_Plakat-KFT-www-1024x683.jpg 1024w, https:\/\/nck.krakow.pl\/kcc\/wp-content\/uploads\/2021\/07\/Post_poziom_1200x800_Plakat-KFT-www-300x200.jpg 300w, https:\/\/nck.krakow.pl\/kcc\/wp-content\/uploads\/2021\/07\/Post_poziom_1200x800_Plakat-KFT-www-768x512.jpg 768w, https:\/\/nck.krakow.pl\/kcc\/wp-content\/uploads\/2021\/07\/Post_poziom_1200x800_Plakat-KFT-www.jpg 1200w\" sizes=\"(max-width: 1024px) 100vw, 1024px\" \/><\/figure>\n\n\n\n<p>Nowohuckie Centrum Kultury<br>Krakowskie Centrum Choreograficzne<br>al. Jana Paw\u0142a II 232<br>31-913 Krak\u00f3w<\/p>\n\n\n\n<div style=\"height:50px\" aria-hidden=\"true\" class=\"wp-block-spacer\"><\/div>\n\n\n\n<p><strong>Program g\u0142\u00f3wny (spektakle)<\/strong><\/p>\n\n\n\n<p><strong>9 sierpnia 2021 (poniedzia\u0142ek)<br><\/strong>godz. 19:00 <a href=\"https:\/\/nck.krakow.pl\/kcc\/krakowski-festiwal-tanca-2021\/tytum\/\"><strong>PREMIERA<\/strong> <strong>\u201eTYTUM\u201d<\/strong><\/a> Poernima Gobardhan, Marta Wo\u0142owiec \/ Scena NCK, bilety 20\/30 z\u0142<\/p>\n\n\n\n<p><strong>10 sierpnia 2021 (wtorek)<br><\/strong>godz. 19:00 <strong><a href=\"https:\/\/nck.krakow.pl\/kcc\/krakowski-festiwal-tanca-2021\/mechanics-of-distance\/\">\u201eMechanics of distance\u201d<\/a><\/strong> M\u00e1t\u00e9 M\u00e9sz\u00e1ros \/ klatka schodowa NCK, bilety 20\/30 z\u0142<br>godz. 20:00 <strong><a href=\"https:\/\/nck.krakow.pl\/kcc\/krakowski-festiwal-tanca-2021\/sticky-fingers-club\/\">\u201eSticky Fingers Club\u201d<\/a><\/strong> Daniela Kom\u0119dera-Mi\u015bkiewicz, Dominika Wiak, Dominik Wi\u0119cek, Monika Witkowska \/ Scena NCK, 20\/30 z\u0142<\/p>\n\n\n\n<p><strong>11 sierpnia 2021 (\u015broda)<br><\/strong>godz. 15:00 <strong><a href=\"https:\/\/nck.krakow.pl\/kcc\/krakowski-festiwal-tanca-2021\/_on_line_\/\">\u201e_on_line_\u201d (spektakl dla opiekun\u00f3w z dzie\u0107mi 5-7 lat)<\/a><\/strong> Kolektyw Holobiont \/ Scena NCK, bilet 50 z\u0142 (dziecko + opiekun)<br>godz. 18:30 <strong><a href=\"https:\/\/nck.krakow.pl\/kcc\/krakowski-festiwal-tanca-2021\/_on_line_\/\">\u201e_on_line_\u201d (spektakl dla opiekun\u00f3w z dzie\u0107mi 5-7 lat)<\/a><\/strong> Kolektyw Holobiont \/ Scena NCK, bilet 50 z\u0142 (dziecko + opiekun)<br>godz. 20:00 <a href=\"https:\/\/nck.krakow.pl\/kcc\/krakowski-festiwal-tanca-2021\/the-vessel\/\"><strong>PREMIERA<\/strong> <strong>\u201eTHE VESSEL\u201d<\/strong><\/a> Karolina Kraczkowska \/ rezydencja KCC \/ Studio KCC, bilety 20\/30 z\u0142<\/p>\n\n\n\n<p><strong>12 sierpnia 2021 (czwartek)<br><\/strong>godz. 19:00 <strong><a href=\"https:\/\/nck.krakow.pl\/kcc\/krakowski-festiwal-tanca-2021\/jumpcore\/\">\u201eJumpcore\u201d<\/a><\/strong> Pawe\u0142 Sakowicz \/ Bia\u0142a Galeria CENTRUM, bilety 20\/30 z\u0142<br>godz. 21:30 <strong><a href=\"https:\/\/nck.krakow.pl\/kcc\/krakowski-festiwal-tanca-2021\/czestotliwosc\/\">PREMIERA \u201eCZ\u0118STOTLIWO\u015a\u0106\u201d site specific (taniec wertykalny + mapping)<\/a><\/strong> LineAct, Tomasz Gawro\u0144ski \/ Rynek NCK, wst\u0119p wolny<\/p>\n\n\n\n<p><strong>13 sierpnia 2021 (pi\u0105tek)<br><\/strong>godz. 19:00\u00a0<strong><a href=\"https:\/\/nck.krakow.pl\/kcc\/krakowski-festiwal-tanca-2021\/tens\/\">\u201eTens\u201d<\/a><\/strong>\u00a0Marta Wo\u0142owiec,\u00a0<strong><a href=\"https:\/\/nck.krakow.pl\/kcc\/krakowski-festiwal-tanca-2021\/dzien-w-ktorym-v-dala-mi-do-myslenia-albo-jak-pozbylam-sie-prokrastynacji\/\">\u201eDzie\u0144, w kt\u00f3rym V. da\u0142a mi do my\u015blenia albo jak pozby\u0142am si\u0119 prokrastynacji\u201d<\/a>\u00a0<\/strong>Aleksandra Bo\u017cek-Muszy\u0144ska \/ Scena NCK, bilet \u0142\u0105czony 20\/30 z\u0142<\/p>\n\n\n\n<p><strong>14 sierpnia 2021 (sobota)<br><\/strong>godz. 16:00 <a href=\"https:\/\/nck.krakow.pl\/kcc\/krakowski-festiwal-tanca-2021\/10-edycja-konkursu-choreograficznego-321taniec\/\"><strong>10. edycja<\/strong> <strong>konkursu choreograficznego 3\u20262\u20261\u2026TANIEC!<\/strong><\/a> \/ Scena NCK, bilety 15\/25 z\u0142\u00a0\u00a0\u00a0<br>po konkursie odb\u0119dzie si\u0119 rozmowa o prezentowanych pracach choreograficznych<\/p>\n\n\n\n<p><strong>15 sierpnia 2021 (niedziela)<br><\/strong>godz. 18:00 <strong><a href=\"https:\/\/nck.krakow.pl\/kcc\/krakowski-festiwal-tanca-2021\/wieczor-laureatow-10-edycji-konkursu-choreograficznego-321taniec\/\">wiecz\u00f3r laureat\u00f3w konkursu choreograficznego 3\u20262\u20261\u2026TANIEC!<\/a> <\/strong>\/ Studio KCC, bilety 15\/25 z\u0142<br>godz. 20:00 <strong><a href=\"https:\/\/nck.krakow.pl\/kcc\/krakowski-festiwal-tanca-2021\/koda-a-tribute\/\">\u201eKoda (a tribute)\u201d<\/a><\/strong> Janusz Orlik, Joanna Le\u015bnierowska \/ Scena NCK, bilety 20\/30 z\u0142<\/p>\n\n\n\n<p><strong>Karnet na spektakle: 150 z\u0142 <\/strong>&nbsp;<strong>(nie obejmuje spektaklu dla dzieci \u201e_on_line_\u201d)<\/strong><\/p>\n\n\n\n<div style=\"height:50px\" aria-hidden=\"true\" class=\"wp-block-spacer\"><\/div>\n\n\n\n<p><strong>Wydarzenia towarzysz\u0105ce<\/strong><\/p>\n\n\n\n<p><strong>13, 20, 27 lipca 2021 (wtorki)<\/strong> <a href=\"https:\/\/nck.krakow.pl\/kcc\/krakowski-festiwal-tanca-2021\/jak-zobaczyc-taniec-cykl-spotkan-online-z-joanna-lesnierowska\/\">Spotkania online z Joann\u0105 Le\u015bnierowsk\u0105 \u201eJak zobaczy\u0107 taniec\u201d<\/a><\/p>\n\n\n\n<p><strong>1-31 sierpnia 2021<\/strong><a href=\"https:\/\/nck.krakow.pl\/kcc\/krakowski-festiwal-tanca-2021\/wystawa-fotografii-klaudyny-schubert\/\" data-type=\"URL\"> Wystawa fotografii Klaudyny Schubert<\/a> \/ Rynek NCK<\/p>\n\n\n\n<p><strong>9-15 sierpnia 2021<\/strong> <a href=\"https:\/\/nck.krakow.pl\/kcc\/krakowski-festiwal-tanca-2021\/rozmowy-pospektaklowe\/\">wieczorne rozmowy pospektaklowe<\/a><\/p>\n\n\n\n<p><strong>9-15 sierpnia 2021<\/strong> Warsztaty ta\u0144ca wsp\u00f3\u0142czesnego dla os\u00f3b pocz\u0105tkuj\u0105cych i zaawansowanych, Gaga People oraz Dancers, warsztaty Ruchome \u015blady dla opiekun\u00f3w z dzie\u0107mi w wieku 5-7 lat, warsztat Laboratorium Praktyk Siostrze\u0144stwa, szczeg\u00f3\u0142y:<a href=\"https:\/\/nck.krakow.pl\/kcc\/blog\/warsztaty-w-ramach-krakowskiego-festiwalu-tanca\/\"> <\/a><a href=\"https:\/\/nck.krakow.pl\/kcc\/krakowski-festiwal-tanca-2021\/warsztaty\/\">https:\/\/nck.krakow.pl\/kcc\/krakowski-festiwal-tanca\/warsztaty\/<\/a><\/p>\n\n\n\n<div style=\"height:50px\" aria-hidden=\"true\" class=\"wp-block-spacer\"><\/div>\n\n\n\n<p>Dofinansowano ze \u015brodk\u00f3w Ministra Kultury, Dziedzictwa Narodowego i Sportu pochodz\u0105cych z Funduszu Promocji Kultury &#8211; pa\u0144stwowego funduszu celowego, w ramach programu \u201eTaniec\u201d, realizowanego przez Narodowy Instytut Muzyki i Ta\u0144ca.<\/p>\n\n\n\n<figure class=\"wp-block-image size-large is-resized\"><img loading=\"lazy\" decoding=\"async\" src=\"https:\/\/nck.krakow.pl\/kcc\/wp-content\/uploads\/2021\/07\/logotypy.png\" alt=\"\" class=\"wp-image-5136\" width=\"1159\" height=\"198\"\/><\/figure>\n\n\n\n<p><\/p>\n","protected":false},"excerpt":{"rendered":"<p>Krakowski Festiwal Ta\u0144ca \u2013 I edycja \u201eZobaczy\u0107 taniec\u201d Nowohuckie Centrum KulturyKrakowskie Centrum Choreograficzneal. Jana Paw\u0142a II 23231-913 Krak\u00f3w Program g\u0142\u00f3wny (spektakle) 9 sierpnia 2021 (poniedzia\u0142ek)godz. 19:00 PREMIERA \u201eTYTUM\u201d Poernima Gobardhan, Marta Wo\u0142owiec \/ Scena NCK, bilety 20\/30 z\u0142 10 sierpnia 2021 (wtorek)godz. 19:00 \u201eMechanics of distance\u201d M\u00e1t\u00e9 M\u00e9sz\u00e1ros \/ klatka schodowa NCK, bilety 20\/30 z\u0142godz. [&hellip;]<\/p>\n","protected":false},"author":5,"featured_media":0,"parent":3723,"menu_order":0,"comment_status":"closed","ping_status":"closed","template":"","meta":{"footnotes":""},"class_list":["post-5046","page","type-page","status-publish","hentry"],"yoast_head":"<!-- This site is optimized with the Yoast SEO plugin v19.12 - https:\/\/yoast.com\/wordpress\/plugins\/seo\/ -->\n<title>program - Krakowskie Centrum Choreograficzne<\/title>\n<meta name=\"robots\" content=\"index, follow, max-snippet:-1, max-image-preview:large, max-video-preview:-1\" \/>\n<link rel=\"canonical\" href=\"https:\/\/nck.krakow.pl\/kcc\/krakowski-festiwal-tanca-2021\/program\/\" \/>\n<meta property=\"og:locale\" content=\"pl_PL\" \/>\n<meta property=\"og:type\" content=\"article\" \/>\n<meta property=\"og:title\" content=\"program - Krakowskie Centrum Choreograficzne\" \/>\n<meta property=\"og:description\" content=\"Krakowski Festiwal Ta\u0144ca \u2013 I edycja \u201eZobaczy\u0107 taniec\u201d Nowohuckie Centrum KulturyKrakowskie Centrum Choreograficzneal. Jana Paw\u0142a II 23231-913 Krak\u00f3w Program g\u0142\u00f3wny (spektakle) 9 sierpnia 2021 (poniedzia\u0142ek)godz. 19:00 PREMIERA \u201eTYTUM\u201d Poernima Gobardhan, Marta Wo\u0142owiec \/ Scena NCK, bilety 20\/30 z\u0142 10 sierpnia 2021 (wtorek)godz. 19:00 \u201eMechanics of distance\u201d M\u00e1t\u00e9 M\u00e9sz\u00e1ros \/ klatka schodowa NCK, bilety 20\/30 z\u0142godz. [&hellip;]\" \/>\n<meta property=\"og:url\" content=\"https:\/\/nck.krakow.pl\/kcc\/krakowski-festiwal-tanca-2021\/program\/\" \/>\n<meta property=\"og:site_name\" content=\"Krakowskie Centrum Choreograficzne\" \/>\n<meta property=\"article:modified_time\" content=\"2022-05-25T13:03:36+00:00\" \/>\n<meta property=\"og:image\" content=\"https:\/\/nck.krakow.pl\/kcc\/wp-content\/uploads\/2021\/07\/Post_poziom_1200x800_Plakat-KFT-www-1024x683.jpg\" \/>\n<meta name=\"twitter:card\" content=\"summary_large_image\" \/>\n<meta name=\"twitter:label1\" content=\"Est. reading time\" \/>\n\t<meta name=\"twitter:data1\" content=\"2 minuty\" \/>\n<script type=\"application\/ld+json\" class=\"yoast-schema-graph\">{\"@context\":\"https:\/\/schema.org\",\"@graph\":[{\"@type\":\"WebPage\",\"@id\":\"https:\/\/nck.krakow.pl\/kcc\/krakowski-festiwal-tanca-2021\/program\/\",\"url\":\"https:\/\/nck.krakow.pl\/kcc\/krakowski-festiwal-tanca-2021\/program\/\",\"name\":\"program - Krakowskie Centrum Choreograficzne\",\"isPartOf\":{\"@id\":\"https:\/\/nck.krakow.pl\/kcc\/#website\"},\"datePublished\":\"2021-06-29T10:06:32+00:00\",\"dateModified\":\"2022-05-25T13:03:36+00:00\",\"breadcrumb\":{\"@id\":\"https:\/\/nck.krakow.pl\/kcc\/krakowski-festiwal-tanca-2021\/program\/#breadcrumb\"},\"inLanguage\":\"pl-PL\",\"potentialAction\":[{\"@type\":\"ReadAction\",\"target\":[\"https:\/\/nck.krakow.pl\/kcc\/krakowski-festiwal-tanca-2021\/program\/\"]}]},{\"@type\":\"BreadcrumbList\",\"@id\":\"https:\/\/nck.krakow.pl\/kcc\/krakowski-festiwal-tanca-2021\/program\/#breadcrumb\",\"itemListElement\":[{\"@type\":\"ListItem\",\"position\":1,\"name\":\"Strona g\u0142\u00f3wna\",\"item\":\"https:\/\/nck.krakow.pl\/kcc\/\"},{\"@type\":\"ListItem\",\"position\":2,\"name\":\"Krakowski Festiwal Ta\u0144ca 2021\",\"item\":\"https:\/\/nck.krakow.pl\/kcc\/krakowski-festiwal-tanca-2021\/\"},{\"@type\":\"ListItem\",\"position\":3,\"name\":\"program\"}]},{\"@type\":\"WebSite\",\"@id\":\"https:\/\/nck.krakow.pl\/kcc\/#website\",\"url\":\"https:\/\/nck.krakow.pl\/kcc\/\",\"name\":\"Krakowskie Centrum Choreograficzne\",\"description\":\"\",\"publisher\":{\"@id\":\"https:\/\/nck.krakow.pl\/kcc\/#organization\"},\"potentialAction\":[{\"@type\":\"SearchAction\",\"target\":{\"@type\":\"EntryPoint\",\"urlTemplate\":\"https:\/\/nck.krakow.pl\/kcc\/?s={search_term_string}\"},\"query-input\":\"required name=search_term_string\"}],\"inLanguage\":\"pl-PL\"},{\"@type\":\"Organization\",\"@id\":\"https:\/\/nck.krakow.pl\/kcc\/#organization\",\"name\":\"Krakowskie Centrum Choreograficzne\",\"url\":\"https:\/\/nck.krakow.pl\/kcc\/\",\"logo\":{\"@type\":\"ImageObject\",\"inLanguage\":\"pl-PL\",\"@id\":\"https:\/\/nck.krakow.pl\/kcc\/#\/schema\/logo\/image\/\",\"url\":\"https:\/\/nck.krakow.pl\/kcc\/wp-content\/uploads\/2020\/01\/cropped-logo-kcc-2020.png\",\"contentUrl\":\"https:\/\/nck.krakow.pl\/kcc\/wp-content\/uploads\/2020\/01\/cropped-logo-kcc-2020.png\",\"width\":116,\"height\":55,\"caption\":\"Krakowskie Centrum Choreograficzne\"},\"image\":{\"@id\":\"https:\/\/nck.krakow.pl\/kcc\/#\/schema\/logo\/image\/\"}}]}<\/script>\n<!-- \/ Yoast SEO plugin. -->","yoast_head_json":{"title":"program - Krakowskie Centrum Choreograficzne","robots":{"index":"index","follow":"follow","max-snippet":"max-snippet:-1","max-image-preview":"max-image-preview:large","max-video-preview":"max-video-preview:-1"},"canonical":"https:\/\/nck.krakow.pl\/kcc\/krakowski-festiwal-tanca-2021\/program\/","og_locale":"pl_PL","og_type":"article","og_title":"program - Krakowskie Centrum Choreograficzne","og_description":"Krakowski Festiwal Ta\u0144ca \u2013 I edycja \u201eZobaczy\u0107 taniec\u201d Nowohuckie Centrum KulturyKrakowskie Centrum Choreograficzneal. Jana Paw\u0142a II 23231-913 Krak\u00f3w Program g\u0142\u00f3wny (spektakle) 9 sierpnia 2021 (poniedzia\u0142ek)godz. 19:00 PREMIERA \u201eTYTUM\u201d Poernima Gobardhan, Marta Wo\u0142owiec \/ Scena NCK, bilety 20\/30 z\u0142 10 sierpnia 2021 (wtorek)godz. 19:00 \u201eMechanics of distance\u201d M\u00e1t\u00e9 M\u00e9sz\u00e1ros \/ klatka schodowa NCK, bilety 20\/30 z\u0142godz. [&hellip;]","og_url":"https:\/\/nck.krakow.pl\/kcc\/krakowski-festiwal-tanca-2021\/program\/","og_site_name":"Krakowskie Centrum Choreograficzne","article_modified_time":"2022-05-25T13:03:36+00:00","og_image":[{"url":"https:\/\/nck.krakow.pl\/kcc\/wp-content\/uploads\/2021\/07\/Post_poziom_1200x800_Plakat-KFT-www-1024x683.jpg"}],"twitter_card":"summary_large_image","twitter_misc":{"Est. reading time":"2 minuty"},"schema":{"@context":"https:\/\/schema.org","@graph":[{"@type":"WebPage","@id":"https:\/\/nck.krakow.pl\/kcc\/krakowski-festiwal-tanca-2021\/program\/","url":"https:\/\/nck.krakow.pl\/kcc\/krakowski-festiwal-tanca-2021\/program\/","name":"program - Krakowskie Centrum Choreograficzne","isPartOf":{"@id":"https:\/\/nck.krakow.pl\/kcc\/#website"},"datePublished":"2021-06-29T10:06:32+00:00","dateModified":"2022-05-25T13:03:36+00:00","breadcrumb":{"@id":"https:\/\/nck.krakow.pl\/kcc\/krakowski-festiwal-tanca-2021\/program\/#breadcrumb"},"inLanguage":"pl-PL","potentialAction":[{"@type":"ReadAction","target":["https:\/\/nck.krakow.pl\/kcc\/krakowski-festiwal-tanca-2021\/program\/"]}]},{"@type":"BreadcrumbList","@id":"https:\/\/nck.krakow.pl\/kcc\/krakowski-festiwal-tanca-2021\/program\/#breadcrumb","itemListElement":[{"@type":"ListItem","position":1,"name":"Strona g\u0142\u00f3wna","item":"https:\/\/nck.krakow.pl\/kcc\/"},{"@type":"ListItem","position":2,"name":"Krakowski Festiwal Ta\u0144ca 2021","item":"https:\/\/nck.krakow.pl\/kcc\/krakowski-festiwal-tanca-2021\/"},{"@type":"ListItem","position":3,"name":"program"}]},{"@type":"WebSite","@id":"https:\/\/nck.krakow.pl\/kcc\/#website","url":"https:\/\/nck.krakow.pl\/kcc\/","name":"Krakowskie Centrum Choreograficzne","description":"","publisher":{"@id":"https:\/\/nck.krakow.pl\/kcc\/#organization"},"potentialAction":[{"@type":"SearchAction","target":{"@type":"EntryPoint","urlTemplate":"https:\/\/nck.krakow.pl\/kcc\/?s={search_term_string}"},"query-input":"required name=search_term_string"}],"inLanguage":"pl-PL"},{"@type":"Organization","@id":"https:\/\/nck.krakow.pl\/kcc\/#organization","name":"Krakowskie Centrum Choreograficzne","url":"https:\/\/nck.krakow.pl\/kcc\/","logo":{"@type":"ImageObject","inLanguage":"pl-PL","@id":"https:\/\/nck.krakow.pl\/kcc\/#\/schema\/logo\/image\/","url":"https:\/\/nck.krakow.pl\/kcc\/wp-content\/uploads\/2020\/01\/cropped-logo-kcc-2020.png","contentUrl":"https:\/\/nck.krakow.pl\/kcc\/wp-content\/uploads\/2020\/01\/cropped-logo-kcc-2020.png","width":116,"height":55,"caption":"Krakowskie Centrum Choreograficzne"},"image":{"@id":"https:\/\/nck.krakow.pl\/kcc\/#\/schema\/logo\/image\/"}}]}},"_links":{"self":[{"href":"https:\/\/nck.krakow.pl\/kcc\/wp-json\/wp\/v2\/pages\/5046"}],"collection":[{"href":"https:\/\/nck.krakow.pl\/kcc\/wp-json\/wp\/v2\/pages"}],"about":[{"href":"https:\/\/nck.krakow.pl\/kcc\/wp-json\/wp\/v2\/types\/page"}],"author":[{"embeddable":true,"href":"https:\/\/nck.krakow.pl\/kcc\/wp-json\/wp\/v2\/users\/5"}],"replies":[{"embeddable":true,"href":"https:\/\/nck.krakow.pl\/kcc\/wp-json\/wp\/v2\/comments?post=5046"}],"version-history":[{"count":33,"href":"https:\/\/nck.krakow.pl\/kcc\/wp-json\/wp\/v2\/pages\/5046\/revisions"}],"predecessor-version":[{"id":5935,"href":"https:\/\/nck.krakow.pl\/kcc\/wp-json\/wp\/v2\/pages\/5046\/revisions\/5935"}],"up":[{"embeddable":true,"href":"https:\/\/nck.krakow.pl\/kcc\/wp-json\/wp\/v2\/pages\/3723"}],"wp:attachment":[{"href":"https:\/\/nck.krakow.pl\/kcc\/wp-json\/wp\/v2\/media?parent=5046"}],"curies":[{"name":"wp","href":"https:\/\/api.w.org\/{rel}","templated":true}]}}