{"id":5027,"date":"2021-06-22T13:23:32","date_gmt":"2021-06-22T13:23:32","guid":{"rendered":"https:\/\/nck.krakow.pl\/kcc\/?page_id=5027"},"modified":"2021-08-17T09:59:12","modified_gmt":"2021-08-17T09:59:12","slug":"warsztat-ruchome-slady","status":"publish","type":"page","link":"https:\/\/nck.krakow.pl\/kcc\/krakowski-festiwal-tanca-2021\/warsztat-ruchome-slady\/","title":{"rendered":"WARSZTAT RUCHOME \u015aLADY"},"content":{"rendered":"\n<figure class=\"wp-block-image size-large\"><img loading=\"lazy\" decoding=\"async\" width=\"1024\" height=\"683\" src=\"https:\/\/nck.krakow.pl\/kcc\/wp-content\/uploads\/2021\/06\/Ruchome-Slady-1024x683.jpg\" alt=\"\" class=\"wp-image-5029\" srcset=\"https:\/\/nck.krakow.pl\/kcc\/wp-content\/uploads\/2021\/06\/Ruchome-Slady-1024x683.jpg 1024w, https:\/\/nck.krakow.pl\/kcc\/wp-content\/uploads\/2021\/06\/Ruchome-Slady-300x200.jpg 300w, https:\/\/nck.krakow.pl\/kcc\/wp-content\/uploads\/2021\/06\/Ruchome-Slady-768x512.jpg 768w, https:\/\/nck.krakow.pl\/kcc\/wp-content\/uploads\/2021\/06\/Ruchome-Slady-1536x1024.jpg 1536w, https:\/\/nck.krakow.pl\/kcc\/wp-content\/uploads\/2021\/06\/Ruchome-Slady-2048x1365.jpg 2048w\" sizes=\"(max-width: 1024px) 100vw, 1024px\" \/><\/figure>\n\n\n\n<p>W programie warsztatowym mamy r\u00f3wnie\u017c propozycj\u0119 dla najm\u0142odszych: warsztaty plastyczno-ruchowe dla dzieci w wieku 5-7 lat i bliskich im doros\u0142ych.<\/p>\n\n\n\n<p><strong>12 sierpnia 16:30 \u2013 17:30<\/strong><\/p>\n\n\n\n<p><strong>Koszt warsztat\u00f3w: 50 z\u0142otych<\/strong><\/p>\n\n\n\n<p>Regulamin:<\/p>\n\n\n\n<div class=\"wp-block-file\"><a href=\"https:\/\/nck.krakow.pl\/kcc\/wp-content\/uploads\/2021\/06\/REGULAMIN_RuchomeSlady_KFT2021.pdf\">REGULAMIN_RuchomeSlady_KFT2021<\/a><a href=\"https:\/\/nck.krakow.pl\/kcc\/wp-content\/uploads\/2021\/06\/REGULAMIN_RuchomeSlady_KFT2021.pdf\" class=\"wp-block-file__button\" download>Pobierz<\/a><\/div>\n\n\n\n<p>Karta zg\u0142osze\u0144:<br><a href=\"https:\/\/docs.google.com\/forms\/d\/e\/1FAIpQLSdhzD0mMQd01bEVt-1SSufC0XVfMD9zHbfR2LeBeSCIYCDbow\/viewform?usp=pp_url\">https:\/\/docs.google.com\/forms\/d\/e\/1FAIpQLSdhzD0mMQd01bEVt-1SSufC0XVfMD9zHbfR2LeBeSCIYCDbow\/viewform?usp=pp_url<\/a><\/p>\n\n\n\n<p>Kontakt: <br>zapisy.kcc@nck.krakow.pl<\/p>\n\n\n\n<div style=\"height:50px\" aria-hidden=\"true\" class=\"wp-block-spacer\"><\/div>\n\n\n\n<p>Ruch, kt\u00f3ry zostawia \u015bcie\u017ck\u0119 na papierze. \u015acie\u017cka, kt\u00f3ra prowokuje do ruchu.<\/p>\n\n\n\n<p>Jaki \u015blad w przestrzeni mo\u017ce pozostawi\u0107 ruch? Co to znaczy ta\u0144czy\u0107 uchwycony wcze\u015bniej jego \u015blad?&nbsp;<\/p>\n\n\n\n<p>Warsztaty \u201eRuchome \u015blady\u201d do propozycja dla wszystkich ch\u0119tnych, niezale\u017cnie od do\u015bwiadczenia.&nbsp;<\/p>\n\n\n\n<p>Poprzez tw\u00f3rcze zadania opiekunowie i dzieci b\u0119d\u0105 mogli wsp\u00f3lnie do\u015bwiadcza\u0107 rado\u015bci p\u0142yn\u0105cej ze swobodnej kreacji zar\u00f3wno w przestrzeni, jak i na papierze. B\u0119dziemy wsp\u00f3lnie tworzy\u0107 obrazy ruchem i porusza\u0107 si\u0119 dzi\u0119ki obrazom. Pobudzimy cia\u0142o i wyobra\u017ani\u0119 oraz uruchomimy indywidualn\u0105 ekspresj\u0119.<\/p>\n\n\n\n<p>Uwaga!&nbsp;Pastele, kt\u00f3rych b\u0119dziemy u\u017cywa\u0107, zostawi\u0105 \u015blady nie tylko na papierze, dlatego zach\u0119camy do zabrania ze sob\u0105 stroju na przebranie &#8211; najlepiej wygodnego i niekr\u0119puj\u0105cego ruch\u00f3w. W trakcie warsztat\u00f3w poruszamy si\u0119 bez but\u00f3w.&nbsp;<\/p>\n\n\n\n<div style=\"height:50px\" aria-hidden=\"true\" class=\"wp-block-spacer\"><\/div>\n\n\n\n<p><strong>ALEKSANDRA BO\u017bEK \u2013 MUSZY\u0143SKA \/ KOLEKTYW HOLOBIONT<\/strong><\/p>\n\n\n\n<figure class=\"wp-block-image size-large is-resized\"><img loading=\"lazy\" decoding=\"async\" src=\"https:\/\/nck.krakow.pl\/kcc\/wp-content\/uploads\/2021\/06\/NZ7_1211-M.Zakrzewski-1024x682.jpg\" alt=\"\" class=\"wp-image-5032\" width=\"540\" height=\"359\" srcset=\"https:\/\/nck.krakow.pl\/kcc\/wp-content\/uploads\/2021\/06\/NZ7_1211-M.Zakrzewski-1024x682.jpg 1024w, https:\/\/nck.krakow.pl\/kcc\/wp-content\/uploads\/2021\/06\/NZ7_1211-M.Zakrzewski-300x200.jpg 300w, https:\/\/nck.krakow.pl\/kcc\/wp-content\/uploads\/2021\/06\/NZ7_1211-M.Zakrzewski-768x512.jpg 768w, https:\/\/nck.krakow.pl\/kcc\/wp-content\/uploads\/2021\/06\/NZ7_1211-M.Zakrzewski-1536x1024.jpg 1536w, https:\/\/nck.krakow.pl\/kcc\/wp-content\/uploads\/2021\/06\/NZ7_1211-M.Zakrzewski-2048x1365.jpg 2048w\" sizes=\"(max-width: 540px) 100vw, 540px\" \/><\/figure>\n\n\n\n<p>Fot. M. Zakrzewski<\/p>\n\n\n\n<p>Tancerka, choreografka, performerka, instruktorka ta\u0144ca wsp\u00f3\u0142czesnego, trenerka biznesu i filolo\u017cka. Od wielu lat prowadzi regularne zaj\u0119cia z ta\u0144ca wsp\u00f3\u0142czesnego i improwizacji, gimnastyk\u0119 dla senior\u00f3w oraz tworzy autorskie choreografie i jest aktywna na polskiej scenie ta\u0144ca i performensu. Beneficjentka programu Global Practice Sharing w Movement Research w Nowym Jorku,&nbsp;Stypendystka Alternatywnej Akademii Ta\u0144ca 2015-2017 realizowanej przez Art Stations Foundation by Gra\u017cyna Kulczyk oraz Intensive Course w School For New Dance Development w Amsterdamie.&nbsp; W 2017 roku wraz z Hann\u0105 Bylk\u0105-Kaneck\u0105 za\u0142o\u017cy\u0142a kolektyw Holobiont, kt\u00f3rego celem s\u0105 interdyscyplinarne projekty wielopokoleniowe. Wsp\u00f3lnie stworzy\u0142y cztery produkcje dla rodzin z dzie\u0107mi: DOoKO\u0141A, Ksi\u0119\u017cycowo, _on_line_ oraz Gdzie Kszta\u0142ty maj\u0105 szyje.<\/p>\n\n\n\n<p><a rel=\"noreferrer noopener\" href=\"http:\/\/holobiont.pl\/\" target=\"_blank\">holobiont.pl<\/a>&nbsp;<\/p>\n\n\n\n<figure class=\"wp-block-gallery columns-2 is-cropped wp-block-gallery-1 is-layout-flex wp-block-gallery-is-layout-flex\"><ul class=\"blocks-gallery-grid\"><li class=\"blocks-gallery-item\"><figure><a href=\"https:\/\/nck.krakow.pl\/kcc\/wp-content\/uploads\/2021\/06\/Ruchome-Slady-1-scaled.jpg\"><img loading=\"lazy\" decoding=\"async\" width=\"1024\" height=\"683\" src=\"https:\/\/nck.krakow.pl\/kcc\/wp-content\/uploads\/2021\/06\/Ruchome-Slady-1-1024x683.jpg\" alt=\"\" data-id=\"5030\" data-full-url=\"https:\/\/nck.krakow.pl\/kcc\/wp-content\/uploads\/2021\/06\/Ruchome-Slady-1-scaled.jpg\" data-link=\"https:\/\/nck.krakow.pl\/kcc\/?attachment_id=5030\" class=\"wp-image-5030\" srcset=\"https:\/\/nck.krakow.pl\/kcc\/wp-content\/uploads\/2021\/06\/Ruchome-Slady-1-1024x683.jpg 1024w, https:\/\/nck.krakow.pl\/kcc\/wp-content\/uploads\/2021\/06\/Ruchome-Slady-1-300x200.jpg 300w, https:\/\/nck.krakow.pl\/kcc\/wp-content\/uploads\/2021\/06\/Ruchome-Slady-1-768x512.jpg 768w, https:\/\/nck.krakow.pl\/kcc\/wp-content\/uploads\/2021\/06\/Ruchome-Slady-1-1536x1024.jpg 1536w, https:\/\/nck.krakow.pl\/kcc\/wp-content\/uploads\/2021\/06\/Ruchome-Slady-1-2048x1365.jpg 2048w\" sizes=\"(max-width: 1024px) 100vw, 1024px\" \/><\/a><\/figure><\/li><li class=\"blocks-gallery-item\"><figure><a href=\"https:\/\/nck.krakow.pl\/kcc\/wp-content\/uploads\/2021\/06\/Ruchome-Slady-2-scaled.jpg\"><img loading=\"lazy\" decoding=\"async\" width=\"1024\" height=\"683\" src=\"https:\/\/nck.krakow.pl\/kcc\/wp-content\/uploads\/2021\/06\/Ruchome-Slady-2-1024x683.jpg\" alt=\"\" data-id=\"5031\" data-full-url=\"https:\/\/nck.krakow.pl\/kcc\/wp-content\/uploads\/2021\/06\/Ruchome-Slady-2-scaled.jpg\" data-link=\"https:\/\/nck.krakow.pl\/kcc\/?attachment_id=5031\" class=\"wp-image-5031\" srcset=\"https:\/\/nck.krakow.pl\/kcc\/wp-content\/uploads\/2021\/06\/Ruchome-Slady-2-1024x683.jpg 1024w, https:\/\/nck.krakow.pl\/kcc\/wp-content\/uploads\/2021\/06\/Ruchome-Slady-2-300x200.jpg 300w, https:\/\/nck.krakow.pl\/kcc\/wp-content\/uploads\/2021\/06\/Ruchome-Slady-2-768x512.jpg 768w, https:\/\/nck.krakow.pl\/kcc\/wp-content\/uploads\/2021\/06\/Ruchome-Slady-2-1536x1024.jpg 1536w, https:\/\/nck.krakow.pl\/kcc\/wp-content\/uploads\/2021\/06\/Ruchome-Slady-2-2048x1365.jpg 2048w\" sizes=\"(max-width: 1024px) 100vw, 1024px\" \/><\/a><\/figure><\/li><\/ul><\/figure>\n\n\n\n<p>Fot. J. Wittchen<\/p>\n\n\n\n<div style=\"height:100px\" aria-hidden=\"true\" class=\"wp-block-spacer\"><\/div>\n\n\n\n<p>Dofinansowano ze \u015brodk\u00f3w Ministra Kultury, Dziedzictwa Narodowego i Sportu pochodz\u0105cych z Funduszu Promocji Kultury &#8211; pa\u0144stwowego funduszu celowego, w ramach programu \u201eTaniec\u201d, realizowanego przez Narodowy Instytut Muzyki i Ta\u0144ca.<\/p>\n\n\n\n<figure class=\"wp-block-image size-large\"><img loading=\"lazy\" decoding=\"async\" width=\"1024\" height=\"373\" src=\"https:\/\/nck.krakow.pl\/kcc\/wp-content\/uploads\/2021\/07\/logotypy-1024x373.png\" alt=\"\" class=\"wp-image-5138\" srcset=\"https:\/\/nck.krakow.pl\/kcc\/wp-content\/uploads\/2021\/07\/logotypy-1024x373.png 1024w, https:\/\/nck.krakow.pl\/kcc\/wp-content\/uploads\/2021\/07\/logotypy-300x109.png 300w, https:\/\/nck.krakow.pl\/kcc\/wp-content\/uploads\/2021\/07\/logotypy-768x280.png 768w, https:\/\/nck.krakow.pl\/kcc\/wp-content\/uploads\/2021\/07\/logotypy-1536x560.png 1536w, https:\/\/nck.krakow.pl\/kcc\/wp-content\/uploads\/2021\/07\/logotypy.png 1920w\" sizes=\"(max-width: 1024px) 100vw, 1024px\" \/><\/figure>\n","protected":false},"excerpt":{"rendered":"<p>W programie warsztatowym mamy r\u00f3wnie\u017c propozycj\u0119 dla najm\u0142odszych: warsztaty plastyczno-ruchowe dla dzieci w wieku 5-7 lat i bliskich im doros\u0142ych. 12 sierpnia 16:30 \u2013 17:30 Koszt warsztat\u00f3w: 50 z\u0142otych Regulamin: Karta zg\u0142osze\u0144:https:\/\/docs.google.com\/forms\/d\/e\/1FAIpQLSdhzD0mMQd01bEVt-1SSufC0XVfMD9zHbfR2LeBeSCIYCDbow\/viewform?usp=pp_url Kontakt: zapisy.kcc@nck.krakow.pl Ruch, kt\u00f3ry zostawia \u015bcie\u017ck\u0119 na papierze. \u015acie\u017cka, kt\u00f3ra prowokuje do ruchu. Jaki \u015blad w przestrzeni mo\u017ce pozostawi\u0107 ruch? Co to znaczy [&hellip;]<\/p>\n","protected":false},"author":5,"featured_media":5029,"parent":3723,"menu_order":0,"comment_status":"closed","ping_status":"closed","template":"","meta":{"footnotes":""},"class_list":["post-5027","page","type-page","status-publish","has-post-thumbnail","hentry"],"yoast_head":"<!-- This site is optimized with the Yoast SEO plugin v19.12 - https:\/\/yoast.com\/wordpress\/plugins\/seo\/ -->\n<title>WARSZTAT RUCHOME \u015aLADY - Krakowskie Centrum Choreograficzne<\/title>\n<meta name=\"robots\" content=\"index, follow, max-snippet:-1, max-image-preview:large, max-video-preview:-1\" \/>\n<link rel=\"canonical\" href=\"https:\/\/nck.krakow.pl\/kcc\/krakowski-festiwal-tanca-2021\/warsztat-ruchome-slady\/\" \/>\n<meta property=\"og:locale\" content=\"pl_PL\" \/>\n<meta property=\"og:type\" content=\"article\" \/>\n<meta property=\"og:title\" content=\"WARSZTAT RUCHOME \u015aLADY - Krakowskie Centrum Choreograficzne\" \/>\n<meta property=\"og:description\" content=\"W programie warsztatowym mamy r\u00f3wnie\u017c propozycj\u0119 dla najm\u0142odszych: warsztaty plastyczno-ruchowe dla dzieci w wieku 5-7 lat i bliskich im doros\u0142ych. 12 sierpnia 16:30 \u2013 17:30 Koszt warsztat\u00f3w: 50 z\u0142otych Regulamin: Karta zg\u0142osze\u0144:https:\/\/docs.google.com\/forms\/d\/e\/1FAIpQLSdhzD0mMQd01bEVt-1SSufC0XVfMD9zHbfR2LeBeSCIYCDbow\/viewform?usp=pp_url Kontakt: zapisy.kcc@nck.krakow.pl Ruch, kt\u00f3ry zostawia \u015bcie\u017ck\u0119 na papierze. \u015acie\u017cka, kt\u00f3ra prowokuje do ruchu. Jaki \u015blad w przestrzeni mo\u017ce pozostawi\u0107 ruch? Co to znaczy [&hellip;]\" \/>\n<meta property=\"og:url\" content=\"https:\/\/nck.krakow.pl\/kcc\/krakowski-festiwal-tanca-2021\/warsztat-ruchome-slady\/\" \/>\n<meta property=\"og:site_name\" content=\"Krakowskie Centrum Choreograficzne\" \/>\n<meta property=\"article:modified_time\" content=\"2021-08-17T09:59:12+00:00\" \/>\n<meta property=\"og:image\" content=\"https:\/\/nck.krakow.pl\/kcc\/wp-content\/uploads\/2021\/06\/Ruchome-Slady-scaled.jpg\" \/>\n\t<meta property=\"og:image:width\" content=\"2560\" \/>\n\t<meta property=\"og:image:height\" content=\"1706\" \/>\n\t<meta property=\"og:image:type\" content=\"image\/jpeg\" \/>\n<meta name=\"twitter:card\" content=\"summary_large_image\" \/>\n<meta name=\"twitter:label1\" content=\"Est. reading time\" \/>\n\t<meta name=\"twitter:data1\" content=\"2 minuty\" \/>\n<script type=\"application\/ld+json\" class=\"yoast-schema-graph\">{\"@context\":\"https:\/\/schema.org\",\"@graph\":[{\"@type\":\"WebPage\",\"@id\":\"https:\/\/nck.krakow.pl\/kcc\/krakowski-festiwal-tanca-2021\/warsztat-ruchome-slady\/\",\"url\":\"https:\/\/nck.krakow.pl\/kcc\/krakowski-festiwal-tanca-2021\/warsztat-ruchome-slady\/\",\"name\":\"WARSZTAT RUCHOME \u015aLADY - Krakowskie Centrum Choreograficzne\",\"isPartOf\":{\"@id\":\"https:\/\/nck.krakow.pl\/kcc\/#website\"},\"datePublished\":\"2021-06-22T13:23:32+00:00\",\"dateModified\":\"2021-08-17T09:59:12+00:00\",\"breadcrumb\":{\"@id\":\"https:\/\/nck.krakow.pl\/kcc\/krakowski-festiwal-tanca-2021\/warsztat-ruchome-slady\/#breadcrumb\"},\"inLanguage\":\"pl-PL\",\"potentialAction\":[{\"@type\":\"ReadAction\",\"target\":[\"https:\/\/nck.krakow.pl\/kcc\/krakowski-festiwal-tanca-2021\/warsztat-ruchome-slady\/\"]}]},{\"@type\":\"BreadcrumbList\",\"@id\":\"https:\/\/nck.krakow.pl\/kcc\/krakowski-festiwal-tanca-2021\/warsztat-ruchome-slady\/#breadcrumb\",\"itemListElement\":[{\"@type\":\"ListItem\",\"position\":1,\"name\":\"Strona g\u0142\u00f3wna\",\"item\":\"https:\/\/nck.krakow.pl\/kcc\/\"},{\"@type\":\"ListItem\",\"position\":2,\"name\":\"Krakowski Festiwal Ta\u0144ca 2021\",\"item\":\"https:\/\/nck.krakow.pl\/kcc\/krakowski-festiwal-tanca-2021\/\"},{\"@type\":\"ListItem\",\"position\":3,\"name\":\"WARSZTAT RUCHOME \u015aLADY\"}]},{\"@type\":\"WebSite\",\"@id\":\"https:\/\/nck.krakow.pl\/kcc\/#website\",\"url\":\"https:\/\/nck.krakow.pl\/kcc\/\",\"name\":\"Krakowskie Centrum Choreograficzne\",\"description\":\"\",\"publisher\":{\"@id\":\"https:\/\/nck.krakow.pl\/kcc\/#organization\"},\"potentialAction\":[{\"@type\":\"SearchAction\",\"target\":{\"@type\":\"EntryPoint\",\"urlTemplate\":\"https:\/\/nck.krakow.pl\/kcc\/?s={search_term_string}\"},\"query-input\":\"required name=search_term_string\"}],\"inLanguage\":\"pl-PL\"},{\"@type\":\"Organization\",\"@id\":\"https:\/\/nck.krakow.pl\/kcc\/#organization\",\"name\":\"Krakowskie Centrum Choreograficzne\",\"url\":\"https:\/\/nck.krakow.pl\/kcc\/\",\"logo\":{\"@type\":\"ImageObject\",\"inLanguage\":\"pl-PL\",\"@id\":\"https:\/\/nck.krakow.pl\/kcc\/#\/schema\/logo\/image\/\",\"url\":\"https:\/\/nck.krakow.pl\/kcc\/wp-content\/uploads\/2020\/01\/cropped-logo-kcc-2020.png\",\"contentUrl\":\"https:\/\/nck.krakow.pl\/kcc\/wp-content\/uploads\/2020\/01\/cropped-logo-kcc-2020.png\",\"width\":116,\"height\":55,\"caption\":\"Krakowskie Centrum Choreograficzne\"},\"image\":{\"@id\":\"https:\/\/nck.krakow.pl\/kcc\/#\/schema\/logo\/image\/\"}}]}<\/script>\n<!-- \/ Yoast SEO plugin. -->","yoast_head_json":{"title":"WARSZTAT RUCHOME \u015aLADY - Krakowskie Centrum Choreograficzne","robots":{"index":"index","follow":"follow","max-snippet":"max-snippet:-1","max-image-preview":"max-image-preview:large","max-video-preview":"max-video-preview:-1"},"canonical":"https:\/\/nck.krakow.pl\/kcc\/krakowski-festiwal-tanca-2021\/warsztat-ruchome-slady\/","og_locale":"pl_PL","og_type":"article","og_title":"WARSZTAT RUCHOME \u015aLADY - Krakowskie Centrum Choreograficzne","og_description":"W programie warsztatowym mamy r\u00f3wnie\u017c propozycj\u0119 dla najm\u0142odszych: warsztaty plastyczno-ruchowe dla dzieci w wieku 5-7 lat i bliskich im doros\u0142ych. 12 sierpnia 16:30 \u2013 17:30 Koszt warsztat\u00f3w: 50 z\u0142otych Regulamin: Karta zg\u0142osze\u0144:https:\/\/docs.google.com\/forms\/d\/e\/1FAIpQLSdhzD0mMQd01bEVt-1SSufC0XVfMD9zHbfR2LeBeSCIYCDbow\/viewform?usp=pp_url Kontakt: zapisy.kcc@nck.krakow.pl Ruch, kt\u00f3ry zostawia \u015bcie\u017ck\u0119 na papierze. \u015acie\u017cka, kt\u00f3ra prowokuje do ruchu. Jaki \u015blad w przestrzeni mo\u017ce pozostawi\u0107 ruch? Co to znaczy [&hellip;]","og_url":"https:\/\/nck.krakow.pl\/kcc\/krakowski-festiwal-tanca-2021\/warsztat-ruchome-slady\/","og_site_name":"Krakowskie Centrum Choreograficzne","article_modified_time":"2021-08-17T09:59:12+00:00","og_image":[{"width":2560,"height":1706,"url":"https:\/\/nck.krakow.pl\/kcc\/wp-content\/uploads\/2021\/06\/Ruchome-Slady-scaled.jpg","type":"image\/jpeg"}],"twitter_card":"summary_large_image","twitter_misc":{"Est. reading time":"2 minuty"},"schema":{"@context":"https:\/\/schema.org","@graph":[{"@type":"WebPage","@id":"https:\/\/nck.krakow.pl\/kcc\/krakowski-festiwal-tanca-2021\/warsztat-ruchome-slady\/","url":"https:\/\/nck.krakow.pl\/kcc\/krakowski-festiwal-tanca-2021\/warsztat-ruchome-slady\/","name":"WARSZTAT RUCHOME \u015aLADY - Krakowskie Centrum Choreograficzne","isPartOf":{"@id":"https:\/\/nck.krakow.pl\/kcc\/#website"},"datePublished":"2021-06-22T13:23:32+00:00","dateModified":"2021-08-17T09:59:12+00:00","breadcrumb":{"@id":"https:\/\/nck.krakow.pl\/kcc\/krakowski-festiwal-tanca-2021\/warsztat-ruchome-slady\/#breadcrumb"},"inLanguage":"pl-PL","potentialAction":[{"@type":"ReadAction","target":["https:\/\/nck.krakow.pl\/kcc\/krakowski-festiwal-tanca-2021\/warsztat-ruchome-slady\/"]}]},{"@type":"BreadcrumbList","@id":"https:\/\/nck.krakow.pl\/kcc\/krakowski-festiwal-tanca-2021\/warsztat-ruchome-slady\/#breadcrumb","itemListElement":[{"@type":"ListItem","position":1,"name":"Strona g\u0142\u00f3wna","item":"https:\/\/nck.krakow.pl\/kcc\/"},{"@type":"ListItem","position":2,"name":"Krakowski Festiwal Ta\u0144ca 2021","item":"https:\/\/nck.krakow.pl\/kcc\/krakowski-festiwal-tanca-2021\/"},{"@type":"ListItem","position":3,"name":"WARSZTAT RUCHOME \u015aLADY"}]},{"@type":"WebSite","@id":"https:\/\/nck.krakow.pl\/kcc\/#website","url":"https:\/\/nck.krakow.pl\/kcc\/","name":"Krakowskie Centrum Choreograficzne","description":"","publisher":{"@id":"https:\/\/nck.krakow.pl\/kcc\/#organization"},"potentialAction":[{"@type":"SearchAction","target":{"@type":"EntryPoint","urlTemplate":"https:\/\/nck.krakow.pl\/kcc\/?s={search_term_string}"},"query-input":"required name=search_term_string"}],"inLanguage":"pl-PL"},{"@type":"Organization","@id":"https:\/\/nck.krakow.pl\/kcc\/#organization","name":"Krakowskie Centrum Choreograficzne","url":"https:\/\/nck.krakow.pl\/kcc\/","logo":{"@type":"ImageObject","inLanguage":"pl-PL","@id":"https:\/\/nck.krakow.pl\/kcc\/#\/schema\/logo\/image\/","url":"https:\/\/nck.krakow.pl\/kcc\/wp-content\/uploads\/2020\/01\/cropped-logo-kcc-2020.png","contentUrl":"https:\/\/nck.krakow.pl\/kcc\/wp-content\/uploads\/2020\/01\/cropped-logo-kcc-2020.png","width":116,"height":55,"caption":"Krakowskie Centrum Choreograficzne"},"image":{"@id":"https:\/\/nck.krakow.pl\/kcc\/#\/schema\/logo\/image\/"}}]}},"_links":{"self":[{"href":"https:\/\/nck.krakow.pl\/kcc\/wp-json\/wp\/v2\/pages\/5027"}],"collection":[{"href":"https:\/\/nck.krakow.pl\/kcc\/wp-json\/wp\/v2\/pages"}],"about":[{"href":"https:\/\/nck.krakow.pl\/kcc\/wp-json\/wp\/v2\/types\/page"}],"author":[{"embeddable":true,"href":"https:\/\/nck.krakow.pl\/kcc\/wp-json\/wp\/v2\/users\/5"}],"replies":[{"embeddable":true,"href":"https:\/\/nck.krakow.pl\/kcc\/wp-json\/wp\/v2\/comments?post=5027"}],"version-history":[{"count":5,"href":"https:\/\/nck.krakow.pl\/kcc\/wp-json\/wp\/v2\/pages\/5027\/revisions"}],"predecessor-version":[{"id":5143,"href":"https:\/\/nck.krakow.pl\/kcc\/wp-json\/wp\/v2\/pages\/5027\/revisions\/5143"}],"up":[{"embeddable":true,"href":"https:\/\/nck.krakow.pl\/kcc\/wp-json\/wp\/v2\/pages\/3723"}],"wp:featuredmedia":[{"embeddable":true,"href":"https:\/\/nck.krakow.pl\/kcc\/wp-json\/wp\/v2\/media\/5029"}],"wp:attachment":[{"href":"https:\/\/nck.krakow.pl\/kcc\/wp-json\/wp\/v2\/media?parent=5027"}],"curies":[{"name":"wp","href":"https:\/\/api.w.org\/{rel}","templated":true}]}}