{"id":5022,"date":"2021-06-22T13:19:14","date_gmt":"2021-06-22T13:19:14","guid":{"rendered":"https:\/\/nck.krakow.pl\/kcc\/?page_id=5022"},"modified":"2021-08-17T09:58:56","modified_gmt":"2021-08-17T09:58:56","slug":"warsztaty-gaga-people-i-gaga-dancers","status":"publish","type":"page","link":"https:\/\/nck.krakow.pl\/kcc\/krakowski-festiwal-tanca-2021\/warsztaty-gaga-people-i-gaga-dancers\/","title":{"rendered":"WARSZTATY GAGA PEOPLE I GAGA DANCERS"},"content":{"rendered":"\n<figure class=\"wp-block-image size-large\"><img loading=\"lazy\" decoding=\"async\" width=\"1024\" height=\"684\" src=\"https:\/\/nck.krakow.pl\/kcc\/wp-content\/uploads\/2021\/06\/GAGA-1024x684.jpg\" alt=\"\" class=\"wp-image-5023\" srcset=\"https:\/\/nck.krakow.pl\/kcc\/wp-content\/uploads\/2021\/06\/GAGA-1024x684.jpg 1024w, https:\/\/nck.krakow.pl\/kcc\/wp-content\/uploads\/2021\/06\/GAGA-300x200.jpg 300w, https:\/\/nck.krakow.pl\/kcc\/wp-content\/uploads\/2021\/06\/GAGA-768x513.jpg 768w, https:\/\/nck.krakow.pl\/kcc\/wp-content\/uploads\/2021\/06\/GAGA-1536x1025.jpg 1536w, https:\/\/nck.krakow.pl\/kcc\/wp-content\/uploads\/2021\/06\/GAGA.jpg 2000w\" sizes=\"(max-width: 1024px) 100vw, 1024px\" \/><\/figure>\n\n\n\n<p>W programie warsztatowym nie zabraknie r\u00f3wnie\u017c zaj\u0119\u0107 GAGA, kt\u00f3re poprowadzi Adi Weinberg.<\/p>\n\n\n\n<p>Zaj\u0119cia Gaga People s\u0105 otwarte dla os\u00f3b powy\u017cej 18. roku \u017cycia, niezale\u017cnie od do\u015bwiadczenia tanecznego czy ruchowego (czyli dla wszystkich ch\u0119tnych, pocz\u0105tkuj\u0105cych, starszych, m\u0142odszych itd.), natomiast zaj\u0119cia Gaga Dancers kierowane s\u0105 do tancerzy na poziomie \u015brednio zaawansowanym i zaawansowanym, powy\u017cej 18 roku \u017cycia.<\/p>\n\n\n\n<div style=\"height:30px\" aria-hidden=\"true\" class=\"wp-block-spacer\"><\/div>\n\n\n\n<p><strong>BRAK MIEJSC, PRZYJMUJEMY ZAPISY NA LIST\u0118 REZERWOW\u0104.<\/strong><\/p>\n\n\n\n<p><strong>14 sierpnia 10:00 \u2013 11:00 Gaga People \/ 11:30 \u2013 12:45 Gaga Dancers<\/strong><br><strong>15 sierpnia 10:00 \u2013 11:00 Gaga People \/ 11:30 \u2013 12:45 Gaga Dancers<\/strong><\/p>\n\n\n\n<p>Koszt jednej lekcji: 45 z\u0142otych.<\/p>\n\n\n\n<p>UWAGA! Osoby sp\u00f3\u017anione nie zostan\u0105 wpuszczone na zaj\u0119cia! Prosimy przyj\u015b\u0107 co najmniej 15 minut przed rozpocz\u0119ciem lekcji.<\/p>\n\n\n\n<p>Regulamin:<\/p>\n\n\n\n<div class=\"wp-block-file\"><a href=\"https:\/\/nck.krakow.pl\/kcc\/wp-content\/uploads\/2021\/06\/REGULAMIN_Gaga_KFT2021.pdf\">REGULAMIN_Gaga_KFT2021<\/a><a href=\"https:\/\/nck.krakow.pl\/kcc\/wp-content\/uploads\/2021\/06\/REGULAMIN_Gaga_KFT2021.pdf\" class=\"wp-block-file__button\" download>Pobierz<\/a><\/div>\n\n\n\n<p>Kontakt: <br><a href=\"mailto:zapisy.kcc@nck.krakow.pl\">zapisy.kcc@nck.krakow.pl<\/a><\/p>\n\n\n\n<div style=\"height:100px\" aria-hidden=\"true\" class=\"wp-block-spacer\"><\/div>\n\n\n\n<p><strong>Gaga<\/strong><\/p>\n\n\n\n<p>Gaga jest j\u0119zykiem ruchowym opracowanym przez wiele lat przez Ohada Naharina i stosowanym w codziennym treningu i praktyce tanecznej Batsheva Dance Company. J\u0119zyk Gaga jest nieustannie rozwijany i pog\u0142\u0119biany, opiera si\u0119 na przekonaniu, \u017ce ruch ma lecz\u0105c\u0105, dynamiczn\u0105 i nieustannie zmieniaj\u0105c\u0105 si\u0119 moc.<\/p>\n\n\n\n<p>Gaga jest nowym sposobem zdobywania wiedzy i samo\u015bwiadomo\u015bci przez cia\u0142o. Oferuje spos\u00f3b odkrywania i wzmacniania cia\u0142a oraz zwi\u0119kszania elastyczno\u015bci, pewno\u015bci siebie i zakres\u00f3w ruchu, jednocze\u015bnie uwalniaj\u0105c zmys\u0142y i wyobra\u017ani\u0119. Gaga podnosi \u015bwiadomo\u015b\u0107 w\u0142asnych fizycznych s\u0142abo\u015bci, przebudza odr\u0119twia\u0142e obszary cia\u0142a, obna\u017ca fizyczne zafiksowania i oferuje sposoby ich eliminacji.<\/p>\n\n\n\n<p>Praca ta wzmacnia instynktowny ruch i \u0142\u0105czy ruch \u015bwiadomy z nie\u015bwiadomym, i pozwala na do\u015bwiadczanie swobody i przyjemno\u015bci w prosty spos\u00f3b, w przyjemnej przestrzeni, w wygodnym ubraniu, przy muzyce, ka\u017cdy w indywidualnym ruchu z innymi.<\/p>\n\n\n\n<div style=\"height:50px\" aria-hidden=\"true\" class=\"wp-block-spacer\"><\/div>\n\n\n\n<p><strong>ADI WEINBERG<\/strong><\/p>\n\n\n\n<figure class=\"wp-block-image size-large is-resized\"><img loading=\"lazy\" decoding=\"async\" src=\"https:\/\/nck.krakow.pl\/kcc\/wp-content\/uploads\/2021\/06\/GAGA-Adi-Weinberg-1024x681.jpg\" alt=\"\" class=\"wp-image-5025\" width=\"493\" height=\"327\" srcset=\"https:\/\/nck.krakow.pl\/kcc\/wp-content\/uploads\/2021\/06\/GAGA-Adi-Weinberg-1024x681.jpg 1024w, https:\/\/nck.krakow.pl\/kcc\/wp-content\/uploads\/2021\/06\/GAGA-Adi-Weinberg-300x200.jpg 300w, https:\/\/nck.krakow.pl\/kcc\/wp-content\/uploads\/2021\/06\/GAGA-Adi-Weinberg-768x511.jpg 768w, https:\/\/nck.krakow.pl\/kcc\/wp-content\/uploads\/2021\/06\/GAGA-Adi-Weinberg-1536x1022.jpg 1536w, https:\/\/nck.krakow.pl\/kcc\/wp-content\/uploads\/2021\/06\/GAGA-Adi-Weinberg.jpg 1700w\" sizes=\"(max-width: 493px) 100vw, 493px\" \/><\/figure>\n\n\n\n<p>Adi Weinberg jest tancerk\u0105, choreografk\u0105 i nauczycielk\u0105 Gagi (j\u0119zyka ruchu opracowanego przez Ohada Naharina, dyrektora artystycznego i choreografa Batsheva Dance Company). Przez ostatnie 3 lata budowa\u0142a spo\u0142eczno\u015b\u0107 Gaga\/people w Polsce, prowadz\u0105c warsztaty w Warszawie, Lublinie oraz na r\u00f3\u017cnych innych imprezach i festiwalach w Europie i Izraelu.<\/p>\n\n\n\n<p>W ci\u0105gu ostatnich kilku lat poszerza\u0142a swoje nauczanie, pracuj\u0105c w r\u00f3\u017cnych przestrzeniach pedagogicznych i artystycznych, zar\u00f3wno w studio jak i online, m.in. Arthaus Berlin z Cat Gerrard, Instytut Teatralny w Warszawie, Fabrik Potsdam.<\/p>\n\n\n\n<p>Jest&nbsp; absolwentk\u0105 Haifa Program for Professional Dancers, odby\u0142a te\u017c sta\u017c w Vertigo Dance Company. Jako tancerka wsp\u00f3\u0142czesna wyst\u0119powa\u0142a na wielu festiwalach na ca\u0142ym \u015bwiecie.<\/p>\n\n\n\n<p>Wsp\u00f3\u0142pracowa\u0142a z choreografami i instytucjami, takimi jak: Andrea Costanzo Martini, Nadar Rosano, Efrat Rubin, Rachel Erdos, Noa Zuk, Aviv Eveguy, Shimrit Golan, Yuval Goldstein, Sharon Vaisvaser, Deganit Shemi, Michael Miller, Weronika Pelczy\u0144ska, Agnieszka Gli\u0144ska , Fresco Dance Company, Opera Izraelska i Polska Opera Narodowa.<\/p>\n\n\n\n<p>Od 2014 roku rozwija swoj\u0105 tw\u00f3rczo\u015b\u0107 jako choreografka i pokazuje swoje spektakle na r\u00f3\u017cnych platformach i festiwalach, m.in. Machol Shalem International Dance week, Tel Aviv Dance Festival w Suzanne Dellal, MAAT Festival, MSTT Festival, KRoki festival, Dybuk na Stulecie przy Instytucie Teatralnym w Warszawie we wsp\u00f3\u0142pracy z Fabrik Potsdam i nie tylko.<\/p>\n\n\n\n<p>W 2017 roku otrzyma\u0142a stypendium Rady Kultury i Sztuki Mifal HaPais na rozw\u00f3j choreografii.<\/p>\n\n\n\n<p>Dodatkowo jest terapeutk\u0105 Shiatsu, masa\u017cystk\u0105 Ayurveda-Seed oraz instruktork\u0105 Pilates. Praktykuje Tai Chi, Qi Gong i metod\u0119 Feldenkraisa.<\/p>\n\n\n\n<p><a href=\"https:\/\/www.adiweinberg.com\/\">https:\/\/www.adiweinberg.com\/<\/a><\/p>\n\n\n\n<div style=\"height:100px\" aria-hidden=\"true\" class=\"wp-block-spacer\"><\/div>\n\n\n\n<p>Dofinansowano ze \u015brodk\u00f3w Ministra Kultury, Dziedzictwa Narodowego i Sportu pochodz\u0105cych z Funduszu Promocji Kultury &#8211; pa\u0144stwowego funduszu celowego, w ramach programu \u201eTaniec\u201d, realizowanego przez Narodowy Instytut Muzyki i Ta\u0144ca.<\/p>\n\n\n\n<figure class=\"wp-block-image size-large\"><img loading=\"lazy\" decoding=\"async\" width=\"1024\" height=\"373\" src=\"https:\/\/nck.krakow.pl\/kcc\/wp-content\/uploads\/2021\/07\/logotypy-1024x373.png\" alt=\"\" class=\"wp-image-5138\" srcset=\"https:\/\/nck.krakow.pl\/kcc\/wp-content\/uploads\/2021\/07\/logotypy-1024x373.png 1024w, https:\/\/nck.krakow.pl\/kcc\/wp-content\/uploads\/2021\/07\/logotypy-300x109.png 300w, https:\/\/nck.krakow.pl\/kcc\/wp-content\/uploads\/2021\/07\/logotypy-768x280.png 768w, https:\/\/nck.krakow.pl\/kcc\/wp-content\/uploads\/2021\/07\/logotypy-1536x560.png 1536w, https:\/\/nck.krakow.pl\/kcc\/wp-content\/uploads\/2021\/07\/logotypy.png 1920w\" sizes=\"(max-width: 1024px) 100vw, 1024px\" \/><\/figure>\n","protected":false},"excerpt":{"rendered":"<p>W programie warsztatowym nie zabraknie r\u00f3wnie\u017c zaj\u0119\u0107 GAGA, kt\u00f3re poprowadzi Adi Weinberg. Zaj\u0119cia Gaga People s\u0105 otwarte dla os\u00f3b powy\u017cej 18. roku \u017cycia, niezale\u017cnie od do\u015bwiadczenia tanecznego czy ruchowego (czyli dla wszystkich ch\u0119tnych, pocz\u0105tkuj\u0105cych, starszych, m\u0142odszych itd.), natomiast zaj\u0119cia Gaga Dancers kierowane s\u0105 do tancerzy na poziomie \u015brednio zaawansowanym i zaawansowanym, powy\u017cej 18 roku \u017cycia. [&hellip;]<\/p>\n","protected":false},"author":5,"featured_media":5023,"parent":3723,"menu_order":0,"comment_status":"closed","ping_status":"closed","template":"","meta":{"footnotes":""},"class_list":["post-5022","page","type-page","status-publish","has-post-thumbnail","hentry"],"yoast_head":"<!-- This site is optimized with the Yoast SEO plugin v19.12 - https:\/\/yoast.com\/wordpress\/plugins\/seo\/ -->\n<title>WARSZTATY GAGA PEOPLE I GAGA DANCERS - Krakowskie Centrum Choreograficzne<\/title>\n<meta name=\"robots\" content=\"index, follow, max-snippet:-1, max-image-preview:large, max-video-preview:-1\" \/>\n<link rel=\"canonical\" href=\"https:\/\/nck.krakow.pl\/kcc\/krakowski-festiwal-tanca-2021\/warsztaty-gaga-people-i-gaga-dancers\/\" \/>\n<meta property=\"og:locale\" content=\"pl_PL\" \/>\n<meta property=\"og:type\" content=\"article\" \/>\n<meta property=\"og:title\" content=\"WARSZTATY GAGA PEOPLE I GAGA DANCERS - Krakowskie Centrum Choreograficzne\" \/>\n<meta property=\"og:description\" content=\"W programie warsztatowym nie zabraknie r\u00f3wnie\u017c zaj\u0119\u0107 GAGA, kt\u00f3re poprowadzi Adi Weinberg. Zaj\u0119cia Gaga People s\u0105 otwarte dla os\u00f3b powy\u017cej 18. roku \u017cycia, niezale\u017cnie od do\u015bwiadczenia tanecznego czy ruchowego (czyli dla wszystkich ch\u0119tnych, pocz\u0105tkuj\u0105cych, starszych, m\u0142odszych itd.), natomiast zaj\u0119cia Gaga Dancers kierowane s\u0105 do tancerzy na poziomie \u015brednio zaawansowanym i zaawansowanym, powy\u017cej 18 roku \u017cycia. [&hellip;]\" \/>\n<meta property=\"og:url\" content=\"https:\/\/nck.krakow.pl\/kcc\/krakowski-festiwal-tanca-2021\/warsztaty-gaga-people-i-gaga-dancers\/\" \/>\n<meta property=\"og:site_name\" content=\"Krakowskie Centrum Choreograficzne\" \/>\n<meta property=\"article:modified_time\" content=\"2021-08-17T09:58:56+00:00\" \/>\n<meta property=\"og:image\" content=\"https:\/\/nck.krakow.pl\/kcc\/wp-content\/uploads\/2021\/06\/GAGA.jpg\" \/>\n\t<meta property=\"og:image:width\" content=\"2000\" \/>\n\t<meta property=\"og:image:height\" content=\"1335\" \/>\n\t<meta property=\"og:image:type\" content=\"image\/jpeg\" \/>\n<meta name=\"twitter:card\" content=\"summary_large_image\" \/>\n<meta name=\"twitter:label1\" content=\"Est. reading time\" \/>\n\t<meta name=\"twitter:data1\" content=\"3 minuty\" \/>\n<script type=\"application\/ld+json\" class=\"yoast-schema-graph\">{\"@context\":\"https:\/\/schema.org\",\"@graph\":[{\"@type\":\"WebPage\",\"@id\":\"https:\/\/nck.krakow.pl\/kcc\/krakowski-festiwal-tanca-2021\/warsztaty-gaga-people-i-gaga-dancers\/\",\"url\":\"https:\/\/nck.krakow.pl\/kcc\/krakowski-festiwal-tanca-2021\/warsztaty-gaga-people-i-gaga-dancers\/\",\"name\":\"WARSZTATY GAGA PEOPLE I GAGA DANCERS - Krakowskie Centrum Choreograficzne\",\"isPartOf\":{\"@id\":\"https:\/\/nck.krakow.pl\/kcc\/#website\"},\"datePublished\":\"2021-06-22T13:19:14+00:00\",\"dateModified\":\"2021-08-17T09:58:56+00:00\",\"breadcrumb\":{\"@id\":\"https:\/\/nck.krakow.pl\/kcc\/krakowski-festiwal-tanca-2021\/warsztaty-gaga-people-i-gaga-dancers\/#breadcrumb\"},\"inLanguage\":\"pl-PL\",\"potentialAction\":[{\"@type\":\"ReadAction\",\"target\":[\"https:\/\/nck.krakow.pl\/kcc\/krakowski-festiwal-tanca-2021\/warsztaty-gaga-people-i-gaga-dancers\/\"]}]},{\"@type\":\"BreadcrumbList\",\"@id\":\"https:\/\/nck.krakow.pl\/kcc\/krakowski-festiwal-tanca-2021\/warsztaty-gaga-people-i-gaga-dancers\/#breadcrumb\",\"itemListElement\":[{\"@type\":\"ListItem\",\"position\":1,\"name\":\"Strona g\u0142\u00f3wna\",\"item\":\"https:\/\/nck.krakow.pl\/kcc\/\"},{\"@type\":\"ListItem\",\"position\":2,\"name\":\"Krakowski Festiwal Ta\u0144ca 2021\",\"item\":\"https:\/\/nck.krakow.pl\/kcc\/krakowski-festiwal-tanca-2021\/\"},{\"@type\":\"ListItem\",\"position\":3,\"name\":\"WARSZTATY GAGA PEOPLE I GAGA DANCERS\"}]},{\"@type\":\"WebSite\",\"@id\":\"https:\/\/nck.krakow.pl\/kcc\/#website\",\"url\":\"https:\/\/nck.krakow.pl\/kcc\/\",\"name\":\"Krakowskie Centrum Choreograficzne\",\"description\":\"\",\"publisher\":{\"@id\":\"https:\/\/nck.krakow.pl\/kcc\/#organization\"},\"potentialAction\":[{\"@type\":\"SearchAction\",\"target\":{\"@type\":\"EntryPoint\",\"urlTemplate\":\"https:\/\/nck.krakow.pl\/kcc\/?s={search_term_string}\"},\"query-input\":\"required name=search_term_string\"}],\"inLanguage\":\"pl-PL\"},{\"@type\":\"Organization\",\"@id\":\"https:\/\/nck.krakow.pl\/kcc\/#organization\",\"name\":\"Krakowskie Centrum Choreograficzne\",\"url\":\"https:\/\/nck.krakow.pl\/kcc\/\",\"logo\":{\"@type\":\"ImageObject\",\"inLanguage\":\"pl-PL\",\"@id\":\"https:\/\/nck.krakow.pl\/kcc\/#\/schema\/logo\/image\/\",\"url\":\"https:\/\/nck.krakow.pl\/kcc\/wp-content\/uploads\/2020\/01\/cropped-logo-kcc-2020.png\",\"contentUrl\":\"https:\/\/nck.krakow.pl\/kcc\/wp-content\/uploads\/2020\/01\/cropped-logo-kcc-2020.png\",\"width\":116,\"height\":55,\"caption\":\"Krakowskie Centrum Choreograficzne\"},\"image\":{\"@id\":\"https:\/\/nck.krakow.pl\/kcc\/#\/schema\/logo\/image\/\"}}]}<\/script>\n<!-- \/ Yoast SEO plugin. -->","yoast_head_json":{"title":"WARSZTATY GAGA PEOPLE I GAGA DANCERS - Krakowskie Centrum Choreograficzne","robots":{"index":"index","follow":"follow","max-snippet":"max-snippet:-1","max-image-preview":"max-image-preview:large","max-video-preview":"max-video-preview:-1"},"canonical":"https:\/\/nck.krakow.pl\/kcc\/krakowski-festiwal-tanca-2021\/warsztaty-gaga-people-i-gaga-dancers\/","og_locale":"pl_PL","og_type":"article","og_title":"WARSZTATY GAGA PEOPLE I GAGA DANCERS - Krakowskie Centrum Choreograficzne","og_description":"W programie warsztatowym nie zabraknie r\u00f3wnie\u017c zaj\u0119\u0107 GAGA, kt\u00f3re poprowadzi Adi Weinberg. Zaj\u0119cia Gaga People s\u0105 otwarte dla os\u00f3b powy\u017cej 18. roku \u017cycia, niezale\u017cnie od do\u015bwiadczenia tanecznego czy ruchowego (czyli dla wszystkich ch\u0119tnych, pocz\u0105tkuj\u0105cych, starszych, m\u0142odszych itd.), natomiast zaj\u0119cia Gaga Dancers kierowane s\u0105 do tancerzy na poziomie \u015brednio zaawansowanym i zaawansowanym, powy\u017cej 18 roku \u017cycia. [&hellip;]","og_url":"https:\/\/nck.krakow.pl\/kcc\/krakowski-festiwal-tanca-2021\/warsztaty-gaga-people-i-gaga-dancers\/","og_site_name":"Krakowskie Centrum Choreograficzne","article_modified_time":"2021-08-17T09:58:56+00:00","og_image":[{"width":2000,"height":1335,"url":"https:\/\/nck.krakow.pl\/kcc\/wp-content\/uploads\/2021\/06\/GAGA.jpg","type":"image\/jpeg"}],"twitter_card":"summary_large_image","twitter_misc":{"Est. reading time":"3 minuty"},"schema":{"@context":"https:\/\/schema.org","@graph":[{"@type":"WebPage","@id":"https:\/\/nck.krakow.pl\/kcc\/krakowski-festiwal-tanca-2021\/warsztaty-gaga-people-i-gaga-dancers\/","url":"https:\/\/nck.krakow.pl\/kcc\/krakowski-festiwal-tanca-2021\/warsztaty-gaga-people-i-gaga-dancers\/","name":"WARSZTATY GAGA PEOPLE I GAGA DANCERS - Krakowskie Centrum Choreograficzne","isPartOf":{"@id":"https:\/\/nck.krakow.pl\/kcc\/#website"},"datePublished":"2021-06-22T13:19:14+00:00","dateModified":"2021-08-17T09:58:56+00:00","breadcrumb":{"@id":"https:\/\/nck.krakow.pl\/kcc\/krakowski-festiwal-tanca-2021\/warsztaty-gaga-people-i-gaga-dancers\/#breadcrumb"},"inLanguage":"pl-PL","potentialAction":[{"@type":"ReadAction","target":["https:\/\/nck.krakow.pl\/kcc\/krakowski-festiwal-tanca-2021\/warsztaty-gaga-people-i-gaga-dancers\/"]}]},{"@type":"BreadcrumbList","@id":"https:\/\/nck.krakow.pl\/kcc\/krakowski-festiwal-tanca-2021\/warsztaty-gaga-people-i-gaga-dancers\/#breadcrumb","itemListElement":[{"@type":"ListItem","position":1,"name":"Strona g\u0142\u00f3wna","item":"https:\/\/nck.krakow.pl\/kcc\/"},{"@type":"ListItem","position":2,"name":"Krakowski Festiwal Ta\u0144ca 2021","item":"https:\/\/nck.krakow.pl\/kcc\/krakowski-festiwal-tanca-2021\/"},{"@type":"ListItem","position":3,"name":"WARSZTATY GAGA PEOPLE I GAGA DANCERS"}]},{"@type":"WebSite","@id":"https:\/\/nck.krakow.pl\/kcc\/#website","url":"https:\/\/nck.krakow.pl\/kcc\/","name":"Krakowskie Centrum Choreograficzne","description":"","publisher":{"@id":"https:\/\/nck.krakow.pl\/kcc\/#organization"},"potentialAction":[{"@type":"SearchAction","target":{"@type":"EntryPoint","urlTemplate":"https:\/\/nck.krakow.pl\/kcc\/?s={search_term_string}"},"query-input":"required name=search_term_string"}],"inLanguage":"pl-PL"},{"@type":"Organization","@id":"https:\/\/nck.krakow.pl\/kcc\/#organization","name":"Krakowskie Centrum Choreograficzne","url":"https:\/\/nck.krakow.pl\/kcc\/","logo":{"@type":"ImageObject","inLanguage":"pl-PL","@id":"https:\/\/nck.krakow.pl\/kcc\/#\/schema\/logo\/image\/","url":"https:\/\/nck.krakow.pl\/kcc\/wp-content\/uploads\/2020\/01\/cropped-logo-kcc-2020.png","contentUrl":"https:\/\/nck.krakow.pl\/kcc\/wp-content\/uploads\/2020\/01\/cropped-logo-kcc-2020.png","width":116,"height":55,"caption":"Krakowskie Centrum Choreograficzne"},"image":{"@id":"https:\/\/nck.krakow.pl\/kcc\/#\/schema\/logo\/image\/"}}]}},"_links":{"self":[{"href":"https:\/\/nck.krakow.pl\/kcc\/wp-json\/wp\/v2\/pages\/5022"}],"collection":[{"href":"https:\/\/nck.krakow.pl\/kcc\/wp-json\/wp\/v2\/pages"}],"about":[{"href":"https:\/\/nck.krakow.pl\/kcc\/wp-json\/wp\/v2\/types\/page"}],"author":[{"embeddable":true,"href":"https:\/\/nck.krakow.pl\/kcc\/wp-json\/wp\/v2\/users\/5"}],"replies":[{"embeddable":true,"href":"https:\/\/nck.krakow.pl\/kcc\/wp-json\/wp\/v2\/comments?post=5022"}],"version-history":[{"count":10,"href":"https:\/\/nck.krakow.pl\/kcc\/wp-json\/wp\/v2\/pages\/5022\/revisions"}],"predecessor-version":[{"id":5507,"href":"https:\/\/nck.krakow.pl\/kcc\/wp-json\/wp\/v2\/pages\/5022\/revisions\/5507"}],"up":[{"embeddable":true,"href":"https:\/\/nck.krakow.pl\/kcc\/wp-json\/wp\/v2\/pages\/3723"}],"wp:featuredmedia":[{"embeddable":true,"href":"https:\/\/nck.krakow.pl\/kcc\/wp-json\/wp\/v2\/media\/5023"}],"wp:attachment":[{"href":"https:\/\/nck.krakow.pl\/kcc\/wp-json\/wp\/v2\/media?parent=5022"}],"curies":[{"name":"wp","href":"https:\/\/api.w.org\/{rel}","templated":true}]}}