{"id":4992,"date":"2021-06-22T12:50:46","date_gmt":"2021-06-22T12:50:46","guid":{"rendered":"https:\/\/nck.krakow.pl\/kcc\/?page_id=4992"},"modified":"2022-05-25T13:08:16","modified_gmt":"2022-05-25T13:08:16","slug":"warsztaty","status":"publish","type":"page","link":"https:\/\/nck.krakow.pl\/kcc\/krakowski-festiwal-tanca-2021\/warsztaty\/","title":{"rendered":"warsztaty"},"content":{"rendered":"\n<p><a href=\"https:\/\/nck.krakow.pl\/kcc\/krakowski-festiwal-tanca-2021\/warsztaty-sciezka-glowna-poziom-podstawowy\/\"><strong>Warsztaty \u015bcie\u017cka g\u0142\u00f3wna &#8211; poziom podstawowy<\/strong> 9-13 sierpnia 2021 r.<\/a><\/p>\n\n\n\n<p><a href=\"https:\/\/nck.krakow.pl\/kcc\/krakowski-festiwal-tanca-2021\/warsztaty-sciezka-glowna-poziom-sredniozaawansowany-i-zaawansowany\/\"><strong>Warsztaty \u015bcie\u017cka g\u0142\u00f3wna &#8211; poziom \u015bredniozaawansowany i zaawansowany<\/strong> 9-13 sierpnia 2021 r.<\/a><\/p>\n\n\n\n<p><a href=\"https:\/\/nck.krakow.pl\/kcc\/krakowski-festiwal-tanca-2021\/warsztaty-gaga-people-i-gaga-dancers\/\"><strong>Warsztaty GAGA People i GAGA Dancers<\/strong> 14-15 sierpnia 2021 r.<\/a><\/p>\n\n\n\n<p><a href=\"https:\/\/nck.krakow.pl\/kcc\/krakowski-festiwal-tanca-2021\/warsztat-ruchome-slady\/\"><strong>Warsztat Ruchome \u015alady<\/strong> 12 sierpnia 2021 r.<\/a><\/p>\n\n\n\n<p><a href=\"https:\/\/nck.krakow.pl\/kcc\/krakowski-festiwal-tanca-2021\/laboratorium-praktyk-siostrzenstwa\/\"><strong>Warsztat LABORATORIUM PRAKTYK SIOSTRZE\u0143STWA <\/strong>15 sierpnia 2021 r.<\/a><\/p>\n","protected":false},"excerpt":{"rendered":"<p>Warsztaty \u015bcie\u017cka g\u0142\u00f3wna &#8211; poziom podstawowy 9-13 sierpnia 2021 r. Warsztaty \u015bcie\u017cka g\u0142\u00f3wna &#8211; poziom \u015bredniozaawansowany i zaawansowany 9-13 sierpnia 2021 r. Warsztaty GAGA People i GAGA Dancers 14-15 sierpnia 2021 r. Warsztat Ruchome \u015alady 12 sierpnia 2021 r. Warsztat LABORATORIUM PRAKTYK SIOSTRZE\u0143STWA 15 sierpnia 2021 r.<\/p>\n","protected":false},"author":5,"featured_media":0,"parent":3723,"menu_order":0,"comment_status":"closed","ping_status":"closed","template":"","meta":{"footnotes":""},"class_list":["post-4992","page","type-page","status-publish","hentry"],"yoast_head":"<!-- This site is optimized with the Yoast SEO plugin v19.12 - https:\/\/yoast.com\/wordpress\/plugins\/seo\/ -->\n<title>warsztaty - Krakowskie Centrum Choreograficzne<\/title>\n<meta name=\"robots\" content=\"index, follow, max-snippet:-1, max-image-preview:large, max-video-preview:-1\" \/>\n<link rel=\"canonical\" href=\"https:\/\/nck.krakow.pl\/kcc\/krakowski-festiwal-tanca-2021\/warsztaty\/\" \/>\n<meta property=\"og:locale\" content=\"pl_PL\" \/>\n<meta property=\"og:type\" content=\"article\" \/>\n<meta property=\"og:title\" content=\"warsztaty - Krakowskie Centrum Choreograficzne\" \/>\n<meta property=\"og:description\" content=\"Warsztaty \u015bcie\u017cka g\u0142\u00f3wna &#8211; poziom podstawowy 9-13 sierpnia 2021 r. Warsztaty \u015bcie\u017cka g\u0142\u00f3wna &#8211; poziom \u015bredniozaawansowany i zaawansowany 9-13 sierpnia 2021 r. Warsztaty GAGA People i GAGA Dancers 14-15 sierpnia 2021 r. Warsztat Ruchome \u015alady 12 sierpnia 2021 r. Warsztat LABORATORIUM PRAKTYK SIOSTRZE\u0143STWA 15 sierpnia 2021 r.\" \/>\n<meta property=\"og:url\" content=\"https:\/\/nck.krakow.pl\/kcc\/krakowski-festiwal-tanca-2021\/warsztaty\/\" \/>\n<meta property=\"og:site_name\" content=\"Krakowskie Centrum Choreograficzne\" \/>\n<meta property=\"article:modified_time\" content=\"2022-05-25T13:08:16+00:00\" \/>\n<meta name=\"twitter:card\" content=\"summary_large_image\" \/>\n<script type=\"application\/ld+json\" class=\"yoast-schema-graph\">{\"@context\":\"https:\/\/schema.org\",\"@graph\":[{\"@type\":\"WebPage\",\"@id\":\"https:\/\/nck.krakow.pl\/kcc\/krakowski-festiwal-tanca-2021\/warsztaty\/\",\"url\":\"https:\/\/nck.krakow.pl\/kcc\/krakowski-festiwal-tanca-2021\/warsztaty\/\",\"name\":\"warsztaty - Krakowskie Centrum Choreograficzne\",\"isPartOf\":{\"@id\":\"https:\/\/nck.krakow.pl\/kcc\/#website\"},\"datePublished\":\"2021-06-22T12:50:46+00:00\",\"dateModified\":\"2022-05-25T13:08:16+00:00\",\"breadcrumb\":{\"@id\":\"https:\/\/nck.krakow.pl\/kcc\/krakowski-festiwal-tanca-2021\/warsztaty\/#breadcrumb\"},\"inLanguage\":\"pl-PL\",\"potentialAction\":[{\"@type\":\"ReadAction\",\"target\":[\"https:\/\/nck.krakow.pl\/kcc\/krakowski-festiwal-tanca-2021\/warsztaty\/\"]}]},{\"@type\":\"BreadcrumbList\",\"@id\":\"https:\/\/nck.krakow.pl\/kcc\/krakowski-festiwal-tanca-2021\/warsztaty\/#breadcrumb\",\"itemListElement\":[{\"@type\":\"ListItem\",\"position\":1,\"name\":\"Strona g\u0142\u00f3wna\",\"item\":\"https:\/\/nck.krakow.pl\/kcc\/\"},{\"@type\":\"ListItem\",\"position\":2,\"name\":\"Krakowski Festiwal Ta\u0144ca 2021\",\"item\":\"https:\/\/nck.krakow.pl\/kcc\/krakowski-festiwal-tanca-2021\/\"},{\"@type\":\"ListItem\",\"position\":3,\"name\":\"warsztaty\"}]},{\"@type\":\"WebSite\",\"@id\":\"https:\/\/nck.krakow.pl\/kcc\/#website\",\"url\":\"https:\/\/nck.krakow.pl\/kcc\/\",\"name\":\"Krakowskie Centrum Choreograficzne\",\"description\":\"\",\"publisher\":{\"@id\":\"https:\/\/nck.krakow.pl\/kcc\/#organization\"},\"potentialAction\":[{\"@type\":\"SearchAction\",\"target\":{\"@type\":\"EntryPoint\",\"urlTemplate\":\"https:\/\/nck.krakow.pl\/kcc\/?s={search_term_string}\"},\"query-input\":\"required name=search_term_string\"}],\"inLanguage\":\"pl-PL\"},{\"@type\":\"Organization\",\"@id\":\"https:\/\/nck.krakow.pl\/kcc\/#organization\",\"name\":\"Krakowskie Centrum Choreograficzne\",\"url\":\"https:\/\/nck.krakow.pl\/kcc\/\",\"logo\":{\"@type\":\"ImageObject\",\"inLanguage\":\"pl-PL\",\"@id\":\"https:\/\/nck.krakow.pl\/kcc\/#\/schema\/logo\/image\/\",\"url\":\"https:\/\/nck.krakow.pl\/kcc\/wp-content\/uploads\/2020\/01\/cropped-logo-kcc-2020.png\",\"contentUrl\":\"https:\/\/nck.krakow.pl\/kcc\/wp-content\/uploads\/2020\/01\/cropped-logo-kcc-2020.png\",\"width\":116,\"height\":55,\"caption\":\"Krakowskie Centrum Choreograficzne\"},\"image\":{\"@id\":\"https:\/\/nck.krakow.pl\/kcc\/#\/schema\/logo\/image\/\"}}]}<\/script>\n<!-- \/ Yoast SEO plugin. -->","yoast_head_json":{"title":"warsztaty - Krakowskie Centrum Choreograficzne","robots":{"index":"index","follow":"follow","max-snippet":"max-snippet:-1","max-image-preview":"max-image-preview:large","max-video-preview":"max-video-preview:-1"},"canonical":"https:\/\/nck.krakow.pl\/kcc\/krakowski-festiwal-tanca-2021\/warsztaty\/","og_locale":"pl_PL","og_type":"article","og_title":"warsztaty - Krakowskie Centrum Choreograficzne","og_description":"Warsztaty \u015bcie\u017cka g\u0142\u00f3wna &#8211; poziom podstawowy 9-13 sierpnia 2021 r. Warsztaty \u015bcie\u017cka g\u0142\u00f3wna &#8211; poziom \u015bredniozaawansowany i zaawansowany 9-13 sierpnia 2021 r. Warsztaty GAGA People i GAGA Dancers 14-15 sierpnia 2021 r. Warsztat Ruchome \u015alady 12 sierpnia 2021 r. Warsztat LABORATORIUM PRAKTYK SIOSTRZE\u0143STWA 15 sierpnia 2021 r.","og_url":"https:\/\/nck.krakow.pl\/kcc\/krakowski-festiwal-tanca-2021\/warsztaty\/","og_site_name":"Krakowskie Centrum Choreograficzne","article_modified_time":"2022-05-25T13:08:16+00:00","twitter_card":"summary_large_image","schema":{"@context":"https:\/\/schema.org","@graph":[{"@type":"WebPage","@id":"https:\/\/nck.krakow.pl\/kcc\/krakowski-festiwal-tanca-2021\/warsztaty\/","url":"https:\/\/nck.krakow.pl\/kcc\/krakowski-festiwal-tanca-2021\/warsztaty\/","name":"warsztaty - Krakowskie Centrum Choreograficzne","isPartOf":{"@id":"https:\/\/nck.krakow.pl\/kcc\/#website"},"datePublished":"2021-06-22T12:50:46+00:00","dateModified":"2022-05-25T13:08:16+00:00","breadcrumb":{"@id":"https:\/\/nck.krakow.pl\/kcc\/krakowski-festiwal-tanca-2021\/warsztaty\/#breadcrumb"},"inLanguage":"pl-PL","potentialAction":[{"@type":"ReadAction","target":["https:\/\/nck.krakow.pl\/kcc\/krakowski-festiwal-tanca-2021\/warsztaty\/"]}]},{"@type":"BreadcrumbList","@id":"https:\/\/nck.krakow.pl\/kcc\/krakowski-festiwal-tanca-2021\/warsztaty\/#breadcrumb","itemListElement":[{"@type":"ListItem","position":1,"name":"Strona g\u0142\u00f3wna","item":"https:\/\/nck.krakow.pl\/kcc\/"},{"@type":"ListItem","position":2,"name":"Krakowski Festiwal Ta\u0144ca 2021","item":"https:\/\/nck.krakow.pl\/kcc\/krakowski-festiwal-tanca-2021\/"},{"@type":"ListItem","position":3,"name":"warsztaty"}]},{"@type":"WebSite","@id":"https:\/\/nck.krakow.pl\/kcc\/#website","url":"https:\/\/nck.krakow.pl\/kcc\/","name":"Krakowskie Centrum Choreograficzne","description":"","publisher":{"@id":"https:\/\/nck.krakow.pl\/kcc\/#organization"},"potentialAction":[{"@type":"SearchAction","target":{"@type":"EntryPoint","urlTemplate":"https:\/\/nck.krakow.pl\/kcc\/?s={search_term_string}"},"query-input":"required name=search_term_string"}],"inLanguage":"pl-PL"},{"@type":"Organization","@id":"https:\/\/nck.krakow.pl\/kcc\/#organization","name":"Krakowskie Centrum Choreograficzne","url":"https:\/\/nck.krakow.pl\/kcc\/","logo":{"@type":"ImageObject","inLanguage":"pl-PL","@id":"https:\/\/nck.krakow.pl\/kcc\/#\/schema\/logo\/image\/","url":"https:\/\/nck.krakow.pl\/kcc\/wp-content\/uploads\/2020\/01\/cropped-logo-kcc-2020.png","contentUrl":"https:\/\/nck.krakow.pl\/kcc\/wp-content\/uploads\/2020\/01\/cropped-logo-kcc-2020.png","width":116,"height":55,"caption":"Krakowskie Centrum Choreograficzne"},"image":{"@id":"https:\/\/nck.krakow.pl\/kcc\/#\/schema\/logo\/image\/"}}]}},"_links":{"self":[{"href":"https:\/\/nck.krakow.pl\/kcc\/wp-json\/wp\/v2\/pages\/4992"}],"collection":[{"href":"https:\/\/nck.krakow.pl\/kcc\/wp-json\/wp\/v2\/pages"}],"about":[{"href":"https:\/\/nck.krakow.pl\/kcc\/wp-json\/wp\/v2\/types\/page"}],"author":[{"embeddable":true,"href":"https:\/\/nck.krakow.pl\/kcc\/wp-json\/wp\/v2\/users\/5"}],"replies":[{"embeddable":true,"href":"https:\/\/nck.krakow.pl\/kcc\/wp-json\/wp\/v2\/comments?post=4992"}],"version-history":[{"count":13,"href":"https:\/\/nck.krakow.pl\/kcc\/wp-json\/wp\/v2\/pages\/4992\/revisions"}],"predecessor-version":[{"id":5939,"href":"https:\/\/nck.krakow.pl\/kcc\/wp-json\/wp\/v2\/pages\/4992\/revisions\/5939"}],"up":[{"embeddable":true,"href":"https:\/\/nck.krakow.pl\/kcc\/wp-json\/wp\/v2\/pages\/3723"}],"wp:attachment":[{"href":"https:\/\/nck.krakow.pl\/kcc\/wp-json\/wp\/v2\/media?parent=4992"}],"curies":[{"name":"wp","href":"https:\/\/api.w.org\/{rel}","templated":true}]}}