{"id":4852,"date":"2021-02-22T10:57:32","date_gmt":"2021-02-22T10:57:32","guid":{"rendered":"https:\/\/nck.krakow.pl\/kcc\/?page_id=4852"},"modified":"2023-04-25T12:55:16","modified_gmt":"2023-04-25T12:55:16","slug":"czujac","status":"publish","type":"page","link":"https:\/\/nck.krakow.pl\/kcc\/czujac\/","title":{"rendered":"Czuj\u0105c \/ Monika Kiwak"},"content":{"rendered":"\n<figure class=\"wp-block-image\"><img loading=\"lazy\" decoding=\"async\" width=\"1024\" height=\"768\" src=\"https:\/\/nck.krakow.pl\/kcc\/wp-content\/uploads\/2021\/02\/P15006611303-1024x768.jpg\" alt=\"\" class=\"wp-image-4860\" srcset=\"https:\/\/nck.krakow.pl\/kcc\/wp-content\/uploads\/2021\/02\/P15006611303-1024x768.jpg 1024w, https:\/\/nck.krakow.pl\/kcc\/wp-content\/uploads\/2021\/02\/P15006611303-300x225.jpg 300w, https:\/\/nck.krakow.pl\/kcc\/wp-content\/uploads\/2021\/02\/P15006611303-768x576.jpg 768w\" sizes=\"(max-width: 1024px) 100vw, 1024px\" \/><\/figure>\n\n\n\n<div style=\"height:30px\" aria-hidden=\"true\" class=\"wp-block-spacer\"><\/div>\n\n\n\n<h2 class=\"wp-block-heading\">Czuj\u0105c \/ Monika Kiwak<\/h2>\n\n\n\n<p><strong>spektakl dla rodzin z\ndzie\u0107mi w wieku przedszkolnym<\/strong><\/p>\n\n\n\n<p><strong>Re\u017cyseria:<\/strong> Monika Kiwak<br><strong>Choreografia, wykonanie:<\/strong> Monika Kiwak, Magda Wolnicka<br><strong>Muzyka:<\/strong> Daga Gregorowicz&nbsp;<br><strong>Ilustracja na koszulkach:<\/strong> El\u017cbieta G\u0105dek<br><strong>Czas trwania:<\/strong> 30 min<\/p>\n\n\n\n<p>Spektakl \u201cCzuj\u0105c\u201d jest przyjemny jak letni wiatr. O\u017cywczy\njak morska fala dla bosych st\u00f3p.&nbsp;Subtelnie, tak jak taniec potrafi,\nprzybli\u017ca temat prze\u017cywania uczu\u0107 jakich dzieci i doro\u015bli do\u015bwiadczaj\u0105 w \u017cyciu\ncodziennym. Przypomina, \u017ce wszystkie uczucia pomagaj\u0105 nam przyja\u017ani\u0107 si\u0119 ze\nsob\u0105 samym i prze\u017cywa\u0107 blisko\u015b\u0107 z innymi.&nbsp;<\/p>\n\n\n\n<p>Poetyk\u0119 spektaklu buduje improwizacja strukturalna, u\u017cycie\ns\u0142\u00f3w pochodz\u0105cych z wra\u017ce\u0144 cia\u0142a i wyobra\u017ani oraz muzyka i\nwokalizy.&nbsp;&nbsp;<\/p>\n\n\n\n<p>Zrealizowano dzi\u0119ki stypendium Ministra Kultury i\nDziedzictwa Narodowego oraz wsp\u00f3\u0142pracy z&nbsp;Krakowskim Centrum\nChoreograficznym &#8211; Nowohuckim Centrum Kultury.&nbsp;Tytu\u0142 spektaklu pochodzi z\ninspiracji ksi\u0105\u017ck\u0105 \u201cCzuj\u0105c\u201d Agnieszki Jucewicz.<\/p>\n\n\n\n<div style=\"height:35px\" aria-hidden=\"true\" class=\"wp-block-spacer\"><\/div>\n\n\n\n<p><strong>Monika Kiwak<\/strong>&nbsp;(1982)\n\u2013 magister filologii polskiej oraz wiedzy o teatrze (dramatologia) na\nUniwersytecie Jagiello\u0144skim, absolwentka wydzia\u0142u ta\u0144ca w Performers House\n(2009, Dania), dyplomowana instruktorka ta\u0144ca wsp\u00f3\u0142czesnego (Narodowe Centrum\nKultury). Uczestniczka certyfikowanego Kursu Body-Mind Centering\u00ae (S\u0142owacja,\nPolska 201 -2015). Od 2008 do 2015 roku ta\u0144czy\u0142a w Eksperymentalnym Studio\nTa\u0144ca Iwony Olszowskiej w Krakowie, praktykuj\u0105c improwizacj\u0119 z podej\u015bciem\nBMC\u00ae.&nbsp;&nbsp;<\/p>\n\n\n\n<p>W latach 2013, 2015, 2017 i 2019 otrzyma\u0142a stypendium na\nudzia\u0142 w Alternatywnej Akademii Ta\u0144ca, realizowanej przez Art Stations\nFoundation by Gra\u017cyna Kulczyk. Rezydentka projektu&nbsp;Dance Move\nCities&nbsp;(Krak\u00f3w, Ryga 2013-2014, m.in. z Ver\u0105 Mantero i M\u00e5rtenem\nSp\u00e5ngbergiem). W 2017, dzi\u0119ki wsparciu Art Stations Foundation by Gra\u017cyna\nKulczyk, odby\u0142a wizyt\u0119 studyjn\u0105 i szkolenie dla pedagog\u00f3w w Rzymie u Segni\nMossi, \u0142\u0105cz\u0105ce ruch i znaki graficzne Wielokrotnie wybierana przez Andrew\nMorrisha do treningu improwizacji solowej jako performance dla zaawansowanych\ntancerzy. W 2019 roku dzi\u0119ki wsparciu Instytutu Muzyki i Ta\u0144ca (program&nbsp;Wspieranie\naktywno\u015bci mi\u0119dzynarodowej) odby\u0142a stypendium w Szwecji, trenuj\u0105c u Andrew\nMorrisha i Petera Trotmana.<\/p>\n\n\n\n<p>Wsp\u00f3\u0142pracowa\u0142a m.in. z takimi instytucjami, festiwalami i\nprogramami performatywnymi, jak: Stary Browar Nowy Taniec w Poznaniu, Centrum\nSztuki Wsp\u00f3\u0142czesnej Zamek Ujazdowski w Warszawie, Mazowieckie Centrum Sztuki\nWsp\u00f3\u0142czesnej Elektrownia w Radomiu, Galeria Labirynt w Lublinie, Galeria Sztuki\nWsp\u00f3\u0142czesnej w Opolu, Galeria Sztuki Wsp\u00f3\u0142czesnej BWA w Katowicach, Akademia\nSztuk Pi\u0119knych im. Jana Matejki w Krakowie, Art Fraction Foundation w Poznaniu,\nFundacja Uniwersytet Dzieci, Fundacja Dom Kultury INSPIRO w Pod\u0142\u0119\u017cu, Dzieci\u0119cy\nWarsztat Ta\u0144ca w Krakowie, Opolski Teatr Lalki i Aktora, Teatr Lalki i Aktora w\nWa\u0142brzychu, Teatr Studio im, Stanis\u0142awa Ignacego Witkiewicza w Warszawie,\nInstytut Teatralny im. Zbigniewa Raszewskiego w Warszawie, Teatr \u0141a\u017ania Nowa w\nKrakowie, Teatr Barakah w Krakowie, Ma\u0142opolski Ogr\u00f3d Sztuki w Krakowie, O\u015brodek\nDokumentacji Sztuki Tadeusza Kantora Cricoteka w Krakowie, Krakowskie Reminiscencje\nTeatralne, Jalla! Odzyskaj cia\u0142o! , The Meyerhold Center of Theatre w\nMoskwie,&nbsp;FRATZ International Festival w Berlinie, ricca ricca festa&nbsp;w\nJaponii.<\/p>\n\n\n\n<p>Gra w spektaklach dla najm\u0142odszej widowni oraz dla\ndoros\u0142ych. Praktykuje improwizacj\u0119 solow\u0105 jako performance, badaj\u0105c poetyck\u0105\nekspresj\u0119 wyobra\u017ani.&nbsp;W 2020 dzi\u0119ki stypendium Ministra Kultury i\nDziedzictwa Narodowego realizuje spektakl&nbsp;Czuj\u0105c.<\/p>\n\n\n\n<div style=\"height:51px\" aria-hidden=\"true\" class=\"wp-block-spacer\"><\/div>\n\n\n\n<p><strong>Magda Wolnicka<\/strong><br>Urodzi\u0142a si\u0119, mieszka i pracuje w Opolu.<\/p>\n\n\n\n<p>W swojej praktyce tanecznej korzysta z improwizacji i pracy\nz wyobra\u017ani\u0105. Ta\u0144czy dla przyjemno\u015bci i z ciekawo\u015bci\u0105, d\u0105\u017cy do spotkania z\nodbiorcami i wsp\u00f3lnego do\u015bwiadczania. Absolwentka Instytutu Sztuki Uniwersytetu\nOpolskiego oraz studi\u00f3w podyplomowych Interdisciplinary Printmaking in English\nna Akademii Sztuk Pi\u0119knych im. Eugeniusza Gepperta we Wroc\u0142awiu. Uko\u0144czy\u0142a I i\nII modu\u0142 kursu choreografii eksperymentalnej organizowanego przez Centrum w\nRuchu w Warszawie. Zwi\u0105zana zawodowo z Galeri\u0105 Sztuki Wsp\u00f3\u0142czesnej w Opolu\ngdzie zajmuje si\u0119 projektowaniem graficznym, projektami kuratorskimi i edukacj\u0105\nruchow\u0105. Cz\u0142onkini nieaktywnej dru\u017cyny artystyczno-sportowej Saperki z Opola.\nOd 2015 roku performuje w spektaklach dla najnajm\u0142odszej publiczno\u015bci. Ch\u0119tnie\nwsp\u00f3\u0142pracuje.<\/p>\n\n\n\n<p><a href=\"https:\/\/cargocollective.com\/magdawolnicka\">https:\/\/cargocollective.com\/magdawolnicka<\/a><\/p>\n\n\n\n<div style=\"height:47px\" aria-hidden=\"true\" class=\"wp-block-spacer\"><\/div>\n\n\n\n<figure class=\"wp-block-gallery has-nested-images columns-default is-cropped wp-block-gallery-1 is-layout-flex wp-block-gallery-is-layout-flex\">\n<figure class=\"wp-block-image\"><a href=\"https:\/\/nck.krakow.pl\/kcc\/wp-content\/uploads\/2021\/02\/P15006541300.jpg\"><img loading=\"lazy\" decoding=\"async\" width=\"1024\" height=\"768\" data-id=\"4853\" src=\"https:\/\/nck.krakow.pl\/kcc\/wp-content\/uploads\/2021\/02\/P15006541300-1024x768.jpg\" alt=\"\" class=\"wp-image-4853\" srcset=\"https:\/\/nck.krakow.pl\/kcc\/wp-content\/uploads\/2021\/02\/P15006541300-1024x768.jpg 1024w, https:\/\/nck.krakow.pl\/kcc\/wp-content\/uploads\/2021\/02\/P15006541300-300x225.jpg 300w, https:\/\/nck.krakow.pl\/kcc\/wp-content\/uploads\/2021\/02\/P15006541300-768x576.jpg 768w\" sizes=\"(max-width: 1024px) 100vw, 1024px\" \/><\/a><\/figure>\n\n\n\n<figure class=\"wp-block-image\"><a href=\"https:\/\/nck.krakow.pl\/kcc\/wp-content\/uploads\/2021\/02\/P16904441387.jpg\"><img loading=\"lazy\" decoding=\"async\" width=\"1024\" height=\"768\" data-id=\"4854\" src=\"https:\/\/nck.krakow.pl\/kcc\/wp-content\/uploads\/2021\/02\/P16904441387-1024x768.jpg\" alt=\"\" class=\"wp-image-4854\" srcset=\"https:\/\/nck.krakow.pl\/kcc\/wp-content\/uploads\/2021\/02\/P16904441387-1024x768.jpg 1024w, https:\/\/nck.krakow.pl\/kcc\/wp-content\/uploads\/2021\/02\/P16904441387-300x225.jpg 300w, https:\/\/nck.krakow.pl\/kcc\/wp-content\/uploads\/2021\/02\/P16904441387-768x576.jpg 768w\" sizes=\"(max-width: 1024px) 100vw, 1024px\" \/><\/a><\/figure>\n\n\n\n<figure class=\"wp-block-image\"><a href=\"https:\/\/nck.krakow.pl\/kcc\/wp-content\/uploads\/2021\/02\/P16905281405.jpg\"><img loading=\"lazy\" decoding=\"async\" width=\"1024\" height=\"768\" data-id=\"4855\" src=\"https:\/\/nck.krakow.pl\/kcc\/wp-content\/uploads\/2021\/02\/P16905281405-1024x768.jpg\" alt=\"\" class=\"wp-image-4855\" srcset=\"https:\/\/nck.krakow.pl\/kcc\/wp-content\/uploads\/2021\/02\/P16905281405-1024x768.jpg 1024w, https:\/\/nck.krakow.pl\/kcc\/wp-content\/uploads\/2021\/02\/P16905281405-300x225.jpg 300w, https:\/\/nck.krakow.pl\/kcc\/wp-content\/uploads\/2021\/02\/P16905281405-768x576.jpg 768w\" sizes=\"(max-width: 1024px) 100vw, 1024px\" \/><\/a><\/figure>\n\n\n\n<figure class=\"wp-block-image\"><a href=\"https:\/\/nck.krakow.pl\/kcc\/wp-content\/uploads\/2021\/02\/P16905901412.jpg\"><img loading=\"lazy\" decoding=\"async\" width=\"1024\" height=\"768\" data-id=\"4856\" src=\"https:\/\/nck.krakow.pl\/kcc\/wp-content\/uploads\/2021\/02\/P16905901412-1024x768.jpg\" alt=\"\" class=\"wp-image-4856\" srcset=\"https:\/\/nck.krakow.pl\/kcc\/wp-content\/uploads\/2021\/02\/P16905901412-1024x768.jpg 1024w, https:\/\/nck.krakow.pl\/kcc\/wp-content\/uploads\/2021\/02\/P16905901412-300x225.jpg 300w, https:\/\/nck.krakow.pl\/kcc\/wp-content\/uploads\/2021\/02\/P16905901412-768x576.jpg 768w\" sizes=\"(max-width: 1024px) 100vw, 1024px\" \/><\/a><\/figure>\n\n\n\n<figure class=\"wp-block-image\"><a href=\"https:\/\/nck.krakow.pl\/kcc\/wp-content\/uploads\/2021\/02\/P16907701438-1.jpg\"><img loading=\"lazy\" decoding=\"async\" width=\"1024\" height=\"768\" data-id=\"4857\" src=\"https:\/\/nck.krakow.pl\/kcc\/wp-content\/uploads\/2021\/02\/P16907701438-1-1024x768.jpg\" alt=\"\" class=\"wp-image-4857\" srcset=\"https:\/\/nck.krakow.pl\/kcc\/wp-content\/uploads\/2021\/02\/P16907701438-1-1024x768.jpg 1024w, https:\/\/nck.krakow.pl\/kcc\/wp-content\/uploads\/2021\/02\/P16907701438-1-300x225.jpg 300w, https:\/\/nck.krakow.pl\/kcc\/wp-content\/uploads\/2021\/02\/P16907701438-1-768x576.jpg 768w\" sizes=\"(max-width: 1024px) 100vw, 1024px\" \/><\/a><\/figure>\n\n\n\n<figure class=\"wp-block-image\"><a href=\"https:\/\/nck.krakow.pl\/kcc\/wp-content\/uploads\/2021\/02\/P16908651451-1.jpg\"><img loading=\"lazy\" decoding=\"async\" width=\"1024\" height=\"768\" data-id=\"4858\" src=\"https:\/\/nck.krakow.pl\/kcc\/wp-content\/uploads\/2021\/02\/P16908651451-1-1024x768.jpg\" alt=\"\" class=\"wp-image-4858\" srcset=\"https:\/\/nck.krakow.pl\/kcc\/wp-content\/uploads\/2021\/02\/P16908651451-1-1024x768.jpg 1024w, https:\/\/nck.krakow.pl\/kcc\/wp-content\/uploads\/2021\/02\/P16908651451-1-300x225.jpg 300w, https:\/\/nck.krakow.pl\/kcc\/wp-content\/uploads\/2021\/02\/P16908651451-1-768x576.jpg 768w\" sizes=\"(max-width: 1024px) 100vw, 1024px\" \/><\/a><\/figure>\n\n\n\n<figure class=\"wp-block-image\"><a href=\"https:\/\/nck.krakow.pl\/kcc\/wp-content\/uploads\/2021\/02\/P17000501460.jpg\"><img loading=\"lazy\" decoding=\"async\" width=\"1024\" height=\"768\" data-id=\"4859\" src=\"https:\/\/nck.krakow.pl\/kcc\/wp-content\/uploads\/2021\/02\/P17000501460-1024x768.jpg\" alt=\"\" class=\"wp-image-4859\" srcset=\"https:\/\/nck.krakow.pl\/kcc\/wp-content\/uploads\/2021\/02\/P17000501460-1024x768.jpg 1024w, https:\/\/nck.krakow.pl\/kcc\/wp-content\/uploads\/2021\/02\/P17000501460-300x225.jpg 300w, https:\/\/nck.krakow.pl\/kcc\/wp-content\/uploads\/2021\/02\/P17000501460-768x576.jpg 768w\" sizes=\"(max-width: 1024px) 100vw, 1024px\" \/><\/a><\/figure>\n<\/figure>\n\n\n\n<p>fot. Piotr Werewka<\/p>\n","protected":false},"excerpt":{"rendered":"<p>Czuj\u0105c \/ Monika Kiwak spektakl dla rodzin z dzie\u0107mi w wieku przedszkolnym Re\u017cyseria: Monika KiwakChoreografia, wykonanie: Monika Kiwak, Magda WolnickaMuzyka: Daga Gregorowicz&nbsp;Ilustracja na koszulkach: El\u017cbieta G\u0105dekCzas trwania: 30 min Spektakl \u201cCzuj\u0105c\u201d jest przyjemny jak letni wiatr. O\u017cywczy jak morska fala dla bosych st\u00f3p.&nbsp;Subtelnie, tak jak taniec potrafi, przybli\u017ca temat prze\u017cywania uczu\u0107 jakich dzieci i doro\u015bli [&hellip;]<\/p>\n","protected":false},"author":5,"featured_media":0,"parent":0,"menu_order":0,"comment_status":"closed","ping_status":"closed","template":"","meta":{"footnotes":""},"class_list":["post-4852","page","type-page","status-publish","hentry"],"yoast_head":"<!-- This site is optimized with the Yoast SEO plugin v19.12 - https:\/\/yoast.com\/wordpress\/plugins\/seo\/ -->\n<title>Czuj\u0105c \/ Monika Kiwak - Krakowskie Centrum Choreograficzne<\/title>\n<meta name=\"robots\" content=\"index, follow, max-snippet:-1, max-image-preview:large, max-video-preview:-1\" \/>\n<link rel=\"canonical\" href=\"https:\/\/nck.krakow.pl\/kcc\/czujac\/\" \/>\n<meta property=\"og:locale\" content=\"pl_PL\" \/>\n<meta property=\"og:type\" content=\"article\" \/>\n<meta property=\"og:title\" content=\"Czuj\u0105c \/ Monika Kiwak - Krakowskie Centrum Choreograficzne\" \/>\n<meta property=\"og:description\" content=\"Czuj\u0105c \/ Monika Kiwak spektakl dla rodzin z dzie\u0107mi w wieku przedszkolnym Re\u017cyseria: Monika KiwakChoreografia, wykonanie: Monika Kiwak, Magda WolnickaMuzyka: Daga Gregorowicz&nbsp;Ilustracja na koszulkach: El\u017cbieta G\u0105dekCzas trwania: 30 min Spektakl \u201cCzuj\u0105c\u201d jest przyjemny jak letni wiatr. O\u017cywczy jak morska fala dla bosych st\u00f3p.&nbsp;Subtelnie, tak jak taniec potrafi, przybli\u017ca temat prze\u017cywania uczu\u0107 jakich dzieci i doro\u015bli [&hellip;]\" \/>\n<meta property=\"og:url\" content=\"https:\/\/nck.krakow.pl\/kcc\/czujac\/\" \/>\n<meta property=\"og:site_name\" content=\"Krakowskie Centrum Choreograficzne\" \/>\n<meta property=\"article:modified_time\" content=\"2023-04-25T12:55:16+00:00\" \/>\n<meta property=\"og:image\" content=\"https:\/\/nck.krakow.pl\/kcc\/wp-content\/uploads\/2021\/02\/P15006611303-1024x768.jpg\" \/>\n<meta name=\"twitter:card\" content=\"summary_large_image\" \/>\n<meta name=\"twitter:label1\" content=\"Est. reading time\" \/>\n\t<meta name=\"twitter:data1\" content=\"6 minut\" \/>\n<script type=\"application\/ld+json\" class=\"yoast-schema-graph\">{\"@context\":\"https:\/\/schema.org\",\"@graph\":[{\"@type\":\"WebPage\",\"@id\":\"https:\/\/nck.krakow.pl\/kcc\/czujac\/\",\"url\":\"https:\/\/nck.krakow.pl\/kcc\/czujac\/\",\"name\":\"Czuj\u0105c \/ Monika Kiwak - Krakowskie Centrum Choreograficzne\",\"isPartOf\":{\"@id\":\"https:\/\/nck.krakow.pl\/kcc\/#website\"},\"datePublished\":\"2021-02-22T10:57:32+00:00\",\"dateModified\":\"2023-04-25T12:55:16+00:00\",\"breadcrumb\":{\"@id\":\"https:\/\/nck.krakow.pl\/kcc\/czujac\/#breadcrumb\"},\"inLanguage\":\"pl-PL\",\"potentialAction\":[{\"@type\":\"ReadAction\",\"target\":[\"https:\/\/nck.krakow.pl\/kcc\/czujac\/\"]}]},{\"@type\":\"BreadcrumbList\",\"@id\":\"https:\/\/nck.krakow.pl\/kcc\/czujac\/#breadcrumb\",\"itemListElement\":[{\"@type\":\"ListItem\",\"position\":1,\"name\":\"Strona g\u0142\u00f3wna\",\"item\":\"https:\/\/nck.krakow.pl\/kcc\/\"},{\"@type\":\"ListItem\",\"position\":2,\"name\":\"Czuj\u0105c \/ Monika Kiwak\"}]},{\"@type\":\"WebSite\",\"@id\":\"https:\/\/nck.krakow.pl\/kcc\/#website\",\"url\":\"https:\/\/nck.krakow.pl\/kcc\/\",\"name\":\"Krakowskie Centrum Choreograficzne\",\"description\":\"\",\"publisher\":{\"@id\":\"https:\/\/nck.krakow.pl\/kcc\/#organization\"},\"potentialAction\":[{\"@type\":\"SearchAction\",\"target\":{\"@type\":\"EntryPoint\",\"urlTemplate\":\"https:\/\/nck.krakow.pl\/kcc\/?s={search_term_string}\"},\"query-input\":\"required name=search_term_string\"}],\"inLanguage\":\"pl-PL\"},{\"@type\":\"Organization\",\"@id\":\"https:\/\/nck.krakow.pl\/kcc\/#organization\",\"name\":\"Krakowskie Centrum Choreograficzne\",\"url\":\"https:\/\/nck.krakow.pl\/kcc\/\",\"logo\":{\"@type\":\"ImageObject\",\"inLanguage\":\"pl-PL\",\"@id\":\"https:\/\/nck.krakow.pl\/kcc\/#\/schema\/logo\/image\/\",\"url\":\"https:\/\/nck.krakow.pl\/kcc\/wp-content\/uploads\/2020\/01\/cropped-logo-kcc-2020.png\",\"contentUrl\":\"https:\/\/nck.krakow.pl\/kcc\/wp-content\/uploads\/2020\/01\/cropped-logo-kcc-2020.png\",\"width\":116,\"height\":55,\"caption\":\"Krakowskie Centrum Choreograficzne\"},\"image\":{\"@id\":\"https:\/\/nck.krakow.pl\/kcc\/#\/schema\/logo\/image\/\"}}]}<\/script>\n<!-- \/ Yoast SEO plugin. -->","yoast_head_json":{"title":"Czuj\u0105c \/ Monika Kiwak - Krakowskie Centrum Choreograficzne","robots":{"index":"index","follow":"follow","max-snippet":"max-snippet:-1","max-image-preview":"max-image-preview:large","max-video-preview":"max-video-preview:-1"},"canonical":"https:\/\/nck.krakow.pl\/kcc\/czujac\/","og_locale":"pl_PL","og_type":"article","og_title":"Czuj\u0105c \/ Monika Kiwak - Krakowskie Centrum Choreograficzne","og_description":"Czuj\u0105c \/ Monika Kiwak spektakl dla rodzin z dzie\u0107mi w wieku przedszkolnym Re\u017cyseria: Monika KiwakChoreografia, wykonanie: Monika Kiwak, Magda WolnickaMuzyka: Daga Gregorowicz&nbsp;Ilustracja na koszulkach: El\u017cbieta G\u0105dekCzas trwania: 30 min Spektakl \u201cCzuj\u0105c\u201d jest przyjemny jak letni wiatr. O\u017cywczy jak morska fala dla bosych st\u00f3p.&nbsp;Subtelnie, tak jak taniec potrafi, przybli\u017ca temat prze\u017cywania uczu\u0107 jakich dzieci i doro\u015bli [&hellip;]","og_url":"https:\/\/nck.krakow.pl\/kcc\/czujac\/","og_site_name":"Krakowskie Centrum Choreograficzne","article_modified_time":"2023-04-25T12:55:16+00:00","og_image":[{"url":"https:\/\/nck.krakow.pl\/kcc\/wp-content\/uploads\/2021\/02\/P15006611303-1024x768.jpg"}],"twitter_card":"summary_large_image","twitter_misc":{"Est. reading time":"6 minut"},"schema":{"@context":"https:\/\/schema.org","@graph":[{"@type":"WebPage","@id":"https:\/\/nck.krakow.pl\/kcc\/czujac\/","url":"https:\/\/nck.krakow.pl\/kcc\/czujac\/","name":"Czuj\u0105c \/ Monika Kiwak - Krakowskie Centrum Choreograficzne","isPartOf":{"@id":"https:\/\/nck.krakow.pl\/kcc\/#website"},"datePublished":"2021-02-22T10:57:32+00:00","dateModified":"2023-04-25T12:55:16+00:00","breadcrumb":{"@id":"https:\/\/nck.krakow.pl\/kcc\/czujac\/#breadcrumb"},"inLanguage":"pl-PL","potentialAction":[{"@type":"ReadAction","target":["https:\/\/nck.krakow.pl\/kcc\/czujac\/"]}]},{"@type":"BreadcrumbList","@id":"https:\/\/nck.krakow.pl\/kcc\/czujac\/#breadcrumb","itemListElement":[{"@type":"ListItem","position":1,"name":"Strona g\u0142\u00f3wna","item":"https:\/\/nck.krakow.pl\/kcc\/"},{"@type":"ListItem","position":2,"name":"Czuj\u0105c \/ Monika Kiwak"}]},{"@type":"WebSite","@id":"https:\/\/nck.krakow.pl\/kcc\/#website","url":"https:\/\/nck.krakow.pl\/kcc\/","name":"Krakowskie Centrum Choreograficzne","description":"","publisher":{"@id":"https:\/\/nck.krakow.pl\/kcc\/#organization"},"potentialAction":[{"@type":"SearchAction","target":{"@type":"EntryPoint","urlTemplate":"https:\/\/nck.krakow.pl\/kcc\/?s={search_term_string}"},"query-input":"required name=search_term_string"}],"inLanguage":"pl-PL"},{"@type":"Organization","@id":"https:\/\/nck.krakow.pl\/kcc\/#organization","name":"Krakowskie Centrum Choreograficzne","url":"https:\/\/nck.krakow.pl\/kcc\/","logo":{"@type":"ImageObject","inLanguage":"pl-PL","@id":"https:\/\/nck.krakow.pl\/kcc\/#\/schema\/logo\/image\/","url":"https:\/\/nck.krakow.pl\/kcc\/wp-content\/uploads\/2020\/01\/cropped-logo-kcc-2020.png","contentUrl":"https:\/\/nck.krakow.pl\/kcc\/wp-content\/uploads\/2020\/01\/cropped-logo-kcc-2020.png","width":116,"height":55,"caption":"Krakowskie Centrum Choreograficzne"},"image":{"@id":"https:\/\/nck.krakow.pl\/kcc\/#\/schema\/logo\/image\/"}}]}},"_links":{"self":[{"href":"https:\/\/nck.krakow.pl\/kcc\/wp-json\/wp\/v2\/pages\/4852"}],"collection":[{"href":"https:\/\/nck.krakow.pl\/kcc\/wp-json\/wp\/v2\/pages"}],"about":[{"href":"https:\/\/nck.krakow.pl\/kcc\/wp-json\/wp\/v2\/types\/page"}],"author":[{"embeddable":true,"href":"https:\/\/nck.krakow.pl\/kcc\/wp-json\/wp\/v2\/users\/5"}],"replies":[{"embeddable":true,"href":"https:\/\/nck.krakow.pl\/kcc\/wp-json\/wp\/v2\/comments?post=4852"}],"version-history":[{"count":3,"href":"https:\/\/nck.krakow.pl\/kcc\/wp-json\/wp\/v2\/pages\/4852\/revisions"}],"predecessor-version":[{"id":6827,"href":"https:\/\/nck.krakow.pl\/kcc\/wp-json\/wp\/v2\/pages\/4852\/revisions\/6827"}],"wp:attachment":[{"href":"https:\/\/nck.krakow.pl\/kcc\/wp-json\/wp\/v2\/media?parent=4852"}],"curies":[{"name":"wp","href":"https:\/\/api.w.org\/{rel}","templated":true}]}}