{"id":4827,"date":"2021-02-16T11:29:04","date_gmt":"2021-02-16T11:29:04","guid":{"rendered":"https:\/\/nck.krakow.pl\/kcc\/?page_id=4827"},"modified":"2023-04-25T12:55:32","modified_gmt":"2023-04-25T12:55:32","slug":"more","status":"publish","type":"page","link":"https:\/\/nck.krakow.pl\/kcc\/more\/","title":{"rendered":"MORE \/ Monika W\u0119grzynowicz, Marcin Janus"},"content":{"rendered":"\n<figure class=\"wp-block-image\"><img loading=\"lazy\" decoding=\"async\" width=\"1024\" height=\"682\" src=\"https:\/\/nck.krakow.pl\/kcc\/wp-content\/uploads\/2021\/02\/Monika-22-1024x682.jpg\" alt=\"\" class=\"wp-image-4830\" srcset=\"https:\/\/nck.krakow.pl\/kcc\/wp-content\/uploads\/2021\/02\/Monika-22-1024x682.jpg 1024w, https:\/\/nck.krakow.pl\/kcc\/wp-content\/uploads\/2021\/02\/Monika-22-300x200.jpg 300w, https:\/\/nck.krakow.pl\/kcc\/wp-content\/uploads\/2021\/02\/Monika-22-768x512.jpg 768w, https:\/\/nck.krakow.pl\/kcc\/wp-content\/uploads\/2021\/02\/Monika-22.jpg 2000w\" sizes=\"(max-width: 1024px) 100vw, 1024px\" \/><\/figure>\n\n\n\n<div style=\"height:30px\" aria-hidden=\"true\" class=\"wp-block-spacer\"><\/div>\n\n\n\n<h2 class=\"wp-block-heading\">MORE \/ Monika W\u0119grzynowicz, Marcin Janus<\/h2>\n\n\n\n<p><strong>ruch:<\/strong>&nbsp;Monika W\u0119grzynowicz<br><strong>d\u017awi\u0119k:<\/strong>&nbsp;Marcin Janus<br><strong>premiera:<\/strong> 14 pa\u017adziernika 2020 r.<br><strong>producent:<\/strong>&nbsp;Krakowskie Centrum Choreograficzne \u2013 Nowohuckie Centrum Kultury<\/p>\n\n\n\n<figure class=\"wp-block-embed is-type-video is-provider-vimeo wp-block-embed-vimeo wp-embed-aspect-16-9 wp-has-aspect-ratio\"><div class=\"wp-block-embed__wrapper\">\n<iframe loading=\"lazy\" title=\"MORE \/trailer\/ Monika W\u0119grzynowicz, Marcin Janus\" src=\"https:\/\/player.vimeo.com\/video\/489345569?dnt=1&amp;app_id=122963\" width=\"768\" height=\"432\" frameborder=\"0\" allow=\"autoplay; fullscreen; picture-in-picture\" allowfullscreen><\/iframe>\n<\/div><\/figure>\n\n\n\n<p>Impulsem do rozpocz\u0119cia pracy nad form\u0105 solow\u0105 by\u0142 pomys\u0142\nMarcina Janusa, polegaj\u0105cy na wykorzystaniu syntezatora tak, aby prze\u0142o\u017cy\u0107 jego\nwarstw\u0119 d\u017awi\u0119kow\u0105 na jako\u015bci ruchowe. Od tego czasu du\u017co si\u0119 zmieni\u0142o, koncept\nsi\u0119 znacznie rozszerzy\u0142, ale dobrze jest pami\u0119ta\u0107 jak si\u0119 zaczyna.<\/p>\n\n\n\n<p>Wi\u0119cej\u2026<\/p>\n\n\n\n<p>Ju\u017c pierwsze szkice spektaklu ujawnia\u0142y osobiste historie w\nobr\u0119bie ram solo. Pojawia si\u0119 wi\u0119cej ni\u017c sama kompozycja ruchowa.<\/p>\n\n\n\n<p>Wi\u0119cej\u2026<\/p>\n\n\n\n<p>Staram si\u0119 trzyma\u0107 fizyczno\u015b\u0107 w inkubatorze i obserwowa\u0107\nzachodz\u0105ce zjawiska. Stawiam bardziej na praktyk\u0119 ni\u017c teori\u0119. Ci\u0105gle dzieje si\u0119\nco\u015b nowego, okazuje si\u0119, \u017ce schematy chc\u0105 odzwierciedla\u0107 prze\u017cyte\ndo\u015bwiadczenia, pami\u0119\u0107 cia\u0142a rezonuje i wychodzi daleko poza sam\u0105 materi\u0119.\nDotykamy magii.<\/p>\n\n\n\n<p>Wi\u0119cej\u2026<\/p>\n\n\n\n<p>Mo\u017cna powiedzie\u0107, \u017ce cia\u0142o buduje si\u0119 na scenie, \u201estaje si\u0119\u201d\npoprzez wzmacnianie tego, co ju\u017c we mnie by\u0142o. Na poz\u00f3r przypadkowe fragmenty\nuleg\u0142y syntezie do konkretnego ci\u0105gu do\u015bwiadcze\u0144, zyskuj\u0105c nowe funkcje.<\/p>\n\n\n\n<p>Wi\u0119cej\u2026<\/p>\n\n\n\n<p>My\u015blenie technologi\u0105 i technik\u0105 nie pomaga, sprawdza si\u0119\nnatomiast zwrot do wn\u0119trza, do cia\u0142a. Ten proces jest ci\u0105gle gotowy na\nprzyj\u0119cie kolejnych zmiennych i dokopywanie si\u0119 do g\u0142\u0119bszych warstw.<\/p>\n\n\n\n<p>Wi\u0119cej\u2026<\/p>\n\n\n\n<p>W tym momencie stawiam granic\u0119 cho\u0107 wiem, \u017ce nie na zawsze.\nCzekam na decyzj\u0119.<\/p>\n\n\n\n<div style=\"height:100px\" aria-hidden=\"true\" class=\"wp-block-spacer\"><\/div>\n\n\n\n<p><strong>Monika W\u0119grzynowicz<\/strong><\/p>\n\n\n\n<p>tancerka, choreografka, pedago\u017cka, mened\u017cerka kultury. Urodzona\nw \u015awi\u0119to Pracy 1991 r. Krakowianka z wyboru. Zajmuje si\u0119 ta\u0144cem wsp\u00f3\u0142czesnym\nzar\u00f3wno artystycznie, jak i organizacyjnie. <\/p>\n\n\n\n<p>Reprezentuje wymieraj\u0105cy gatunek os\u00f3b pracuj\u0105cych w\nwyuczonym zawodzie \u2013 uko\u0144czy\u0142a studia zarz\u0105dzania kultur\u0105 i mediami na Uniwersytecie\nJagiello\u0144skim oraz Dwuletni Instruktorski Kurs Kwalifikacyjny z Dziedziny Ta\u0144ca\nWsp\u00f3\u0142czesnego zatwierdzony przez Ministra Kultury i Dziedzictwa Narodowego.\nZwi\u0105zana przede wszystkim z Krakowskim Centrum Choreograficznym \u2013 Nowohuckim\nCentrum Kultury, gdzie produkuje w\u0142asne spektakle oraz wsp\u00f3\u0142pracuje z innymi\nartystami i organizacjami, prowadzi lekcje ta\u0144ca wsp\u00f3\u0142czesnego, programuje i\nkoordynuje szereg wydarze\u0144 tanecznych m.in. warsztaty, festiwale, konkursy,\nrezydencje, wystawy zdj\u0119\u0107.<\/p>\n\n\n\n<p>Spektakl \u201eMORE\u201d jest jej pierwsz\u0105 prac\u0105 solow\u0105, kt\u00f3ra\npowsta\u0142a we wsp\u00f3\u0142pracy z Marcinem Janusem (premiera 2020 r.). Jako choreografka\ni tancerka pracowa\u0142a r\u00f3wnie\u017c kolektywnie przy spektaklach k\u0142ad\u0105cych silny\nnacisk na po\u0142\u0105czenie ruchu, multimedi\u00f3w i d\u017awi\u0119ku: \u201espectral layers of\nmovement\u201d, \u201eKobiety Wyspia\u0144skiego\u201d oraz \u201eNaturgem\u00e4lde\u201d (spektakl otrzyma\u0142 nagrod\u0119\nspecjaln\u0105 9. edycji Konkursu o Nagrod\u0119 Teatraln\u0105 im. Stanis\u0142awa Wyspia\u0144skiego).\n<\/p>\n\n\n\n<p>W latach 2015-2019 wraz z Agat\u0105 Mol\u0105g i Mart\u0105 Wo\u0142owiec\nwsp\u00f3\u0142tworzy\u0142a kolektyw artystyczny Grupa Wok\u00f3\u0142 Centrum. Ta\u0144czy\u0142a w spektaklach\nAgaty Mol\u0105g: \u201eMakia\u201d, \u201e38\u00b0C\u201d, \u201eP\u0142aczki\u201d, \u201eDobre wychowanie\u201d i spektaklu Iwony\nOlszowskiej oraz Ferenca Feh\u00e9ra \u201eTrans_Miss(i)on\u201d. Wcze\u015bniej by\u0142a tancerk\u0105\nKrakowskiego Teatru Ta\u0144ca, bra\u0142a udzia\u0142 w spektaklach \u201ePoliamoria\u201d, \u201eTakarazuka\nCAMP\u201d, \u201eNet\u201d, \u201eRuch Gallery\u201d. Pracowa\u0142a projektowo m.in. podczas \u201eSceny\notwartej\u201d Mo\u015bcickiego Centrum Kultury w Tarnowie oraz polsko-norweskiego\nprojektu z tancerzem Carte Blanche &#8211; Ole Martinem Melandem w ramach\nMi\u0119dzynarodowego Festiwalu Teatr\u00f3w Formy &#8211; Materia Prima.<\/p>\n\n\n\n<p>Wa\u017cn\u0105 i satysfakcjonuj\u0105c\u0105 cz\u0119\u015bci\u0105 jej pracy jest prowadzenie\nzaj\u0119\u0107 ta\u0144ca wsp\u00f3\u0142czesnego, zar\u00f3wno dla amator\u00f3w, jak i os\u00f3b z wi\u0119kszym\ndo\u015bwiadczeniem ruchowym. Od ponad 10 lat pracuje z doros\u0142ymi, stawiaj\u0105c na wymagaj\u0105ce\ntreningi techniczne. Przy tym nie zapomina o przyjemno\u015bci oraz psychofizycznych\naspektach ta\u0144ca i ruchu. Prowadzi regularne lekcje ta\u0144ca wsp\u00f3\u0142czesnego w\nKrakowskim Centrum Choreograficznym oraz okazjonalne warsztaty dla doros\u0142ych i\nm\u0142odzie\u017cy. Od 2018 r. jest pedago\u017ck\u0105 w Dzieci\u0119cym Warsztacie Ta\u0144ca, gdzie\nprowadzi regularne zaj\u0119cia bazuj\u0105ce na ta\u0144cu wsp\u00f3\u0142czesnym i improwizacji. <\/p>\n\n\n\n<p>Jako mened\u017cerka ta\u0144ca ma przyjemno\u015b\u0107 pracowa\u0107 z artystami i\nproducentami z ca\u0142ego \u015bwiata. Anga\u017cuje si\u0119 w liczne dzia\u0142ania artystyczne,\nedukacyjne i spo\u0142eczne na polu ta\u0144ca, m.in. bra\u0142a udzia\u0142 w mi\u0119dzynarodowym\nprojekcie International Contemporary Dance Collective (iCoDaCo) 2018-2020, jak\nr\u00f3wnie\u017c jest koordynatork\u0105 lokaln\u0105 Polskiej Sieci Ta\u0144ca.<\/p>\n\n\n\n<div style=\"height:20px\" aria-hidden=\"true\" class=\"wp-block-spacer\"><\/div>\n\n\n\n<p><strong>Marcin Janus<\/strong><\/p>\n\n\n\n<p>Pochodzi z Krakowa, jest artyst\u0105 d\u017awi\u0119kowym, multimedialnym,\ntw\u00f3rc\u0105 muzyki elektronicznej i elektroakustycznej. Od wielu lat zajmuje si\u0119\noryginalnymi projektami artystycznymi. Jest autorem i cz\u0119sto wykonawc\u0105 muzyki\ndo licznych spektakli tanecznych oraz teatralnych. Tworz\u0105c na granicach sztuk\nkreuje z\u0142o\u017cone \u015brodowiska d\u017awi\u0119kowe.\n\nRealizuj\u0105c projekty stawia sobie za zadanie uczyni\u0107\nprzedstawienia bardziej wci\u0105gaj\u0105cymi, nasycaj\u0105c \u015bwiat i my\u015blenie osobliwymi\nzjawiskami d\u017awi\u0119kowymi, dostarcza zmys\u0142om szerokiego spektrum wra\u017ce\u0144. W procesie\ntw\u00f3rczym koncentruje si\u0119 na barwie d\u017awi\u0119ku, bada jego podstawowe cechy, cz\u0119sto\nszuka odzwierciedlenia w ruchu i obrazie, nadaje zdarzeniom nowych znacze\u0144\n\u0142\u0105cz\u0105c je w przestrzeniach muzycznych. Pracuj\u0105c w domenie cyfrowej najcz\u0119\u015bciej\nwykorzystuje Ableton Live i Metasynth oraz kontrolery midi, kt\u00f3re dostarczaj\u0105\u0328\nunikalnych mo\u017cliwo\u015bci. W \u015bwiecie analogowym operuje na mocnych brzmieniach Bass\nStation czy Elektrona w rezultacie jego muzyka charakteryzuje si\u0119 szerok\u0105\npalet\u0105 d\u017awi\u0119kow\u0105. W pracach opartych o technologi\u0119 mo\u017cna us\u0142ysze\u0107 zestawienie\nnagra\u0144 i organicznych d\u017awi\u0119k\u00f3w z syntetycznymi barwami o cz\u0119sto motorycznych\ncechach. Zaczyna\u0142 jako muzyk eksperymentalnych formacji, by po kilku latach\nrozpocz\u0105\u0107 prac\u0119 jako niezale\u017cny kompozytor. By\u0142 stypendyst\u0105 Art Stations\nFoundation w programie Solo Projekt, Finalist\u0105 na Konkursie kompozytorskim,\nkt\u00f3ry odbywa\u0142 si\u0119\u0328 w ramach roku Johna Cage\u2019a. Do\u015bwiadczenie zdobywa\u0142 r\u00f3wnie\u017c\u0307\njako uczestnik kurs\u00f3w a w ostatnim czasie GrupLab Studia Muzyki\nElektroakustycznej Akademii Muzycznej w Krakowie z kt\u00f3r\u0105 wsp\u00f3lnie bra\u0142 udzia\u0142 w\nwielu projektach artystycznych. Poza cz\u0119stymi wyst\u0119pami w kraju go\u015bci\u0142 r\u00f3wnie\u017c\nw Londynie, Lizbonie, Turynie i Frankfurcie.\n\n\n\n<\/p>\n\n\n\n<div style=\"height:39px\" aria-hidden=\"true\" class=\"wp-block-spacer\"><\/div>\n\n\n\n<figure class=\"wp-block-gallery has-nested-images columns-default is-cropped wp-block-gallery-1 is-layout-flex wp-block-gallery-is-layout-flex\">\n<figure class=\"wp-block-image\"><img loading=\"lazy\" decoding=\"async\" width=\"1024\" height=\"682\" data-id=\"4828\" src=\"https:\/\/nck.krakow.pl\/kcc\/wp-content\/uploads\/2021\/02\/Monika-9-1024x682.jpg\" alt=\"\" class=\"wp-image-4828\" srcset=\"https:\/\/nck.krakow.pl\/kcc\/wp-content\/uploads\/2021\/02\/Monika-9-1024x682.jpg 1024w, https:\/\/nck.krakow.pl\/kcc\/wp-content\/uploads\/2021\/02\/Monika-9-300x200.jpg 300w, https:\/\/nck.krakow.pl\/kcc\/wp-content\/uploads\/2021\/02\/Monika-9-768x512.jpg 768w, https:\/\/nck.krakow.pl\/kcc\/wp-content\/uploads\/2021\/02\/Monika-9.jpg 2000w\" sizes=\"(max-width: 1024px) 100vw, 1024px\" \/><\/figure>\n\n\n\n<figure class=\"wp-block-image\"><img loading=\"lazy\" decoding=\"async\" width=\"1024\" height=\"682\" data-id=\"4829\" src=\"https:\/\/nck.krakow.pl\/kcc\/wp-content\/uploads\/2021\/02\/Monika-10-1024x682.jpg\" alt=\"\" class=\"wp-image-4829\" srcset=\"https:\/\/nck.krakow.pl\/kcc\/wp-content\/uploads\/2021\/02\/Monika-10-1024x682.jpg 1024w, https:\/\/nck.krakow.pl\/kcc\/wp-content\/uploads\/2021\/02\/Monika-10-300x200.jpg 300w, https:\/\/nck.krakow.pl\/kcc\/wp-content\/uploads\/2021\/02\/Monika-10-768x512.jpg 768w, https:\/\/nck.krakow.pl\/kcc\/wp-content\/uploads\/2021\/02\/Monika-10.jpg 2000w\" sizes=\"(max-width: 1024px) 100vw, 1024px\" \/><\/figure>\n\n\n\n<figure class=\"wp-block-image\"><img loading=\"lazy\" decoding=\"async\" width=\"1024\" height=\"682\" data-id=\"4830\" src=\"https:\/\/nck.krakow.pl\/kcc\/wp-content\/uploads\/2021\/02\/Monika-22-1024x682.jpg\" alt=\"\" class=\"wp-image-4830\" srcset=\"https:\/\/nck.krakow.pl\/kcc\/wp-content\/uploads\/2021\/02\/Monika-22-1024x682.jpg 1024w, https:\/\/nck.krakow.pl\/kcc\/wp-content\/uploads\/2021\/02\/Monika-22-300x200.jpg 300w, https:\/\/nck.krakow.pl\/kcc\/wp-content\/uploads\/2021\/02\/Monika-22-768x512.jpg 768w, https:\/\/nck.krakow.pl\/kcc\/wp-content\/uploads\/2021\/02\/Monika-22.jpg 2000w\" sizes=\"(max-width: 1024px) 100vw, 1024px\" \/><\/figure>\n<\/figure>\n\n\n\n<p>fot. Beatrycze Bem<\/p>\n","protected":false},"excerpt":{"rendered":"<p>MORE \/ Monika W\u0119grzynowicz, Marcin Janus ruch:&nbsp;Monika W\u0119grzynowiczd\u017awi\u0119k:&nbsp;Marcin Januspremiera: 14 pa\u017adziernika 2020 r.producent:&nbsp;Krakowskie Centrum Choreograficzne \u2013 Nowohuckie Centrum Kultury Impulsem do rozpocz\u0119cia pracy nad form\u0105 solow\u0105 by\u0142 pomys\u0142 Marcina Janusa, polegaj\u0105cy na wykorzystaniu syntezatora tak, aby prze\u0142o\u017cy\u0107 jego warstw\u0119 d\u017awi\u0119kow\u0105 na jako\u015bci ruchowe. Od tego czasu du\u017co si\u0119 zmieni\u0142o, koncept si\u0119 znacznie rozszerzy\u0142, ale dobrze [&hellip;]<\/p>\n","protected":false},"author":5,"featured_media":0,"parent":0,"menu_order":0,"comment_status":"closed","ping_status":"closed","template":"","meta":{"footnotes":""},"class_list":["post-4827","page","type-page","status-publish","hentry"],"yoast_head":"<!-- This site is optimized with the Yoast SEO plugin v19.12 - https:\/\/yoast.com\/wordpress\/plugins\/seo\/ -->\n<title>MORE \/ Monika W\u0119grzynowicz, Marcin Janus - Krakowskie Centrum Choreograficzne<\/title>\n<meta name=\"robots\" content=\"index, follow, max-snippet:-1, max-image-preview:large, max-video-preview:-1\" \/>\n<link rel=\"canonical\" href=\"https:\/\/nck.krakow.pl\/kcc\/more\/\" \/>\n<meta property=\"og:locale\" content=\"pl_PL\" \/>\n<meta property=\"og:type\" content=\"article\" \/>\n<meta property=\"og:title\" content=\"MORE \/ Monika W\u0119grzynowicz, Marcin Janus - Krakowskie Centrum Choreograficzne\" \/>\n<meta property=\"og:description\" content=\"MORE \/ Monika W\u0119grzynowicz, Marcin Janus ruch:&nbsp;Monika W\u0119grzynowiczd\u017awi\u0119k:&nbsp;Marcin Januspremiera: 14 pa\u017adziernika 2020 r.producent:&nbsp;Krakowskie Centrum Choreograficzne \u2013 Nowohuckie Centrum Kultury Impulsem do rozpocz\u0119cia pracy nad form\u0105 solow\u0105 by\u0142 pomys\u0142 Marcina Janusa, polegaj\u0105cy na wykorzystaniu syntezatora tak, aby prze\u0142o\u017cy\u0107 jego warstw\u0119 d\u017awi\u0119kow\u0105 na jako\u015bci ruchowe. Od tego czasu du\u017co si\u0119 zmieni\u0142o, koncept si\u0119 znacznie rozszerzy\u0142, ale dobrze [&hellip;]\" \/>\n<meta property=\"og:url\" content=\"https:\/\/nck.krakow.pl\/kcc\/more\/\" \/>\n<meta property=\"og:site_name\" content=\"Krakowskie Centrum Choreograficzne\" \/>\n<meta property=\"article:modified_time\" content=\"2023-04-25T12:55:32+00:00\" \/>\n<meta property=\"og:image\" content=\"https:\/\/nck.krakow.pl\/kcc\/wp-content\/uploads\/2021\/02\/Monika-22-1024x682.jpg\" \/>\n<meta name=\"twitter:card\" content=\"summary_large_image\" \/>\n<meta name=\"twitter:label1\" content=\"Est. reading time\" \/>\n\t<meta name=\"twitter:data1\" content=\"6 minut\" \/>\n<script type=\"application\/ld+json\" class=\"yoast-schema-graph\">{\"@context\":\"https:\/\/schema.org\",\"@graph\":[{\"@type\":\"WebPage\",\"@id\":\"https:\/\/nck.krakow.pl\/kcc\/more\/\",\"url\":\"https:\/\/nck.krakow.pl\/kcc\/more\/\",\"name\":\"MORE \/ Monika W\u0119grzynowicz, Marcin Janus - Krakowskie Centrum Choreograficzne\",\"isPartOf\":{\"@id\":\"https:\/\/nck.krakow.pl\/kcc\/#website\"},\"datePublished\":\"2021-02-16T11:29:04+00:00\",\"dateModified\":\"2023-04-25T12:55:32+00:00\",\"breadcrumb\":{\"@id\":\"https:\/\/nck.krakow.pl\/kcc\/more\/#breadcrumb\"},\"inLanguage\":\"pl-PL\",\"potentialAction\":[{\"@type\":\"ReadAction\",\"target\":[\"https:\/\/nck.krakow.pl\/kcc\/more\/\"]}]},{\"@type\":\"BreadcrumbList\",\"@id\":\"https:\/\/nck.krakow.pl\/kcc\/more\/#breadcrumb\",\"itemListElement\":[{\"@type\":\"ListItem\",\"position\":1,\"name\":\"Strona g\u0142\u00f3wna\",\"item\":\"https:\/\/nck.krakow.pl\/kcc\/\"},{\"@type\":\"ListItem\",\"position\":2,\"name\":\"MORE \/ Monika W\u0119grzynowicz, Marcin Janus\"}]},{\"@type\":\"WebSite\",\"@id\":\"https:\/\/nck.krakow.pl\/kcc\/#website\",\"url\":\"https:\/\/nck.krakow.pl\/kcc\/\",\"name\":\"Krakowskie Centrum Choreograficzne\",\"description\":\"\",\"publisher\":{\"@id\":\"https:\/\/nck.krakow.pl\/kcc\/#organization\"},\"potentialAction\":[{\"@type\":\"SearchAction\",\"target\":{\"@type\":\"EntryPoint\",\"urlTemplate\":\"https:\/\/nck.krakow.pl\/kcc\/?s={search_term_string}\"},\"query-input\":\"required name=search_term_string\"}],\"inLanguage\":\"pl-PL\"},{\"@type\":\"Organization\",\"@id\":\"https:\/\/nck.krakow.pl\/kcc\/#organization\",\"name\":\"Krakowskie Centrum Choreograficzne\",\"url\":\"https:\/\/nck.krakow.pl\/kcc\/\",\"logo\":{\"@type\":\"ImageObject\",\"inLanguage\":\"pl-PL\",\"@id\":\"https:\/\/nck.krakow.pl\/kcc\/#\/schema\/logo\/image\/\",\"url\":\"https:\/\/nck.krakow.pl\/kcc\/wp-content\/uploads\/2020\/01\/cropped-logo-kcc-2020.png\",\"contentUrl\":\"https:\/\/nck.krakow.pl\/kcc\/wp-content\/uploads\/2020\/01\/cropped-logo-kcc-2020.png\",\"width\":116,\"height\":55,\"caption\":\"Krakowskie Centrum Choreograficzne\"},\"image\":{\"@id\":\"https:\/\/nck.krakow.pl\/kcc\/#\/schema\/logo\/image\/\"}}]}<\/script>\n<!-- \/ Yoast SEO plugin. -->","yoast_head_json":{"title":"MORE \/ Monika W\u0119grzynowicz, Marcin Janus - Krakowskie Centrum Choreograficzne","robots":{"index":"index","follow":"follow","max-snippet":"max-snippet:-1","max-image-preview":"max-image-preview:large","max-video-preview":"max-video-preview:-1"},"canonical":"https:\/\/nck.krakow.pl\/kcc\/more\/","og_locale":"pl_PL","og_type":"article","og_title":"MORE \/ Monika W\u0119grzynowicz, Marcin Janus - Krakowskie Centrum Choreograficzne","og_description":"MORE \/ Monika W\u0119grzynowicz, Marcin Janus ruch:&nbsp;Monika W\u0119grzynowiczd\u017awi\u0119k:&nbsp;Marcin Januspremiera: 14 pa\u017adziernika 2020 r.producent:&nbsp;Krakowskie Centrum Choreograficzne \u2013 Nowohuckie Centrum Kultury Impulsem do rozpocz\u0119cia pracy nad form\u0105 solow\u0105 by\u0142 pomys\u0142 Marcina Janusa, polegaj\u0105cy na wykorzystaniu syntezatora tak, aby prze\u0142o\u017cy\u0107 jego warstw\u0119 d\u017awi\u0119kow\u0105 na jako\u015bci ruchowe. Od tego czasu du\u017co si\u0119 zmieni\u0142o, koncept si\u0119 znacznie rozszerzy\u0142, ale dobrze [&hellip;]","og_url":"https:\/\/nck.krakow.pl\/kcc\/more\/","og_site_name":"Krakowskie Centrum Choreograficzne","article_modified_time":"2023-04-25T12:55:32+00:00","og_image":[{"url":"https:\/\/nck.krakow.pl\/kcc\/wp-content\/uploads\/2021\/02\/Monika-22-1024x682.jpg"}],"twitter_card":"summary_large_image","twitter_misc":{"Est. reading time":"6 minut"},"schema":{"@context":"https:\/\/schema.org","@graph":[{"@type":"WebPage","@id":"https:\/\/nck.krakow.pl\/kcc\/more\/","url":"https:\/\/nck.krakow.pl\/kcc\/more\/","name":"MORE \/ Monika W\u0119grzynowicz, Marcin Janus - Krakowskie Centrum Choreograficzne","isPartOf":{"@id":"https:\/\/nck.krakow.pl\/kcc\/#website"},"datePublished":"2021-02-16T11:29:04+00:00","dateModified":"2023-04-25T12:55:32+00:00","breadcrumb":{"@id":"https:\/\/nck.krakow.pl\/kcc\/more\/#breadcrumb"},"inLanguage":"pl-PL","potentialAction":[{"@type":"ReadAction","target":["https:\/\/nck.krakow.pl\/kcc\/more\/"]}]},{"@type":"BreadcrumbList","@id":"https:\/\/nck.krakow.pl\/kcc\/more\/#breadcrumb","itemListElement":[{"@type":"ListItem","position":1,"name":"Strona g\u0142\u00f3wna","item":"https:\/\/nck.krakow.pl\/kcc\/"},{"@type":"ListItem","position":2,"name":"MORE \/ Monika W\u0119grzynowicz, Marcin Janus"}]},{"@type":"WebSite","@id":"https:\/\/nck.krakow.pl\/kcc\/#website","url":"https:\/\/nck.krakow.pl\/kcc\/","name":"Krakowskie Centrum Choreograficzne","description":"","publisher":{"@id":"https:\/\/nck.krakow.pl\/kcc\/#organization"},"potentialAction":[{"@type":"SearchAction","target":{"@type":"EntryPoint","urlTemplate":"https:\/\/nck.krakow.pl\/kcc\/?s={search_term_string}"},"query-input":"required name=search_term_string"}],"inLanguage":"pl-PL"},{"@type":"Organization","@id":"https:\/\/nck.krakow.pl\/kcc\/#organization","name":"Krakowskie Centrum Choreograficzne","url":"https:\/\/nck.krakow.pl\/kcc\/","logo":{"@type":"ImageObject","inLanguage":"pl-PL","@id":"https:\/\/nck.krakow.pl\/kcc\/#\/schema\/logo\/image\/","url":"https:\/\/nck.krakow.pl\/kcc\/wp-content\/uploads\/2020\/01\/cropped-logo-kcc-2020.png","contentUrl":"https:\/\/nck.krakow.pl\/kcc\/wp-content\/uploads\/2020\/01\/cropped-logo-kcc-2020.png","width":116,"height":55,"caption":"Krakowskie Centrum Choreograficzne"},"image":{"@id":"https:\/\/nck.krakow.pl\/kcc\/#\/schema\/logo\/image\/"}}]}},"_links":{"self":[{"href":"https:\/\/nck.krakow.pl\/kcc\/wp-json\/wp\/v2\/pages\/4827"}],"collection":[{"href":"https:\/\/nck.krakow.pl\/kcc\/wp-json\/wp\/v2\/pages"}],"about":[{"href":"https:\/\/nck.krakow.pl\/kcc\/wp-json\/wp\/v2\/types\/page"}],"author":[{"embeddable":true,"href":"https:\/\/nck.krakow.pl\/kcc\/wp-json\/wp\/v2\/users\/5"}],"replies":[{"embeddable":true,"href":"https:\/\/nck.krakow.pl\/kcc\/wp-json\/wp\/v2\/comments?post=4827"}],"version-history":[{"count":4,"href":"https:\/\/nck.krakow.pl\/kcc\/wp-json\/wp\/v2\/pages\/4827\/revisions"}],"predecessor-version":[{"id":6829,"href":"https:\/\/nck.krakow.pl\/kcc\/wp-json\/wp\/v2\/pages\/4827\/revisions\/6829"}],"wp:attachment":[{"href":"https:\/\/nck.krakow.pl\/kcc\/wp-json\/wp\/v2\/media?parent=4827"}],"curies":[{"name":"wp","href":"https:\/\/api.w.org\/{rel}","templated":true}]}}