{"id":4807,"date":"2021-02-16T11:18:28","date_gmt":"2021-02-16T11:18:28","guid":{"rendered":"https:\/\/nck.krakow.pl\/kcc\/?page_id=4807"},"modified":"2023-04-25T12:55:21","modified_gmt":"2023-04-25T12:55:21","slug":"milo-milosc-milorzab","status":"publish","type":"page","link":"https:\/\/nck.krakow.pl\/kcc\/milo-milosc-milorzab\/","title":{"rendered":"Mi\u0142o, mi\u0142o\u015b\u0107, mi\u0142orz\u0105b \/ Monika Kiwak, Piotr Werewka"},"content":{"rendered":"\n<figure class=\"wp-block-image\"><img loading=\"lazy\" decoding=\"async\" width=\"1024\" height=\"576\" src=\"https:\/\/nck.krakow.pl\/kcc\/wp-content\/uploads\/2021\/02\/fot.-Piotr-Werewka-1-1024x576.jpg\" alt=\"\" class=\"wp-image-4808\" srcset=\"https:\/\/nck.krakow.pl\/kcc\/wp-content\/uploads\/2021\/02\/fot.-Piotr-Werewka-1-1024x576.jpg 1024w, https:\/\/nck.krakow.pl\/kcc\/wp-content\/uploads\/2021\/02\/fot.-Piotr-Werewka-1-300x169.jpg 300w, https:\/\/nck.krakow.pl\/kcc\/wp-content\/uploads\/2021\/02\/fot.-Piotr-Werewka-1-768x432.jpg 768w\" sizes=\"(max-width: 1024px) 100vw, 1024px\" \/><\/figure>\n\n\n\n<div style=\"height:30px\" aria-hidden=\"true\" class=\"wp-block-spacer\"><\/div>\n\n\n\n<h2 class=\"wp-block-heading\">Mi\u0142o, mi\u0142o\u015b\u0107, mi\u0142orz\u0105b \/ Monika Kiwak, Piotr Werewka<\/h2>\n\n\n\n<p><strong>Improwizacja:<\/strong> Monika Kiwak<br><strong>Kamera:<\/strong> Piotr Werewka<br><strong>Realizacja \u015bwiat\u0142a:<\/strong> Artur Oczkowski, Wojciech Wa\u015bko, Piotr Werewka<br><strong>Realizacja d\u017awi\u0119ku:<\/strong> Szczepan So\u0142tys, Piotr Werewka<br><strong>Technika:<\/strong> Grzegorz Zieli\u0144ski<\/p>\n\n\n\n<p><strong>Premiera:<\/strong> 14\nsierpnia 2020 r. (pokaz filmowy w Krakowskim Centrum Choreograficznym podczas\nKina ta\u0144ca w ramach projektu dofinansowanego ze \u015brodk\u00f3w Narodowego Centrum\nKultury w programie \u201eKultura w sieci\u201d)<\/p>\n\n\n\n<p><strong>Producent:<\/strong>\nKrakowskie Centrum Choreograficzne \u2013 Nowohuckie Centrum Kultury<\/p>\n\n\n\n<div style=\"height:20px\" aria-hidden=\"true\" class=\"wp-block-spacer\"><\/div>\n\n\n\n<p>&#8222;Mi\u0142o, mi\u0142o\u015b\u0107, mi\u0142orz\u0105b&#8221; &#8211; solowa improwizacja\nzbudowana na czu\u0142ej relacji cia\u0142a z wyobra\u017ani\u0105, g\u0142osem i ruchem. Zaprasza\nwidz\u00f3w do pod\u0105\u017cania za w\u0142asn\u0105 przyjemno\u015bci\u0105, odsuwaj\u0105c poszukiwanie sens\u00f3w na\ninne momenty \u017cyciowe. Poetycka wypowied\u017a do ogl\u0105dania i s\u0142uchania. Free\nimprowizacja oparta na praktyce poetyckiej translacji wyobra\u017ani.<\/p>\n\n\n\n<figure class=\"wp-block-embed is-type-video is-provider-vimeo wp-block-embed-vimeo\"><div class=\"wp-block-embed__wrapper\">\n<iframe loading=\"lazy\" title=\"&amp;quot;Mi\u0142o, mi\u0142o\u015b\u0107, mi\u0142orz\u0105b&amp;quot;\/zwiastun\" src=\"https:\/\/player.vimeo.com\/video\/451564985?dnt=1&amp;app_id=122963\" width=\"768\" height=\"405\" frameborder=\"0\" allow=\"autoplay; fullscreen; picture-in-picture\" allowfullscreen><\/iframe>\n<\/div><\/figure>\n\n\n\n<p><strong>Monika Kiwak<\/strong>&nbsp;(1982)\n\u2013 magister filologii polskiej oraz wiedzy o teatrze (dramatologia) na\nUniwersytecie Jagiello\u0144skim, absolwentka wydzia\u0142u ta\u0144ca w Performers House\n(2009, Dania), dyplomowana instruktorka ta\u0144ca wsp\u00f3\u0142czesnego (Narodowe Centrum\nKultury). Uczestniczka certyfikowanego Kursu Body-Mind Centering\u00ae (S\u0142owacja,\nPolska 201 -2015). Od 2008 do 2015 roku ta\u0144czy\u0142a w Eksperymentalnym Studio\nTa\u0144ca Iwony Olszowskiej w Krakowie, praktykuj\u0105c improwizacj\u0119 z podej\u015bciem\nBMC\u00ae.&nbsp;&nbsp;<\/p>\n\n\n\n<p>W latach 2013, 2015, 2017 i 2019 otrzyma\u0142a stypendium na\nudzia\u0142 w Alternatywnej Akademii Ta\u0144ca, realizowanej przez Art Stations\nFoundation by Gra\u017cyna Kulczyk. Rezydentka projektu&nbsp;Dance Move\nCities&nbsp;(Krak\u00f3w, Ryga 2013-2014, m.in. z Ver\u0105 Mantero i M\u00e5rtenem\nSp\u00e5ngbergiem). W 2017, dzi\u0119ki wsparciu Art Stations Foundation by Gra\u017cyna Kulczyk,\nodby\u0142a wizyt\u0119 studyjn\u0105 i szkolenie dla pedagog\u00f3w w Rzymie u Segni Mossi,\n\u0142\u0105cz\u0105ce ruch i znaki graficzne. Wielokrotnie wybierana przez Andrew Morrisha do\ntreningu improwizacji solowej jako performance dla zaawansowanych tancerzy. W\n2019 roku dzi\u0119ki wsparciu Instytutu Muzyki i Ta\u0144ca (program&nbsp;Wspieranie\naktywno\u015bci mi\u0119dzynarodowej) odby\u0142a stypendium w Szwecji, trenuj\u0105c u Andrew\nMorrisha i Petera Trotmana.<\/p>\n\n\n\n<p>Wsp\u00f3\u0142pracowa\u0142a m.in. z takimi instytucjami, festiwalami i\nprogramami performatywnymi, jak: Stary Browar Nowy Taniec w Poznaniu, Centrum\nSztuki Wsp\u00f3\u0142czesnej Zamek Ujazdowski w Warszawie, Mazowieckie Centrum Sztuki\nWsp\u00f3\u0142czesnej Elektrownia w Radomiu, Galeria Labirynt w Lublinie, Galeria Sztuki\nWsp\u00f3\u0142czesnej w Opolu, Galeria Sztuki Wsp\u00f3\u0142czesnej BWA w Katowicach, Akademia Sztuk\nPi\u0119knych im. Jana Matejki w Krakowie, Art Fraction Foundation w Poznaniu,\nFundacja Uniwersytet Dzieci, Fundacja Dom Kultury INSPIRO w Pod\u0142\u0119\u017cu, Dzieci\u0119cy\nWarsztat Ta\u0144ca w Krakowie, Opolski Teatr Lalki i Aktora, Teatr Lalki i Aktora w\nWa\u0142brzychu, Teatr Studio im, Stanis\u0142awa Ignacego Witkiewicza w Warszawie,\nInstytut Teatralny im. Zbigniewa Raszewskiego w Warszawie, Teatr \u0141a\u017ania Nowa w\nKrakowie, Teatr Barakah w Krakowie, Ma\u0142opolski Ogr\u00f3d Sztuki w Krakowie, O\u015brodek\nDokumentacji Sztuki Tadeusza Kantora Cricoteka w Krakowie, Krakowskie\nReminiscencje Teatralne, Jalla! Odzyskaj cia\u0142o! , The Meyerhold Center of\nTheatre w Moskwie,&nbsp;FRATZ International Festival w Berlinie, ricca ricca\nfesta&nbsp;w Japonii.\n\nGra w spektaklach dla najm\u0142odszej widowni oraz dla\ndoros\u0142ych. Praktykuje improwizacj\u0119 solow\u0105 jako performance, badaj\u0105c poetyck\u0105\nekspresj\u0119 wyobra\u017ani.&nbsp;W 2020 dzi\u0119ki stypendium Ministra Kultury i\nDziedzictwa Narodowego realizuje spektakl&nbsp;Czuj\u0105c.\n\n\n\n<\/p>\n\n\n\n<div style=\"height:100px\" aria-hidden=\"true\" class=\"wp-block-spacer\"><\/div>\n\n\n\n<figure class=\"wp-block-gallery has-nested-images columns-default is-cropped wp-block-gallery-1 is-layout-flex wp-block-gallery-is-layout-flex\">\n<figure class=\"wp-block-image\"><a href=\"https:\/\/nck.krakow.pl\/kcc\/wp-content\/uploads\/2021\/02\/fot.-Piotr-Werewka-2.jpg\"><img loading=\"lazy\" decoding=\"async\" width=\"1024\" height=\"576\" data-id=\"4809\" src=\"https:\/\/nck.krakow.pl\/kcc\/wp-content\/uploads\/2021\/02\/fot.-Piotr-Werewka-2-1024x576.jpg\" alt=\"\" class=\"wp-image-4809\" srcset=\"https:\/\/nck.krakow.pl\/kcc\/wp-content\/uploads\/2021\/02\/fot.-Piotr-Werewka-2-1024x576.jpg 1024w, https:\/\/nck.krakow.pl\/kcc\/wp-content\/uploads\/2021\/02\/fot.-Piotr-Werewka-2-300x169.jpg 300w, https:\/\/nck.krakow.pl\/kcc\/wp-content\/uploads\/2021\/02\/fot.-Piotr-Werewka-2-768x432.jpg 768w\" sizes=\"(max-width: 1024px) 100vw, 1024px\" \/><\/a><\/figure>\n\n\n\n<figure class=\"wp-block-image\"><a href=\"https:\/\/nck.krakow.pl\/kcc\/wp-content\/uploads\/2021\/02\/fot.-Piotr-Werewka-3.jpg\"><img loading=\"lazy\" decoding=\"async\" width=\"1024\" height=\"576\" data-id=\"4810\" src=\"https:\/\/nck.krakow.pl\/kcc\/wp-content\/uploads\/2021\/02\/fot.-Piotr-Werewka-3-1024x576.jpg\" alt=\"\" class=\"wp-image-4810\" srcset=\"https:\/\/nck.krakow.pl\/kcc\/wp-content\/uploads\/2021\/02\/fot.-Piotr-Werewka-3-1024x576.jpg 1024w, https:\/\/nck.krakow.pl\/kcc\/wp-content\/uploads\/2021\/02\/fot.-Piotr-Werewka-3-300x169.jpg 300w, https:\/\/nck.krakow.pl\/kcc\/wp-content\/uploads\/2021\/02\/fot.-Piotr-Werewka-3-768x432.jpg 768w\" sizes=\"(max-width: 1024px) 100vw, 1024px\" \/><\/a><\/figure>\n\n\n\n<figure class=\"wp-block-image\"><a href=\"https:\/\/nck.krakow.pl\/kcc\/wp-content\/uploads\/2021\/02\/fot.-Piotr-Werewka-4.jpg\"><img loading=\"lazy\" decoding=\"async\" width=\"1024\" height=\"576\" data-id=\"4811\" src=\"https:\/\/nck.krakow.pl\/kcc\/wp-content\/uploads\/2021\/02\/fot.-Piotr-Werewka-4-1024x576.jpg\" alt=\"\" class=\"wp-image-4811\" srcset=\"https:\/\/nck.krakow.pl\/kcc\/wp-content\/uploads\/2021\/02\/fot.-Piotr-Werewka-4-1024x576.jpg 1024w, https:\/\/nck.krakow.pl\/kcc\/wp-content\/uploads\/2021\/02\/fot.-Piotr-Werewka-4-300x169.jpg 300w, https:\/\/nck.krakow.pl\/kcc\/wp-content\/uploads\/2021\/02\/fot.-Piotr-Werewka-4-768x432.jpg 768w\" sizes=\"(max-width: 1024px) 100vw, 1024px\" \/><\/a><\/figure>\n<\/figure>\n\n\n\n<p>fot. Piotr Werewka<\/p>\n\n\n\n<div style=\"height:57px\" aria-hidden=\"true\" class=\"wp-block-spacer\"><\/div>\n\n\n\n<figure class=\"wp-block-image is-resized\"><img loading=\"lazy\" decoding=\"async\" src=\"https:\/\/nck.krakow.pl\/kcc\/wp-content\/uploads\/2020\/07\/2020-NCK_dofinans_kulturawsieci-rgb-768x192.jpg\" alt=\"\" class=\"wp-image-4663\" width=\"403\" height=\"100\" srcset=\"https:\/\/nck.krakow.pl\/kcc\/wp-content\/uploads\/2020\/07\/2020-NCK_dofinans_kulturawsieci-rgb-768x192.jpg 768w, https:\/\/nck.krakow.pl\/kcc\/wp-content\/uploads\/2020\/07\/2020-NCK_dofinans_kulturawsieci-rgb-768x192-300x75.jpg 300w\" sizes=\"(max-width: 403px) 100vw, 403px\" \/><\/figure>\n\n\n\n<figure class=\"wp-block-image is-resized\"><img loading=\"lazy\" decoding=\"async\" src=\"https:\/\/nck.krakow.pl\/kcc\/wp-content\/uploads\/2021\/02\/KIno-Ta\u0144ca_NCK_czarne_przeroczystosc-1024x598.png\" alt=\"\" class=\"wp-image-4812\" width=\"178\" height=\"104\" srcset=\"https:\/\/nck.krakow.pl\/kcc\/wp-content\/uploads\/2021\/02\/KIno-Ta\u0144ca_NCK_czarne_przeroczystosc-1024x598.png 1024w, https:\/\/nck.krakow.pl\/kcc\/wp-content\/uploads\/2021\/02\/KIno-Ta\u0144ca_NCK_czarne_przeroczystosc-300x175.png 300w, https:\/\/nck.krakow.pl\/kcc\/wp-content\/uploads\/2021\/02\/KIno-Ta\u0144ca_NCK_czarne_przeroczystosc-768x448.png 768w\" sizes=\"(max-width: 178px) 100vw, 178px\" \/><\/figure>\n","protected":false},"excerpt":{"rendered":"<p>Mi\u0142o, mi\u0142o\u015b\u0107, mi\u0142orz\u0105b \/ Monika Kiwak, Piotr Werewka Improwizacja: Monika KiwakKamera: Piotr WerewkaRealizacja \u015bwiat\u0142a: Artur Oczkowski, Wojciech Wa\u015bko, Piotr WerewkaRealizacja d\u017awi\u0119ku: Szczepan So\u0142tys, Piotr WerewkaTechnika: Grzegorz Zieli\u0144ski Premiera: 14 sierpnia 2020 r. (pokaz filmowy w Krakowskim Centrum Choreograficznym podczas Kina ta\u0144ca w ramach projektu dofinansowanego ze \u015brodk\u00f3w Narodowego Centrum Kultury w programie \u201eKultura w sieci\u201d) [&hellip;]<\/p>\n","protected":false},"author":5,"featured_media":0,"parent":0,"menu_order":0,"comment_status":"closed","ping_status":"closed","template":"","meta":{"footnotes":""},"class_list":["post-4807","page","type-page","status-publish","hentry"],"yoast_head":"<!-- This site is optimized with the Yoast SEO plugin v19.12 - https:\/\/yoast.com\/wordpress\/plugins\/seo\/ -->\n<title>Mi\u0142o, mi\u0142o\u015b\u0107, mi\u0142orz\u0105b \/ Monika Kiwak, Piotr Werewka - Krakowskie Centrum Choreograficzne<\/title>\n<meta name=\"robots\" content=\"index, follow, max-snippet:-1, max-image-preview:large, max-video-preview:-1\" \/>\n<link rel=\"canonical\" href=\"https:\/\/nck.krakow.pl\/kcc\/milo-milosc-milorzab\/\" \/>\n<meta property=\"og:locale\" content=\"pl_PL\" \/>\n<meta property=\"og:type\" content=\"article\" \/>\n<meta property=\"og:title\" content=\"Mi\u0142o, mi\u0142o\u015b\u0107, mi\u0142orz\u0105b \/ Monika Kiwak, Piotr Werewka - Krakowskie Centrum Choreograficzne\" \/>\n<meta property=\"og:description\" content=\"Mi\u0142o, mi\u0142o\u015b\u0107, mi\u0142orz\u0105b \/ Monika Kiwak, Piotr Werewka Improwizacja: Monika KiwakKamera: Piotr WerewkaRealizacja \u015bwiat\u0142a: Artur Oczkowski, Wojciech Wa\u015bko, Piotr WerewkaRealizacja d\u017awi\u0119ku: Szczepan So\u0142tys, Piotr WerewkaTechnika: Grzegorz Zieli\u0144ski Premiera: 14 sierpnia 2020 r. (pokaz filmowy w Krakowskim Centrum Choreograficznym podczas Kina ta\u0144ca w ramach projektu dofinansowanego ze \u015brodk\u00f3w Narodowego Centrum Kultury w programie \u201eKultura w sieci\u201d) [&hellip;]\" \/>\n<meta property=\"og:url\" content=\"https:\/\/nck.krakow.pl\/kcc\/milo-milosc-milorzab\/\" \/>\n<meta property=\"og:site_name\" content=\"Krakowskie Centrum Choreograficzne\" \/>\n<meta property=\"article:modified_time\" content=\"2023-04-25T12:55:21+00:00\" \/>\n<meta property=\"og:image\" content=\"https:\/\/nck.krakow.pl\/kcc\/wp-content\/uploads\/2021\/02\/fot.-Piotr-Werewka-1-1024x576.jpg\" \/>\n<meta name=\"twitter:card\" content=\"summary_large_image\" \/>\n<meta name=\"twitter:label1\" content=\"Est. reading time\" \/>\n\t<meta name=\"twitter:data1\" content=\"4 minuty\" \/>\n<script type=\"application\/ld+json\" class=\"yoast-schema-graph\">{\"@context\":\"https:\/\/schema.org\",\"@graph\":[{\"@type\":\"WebPage\",\"@id\":\"https:\/\/nck.krakow.pl\/kcc\/milo-milosc-milorzab\/\",\"url\":\"https:\/\/nck.krakow.pl\/kcc\/milo-milosc-milorzab\/\",\"name\":\"Mi\u0142o, mi\u0142o\u015b\u0107, mi\u0142orz\u0105b \/ Monika Kiwak, Piotr Werewka - Krakowskie Centrum Choreograficzne\",\"isPartOf\":{\"@id\":\"https:\/\/nck.krakow.pl\/kcc\/#website\"},\"datePublished\":\"2021-02-16T11:18:28+00:00\",\"dateModified\":\"2023-04-25T12:55:21+00:00\",\"breadcrumb\":{\"@id\":\"https:\/\/nck.krakow.pl\/kcc\/milo-milosc-milorzab\/#breadcrumb\"},\"inLanguage\":\"pl-PL\",\"potentialAction\":[{\"@type\":\"ReadAction\",\"target\":[\"https:\/\/nck.krakow.pl\/kcc\/milo-milosc-milorzab\/\"]}]},{\"@type\":\"BreadcrumbList\",\"@id\":\"https:\/\/nck.krakow.pl\/kcc\/milo-milosc-milorzab\/#breadcrumb\",\"itemListElement\":[{\"@type\":\"ListItem\",\"position\":1,\"name\":\"Strona g\u0142\u00f3wna\",\"item\":\"https:\/\/nck.krakow.pl\/kcc\/\"},{\"@type\":\"ListItem\",\"position\":2,\"name\":\"Mi\u0142o, mi\u0142o\u015b\u0107, mi\u0142orz\u0105b \/ Monika Kiwak, Piotr Werewka\"}]},{\"@type\":\"WebSite\",\"@id\":\"https:\/\/nck.krakow.pl\/kcc\/#website\",\"url\":\"https:\/\/nck.krakow.pl\/kcc\/\",\"name\":\"Krakowskie Centrum Choreograficzne\",\"description\":\"\",\"publisher\":{\"@id\":\"https:\/\/nck.krakow.pl\/kcc\/#organization\"},\"potentialAction\":[{\"@type\":\"SearchAction\",\"target\":{\"@type\":\"EntryPoint\",\"urlTemplate\":\"https:\/\/nck.krakow.pl\/kcc\/?s={search_term_string}\"},\"query-input\":\"required name=search_term_string\"}],\"inLanguage\":\"pl-PL\"},{\"@type\":\"Organization\",\"@id\":\"https:\/\/nck.krakow.pl\/kcc\/#organization\",\"name\":\"Krakowskie Centrum Choreograficzne\",\"url\":\"https:\/\/nck.krakow.pl\/kcc\/\",\"logo\":{\"@type\":\"ImageObject\",\"inLanguage\":\"pl-PL\",\"@id\":\"https:\/\/nck.krakow.pl\/kcc\/#\/schema\/logo\/image\/\",\"url\":\"https:\/\/nck.krakow.pl\/kcc\/wp-content\/uploads\/2020\/01\/cropped-logo-kcc-2020.png\",\"contentUrl\":\"https:\/\/nck.krakow.pl\/kcc\/wp-content\/uploads\/2020\/01\/cropped-logo-kcc-2020.png\",\"width\":116,\"height\":55,\"caption\":\"Krakowskie Centrum Choreograficzne\"},\"image\":{\"@id\":\"https:\/\/nck.krakow.pl\/kcc\/#\/schema\/logo\/image\/\"}}]}<\/script>\n<!-- \/ Yoast SEO plugin. -->","yoast_head_json":{"title":"Mi\u0142o, mi\u0142o\u015b\u0107, mi\u0142orz\u0105b \/ Monika Kiwak, Piotr Werewka - Krakowskie Centrum Choreograficzne","robots":{"index":"index","follow":"follow","max-snippet":"max-snippet:-1","max-image-preview":"max-image-preview:large","max-video-preview":"max-video-preview:-1"},"canonical":"https:\/\/nck.krakow.pl\/kcc\/milo-milosc-milorzab\/","og_locale":"pl_PL","og_type":"article","og_title":"Mi\u0142o, mi\u0142o\u015b\u0107, mi\u0142orz\u0105b \/ Monika Kiwak, Piotr Werewka - Krakowskie Centrum Choreograficzne","og_description":"Mi\u0142o, mi\u0142o\u015b\u0107, mi\u0142orz\u0105b \/ Monika Kiwak, Piotr Werewka Improwizacja: Monika KiwakKamera: Piotr WerewkaRealizacja \u015bwiat\u0142a: Artur Oczkowski, Wojciech Wa\u015bko, Piotr WerewkaRealizacja d\u017awi\u0119ku: Szczepan So\u0142tys, Piotr WerewkaTechnika: Grzegorz Zieli\u0144ski Premiera: 14 sierpnia 2020 r. (pokaz filmowy w Krakowskim Centrum Choreograficznym podczas Kina ta\u0144ca w ramach projektu dofinansowanego ze \u015brodk\u00f3w Narodowego Centrum Kultury w programie \u201eKultura w sieci\u201d) [&hellip;]","og_url":"https:\/\/nck.krakow.pl\/kcc\/milo-milosc-milorzab\/","og_site_name":"Krakowskie Centrum Choreograficzne","article_modified_time":"2023-04-25T12:55:21+00:00","og_image":[{"url":"https:\/\/nck.krakow.pl\/kcc\/wp-content\/uploads\/2021\/02\/fot.-Piotr-Werewka-1-1024x576.jpg"}],"twitter_card":"summary_large_image","twitter_misc":{"Est. reading time":"4 minuty"},"schema":{"@context":"https:\/\/schema.org","@graph":[{"@type":"WebPage","@id":"https:\/\/nck.krakow.pl\/kcc\/milo-milosc-milorzab\/","url":"https:\/\/nck.krakow.pl\/kcc\/milo-milosc-milorzab\/","name":"Mi\u0142o, mi\u0142o\u015b\u0107, mi\u0142orz\u0105b \/ Monika Kiwak, Piotr Werewka - Krakowskie Centrum Choreograficzne","isPartOf":{"@id":"https:\/\/nck.krakow.pl\/kcc\/#website"},"datePublished":"2021-02-16T11:18:28+00:00","dateModified":"2023-04-25T12:55:21+00:00","breadcrumb":{"@id":"https:\/\/nck.krakow.pl\/kcc\/milo-milosc-milorzab\/#breadcrumb"},"inLanguage":"pl-PL","potentialAction":[{"@type":"ReadAction","target":["https:\/\/nck.krakow.pl\/kcc\/milo-milosc-milorzab\/"]}]},{"@type":"BreadcrumbList","@id":"https:\/\/nck.krakow.pl\/kcc\/milo-milosc-milorzab\/#breadcrumb","itemListElement":[{"@type":"ListItem","position":1,"name":"Strona g\u0142\u00f3wna","item":"https:\/\/nck.krakow.pl\/kcc\/"},{"@type":"ListItem","position":2,"name":"Mi\u0142o, mi\u0142o\u015b\u0107, mi\u0142orz\u0105b \/ Monika Kiwak, Piotr Werewka"}]},{"@type":"WebSite","@id":"https:\/\/nck.krakow.pl\/kcc\/#website","url":"https:\/\/nck.krakow.pl\/kcc\/","name":"Krakowskie Centrum Choreograficzne","description":"","publisher":{"@id":"https:\/\/nck.krakow.pl\/kcc\/#organization"},"potentialAction":[{"@type":"SearchAction","target":{"@type":"EntryPoint","urlTemplate":"https:\/\/nck.krakow.pl\/kcc\/?s={search_term_string}"},"query-input":"required name=search_term_string"}],"inLanguage":"pl-PL"},{"@type":"Organization","@id":"https:\/\/nck.krakow.pl\/kcc\/#organization","name":"Krakowskie Centrum Choreograficzne","url":"https:\/\/nck.krakow.pl\/kcc\/","logo":{"@type":"ImageObject","inLanguage":"pl-PL","@id":"https:\/\/nck.krakow.pl\/kcc\/#\/schema\/logo\/image\/","url":"https:\/\/nck.krakow.pl\/kcc\/wp-content\/uploads\/2020\/01\/cropped-logo-kcc-2020.png","contentUrl":"https:\/\/nck.krakow.pl\/kcc\/wp-content\/uploads\/2020\/01\/cropped-logo-kcc-2020.png","width":116,"height":55,"caption":"Krakowskie Centrum Choreograficzne"},"image":{"@id":"https:\/\/nck.krakow.pl\/kcc\/#\/schema\/logo\/image\/"}}]}},"_links":{"self":[{"href":"https:\/\/nck.krakow.pl\/kcc\/wp-json\/wp\/v2\/pages\/4807"}],"collection":[{"href":"https:\/\/nck.krakow.pl\/kcc\/wp-json\/wp\/v2\/pages"}],"about":[{"href":"https:\/\/nck.krakow.pl\/kcc\/wp-json\/wp\/v2\/types\/page"}],"author":[{"embeddable":true,"href":"https:\/\/nck.krakow.pl\/kcc\/wp-json\/wp\/v2\/users\/5"}],"replies":[{"embeddable":true,"href":"https:\/\/nck.krakow.pl\/kcc\/wp-json\/wp\/v2\/comments?post=4807"}],"version-history":[{"count":5,"href":"https:\/\/nck.krakow.pl\/kcc\/wp-json\/wp\/v2\/pages\/4807\/revisions"}],"predecessor-version":[{"id":6828,"href":"https:\/\/nck.krakow.pl\/kcc\/wp-json\/wp\/v2\/pages\/4807\/revisions\/6828"}],"wp:attachment":[{"href":"https:\/\/nck.krakow.pl\/kcc\/wp-json\/wp\/v2\/media?parent=4807"}],"curies":[{"name":"wp","href":"https:\/\/api.w.org\/{rel}","templated":true}]}}