{"id":4724,"date":"2020-09-18T10:44:46","date_gmt":"2020-09-18T10:44:46","guid":{"rendered":"https:\/\/nck.krakow.pl\/kcc\/?page_id=4724"},"modified":"2021-04-01T08:10:10","modified_gmt":"2021-04-01T08:10:10","slug":"kino-tanca","status":"publish","type":"page","link":"https:\/\/nck.krakow.pl\/kcc\/kino-tanca\/","title":{"rendered":"Kino ta\u0144ca"},"content":{"rendered":"\n<figure class=\"wp-block-image\"><img loading=\"lazy\" decoding=\"async\" width=\"940\" height=\"788\" src=\"https:\/\/nck.krakow.pl\/kcc\/wp-content\/uploads\/2021\/04\/120190507_2756842767904100_355182428783742606_n.png\" alt=\"\" class=\"wp-image-4875\" srcset=\"https:\/\/nck.krakow.pl\/kcc\/wp-content\/uploads\/2021\/04\/120190507_2756842767904100_355182428783742606_n.png 940w, https:\/\/nck.krakow.pl\/kcc\/wp-content\/uploads\/2021\/04\/120190507_2756842767904100_355182428783742606_n-300x251.png 300w, https:\/\/nck.krakow.pl\/kcc\/wp-content\/uploads\/2021\/04\/120190507_2756842767904100_355182428783742606_n-768x644.png 768w\" sizes=\"(max-width: 940px) 100vw, 940px\" \/><\/figure>\n\n\n\n<p>Dzi\u0119ki dofinansowaniu Narodowego Centrum Kultury z programu \u201eKultura w sieci\u201d, w Nowohuckim Centrum Kultury \u2013 Krakowskim Centrum Choreograficznym zosta\u0142o sfilmowanych 6 spektakli tanecznych krakowskich tw\u00f3rc\u00f3w. W dniach 14-16 sierpnia 2020 r. filmy zosta\u0142y pokazane na du\u017cym ekranie Sceny NCK, a w ostatnim tygodniu sierpnia udost\u0119pnili\u015bmy je online. <br>Zach\u0119camy do ogl\u0105dania! <\/p>\n\n\n\n<p>Wi\u0119cej informacji o spektaklach:<\/p>\n\n\n\n<div class=\"wp-block-file\"><a href=\"https:\/\/nck.krakow.pl\/kcc\/wp-content\/uploads\/2020\/09\/program-Kino-Ta\u0144ca.pdf\">program-Kino-Ta\u0144ca<\/a><a href=\"https:\/\/nck.krakow.pl\/kcc\/wp-content\/uploads\/2020\/09\/program-Kino-Ta\u0144ca.pdf\" class=\"wp-block-file__button\" download>Pobierz<\/a><\/div>\n\n\n\n<div style=\"height:20px\" aria-hidden=\"true\" class=\"wp-block-spacer\"><\/div>\n\n\n\n<p><strong>\u201cJestem mi\u0142o\u015bci\u0105 II\u201d <br><\/strong>Barbara Bujakowska, Daria Kubisiak, Sebastian Grygo, Kamil Tuszy\u0144ski <\/p>\n\n\n\n<p><strong>\u201cMi\u0142o, mi\u0142o\u015b\u0107, mi\u0142orz\u0105b\u201d <br><\/strong>Monika Kiwak, Piotr Werewka <\/p>\n\n\n\n<p><strong>\u201can_na\u201d <br><\/strong>Magdalena Skowron, Pamela Bosak <\/p>\n\n\n\n<p><strong>\u201cKilka piosenek o mi\u0142o\u015bci\u201d <br><\/strong>Iwona Olszowska <\/p>\n\n\n\n<p><strong>\u201cTens\u201d <br><\/strong>Marta Wo\u0142owiec <\/p>\n\n\n\n<p><strong>\u201cMORE\u201d&nbsp;<br><\/strong>Monika W\u0119grzynowicz, Marcin Janus <\/p>\n\n\n\n<div style=\"height:20px\" aria-hidden=\"true\" class=\"wp-block-spacer\"><\/div>\n\n\n\n<p>Filmy by\u0142y dost\u0119pne online do 31 marca 2021. <\/p>\n\n\n\n<figure class=\"wp-block-image is-resized\"><img loading=\"lazy\" decoding=\"async\" src=\"https:\/\/nck.krakow.pl\/kcc\/wp-content\/uploads\/2020\/07\/2020-NCK_dofinans_kulturawsieci-rgb-768x192.jpg\" alt=\"\" class=\"wp-image-4663\" width=\"348\" height=\"87\" srcset=\"https:\/\/nck.krakow.pl\/kcc\/wp-content\/uploads\/2020\/07\/2020-NCK_dofinans_kulturawsieci-rgb-768x192.jpg 768w, https:\/\/nck.krakow.pl\/kcc\/wp-content\/uploads\/2020\/07\/2020-NCK_dofinans_kulturawsieci-rgb-768x192-300x75.jpg 300w\" sizes=\"(max-width: 348px) 100vw, 348px\" \/><\/figure>\n\n\n\n<figure class=\"wp-block-image is-resized\"><img loading=\"lazy\" decoding=\"async\" src=\"https:\/\/nck.krakow.pl\/kcc\/wp-content\/uploads\/2020\/09\/KIno-Ta\u0144ca_NCK_czarne_przeroczystosc-1024x598.png\" alt=\"\" class=\"wp-image-4726\" width=\"241\" height=\"140\" srcset=\"https:\/\/nck.krakow.pl\/kcc\/wp-content\/uploads\/2020\/09\/KIno-Ta\u0144ca_NCK_czarne_przeroczystosc-1024x598.png 1024w, https:\/\/nck.krakow.pl\/kcc\/wp-content\/uploads\/2020\/09\/KIno-Ta\u0144ca_NCK_czarne_przeroczystosc-300x175.png 300w, https:\/\/nck.krakow.pl\/kcc\/wp-content\/uploads\/2020\/09\/KIno-Ta\u0144ca_NCK_czarne_przeroczystosc-768x448.png 768w\" sizes=\"(max-width: 241px) 100vw, 241px\" \/><\/figure>\n","protected":false},"excerpt":{"rendered":"<p>Dzi\u0119ki dofinansowaniu Narodowego Centrum Kultury z programu \u201eKultura w sieci\u201d, w Nowohuckim Centrum Kultury \u2013 Krakowskim Centrum Choreograficznym zosta\u0142o sfilmowanych 6 spektakli tanecznych krakowskich tw\u00f3rc\u00f3w. W dniach 14-16 sierpnia 2020 r. filmy zosta\u0142y pokazane na du\u017cym ekranie Sceny NCK, a w ostatnim tygodniu sierpnia udost\u0119pnili\u015bmy je online. Zach\u0119camy do ogl\u0105dania! Wi\u0119cej informacji o spektaklach: \u201cJestem [&hellip;]<\/p>\n","protected":false},"author":5,"featured_media":0,"parent":0,"menu_order":0,"comment_status":"closed","ping_status":"closed","template":"","meta":{"footnotes":""},"class_list":["post-4724","page","type-page","status-publish","hentry"],"yoast_head":"<!-- This site is optimized with the Yoast SEO plugin v19.12 - https:\/\/yoast.com\/wordpress\/plugins\/seo\/ -->\n<title>Kino ta\u0144ca - Krakowskie Centrum Choreograficzne<\/title>\n<meta name=\"robots\" content=\"index, follow, max-snippet:-1, max-image-preview:large, max-video-preview:-1\" \/>\n<link rel=\"canonical\" href=\"https:\/\/nck.krakow.pl\/kcc\/kino-tanca\/\" \/>\n<meta property=\"og:locale\" content=\"pl_PL\" \/>\n<meta property=\"og:type\" content=\"article\" \/>\n<meta property=\"og:title\" content=\"Kino ta\u0144ca\" \/>\n<meta property=\"og:description\" content=\"W Nowohuckim Centrum Kultury \u2013 Krakowskim Centrum Choreograficznym zosta\u0142o sfilmowanych 6 spektakli tanecznych krakowskich tw\u00f3rc\u00f3w\" \/>\n<meta property=\"og:url\" content=\"https:\/\/nck.krakow.pl\/kcc\/kino-tanca\/\" \/>\n<meta property=\"og:site_name\" content=\"Krakowskie Centrum Choreograficzne\" \/>\n<meta property=\"article:modified_time\" content=\"2021-04-01T08:10:10+00:00\" \/>\n<meta property=\"og:image\" content=\"https:\/\/nck.krakow.pl\/kcc\/wp-content\/uploads\/2021\/04\/120190507_2756842767904100_355182428783742606_n.png\" \/>\n<meta name=\"twitter:card\" content=\"summary_large_image\" \/>\n<meta name=\"twitter:label1\" content=\"Est. reading time\" \/>\n\t<meta name=\"twitter:data1\" content=\"1 minuta\" \/>\n<script type=\"application\/ld+json\" class=\"yoast-schema-graph\">{\"@context\":\"https:\/\/schema.org\",\"@graph\":[{\"@type\":\"WebPage\",\"@id\":\"https:\/\/nck.krakow.pl\/kcc\/kino-tanca\/\",\"url\":\"https:\/\/nck.krakow.pl\/kcc\/kino-tanca\/\",\"name\":\"Kino ta\u0144ca - Krakowskie Centrum Choreograficzne\",\"isPartOf\":{\"@id\":\"https:\/\/nck.krakow.pl\/kcc\/#website\"},\"datePublished\":\"2020-09-18T10:44:46+00:00\",\"dateModified\":\"2021-04-01T08:10:10+00:00\",\"breadcrumb\":{\"@id\":\"https:\/\/nck.krakow.pl\/kcc\/kino-tanca\/#breadcrumb\"},\"inLanguage\":\"pl-PL\",\"potentialAction\":[{\"@type\":\"ReadAction\",\"target\":[\"https:\/\/nck.krakow.pl\/kcc\/kino-tanca\/\"]}]},{\"@type\":\"BreadcrumbList\",\"@id\":\"https:\/\/nck.krakow.pl\/kcc\/kino-tanca\/#breadcrumb\",\"itemListElement\":[{\"@type\":\"ListItem\",\"position\":1,\"name\":\"Strona g\u0142\u00f3wna\",\"item\":\"https:\/\/nck.krakow.pl\/kcc\/\"},{\"@type\":\"ListItem\",\"position\":2,\"name\":\"Kino ta\u0144ca\"}]},{\"@type\":\"WebSite\",\"@id\":\"https:\/\/nck.krakow.pl\/kcc\/#website\",\"url\":\"https:\/\/nck.krakow.pl\/kcc\/\",\"name\":\"Krakowskie Centrum Choreograficzne\",\"description\":\"\",\"publisher\":{\"@id\":\"https:\/\/nck.krakow.pl\/kcc\/#organization\"},\"potentialAction\":[{\"@type\":\"SearchAction\",\"target\":{\"@type\":\"EntryPoint\",\"urlTemplate\":\"https:\/\/nck.krakow.pl\/kcc\/?s={search_term_string}\"},\"query-input\":\"required name=search_term_string\"}],\"inLanguage\":\"pl-PL\"},{\"@type\":\"Organization\",\"@id\":\"https:\/\/nck.krakow.pl\/kcc\/#organization\",\"name\":\"Krakowskie Centrum Choreograficzne\",\"url\":\"https:\/\/nck.krakow.pl\/kcc\/\",\"logo\":{\"@type\":\"ImageObject\",\"inLanguage\":\"pl-PL\",\"@id\":\"https:\/\/nck.krakow.pl\/kcc\/#\/schema\/logo\/image\/\",\"url\":\"https:\/\/nck.krakow.pl\/kcc\/wp-content\/uploads\/2020\/01\/cropped-logo-kcc-2020.png\",\"contentUrl\":\"https:\/\/nck.krakow.pl\/kcc\/wp-content\/uploads\/2020\/01\/cropped-logo-kcc-2020.png\",\"width\":116,\"height\":55,\"caption\":\"Krakowskie Centrum Choreograficzne\"},\"image\":{\"@id\":\"https:\/\/nck.krakow.pl\/kcc\/#\/schema\/logo\/image\/\"}}]}<\/script>\n<!-- \/ Yoast SEO plugin. -->","yoast_head_json":{"title":"Kino ta\u0144ca - Krakowskie Centrum Choreograficzne","robots":{"index":"index","follow":"follow","max-snippet":"max-snippet:-1","max-image-preview":"max-image-preview:large","max-video-preview":"max-video-preview:-1"},"canonical":"https:\/\/nck.krakow.pl\/kcc\/kino-tanca\/","og_locale":"pl_PL","og_type":"article","og_title":"Kino ta\u0144ca","og_description":"W Nowohuckim Centrum Kultury \u2013 Krakowskim Centrum Choreograficznym zosta\u0142o sfilmowanych 6 spektakli tanecznych krakowskich tw\u00f3rc\u00f3w","og_url":"https:\/\/nck.krakow.pl\/kcc\/kino-tanca\/","og_site_name":"Krakowskie Centrum Choreograficzne","article_modified_time":"2021-04-01T08:10:10+00:00","og_image":[{"url":"https:\/\/nck.krakow.pl\/kcc\/wp-content\/uploads\/2021\/04\/120190507_2756842767904100_355182428783742606_n.png"}],"twitter_card":"summary_large_image","twitter_misc":{"Est. reading time":"1 minuta"},"schema":{"@context":"https:\/\/schema.org","@graph":[{"@type":"WebPage","@id":"https:\/\/nck.krakow.pl\/kcc\/kino-tanca\/","url":"https:\/\/nck.krakow.pl\/kcc\/kino-tanca\/","name":"Kino ta\u0144ca - Krakowskie Centrum Choreograficzne","isPartOf":{"@id":"https:\/\/nck.krakow.pl\/kcc\/#website"},"datePublished":"2020-09-18T10:44:46+00:00","dateModified":"2021-04-01T08:10:10+00:00","breadcrumb":{"@id":"https:\/\/nck.krakow.pl\/kcc\/kino-tanca\/#breadcrumb"},"inLanguage":"pl-PL","potentialAction":[{"@type":"ReadAction","target":["https:\/\/nck.krakow.pl\/kcc\/kino-tanca\/"]}]},{"@type":"BreadcrumbList","@id":"https:\/\/nck.krakow.pl\/kcc\/kino-tanca\/#breadcrumb","itemListElement":[{"@type":"ListItem","position":1,"name":"Strona g\u0142\u00f3wna","item":"https:\/\/nck.krakow.pl\/kcc\/"},{"@type":"ListItem","position":2,"name":"Kino ta\u0144ca"}]},{"@type":"WebSite","@id":"https:\/\/nck.krakow.pl\/kcc\/#website","url":"https:\/\/nck.krakow.pl\/kcc\/","name":"Krakowskie Centrum Choreograficzne","description":"","publisher":{"@id":"https:\/\/nck.krakow.pl\/kcc\/#organization"},"potentialAction":[{"@type":"SearchAction","target":{"@type":"EntryPoint","urlTemplate":"https:\/\/nck.krakow.pl\/kcc\/?s={search_term_string}"},"query-input":"required name=search_term_string"}],"inLanguage":"pl-PL"},{"@type":"Organization","@id":"https:\/\/nck.krakow.pl\/kcc\/#organization","name":"Krakowskie Centrum Choreograficzne","url":"https:\/\/nck.krakow.pl\/kcc\/","logo":{"@type":"ImageObject","inLanguage":"pl-PL","@id":"https:\/\/nck.krakow.pl\/kcc\/#\/schema\/logo\/image\/","url":"https:\/\/nck.krakow.pl\/kcc\/wp-content\/uploads\/2020\/01\/cropped-logo-kcc-2020.png","contentUrl":"https:\/\/nck.krakow.pl\/kcc\/wp-content\/uploads\/2020\/01\/cropped-logo-kcc-2020.png","width":116,"height":55,"caption":"Krakowskie Centrum Choreograficzne"},"image":{"@id":"https:\/\/nck.krakow.pl\/kcc\/#\/schema\/logo\/image\/"}}]}},"_links":{"self":[{"href":"https:\/\/nck.krakow.pl\/kcc\/wp-json\/wp\/v2\/pages\/4724"}],"collection":[{"href":"https:\/\/nck.krakow.pl\/kcc\/wp-json\/wp\/v2\/pages"}],"about":[{"href":"https:\/\/nck.krakow.pl\/kcc\/wp-json\/wp\/v2\/types\/page"}],"author":[{"embeddable":true,"href":"https:\/\/nck.krakow.pl\/kcc\/wp-json\/wp\/v2\/users\/5"}],"replies":[{"embeddable":true,"href":"https:\/\/nck.krakow.pl\/kcc\/wp-json\/wp\/v2\/comments?post=4724"}],"version-history":[{"count":10,"href":"https:\/\/nck.krakow.pl\/kcc\/wp-json\/wp\/v2\/pages\/4724\/revisions"}],"predecessor-version":[{"id":4877,"href":"https:\/\/nck.krakow.pl\/kcc\/wp-json\/wp\/v2\/pages\/4724\/revisions\/4877"}],"wp:attachment":[{"href":"https:\/\/nck.krakow.pl\/kcc\/wp-json\/wp\/v2\/media?parent=4724"}],"curies":[{"name":"wp","href":"https:\/\/api.w.org\/{rel}","templated":true}]}}