{"id":4684,"date":"2020-08-26T10:00:35","date_gmt":"2020-08-26T10:00:35","guid":{"rendered":"https:\/\/nck.krakow.pl\/kcc\/?page_id=4684"},"modified":"2023-08-24T10:00:14","modified_gmt":"2023-08-24T10:00:14","slug":"zajecia-dla-mlodziezy","status":"publish","type":"page","link":"https:\/\/nck.krakow.pl\/kcc\/zajecia-dla-mlodziezy\/","title":{"rendered":"Grupa m\u0142odzie\u017cowa"},"content":{"rendered":"\n<p><strong>Od sezonu 2023\/2024 zaj\u0119cia ZAWIESZONE.<br>Nasza aktualna oferta zaj\u0119\u0107: <a href=\"https:\/\/nck.krakow.pl\/kcc\/zajecia\/\">https:\/\/nck.krakow.pl\/kcc\/zajecia\/<\/a><\/strong><\/p>\n\n\n\n<div style=\"height:100px\" aria-hidden=\"true\" class=\"wp-block-spacer\"><\/div>\n\n\n\n<p class=\"wp-embed-aspect-16-9 wp-has-aspect-ratio\"><em>Grupa ta\u0144ca wsp\u00f3\u0142czesnego dla m\u0142odzie\u017cy w wieku 15-17 lat jest uzupe\u0142nieniem sta\u0142ej oferty edukacyjnej Krakowskiego Centrum Choreograficznego.<\/em><\/p>\n\n\n\n<p class=\"wp-embed-aspect-16-9 wp-has-aspect-ratio\"><em>Regularne lekcje dwa razy w tygodniu odbywaj\u0105 si\u0119 w profesjonalnej przestrzeni Studia KCC i prowadz\u0105 do przygotowania pokazu scenicznego. Na zaj\u0119ciach korzystamy z\u00a0 techniki ta\u0144ca wsp\u00f3\u0142czesnego, element\u00f3w pracy w pod\u0142odze i improwizacji, \u0107wicze\u0144 sprawno\u015bciowych i pracy grupowej. K\u0142adziemy nacisk na zr\u00f3wnowa\u017cony rozw\u00f3j fizyczny m\u0142odych tancerzy, kszta\u0142towanie dobrych nawyk\u00f3w oraz \u015bwiadomo\u015bci cia\u0142a.<\/em><\/p>\n\n\n\n<p class=\"wp-embed-aspect-16-9 wp-has-aspect-ratio\"><em>Zaj\u0119cia s\u0105 skierowane do os\u00f3b z do\u015bwiadczeniem tanecznym. \u00a0Z dba\u0142o\u015bci o jako\u015b\u0107 i komfort zaj\u0119\u0107, pierwszy miesi\u0105c (pa\u017adziernik) jest miesi\u0105cem na obustronn\u0105 decyzj\u0119 co do uczestnictwa w zaj\u0119ciach przez ca\u0142y sezon. Prowadz\u0105ce grupy maj\u0105 dzi\u0119ki temu mo\u017cliwo\u015b\u0107 by pozna\u0107 grup\u0119 oraz ewentualnie zasugerowa\u0107 przeniesienie do grupy o innym poziomie zaawansowania. Przez pierwszy miesi\u0105c r\u00f3wnie\u017c uczestnik_czka maj\u0105 szans\u0119 pozna\u0107 prowadz\u0105c\u0105, przebieg zaj\u0119\u0107 oraz podj\u0105\u0107 decyzj\u0119 o dalszej ch\u0119ci uczestnictwa.<\/em><\/p>\n\n\n\n<div style=\"height:44px\" aria-hidden=\"true\" class=\"wp-block-spacer wp-embed-aspect-16-9 wp-has-aspect-ratio\"><\/div>\n\n\n\n<figure class=\"wp-block-embed is-type-video is-provider-vimeo wp-block-embed-vimeo wp-embed-aspect-16-9 wp-has-aspect-ratio\"><div class=\"wp-block-embed__wrapper\">\n<iframe loading=\"lazy\" title=\"contemporary dance class - GRUPA M\u0141ODZIE\u017bOWA\" src=\"https:\/\/player.vimeo.com\/video\/734309503?dnt=1&amp;app_id=122963\" width=\"768\" height=\"432\" frameborder=\"0\" allow=\"autoplay; fullscreen; picture-in-picture\"><\/iframe>\n<\/div><\/figure>\n\n\n\n<div style=\"height:45px\" aria-hidden=\"true\" class=\"wp-block-spacer wp-embed-aspect-16-9 wp-has-aspect-ratio\"><\/div>\n\n\n\n<figure class=\"wp-block-gallery has-nested-images columns-default is-cropped wp-embed-aspect-16-9 wp-has-aspect-ratio wp-block-gallery-1 is-layout-flex wp-block-gallery-is-layout-flex\">\n<figure class=\"wp-block-image size-large\"><a href=\"https:\/\/nck.krakow.pl\/kcc\/wp-content\/uploads\/2022\/08\/DSC07449.jpg\"><img loading=\"lazy\" decoding=\"async\" width=\"1024\" height=\"683\" data-id=\"6383\" src=\"https:\/\/nck.krakow.pl\/kcc\/wp-content\/uploads\/2022\/08\/DSC07449-1024x683.jpg\" alt=\"\" class=\"wp-image-6383\" srcset=\"https:\/\/nck.krakow.pl\/kcc\/wp-content\/uploads\/2022\/08\/DSC07449-1024x683.jpg 1024w, https:\/\/nck.krakow.pl\/kcc\/wp-content\/uploads\/2022\/08\/DSC07449-300x200.jpg 300w, https:\/\/nck.krakow.pl\/kcc\/wp-content\/uploads\/2022\/08\/DSC07449-768x512.jpg 768w, https:\/\/nck.krakow.pl\/kcc\/wp-content\/uploads\/2022\/08\/DSC07449-1536x1025.jpg 1536w, https:\/\/nck.krakow.pl\/kcc\/wp-content\/uploads\/2022\/08\/DSC07449-2048x1366.jpg 2048w\" sizes=\"(max-width: 1024px) 100vw, 1024px\" \/><\/a><\/figure>\n\n\n\n<figure class=\"wp-block-image size-large\"><a href=\"https:\/\/nck.krakow.pl\/kcc\/wp-content\/uploads\/2022\/08\/DSC07472.jpg\"><img loading=\"lazy\" decoding=\"async\" width=\"1024\" height=\"683\" data-id=\"6384\" src=\"https:\/\/nck.krakow.pl\/kcc\/wp-content\/uploads\/2022\/08\/DSC07472-1024x683.jpg\" alt=\"\" class=\"wp-image-6384\" srcset=\"https:\/\/nck.krakow.pl\/kcc\/wp-content\/uploads\/2022\/08\/DSC07472-1024x683.jpg 1024w, https:\/\/nck.krakow.pl\/kcc\/wp-content\/uploads\/2022\/08\/DSC07472-300x200.jpg 300w, https:\/\/nck.krakow.pl\/kcc\/wp-content\/uploads\/2022\/08\/DSC07472-768x512.jpg 768w, https:\/\/nck.krakow.pl\/kcc\/wp-content\/uploads\/2022\/08\/DSC07472-1536x1025.jpg 1536w, https:\/\/nck.krakow.pl\/kcc\/wp-content\/uploads\/2022\/08\/DSC07472-2048x1366.jpg 2048w\" sizes=\"(max-width: 1024px) 100vw, 1024px\" \/><\/a><\/figure>\n\n\n\n<figure class=\"wp-block-image size-large\"><a href=\"https:\/\/nck.krakow.pl\/kcc\/wp-content\/uploads\/2022\/08\/DSC07663.jpg\"><img loading=\"lazy\" decoding=\"async\" width=\"1024\" height=\"683\" data-id=\"6385\" src=\"https:\/\/nck.krakow.pl\/kcc\/wp-content\/uploads\/2022\/08\/DSC07663-1024x683.jpg\" alt=\"\" class=\"wp-image-6385\" srcset=\"https:\/\/nck.krakow.pl\/kcc\/wp-content\/uploads\/2022\/08\/DSC07663-1024x683.jpg 1024w, https:\/\/nck.krakow.pl\/kcc\/wp-content\/uploads\/2022\/08\/DSC07663-300x200.jpg 300w, https:\/\/nck.krakow.pl\/kcc\/wp-content\/uploads\/2022\/08\/DSC07663-768x512.jpg 768w, https:\/\/nck.krakow.pl\/kcc\/wp-content\/uploads\/2022\/08\/DSC07663-1536x1025.jpg 1536w, https:\/\/nck.krakow.pl\/kcc\/wp-content\/uploads\/2022\/08\/DSC07663-2048x1366.jpg 2048w\" sizes=\"(max-width: 1024px) 100vw, 1024px\" \/><\/a><\/figure>\n\n\n\n<figure class=\"wp-block-image size-large\"><a href=\"https:\/\/nck.krakow.pl\/kcc\/wp-content\/uploads\/2022\/08\/DSC07670.jpg\"><img loading=\"lazy\" decoding=\"async\" width=\"1024\" height=\"683\" data-id=\"6386\" src=\"https:\/\/nck.krakow.pl\/kcc\/wp-content\/uploads\/2022\/08\/DSC07670-1024x683.jpg\" alt=\"\" class=\"wp-image-6386\" srcset=\"https:\/\/nck.krakow.pl\/kcc\/wp-content\/uploads\/2022\/08\/DSC07670-1024x683.jpg 1024w, https:\/\/nck.krakow.pl\/kcc\/wp-content\/uploads\/2022\/08\/DSC07670-300x200.jpg 300w, https:\/\/nck.krakow.pl\/kcc\/wp-content\/uploads\/2022\/08\/DSC07670-768x512.jpg 768w, https:\/\/nck.krakow.pl\/kcc\/wp-content\/uploads\/2022\/08\/DSC07670-1536x1025.jpg 1536w, https:\/\/nck.krakow.pl\/kcc\/wp-content\/uploads\/2022\/08\/DSC07670-2048x1366.jpg 2048w\" sizes=\"(max-width: 1024px) 100vw, 1024px\" \/><\/a><\/figure>\n\n\n\n<figure class=\"wp-block-image size-large\"><a href=\"https:\/\/nck.krakow.pl\/kcc\/wp-content\/uploads\/2022\/08\/DSC07682.jpg\"><img loading=\"lazy\" decoding=\"async\" width=\"1024\" height=\"683\" data-id=\"6387\" src=\"https:\/\/nck.krakow.pl\/kcc\/wp-content\/uploads\/2022\/08\/DSC07682-1024x683.jpg\" alt=\"\" class=\"wp-image-6387\" srcset=\"https:\/\/nck.krakow.pl\/kcc\/wp-content\/uploads\/2022\/08\/DSC07682-1024x683.jpg 1024w, https:\/\/nck.krakow.pl\/kcc\/wp-content\/uploads\/2022\/08\/DSC07682-300x200.jpg 300w, https:\/\/nck.krakow.pl\/kcc\/wp-content\/uploads\/2022\/08\/DSC07682-768x512.jpg 768w, https:\/\/nck.krakow.pl\/kcc\/wp-content\/uploads\/2022\/08\/DSC07682-1536x1025.jpg 1536w, https:\/\/nck.krakow.pl\/kcc\/wp-content\/uploads\/2022\/08\/DSC07682-2048x1366.jpg 2048w\" sizes=\"(max-width: 1024px) 100vw, 1024px\" \/><\/a><\/figure>\n\n\n\n<figure class=\"wp-block-image size-large\"><a href=\"https:\/\/nck.krakow.pl\/kcc\/wp-content\/uploads\/2022\/08\/DSC07751-2.jpg\"><img loading=\"lazy\" decoding=\"async\" width=\"1024\" height=\"683\" data-id=\"6388\" src=\"https:\/\/nck.krakow.pl\/kcc\/wp-content\/uploads\/2022\/08\/DSC07751-2-1024x683.jpg\" alt=\"\" class=\"wp-image-6388\" srcset=\"https:\/\/nck.krakow.pl\/kcc\/wp-content\/uploads\/2022\/08\/DSC07751-2-1024x683.jpg 1024w, https:\/\/nck.krakow.pl\/kcc\/wp-content\/uploads\/2022\/08\/DSC07751-2-300x200.jpg 300w, https:\/\/nck.krakow.pl\/kcc\/wp-content\/uploads\/2022\/08\/DSC07751-2-768x512.jpg 768w, https:\/\/nck.krakow.pl\/kcc\/wp-content\/uploads\/2022\/08\/DSC07751-2-1536x1025.jpg 1536w, https:\/\/nck.krakow.pl\/kcc\/wp-content\/uploads\/2022\/08\/DSC07751-2-2048x1366.jpg 2048w\" sizes=\"(max-width: 1024px) 100vw, 1024px\" \/><\/a><\/figure>\n<\/figure>\n\n\n\n<p>fot. Aleksander Hordziej<\/p>\n\n\n\n<div style=\"height:100px\" aria-hidden=\"true\" class=\"wp-block-spacer\"><\/div>\n\n\n\n<p><strong>ZA MN\u0104!<br><\/strong>choreografia Aleksandra Honza<br>fot. Klaudyna Schubert<\/p>\n\n\n\n<figure class=\"wp-block-gallery has-nested-images columns-default is-cropped wp-block-gallery-2 is-layout-flex wp-block-gallery-is-layout-flex\">\n<figure class=\"wp-block-image size-large\"><img loading=\"lazy\" decoding=\"async\" width=\"1024\" height=\"683\" data-id=\"5527\" src=\"https:\/\/nck.krakow.pl\/kcc\/wp-content\/uploads\/2021\/08\/DSC5325_fot_klaudyna_schubert-1024x683.jpg\" alt=\"\" class=\"wp-image-5527\" srcset=\"https:\/\/nck.krakow.pl\/kcc\/wp-content\/uploads\/2021\/08\/DSC5325_fot_klaudyna_schubert-1024x683.jpg 1024w, https:\/\/nck.krakow.pl\/kcc\/wp-content\/uploads\/2021\/08\/DSC5325_fot_klaudyna_schubert-300x200.jpg 300w, https:\/\/nck.krakow.pl\/kcc\/wp-content\/uploads\/2021\/08\/DSC5325_fot_klaudyna_schubert-768x512.jpg 768w, https:\/\/nck.krakow.pl\/kcc\/wp-content\/uploads\/2021\/08\/DSC5325_fot_klaudyna_schubert-1536x1024.jpg 1536w, https:\/\/nck.krakow.pl\/kcc\/wp-content\/uploads\/2021\/08\/DSC5325_fot_klaudyna_schubert-2048x1365.jpg 2048w\" sizes=\"(max-width: 1024px) 100vw, 1024px\" \/><\/figure>\n\n\n\n<figure class=\"wp-block-image size-large\"><img loading=\"lazy\" decoding=\"async\" width=\"1024\" height=\"683\" data-id=\"5528\" src=\"https:\/\/nck.krakow.pl\/kcc\/wp-content\/uploads\/2021\/08\/DSC5537_fot_klaudyna_schubert-1024x683.jpg\" alt=\"\" class=\"wp-image-5528\" srcset=\"https:\/\/nck.krakow.pl\/kcc\/wp-content\/uploads\/2021\/08\/DSC5537_fot_klaudyna_schubert-1024x683.jpg 1024w, https:\/\/nck.krakow.pl\/kcc\/wp-content\/uploads\/2021\/08\/DSC5537_fot_klaudyna_schubert-300x200.jpg 300w, https:\/\/nck.krakow.pl\/kcc\/wp-content\/uploads\/2021\/08\/DSC5537_fot_klaudyna_schubert-768x512.jpg 768w, https:\/\/nck.krakow.pl\/kcc\/wp-content\/uploads\/2021\/08\/DSC5537_fot_klaudyna_schubert-1536x1024.jpg 1536w, https:\/\/nck.krakow.pl\/kcc\/wp-content\/uploads\/2021\/08\/DSC5537_fot_klaudyna_schubert-2048x1365.jpg 2048w\" sizes=\"(max-width: 1024px) 100vw, 1024px\" \/><\/figure>\n\n\n\n<figure class=\"wp-block-image size-large\"><img loading=\"lazy\" decoding=\"async\" width=\"1024\" height=\"683\" data-id=\"5529\" src=\"https:\/\/nck.krakow.pl\/kcc\/wp-content\/uploads\/2021\/08\/DSC5561_fot_klaudyna_schubert-1024x683.jpg\" alt=\"\" class=\"wp-image-5529\" srcset=\"https:\/\/nck.krakow.pl\/kcc\/wp-content\/uploads\/2021\/08\/DSC5561_fot_klaudyna_schubert-1024x683.jpg 1024w, https:\/\/nck.krakow.pl\/kcc\/wp-content\/uploads\/2021\/08\/DSC5561_fot_klaudyna_schubert-300x200.jpg 300w, https:\/\/nck.krakow.pl\/kcc\/wp-content\/uploads\/2021\/08\/DSC5561_fot_klaudyna_schubert-768x512.jpg 768w, https:\/\/nck.krakow.pl\/kcc\/wp-content\/uploads\/2021\/08\/DSC5561_fot_klaudyna_schubert-1536x1024.jpg 1536w, https:\/\/nck.krakow.pl\/kcc\/wp-content\/uploads\/2021\/08\/DSC5561_fot_klaudyna_schubert-2048x1365.jpg 2048w\" sizes=\"(max-width: 1024px) 100vw, 1024px\" \/><\/figure>\n\n\n\n<figure class=\"wp-block-image size-large\"><img loading=\"lazy\" decoding=\"async\" width=\"1024\" height=\"683\" data-id=\"5530\" src=\"https:\/\/nck.krakow.pl\/kcc\/wp-content\/uploads\/2021\/08\/DUZE-2-1024x683.jpg\" alt=\"\" class=\"wp-image-5530\" srcset=\"https:\/\/nck.krakow.pl\/kcc\/wp-content\/uploads\/2021\/08\/DUZE-2-1024x683.jpg 1024w, https:\/\/nck.krakow.pl\/kcc\/wp-content\/uploads\/2021\/08\/DUZE-2-300x200.jpg 300w, https:\/\/nck.krakow.pl\/kcc\/wp-content\/uploads\/2021\/08\/DUZE-2-768x512.jpg 768w, https:\/\/nck.krakow.pl\/kcc\/wp-content\/uploads\/2021\/08\/DUZE-2-1536x1024.jpg 1536w, https:\/\/nck.krakow.pl\/kcc\/wp-content\/uploads\/2021\/08\/DUZE-2-2048x1365.jpg 2048w\" sizes=\"(max-width: 1024px) 100vw, 1024px\" \/><\/figure>\n\n\n\n<figure class=\"wp-block-image size-large\"><img loading=\"lazy\" decoding=\"async\" width=\"1024\" height=\"683\" data-id=\"5531\" src=\"https:\/\/nck.krakow.pl\/kcc\/wp-content\/uploads\/2021\/08\/DUZE-1024x683.jpg\" alt=\"\" class=\"wp-image-5531\" srcset=\"https:\/\/nck.krakow.pl\/kcc\/wp-content\/uploads\/2021\/08\/DUZE-1024x683.jpg 1024w, https:\/\/nck.krakow.pl\/kcc\/wp-content\/uploads\/2021\/08\/DUZE-300x200.jpg 300w, https:\/\/nck.krakow.pl\/kcc\/wp-content\/uploads\/2021\/08\/DUZE-768x512.jpg 768w, https:\/\/nck.krakow.pl\/kcc\/wp-content\/uploads\/2021\/08\/DUZE-1536x1024.jpg 1536w, https:\/\/nck.krakow.pl\/kcc\/wp-content\/uploads\/2021\/08\/DUZE-2048x1365.jpg 2048w\" sizes=\"(max-width: 1024px) 100vw, 1024px\" \/><\/figure>\n<\/figure>\n","protected":false},"excerpt":{"rendered":"<p>Od sezonu 2023\/2024 zaj\u0119cia ZAWIESZONE.Nasza aktualna oferta zaj\u0119\u0107: https:\/\/nck.krakow.pl\/kcc\/zajecia\/ Grupa ta\u0144ca wsp\u00f3\u0142czesnego dla m\u0142odzie\u017cy w wieku 15-17 lat jest uzupe\u0142nieniem sta\u0142ej oferty edukacyjnej Krakowskiego Centrum Choreograficznego. Regularne lekcje dwa razy w tygodniu odbywaj\u0105 si\u0119 w profesjonalnej przestrzeni Studia KCC i prowadz\u0105 do przygotowania pokazu scenicznego. Na zaj\u0119ciach korzystamy z\u00a0 techniki ta\u0144ca wsp\u00f3\u0142czesnego, element\u00f3w pracy w [&hellip;]<\/p>\n","protected":false},"author":5,"featured_media":0,"parent":0,"menu_order":0,"comment_status":"closed","ping_status":"closed","template":"","meta":{"footnotes":""},"class_list":["post-4684","page","type-page","status-publish","hentry"],"yoast_head":"<!-- This site is optimized with the Yoast SEO plugin v19.12 - https:\/\/yoast.com\/wordpress\/plugins\/seo\/ -->\n<title>Grupa m\u0142odzie\u017cowa - Krakowskie Centrum Choreograficzne<\/title>\n<meta name=\"robots\" content=\"index, follow, max-snippet:-1, max-image-preview:large, max-video-preview:-1\" \/>\n<link rel=\"canonical\" href=\"https:\/\/nck.krakow.pl\/kcc\/zajecia-dla-mlodziezy\/\" \/>\n<meta property=\"og:locale\" content=\"pl_PL\" \/>\n<meta property=\"og:type\" content=\"article\" \/>\n<meta property=\"og:title\" content=\"Grupa m\u0142odzie\u017cowa - Krakowskie Centrum Choreograficzne\" \/>\n<meta property=\"og:description\" content=\"Od sezonu 2023\/2024 zaj\u0119cia ZAWIESZONE.Nasza aktualna oferta zaj\u0119\u0107: https:\/\/nck.krakow.pl\/kcc\/zajecia\/ Grupa ta\u0144ca wsp\u00f3\u0142czesnego dla m\u0142odzie\u017cy w wieku 15-17 lat jest uzupe\u0142nieniem sta\u0142ej oferty edukacyjnej Krakowskiego Centrum Choreograficznego. Regularne lekcje dwa razy w tygodniu odbywaj\u0105 si\u0119 w profesjonalnej przestrzeni Studia KCC i prowadz\u0105 do przygotowania pokazu scenicznego. Na zaj\u0119ciach korzystamy z\u00a0 techniki ta\u0144ca wsp\u00f3\u0142czesnego, element\u00f3w pracy w [&hellip;]\" \/>\n<meta property=\"og:url\" content=\"https:\/\/nck.krakow.pl\/kcc\/zajecia-dla-mlodziezy\/\" \/>\n<meta property=\"og:site_name\" content=\"Krakowskie Centrum Choreograficzne\" \/>\n<meta property=\"article:modified_time\" content=\"2023-08-24T10:00:14+00:00\" \/>\n<meta property=\"og:image\" content=\"https:\/\/nck.krakow.pl\/kcc\/wp-content\/uploads\/2022\/08\/DSC07449-1024x683.jpg\" \/>\n<meta name=\"twitter:card\" content=\"summary_large_image\" \/>\n<meta name=\"twitter:label1\" content=\"Est. reading time\" \/>\n\t<meta name=\"twitter:data1\" content=\"4 minuty\" \/>\n<script type=\"application\/ld+json\" class=\"yoast-schema-graph\">{\"@context\":\"https:\/\/schema.org\",\"@graph\":[{\"@type\":\"WebPage\",\"@id\":\"https:\/\/nck.krakow.pl\/kcc\/zajecia-dla-mlodziezy\/\",\"url\":\"https:\/\/nck.krakow.pl\/kcc\/zajecia-dla-mlodziezy\/\",\"name\":\"Grupa m\u0142odzie\u017cowa - Krakowskie Centrum Choreograficzne\",\"isPartOf\":{\"@id\":\"https:\/\/nck.krakow.pl\/kcc\/#website\"},\"datePublished\":\"2020-08-26T10:00:35+00:00\",\"dateModified\":\"2023-08-24T10:00:14+00:00\",\"breadcrumb\":{\"@id\":\"https:\/\/nck.krakow.pl\/kcc\/zajecia-dla-mlodziezy\/#breadcrumb\"},\"inLanguage\":\"pl-PL\",\"potentialAction\":[{\"@type\":\"ReadAction\",\"target\":[\"https:\/\/nck.krakow.pl\/kcc\/zajecia-dla-mlodziezy\/\"]}]},{\"@type\":\"BreadcrumbList\",\"@id\":\"https:\/\/nck.krakow.pl\/kcc\/zajecia-dla-mlodziezy\/#breadcrumb\",\"itemListElement\":[{\"@type\":\"ListItem\",\"position\":1,\"name\":\"Strona g\u0142\u00f3wna\",\"item\":\"https:\/\/nck.krakow.pl\/kcc\/\"},{\"@type\":\"ListItem\",\"position\":2,\"name\":\"Grupa m\u0142odzie\u017cowa\"}]},{\"@type\":\"WebSite\",\"@id\":\"https:\/\/nck.krakow.pl\/kcc\/#website\",\"url\":\"https:\/\/nck.krakow.pl\/kcc\/\",\"name\":\"Krakowskie Centrum Choreograficzne\",\"description\":\"\",\"publisher\":{\"@id\":\"https:\/\/nck.krakow.pl\/kcc\/#organization\"},\"potentialAction\":[{\"@type\":\"SearchAction\",\"target\":{\"@type\":\"EntryPoint\",\"urlTemplate\":\"https:\/\/nck.krakow.pl\/kcc\/?s={search_term_string}\"},\"query-input\":\"required name=search_term_string\"}],\"inLanguage\":\"pl-PL\"},{\"@type\":\"Organization\",\"@id\":\"https:\/\/nck.krakow.pl\/kcc\/#organization\",\"name\":\"Krakowskie Centrum Choreograficzne\",\"url\":\"https:\/\/nck.krakow.pl\/kcc\/\",\"logo\":{\"@type\":\"ImageObject\",\"inLanguage\":\"pl-PL\",\"@id\":\"https:\/\/nck.krakow.pl\/kcc\/#\/schema\/logo\/image\/\",\"url\":\"https:\/\/nck.krakow.pl\/kcc\/wp-content\/uploads\/2020\/01\/cropped-logo-kcc-2020.png\",\"contentUrl\":\"https:\/\/nck.krakow.pl\/kcc\/wp-content\/uploads\/2020\/01\/cropped-logo-kcc-2020.png\",\"width\":116,\"height\":55,\"caption\":\"Krakowskie Centrum Choreograficzne\"},\"image\":{\"@id\":\"https:\/\/nck.krakow.pl\/kcc\/#\/schema\/logo\/image\/\"}}]}<\/script>\n<!-- \/ Yoast SEO plugin. -->","yoast_head_json":{"title":"Grupa m\u0142odzie\u017cowa - Krakowskie Centrum Choreograficzne","robots":{"index":"index","follow":"follow","max-snippet":"max-snippet:-1","max-image-preview":"max-image-preview:large","max-video-preview":"max-video-preview:-1"},"canonical":"https:\/\/nck.krakow.pl\/kcc\/zajecia-dla-mlodziezy\/","og_locale":"pl_PL","og_type":"article","og_title":"Grupa m\u0142odzie\u017cowa - Krakowskie Centrum Choreograficzne","og_description":"Od sezonu 2023\/2024 zaj\u0119cia ZAWIESZONE.Nasza aktualna oferta zaj\u0119\u0107: https:\/\/nck.krakow.pl\/kcc\/zajecia\/ Grupa ta\u0144ca wsp\u00f3\u0142czesnego dla m\u0142odzie\u017cy w wieku 15-17 lat jest uzupe\u0142nieniem sta\u0142ej oferty edukacyjnej Krakowskiego Centrum Choreograficznego. Regularne lekcje dwa razy w tygodniu odbywaj\u0105 si\u0119 w profesjonalnej przestrzeni Studia KCC i prowadz\u0105 do przygotowania pokazu scenicznego. Na zaj\u0119ciach korzystamy z\u00a0 techniki ta\u0144ca wsp\u00f3\u0142czesnego, element\u00f3w pracy w [&hellip;]","og_url":"https:\/\/nck.krakow.pl\/kcc\/zajecia-dla-mlodziezy\/","og_site_name":"Krakowskie Centrum Choreograficzne","article_modified_time":"2023-08-24T10:00:14+00:00","og_image":[{"url":"https:\/\/nck.krakow.pl\/kcc\/wp-content\/uploads\/2022\/08\/DSC07449-1024x683.jpg"}],"twitter_card":"summary_large_image","twitter_misc":{"Est. reading time":"4 minuty"},"schema":{"@context":"https:\/\/schema.org","@graph":[{"@type":"WebPage","@id":"https:\/\/nck.krakow.pl\/kcc\/zajecia-dla-mlodziezy\/","url":"https:\/\/nck.krakow.pl\/kcc\/zajecia-dla-mlodziezy\/","name":"Grupa m\u0142odzie\u017cowa - Krakowskie Centrum Choreograficzne","isPartOf":{"@id":"https:\/\/nck.krakow.pl\/kcc\/#website"},"datePublished":"2020-08-26T10:00:35+00:00","dateModified":"2023-08-24T10:00:14+00:00","breadcrumb":{"@id":"https:\/\/nck.krakow.pl\/kcc\/zajecia-dla-mlodziezy\/#breadcrumb"},"inLanguage":"pl-PL","potentialAction":[{"@type":"ReadAction","target":["https:\/\/nck.krakow.pl\/kcc\/zajecia-dla-mlodziezy\/"]}]},{"@type":"BreadcrumbList","@id":"https:\/\/nck.krakow.pl\/kcc\/zajecia-dla-mlodziezy\/#breadcrumb","itemListElement":[{"@type":"ListItem","position":1,"name":"Strona g\u0142\u00f3wna","item":"https:\/\/nck.krakow.pl\/kcc\/"},{"@type":"ListItem","position":2,"name":"Grupa m\u0142odzie\u017cowa"}]},{"@type":"WebSite","@id":"https:\/\/nck.krakow.pl\/kcc\/#website","url":"https:\/\/nck.krakow.pl\/kcc\/","name":"Krakowskie Centrum Choreograficzne","description":"","publisher":{"@id":"https:\/\/nck.krakow.pl\/kcc\/#organization"},"potentialAction":[{"@type":"SearchAction","target":{"@type":"EntryPoint","urlTemplate":"https:\/\/nck.krakow.pl\/kcc\/?s={search_term_string}"},"query-input":"required name=search_term_string"}],"inLanguage":"pl-PL"},{"@type":"Organization","@id":"https:\/\/nck.krakow.pl\/kcc\/#organization","name":"Krakowskie Centrum Choreograficzne","url":"https:\/\/nck.krakow.pl\/kcc\/","logo":{"@type":"ImageObject","inLanguage":"pl-PL","@id":"https:\/\/nck.krakow.pl\/kcc\/#\/schema\/logo\/image\/","url":"https:\/\/nck.krakow.pl\/kcc\/wp-content\/uploads\/2020\/01\/cropped-logo-kcc-2020.png","contentUrl":"https:\/\/nck.krakow.pl\/kcc\/wp-content\/uploads\/2020\/01\/cropped-logo-kcc-2020.png","width":116,"height":55,"caption":"Krakowskie Centrum Choreograficzne"},"image":{"@id":"https:\/\/nck.krakow.pl\/kcc\/#\/schema\/logo\/image\/"}}]}},"_links":{"self":[{"href":"https:\/\/nck.krakow.pl\/kcc\/wp-json\/wp\/v2\/pages\/4684"}],"collection":[{"href":"https:\/\/nck.krakow.pl\/kcc\/wp-json\/wp\/v2\/pages"}],"about":[{"href":"https:\/\/nck.krakow.pl\/kcc\/wp-json\/wp\/v2\/types\/page"}],"author":[{"embeddable":true,"href":"https:\/\/nck.krakow.pl\/kcc\/wp-json\/wp\/v2\/users\/5"}],"replies":[{"embeddable":true,"href":"https:\/\/nck.krakow.pl\/kcc\/wp-json\/wp\/v2\/comments?post=4684"}],"version-history":[{"count":12,"href":"https:\/\/nck.krakow.pl\/kcc\/wp-json\/wp\/v2\/pages\/4684\/revisions"}],"predecessor-version":[{"id":7109,"href":"https:\/\/nck.krakow.pl\/kcc\/wp-json\/wp\/v2\/pages\/4684\/revisions\/7109"}],"wp:attachment":[{"href":"https:\/\/nck.krakow.pl\/kcc\/wp-json\/wp\/v2\/media?parent=4684"}],"curies":[{"name":"wp","href":"https:\/\/api.w.org\/{rel}","templated":true}]}}