{"id":4506,"date":"2020-03-31T19:23:23","date_gmt":"2020-03-31T19:23:23","guid":{"rendered":"https:\/\/nck.krakow.pl\/kcc\/?page_id=4506"},"modified":"2026-03-31T07:06:58","modified_gmt":"2026-03-31T07:06:58","slug":"deklaracja-dostepnosci","status":"publish","type":"page","link":"https:\/\/nck.krakow.pl\/kcc\/deklaracja-dostepnosci\/","title":{"rendered":"Deklaracja dost\u0119pno\u015bci"},"content":{"rendered":"<h1>Deklaracja dost\u0119pno\u015bci<\/h1>\n<section id=\"a11y-wstep\"><span id=\"a11y-podmiot\">Nowohuckie Centrum Kultury<\/span> zobowi\u0105zuje si\u0119 zapewni\u0107 dost\u0119pno\u015b\u0107 swojej <span id=\"a11y-zakres\">strony internetowej<\/span> zgodnie z ustaw\u0105 z dnia 4 kwietnia 2019 r. o dost\u0119pno\u015bci cyfrowej stron internetowych i aplikacji mobilnych podmiot\u00f3w publicznych.<\/p>\n<p>Deklaracja dost\u0119pno\u015bci dotyczy strony <a id=\"a11y-url\" href=\"https:\/\/nck.krakow.pl\/kcc\/krakowskifestiwaltanca\/\" target=\"_blank\" rel=\"noopener\">https:\/\/nck.krakow.pl\/kcc\/krakowskifestiwaltanca\/deklaracja-dostepnosci\/<\/a>.<\/p>\n<\/section>\n<section>\n<ul>\n<li>Data publikacji strony internetowej: <time id=\"a11y-data-publikacja\" datetime=\"2023-06-19\">19 czerwca 2023 r.<\/time><\/li>\n<li>Data ostatniej istotnej aktualizacji: <time id=\"a11y-data-aktualizacja\" datetime=\"2020-06-23\">19 czerwca 2023 r.<\/time><\/li>\n<\/ul>\n<\/section>\n<section>\n<h2>Stan dost\u0119pno\u015bci cyfrowej<\/h2>\n<p id=\"a11y-status\">Ta strona internetowa jest cz\u0119\u015bciowo zgodna z za\u0142\u0105cznikiem do ustawy o dost\u0119pno\u015bci cyfrowej z dnia 4 kwietnia 2019 r. o dost\u0119pno\u015bci cyfrowej stron internetowych i aplikacji mobilnych podmiot\u00f3w publicznych z powodu [niezgodno\u015bci i wy\u0142\u0105cze\u0144] wymienionych poni\u017cej.<\/p>\n<\/section>\n<section>\n<h2>Niedost\u0119pne tre\u015bci<\/h2>\n<\/section>\n<section>\n<h2>Przygotowanie deklaracji dost\u0119pno\u015bci<\/h2>\n<ul>\n<li>Data sporz\u0105dzenia deklaracji: <time id=\"a11y-data-sporzadzenie\" datetime=\"2024-12-10\">10 grudnia 2024 r.<\/time><\/li>\n<li>Data ostatniego przegl\u0105du deklaracji: <time id=\"a11y-data-przeglad\" datetime=\"2025-03-28\">31 marca 2026 r.<\/time><\/li>\n<\/ul>\n<p>Deklaracj\u0119 sporz\u0105dzili\u015bmy na podstawie samooceny.<a>.<\/a><\/p>\n<\/section>\n<section>\n<h2>Informacje zwrotne i dane kontaktowe<\/h2>\n<p>Wszystkie problemy z dost\u0119pno\u015bci\u0105 cyfrow\u0105 tej strony internetowej mo\u017cesz zg\u0142osi\u0107 do <span id=\"a11y-kontakt\">Katarzyna Maruszczak.<\/span> &#8211; mejlowo <a id=\"a11y-email\" href=\"mailto:katarzyna.maruszczak@nck.krakow.pl\">katarzyna.maruszczak@nck.krakow.pl<\/a> lub telefonicznie <a id=\"a11y-telefon\" href=\"tel:514043173\">514043173<\/a>.<\/p>\n<p>Ka\u017cdy ma prawo wyst\u0105pi\u0107 z \u017c\u0105daniem zapewnienia dost\u0119pno\u015bci cyfrowej tej strony internetowej lub jej element\u00f3w.<\/p>\n<p>Zg\u0142aszaj\u0105c takie \u017c\u0105danie podaj:<\/p>\n<ul>\n<li>swoje imi\u0119 i nazwisko,<\/li>\n<li>swoje dane kontaktowe (np. numer telefonu, e-mail),<\/li>\n<li>dok\u0142adny adres strony internetowej, na kt\u00f3rej jest niedost\u0119pny cyfrowo element lub tre\u015b\u0107,<\/li>\n<li>\n<p id=\"a11y-procedura\">Ka\u017cdy ma prawo:<\/p>\n<ul>\n<li>zg\u0142osi\u0107 uwagi dotycz\u0105ce dost\u0119pno\u015bci cyfrowej strony lub jej elementu,<\/li>\n<li>zg\u0142osi\u0107 \u017c\u0105danie zapewnienia dost\u0119pno\u015bci cyfrowej strony lub jej elementu,<\/li>\n<li>wnioskowa\u0107 o udost\u0119pnienie niedost\u0119pnej informacji w innej alternatywnej formie.<\/li>\n<\/ul>\n<p>\u017b\u0105danie musi zawiera\u0107:<\/p>\n<ul>\n<li>dane kontaktowe osoby zg\u0142aszaj\u0105cej,<\/li>\n<li>wskazanie strony lub elementu strony, kt\u00f3rej dotyczy \u017c\u0105danie,<\/li>\n<li>wskazanie dogodnej formy udost\u0119pnienia informacji, je\u015bli \u017c\u0105danie dotyczy udost\u0119pnienia w formie alternatywnej informacji niedost\u0119pnej.<\/li>\n<\/ul>\n<p>Rozpatrzenie zg\u0142oszenia powinno nast\u0105pi\u0107 niezw\u0142ocznie, najp\u00f3\u017aniej w ci\u0105gu 7 dni. Je\u015bli w tym terminie zapewnienie dost\u0119pno\u015bci albo zapewnienie dost\u0119pu w alternatywnej formie nie jest mo\u017cliwe, powinno nast\u0105pi\u0107 najdalej w ci\u0105gu 2 miesi\u0119cy od daty zg\u0142oszenia.<\/li>\n<\/ul>\n<\/section>\n<section id=\"a11y-procedura\">\n<h2>Obs\u0142uga wniosk\u00f3w i skarg zwi\u0105zanych z dost\u0119pno\u015bci\u0105<\/h2>\n<p>Je\u017celi w odpowiedzi na Tw\u00f3j wniosek o zapewnienie dost\u0119pno\u015bci cyfrowej, odm\u00f3wimy zapewnienia \u017c\u0105danej przez Ciebie dost\u0119pno\u015bci cyfrowej, a Ty nie zgadzasz si\u0119 z t\u0105 odmow\u0105, masz prawo z\u0142o\u017cy\u0107 skarg\u0119.<\/p>\n<p>Skarg\u0119 masz prawo z\u0142o\u017cy\u0107 tak\u017ce, je\u015bli nie zgadzasz si\u0119 na skorzystanie z alternatywnego sposobu dost\u0119pu, kt\u00f3ry zaproponowali\u015bmy Ci w odpowiedzi na Tw\u00f3j wniosek o zapewnienie dost\u0119pno\u015bci cyfrowej.<\/p>\n<p>Ewentualn\u0105 skarg\u0119 z\u0142\u00f3\u017c listownie lub mailem do kierownictwa naszego urz\u0119du:<\/p>\n<ul>\n<li><span id=\"a11y-procedura-kierownik\">Gmina Miejska Krak\u00f3w<\/span>,<\/li>\n<li>Adres: <span id=\"a11y-procedura-adres\">pl. Wszystkich \u015awi\u0119tych 3-4 31-004 Krak\u00f3w<\/span>,<\/li>\n<li>e-mail: <a id=\"a11y-procedura-email\" href=\"mailto:bi@um.krakow.pl\">bi@um.krakow.pl<\/a>.<\/li>\n<\/ul>\n<p><a href=\"https:\/\/www.gov.pl\/web\/gov\/zloz-wniosek-o-zapewnienie-dostepnosci-cyfrowej-strony-internetowej-lub-aplikacji-mobilnej\">Pomocne mog\u0105 by\u0107 informacje, kt\u00f3re mo\u017cna znale\u017a\u0107 na rz\u0105dowym portalu gov.pl<\/a>.<\/p>\n<p>Mo\u017cesz tak\u017ce poinformowa\u0107 o tej sytuacji <a href=\"https:\/\/bip.brpo.gov.pl\/\">Rzecznika Praw Obywatelskich<\/a> i poprosi\u0107 o interwencj\u0119 w Twojej sprawie.<\/p>\n<\/section>\n<section>\n<h2>Pozosta\u0142e informacje<\/h2>\n<section id=\"a11y-architektura\">\n<h3>Dost\u0119pno\u015b\u0107 architektoniczna<\/h3>\n<section>\n<h4>Nowohuckie Centrum Kultury<\/h4>\n<p>Nowohuckie Centrum Kultury w Krakowie dzia\u0142a w jednej lokalizacji, przy Alei Jana Paw\u0142a II 232<\/p>\n<p>Mo\u017cesz do nas dotrze\u0107 komunikacj\u0105 miejsk\u0105. Najbli\u017cej Centrum znajduje si\u0119 przystanek tramwajowy &#8222;Plac Centralny im. R. Reagana&#8221;. Zatrzymuj\u0105 si\u0119 tutaj tramwaje linii nr 4,10, 22 i 62 oraz linia autobusowa 174.<\/p>\n<p>1.Opis dost\u0119pno\u015bci wej\u015bcia do budynku i przechodzenia przez obszary kontroli.<\/p>\n<p>Doj\u015bcie do g\u0142\u00f3wnego wej\u015bcia Nowohuckiego Centrum Kultury mo\u017cliwy jest poprzez skwer przed NCK, na kt\u00f3rym nie wyst\u0119puj\u0105 ograniczenia dla os\u00f3b z dysfunkcj\u0105 ruchow\u0105. Nie wyst\u0119puj\u0105 na nim \u017cadne kraw\u0119\u017cniki ani przeszkody, kt\u00f3ry mog\u0142yby utrudni\u0107 poruszanie si\u0119 lub stanowi\u0107 zagro\u017cenie dla osoby niepe\u0142nosprawnej. Parking NCK jest w pe\u0142ni dost\u0119pny dzi\u0119ki rozwi\u0105zaniom tj. wydzielone i oznakowane miejsca dla os\u00f3b z niepe\u0142nosprawno\u015bciami zlokalizowane najbli\u017cej Instytucji(8 miejsc), obni\u017cone kraw\u0119\u017cniki najazdowe, brak prog\u00f3w.<\/p>\n<p>Dodatkowo ci\u0105gi piesze b\u0119d\u0105 oddzielone od trawnik\u00f3w 3 cm obrze\u017cem, co u\u0142atwi osobom s\u0142abowidz\u0105cym lub niewidomym nawigacj\u0119 po terenie. Miejsca przeszk\u00f3d terenowych tj. schody zostan\u0105 zaznaczone kostk\u0105 betonow\u0105 o wypuk\u0142ej strukturze.<\/p>\n<p>Samo wej\u015bcie jest wyposa\u017cone w klamki antypaniczne i samozamykacze. NCK nie posiada drzwi otwieranych elektronicznie.<\/p>\n<p>2.Opis dost\u0119pno\u015bci korytarzy, schod\u00f3w i wind.<\/p>\n<p>Korytarze Centrum s\u0105 szerokie i nie posiadaj\u0105 prog\u00f3w, schod\u00f3w ani innych przeszk\u00f3d terenowych. Wyj\u0105tek stanowi przej\u015bcie pomi\u0119dzy budynkami A i C, gdzie znajduj\u0105 si\u0119 dwa stopnie, natomiast przy stopniach znajduje si\u0119 niewielka pochylnia dostosowana do potrzeb os\u00f3b z niepe\u0142nosprawno\u015bciami.<\/p>\n<p class=\"p1\">Na ka\u017cd\u0105 kondygnacj\u0119 obiektu dosta\u0107 si\u0119 mo\u017cna poprzez wind\u0119 zlokalizowan\u0105 w budynku A. Drzwi windy otwieraj\u0105 si\u0119 po naci\u015bni\u0119ciu przycisku.<\/p>\n<p>Wszystkie schody i klatki schodowe w obiekcie s\u0105 wyposa\u017cone w pochwyty, co u\u0142atwia poruszanie si\u0119 po nich.<\/p>\n<p>3.Opis dostosowa\u0144, na przyk\u0142ad pochylni, platform, informacji g\u0142osowych, p\u0119tlach indukcyjnych.<\/p>\n<p>Wewn\u0105trz NCK znajduje si\u0119 jedna pochylnia dla os\u00f3b z niepe\u0142nosprawno\u015bciami &#8211; opisana powy\u017cej. Ze wzgl\u0119du na p\u0142askie korytarze, bez przeszk\u00f3d, nie ma potrzeby zabudowy dodatkowych.<\/p>\n<p>Pierwszy i drugi rz\u0105d Sali teatralnej jest wyposa\u017cony w p\u0119tl\u0119 indukcyjn\u0105 dla os\u00f3b s\u0142abos\u0142ysz\u0105cych. R\u00f3wnie\u017c w pierwszym rz\u0119dzie Sali znajduj\u0105 si\u0119 fotele, kt\u00f3re w razie zg\u0142oszenia udzia\u0142u osoby z niepe\u0142nosprawno\u015bci\u0105 w wydarzeniu odbywaj\u0105cym si\u0119 w tej przestrzeni, s\u0105 \u0142atwo demontowane, i umo\u017cliwiaj\u0105 bezpieczne ustawienie kilku w\u00f3zk\u00f3w inwalidzkich.<\/p>\n<p>4. Informacje o miejscu i sposobie korzystania z miejsc parkingowych wyznaczonych dla os\u00f3b z niepe\u0142nosprawno\u015bciami.<\/p>\n<p>Parking NCK jest w pe\u0142ni dost\u0119pny dzi\u0119ki rozwi\u0105zaniom tj. wydzielone i oznakowane miejsca dla os\u00f3b z niepe\u0142nosprawno\u015bciami zlokalizowane najbli\u017cej Instytucji (8 miejsc), obni\u017cone kraw\u0119\u017cniki najazdowe, brak prog\u00f3w.<\/p>\n<\/section>\n<\/section>\n<section id=\"a11y-komunikacja\">\n<h3>Dost\u0119pno\u015b\u0107 komunikacyjno-informacyjna<\/h3>\n<ul>\n<li>Jak wnioskowa\u0107 o t\u0142umacza polskiego j\u0119zyka migowego: <a href=\"https:\/\/nck.krakow.pl\/regulaminy-nowohuckiego-centrum-kultury-w-krakowie\/\">https:\/\/nck.krakow.pl\/regulaminy-nowohuckiego-centrum-kultury-w-krakowie\/<\/a><\/li>\n<li>Informacja o naszej dzia\u0142alno\u015bci w j\u0119zyku migowym (PJM): brak\n<ul>\n<li>Jak wnioskowa\u0107 o t\u0142umacza polskiego j\u0119zyka migowego: <a href=\"https:\/\/nck.krakow.pl\/regulaminy-nowohuckiego-centrum-kultury-w-krakowie\/\">https:\/\/nck.krakow.pl\/regulaminy-nowohuckiego-centrum-kultury-w-krakowie\/<\/a><\/li>\n<li>Informacja o naszej dzia\u0142alno\u015bci w j\u0119zyku migowym (PJM): brak<\/li>\n<\/ul>\n<\/li>\n<\/ul>\n<\/section>\n<\/section>\n","protected":false},"excerpt":{"rendered":"<p>Deklaracja dost\u0119pno\u015bci Nowohuckie Centrum Kultury zobowi\u0105zuje si\u0119 zapewni\u0107 dost\u0119pno\u015b\u0107 swojej strony internetowej zgodnie z ustaw\u0105 z dnia 4 kwietnia 2019 r. o dost\u0119pno\u015bci cyfrowej stron internetowych i aplikacji mobilnych podmiot\u00f3w publicznych. Deklaracja dost\u0119pno\u015bci dotyczy strony https:\/\/nck.krakow.pl\/kcc\/krakowskifestiwaltanca\/deklaracja-dostepnosci\/. Data publikacji strony internetowej: 19 czerwca 2023 r. Data ostatniej istotnej aktualizacji: 19 czerwca 2023 r. Stan dost\u0119pno\u015bci cyfrowej [&hellip;]<\/p>\n","protected":false},"author":1,"featured_media":0,"parent":0,"menu_order":0,"comment_status":"closed","ping_status":"closed","template":"","meta":{"footnotes":""},"class_list":["post-4506","page","type-page","status-publish","hentry"],"yoast_head":"<!-- This site is optimized with the Yoast SEO plugin v19.12 - https:\/\/yoast.com\/wordpress\/plugins\/seo\/ -->\n<title>Deklaracja dost\u0119pno\u015bci - Krakowskie Centrum Choreograficzne<\/title>\n<meta name=\"description\" content=\"Deklaracja dost\u0119pno\u015bci strony Krakowskiego Centrum Choreograficznego\" \/>\n<meta name=\"robots\" content=\"index, follow, max-snippet:-1, max-image-preview:large, max-video-preview:-1\" \/>\n<link rel=\"canonical\" href=\"https:\/\/nck.krakow.pl\/kcc\/deklaracja-dostepnosci\/\" \/>\n<meta property=\"og:locale\" content=\"pl_PL\" \/>\n<meta property=\"og:type\" content=\"article\" \/>\n<meta property=\"og:title\" content=\"Deklaracja dost\u0119pno\u015bci - Krakowskie Centrum Choreograficzne\" \/>\n<meta property=\"og:description\" content=\"Deklaracja dost\u0119pno\u015bci strony Krakowskiego Centrum Choreograficznego\" \/>\n<meta property=\"og:url\" content=\"https:\/\/nck.krakow.pl\/kcc\/deklaracja-dostepnosci\/\" \/>\n<meta property=\"og:site_name\" content=\"Krakowskie Centrum Choreograficzne\" \/>\n<meta property=\"article:modified_time\" content=\"2026-03-31T07:06:58+00:00\" \/>\n<meta name=\"twitter:card\" content=\"summary_large_image\" \/>\n<meta name=\"twitter:label1\" content=\"Est. reading time\" \/>\n\t<meta name=\"twitter:data1\" content=\"5 minut\" \/>\n<script type=\"application\/ld+json\" class=\"yoast-schema-graph\">{\"@context\":\"https:\/\/schema.org\",\"@graph\":[{\"@type\":\"WebPage\",\"@id\":\"https:\/\/nck.krakow.pl\/kcc\/deklaracja-dostepnosci\/\",\"url\":\"https:\/\/nck.krakow.pl\/kcc\/deklaracja-dostepnosci\/\",\"name\":\"Deklaracja dost\u0119pno\u015bci - Krakowskie Centrum Choreograficzne\",\"isPartOf\":{\"@id\":\"https:\/\/nck.krakow.pl\/kcc\/#website\"},\"datePublished\":\"2020-03-31T19:23:23+00:00\",\"dateModified\":\"2026-03-31T07:06:58+00:00\",\"description\":\"Deklaracja dost\u0119pno\u015bci strony Krakowskiego Centrum Choreograficznego\",\"breadcrumb\":{\"@id\":\"https:\/\/nck.krakow.pl\/kcc\/deklaracja-dostepnosci\/#breadcrumb\"},\"inLanguage\":\"pl-PL\",\"potentialAction\":[{\"@type\":\"ReadAction\",\"target\":[\"https:\/\/nck.krakow.pl\/kcc\/deklaracja-dostepnosci\/\"]}]},{\"@type\":\"BreadcrumbList\",\"@id\":\"https:\/\/nck.krakow.pl\/kcc\/deklaracja-dostepnosci\/#breadcrumb\",\"itemListElement\":[{\"@type\":\"ListItem\",\"position\":1,\"name\":\"Strona g\u0142\u00f3wna\",\"item\":\"https:\/\/nck.krakow.pl\/kcc\/\"},{\"@type\":\"ListItem\",\"position\":2,\"name\":\"Deklaracja dost\u0119pno\u015bci\"}]},{\"@type\":\"WebSite\",\"@id\":\"https:\/\/nck.krakow.pl\/kcc\/#website\",\"url\":\"https:\/\/nck.krakow.pl\/kcc\/\",\"name\":\"Krakowskie Centrum Choreograficzne\",\"description\":\"\",\"publisher\":{\"@id\":\"https:\/\/nck.krakow.pl\/kcc\/#organization\"},\"potentialAction\":[{\"@type\":\"SearchAction\",\"target\":{\"@type\":\"EntryPoint\",\"urlTemplate\":\"https:\/\/nck.krakow.pl\/kcc\/?s={search_term_string}\"},\"query-input\":\"required name=search_term_string\"}],\"inLanguage\":\"pl-PL\"},{\"@type\":\"Organization\",\"@id\":\"https:\/\/nck.krakow.pl\/kcc\/#organization\",\"name\":\"Krakowskie Centrum Choreograficzne\",\"url\":\"https:\/\/nck.krakow.pl\/kcc\/\",\"logo\":{\"@type\":\"ImageObject\",\"inLanguage\":\"pl-PL\",\"@id\":\"https:\/\/nck.krakow.pl\/kcc\/#\/schema\/logo\/image\/\",\"url\":\"https:\/\/nck.krakow.pl\/kcc\/wp-content\/uploads\/2020\/01\/cropped-logo-kcc-2020.png\",\"contentUrl\":\"https:\/\/nck.krakow.pl\/kcc\/wp-content\/uploads\/2020\/01\/cropped-logo-kcc-2020.png\",\"width\":116,\"height\":55,\"caption\":\"Krakowskie Centrum Choreograficzne\"},\"image\":{\"@id\":\"https:\/\/nck.krakow.pl\/kcc\/#\/schema\/logo\/image\/\"}}]}<\/script>\n<!-- \/ Yoast SEO plugin. -->","yoast_head_json":{"title":"Deklaracja dost\u0119pno\u015bci - Krakowskie Centrum Choreograficzne","description":"Deklaracja dost\u0119pno\u015bci strony Krakowskiego Centrum Choreograficznego","robots":{"index":"index","follow":"follow","max-snippet":"max-snippet:-1","max-image-preview":"max-image-preview:large","max-video-preview":"max-video-preview:-1"},"canonical":"https:\/\/nck.krakow.pl\/kcc\/deklaracja-dostepnosci\/","og_locale":"pl_PL","og_type":"article","og_title":"Deklaracja dost\u0119pno\u015bci - Krakowskie Centrum Choreograficzne","og_description":"Deklaracja dost\u0119pno\u015bci strony Krakowskiego Centrum Choreograficznego","og_url":"https:\/\/nck.krakow.pl\/kcc\/deklaracja-dostepnosci\/","og_site_name":"Krakowskie Centrum Choreograficzne","article_modified_time":"2026-03-31T07:06:58+00:00","twitter_card":"summary_large_image","twitter_misc":{"Est. reading time":"5 minut"},"schema":{"@context":"https:\/\/schema.org","@graph":[{"@type":"WebPage","@id":"https:\/\/nck.krakow.pl\/kcc\/deklaracja-dostepnosci\/","url":"https:\/\/nck.krakow.pl\/kcc\/deklaracja-dostepnosci\/","name":"Deklaracja dost\u0119pno\u015bci - Krakowskie Centrum Choreograficzne","isPartOf":{"@id":"https:\/\/nck.krakow.pl\/kcc\/#website"},"datePublished":"2020-03-31T19:23:23+00:00","dateModified":"2026-03-31T07:06:58+00:00","description":"Deklaracja dost\u0119pno\u015bci strony Krakowskiego Centrum Choreograficznego","breadcrumb":{"@id":"https:\/\/nck.krakow.pl\/kcc\/deklaracja-dostepnosci\/#breadcrumb"},"inLanguage":"pl-PL","potentialAction":[{"@type":"ReadAction","target":["https:\/\/nck.krakow.pl\/kcc\/deklaracja-dostepnosci\/"]}]},{"@type":"BreadcrumbList","@id":"https:\/\/nck.krakow.pl\/kcc\/deklaracja-dostepnosci\/#breadcrumb","itemListElement":[{"@type":"ListItem","position":1,"name":"Strona g\u0142\u00f3wna","item":"https:\/\/nck.krakow.pl\/kcc\/"},{"@type":"ListItem","position":2,"name":"Deklaracja dost\u0119pno\u015bci"}]},{"@type":"WebSite","@id":"https:\/\/nck.krakow.pl\/kcc\/#website","url":"https:\/\/nck.krakow.pl\/kcc\/","name":"Krakowskie Centrum Choreograficzne","description":"","publisher":{"@id":"https:\/\/nck.krakow.pl\/kcc\/#organization"},"potentialAction":[{"@type":"SearchAction","target":{"@type":"EntryPoint","urlTemplate":"https:\/\/nck.krakow.pl\/kcc\/?s={search_term_string}"},"query-input":"required name=search_term_string"}],"inLanguage":"pl-PL"},{"@type":"Organization","@id":"https:\/\/nck.krakow.pl\/kcc\/#organization","name":"Krakowskie Centrum Choreograficzne","url":"https:\/\/nck.krakow.pl\/kcc\/","logo":{"@type":"ImageObject","inLanguage":"pl-PL","@id":"https:\/\/nck.krakow.pl\/kcc\/#\/schema\/logo\/image\/","url":"https:\/\/nck.krakow.pl\/kcc\/wp-content\/uploads\/2020\/01\/cropped-logo-kcc-2020.png","contentUrl":"https:\/\/nck.krakow.pl\/kcc\/wp-content\/uploads\/2020\/01\/cropped-logo-kcc-2020.png","width":116,"height":55,"caption":"Krakowskie Centrum Choreograficzne"},"image":{"@id":"https:\/\/nck.krakow.pl\/kcc\/#\/schema\/logo\/image\/"}}]}},"_links":{"self":[{"href":"https:\/\/nck.krakow.pl\/kcc\/wp-json\/wp\/v2\/pages\/4506"}],"collection":[{"href":"https:\/\/nck.krakow.pl\/kcc\/wp-json\/wp\/v2\/pages"}],"about":[{"href":"https:\/\/nck.krakow.pl\/kcc\/wp-json\/wp\/v2\/types\/page"}],"author":[{"embeddable":true,"href":"https:\/\/nck.krakow.pl\/kcc\/wp-json\/wp\/v2\/users\/1"}],"replies":[{"embeddable":true,"href":"https:\/\/nck.krakow.pl\/kcc\/wp-json\/wp\/v2\/comments?post=4506"}],"version-history":[{"count":11,"href":"https:\/\/nck.krakow.pl\/kcc\/wp-json\/wp\/v2\/pages\/4506\/revisions"}],"predecessor-version":[{"id":8746,"href":"https:\/\/nck.krakow.pl\/kcc\/wp-json\/wp\/v2\/pages\/4506\/revisions\/8746"}],"wp:attachment":[{"href":"https:\/\/nck.krakow.pl\/kcc\/wp-json\/wp\/v2\/media?parent=4506"}],"curies":[{"name":"wp","href":"https:\/\/api.w.org\/{rel}","templated":true}]}}