{"id":4437,"date":"2020-02-20T12:19:52","date_gmt":"2020-02-20T12:19:52","guid":{"rendered":"https:\/\/nck.krakow.pl\/kcc\/?page_id=4437"},"modified":"2023-04-25T13:02:16","modified_gmt":"2023-04-25T13:02:16","slug":"jetz-teraz","status":"publish","type":"page","link":"https:\/\/nck.krakow.pl\/kcc\/jetz-teraz\/","title":{"rendered":"JETZ\/TERAZ \/ Little:interference"},"content":{"rendered":"\n<figure class=\"wp-block-image\"><img loading=\"lazy\" decoding=\"async\" width=\"1024\" height=\"682\" src=\"https:\/\/nck.krakow.pl\/kcc\/wp-content\/uploads\/2020\/02\/1.G\u0141\u00d3WNE-2-1024x682.jpg\" alt=\"\" class=\"wp-image-4438\" srcset=\"https:\/\/nck.krakow.pl\/kcc\/wp-content\/uploads\/2020\/02\/1.G\u0141\u00d3WNE-2-1024x682.jpg 1024w, https:\/\/nck.krakow.pl\/kcc\/wp-content\/uploads\/2020\/02\/1.G\u0141\u00d3WNE-2-300x200.jpg 300w, https:\/\/nck.krakow.pl\/kcc\/wp-content\/uploads\/2020\/02\/1.G\u0141\u00d3WNE-2-768x512.jpg 768w, https:\/\/nck.krakow.pl\/kcc\/wp-content\/uploads\/2020\/02\/1.G\u0141\u00d3WNE-2.jpg 1100w\" sizes=\"(max-width: 1024px) 100vw, 1024px\" \/><\/figure>\n\n\n\n<div style=\"height:30px\" aria-hidden=\"true\" class=\"wp-block-spacer\"><\/div>\n\n\n\n<h1 class=\"wp-block-heading\">JETZ\/TERAZ \/ Little:interference<\/h1>\n\n\n\n<div style=\"height:20px\" aria-hidden=\"true\" class=\"wp-block-spacer\"><\/div>\n\n\n\n<p><strong>koncepcja i scenariusz:<\/strong> Linda Sollacher, Assunta Steiner<br><strong>muzyka:<\/strong> Juan Klaus Obermayer<br><strong>scenografia, kostiumy:<\/strong> Linda Sollacher<br><strong>wyst\u0119puj\u0105:<\/strong> Aneta Orlik, Kim Bormann, Katarzyna Goca\u0142, Karol Pruciak, Piotr Mateusz Wach<br><strong>czas trwania:<\/strong> ok. 40 min<br><strong>premiera:<\/strong> 15 listopada 2014 BalletOFFFestival prologue<\/p>\n\n\n\n<p>Spektakl powsta\u0142 w ramach programu\nrezydencyjnego w Krakowskim Centrum Choreograficznym.<\/p>\n\n\n\n<blockquote class=\"wp-block-quote is-layout-flow wp-block-quote-is-layout-flow\">\n<p><em>Chod\u017amy.<\/em><br><em>Nie mo\u017cemy.<\/em><br><em>Dlaczego?<\/em><br><em>Czekamy.<\/em><br>\/Samuel Beckett, Czekaj\u0105c na Godota\/<\/p>\n<\/blockquote>\n\n\n\n<p>W dramacie Czekaj\u0105c\nna Godota Beckett wykreowa\u0142 absurdalne sytuacje skrajnego oczekiwania w\n\u015bwiecie, gdzie w zasadzie ruch zanik\u0142 kompletnie. \u015awiat, kt\u00f3r\u0105 jedyn\u0105 sk\u0142adow\u0105\njest trwanie wyczerpuj\u0105cej wieczno\u015bci.<\/p>\n\n\n\n<p>W \u015bwiecie gdzie\nwolno\u015b\u0107, rozw\u00f3j lub nag\u0142y sukces jednostki jest naturalny, czekanie oznacza\nbrak zainteresowania lub nawet bezw\u0142adno\u015b\u0107. A jednak, nie mo\u017cemy tego unikn\u0105\u0107.\nCzekanie wkrada si\u0119 w nasze \u017cycie osobiste, w nasz\u0105 codzienno\u015b\u0107. Czekamy.<\/p>\n\n\n\n<p>Ale tak w\u0142a\u015bciwie\nto na co czekamy? Na co czeka ka\u017cdy z nas? Gdzie zaczyna si\u0119 stagnacja\njednostki, a gdzie nasz byt przepada w niemocy politycznej, spo\u0142ecznej\nignorancji czy \u015bwiadomego odrzucenia? W kt\u00f3rym momencie marazm wywo\u0142any\nczekaniem zaczyna nas uwiera\u0107? I czy jest mo\u017cliwy w tym ca\u0142ym letargu moment\nprze\u0142omu, swoistego katharsis?<\/p>\n\n\n\n<p>Czekamy. W\nzasadzie: Ja czekam. Ty czekasz. On czeka. Ona czeka.<\/p>\n\n\n\n<p>W oczekiwaniu\njeste\u015bmy sami. Jeste\u015bmy zmuszeni do mierzenia si\u0119 z tym stanem w samotno\u015bci.\nNajlepsze co mo\u017ce nas spotka\u0107, to wytr\u0105cenie spowodowane drug\u0105 osob\u0105. W\nczekaniu \u0142atwo si\u0119 zgubi\u0107, topi\u0105c si\u0119 w marzeniach lub snach na jawie. Inni\nstaj\u0105 si\u0119 wtedy carte blanche, na kt\u00f3rych swobodnie projektujemy nasze\nfantazje, prowokowane nasz\u0105 bezczynno\u015bci\u0105, u\u015bpieniem umys\u0142u.<\/p>\n\n\n\n<p>W tym momencie\nletargu, znudzenia, niecierpliwo\u015bci i nerwowo\u015bci \u2013 czy jest miejsce na lekko\u015b\u0107,\nhumor, dotyk, czy rado\u015b\u0107?<\/p>\n\n\n\n<p>Aktorzy zanurzeni\ns\u0105 w stanie bezruchu, pogubieni pomi\u0119dzy czekaniem a oczekiwaniami. Widownia\npozostaje w tym stanie razem z nimi &#8211;&nbsp;\nnie mog\u0105c rozpozna\u0107, czy sami czekaj\u0105 na co\u015b, czy podobnie jak\nbohaterowie pogubili si\u0119 ju\u017c w otch\u0142ani my\u015bli.<\/p>\n\n\n\n<p>Aneta Orlik (1986),\nabsolwentka Wydzia\u0142u Teatru Ta\u0144ca PWST w Krakowie, oraz Wydzia\u0142u Radia i\nTelewizji w Katowicach. Wsp\u00f3\u0142za\u0142o\u017cycielka little:interference, uczestniczka\nwielu warsztat\u00f3w i sta\u017cy, m.in. w Dance New Amsterdam w Nowym Jorku, Spielart w\nMonachium, Campus in Rome w Rzymie. Na swoim koncie ma wsp\u00f3\u0142prac\u0119 z Romeo\nCastelluccim w spektaklu The four seasons restaurant, Teatrem im. J.\nS\u0142owackiego w Krakowie, CSW Kronika w Bytomiu.<\/p>\n\n\n\n<p>Kim Bormann (1989),\npochodzi z Karlsruhe. Od 14 roku \u017cycia gra\u0142a w spektaklach w Narodowym Teatrze\nw Karlsruche. W 2010 rozpocz\u0119\u0142a swoje studia aktorskie w Akademii Teatralnej\nim. Augusta Everdinga w Monachium, kt\u00f3re uko\u0144czy\u0142a w lipcu 2014. Podczas jej\nstudi\u00f3w odby\u0142a wiele warsztat\u00f3w m.in. z Davidem Shiner\u2019em, Jurij Vasiljev\u2019em\nczy Jerome Bel\u2019em. Wsp\u00f3\u0142za\u0142o\u017cycielka grupy little:interference. Obecnie pracuje\njako aktorka w r\u00f3\u017cnych produkcjach w teatrach monachijskich oraz gra epizody w\nprodukcjach telewizyjnych i filmowych. Pracuje tak\u017ce nad swoim pierwszym\nmonodramem.<\/p>\n\n\n\n<p>Katarzyna Goca\u0142\n(1985), absolwentka Wydzia\u0142u Teatru Ta\u0144ca PWST im. Ludwika Solskiego w\nKrakowie. Uczestniczy\u0142a w mi\u0119dzynarodowym projekcie &#8222;Kierunek Taniec\nAzja&#8221; pod kierunkiem Jacka \u0141umi\u0144skiego w Macau (Chiny). Wsp\u00f3\u0142za\u0142o\u017cycielka\nmi\u0119dzynarodowej grupy &#8222;little:interference&#8221;. Tancerka &#8211; aktorka i\nwsp\u00f3\u0142tw\u00f3rczyni spektaklu Speed dates prezentowanego na festiwalu \u201e2 el Mondi\u201d w\nSpoleto oraz Festiwalu M\u0142odych Tw\u00f3rc\u00f3w w Po\u0142czynie. Nominowana do nagrody\n\u201eDebiuty \u015al\u0105skie 2014\u201d za osobowo\u015b\u0107 tw\u00f3rcz\u0105. Wsp\u00f3\u0142pracowa\u0142a z krakowskim\nteatrem ulicznym KTO.<\/p>\n\n\n\n<p>Assunta Steiner\n(1986), sw\u00f3j dyplom magistra obroni\u0142a na Wydziale Nauk o Teatrze w Brnie,\nSzwajcarii. Podczas jej studi\u00f3w bra\u0142a udzia\u0142 w r\u00f3\u017cnych projektach zar\u00f3wno\nteatralnych jak i muzycznych. W 2012 pracowa\u0142a jako asystent dyrektora\nartystycznego festiwalu Teatru Ta\u0144ca w Riom w Szwajcarii. W 2013 pracowa\u0142a jako\ndramaturg w zespole FRADS, szwajcarskiej grupie teatralnej. Od 2014 mieszka i\npracuje w Niemczech, w Monachium.<\/p>\n\n\n\n<p>Linda Sollacher\n(1989), studiuje scenografi\u0119 i projektowanie ubioru na Akademii Sztuk Pi\u0119knych\nw Monachium. Projektowa\u0142a scenografi\u0119 dla wielu spektakli w Bawarskiej Akademii\nTeatralnej a tak\u017ce wsp\u00f3\u0142pracowa\u0142a ze studentami z Wy\u017cszej Szko\u0142y Sztuk\nPerformatywnych im. Otto Flackenberg\u2019a w Monachium. W 2014 rozpocz\u0119\u0142a\nwsp\u00f3\u0142prac\u0119 z brazylijsk\u0105 grup\u0105 teatraln\u0105 oraz rozpocz\u0119\u0142a asystentur\u0119 w\nBawarskiej Operze Narodowej w Monachium.<\/p>\n\n\n\n<p>Karol Pruciak\n(1987) jest absolwentem 2 \u2013 letniej, prywatnej szko\u0142y aktorskiej Art \u2013Play oraz\nPWST im. L. Solskiego w Krakowie, Wydzia\u0142u Teatru Ta\u0144ca w Bytomiu. Zagra\u0142 w\nspektaklu tanecznym Jakby mia\u0142o trwa\u0107 wiecznie w choreografii Janusza\nSkubaczkowskiego oraz w spektaklu aktorskim Ja Sta\u015b, Ja Witold w re\u017cyserii\nPiotra \u0106ie\u015blaka. Wsp\u00f3\u0142za\u0142o\u017cyciel grupy teatru ta\u0144ca little:interference.\nCz\u0142onek grupy No Sugar z kt\u00f3rym stworzy\u0142 spektakl Speed dates, kt\u00f3ry by\u0142\nprzedstawiany w Bytomiu, Katowicach oraz na festiwalach w Krakowie, Spoleto i\nPo\u0142czynie\u2013Zdroju. Zagra\u0142 w dyplomie aktorskim Hamlet w re\u017c. Jana Peszka i\nCezarego Tomaszewskiego. Zagra\u0142 r\u00f3wnie\u017c w spektaklu \u015amier\u0107 (W. Allena) w re\u017c.\nWaldemara \u015amigasiewicza w Teatrze im. A. Mickiewicza w Cz\u0119stochowie oraz w\nmusicalu Zorba w re\u017c. Witolda Mazurkiewicza i chor. Jakuba Lewandowskiego w\nTeatrze Polskim w Bielsku\u2013Bia\u0142ej. Prowadzi\u0142 warsztaty teatralne dla m\u0142odzie\u017cy w\nPolsce (Teatr im. A. Mickiewicza, na festiwalu w Suwa\u0142kach) i za granic\u0105 (Macau\nConservatory \u2013 Chiny, podczas projektu Kierunek Taniec Azja).<\/p>\n\n\n\n<p>Piotr Mateusz Wach\n(1990), student PWST w Krakowie, wydzia\u0142u teatru ta\u0144ca w Bytomiu, absolwent\nkrakowskiego Lart Studio, laureat Z\u0142otej Maski.&nbsp;\nAktywnie dzia\u0142a na scenie od roku 2011, w kt\u00f3rym zagra\u0142 w dyplomie Czy\u017c\nnie dobija si\u0119 koni? w re\u017cyserii Waldemara Ra\u017aniaka. W 2013 zata\u0144czy\u0142 w\ndyplomie tanecznym Transdyptyk w re\u017cyserii Anny Piotrowskiej. W tym samym roku\nzagra\u0142 te\u017c g\u0142\u00f3wn\u0105 rol\u0119 w spektaklu dyplomowym Jak wam si\u0119 podoba w re\u017cyserii\nBriana Michaelsa. Obecnie pracuje w polsko-niemieckim kolektywie\nlittle:interference. Piotr Mateusz Wach zajmuje si\u0119 r\u00f3wnie\u017c re\u017cyseri\u0105 \u2013 w 2013\nroku wyre\u017cyserowa\u0142 etiud\u0119 Eutanazja, kt\u00f3ra zosta\u0142a zaprezentowana na Festiwalu\nSzekspirowskim w Gda\u0144sku. W tym roku artysta pracuje nad spektaklem As Far As\nWe Can, kt\u00f3rego premiera zaplanowana jest na luty 2015. Jest tak\u017ce asystentem\nre\u017cysera B\u0142a\u017ceja Peszka w spektaklu dyplomowym Superbohater\u00f3w10 (premiera:\nstycze\u0144 2015). Dokona\u0142 wielu skandalicznych performance\u2019\u00f3w, m.in.: shaved.01 zaprezentowany\nw Akademii Sztuk Pi\u0119knych w Monachium (2012), oraz Horse Riding prezentowany w\nPWST (2013). Performance ja_gruby (2014), traktuj\u0105cy o kanonie i idea\u0142ach\nwsp\u00f3\u0142czesnego pi\u0119kna, zosta\u0142 zauwa\u017cony i doceniony, a jego prezentacja na\nfestiwalu Pro-contra w Szczecinie (wrzesie\u0144 2014) wywo\u0142a\u0142a burzliw\u0105 dyskusj\u0119.<\/p>\n\n\n\n<p>Juan Klaus\nObermayer (1986), z pochodzenia Chilijczyk, urodzi\u0142 si\u0119 w Monachium, obecnie\nmieszka w Barcelonie. Gra na gitarze, gitarze basowej, keyboardzie oraz\ndidgeridoo. Od 2006 roku gra\u0142 w r\u00f3\u017cnych zespo\u0142ach (m.in. Ewexcess, Film in the\nfilm, Return the queen). Od 2008 do 2011 studiowa\u0142 kompozycj\u0119 z naciskiem na\nsoundtrack filmowy w Akademii Muzycznej w Monachium. Podczas studi\u00f3w\nwielokrotnie komponowa\u0142 muzyk\u0119 do film\u00f3w kr\u00f3tkometra\u017cowych oraz reklam.\nWsp\u00f3\u0142pracuje z wieloma artystami nad instalacjami d\u017awi\u0119kowymi. Jego\nspecjalizacj\u0105 jest muzyka elektroniczna. Jego styl bazuje na klasycznych\ninstrumentach oraz klasycznej harmonii kontrastowanej z\neksperymentalno-psychodelicznym brzmieniem. W 2013 roku stworzy\u0142 pe\u0142n\u0105 opraw\u0119\nmuzyczn\u0105 do spektaklu OPERCULUM \u2013 Looking For Heimat.<\/p>\n","protected":false},"excerpt":{"rendered":"<p>JETZ\/TERAZ \/ Little:interference koncepcja i scenariusz: Linda Sollacher, Assunta Steinermuzyka: Juan Klaus Obermayerscenografia, kostiumy: Linda Sollacherwyst\u0119puj\u0105: Aneta Orlik, Kim Bormann, Katarzyna Goca\u0142, Karol Pruciak, Piotr Mateusz Wachczas trwania: ok. 40 minpremiera: 15 listopada 2014 BalletOFFFestival prologue Spektakl powsta\u0142 w ramach programu rezydencyjnego w Krakowskim Centrum Choreograficznym. Chod\u017amy.Nie mo\u017cemy.Dlaczego?Czekamy.\/Samuel Beckett, Czekaj\u0105c na Godota\/ W dramacie Czekaj\u0105c [&hellip;]<\/p>\n","protected":false},"author":5,"featured_media":0,"parent":0,"menu_order":0,"comment_status":"closed","ping_status":"closed","template":"","meta":{"footnotes":""},"class_list":["post-4437","page","type-page","status-publish","hentry"],"yoast_head":"<!-- This site is optimized with the Yoast SEO plugin v19.12 - https:\/\/yoast.com\/wordpress\/plugins\/seo\/ -->\n<title>JETZ\/TERAZ \/ Little:interference - Krakowskie Centrum Choreograficzne<\/title>\n<meta name=\"robots\" content=\"index, follow, max-snippet:-1, max-image-preview:large, max-video-preview:-1\" \/>\n<link rel=\"canonical\" href=\"https:\/\/nck.krakow.pl\/kcc\/jetz-teraz\/\" \/>\n<meta property=\"og:locale\" content=\"pl_PL\" \/>\n<meta property=\"og:type\" content=\"article\" \/>\n<meta property=\"og:title\" content=\"JETZ\/TERAZ \/ Little:interference\" \/>\n<meta property=\"og:description\" content=\"koncepcja i scenariusz: Linda Sollacher, Assunta Steiner\" \/>\n<meta property=\"og:url\" content=\"https:\/\/nck.krakow.pl\/kcc\/jetz-teraz\/\" \/>\n<meta property=\"og:site_name\" content=\"Krakowskie Centrum Choreograficzne\" \/>\n<meta property=\"article:modified_time\" content=\"2023-04-25T13:02:16+00:00\" \/>\n<meta property=\"og:image\" content=\"https:\/\/nck.krakow.pl\/kcc\/wp-content\/uploads\/2020\/02\/1.G\u0141\u00d3WNE-2.jpg\" \/>\n\t<meta property=\"og:image:width\" content=\"1100\" \/>\n\t<meta property=\"og:image:height\" content=\"733\" \/>\n\t<meta property=\"og:image:type\" content=\"image\/jpeg\" \/>\n<meta name=\"twitter:card\" content=\"summary_large_image\" \/>\n<meta name=\"twitter:label1\" content=\"Est. reading time\" \/>\n\t<meta name=\"twitter:data1\" content=\"7 minut\" \/>\n<script type=\"application\/ld+json\" class=\"yoast-schema-graph\">{\"@context\":\"https:\/\/schema.org\",\"@graph\":[{\"@type\":\"WebPage\",\"@id\":\"https:\/\/nck.krakow.pl\/kcc\/jetz-teraz\/\",\"url\":\"https:\/\/nck.krakow.pl\/kcc\/jetz-teraz\/\",\"name\":\"JETZ\/TERAZ \/ Little:interference - Krakowskie Centrum Choreograficzne\",\"isPartOf\":{\"@id\":\"https:\/\/nck.krakow.pl\/kcc\/#website\"},\"datePublished\":\"2020-02-20T12:19:52+00:00\",\"dateModified\":\"2023-04-25T13:02:16+00:00\",\"breadcrumb\":{\"@id\":\"https:\/\/nck.krakow.pl\/kcc\/jetz-teraz\/#breadcrumb\"},\"inLanguage\":\"pl-PL\",\"potentialAction\":[{\"@type\":\"ReadAction\",\"target\":[\"https:\/\/nck.krakow.pl\/kcc\/jetz-teraz\/\"]}]},{\"@type\":\"BreadcrumbList\",\"@id\":\"https:\/\/nck.krakow.pl\/kcc\/jetz-teraz\/#breadcrumb\",\"itemListElement\":[{\"@type\":\"ListItem\",\"position\":1,\"name\":\"Strona g\u0142\u00f3wna\",\"item\":\"https:\/\/nck.krakow.pl\/kcc\/\"},{\"@type\":\"ListItem\",\"position\":2,\"name\":\"JETZ\/TERAZ \/ Little:interference\"}]},{\"@type\":\"WebSite\",\"@id\":\"https:\/\/nck.krakow.pl\/kcc\/#website\",\"url\":\"https:\/\/nck.krakow.pl\/kcc\/\",\"name\":\"Krakowskie Centrum Choreograficzne\",\"description\":\"\",\"publisher\":{\"@id\":\"https:\/\/nck.krakow.pl\/kcc\/#organization\"},\"potentialAction\":[{\"@type\":\"SearchAction\",\"target\":{\"@type\":\"EntryPoint\",\"urlTemplate\":\"https:\/\/nck.krakow.pl\/kcc\/?s={search_term_string}\"},\"query-input\":\"required name=search_term_string\"}],\"inLanguage\":\"pl-PL\"},{\"@type\":\"Organization\",\"@id\":\"https:\/\/nck.krakow.pl\/kcc\/#organization\",\"name\":\"Krakowskie Centrum Choreograficzne\",\"url\":\"https:\/\/nck.krakow.pl\/kcc\/\",\"logo\":{\"@type\":\"ImageObject\",\"inLanguage\":\"pl-PL\",\"@id\":\"https:\/\/nck.krakow.pl\/kcc\/#\/schema\/logo\/image\/\",\"url\":\"https:\/\/nck.krakow.pl\/kcc\/wp-content\/uploads\/2020\/01\/cropped-logo-kcc-2020.png\",\"contentUrl\":\"https:\/\/nck.krakow.pl\/kcc\/wp-content\/uploads\/2020\/01\/cropped-logo-kcc-2020.png\",\"width\":116,\"height\":55,\"caption\":\"Krakowskie Centrum Choreograficzne\"},\"image\":{\"@id\":\"https:\/\/nck.krakow.pl\/kcc\/#\/schema\/logo\/image\/\"}}]}<\/script>\n<!-- \/ Yoast SEO plugin. -->","yoast_head_json":{"title":"JETZ\/TERAZ \/ Little:interference - Krakowskie Centrum Choreograficzne","robots":{"index":"index","follow":"follow","max-snippet":"max-snippet:-1","max-image-preview":"max-image-preview:large","max-video-preview":"max-video-preview:-1"},"canonical":"https:\/\/nck.krakow.pl\/kcc\/jetz-teraz\/","og_locale":"pl_PL","og_type":"article","og_title":"JETZ\/TERAZ \/ Little:interference","og_description":"koncepcja i scenariusz: Linda Sollacher, Assunta Steiner","og_url":"https:\/\/nck.krakow.pl\/kcc\/jetz-teraz\/","og_site_name":"Krakowskie Centrum Choreograficzne","article_modified_time":"2023-04-25T13:02:16+00:00","og_image":[{"width":1100,"height":733,"url":"https:\/\/nck.krakow.pl\/kcc\/wp-content\/uploads\/2020\/02\/1.G\u0141\u00d3WNE-2.jpg","type":"image\/jpeg"}],"twitter_card":"summary_large_image","twitter_misc":{"Est. reading time":"7 minut"},"schema":{"@context":"https:\/\/schema.org","@graph":[{"@type":"WebPage","@id":"https:\/\/nck.krakow.pl\/kcc\/jetz-teraz\/","url":"https:\/\/nck.krakow.pl\/kcc\/jetz-teraz\/","name":"JETZ\/TERAZ \/ Little:interference - Krakowskie Centrum Choreograficzne","isPartOf":{"@id":"https:\/\/nck.krakow.pl\/kcc\/#website"},"datePublished":"2020-02-20T12:19:52+00:00","dateModified":"2023-04-25T13:02:16+00:00","breadcrumb":{"@id":"https:\/\/nck.krakow.pl\/kcc\/jetz-teraz\/#breadcrumb"},"inLanguage":"pl-PL","potentialAction":[{"@type":"ReadAction","target":["https:\/\/nck.krakow.pl\/kcc\/jetz-teraz\/"]}]},{"@type":"BreadcrumbList","@id":"https:\/\/nck.krakow.pl\/kcc\/jetz-teraz\/#breadcrumb","itemListElement":[{"@type":"ListItem","position":1,"name":"Strona g\u0142\u00f3wna","item":"https:\/\/nck.krakow.pl\/kcc\/"},{"@type":"ListItem","position":2,"name":"JETZ\/TERAZ \/ Little:interference"}]},{"@type":"WebSite","@id":"https:\/\/nck.krakow.pl\/kcc\/#website","url":"https:\/\/nck.krakow.pl\/kcc\/","name":"Krakowskie Centrum Choreograficzne","description":"","publisher":{"@id":"https:\/\/nck.krakow.pl\/kcc\/#organization"},"potentialAction":[{"@type":"SearchAction","target":{"@type":"EntryPoint","urlTemplate":"https:\/\/nck.krakow.pl\/kcc\/?s={search_term_string}"},"query-input":"required name=search_term_string"}],"inLanguage":"pl-PL"},{"@type":"Organization","@id":"https:\/\/nck.krakow.pl\/kcc\/#organization","name":"Krakowskie Centrum Choreograficzne","url":"https:\/\/nck.krakow.pl\/kcc\/","logo":{"@type":"ImageObject","inLanguage":"pl-PL","@id":"https:\/\/nck.krakow.pl\/kcc\/#\/schema\/logo\/image\/","url":"https:\/\/nck.krakow.pl\/kcc\/wp-content\/uploads\/2020\/01\/cropped-logo-kcc-2020.png","contentUrl":"https:\/\/nck.krakow.pl\/kcc\/wp-content\/uploads\/2020\/01\/cropped-logo-kcc-2020.png","width":116,"height":55,"caption":"Krakowskie Centrum Choreograficzne"},"image":{"@id":"https:\/\/nck.krakow.pl\/kcc\/#\/schema\/logo\/image\/"}}]}},"_links":{"self":[{"href":"https:\/\/nck.krakow.pl\/kcc\/wp-json\/wp\/v2\/pages\/4437"}],"collection":[{"href":"https:\/\/nck.krakow.pl\/kcc\/wp-json\/wp\/v2\/pages"}],"about":[{"href":"https:\/\/nck.krakow.pl\/kcc\/wp-json\/wp\/v2\/types\/page"}],"author":[{"embeddable":true,"href":"https:\/\/nck.krakow.pl\/kcc\/wp-json\/wp\/v2\/users\/5"}],"replies":[{"embeddable":true,"href":"https:\/\/nck.krakow.pl\/kcc\/wp-json\/wp\/v2\/comments?post=4437"}],"version-history":[{"count":2,"href":"https:\/\/nck.krakow.pl\/kcc\/wp-json\/wp\/v2\/pages\/4437\/revisions"}],"predecessor-version":[{"id":6857,"href":"https:\/\/nck.krakow.pl\/kcc\/wp-json\/wp\/v2\/pages\/4437\/revisions\/6857"}],"wp:attachment":[{"href":"https:\/\/nck.krakow.pl\/kcc\/wp-json\/wp\/v2\/media?parent=4437"}],"curies":[{"name":"wp","href":"https:\/\/api.w.org\/{rel}","templated":true}]}}