{"id":4434,"date":"2020-02-20T12:15:42","date_gmt":"2020-02-20T12:15:42","guid":{"rendered":"https:\/\/nck.krakow.pl\/kcc\/?page_id=4434"},"modified":"2023-04-25T13:02:08","modified_gmt":"2023-04-25T13:02:08","slug":"homo-religiosus","status":"publish","type":"page","link":"https:\/\/nck.krakow.pl\/kcc\/homo-religiosus\/","title":{"rendered":"Homo religiosus \/ Karol Mi\u0119kina"},"content":{"rendered":"\n<figure class=\"wp-block-image\"><img loading=\"lazy\" decoding=\"async\" width=\"1024\" height=\"683\" src=\"https:\/\/nck.krakow.pl\/kcc\/wp-content\/uploads\/2020\/02\/1.-g\u0142\u00f3wne-2-1024x683.jpg\" alt=\"\" class=\"wp-image-4435\" srcset=\"https:\/\/nck.krakow.pl\/kcc\/wp-content\/uploads\/2020\/02\/1.-g\u0142\u00f3wne-2-1024x683.jpg 1024w, https:\/\/nck.krakow.pl\/kcc\/wp-content\/uploads\/2020\/02\/1.-g\u0142\u00f3wne-2-300x200.jpg 300w, https:\/\/nck.krakow.pl\/kcc\/wp-content\/uploads\/2020\/02\/1.-g\u0142\u00f3wne-2-768x512.jpg 768w\" sizes=\"(max-width: 1024px) 100vw, 1024px\" \/><\/figure>\n\n\n\n<div style=\"height:30px\" aria-hidden=\"true\" class=\"wp-block-spacer\"><\/div>\n\n\n\n<h1 class=\"wp-block-heading\">Homo religiosus \/ Karol Mi\u0119kina<\/h1>\n\n\n\n<div style=\"height:20px\" aria-hidden=\"true\" class=\"wp-block-spacer\"><\/div>\n\n\n\n<p><strong>choreografia:<\/strong> Karol Mi\u0119kina<br><strong>muzyka:<\/strong> Paul Tinsley <br><strong>kostiumy:<\/strong> Zofia Jakubiec <br><strong>tancerze:<\/strong> Paulina Jaksim, Katarzyna Sikora, Sandra Szatan, Dominik Olechowski, Grzegorz Pola\u0144ski, Pawe\u0142 Zaufal <br><strong>projekt plakatu:<\/strong> Jola Drozd<br><strong>premiera: <\/strong>14 listopada 2014 BalletOFFFestival prologue<\/p>\n\n\n\n<p>Spektakl powsta\u0142 w ramach programu\nrezydencyjnego w Krakowskim Centrum Choreograficznym.<\/p>\n\n\n\n<p>Cz\u0142owiek zacz\u0105\u0142 oddawa\u0107\ncze\u015b\u0107 bogom w tym samym czasie, gdy zacz\u0105\u0142 tworzy\u0107 sztuk\u0119. Podobnie jak sztuka,\nreligia zawsze by\u0142a pr\u00f3b\u0105 odnalezienia sensu i warto\u015bci \u017cycia. Poszukiwania te\np\u0142yn\u0119\u0142y i nadal p\u0142yn\u0105 z naszej \u015bwiadomo\u015bci, poczucia tego kim jeste\u015bmy i jakie\njest nasze miejsce w \u015bwiecie. Jest to jeden z czynnik\u00f3w \u015bwiadcz\u0105cych o zdobyciu\nprzez nasz rodzaj cech wyra\u017anie ludzkich. Postawa duchowa, ukierunkowana na\ndo\u015bwiadczenie sacrum towarzyszy\u0142a ludziom we wszystkich epokach. Religijno\u015b\u0107\nzatem jako istotny wymiar ludzkiego bytu, r\u00f3wnie\u017c stanowi o naszym cz\u0142owiecze\u0144stwie.\nMo\u017cna by doj\u015b\u0107 do wniosku, \u017ce homo sapiens, to zarazem homo religiosus.\nKategoria ta wyra\u017ca naturaln\u0105 t\u0119sknot\u0119 cz\u0142owieka za Bogiem. <\/p>\n\n\n\n<p>Punktem wyj\u015bciowym dla\nspektaklu jest pragnienie cz\u0142owieka zjednoczenia si\u0119 z czym\u015b wi\u0119kszym ni\u017c my\nsami. Czym\u015b poza i ponad nami, a by\u0107 mo\u017ce tak\u017ce ukrytym gdzie\u015b g\u0142\u0119boko w nas.\nInspiracj\u0105 staje si\u0119 potrzeba rodzaju ludzkiego, jak\u0105 jest wiara, kreacja\n\u015bwiata transcendentalnego oraz poszukiwanie Boga. Niew\u0105tpliwie potrzeby te\nwynikaj\u0105 z naszych l\u0119k\u00f3w towarzysz\u0105cych \u017cyciu i \u015bmierci, ch\u0119ci wyja\u015bnienia\ntajemnicy i tragedii \u017cycia. Religijno\u015b\u0107 zakodowana we wn\u0119trzu cz\u0142owieka,\ng\u0142\u0119boko wyra\u017ca jego z\u0142o\u017con\u0105 i skomplikowan\u0105 natur\u0119, przekazuje nam co\u015b wa\u017cnego\no ludzkim umy\u015ble i istocie naszych aspiracji.<\/p>\n\n\n\n<p>Realizacja projektu odby\u0142a si\u0119 w ramach\nStypendium Ministra Kultury i Dziedzictwa Narodowego \u201eM\u0142oda Polska\u201d.<\/p>\n","protected":false},"excerpt":{"rendered":"<p>Homo religiosus \/ Karol Mi\u0119kina choreografia: Karol Mi\u0119kinamuzyka: Paul Tinsley kostiumy: Zofia Jakubiec tancerze: Paulina Jaksim, Katarzyna Sikora, Sandra Szatan, Dominik Olechowski, Grzegorz Pola\u0144ski, Pawe\u0142 Zaufal projekt plakatu: Jola Drozdpremiera: 14 listopada 2014 BalletOFFFestival prologue Spektakl powsta\u0142 w ramach programu rezydencyjnego w Krakowskim Centrum Choreograficznym. Cz\u0142owiek zacz\u0105\u0142 oddawa\u0107 cze\u015b\u0107 bogom w tym samym czasie, gdy [&hellip;]<\/p>\n","protected":false},"author":5,"featured_media":0,"parent":0,"menu_order":0,"comment_status":"closed","ping_status":"closed","template":"","meta":{"footnotes":""},"class_list":["post-4434","page","type-page","status-publish","hentry"],"yoast_head":"<!-- This site is optimized with the Yoast SEO plugin v19.12 - https:\/\/yoast.com\/wordpress\/plugins\/seo\/ -->\n<title>Homo religiosus \/ Karol Mi\u0119kina - Krakowskie Centrum Choreograficzne<\/title>\n<meta name=\"robots\" content=\"index, follow, max-snippet:-1, max-image-preview:large, max-video-preview:-1\" \/>\n<link rel=\"canonical\" href=\"https:\/\/nck.krakow.pl\/kcc\/homo-religiosus\/\" \/>\n<meta property=\"og:locale\" content=\"pl_PL\" \/>\n<meta property=\"og:type\" content=\"article\" \/>\n<meta property=\"og:title\" content=\"Homo religiosus \/ Karol Mi\u0119kina\" \/>\n<meta property=\"og:description\" content=\"Spektakl powsta\u0142 w ramach programu rezydencyjnego w Krakowskim Centrum Choreograficznym.\" \/>\n<meta property=\"og:url\" content=\"https:\/\/nck.krakow.pl\/kcc\/homo-religiosus\/\" \/>\n<meta property=\"og:site_name\" content=\"Krakowskie Centrum Choreograficzne\" \/>\n<meta property=\"article:modified_time\" content=\"2023-04-25T13:02:08+00:00\" \/>\n<meta property=\"og:image\" content=\"https:\/\/nck.krakow.pl\/kcc\/wp-content\/uploads\/2020\/02\/1.-g\u0142\u00f3wne-2.jpg\" \/>\n\t<meta property=\"og:image:width\" content=\"3543\" \/>\n\t<meta property=\"og:image:height\" content=\"2362\" \/>\n\t<meta property=\"og:image:type\" content=\"image\/jpeg\" \/>\n<meta name=\"twitter:card\" content=\"summary_large_image\" \/>\n<meta name=\"twitter:label1\" content=\"Est. reading time\" \/>\n\t<meta name=\"twitter:data1\" content=\"2 minuty\" \/>\n<script type=\"application\/ld+json\" class=\"yoast-schema-graph\">{\"@context\":\"https:\/\/schema.org\",\"@graph\":[{\"@type\":\"WebPage\",\"@id\":\"https:\/\/nck.krakow.pl\/kcc\/homo-religiosus\/\",\"url\":\"https:\/\/nck.krakow.pl\/kcc\/homo-religiosus\/\",\"name\":\"Homo religiosus \/ Karol Mi\u0119kina - Krakowskie Centrum Choreograficzne\",\"isPartOf\":{\"@id\":\"https:\/\/nck.krakow.pl\/kcc\/#website\"},\"datePublished\":\"2020-02-20T12:15:42+00:00\",\"dateModified\":\"2023-04-25T13:02:08+00:00\",\"breadcrumb\":{\"@id\":\"https:\/\/nck.krakow.pl\/kcc\/homo-religiosus\/#breadcrumb\"},\"inLanguage\":\"pl-PL\",\"potentialAction\":[{\"@type\":\"ReadAction\",\"target\":[\"https:\/\/nck.krakow.pl\/kcc\/homo-religiosus\/\"]}]},{\"@type\":\"BreadcrumbList\",\"@id\":\"https:\/\/nck.krakow.pl\/kcc\/homo-religiosus\/#breadcrumb\",\"itemListElement\":[{\"@type\":\"ListItem\",\"position\":1,\"name\":\"Strona g\u0142\u00f3wna\",\"item\":\"https:\/\/nck.krakow.pl\/kcc\/\"},{\"@type\":\"ListItem\",\"position\":2,\"name\":\"Homo religiosus \/ Karol Mi\u0119kina\"}]},{\"@type\":\"WebSite\",\"@id\":\"https:\/\/nck.krakow.pl\/kcc\/#website\",\"url\":\"https:\/\/nck.krakow.pl\/kcc\/\",\"name\":\"Krakowskie Centrum Choreograficzne\",\"description\":\"\",\"publisher\":{\"@id\":\"https:\/\/nck.krakow.pl\/kcc\/#organization\"},\"potentialAction\":[{\"@type\":\"SearchAction\",\"target\":{\"@type\":\"EntryPoint\",\"urlTemplate\":\"https:\/\/nck.krakow.pl\/kcc\/?s={search_term_string}\"},\"query-input\":\"required name=search_term_string\"}],\"inLanguage\":\"pl-PL\"},{\"@type\":\"Organization\",\"@id\":\"https:\/\/nck.krakow.pl\/kcc\/#organization\",\"name\":\"Krakowskie Centrum Choreograficzne\",\"url\":\"https:\/\/nck.krakow.pl\/kcc\/\",\"logo\":{\"@type\":\"ImageObject\",\"inLanguage\":\"pl-PL\",\"@id\":\"https:\/\/nck.krakow.pl\/kcc\/#\/schema\/logo\/image\/\",\"url\":\"https:\/\/nck.krakow.pl\/kcc\/wp-content\/uploads\/2020\/01\/cropped-logo-kcc-2020.png\",\"contentUrl\":\"https:\/\/nck.krakow.pl\/kcc\/wp-content\/uploads\/2020\/01\/cropped-logo-kcc-2020.png\",\"width\":116,\"height\":55,\"caption\":\"Krakowskie Centrum Choreograficzne\"},\"image\":{\"@id\":\"https:\/\/nck.krakow.pl\/kcc\/#\/schema\/logo\/image\/\"}}]}<\/script>\n<!-- \/ Yoast SEO plugin. -->","yoast_head_json":{"title":"Homo religiosus \/ Karol Mi\u0119kina - Krakowskie Centrum Choreograficzne","robots":{"index":"index","follow":"follow","max-snippet":"max-snippet:-1","max-image-preview":"max-image-preview:large","max-video-preview":"max-video-preview:-1"},"canonical":"https:\/\/nck.krakow.pl\/kcc\/homo-religiosus\/","og_locale":"pl_PL","og_type":"article","og_title":"Homo religiosus \/ Karol Mi\u0119kina","og_description":"Spektakl powsta\u0142 w ramach programu rezydencyjnego w Krakowskim Centrum Choreograficznym.","og_url":"https:\/\/nck.krakow.pl\/kcc\/homo-religiosus\/","og_site_name":"Krakowskie Centrum Choreograficzne","article_modified_time":"2023-04-25T13:02:08+00:00","og_image":[{"width":3543,"height":2362,"url":"https:\/\/nck.krakow.pl\/kcc\/wp-content\/uploads\/2020\/02\/1.-g\u0142\u00f3wne-2.jpg","type":"image\/jpeg"}],"twitter_card":"summary_large_image","twitter_misc":{"Est. reading time":"2 minuty"},"schema":{"@context":"https:\/\/schema.org","@graph":[{"@type":"WebPage","@id":"https:\/\/nck.krakow.pl\/kcc\/homo-religiosus\/","url":"https:\/\/nck.krakow.pl\/kcc\/homo-religiosus\/","name":"Homo religiosus \/ Karol Mi\u0119kina - Krakowskie Centrum Choreograficzne","isPartOf":{"@id":"https:\/\/nck.krakow.pl\/kcc\/#website"},"datePublished":"2020-02-20T12:15:42+00:00","dateModified":"2023-04-25T13:02:08+00:00","breadcrumb":{"@id":"https:\/\/nck.krakow.pl\/kcc\/homo-religiosus\/#breadcrumb"},"inLanguage":"pl-PL","potentialAction":[{"@type":"ReadAction","target":["https:\/\/nck.krakow.pl\/kcc\/homo-religiosus\/"]}]},{"@type":"BreadcrumbList","@id":"https:\/\/nck.krakow.pl\/kcc\/homo-religiosus\/#breadcrumb","itemListElement":[{"@type":"ListItem","position":1,"name":"Strona g\u0142\u00f3wna","item":"https:\/\/nck.krakow.pl\/kcc\/"},{"@type":"ListItem","position":2,"name":"Homo religiosus \/ Karol Mi\u0119kina"}]},{"@type":"WebSite","@id":"https:\/\/nck.krakow.pl\/kcc\/#website","url":"https:\/\/nck.krakow.pl\/kcc\/","name":"Krakowskie Centrum Choreograficzne","description":"","publisher":{"@id":"https:\/\/nck.krakow.pl\/kcc\/#organization"},"potentialAction":[{"@type":"SearchAction","target":{"@type":"EntryPoint","urlTemplate":"https:\/\/nck.krakow.pl\/kcc\/?s={search_term_string}"},"query-input":"required name=search_term_string"}],"inLanguage":"pl-PL"},{"@type":"Organization","@id":"https:\/\/nck.krakow.pl\/kcc\/#organization","name":"Krakowskie Centrum Choreograficzne","url":"https:\/\/nck.krakow.pl\/kcc\/","logo":{"@type":"ImageObject","inLanguage":"pl-PL","@id":"https:\/\/nck.krakow.pl\/kcc\/#\/schema\/logo\/image\/","url":"https:\/\/nck.krakow.pl\/kcc\/wp-content\/uploads\/2020\/01\/cropped-logo-kcc-2020.png","contentUrl":"https:\/\/nck.krakow.pl\/kcc\/wp-content\/uploads\/2020\/01\/cropped-logo-kcc-2020.png","width":116,"height":55,"caption":"Krakowskie Centrum Choreograficzne"},"image":{"@id":"https:\/\/nck.krakow.pl\/kcc\/#\/schema\/logo\/image\/"}}]}},"_links":{"self":[{"href":"https:\/\/nck.krakow.pl\/kcc\/wp-json\/wp\/v2\/pages\/4434"}],"collection":[{"href":"https:\/\/nck.krakow.pl\/kcc\/wp-json\/wp\/v2\/pages"}],"about":[{"href":"https:\/\/nck.krakow.pl\/kcc\/wp-json\/wp\/v2\/types\/page"}],"author":[{"embeddable":true,"href":"https:\/\/nck.krakow.pl\/kcc\/wp-json\/wp\/v2\/users\/5"}],"replies":[{"embeddable":true,"href":"https:\/\/nck.krakow.pl\/kcc\/wp-json\/wp\/v2\/comments?post=4434"}],"version-history":[{"count":2,"href":"https:\/\/nck.krakow.pl\/kcc\/wp-json\/wp\/v2\/pages\/4434\/revisions"}],"predecessor-version":[{"id":6856,"href":"https:\/\/nck.krakow.pl\/kcc\/wp-json\/wp\/v2\/pages\/4434\/revisions\/6856"}],"wp:attachment":[{"href":"https:\/\/nck.krakow.pl\/kcc\/wp-json\/wp\/v2\/media?parent=4434"}],"curies":[{"name":"wp","href":"https:\/\/api.w.org\/{rel}","templated":true}]}}