{"id":4431,"date":"2020-02-20T12:12:35","date_gmt":"2020-02-20T12:12:35","guid":{"rendered":"https:\/\/nck.krakow.pl\/kcc\/?page_id=4431"},"modified":"2023-04-25T13:01:48","modified_gmt":"2023-04-25T13:01:48","slug":"nautilus","status":"publish","type":"page","link":"https:\/\/nck.krakow.pl\/kcc\/nautilus\/","title":{"rendered":"Nautilus \/ Kim Sokolowski"},"content":{"rendered":"\n<figure class=\"wp-block-image\"><img loading=\"lazy\" decoding=\"async\" width=\"1024\" height=\"683\" src=\"https:\/\/nck.krakow.pl\/kcc\/wp-content\/uploads\/2020\/02\/1g\u0142\u00f3wnaNAUTILUS-RS-02-1024x683.jpg\" alt=\"\" class=\"wp-image-4432\" srcset=\"https:\/\/nck.krakow.pl\/kcc\/wp-content\/uploads\/2020\/02\/1g\u0142\u00f3wnaNAUTILUS-RS-02-1024x683.jpg 1024w, https:\/\/nck.krakow.pl\/kcc\/wp-content\/uploads\/2020\/02\/1g\u0142\u00f3wnaNAUTILUS-RS-02-300x200.jpg 300w, https:\/\/nck.krakow.pl\/kcc\/wp-content\/uploads\/2020\/02\/1g\u0142\u00f3wnaNAUTILUS-RS-02-768x512.jpg 768w\" sizes=\"(max-width: 1024px) 100vw, 1024px\" \/><\/figure>\n\n\n\n<div style=\"height:30px\" aria-hidden=\"true\" class=\"wp-block-spacer\"><\/div>\n\n\n\n<h1 class=\"wp-block-heading\">Nautilus \/ Kim Sokolowski<\/h1>\n\n\n\n<div style=\"height:20px\" aria-hidden=\"true\" class=\"wp-block-spacer\"><\/div>\n\n\n\n<p><strong>choreografia:<\/strong> Kim Soko\u0142owski<br><strong>wykonawcy:<\/strong> Zuzanna Kasprzyk, Daniela Kom\u0119dera, Anna Kosiorowska, Katarzyna Sikora<br><strong>re\u017cyseria \u015bwiate\u0142:<\/strong> Artur Oczkowski<br><strong>producent:<\/strong> Nowohuckie Centrum Kultury \u2013 Krakowskie Centrum Choreograficzne<br><strong>premiera: <\/strong>15 listopada 2015 BalletOFFFestival<br><strong>czas trwania:<\/strong> 25 minut<\/p>\n\n\n\n<p>Spektakl powsta\u0142 w ramach programu\nrezydencyjnego w Krakowskim Centrum Choreograficznym.<\/p>\n\n\n\n<p>W spektaklu\nNautilus obraz ton\u0105cego statku zosta\u0142 u\u017cyty jako metafora do\u015bwiadczenia\nprowadz\u0105cego do kompletnego wyczerpania. Jest to refleksja na temat walki i\nprzetrwania. W trakcie procesu tw\u00f3rczego arty\u015bci rozwa\u017cali, co dzieje si\u0119 z\ncz\u0142owiekiem, kiedy do\u015bwiadcza katastrofy. Poszukiwali sytuacji ruchowych, kt\u00f3re\npozwalaj\u0105 odegra\u0107 stan \u201erozbitka\u201d poprzez fizyczno\u015b\u0107 i emocjonalno\u015b\u0107.\nAnalizowali fizyczne reakcje cia\u0142a takie, jak bezdech, panika i utrata\norientacji. Interesowa\u0142o ich, co oznacza do\u015bwiadczenie granic w\u0142asnej\nwytrzyma\u0142o\u015bci, co dzieje si\u0119, kiedy cz\u0142owiekowi brakuje powietrza.<\/p>\n\n\n\n<blockquote class=\"wp-block-quote is-layout-flow wp-block-quote-is-layout-flow\">\n<p><em>\u201eKa\u017cdy cz\u0142owiek zu\u017cywa w ci\u0105gu jednej godziny tlen zawarty w stu litrach powietrza; zatem w ci\u0105gu dwudziestu czterech godzin potrzeba mu tlenu z dw\u00f3ch tysi\u0119cy czterystu litr\u00f3w powietrza. W Nautilusie znajduje si\u0119 milion pi\u0119\u0107set tysi\u0119cy litr\u00f3w powietrza, co podzielone przez dwa tysi\u0105ce czterysta\u2026 wynosi sze\u015b\u0107set dwadzie\u015bcia pi\u0119\u0107. Powietrze Nautilusa mog\u0142oby zatem wystarczy\u0107 przez dwadzie\u015bcia cztery godziny dla sze\u015bciuset dwudziestu pi\u0119ciu ludzi.\u201d<\/em><br>Jules Verne, 20 000 mil podmorskiej \u017ceglugi, t\u0142. Boles\u0142aw Kielski<\/p>\n<\/blockquote>\n\n\n\n<p><strong>Kim Sokolowski<\/strong> uko\u0144czy\u0142 Folkwang Hochschule w Essen, gdzie otrzyma\u0142 dyplom tancerza w 2007 roku. Od 2007 roku by\u0142 cz\u0142onkiem Folkwang Tanzstudio (FTS) pod kierownictwem Henrietty Horn i Piny Bausch, Rodolfo Leoni. Od 2009 jako freelancer wsp\u00f3\u0142pracowa\u0142 mi\u0119dzy innymi z: Theater der Klaenge, Fatima Gomes, Chikako Kaido, Mark Sieczkarek, Ben J. Riepe. Jako performer pracowa\u0142 w ramach Ruhrtrienalle Essen 2012 oraz w Art Basel in 2014 w performance Jennifer Allora and Guillermo Calzadilla. Od 2015 roku Kim wsp\u00f3\u0142pracuje z Ann\u0105 Kosiorowsk\u0105 przy spektaklach Twarze Medei, Jos jedan vrt zemaljskih radosti. Od 2010 zacz\u0105\u0142 realizowa\u0107 w\u0142asne pomys\u0142y choreograficzne we wsp\u00f3\u0142pracy z Elena Kofina, Daura Hernandez Garcia i Ann\u0105 Kosiorowsk\u0105.<\/p>\n\n\n\n<p><strong>Anna Kosiorowska<\/strong> uko\u0144czy\u0142a Wydzia\u0142 Teatru Ta\u0144ca w Bytomiu Pa\u0144stwowej Wy\u017cszej Szko\u0142y Teatralnej w Krakowie w 2013 roku. Jako choreografka zrealizowa\u0142a spektakl Twarze Medei w Bytomskim Centrum Kultury ramach stypendium z Funduszu Promocji Tw\u00f3rczo\u015bci ufundowane przez Ministra Kultury i Dziedzictwa Narodowego w 2014 roku, w 2015 roku przez trzy miesi\u0105ce wsp\u00f3\u0142pracowa\u0142a z Sarajewskim Teatrem Wojennym w realizacji projektu Sarajevo Mind Map, kt\u00f3ry zako\u0144czy\u0142 si\u0119 realizacj\u0105 spektaklu Jos jedan vrt zemaljskih radosti \/ Jeszcze jeden ogr\u00f3d rozkoszy ziemskich. Jako performerka wzi\u0119\u0142a udzia\u0142 m. in. w rekonstrukcji performance Mariny Abramovi\u0107 i Joan Jonas w ramach Ruhrtriennale 2012 w Essen, spektaklu dyplomowym Swan Lake w choreografii Idana Cohena, spektaklu Macieja Beczka Ex Ego w Operze Kameralnej w Warszawie, od 2014 roku jako tancerka i choreografka wsp\u00f3\u0142pracuje z Kimem Sokolowskim w realizacji autorskich projekt\u00f3w.<\/p>\n","protected":false},"excerpt":{"rendered":"<p>Nautilus \/ Kim Sokolowski choreografia: Kim Soko\u0142owskiwykonawcy: Zuzanna Kasprzyk, Daniela Kom\u0119dera, Anna Kosiorowska, Katarzyna Sikorare\u017cyseria \u015bwiate\u0142: Artur Oczkowskiproducent: Nowohuckie Centrum Kultury \u2013 Krakowskie Centrum Choreograficznepremiera: 15 listopada 2015 BalletOFFFestivalczas trwania: 25 minut Spektakl powsta\u0142 w ramach programu rezydencyjnego w Krakowskim Centrum Choreograficznym. W spektaklu Nautilus obraz ton\u0105cego statku zosta\u0142 u\u017cyty jako metafora do\u015bwiadczenia prowadz\u0105cego do [&hellip;]<\/p>\n","protected":false},"author":5,"featured_media":0,"parent":0,"menu_order":0,"comment_status":"closed","ping_status":"closed","template":"","meta":{"footnotes":""},"class_list":["post-4431","page","type-page","status-publish","hentry"],"yoast_head":"<!-- This site is optimized with the Yoast SEO plugin v19.12 - https:\/\/yoast.com\/wordpress\/plugins\/seo\/ -->\n<title>Nautilus \/ Kim Sokolowski - Krakowskie Centrum Choreograficzne<\/title>\n<meta name=\"robots\" content=\"index, follow, max-snippet:-1, max-image-preview:large, max-video-preview:-1\" \/>\n<link rel=\"canonical\" href=\"https:\/\/nck.krakow.pl\/kcc\/nautilus\/\" \/>\n<meta property=\"og:locale\" content=\"pl_PL\" \/>\n<meta property=\"og:type\" content=\"article\" \/>\n<meta property=\"og:title\" content=\"Nautilus \/ Kim Sokolowski\" \/>\n<meta property=\"og:description\" content=\"wykonawcy: Zuzanna Kasprzyk, Daniela Kom\u0119dera, Anna Kosiorowska, Katarzyna Sikora\" \/>\n<meta property=\"og:url\" content=\"https:\/\/nck.krakow.pl\/kcc\/nautilus\/\" \/>\n<meta property=\"og:site_name\" content=\"Krakowskie Centrum Choreograficzne\" \/>\n<meta property=\"article:modified_time\" content=\"2023-04-25T13:01:48+00:00\" \/>\n<meta property=\"og:image\" content=\"https:\/\/nck.krakow.pl\/kcc\/wp-content\/uploads\/2020\/02\/1g\u0142\u00f3wnaNAUTILUS-RS-02-1024x683.jpg\" \/>\n\t<meta property=\"og:image:width\" content=\"1024\" \/>\n\t<meta property=\"og:image:height\" content=\"683\" \/>\n\t<meta property=\"og:image:type\" content=\"image\/jpeg\" \/>\n<meta name=\"twitter:card\" content=\"summary_large_image\" \/>\n<meta name=\"twitter:label1\" content=\"Est. reading time\" \/>\n\t<meta name=\"twitter:data1\" content=\"3 minuty\" \/>\n<script type=\"application\/ld+json\" class=\"yoast-schema-graph\">{\"@context\":\"https:\/\/schema.org\",\"@graph\":[{\"@type\":\"WebPage\",\"@id\":\"https:\/\/nck.krakow.pl\/kcc\/nautilus\/\",\"url\":\"https:\/\/nck.krakow.pl\/kcc\/nautilus\/\",\"name\":\"Nautilus \/ Kim Sokolowski - Krakowskie Centrum Choreograficzne\",\"isPartOf\":{\"@id\":\"https:\/\/nck.krakow.pl\/kcc\/#website\"},\"datePublished\":\"2020-02-20T12:12:35+00:00\",\"dateModified\":\"2023-04-25T13:01:48+00:00\",\"breadcrumb\":{\"@id\":\"https:\/\/nck.krakow.pl\/kcc\/nautilus\/#breadcrumb\"},\"inLanguage\":\"pl-PL\",\"potentialAction\":[{\"@type\":\"ReadAction\",\"target\":[\"https:\/\/nck.krakow.pl\/kcc\/nautilus\/\"]}]},{\"@type\":\"BreadcrumbList\",\"@id\":\"https:\/\/nck.krakow.pl\/kcc\/nautilus\/#breadcrumb\",\"itemListElement\":[{\"@type\":\"ListItem\",\"position\":1,\"name\":\"Strona g\u0142\u00f3wna\",\"item\":\"https:\/\/nck.krakow.pl\/kcc\/\"},{\"@type\":\"ListItem\",\"position\":2,\"name\":\"Nautilus \/ Kim Sokolowski\"}]},{\"@type\":\"WebSite\",\"@id\":\"https:\/\/nck.krakow.pl\/kcc\/#website\",\"url\":\"https:\/\/nck.krakow.pl\/kcc\/\",\"name\":\"Krakowskie Centrum Choreograficzne\",\"description\":\"\",\"publisher\":{\"@id\":\"https:\/\/nck.krakow.pl\/kcc\/#organization\"},\"potentialAction\":[{\"@type\":\"SearchAction\",\"target\":{\"@type\":\"EntryPoint\",\"urlTemplate\":\"https:\/\/nck.krakow.pl\/kcc\/?s={search_term_string}\"},\"query-input\":\"required name=search_term_string\"}],\"inLanguage\":\"pl-PL\"},{\"@type\":\"Organization\",\"@id\":\"https:\/\/nck.krakow.pl\/kcc\/#organization\",\"name\":\"Krakowskie Centrum Choreograficzne\",\"url\":\"https:\/\/nck.krakow.pl\/kcc\/\",\"logo\":{\"@type\":\"ImageObject\",\"inLanguage\":\"pl-PL\",\"@id\":\"https:\/\/nck.krakow.pl\/kcc\/#\/schema\/logo\/image\/\",\"url\":\"https:\/\/nck.krakow.pl\/kcc\/wp-content\/uploads\/2020\/01\/cropped-logo-kcc-2020.png\",\"contentUrl\":\"https:\/\/nck.krakow.pl\/kcc\/wp-content\/uploads\/2020\/01\/cropped-logo-kcc-2020.png\",\"width\":116,\"height\":55,\"caption\":\"Krakowskie Centrum Choreograficzne\"},\"image\":{\"@id\":\"https:\/\/nck.krakow.pl\/kcc\/#\/schema\/logo\/image\/\"}}]}<\/script>\n<!-- \/ Yoast SEO plugin. -->","yoast_head_json":{"title":"Nautilus \/ Kim Sokolowski - Krakowskie Centrum Choreograficzne","robots":{"index":"index","follow":"follow","max-snippet":"max-snippet:-1","max-image-preview":"max-image-preview:large","max-video-preview":"max-video-preview:-1"},"canonical":"https:\/\/nck.krakow.pl\/kcc\/nautilus\/","og_locale":"pl_PL","og_type":"article","og_title":"Nautilus \/ Kim Sokolowski","og_description":"wykonawcy: Zuzanna Kasprzyk, Daniela Kom\u0119dera, Anna Kosiorowska, Katarzyna Sikora","og_url":"https:\/\/nck.krakow.pl\/kcc\/nautilus\/","og_site_name":"Krakowskie Centrum Choreograficzne","article_modified_time":"2023-04-25T13:01:48+00:00","og_image":[{"width":1024,"height":683,"url":"https:\/\/nck.krakow.pl\/kcc\/wp-content\/uploads\/2020\/02\/1g\u0142\u00f3wnaNAUTILUS-RS-02-1024x683.jpg","type":"image\/jpeg"}],"twitter_card":"summary_large_image","twitter_misc":{"Est. reading time":"3 minuty"},"schema":{"@context":"https:\/\/schema.org","@graph":[{"@type":"WebPage","@id":"https:\/\/nck.krakow.pl\/kcc\/nautilus\/","url":"https:\/\/nck.krakow.pl\/kcc\/nautilus\/","name":"Nautilus \/ Kim Sokolowski - Krakowskie Centrum Choreograficzne","isPartOf":{"@id":"https:\/\/nck.krakow.pl\/kcc\/#website"},"datePublished":"2020-02-20T12:12:35+00:00","dateModified":"2023-04-25T13:01:48+00:00","breadcrumb":{"@id":"https:\/\/nck.krakow.pl\/kcc\/nautilus\/#breadcrumb"},"inLanguage":"pl-PL","potentialAction":[{"@type":"ReadAction","target":["https:\/\/nck.krakow.pl\/kcc\/nautilus\/"]}]},{"@type":"BreadcrumbList","@id":"https:\/\/nck.krakow.pl\/kcc\/nautilus\/#breadcrumb","itemListElement":[{"@type":"ListItem","position":1,"name":"Strona g\u0142\u00f3wna","item":"https:\/\/nck.krakow.pl\/kcc\/"},{"@type":"ListItem","position":2,"name":"Nautilus \/ Kim Sokolowski"}]},{"@type":"WebSite","@id":"https:\/\/nck.krakow.pl\/kcc\/#website","url":"https:\/\/nck.krakow.pl\/kcc\/","name":"Krakowskie Centrum Choreograficzne","description":"","publisher":{"@id":"https:\/\/nck.krakow.pl\/kcc\/#organization"},"potentialAction":[{"@type":"SearchAction","target":{"@type":"EntryPoint","urlTemplate":"https:\/\/nck.krakow.pl\/kcc\/?s={search_term_string}"},"query-input":"required name=search_term_string"}],"inLanguage":"pl-PL"},{"@type":"Organization","@id":"https:\/\/nck.krakow.pl\/kcc\/#organization","name":"Krakowskie Centrum Choreograficzne","url":"https:\/\/nck.krakow.pl\/kcc\/","logo":{"@type":"ImageObject","inLanguage":"pl-PL","@id":"https:\/\/nck.krakow.pl\/kcc\/#\/schema\/logo\/image\/","url":"https:\/\/nck.krakow.pl\/kcc\/wp-content\/uploads\/2020\/01\/cropped-logo-kcc-2020.png","contentUrl":"https:\/\/nck.krakow.pl\/kcc\/wp-content\/uploads\/2020\/01\/cropped-logo-kcc-2020.png","width":116,"height":55,"caption":"Krakowskie Centrum Choreograficzne"},"image":{"@id":"https:\/\/nck.krakow.pl\/kcc\/#\/schema\/logo\/image\/"}}]}},"_links":{"self":[{"href":"https:\/\/nck.krakow.pl\/kcc\/wp-json\/wp\/v2\/pages\/4431"}],"collection":[{"href":"https:\/\/nck.krakow.pl\/kcc\/wp-json\/wp\/v2\/pages"}],"about":[{"href":"https:\/\/nck.krakow.pl\/kcc\/wp-json\/wp\/v2\/types\/page"}],"author":[{"embeddable":true,"href":"https:\/\/nck.krakow.pl\/kcc\/wp-json\/wp\/v2\/users\/5"}],"replies":[{"embeddable":true,"href":"https:\/\/nck.krakow.pl\/kcc\/wp-json\/wp\/v2\/comments?post=4431"}],"version-history":[{"count":2,"href":"https:\/\/nck.krakow.pl\/kcc\/wp-json\/wp\/v2\/pages\/4431\/revisions"}],"predecessor-version":[{"id":6855,"href":"https:\/\/nck.krakow.pl\/kcc\/wp-json\/wp\/v2\/pages\/4431\/revisions\/6855"}],"wp:attachment":[{"href":"https:\/\/nck.krakow.pl\/kcc\/wp-json\/wp\/v2\/media?parent=4431"}],"curies":[{"name":"wp","href":"https:\/\/api.w.org\/{rel}","templated":true}]}}