{"id":4428,"date":"2020-02-20T12:09:52","date_gmt":"2020-02-20T12:09:52","guid":{"rendered":"https:\/\/nck.krakow.pl\/kcc\/?page_id=4428"},"modified":"2023-04-25T13:01:39","modified_gmt":"2023-04-25T13:01:39","slug":"where-the-dogs-take-us","status":"publish","type":"page","link":"https:\/\/nck.krakow.pl\/kcc\/where-the-dogs-take-us\/","title":{"rendered":"Where the dogs take us \/ Justyna Kalbarczyk, Viktor Braun, Patryk Kra\u015bniewski"},"content":{"rendered":"\n<figure class=\"wp-block-image\"><img loading=\"lazy\" decoding=\"async\" width=\"1024\" height=\"651\" src=\"https:\/\/nck.krakow.pl\/kcc\/wp-content\/uploads\/2020\/02\/1g\u0142\u00f3wnaWHERE-THE-DOGS-RS-05-1024x651.jpg\" alt=\"\" class=\"wp-image-4429\" srcset=\"https:\/\/nck.krakow.pl\/kcc\/wp-content\/uploads\/2020\/02\/1g\u0142\u00f3wnaWHERE-THE-DOGS-RS-05-1024x651.jpg 1024w, https:\/\/nck.krakow.pl\/kcc\/wp-content\/uploads\/2020\/02\/1g\u0142\u00f3wnaWHERE-THE-DOGS-RS-05-300x191.jpg 300w, https:\/\/nck.krakow.pl\/kcc\/wp-content\/uploads\/2020\/02\/1g\u0142\u00f3wnaWHERE-THE-DOGS-RS-05-768x488.jpg 768w\" sizes=\"(max-width: 1024px) 100vw, 1024px\" \/><\/figure>\n\n\n\n<div style=\"height:30px\" aria-hidden=\"true\" class=\"wp-block-spacer\"><\/div>\n\n\n\n<h1 class=\"wp-block-heading\">Where the dogs take us \/ Justyna Kalbarczyk, Viktor Braun,\nPatryk Kra\u015bniewski<\/h1>\n\n\n\n<div style=\"height:20px\" aria-hidden=\"true\" class=\"wp-block-spacer\"><\/div>\n\n\n\n<p><strong>choreografia:<\/strong> Justyna Kalbarczyk, Viktor Braun<br><strong>muzyka:<\/strong> Patryk Kra\u015bniewski<br><strong>re\u017cyseria \u015bwiate\u0142: <\/strong>Artur Oczkowski<br><strong>producent:<\/strong> Nowohuckie Centrum Kultury \u2013 Krakowskie Centrum Choreograficznego<br><strong>premiera: <\/strong>15 listopada 2015 BalletOFFFestival<br><strong>czas trwania: <\/strong>25 minut<\/p>\n\n\n\n<p>Spektakl powsta\u0142 w ramach programu\nrezydencyjnego w Krakowskim Centrum Choreograficznym.<\/p>\n\n\n\n<p><em>When was the last time you did something for the first time?<\/em><br><em>like stepping into the new land;<\/em><br><em>feeling the joy and freedom,<\/em><br><em>no commitments<\/em><br><em>fear<\/em><br><em>aroused like a child<\/em><br><em>be ready<\/em><br><em>because you are here,<\/em><br><em>now<\/em><\/p>\n\n\n\n<p><strong>Justyna Kalbarczyk<\/strong> jest tancerk\u0105 zwi\u0105zan\u0105 g\u0142\u00f3wnie ze scen\u0105 w Berlinie. Uko\u0144czy\u0142a studia z wyr\u00f3\u017cnieniem w Nothern School of Contemporary Dance w Leeds. W 2013 r. zdoby\u0142a 1 nagrod\u0119 i nagrod\u0119 publiczno\u015bci podczas konkursu Das Beste Deutsche Tanz Solo w Lipsku za uk\u0142ad BIM BAM BUM w choreografii Bridie Gane. Justyna bra\u0142a udzia\u0142 w festiwalach Lucky Trimmer#20 w Berlinie, Black Box Festival w Bu\u0142garii. Jej autorskie solo How similar I am to your grandma zosta\u0142o zaprezentowane podczas fina\u0142u konkursu SoloDuo na W\u0119grzech. W Berlinie jest zwi\u0105zana z The Unemployment Production i dyrektorem filmowym Alicj\u0105 Hoppel oraz kolektywem One: Third, kt\u00f3rego spektakl Fate of the Galaxies otrzyma\u0142a nagrod\u0119 podczas 100 Grad Festival 2015 w Berlinie.<\/p>\n\n\n\n<p><strong>Viktor Braun<\/strong> rozpocz\u0105\u0142 swoj\u0105 karier\u0119 taneczn\u0105 ze street dance i Youth Dance Centre w Bremen. Uko\u0144czy\u0142 studia w Contemporary Dance School w Hamburgu. Przez 2 lata pracowa\u0142 przy projekcie Hamburg Dance Kiosk z choreografk\u0105 Filine Volkman. Od 3 lat interesuje si\u0119 prac\u0105 Juliena Hamiltona, oraz jego nauk\u0105 w dziedzinie improwizacji i kompozycji. Obecnie pracuje z May\u0105 Carroll nad now\u0105 produkcj\u0105 Eyes on Mars, kt\u00f3rej premiera odb\u0119dzie si\u0119 w listopadzie 2015 w Berlinie. Patryk Kra\u015bniewski \u2013 absolwent Akademii Muzycznej we Wroc\u0142awiu na wydziale jazzu. Laureat wielu mi\u0119dzynarodowych konkurs\u00f3w pianistycznych, m.in w Pary\u017cu (nagroda specjalna) Neapol (III miejsce) czy te\u017c wyr\u00f3\u017cnienie na konkursie jazzowym w Bukareszcie. Od 5 lat zwi\u0105zany z zespo\u0142em Vavamuffin z kt\u00f3rym koncertuje po ca\u0142ym \u015bwiecie. W tym roku wyda\u0142 debiutancki album jazzowy less is bless w ramach wygranej na konkursie organizowanym przez Instytut Muzyki i Ta\u0144ca. <\/p>\n","protected":false},"excerpt":{"rendered":"<p>Where the dogs take us \/ Justyna Kalbarczyk, Viktor Braun, Patryk Kra\u015bniewski choreografia: Justyna Kalbarczyk, Viktor Braunmuzyka: Patryk Kra\u015bniewskire\u017cyseria \u015bwiate\u0142: Artur Oczkowskiproducent: Nowohuckie Centrum Kultury \u2013 Krakowskie Centrum Choreograficznegopremiera: 15 listopada 2015 BalletOFFFestivalczas trwania: 25 minut Spektakl powsta\u0142 w ramach programu rezydencyjnego w Krakowskim Centrum Choreograficznym. When was the last time you did something for [&hellip;]<\/p>\n","protected":false},"author":5,"featured_media":0,"parent":0,"menu_order":0,"comment_status":"closed","ping_status":"closed","template":"","meta":{"footnotes":""},"class_list":["post-4428","page","type-page","status-publish","hentry"],"yoast_head":"<!-- This site is optimized with the Yoast SEO plugin v19.12 - https:\/\/yoast.com\/wordpress\/plugins\/seo\/ -->\n<title>Where the dogs take us \/ Justyna Kalbarczyk, Viktor Braun, Patryk Kra\u015bniewski - Krakowskie Centrum Choreograficzne<\/title>\n<meta name=\"robots\" content=\"index, follow, max-snippet:-1, max-image-preview:large, max-video-preview:-1\" \/>\n<link rel=\"canonical\" href=\"https:\/\/nck.krakow.pl\/kcc\/where-the-dogs-take-us\/\" \/>\n<meta property=\"og:locale\" content=\"pl_PL\" \/>\n<meta property=\"og:type\" content=\"article\" \/>\n<meta property=\"og:title\" content=\"Where the dogs take us \/ Justyna Kalbarczyk, Viktor Braun, Patryk Kra\u015bniewski\" \/>\n<meta property=\"og:description\" content=\"choreografia: Justyna Kalbarczyk, Viktor Braun\" \/>\n<meta property=\"og:url\" content=\"https:\/\/nck.krakow.pl\/kcc\/where-the-dogs-take-us\/\" \/>\n<meta property=\"og:site_name\" content=\"Krakowskie Centrum Choreograficzne\" \/>\n<meta property=\"article:modified_time\" content=\"2023-04-25T13:01:39+00:00\" \/>\n<meta property=\"og:image\" content=\"https:\/\/nck.krakow.pl\/kcc\/wp-content\/uploads\/2020\/02\/1g\u0142\u00f3wnaWHERE-THE-DOGS-RS-05-1024x651.jpg\" \/>\n\t<meta property=\"og:image:width\" content=\"1024\" \/>\n\t<meta property=\"og:image:height\" content=\"651\" \/>\n\t<meta property=\"og:image:type\" content=\"image\/jpeg\" \/>\n<meta name=\"twitter:card\" content=\"summary_large_image\" \/>\n<meta name=\"twitter:label1\" content=\"Est. reading time\" \/>\n\t<meta name=\"twitter:data1\" content=\"3 minuty\" \/>\n<script type=\"application\/ld+json\" class=\"yoast-schema-graph\">{\"@context\":\"https:\/\/schema.org\",\"@graph\":[{\"@type\":\"WebPage\",\"@id\":\"https:\/\/nck.krakow.pl\/kcc\/where-the-dogs-take-us\/\",\"url\":\"https:\/\/nck.krakow.pl\/kcc\/where-the-dogs-take-us\/\",\"name\":\"Where the dogs take us \/ Justyna Kalbarczyk, Viktor Braun, Patryk Kra\u015bniewski - Krakowskie Centrum Choreograficzne\",\"isPartOf\":{\"@id\":\"https:\/\/nck.krakow.pl\/kcc\/#website\"},\"datePublished\":\"2020-02-20T12:09:52+00:00\",\"dateModified\":\"2023-04-25T13:01:39+00:00\",\"breadcrumb\":{\"@id\":\"https:\/\/nck.krakow.pl\/kcc\/where-the-dogs-take-us\/#breadcrumb\"},\"inLanguage\":\"pl-PL\",\"potentialAction\":[{\"@type\":\"ReadAction\",\"target\":[\"https:\/\/nck.krakow.pl\/kcc\/where-the-dogs-take-us\/\"]}]},{\"@type\":\"BreadcrumbList\",\"@id\":\"https:\/\/nck.krakow.pl\/kcc\/where-the-dogs-take-us\/#breadcrumb\",\"itemListElement\":[{\"@type\":\"ListItem\",\"position\":1,\"name\":\"Strona g\u0142\u00f3wna\",\"item\":\"https:\/\/nck.krakow.pl\/kcc\/\"},{\"@type\":\"ListItem\",\"position\":2,\"name\":\"Where the dogs take us \/ Justyna Kalbarczyk, Viktor Braun, Patryk Kra\u015bniewski\"}]},{\"@type\":\"WebSite\",\"@id\":\"https:\/\/nck.krakow.pl\/kcc\/#website\",\"url\":\"https:\/\/nck.krakow.pl\/kcc\/\",\"name\":\"Krakowskie Centrum Choreograficzne\",\"description\":\"\",\"publisher\":{\"@id\":\"https:\/\/nck.krakow.pl\/kcc\/#organization\"},\"potentialAction\":[{\"@type\":\"SearchAction\",\"target\":{\"@type\":\"EntryPoint\",\"urlTemplate\":\"https:\/\/nck.krakow.pl\/kcc\/?s={search_term_string}\"},\"query-input\":\"required name=search_term_string\"}],\"inLanguage\":\"pl-PL\"},{\"@type\":\"Organization\",\"@id\":\"https:\/\/nck.krakow.pl\/kcc\/#organization\",\"name\":\"Krakowskie Centrum Choreograficzne\",\"url\":\"https:\/\/nck.krakow.pl\/kcc\/\",\"logo\":{\"@type\":\"ImageObject\",\"inLanguage\":\"pl-PL\",\"@id\":\"https:\/\/nck.krakow.pl\/kcc\/#\/schema\/logo\/image\/\",\"url\":\"https:\/\/nck.krakow.pl\/kcc\/wp-content\/uploads\/2020\/01\/cropped-logo-kcc-2020.png\",\"contentUrl\":\"https:\/\/nck.krakow.pl\/kcc\/wp-content\/uploads\/2020\/01\/cropped-logo-kcc-2020.png\",\"width\":116,\"height\":55,\"caption\":\"Krakowskie Centrum Choreograficzne\"},\"image\":{\"@id\":\"https:\/\/nck.krakow.pl\/kcc\/#\/schema\/logo\/image\/\"}}]}<\/script>\n<!-- \/ Yoast SEO plugin. -->","yoast_head_json":{"title":"Where the dogs take us \/ Justyna Kalbarczyk, Viktor Braun, Patryk Kra\u015bniewski - Krakowskie Centrum Choreograficzne","robots":{"index":"index","follow":"follow","max-snippet":"max-snippet:-1","max-image-preview":"max-image-preview:large","max-video-preview":"max-video-preview:-1"},"canonical":"https:\/\/nck.krakow.pl\/kcc\/where-the-dogs-take-us\/","og_locale":"pl_PL","og_type":"article","og_title":"Where the dogs take us \/ Justyna Kalbarczyk, Viktor Braun, Patryk Kra\u015bniewski","og_description":"choreografia: Justyna Kalbarczyk, Viktor Braun","og_url":"https:\/\/nck.krakow.pl\/kcc\/where-the-dogs-take-us\/","og_site_name":"Krakowskie Centrum Choreograficzne","article_modified_time":"2023-04-25T13:01:39+00:00","og_image":[{"width":1024,"height":651,"url":"https:\/\/nck.krakow.pl\/kcc\/wp-content\/uploads\/2020\/02\/1g\u0142\u00f3wnaWHERE-THE-DOGS-RS-05-1024x651.jpg","type":"image\/jpeg"}],"twitter_card":"summary_large_image","twitter_misc":{"Est. reading time":"3 minuty"},"schema":{"@context":"https:\/\/schema.org","@graph":[{"@type":"WebPage","@id":"https:\/\/nck.krakow.pl\/kcc\/where-the-dogs-take-us\/","url":"https:\/\/nck.krakow.pl\/kcc\/where-the-dogs-take-us\/","name":"Where the dogs take us \/ Justyna Kalbarczyk, Viktor Braun, Patryk Kra\u015bniewski - Krakowskie Centrum Choreograficzne","isPartOf":{"@id":"https:\/\/nck.krakow.pl\/kcc\/#website"},"datePublished":"2020-02-20T12:09:52+00:00","dateModified":"2023-04-25T13:01:39+00:00","breadcrumb":{"@id":"https:\/\/nck.krakow.pl\/kcc\/where-the-dogs-take-us\/#breadcrumb"},"inLanguage":"pl-PL","potentialAction":[{"@type":"ReadAction","target":["https:\/\/nck.krakow.pl\/kcc\/where-the-dogs-take-us\/"]}]},{"@type":"BreadcrumbList","@id":"https:\/\/nck.krakow.pl\/kcc\/where-the-dogs-take-us\/#breadcrumb","itemListElement":[{"@type":"ListItem","position":1,"name":"Strona g\u0142\u00f3wna","item":"https:\/\/nck.krakow.pl\/kcc\/"},{"@type":"ListItem","position":2,"name":"Where the dogs take us \/ Justyna Kalbarczyk, Viktor Braun, Patryk Kra\u015bniewski"}]},{"@type":"WebSite","@id":"https:\/\/nck.krakow.pl\/kcc\/#website","url":"https:\/\/nck.krakow.pl\/kcc\/","name":"Krakowskie Centrum Choreograficzne","description":"","publisher":{"@id":"https:\/\/nck.krakow.pl\/kcc\/#organization"},"potentialAction":[{"@type":"SearchAction","target":{"@type":"EntryPoint","urlTemplate":"https:\/\/nck.krakow.pl\/kcc\/?s={search_term_string}"},"query-input":"required name=search_term_string"}],"inLanguage":"pl-PL"},{"@type":"Organization","@id":"https:\/\/nck.krakow.pl\/kcc\/#organization","name":"Krakowskie Centrum Choreograficzne","url":"https:\/\/nck.krakow.pl\/kcc\/","logo":{"@type":"ImageObject","inLanguage":"pl-PL","@id":"https:\/\/nck.krakow.pl\/kcc\/#\/schema\/logo\/image\/","url":"https:\/\/nck.krakow.pl\/kcc\/wp-content\/uploads\/2020\/01\/cropped-logo-kcc-2020.png","contentUrl":"https:\/\/nck.krakow.pl\/kcc\/wp-content\/uploads\/2020\/01\/cropped-logo-kcc-2020.png","width":116,"height":55,"caption":"Krakowskie Centrum Choreograficzne"},"image":{"@id":"https:\/\/nck.krakow.pl\/kcc\/#\/schema\/logo\/image\/"}}]}},"_links":{"self":[{"href":"https:\/\/nck.krakow.pl\/kcc\/wp-json\/wp\/v2\/pages\/4428"}],"collection":[{"href":"https:\/\/nck.krakow.pl\/kcc\/wp-json\/wp\/v2\/pages"}],"about":[{"href":"https:\/\/nck.krakow.pl\/kcc\/wp-json\/wp\/v2\/types\/page"}],"author":[{"embeddable":true,"href":"https:\/\/nck.krakow.pl\/kcc\/wp-json\/wp\/v2\/users\/5"}],"replies":[{"embeddable":true,"href":"https:\/\/nck.krakow.pl\/kcc\/wp-json\/wp\/v2\/comments?post=4428"}],"version-history":[{"count":2,"href":"https:\/\/nck.krakow.pl\/kcc\/wp-json\/wp\/v2\/pages\/4428\/revisions"}],"predecessor-version":[{"id":6854,"href":"https:\/\/nck.krakow.pl\/kcc\/wp-json\/wp\/v2\/pages\/4428\/revisions\/6854"}],"wp:attachment":[{"href":"https:\/\/nck.krakow.pl\/kcc\/wp-json\/wp\/v2\/media?parent=4428"}],"curies":[{"name":"wp","href":"https:\/\/api.w.org\/{rel}","templated":true}]}}