{"id":4425,"date":"2020-02-20T12:05:41","date_gmt":"2020-02-20T12:05:41","guid":{"rendered":"https:\/\/nck.krakow.pl\/kcc\/?page_id=4425"},"modified":"2023-04-25T13:01:35","modified_gmt":"2023-04-25T13:01:35","slug":"plan-ewakuacji","status":"publish","type":"page","link":"https:\/\/nck.krakow.pl\/kcc\/plan-ewakuacji\/","title":{"rendered":"PLAN EWAKUACJI \/ Piotr Stanek, Katarzyna Kania, Dominika Wiak"},"content":{"rendered":"\n<figure class=\"wp-block-image\"><img loading=\"lazy\" decoding=\"async\" width=\"1024\" height=\"677\" src=\"https:\/\/nck.krakow.pl\/kcc\/wp-content\/uploads\/2020\/02\/1g\u0142\u00f3wnaPLAN-RS-16-1024x677.jpg\" alt=\"\" class=\"wp-image-4426\" srcset=\"https:\/\/nck.krakow.pl\/kcc\/wp-content\/uploads\/2020\/02\/1g\u0142\u00f3wnaPLAN-RS-16-1024x677.jpg 1024w, https:\/\/nck.krakow.pl\/kcc\/wp-content\/uploads\/2020\/02\/1g\u0142\u00f3wnaPLAN-RS-16-300x198.jpg 300w, https:\/\/nck.krakow.pl\/kcc\/wp-content\/uploads\/2020\/02\/1g\u0142\u00f3wnaPLAN-RS-16-768x508.jpg 768w\" sizes=\"(max-width: 1024px) 100vw, 1024px\" \/><\/figure>\n\n\n\n<div style=\"height:30px\" aria-hidden=\"true\" class=\"wp-block-spacer\"><\/div>\n\n\n\n<h1 class=\"wp-block-heading\">PLAN EWAKUACJI \/ Piotr Stanek, Katarzyna Kania, Dominika Wiak<\/h1>\n\n\n\n<div style=\"height:20px\" aria-hidden=\"true\" class=\"wp-block-spacer\"><\/div>\n\n\n\n<p><strong>re\u017cyseria, choreografia:<\/strong> Piotr Stanek<br><strong>obsada:<\/strong> Katarzyna Kania, Dominika Wiak<br><strong>premiera: <\/strong>15 listopada 2015 BalletOFFFestival<br><strong>producent:<\/strong> Krakowskie Centrum Choreograficzne &#8211; Nowohuckie Centrum Kultury<\/p>\n\n\n\n<p>Spektakl powsta\u0142 w ramach programu\nrezydencyjnego w Krakowskim Centrum Choreograficznym.<\/p>\n\n\n\n<p>PLAN EWAKUACJI wprowadza widza w hermetyczn\u0105\nprzestrze\u0144 \u2013 metaforyczn\u0105 izolatk\u0119 od \u015bwiata. Dwie kobiety przepe\u0142nione\nfrustracj\u0105, odnajduj\u0105 w sobie si\u0142\u0119, by w radykalny spos\u00f3b zmieni\u0107 sytuacj\u0119, w\nkt\u00f3rej si\u0119 znalaz\u0142y. Spektakl z dystansem porusza temat kobieco\u015bci, ukazuj\u0105c w\nkrzywym zwierciadle ikon\u0119 \u201ekobiety idealnej\u201d oraz konsekwencji z ni\u0105 zwi\u0105zanych.<\/p>\n\n\n\n<p><strong>Piotr Stanek<\/strong> &#8211; student PWST WTT w Bytomiu. Uczestniczy\u0142 w siedmiu edycjach Og\u00f3lnopolskich Warsztat\u00f3w Ta\u0144ca Wsp\u00f3\u0142czesnego Na Bosaka w Po\u0142czynie Zdroju. Uczestnik og\u00f3lnopolskich eliminacji konkursu \u201eEurowizji dla M\u0142odych Tancerzy 2013\u201d, gdzie zdoby\u0142 nagrod\u0119 publiczno\u015bci. Tancerz w spektaklach Teatru Dada von Bzd\u00fcl\u00f6w: \u201eEnclave 4\/7\u201d (chor. Roberto Olivana) oraz \u201eIntro\u201d (re\u017c. Katarzyna Chmielewska, Leszek Bzdyl). Odtw\u00f3rca g\u0142\u00f3wnej roli w spektaklu dyplomowym prof. Jerzego Stuhra \u201eUbu kr\u00f3l, czyli Polacy\u201d oraz tancerz w spektaklu \u201eWorking title: Ego\u201d (chor. Jens Van Daele). We wsp\u00f3\u0142pracy z innymi artystami tworzy r\u00f3wnie\u017c w\u0142asne prace. Laureat na I Og\u00f3lnopolskim Konkursie dla M\u0142odych Choreograf\u00f3w na Po\u0142czy\u0144skim Festiwalu Na Bosaka, zdobywca nagrody indywidualnej dla najlepszego tancerza (solo \u201eWhy not\u201d, fina\u0142 konkursu Solo Dance Contest 2014) oraz na festiwalu Deltebre Dansa 2015 (duet \u201eBad dancing \u2013 Good art\u201d). Choreograf spektaklu \u201ePlan ewakuacji \/ Emergency Plan\u201d (rezydencja: Krakowskie Centrum Choreograficzne 2015). Uczestnik dw\u00f3ch edycji festiwalu Deltebre Dansa pod dyrekcj\u0105 Roberto Olivana.<\/p>\n\n\n\n<p><strong>Dominika Wiak<\/strong> &#8211; jest studentk\u0105 pi\u0105tego roku Pa\u0144stwowej Wy\u017cszej Szko\u0142y Teatralnej, Wydzia\u0142u Teatru Ta\u0144ca w Bytomiu. Swoj\u0105 edukacj\u0119 taneczn\u0105 rozpocz\u0119\u0142a od nauki Rock and Rolla Akrobatycznego, w tej w\u0142a\u015bnie dziedzinie w 2008 roku zdoby\u0142a Mistrzostwo Polski i drugie miejsce na Mi\u0119dzynarodowych Zawodach Klub\u00f3w Partnerskich. Rok temu zako\u0144czy\u0142a prac\u0119 nad dyplomami: aktorskim w re\u017c. Jerzego Stuhra oraz tanecznym: chor. Jensa van Daele&#8217;a. Jest tancerk\u0105 w spektaklach m.in. Macieja Ku\u017ami\u0144skiego Room 40, kt\u00f3ry otrzyma\u0142 nagrod\u0119 publiczno\u015bci na Polskiej Platformie Ta\u0144ca, Jacka \u0141umi\u0144skiego Kocham tylko i wy\u0142\u0105cznie ca\u0142ym sercem nie-roz\u0142\u0105cznie Magdalen\u0119, Za mg\u0142\u0105 oraz W drodze Sylwii Hefczy\u0144skiej- Lewandowskiej. W ostatnich latach stworzy\u0142a w\u0142asne projekty takie jak: Wy\u015bcig we wsp\u00f3\u0142pracy z Dominikiem Wi\u0119ckiem (nagrodzony na festiwalu \u201e3\u20262\u20261\u2026TANIEC\u201d oraz \u201eNa Bosaka po trawie\u201d), Zmru\u017c oczy (wyr\u00f3\u017cniony na konkursie \u201eBeksi\u0144ski-interpretacje\u201d) oraz inner place. By\u0142a uczestniczk\u0105 wielu warsztat\u00f3w, w tym w bra\u0142a udzia\u0142 w projekcie badawczym Joy of discovering w prowincji Shanxi, w Chinach. Katarzyna Kania &#8211; tancerka, choreografka. Edukacj\u0119 muzyczn\u0105, taneczn\u0105 oraz aktorsk\u0105 poszerza\u0142a na mi\u0119dzynarodowych warsztatach teatralnych i tanecznych w Polsce i na \u015bwiecie (m. in. Deltebre Dansa, Dada Hub, OWTW, Festiwal Dei Due Mondi). Jest absolwentk\u0105 krakowskiego PWST, Wydzia\u0142u Teatru Ta\u0144ca w Bytomiu. Od 2012 roku cz\u0142onek i wsp\u00f3\u0142za\u0142o\u017cycielka polsko-niemieckiej grupy teatralno-tanecznej little: interference, kt\u00f3rej spektakle by\u0142y prezentowane na mi\u0119dzynarodowych festiwalach (Niemcy, Rosja, W\u0119gry). Ta\u0144czy w spektaklach Jacka \u0141umi\u0144skiego: \u015awi\u0119to wiosny\u2026100 lat p\u00f3\u017aniej (spektakl realizowany we wsp\u00f3\u0142pracy z grup\u0105 Kwadrofonik oraz Lubelskim Teatrem Ta\u0144ca) oraz Kocham tylko i wy\u0142\u0105cznie ca\u0142ym sercem nie-roz\u0142\u0105cznie Magdalen\u0119. Kszta\u0142ci\u0142a si\u0119 r\u00f3wnie\u017c w Tel Awiwie (Kibbutzim College of Education) i Bratys\u0142awie (VSMU, Bratislava). By\u0142a asystentk\u0105 prof. Jerzego Stuhra oraz wsp\u00f3\u0142autork\u0105 choreografii spektaklu dyplomowego na Wydziale Teatru Ta\u0144ca w jego re\u017cyserii \u2013 Ubu Kr\u00f3l, czyli Polacy, za kt\u00f3r\u0105 otrzyma\u0142a nagrod\u0119 przyznan\u0105 przez Zarz\u0105d Fundacji Sceny im. St. Wyspia\u0144skiego w Krakowie, asystentk\u0105 belgijskiego choreografa Jensa Van Daele\u2019a przy spektaklu Working title Ego. Obecnie pracuje z m\u0142odzie\u017c\u0105 w Teatrze Muzycznym w Gdyni, jak r\u00f3wnie\u017c wsp\u00f3\u0142pracuje z Wydzia\u0142em Teatru Ta\u0144ca w Bytomiu w charakterze asystenta. <\/p>\n","protected":false},"excerpt":{"rendered":"<p>PLAN EWAKUACJI \/ Piotr Stanek, Katarzyna Kania, Dominika Wiak re\u017cyseria, choreografia: Piotr Stanekobsada: Katarzyna Kania, Dominika Wiakpremiera: 15 listopada 2015 BalletOFFFestivalproducent: Krakowskie Centrum Choreograficzne &#8211; Nowohuckie Centrum Kultury Spektakl powsta\u0142 w ramach programu rezydencyjnego w Krakowskim Centrum Choreograficznym. PLAN EWAKUACJI wprowadza widza w hermetyczn\u0105 przestrze\u0144 \u2013 metaforyczn\u0105 izolatk\u0119 od \u015bwiata. Dwie kobiety przepe\u0142nione frustracj\u0105, odnajduj\u0105 [&hellip;]<\/p>\n","protected":false},"author":5,"featured_media":0,"parent":0,"menu_order":0,"comment_status":"closed","ping_status":"closed","template":"","meta":{"footnotes":""},"class_list":["post-4425","page","type-page","status-publish","hentry"],"yoast_head":"<!-- This site is optimized with the Yoast SEO plugin v19.12 - https:\/\/yoast.com\/wordpress\/plugins\/seo\/ -->\n<title>PLAN EWAKUACJI \/ Piotr Stanek, Katarzyna Kania, Dominika Wiak - Krakowskie Centrum Choreograficzne<\/title>\n<meta name=\"robots\" content=\"index, follow, max-snippet:-1, max-image-preview:large, max-video-preview:-1\" \/>\n<link rel=\"canonical\" href=\"https:\/\/nck.krakow.pl\/kcc\/plan-ewakuacji\/\" \/>\n<meta property=\"og:locale\" content=\"pl_PL\" \/>\n<meta property=\"og:type\" content=\"article\" \/>\n<meta property=\"og:title\" content=\"PLAN EWAKUACJI \/ Piotr Stanek, Katarzyna Kania, Dominika Wiak\" \/>\n<meta property=\"og:description\" content=\"Re\u017cyseria, choreografia: Piotr Stanek\" \/>\n<meta property=\"og:url\" content=\"https:\/\/nck.krakow.pl\/kcc\/plan-ewakuacji\/\" \/>\n<meta property=\"og:site_name\" content=\"Krakowskie Centrum Choreograficzne\" \/>\n<meta property=\"article:modified_time\" content=\"2023-04-25T13:01:35+00:00\" \/>\n<meta property=\"og:image\" content=\"https:\/\/nck.krakow.pl\/kcc\/wp-content\/uploads\/2020\/02\/1g\u0142\u00f3wnaPLAN-RS-16-1024x677.jpg\" \/>\n\t<meta property=\"og:image:width\" content=\"1024\" \/>\n\t<meta property=\"og:image:height\" content=\"677\" \/>\n\t<meta property=\"og:image:type\" content=\"image\/jpeg\" \/>\n<meta name=\"twitter:card\" content=\"summary_large_image\" \/>\n<meta name=\"twitter:label1\" content=\"Est. reading time\" \/>\n\t<meta name=\"twitter:data1\" content=\"4 minuty\" \/>\n<script type=\"application\/ld+json\" class=\"yoast-schema-graph\">{\"@context\":\"https:\/\/schema.org\",\"@graph\":[{\"@type\":\"WebPage\",\"@id\":\"https:\/\/nck.krakow.pl\/kcc\/plan-ewakuacji\/\",\"url\":\"https:\/\/nck.krakow.pl\/kcc\/plan-ewakuacji\/\",\"name\":\"PLAN EWAKUACJI \/ Piotr Stanek, Katarzyna Kania, Dominika Wiak - Krakowskie Centrum Choreograficzne\",\"isPartOf\":{\"@id\":\"https:\/\/nck.krakow.pl\/kcc\/#website\"},\"datePublished\":\"2020-02-20T12:05:41+00:00\",\"dateModified\":\"2023-04-25T13:01:35+00:00\",\"breadcrumb\":{\"@id\":\"https:\/\/nck.krakow.pl\/kcc\/plan-ewakuacji\/#breadcrumb\"},\"inLanguage\":\"pl-PL\",\"potentialAction\":[{\"@type\":\"ReadAction\",\"target\":[\"https:\/\/nck.krakow.pl\/kcc\/plan-ewakuacji\/\"]}]},{\"@type\":\"BreadcrumbList\",\"@id\":\"https:\/\/nck.krakow.pl\/kcc\/plan-ewakuacji\/#breadcrumb\",\"itemListElement\":[{\"@type\":\"ListItem\",\"position\":1,\"name\":\"Strona g\u0142\u00f3wna\",\"item\":\"https:\/\/nck.krakow.pl\/kcc\/\"},{\"@type\":\"ListItem\",\"position\":2,\"name\":\"PLAN EWAKUACJI \/ Piotr Stanek, Katarzyna Kania, Dominika Wiak\"}]},{\"@type\":\"WebSite\",\"@id\":\"https:\/\/nck.krakow.pl\/kcc\/#website\",\"url\":\"https:\/\/nck.krakow.pl\/kcc\/\",\"name\":\"Krakowskie Centrum Choreograficzne\",\"description\":\"\",\"publisher\":{\"@id\":\"https:\/\/nck.krakow.pl\/kcc\/#organization\"},\"potentialAction\":[{\"@type\":\"SearchAction\",\"target\":{\"@type\":\"EntryPoint\",\"urlTemplate\":\"https:\/\/nck.krakow.pl\/kcc\/?s={search_term_string}\"},\"query-input\":\"required name=search_term_string\"}],\"inLanguage\":\"pl-PL\"},{\"@type\":\"Organization\",\"@id\":\"https:\/\/nck.krakow.pl\/kcc\/#organization\",\"name\":\"Krakowskie Centrum Choreograficzne\",\"url\":\"https:\/\/nck.krakow.pl\/kcc\/\",\"logo\":{\"@type\":\"ImageObject\",\"inLanguage\":\"pl-PL\",\"@id\":\"https:\/\/nck.krakow.pl\/kcc\/#\/schema\/logo\/image\/\",\"url\":\"https:\/\/nck.krakow.pl\/kcc\/wp-content\/uploads\/2020\/01\/cropped-logo-kcc-2020.png\",\"contentUrl\":\"https:\/\/nck.krakow.pl\/kcc\/wp-content\/uploads\/2020\/01\/cropped-logo-kcc-2020.png\",\"width\":116,\"height\":55,\"caption\":\"Krakowskie Centrum Choreograficzne\"},\"image\":{\"@id\":\"https:\/\/nck.krakow.pl\/kcc\/#\/schema\/logo\/image\/\"}}]}<\/script>\n<!-- \/ Yoast SEO plugin. -->","yoast_head_json":{"title":"PLAN EWAKUACJI \/ Piotr Stanek, Katarzyna Kania, Dominika Wiak - Krakowskie Centrum Choreograficzne","robots":{"index":"index","follow":"follow","max-snippet":"max-snippet:-1","max-image-preview":"max-image-preview:large","max-video-preview":"max-video-preview:-1"},"canonical":"https:\/\/nck.krakow.pl\/kcc\/plan-ewakuacji\/","og_locale":"pl_PL","og_type":"article","og_title":"PLAN EWAKUACJI \/ Piotr Stanek, Katarzyna Kania, Dominika Wiak","og_description":"Re\u017cyseria, choreografia: Piotr Stanek","og_url":"https:\/\/nck.krakow.pl\/kcc\/plan-ewakuacji\/","og_site_name":"Krakowskie Centrum Choreograficzne","article_modified_time":"2023-04-25T13:01:35+00:00","og_image":[{"width":1024,"height":677,"url":"https:\/\/nck.krakow.pl\/kcc\/wp-content\/uploads\/2020\/02\/1g\u0142\u00f3wnaPLAN-RS-16-1024x677.jpg","type":"image\/jpeg"}],"twitter_card":"summary_large_image","twitter_misc":{"Est. reading time":"4 minuty"},"schema":{"@context":"https:\/\/schema.org","@graph":[{"@type":"WebPage","@id":"https:\/\/nck.krakow.pl\/kcc\/plan-ewakuacji\/","url":"https:\/\/nck.krakow.pl\/kcc\/plan-ewakuacji\/","name":"PLAN EWAKUACJI \/ Piotr Stanek, Katarzyna Kania, Dominika Wiak - Krakowskie Centrum Choreograficzne","isPartOf":{"@id":"https:\/\/nck.krakow.pl\/kcc\/#website"},"datePublished":"2020-02-20T12:05:41+00:00","dateModified":"2023-04-25T13:01:35+00:00","breadcrumb":{"@id":"https:\/\/nck.krakow.pl\/kcc\/plan-ewakuacji\/#breadcrumb"},"inLanguage":"pl-PL","potentialAction":[{"@type":"ReadAction","target":["https:\/\/nck.krakow.pl\/kcc\/plan-ewakuacji\/"]}]},{"@type":"BreadcrumbList","@id":"https:\/\/nck.krakow.pl\/kcc\/plan-ewakuacji\/#breadcrumb","itemListElement":[{"@type":"ListItem","position":1,"name":"Strona g\u0142\u00f3wna","item":"https:\/\/nck.krakow.pl\/kcc\/"},{"@type":"ListItem","position":2,"name":"PLAN EWAKUACJI \/ Piotr Stanek, Katarzyna Kania, Dominika Wiak"}]},{"@type":"WebSite","@id":"https:\/\/nck.krakow.pl\/kcc\/#website","url":"https:\/\/nck.krakow.pl\/kcc\/","name":"Krakowskie Centrum Choreograficzne","description":"","publisher":{"@id":"https:\/\/nck.krakow.pl\/kcc\/#organization"},"potentialAction":[{"@type":"SearchAction","target":{"@type":"EntryPoint","urlTemplate":"https:\/\/nck.krakow.pl\/kcc\/?s={search_term_string}"},"query-input":"required name=search_term_string"}],"inLanguage":"pl-PL"},{"@type":"Organization","@id":"https:\/\/nck.krakow.pl\/kcc\/#organization","name":"Krakowskie Centrum Choreograficzne","url":"https:\/\/nck.krakow.pl\/kcc\/","logo":{"@type":"ImageObject","inLanguage":"pl-PL","@id":"https:\/\/nck.krakow.pl\/kcc\/#\/schema\/logo\/image\/","url":"https:\/\/nck.krakow.pl\/kcc\/wp-content\/uploads\/2020\/01\/cropped-logo-kcc-2020.png","contentUrl":"https:\/\/nck.krakow.pl\/kcc\/wp-content\/uploads\/2020\/01\/cropped-logo-kcc-2020.png","width":116,"height":55,"caption":"Krakowskie Centrum Choreograficzne"},"image":{"@id":"https:\/\/nck.krakow.pl\/kcc\/#\/schema\/logo\/image\/"}}]}},"_links":{"self":[{"href":"https:\/\/nck.krakow.pl\/kcc\/wp-json\/wp\/v2\/pages\/4425"}],"collection":[{"href":"https:\/\/nck.krakow.pl\/kcc\/wp-json\/wp\/v2\/pages"}],"about":[{"href":"https:\/\/nck.krakow.pl\/kcc\/wp-json\/wp\/v2\/types\/page"}],"author":[{"embeddable":true,"href":"https:\/\/nck.krakow.pl\/kcc\/wp-json\/wp\/v2\/users\/5"}],"replies":[{"embeddable":true,"href":"https:\/\/nck.krakow.pl\/kcc\/wp-json\/wp\/v2\/comments?post=4425"}],"version-history":[{"count":2,"href":"https:\/\/nck.krakow.pl\/kcc\/wp-json\/wp\/v2\/pages\/4425\/revisions"}],"predecessor-version":[{"id":6853,"href":"https:\/\/nck.krakow.pl\/kcc\/wp-json\/wp\/v2\/pages\/4425\/revisions\/6853"}],"wp:attachment":[{"href":"https:\/\/nck.krakow.pl\/kcc\/wp-json\/wp\/v2\/media?parent=4425"}],"curies":[{"name":"wp","href":"https:\/\/api.w.org\/{rel}","templated":true}]}}