{"id":4410,"date":"2020-02-20T11:57:15","date_gmt":"2020-02-20T11:57:15","guid":{"rendered":"https:\/\/nck.krakow.pl\/kcc\/?page_id=4410"},"modified":"2023-04-25T13:00:43","modified_gmt":"2023-04-25T13:00:43","slug":"personal-branding","status":"publish","type":"page","link":"https:\/\/nck.krakow.pl\/kcc\/personal-branding\/","title":{"rendered":"PERSonaL braNding \/ Sylwia Bloch-Sternik, Katarzyna Krzysztofek, Sabina Pyka"},"content":{"rendered":"\n<figure class=\"wp-block-image\"><img loading=\"lazy\" decoding=\"async\" width=\"960\" height=\"640\" src=\"https:\/\/nck.krakow.pl\/kcc\/wp-content\/uploads\/2020\/02\/1g\u0142\u00f3wnaKMachniewicz_20161120_2016_KCC_BalletOFF_Rezydencje_SBlochSternikKKrzysztofekSPyka_PERSonaLbraNding_MG_4246_960x960px_q100.jpg\" alt=\"\" class=\"wp-image-4411\" srcset=\"https:\/\/nck.krakow.pl\/kcc\/wp-content\/uploads\/2020\/02\/1g\u0142\u00f3wnaKMachniewicz_20161120_2016_KCC_BalletOFF_Rezydencje_SBlochSternikKKrzysztofekSPyka_PERSonaLbraNding_MG_4246_960x960px_q100.jpg 960w, https:\/\/nck.krakow.pl\/kcc\/wp-content\/uploads\/2020\/02\/1g\u0142\u00f3wnaKMachniewicz_20161120_2016_KCC_BalletOFF_Rezydencje_SBlochSternikKKrzysztofekSPyka_PERSonaLbraNding_MG_4246_960x960px_q100-300x200.jpg 300w, https:\/\/nck.krakow.pl\/kcc\/wp-content\/uploads\/2020\/02\/1g\u0142\u00f3wnaKMachniewicz_20161120_2016_KCC_BalletOFF_Rezydencje_SBlochSternikKKrzysztofekSPyka_PERSonaLbraNding_MG_4246_960x960px_q100-768x512.jpg 768w\" sizes=\"(max-width: 960px) 100vw, 960px\" \/><\/figure>\n\n\n\n<div style=\"height:30px\" aria-hidden=\"true\" class=\"wp-block-spacer\"><\/div>\n\n\n\n<h1 class=\"wp-block-heading\">PERSonaL braNding \/ Sylwia Bloch-Sternik,\nKatarzyna Krzysztofek, Sabina Pyka<\/h1>\n\n\n\n<div style=\"height:20px\" aria-hidden=\"true\" class=\"wp-block-spacer\"><\/div>\n\n\n\n<p><strong>choreografia: <\/strong>Sylwia Bloch-Sternik, Katarzyna Krzysztofek, Sabina Pyka<br><strong>ta\u0144cz\u0105:<\/strong> Sylwia Bloch-Sternik, Katarzyna Krzysztofek, Sabina Pyka<br><strong>czas trwania:<\/strong> 25 minut<br><strong>premiera:<\/strong> 20 listopada 2016 BalletOFFFestival<br><strong>producent:<\/strong> Krakowskie Centrum Choreograficzne &#8211; Nowohuckie Centrum Kultury<\/p>\n\n\n\n<p>Spektakl powsta\u0142 w\nramach programu rezydencyjnego w Krakowskim Centrum Choreograficznym.\n\nDopasowanie biustonosza to cz\u0119stokro\u0107 bardzo\nz\u0142o\u017cone przedsi\u0119wzi\u0119cie, prawdopodobnie niejedna z kobiet boryka si\u0119 z tym\nproblem. Trywialne? Dopasowanie gotowego produktu do naszego wyj\u0105tkowego cia\u0142a\nmo\u017ce stanowi\u0107 nie lada wyzwanie. Pr\u00f3bujesz si\u0119 dopasowa\u0107 do algorytmicznych\nschemat\u00f3w czy raczej starasz si\u0119 stworzy\u0107 w\u0142asny produkt, w\u0142asn\u0105 mark\u0119, a mo\u017ce\nnie wszystko zale\u017cy od Ciebie? Decydujesz si\u0119 na za najnowszego modelu stanika\npush-up? Wybierasz filuterne koronki czy kultowe bardotki? A mo\u017ce preferujesz\nstanik sportowy? Sp\u00f3jrz jak \u015bwiat Marek, Schemat\u00f3w i Przynale\u017cno\u015bci, widz\u0105\nnasze bohaterki.\n\n\n\n<\/p>\n","protected":false},"excerpt":{"rendered":"<p>PERSonaL braNding \/ Sylwia Bloch-Sternik, Katarzyna Krzysztofek, Sabina Pyka choreografia: Sylwia Bloch-Sternik, Katarzyna Krzysztofek, Sabina Pykata\u0144cz\u0105: Sylwia Bloch-Sternik, Katarzyna Krzysztofek, Sabina Pykaczas trwania: 25 minutpremiera: 20 listopada 2016 BalletOFFFestivalproducent: Krakowskie Centrum Choreograficzne &#8211; Nowohuckie Centrum Kultury Spektakl powsta\u0142 w ramach programu rezydencyjnego w Krakowskim Centrum Choreograficznym. Dopasowanie biustonosza to cz\u0119stokro\u0107 bardzo z\u0142o\u017cone przedsi\u0119wzi\u0119cie, prawdopodobnie niejedna [&hellip;]<\/p>\n","protected":false},"author":5,"featured_media":0,"parent":0,"menu_order":0,"comment_status":"closed","ping_status":"closed","template":"","meta":{"footnotes":""},"class_list":["post-4410","page","type-page","status-publish","hentry"],"yoast_head":"<!-- This site is optimized with the Yoast SEO plugin v19.12 - https:\/\/yoast.com\/wordpress\/plugins\/seo\/ -->\n<title>PERSonaL braNding \/ Sylwia Bloch-Sternik, Katarzyna Krzysztofek, Sabina Pyka - Krakowskie Centrum Choreograficzne<\/title>\n<meta name=\"robots\" content=\"index, follow, max-snippet:-1, max-image-preview:large, max-video-preview:-1\" \/>\n<link rel=\"canonical\" href=\"https:\/\/nck.krakow.pl\/kcc\/personal-branding\/\" \/>\n<meta property=\"og:locale\" content=\"pl_PL\" \/>\n<meta property=\"og:type\" content=\"article\" \/>\n<meta property=\"og:title\" content=\"PERSonaL braNding \/ Sylwia Bloch-Sternik, Katarzyna Krzysztofek, Sabina Pyka\" \/>\n<meta property=\"og:description\" content=\"Choreografia: Sylwia Bloch-Sternik, Katarzyna Krzysztofek, Sabina Pyka\" \/>\n<meta property=\"og:url\" content=\"https:\/\/nck.krakow.pl\/kcc\/personal-branding\/\" \/>\n<meta property=\"og:site_name\" content=\"Krakowskie Centrum Choreograficzne\" \/>\n<meta property=\"article:modified_time\" content=\"2023-04-25T13:00:43+00:00\" \/>\n<meta property=\"og:image\" content=\"https:\/\/nck.krakow.pl\/kcc\/wp-content\/uploads\/2020\/02\/1g\u0142\u00f3wnaKMachniewicz_20161120_2016_KCC_BalletOFF_Rezydencje_SBlochSternikKKrzysztofekSPyka_PERSonaLbraNding_MG_4246_960x960px_q100.jpg\" \/>\n\t<meta property=\"og:image:width\" content=\"960\" \/>\n\t<meta property=\"og:image:height\" content=\"640\" \/>\n\t<meta property=\"og:image:type\" content=\"image\/jpeg\" \/>\n<meta name=\"twitter:card\" content=\"summary_large_image\" \/>\n<meta name=\"twitter:label1\" content=\"Est. reading time\" \/>\n\t<meta name=\"twitter:data1\" content=\"1 minuta\" \/>\n<script type=\"application\/ld+json\" class=\"yoast-schema-graph\">{\"@context\":\"https:\/\/schema.org\",\"@graph\":[{\"@type\":\"WebPage\",\"@id\":\"https:\/\/nck.krakow.pl\/kcc\/personal-branding\/\",\"url\":\"https:\/\/nck.krakow.pl\/kcc\/personal-branding\/\",\"name\":\"PERSonaL braNding \/ Sylwia Bloch-Sternik, Katarzyna Krzysztofek, Sabina Pyka - Krakowskie Centrum Choreograficzne\",\"isPartOf\":{\"@id\":\"https:\/\/nck.krakow.pl\/kcc\/#website\"},\"datePublished\":\"2020-02-20T11:57:15+00:00\",\"dateModified\":\"2023-04-25T13:00:43+00:00\",\"breadcrumb\":{\"@id\":\"https:\/\/nck.krakow.pl\/kcc\/personal-branding\/#breadcrumb\"},\"inLanguage\":\"pl-PL\",\"potentialAction\":[{\"@type\":\"ReadAction\",\"target\":[\"https:\/\/nck.krakow.pl\/kcc\/personal-branding\/\"]}]},{\"@type\":\"BreadcrumbList\",\"@id\":\"https:\/\/nck.krakow.pl\/kcc\/personal-branding\/#breadcrumb\",\"itemListElement\":[{\"@type\":\"ListItem\",\"position\":1,\"name\":\"Strona g\u0142\u00f3wna\",\"item\":\"https:\/\/nck.krakow.pl\/kcc\/\"},{\"@type\":\"ListItem\",\"position\":2,\"name\":\"PERSonaL braNding \/ Sylwia Bloch-Sternik, Katarzyna Krzysztofek, Sabina Pyka\"}]},{\"@type\":\"WebSite\",\"@id\":\"https:\/\/nck.krakow.pl\/kcc\/#website\",\"url\":\"https:\/\/nck.krakow.pl\/kcc\/\",\"name\":\"Krakowskie Centrum Choreograficzne\",\"description\":\"\",\"publisher\":{\"@id\":\"https:\/\/nck.krakow.pl\/kcc\/#organization\"},\"potentialAction\":[{\"@type\":\"SearchAction\",\"target\":{\"@type\":\"EntryPoint\",\"urlTemplate\":\"https:\/\/nck.krakow.pl\/kcc\/?s={search_term_string}\"},\"query-input\":\"required name=search_term_string\"}],\"inLanguage\":\"pl-PL\"},{\"@type\":\"Organization\",\"@id\":\"https:\/\/nck.krakow.pl\/kcc\/#organization\",\"name\":\"Krakowskie Centrum Choreograficzne\",\"url\":\"https:\/\/nck.krakow.pl\/kcc\/\",\"logo\":{\"@type\":\"ImageObject\",\"inLanguage\":\"pl-PL\",\"@id\":\"https:\/\/nck.krakow.pl\/kcc\/#\/schema\/logo\/image\/\",\"url\":\"https:\/\/nck.krakow.pl\/kcc\/wp-content\/uploads\/2020\/01\/cropped-logo-kcc-2020.png\",\"contentUrl\":\"https:\/\/nck.krakow.pl\/kcc\/wp-content\/uploads\/2020\/01\/cropped-logo-kcc-2020.png\",\"width\":116,\"height\":55,\"caption\":\"Krakowskie Centrum Choreograficzne\"},\"image\":{\"@id\":\"https:\/\/nck.krakow.pl\/kcc\/#\/schema\/logo\/image\/\"}}]}<\/script>\n<!-- \/ Yoast SEO plugin. -->","yoast_head_json":{"title":"PERSonaL braNding \/ Sylwia Bloch-Sternik, Katarzyna Krzysztofek, Sabina Pyka - Krakowskie Centrum Choreograficzne","robots":{"index":"index","follow":"follow","max-snippet":"max-snippet:-1","max-image-preview":"max-image-preview:large","max-video-preview":"max-video-preview:-1"},"canonical":"https:\/\/nck.krakow.pl\/kcc\/personal-branding\/","og_locale":"pl_PL","og_type":"article","og_title":"PERSonaL braNding \/ Sylwia Bloch-Sternik, Katarzyna Krzysztofek, Sabina Pyka","og_description":"Choreografia: Sylwia Bloch-Sternik, Katarzyna Krzysztofek, Sabina Pyka","og_url":"https:\/\/nck.krakow.pl\/kcc\/personal-branding\/","og_site_name":"Krakowskie Centrum Choreograficzne","article_modified_time":"2023-04-25T13:00:43+00:00","og_image":[{"width":960,"height":640,"url":"https:\/\/nck.krakow.pl\/kcc\/wp-content\/uploads\/2020\/02\/1g\u0142\u00f3wnaKMachniewicz_20161120_2016_KCC_BalletOFF_Rezydencje_SBlochSternikKKrzysztofekSPyka_PERSonaLbraNding_MG_4246_960x960px_q100.jpg","type":"image\/jpeg"}],"twitter_card":"summary_large_image","twitter_misc":{"Est. reading time":"1 minuta"},"schema":{"@context":"https:\/\/schema.org","@graph":[{"@type":"WebPage","@id":"https:\/\/nck.krakow.pl\/kcc\/personal-branding\/","url":"https:\/\/nck.krakow.pl\/kcc\/personal-branding\/","name":"PERSonaL braNding \/ Sylwia Bloch-Sternik, Katarzyna Krzysztofek, Sabina Pyka - Krakowskie Centrum Choreograficzne","isPartOf":{"@id":"https:\/\/nck.krakow.pl\/kcc\/#website"},"datePublished":"2020-02-20T11:57:15+00:00","dateModified":"2023-04-25T13:00:43+00:00","breadcrumb":{"@id":"https:\/\/nck.krakow.pl\/kcc\/personal-branding\/#breadcrumb"},"inLanguage":"pl-PL","potentialAction":[{"@type":"ReadAction","target":["https:\/\/nck.krakow.pl\/kcc\/personal-branding\/"]}]},{"@type":"BreadcrumbList","@id":"https:\/\/nck.krakow.pl\/kcc\/personal-branding\/#breadcrumb","itemListElement":[{"@type":"ListItem","position":1,"name":"Strona g\u0142\u00f3wna","item":"https:\/\/nck.krakow.pl\/kcc\/"},{"@type":"ListItem","position":2,"name":"PERSonaL braNding \/ Sylwia Bloch-Sternik, Katarzyna Krzysztofek, Sabina Pyka"}]},{"@type":"WebSite","@id":"https:\/\/nck.krakow.pl\/kcc\/#website","url":"https:\/\/nck.krakow.pl\/kcc\/","name":"Krakowskie Centrum Choreograficzne","description":"","publisher":{"@id":"https:\/\/nck.krakow.pl\/kcc\/#organization"},"potentialAction":[{"@type":"SearchAction","target":{"@type":"EntryPoint","urlTemplate":"https:\/\/nck.krakow.pl\/kcc\/?s={search_term_string}"},"query-input":"required name=search_term_string"}],"inLanguage":"pl-PL"},{"@type":"Organization","@id":"https:\/\/nck.krakow.pl\/kcc\/#organization","name":"Krakowskie Centrum Choreograficzne","url":"https:\/\/nck.krakow.pl\/kcc\/","logo":{"@type":"ImageObject","inLanguage":"pl-PL","@id":"https:\/\/nck.krakow.pl\/kcc\/#\/schema\/logo\/image\/","url":"https:\/\/nck.krakow.pl\/kcc\/wp-content\/uploads\/2020\/01\/cropped-logo-kcc-2020.png","contentUrl":"https:\/\/nck.krakow.pl\/kcc\/wp-content\/uploads\/2020\/01\/cropped-logo-kcc-2020.png","width":116,"height":55,"caption":"Krakowskie Centrum Choreograficzne"},"image":{"@id":"https:\/\/nck.krakow.pl\/kcc\/#\/schema\/logo\/image\/"}}]}},"_links":{"self":[{"href":"https:\/\/nck.krakow.pl\/kcc\/wp-json\/wp\/v2\/pages\/4410"}],"collection":[{"href":"https:\/\/nck.krakow.pl\/kcc\/wp-json\/wp\/v2\/pages"}],"about":[{"href":"https:\/\/nck.krakow.pl\/kcc\/wp-json\/wp\/v2\/types\/page"}],"author":[{"embeddable":true,"href":"https:\/\/nck.krakow.pl\/kcc\/wp-json\/wp\/v2\/users\/5"}],"replies":[{"embeddable":true,"href":"https:\/\/nck.krakow.pl\/kcc\/wp-json\/wp\/v2\/comments?post=4410"}],"version-history":[{"count":2,"href":"https:\/\/nck.krakow.pl\/kcc\/wp-json\/wp\/v2\/pages\/4410\/revisions"}],"predecessor-version":[{"id":6851,"href":"https:\/\/nck.krakow.pl\/kcc\/wp-json\/wp\/v2\/pages\/4410\/revisions\/6851"}],"wp:attachment":[{"href":"https:\/\/nck.krakow.pl\/kcc\/wp-json\/wp\/v2\/media?parent=4410"}],"curies":[{"name":"wp","href":"https:\/\/api.w.org\/{rel}","templated":true}]}}