{"id":4377,"date":"2020-02-19T13:06:57","date_gmt":"2020-02-19T13:06:57","guid":{"rendered":"https:\/\/nck.krakow.pl\/kcc\/?page_id=4377"},"modified":"2023-04-25T12:59:23","modified_gmt":"2023-04-25T12:59:23","slug":"whats-that-noise-i-hear-when-i-shut-my-eyes-really-tightly","status":"publish","type":"page","link":"https:\/\/nck.krakow.pl\/kcc\/whats-that-noise-i-hear-when-i-shut-my-eyes-really-tightly\/","title":{"rendered":"What\u2019s that noise I hear when I shut my eyes really tightly \/ Anna Kami\u0144ska, Aleksandra S\u0142y\u017c, Patryk Durski, Przemys\u0142aw Deg\u00f3rski"},"content":{"rendered":"\n<figure class=\"wp-block-image\"><img loading=\"lazy\" decoding=\"async\" width=\"1024\" height=\"684\" src=\"https:\/\/nck.krakow.pl\/kcc\/wp-content\/uploads\/2020\/02\/1g\u0142\u00f3wnaBaletOFF_TC-12-1024x684.jpg\" alt=\"\" class=\"wp-image-4378\" srcset=\"https:\/\/nck.krakow.pl\/kcc\/wp-content\/uploads\/2020\/02\/1g\u0142\u00f3wnaBaletOFF_TC-12-1024x684.jpg 1024w, https:\/\/nck.krakow.pl\/kcc\/wp-content\/uploads\/2020\/02\/1g\u0142\u00f3wnaBaletOFF_TC-12-300x200.jpg 300w, https:\/\/nck.krakow.pl\/kcc\/wp-content\/uploads\/2020\/02\/1g\u0142\u00f3wnaBaletOFF_TC-12-768x513.jpg 768w, https:\/\/nck.krakow.pl\/kcc\/wp-content\/uploads\/2020\/02\/1g\u0142\u00f3wnaBaletOFF_TC-12.jpg 1200w\" sizes=\"(max-width: 1024px) 100vw, 1024px\" \/><\/figure>\n\n\n\n<div style=\"height:30px\" aria-hidden=\"true\" class=\"wp-block-spacer\"><\/div>\n\n\n\n<h1 class=\"wp-block-heading\">What\u2019s that noise I hear when I shut my eyes really tightly \/\nAnna Kami\u0144ska, Aleksandra S\u0142y\u017c, Patryk Durski, Przemys\u0142aw Deg\u00f3rski<\/h1>\n\n\n\n<div style=\"height:20px\" aria-hidden=\"true\" class=\"wp-block-spacer\"><\/div>\n\n\n\n<p><strong>tw\u00f3rcy spektaklu: <\/strong>Anna Kami\u0144ska, Aleksandra S\u0142y\u017c, Patryk Durski, Przemys\u0142aw Deg\u00f3rski<br><strong>premiera: <\/strong>18 listopada 2017 BalletOFFFestival<br><strong>producent:<\/strong> Krakowskie Centrum Choreograficzne &#8211; Nowohuckie Centrum Kultury<\/p>\n\n\n\n<p>Spektakl powsta\u0142 w\nramach programu rezydencyjnego w Krakowskim Centrum Choreograficznym.\nZrealizowany we wsp\u00f3\u0142pracy z Uniwersytetem Adama Mickiewicza w Poznaniu.\nWsp\u00f3\u0142praca merytoryczna: HAT Research Center.<\/p>\n\n\n\n<p>D\u017awi\u0119ki wytwarzane\nprzez mi\u0119\u015bnie mo\u017cesz us\u0142ysze\u0107 w ten spos\u00f3b: delikatnie u\u0142\u00f3\u017c kciuki w otworach\nusznych tak, aby zakry\u0107 uj\u015bcie kana\u0142u s\u0142uchowego; z podniesionymi \u0142okciami\nzaci\u015bnij pi\u0119\u015bci. Postrzegany odg\u0142os staje si\u0119 g\u0142o\u015bniejszy, im mocniej\nzaci\u015bniesz d\u0142onie. Przypomina dudnienie przetaczaj\u0105cej si\u0119 w oddali burzy.\nPrzewa\u017caj\u0105 w nim niskie cz\u0119stotliwo\u015bci, szczeg\u00f3lnie te b\u0119d\u0105ce na granicy\nmo\u017cliwo\u015bci percepcji, ~20Hz. D\u017awi\u0119k zwi\u0105zany jest ze skurczem mi\u0119\u015bni\nszkieletowych cz\u0142owieka.<\/p>\n\n\n\n<p>Spektakl ma\ncharakter laboratoryjnej i interdyscyplinarnej pracy. Na scenie spotykaj\u0105 si\u0119\nmuzycy oraz tancerze. Poprzez u\u017cycie technologii zostaje dokonana pr\u00f3ba\nzbadania relacji pomi\u0119dzy d\u017awi\u0119kiem i ruchem, odnalezienia wsp\u00f3lnych\nprzestrzeni i wzajemnego przenikania si\u0119 obu tych sfer.<\/p>\n\n\n\n<p><strong>Anna Kami\u0144ska<\/strong><br>Absolwentka Pa\u0144stwowej Wy\u017cszej Szko\u0142y Teatralnej im. Ludwika Solskiego w Krakowie. W latach 2011-2016 studiowa\u0142a na Wydziale Teatru Ta\u0144ca w Bytomiu. Bra\u0142a udzia\u0142 w dyplomach: Working Title: EGO w choreografii Jensa van Daele, Superbohater\u00f3w 10\/9 w re\u017cyserii B\u0142a\u017ceja Peszka oraz Ubu kr\u00f3l Jerzego Stuhra. Od 2016 roku studentka Katedry Dramatu Teatru i Widowisk w Poznaniu na kierunku Media Interaktywne i Widowiska. Tancerka w spektaklu Room40 Macieja Ku\u017ami\u0144skiego nagrodzonego na Polskiej Platformie Ta\u0144ca w 2014 roku. Spektakl prezentowany by\u0142 wielokrotnie w Polsce oraz na festiwalach zagranicznych: w Belgradzie, Holandii, W\u0142oszech, Bia\u0142orusi, Ukrainie, Armenii oraz Gruzji. W 2013 roku wsp\u00f3\u0142tworzy\u0142a spektakl \u201cSamsara\u201d. Spektakl zosta\u0142 nagrodzony na I Festiwalu M\u0142odych Tw\u00f3rc\u00f3w Teatru Ta\u0144ca przez Leszka Bzdyla, Ryszarda Kalinowskiego, Ann\u0119 Piotrowsk\u0105, Witolda Jurewicza oraz Joann\u0119 Chitruszko. Ta\u0144czy\u0142a w choreografiach Jacka \u0141umi\u0144skiego, Janusza Skubaczkowskiego, Lubelskiego Teatru Ta\u0144ca, Anny Kosiorowskiej, Henrika Kaalunda, Anny Piotrowskiej. Razem z grup\u0105 Beskitu zrealizowa\u0142a spektakl 1725 m n.p.m. dofinansowany w ramach programu Scena dla Ta\u0144ca 2016. Spektakl by\u0142 po\u0142\u0105czeniem kultury Beskidu \u017bywieckiego, polskiej techniki ta\u0144ca oraz muzyki granej na \u017cywo przez zesp\u00f3\u0142 VO\u0141OSI. Wsp\u00f3\u0142tworzy grup\u0119 LineAct dzia\u0142aj\u0105c\u0105 w Widzewskich Zak\u0142adach Przemys\u0142\u00f3w Tw\u00f3rczych w \u0141odzi. Grupa dzia\u0142a od 2015 roku i zajmuje si\u0119 ta\u0144cem na \u015bcianach budynk\u00f3w. Widowiska grupy LineAct \u0142\u0105cz\u0105 w sobie muzyk\u0119 elektroniczn\u0105 tworzon\u0105 na \u017cywo, mapping oraz murale.<br>Stypendystka Ministerstwa Kultury i Dziedzictwa Narodowego na rok 2017.<\/p>\n\n\n\n<p><strong>Aleksandra S\u0142y\u017c<\/strong><br>Studentka kompozycji na Akademii Muzycznej im. I. J. Paderewskiego oraz re\u017cyserii d\u017awi\u0119ku na Uniwersytecie im. A. Mickiewicza w Poznaniu. Realizator d\u017awi\u0119ku oraz autorka audycji radiowej Nowa Powa\u017cna w Radio Afera dotycz\u0105cej m. in. wsp\u00f3\u0142czesnej muzyki klasycznej oraz wydarze\u0144 poruszaj\u0105cych aspekt nowych nurt\u00f3w, tendencji czy technik inicjacji d\u017awi\u0119ku. Wsp\u00f3\u0142organizatorka festiwali muzycznych, maj\u0105cych na celu wspieranie i propagowanie muzyki wsp\u00f3\u0142czesnej, tj. Pozna\u0144ska Wiosna Muzyczna czy Og\u00f3lnopolska Konferencja Naukowa \u201aNeofonia\u2019. Laureatka konkurs\u00f3w kompozytorskich i festiwali audiowizualnych. Wsp\u00f3\u0142pracuje z Katedr\u0105 Animacji Uniwersytetu Artystycznego w Poznaniu jako realizator d\u017awi\u0119ku do film\u00f3w i animacji. Jest r\u00f3wnie\u017c autork\u0105 tekst\u00f3w muzycznych pojawiaj\u0105cych si\u0119 na \u0142amach internetowego czasopisma MEAKULTURA. W swojej tw\u00f3rczo\u015bci najcz\u0119\u015bciej ucieka si\u0119 do nowych form i technik inicjacji d\u017awi\u0119ku, kt\u00f3re w du\u017cym stopniu opieraj\u0105 si\u0119 na poszukiwaniu nietypowych brzmie\u0144 i barw. Interesuj\u0105 j\u0105 wszelkie zjawiska sound artowe, kt\u00f3re umo\u017cliwiaj\u0105 autorce tworzenie dzie\u0142 interdyscyplinarnych. Du\u017co eksperymentuje z elektronik\u0105, pr\u00f3buj\u0105c tworzy\u0107 nowe urz\u0105dzenia b\u0119d\u0105ce generatorami d\u017awi\u0119ku.<\/p>\n\n\n\n<p><strong>Patryk Durski<\/strong><br>Absolwent Pa\u0144stwowej Wy\u017cszej Szko\u0142y Teatralnej im. Ludwika Solskiego w Krakowie, na Wydziale Teatru Ta\u0144ca w Bytomiu. W marcu 2017 wyst\u0105pi\u0142 w spektaklu \u201ePrzej\u015bcia\u201d opartym na \u201eWeselu\u201d i \u201e\u015awi\u0119cie Wiosny\u201d Igora Strawi\u0144skiego w chor. Jacka \u0141umi\u0144skiego. W 2016 roku laureat konkursu choreograficznego 3\u20262\u20261\u2026TANIEC! za choreografi\u0119 5dm3. Etiuda zosta\u0142a nagrodzona pierwsz\u0105 nagrod\u0105 przez Leszka Bzdyla za \u201ewykreowanie dialogu, jako\u015bci ruchowe i taniec\u201d. Od roku 2015 jest cz\u0142onkiem multidyscyplinarnej grupy artystycznej LineAct, z kt\u00f3r\u0105 wsp\u00f3\u0142tworzy\u0142 spektakle \u201eOpl\u0105tane\u201d i \u201eZakorzenieni\u201d. Bra\u0142 udzia\u0142 w spektaklach dyplomowych w re\u017cyserii B\u0142a\u017ceja Peszka \u201eSuperbohater\u00f3w 10\/9\u201d oraz Jensa van Daele \u201eWorking Title:EGO\u201d. W 2015 roku pracowa\u0142 w kompanii Jensa van Daele. Powsta\u0142y w\u00f3wczas spektakl \u201eAbout Lucian\u201d prezentowany by\u0142 w 28 teatrach w Holandii oraz Belgii. W latach 2013-2014 uczestniczy\u0142 w mi\u0119dzynarodowym projekcie \u201eMOP\u201d wraz z tancerzami z Macau organizowanym przez Creative Link Asia Ltd. Arty\u015bci prezentowali spektakl m.in w ramach Contact Festival w Singapurze, Macau Arts Festival oraz Festiwalu Ekotopie Kultury w Katowicach. W trakcie studi\u00f3w ta\u0144czy\u0142 w spektaklu \u201eKocham tylko i wy\u0142\u0105cznie ca\u0142ym sercem nie-roz\u0142\u0105cznie Magdalen\u0119\u201d w choreografii Jacka \u0141umi\u0144skiego oraz \u201eProfanum\u201d Kamila Wawrzuty.<\/p>\n\n\n\n<p><strong>Przemys\u0142aw Deg\u00f3rski<\/strong><br>Student studi\u00f3w licencjackich na kierunku dyrygentura symfoniczna w klasie prof. Jerzego Salwarowskiego na Akademii Muzycznej i m . I . J . Paderewskiego w Poznaniu. Uczestniczy\u0142 w kursach mistrzowskich prowadzonych m. in. przez maestro Leona Botsteina, prof. Tadeusza Struga\u0142\u0119, prof. Rafa\u0142a Jacka Delekt\u0119, Achima Holuba (z orkiestr\u0105 London Classical Soloists w Londynie) oraz Luisa Miguel Clemente i Roberto Fiore (The Art of Expressive Conducting w Rzymie). Wyst\u0119powa\u0142 jako dyrygent m.in. podczas 45 Mi\u0119dzynarodowego Festiwalu Muzyki Wsp\u00f3\u0142czesnej \u201ePozna\u0144ska Wiosna Muzyczna\u201d (2016), podczas koncert\u00f3w zamykaj\u0105cych kursy w Rzymie i w Londynie. W czerwcu 2016 roku zosta\u0142 laureatem konkursu \u201eWsp\u00f3\u0142dzia\u0142anie w kulturze\u201d organizowanego przez Narodowe Centrum Kultury i Centrum Kultury Zamek w Poznaniu na stworzenie projektu z zakresu kultury i edukacji, gdzie w ramach autorskiego \u201eProjektu Appalachian Spring\u201d wystawi\u0142, we wsp\u00f3\u0142pracy z pozna\u0144sk\u0105 choreograf Krystyn\u0105 Lam\u0105 Szyd\u0142owsk\u0105 (Fundacja Kinestrefa), spektakl taneczno-ruchowy \u201ePog\u0142os\u201d do muzyki z baletu \u201eAppalachian Spring\u201d A. Coplanda (premiera 26.10. 2016, CK Zamek w Poznaniu). Aktualnie dzi\u0119ki dofinansowaniu Ministerstwa Kultury i Dziedzictwa Narodowego realizuje spektakl z choreograf Agnieszk\u0105 Dobersk\u0105. Jego dzia\u0142alno\u015b\u0107, opr\u00f3cz orkiestrowej, skupia si\u0119 r\u00f3wnie\u017c wok\u00f3\u0142 projekt\u00f3w z zakresu sztuk interaktywnych.<\/p>\n","protected":false},"excerpt":{"rendered":"<p>What\u2019s that noise I hear when I shut my eyes really tightly \/ Anna Kami\u0144ska, Aleksandra S\u0142y\u017c, Patryk Durski, Przemys\u0142aw Deg\u00f3rski tw\u00f3rcy spektaklu: Anna Kami\u0144ska, Aleksandra S\u0142y\u017c, Patryk Durski, Przemys\u0142aw Deg\u00f3rskipremiera: 18 listopada 2017 BalletOFFFestivalproducent: Krakowskie Centrum Choreograficzne &#8211; Nowohuckie Centrum Kultury Spektakl powsta\u0142 w ramach programu rezydencyjnego w Krakowskim Centrum Choreograficznym. Zrealizowany we wsp\u00f3\u0142pracy [&hellip;]<\/p>\n","protected":false},"author":5,"featured_media":0,"parent":0,"menu_order":0,"comment_status":"closed","ping_status":"closed","template":"","meta":{"footnotes":""},"class_list":["post-4377","page","type-page","status-publish","hentry"],"yoast_head":"<!-- This site is optimized with the Yoast SEO plugin v19.12 - https:\/\/yoast.com\/wordpress\/plugins\/seo\/ -->\n<title>What\u2019s that noise I hear when I shut my eyes really tightly \/ Anna Kami\u0144ska, Aleksandra S\u0142y\u017c, Patryk Durski, Przemys\u0142aw Deg\u00f3rski - Krakowskie Centrum Choreograficzne<\/title>\n<meta name=\"robots\" content=\"index, follow, max-snippet:-1, max-image-preview:large, max-video-preview:-1\" \/>\n<link rel=\"canonical\" href=\"https:\/\/nck.krakow.pl\/kcc\/whats-that-noise-i-hear-when-i-shut-my-eyes-really-tightly\/\" \/>\n<meta property=\"og:locale\" content=\"pl_PL\" \/>\n<meta property=\"og:type\" content=\"article\" \/>\n<meta property=\"og:title\" content=\"What\u2019s that noise I hear when I shut my eyes really tightly\" \/>\n<meta property=\"og:description\" content=\"Anna Kami\u0144ska, Aleksandra S\u0142y\u017c, Patryk Durski, Przemys\u0142aw Deg\u00f3rski\" \/>\n<meta property=\"og:url\" content=\"https:\/\/nck.krakow.pl\/kcc\/whats-that-noise-i-hear-when-i-shut-my-eyes-really-tightly\/\" \/>\n<meta property=\"og:site_name\" content=\"Krakowskie Centrum Choreograficzne\" \/>\n<meta property=\"article:modified_time\" content=\"2023-04-25T12:59:23+00:00\" \/>\n<meta property=\"og:image\" content=\"https:\/\/nck.krakow.pl\/kcc\/wp-content\/uploads\/2020\/02\/1g\u0142\u00f3wnaBaletOFF_TC-12.jpg\" \/>\n\t<meta property=\"og:image:width\" content=\"1200\" \/>\n\t<meta property=\"og:image:height\" content=\"801\" \/>\n\t<meta property=\"og:image:type\" content=\"image\/jpeg\" \/>\n<meta name=\"twitter:card\" content=\"summary_large_image\" \/>\n<meta name=\"twitter:label1\" content=\"Est. reading time\" \/>\n\t<meta name=\"twitter:data1\" content=\"6 minut\" \/>\n<script type=\"application\/ld+json\" class=\"yoast-schema-graph\">{\"@context\":\"https:\/\/schema.org\",\"@graph\":[{\"@type\":\"WebPage\",\"@id\":\"https:\/\/nck.krakow.pl\/kcc\/whats-that-noise-i-hear-when-i-shut-my-eyes-really-tightly\/\",\"url\":\"https:\/\/nck.krakow.pl\/kcc\/whats-that-noise-i-hear-when-i-shut-my-eyes-really-tightly\/\",\"name\":\"What\u2019s that noise I hear when I shut my eyes really tightly \/ Anna Kami\u0144ska, Aleksandra S\u0142y\u017c, Patryk Durski, Przemys\u0142aw Deg\u00f3rski - Krakowskie Centrum Choreograficzne\",\"isPartOf\":{\"@id\":\"https:\/\/nck.krakow.pl\/kcc\/#website\"},\"datePublished\":\"2020-02-19T13:06:57+00:00\",\"dateModified\":\"2023-04-25T12:59:23+00:00\",\"breadcrumb\":{\"@id\":\"https:\/\/nck.krakow.pl\/kcc\/whats-that-noise-i-hear-when-i-shut-my-eyes-really-tightly\/#breadcrumb\"},\"inLanguage\":\"pl-PL\",\"potentialAction\":[{\"@type\":\"ReadAction\",\"target\":[\"https:\/\/nck.krakow.pl\/kcc\/whats-that-noise-i-hear-when-i-shut-my-eyes-really-tightly\/\"]}]},{\"@type\":\"BreadcrumbList\",\"@id\":\"https:\/\/nck.krakow.pl\/kcc\/whats-that-noise-i-hear-when-i-shut-my-eyes-really-tightly\/#breadcrumb\",\"itemListElement\":[{\"@type\":\"ListItem\",\"position\":1,\"name\":\"Strona g\u0142\u00f3wna\",\"item\":\"https:\/\/nck.krakow.pl\/kcc\/\"},{\"@type\":\"ListItem\",\"position\":2,\"name\":\"What\u2019s that noise I hear when I shut my eyes really tightly \/ Anna Kami\u0144ska, Aleksandra S\u0142y\u017c, Patryk Durski, Przemys\u0142aw Deg\u00f3rski\"}]},{\"@type\":\"WebSite\",\"@id\":\"https:\/\/nck.krakow.pl\/kcc\/#website\",\"url\":\"https:\/\/nck.krakow.pl\/kcc\/\",\"name\":\"Krakowskie Centrum Choreograficzne\",\"description\":\"\",\"publisher\":{\"@id\":\"https:\/\/nck.krakow.pl\/kcc\/#organization\"},\"potentialAction\":[{\"@type\":\"SearchAction\",\"target\":{\"@type\":\"EntryPoint\",\"urlTemplate\":\"https:\/\/nck.krakow.pl\/kcc\/?s={search_term_string}\"},\"query-input\":\"required name=search_term_string\"}],\"inLanguage\":\"pl-PL\"},{\"@type\":\"Organization\",\"@id\":\"https:\/\/nck.krakow.pl\/kcc\/#organization\",\"name\":\"Krakowskie Centrum Choreograficzne\",\"url\":\"https:\/\/nck.krakow.pl\/kcc\/\",\"logo\":{\"@type\":\"ImageObject\",\"inLanguage\":\"pl-PL\",\"@id\":\"https:\/\/nck.krakow.pl\/kcc\/#\/schema\/logo\/image\/\",\"url\":\"https:\/\/nck.krakow.pl\/kcc\/wp-content\/uploads\/2020\/01\/cropped-logo-kcc-2020.png\",\"contentUrl\":\"https:\/\/nck.krakow.pl\/kcc\/wp-content\/uploads\/2020\/01\/cropped-logo-kcc-2020.png\",\"width\":116,\"height\":55,\"caption\":\"Krakowskie Centrum Choreograficzne\"},\"image\":{\"@id\":\"https:\/\/nck.krakow.pl\/kcc\/#\/schema\/logo\/image\/\"}}]}<\/script>\n<!-- \/ Yoast SEO plugin. -->","yoast_head_json":{"title":"What\u2019s that noise I hear when I shut my eyes really tightly \/ Anna Kami\u0144ska, Aleksandra S\u0142y\u017c, Patryk Durski, Przemys\u0142aw Deg\u00f3rski - Krakowskie Centrum Choreograficzne","robots":{"index":"index","follow":"follow","max-snippet":"max-snippet:-1","max-image-preview":"max-image-preview:large","max-video-preview":"max-video-preview:-1"},"canonical":"https:\/\/nck.krakow.pl\/kcc\/whats-that-noise-i-hear-when-i-shut-my-eyes-really-tightly\/","og_locale":"pl_PL","og_type":"article","og_title":"What\u2019s that noise I hear when I shut my eyes really tightly","og_description":"Anna Kami\u0144ska, Aleksandra S\u0142y\u017c, Patryk Durski, Przemys\u0142aw Deg\u00f3rski","og_url":"https:\/\/nck.krakow.pl\/kcc\/whats-that-noise-i-hear-when-i-shut-my-eyes-really-tightly\/","og_site_name":"Krakowskie Centrum Choreograficzne","article_modified_time":"2023-04-25T12:59:23+00:00","og_image":[{"width":1200,"height":801,"url":"https:\/\/nck.krakow.pl\/kcc\/wp-content\/uploads\/2020\/02\/1g\u0142\u00f3wnaBaletOFF_TC-12.jpg","type":"image\/jpeg"}],"twitter_card":"summary_large_image","twitter_misc":{"Est. reading time":"6 minut"},"schema":{"@context":"https:\/\/schema.org","@graph":[{"@type":"WebPage","@id":"https:\/\/nck.krakow.pl\/kcc\/whats-that-noise-i-hear-when-i-shut-my-eyes-really-tightly\/","url":"https:\/\/nck.krakow.pl\/kcc\/whats-that-noise-i-hear-when-i-shut-my-eyes-really-tightly\/","name":"What\u2019s that noise I hear when I shut my eyes really tightly \/ Anna Kami\u0144ska, Aleksandra S\u0142y\u017c, Patryk Durski, Przemys\u0142aw Deg\u00f3rski - Krakowskie Centrum Choreograficzne","isPartOf":{"@id":"https:\/\/nck.krakow.pl\/kcc\/#website"},"datePublished":"2020-02-19T13:06:57+00:00","dateModified":"2023-04-25T12:59:23+00:00","breadcrumb":{"@id":"https:\/\/nck.krakow.pl\/kcc\/whats-that-noise-i-hear-when-i-shut-my-eyes-really-tightly\/#breadcrumb"},"inLanguage":"pl-PL","potentialAction":[{"@type":"ReadAction","target":["https:\/\/nck.krakow.pl\/kcc\/whats-that-noise-i-hear-when-i-shut-my-eyes-really-tightly\/"]}]},{"@type":"BreadcrumbList","@id":"https:\/\/nck.krakow.pl\/kcc\/whats-that-noise-i-hear-when-i-shut-my-eyes-really-tightly\/#breadcrumb","itemListElement":[{"@type":"ListItem","position":1,"name":"Strona g\u0142\u00f3wna","item":"https:\/\/nck.krakow.pl\/kcc\/"},{"@type":"ListItem","position":2,"name":"What\u2019s that noise I hear when I shut my eyes really tightly \/ Anna Kami\u0144ska, Aleksandra S\u0142y\u017c, Patryk Durski, Przemys\u0142aw Deg\u00f3rski"}]},{"@type":"WebSite","@id":"https:\/\/nck.krakow.pl\/kcc\/#website","url":"https:\/\/nck.krakow.pl\/kcc\/","name":"Krakowskie Centrum Choreograficzne","description":"","publisher":{"@id":"https:\/\/nck.krakow.pl\/kcc\/#organization"},"potentialAction":[{"@type":"SearchAction","target":{"@type":"EntryPoint","urlTemplate":"https:\/\/nck.krakow.pl\/kcc\/?s={search_term_string}"},"query-input":"required name=search_term_string"}],"inLanguage":"pl-PL"},{"@type":"Organization","@id":"https:\/\/nck.krakow.pl\/kcc\/#organization","name":"Krakowskie Centrum Choreograficzne","url":"https:\/\/nck.krakow.pl\/kcc\/","logo":{"@type":"ImageObject","inLanguage":"pl-PL","@id":"https:\/\/nck.krakow.pl\/kcc\/#\/schema\/logo\/image\/","url":"https:\/\/nck.krakow.pl\/kcc\/wp-content\/uploads\/2020\/01\/cropped-logo-kcc-2020.png","contentUrl":"https:\/\/nck.krakow.pl\/kcc\/wp-content\/uploads\/2020\/01\/cropped-logo-kcc-2020.png","width":116,"height":55,"caption":"Krakowskie Centrum Choreograficzne"},"image":{"@id":"https:\/\/nck.krakow.pl\/kcc\/#\/schema\/logo\/image\/"}}]}},"_links":{"self":[{"href":"https:\/\/nck.krakow.pl\/kcc\/wp-json\/wp\/v2\/pages\/4377"}],"collection":[{"href":"https:\/\/nck.krakow.pl\/kcc\/wp-json\/wp\/v2\/pages"}],"about":[{"href":"https:\/\/nck.krakow.pl\/kcc\/wp-json\/wp\/v2\/types\/page"}],"author":[{"embeddable":true,"href":"https:\/\/nck.krakow.pl\/kcc\/wp-json\/wp\/v2\/users\/5"}],"replies":[{"embeddable":true,"href":"https:\/\/nck.krakow.pl\/kcc\/wp-json\/wp\/v2\/comments?post=4377"}],"version-history":[{"count":3,"href":"https:\/\/nck.krakow.pl\/kcc\/wp-json\/wp\/v2\/pages\/4377\/revisions"}],"predecessor-version":[{"id":6844,"href":"https:\/\/nck.krakow.pl\/kcc\/wp-json\/wp\/v2\/pages\/4377\/revisions\/6844"}],"wp:attachment":[{"href":"https:\/\/nck.krakow.pl\/kcc\/wp-json\/wp\/v2\/media?parent=4377"}],"curies":[{"name":"wp","href":"https:\/\/api.w.org\/{rel}","templated":true}]}}