{"id":4374,"date":"2020-02-19T13:04:38","date_gmt":"2020-02-19T13:04:38","guid":{"rendered":"https:\/\/nck.krakow.pl\/kcc\/?page_id=4374"},"modified":"2023-04-25T12:59:24","modified_gmt":"2023-04-25T12:59:24","slug":"frasunek-product-of-progressive-unworking","status":"publish","type":"page","link":"https:\/\/nck.krakow.pl\/kcc\/frasunek-product-of-progressive-unworking\/","title":{"rendered":"FRASUNEK product of progressive unworking \/ Natalia Wilk, Jan Lorys"},"content":{"rendered":"\n<figure class=\"wp-block-image\"><img loading=\"lazy\" decoding=\"async\" width=\"1024\" height=\"684\" src=\"https:\/\/nck.krakow.pl\/kcc\/wp-content\/uploads\/2020\/02\/1g\u0142\u00f3wnaBaletOFF_TC-11-3-1024x684.jpg\" alt=\"\" class=\"wp-image-4375\" srcset=\"https:\/\/nck.krakow.pl\/kcc\/wp-content\/uploads\/2020\/02\/1g\u0142\u00f3wnaBaletOFF_TC-11-3-1024x684.jpg 1024w, https:\/\/nck.krakow.pl\/kcc\/wp-content\/uploads\/2020\/02\/1g\u0142\u00f3wnaBaletOFF_TC-11-3-300x200.jpg 300w, https:\/\/nck.krakow.pl\/kcc\/wp-content\/uploads\/2020\/02\/1g\u0142\u00f3wnaBaletOFF_TC-11-3-768x513.jpg 768w, https:\/\/nck.krakow.pl\/kcc\/wp-content\/uploads\/2020\/02\/1g\u0142\u00f3wnaBaletOFF_TC-11-3.jpg 1200w\" sizes=\"(max-width: 1024px) 100vw, 1024px\" \/><\/figure>\n\n\n\n<div style=\"height:30px\" aria-hidden=\"true\" class=\"wp-block-spacer\"><\/div>\n\n\n\n<h1 class=\"wp-block-heading\">FRASUNEK product of progressive unworking \/ Natalia Wilk,\nJan Lorys<\/h1>\n\n\n\n<div style=\"height:20px\" aria-hidden=\"true\" class=\"wp-block-spacer\"><\/div>\n\n\n\n<p><strong>obsada, re\u017cyseria, choreografia: <\/strong>Jan Lorys, Natalia Wilk<br><strong>muzyka:<\/strong> CC<br><strong>kostiumy:<\/strong> made in China<br><strong>d\u0142ugo\u015b\u0107 spektaklu: <\/strong>37 minut<br><strong>premiera:<\/strong> 18 listopada 2017 BalletOFFFestival<br><strong>producent:<\/strong> Krakowskie Centrum Choreograficzne &#8211; Nowohuckie Centrum Kultury<\/p>\n\n\n\n<p>Spektakl powsta\u0142 w ramach programu rezydencyjnego w Krakowskim Centrum Choreograficznym.<\/p>\n\n\n\n<div style=\"height:20px\" aria-hidden=\"true\" class=\"wp-block-spacer\"><\/div>\n\n\n\n<p>Frasunek. Tancerz\nfrasobliwy.<\/p>\n\n\n\n<p>W naszej pracy\ndzielimy si\u0119 efektami praktyki progresywnej nie-pracy, pod\u0105\u017cania za pasjami i\nbuntu bez gniewu. Odprawiamy nabo\u017ce\u0144stwo w imieniu wszystkich freelanser\u00f3w i\nprekariuszy. Stajemy si\u0119 cia\u0142ami gotowymi do wyzysku i w cyrkowej oprawie\nkwestionujemy rozumienie poj\u0119\u0107 takich jak praca i czas wolny.<\/p>\n\n\n\n<p>Wytrwale pod\u0105\u017camy\nza mottem \u201aIt doesn\u2019t matter what you create if you have no fun!\u2019<\/p>\n\n\n\n<p>Inspirujemy si\u0119\nniemymi filmami (bracia Lumiere), m\u0105drymi ksi\u0105\u017ckami (autorstwa Bojany Kunst,\nS\u0142ownikiem J\u0119zyka Polskiego), s\u0142awnymi artystami (Le Roy) oraz youtubem (Daniel\nMenedez, Pit, Niels Duinker, Super Dave and Amanda O\u2019Malley, Ashley Galvin).<\/p>\n\n\n\n<p>Nie zmieniamy\n\u015bwiata, chcemy go troch\u0119 zrozumie\u0107.<\/p>\n\n\n\n<p>Ot. ca\u0142y nasz\nFRASUNEK.<\/p>\n\n\n\n<div style=\"height:20px\" aria-hidden=\"true\" class=\"wp-block-spacer\"><\/div>\n\n\n\n<p><strong>Natalia Wilk<\/strong><br>Performerka, researcherka, freelancerka. Absolwentka Uniwersytetu \u015al\u0105skiego na kierunku Politologia oraz Pa\u0144stwowej Wy\u017cszej Szko\u0142y Teatralnej na Wydziale teatru Ta\u0144ca w Bytomiu. Pracowa\u0142a m.in. z Isabelle Schad w Collective Jumps oraz Pieces and Elements, Koenem Augustijnem w Dance Moves Cities, Cosminem Manolescu przy Fragile w ramach rezydencji E-motional, re:thinking dance, Paw\u0142em Passinim i Robertem Haydenem w Dynamika Metamorfozy\u201d w Instytucie Grotowskiego, Robertem Talarczykiem w spektaklu Open Chopin, kolektywem Harakiri Farmers przy STILLE etc.<\/p>\n\n\n\n<p>Stypendystka programu\nAlternatywna Akademia Ta\u0144ca w 2014 r., Marsza\u0142ka Wojew\u00f3dztwa \u015al\u0105skiego w\ndziedzinie kultury na rok 2013, oraz programu Rezydencja\/Premiera 2012 w\nGda\u0144skim klubie \u017bak, w ramach kt\u00f3rego stworzy\u0142a solo \u201ePacierz pokr\u0119tny\u201d pod\nartystyczn\u0105 opiek\u0105 Pii Meuthen (Panama Pictures Dance Theatre). Ta\u0144czy\u0142a w\nprojektach Idana Cohena, Rafa\u0142a Urbackiego, Victorii Fox, Guilherme Botelho,\nLes gens d\u2019Uterpan. Uczestniczka master classes i coaching\u00f3w z Les Ballets C de\nla B, Davidem Zambrano, Luquid Loft Companie, Ann\u0105 Van Den Broek, Yasmeen\nGodder, Mal\u0105 Kline, Igorem Podsiad\u0142ym itd.<\/p>\n\n\n\n<p>Tw\u00f3rczyni film\u00f3w\nta\u0144ca w tym SmallRoom Syndrome, oraz GiF Me pokazywanych na polskich i\nmi\u0119dzynarodowych Festiwalach Film\u00f3w Ta\u0144ca. Zajmuje si\u0119 pisaniem o ta\u0144cu. W roku\n2011 odby\u0142a research w zakresie krytyki ta\u0144ca na San Diego State University w\nCalifornii. Aktualnie mieszka i pracuje w Berlinie, gdzie wsp\u00f3\u0142organizuje\nfestiwal film\u00f3w ta\u0144ca POOL w Dock11 i pracowni Joe Ramireza jako poz\u0142otnik. Jej\n\u017cyciow\u0105 pasj\u0105 jest nurkowanie, wodne praktyki somatyczne oraz podr\u00f3\u017cowanie\nautostopem \u2013 zwiedzi\u0142a w ten spos\u00f3b Azj\u0119 Centraln\u0105, Ba\u0142kany, Afryk\u0119 Zachodni\u0105,\nKaukaz itd. Nast\u0119pny b\u0119dzie kosmos.<\/p>\n\n\n\n<div style=\"height:44px\" aria-hidden=\"true\" class=\"wp-block-spacer\"><\/div>\n\n\n\n<p><strong>Jan Lorys<\/strong><br>Studiowa\u0142 na Wydziale Teatru Ta\u0144ca w Bytomiu krakowskiej PWST, uczestniczy\u0142 r\u00f3wnie\u017c w wielu warsztatach. By\u0142 uczniem mi\u0119dzy innymi Jozefa Fru\u010dka, Davida Zambrano, Aryego Bursztyna, Jensa Bjerregaarda. Pracowa\u0142 z wieloma choreografami z kraju mi\u0119dzy innymi z: Erykiem Makohonem przy spektaklu Kwadryga na TRZECH, z Ann\u0105 Piotrowsk\u0105 przy spektaklu dyplomowym Transdyptyk oraz produkcji democratic body, z Kamilem Wawrzut\u0105 tworz\u0105c spektakl Profanum. Wsp\u00f3\u0142pracuje r\u00f3wnie\u017c z artystami z zagranicy mi\u0119dzy innymi z Jozefem Fru\u010dkiem przy projekcie Dog Man czy z Rebecc\u0105 Lazier w spektaklu There might be others.<\/p>\n","protected":false},"excerpt":{"rendered":"<p>FRASUNEK product of progressive unworking \/ Natalia Wilk, Jan Lorys obsada, re\u017cyseria, choreografia: Jan Lorys, Natalia Wilkmuzyka: CCkostiumy: made in Chinad\u0142ugo\u015b\u0107 spektaklu: 37 minutpremiera: 18 listopada 2017 BalletOFFFestivalproducent: Krakowskie Centrum Choreograficzne &#8211; Nowohuckie Centrum Kultury Spektakl powsta\u0142 w ramach programu rezydencyjnego w Krakowskim Centrum Choreograficznym. Frasunek. Tancerz frasobliwy. W naszej pracy dzielimy si\u0119 efektami praktyki [&hellip;]<\/p>\n","protected":false},"author":5,"featured_media":0,"parent":0,"menu_order":0,"comment_status":"closed","ping_status":"closed","template":"","meta":{"footnotes":""},"class_list":["post-4374","page","type-page","status-publish","hentry"],"yoast_head":"<!-- This site is optimized with the Yoast SEO plugin v19.12 - https:\/\/yoast.com\/wordpress\/plugins\/seo\/ -->\n<title>FRASUNEK product of progressive unworking \/ Natalia Wilk, Jan Lorys - Krakowskie Centrum Choreograficzne<\/title>\n<meta name=\"robots\" content=\"index, follow, max-snippet:-1, max-image-preview:large, max-video-preview:-1\" \/>\n<link rel=\"canonical\" href=\"https:\/\/nck.krakow.pl\/kcc\/frasunek-product-of-progressive-unworking\/\" \/>\n<meta property=\"og:locale\" content=\"pl_PL\" \/>\n<meta property=\"og:type\" content=\"article\" \/>\n<meta property=\"og:title\" content=\"FRASUNEK product of progressive unworking \/ Natalia Wilk, Jan Lorys\" \/>\n<meta property=\"og:description\" content=\"Spektakl powsta\u0142 w ramach programu rezydencyjnego w Krakowskim Centrum Choreograficznym.\" \/>\n<meta property=\"og:url\" content=\"https:\/\/nck.krakow.pl\/kcc\/frasunek-product-of-progressive-unworking\/\" \/>\n<meta property=\"og:site_name\" content=\"Krakowskie Centrum Choreograficzne\" \/>\n<meta property=\"article:modified_time\" content=\"2023-04-25T12:59:24+00:00\" \/>\n<meta property=\"og:image\" content=\"https:\/\/nck.krakow.pl\/kcc\/wp-content\/uploads\/2020\/02\/1g\u0142\u00f3wnaBaletOFF_TC-11-3.jpg\" \/>\n\t<meta property=\"og:image:width\" content=\"1200\" \/>\n\t<meta property=\"og:image:height\" content=\"801\" \/>\n\t<meta property=\"og:image:type\" content=\"image\/jpeg\" \/>\n<meta name=\"twitter:card\" content=\"summary_large_image\" \/>\n<meta name=\"twitter:label1\" content=\"Est. reading time\" \/>\n\t<meta name=\"twitter:data1\" content=\"4 minuty\" \/>\n<script type=\"application\/ld+json\" class=\"yoast-schema-graph\">{\"@context\":\"https:\/\/schema.org\",\"@graph\":[{\"@type\":\"WebPage\",\"@id\":\"https:\/\/nck.krakow.pl\/kcc\/frasunek-product-of-progressive-unworking\/\",\"url\":\"https:\/\/nck.krakow.pl\/kcc\/frasunek-product-of-progressive-unworking\/\",\"name\":\"FRASUNEK product of progressive unworking \/ Natalia Wilk, Jan Lorys - Krakowskie Centrum Choreograficzne\",\"isPartOf\":{\"@id\":\"https:\/\/nck.krakow.pl\/kcc\/#website\"},\"datePublished\":\"2020-02-19T13:04:38+00:00\",\"dateModified\":\"2023-04-25T12:59:24+00:00\",\"breadcrumb\":{\"@id\":\"https:\/\/nck.krakow.pl\/kcc\/frasunek-product-of-progressive-unworking\/#breadcrumb\"},\"inLanguage\":\"pl-PL\",\"potentialAction\":[{\"@type\":\"ReadAction\",\"target\":[\"https:\/\/nck.krakow.pl\/kcc\/frasunek-product-of-progressive-unworking\/\"]}]},{\"@type\":\"BreadcrumbList\",\"@id\":\"https:\/\/nck.krakow.pl\/kcc\/frasunek-product-of-progressive-unworking\/#breadcrumb\",\"itemListElement\":[{\"@type\":\"ListItem\",\"position\":1,\"name\":\"Strona g\u0142\u00f3wna\",\"item\":\"https:\/\/nck.krakow.pl\/kcc\/\"},{\"@type\":\"ListItem\",\"position\":2,\"name\":\"FRASUNEK product of progressive unworking \/ Natalia Wilk, Jan Lorys\"}]},{\"@type\":\"WebSite\",\"@id\":\"https:\/\/nck.krakow.pl\/kcc\/#website\",\"url\":\"https:\/\/nck.krakow.pl\/kcc\/\",\"name\":\"Krakowskie Centrum Choreograficzne\",\"description\":\"\",\"publisher\":{\"@id\":\"https:\/\/nck.krakow.pl\/kcc\/#organization\"},\"potentialAction\":[{\"@type\":\"SearchAction\",\"target\":{\"@type\":\"EntryPoint\",\"urlTemplate\":\"https:\/\/nck.krakow.pl\/kcc\/?s={search_term_string}\"},\"query-input\":\"required name=search_term_string\"}],\"inLanguage\":\"pl-PL\"},{\"@type\":\"Organization\",\"@id\":\"https:\/\/nck.krakow.pl\/kcc\/#organization\",\"name\":\"Krakowskie Centrum Choreograficzne\",\"url\":\"https:\/\/nck.krakow.pl\/kcc\/\",\"logo\":{\"@type\":\"ImageObject\",\"inLanguage\":\"pl-PL\",\"@id\":\"https:\/\/nck.krakow.pl\/kcc\/#\/schema\/logo\/image\/\",\"url\":\"https:\/\/nck.krakow.pl\/kcc\/wp-content\/uploads\/2020\/01\/cropped-logo-kcc-2020.png\",\"contentUrl\":\"https:\/\/nck.krakow.pl\/kcc\/wp-content\/uploads\/2020\/01\/cropped-logo-kcc-2020.png\",\"width\":116,\"height\":55,\"caption\":\"Krakowskie Centrum Choreograficzne\"},\"image\":{\"@id\":\"https:\/\/nck.krakow.pl\/kcc\/#\/schema\/logo\/image\/\"}}]}<\/script>\n<!-- \/ Yoast SEO plugin. -->","yoast_head_json":{"title":"FRASUNEK product of progressive unworking \/ Natalia Wilk, Jan Lorys - Krakowskie Centrum Choreograficzne","robots":{"index":"index","follow":"follow","max-snippet":"max-snippet:-1","max-image-preview":"max-image-preview:large","max-video-preview":"max-video-preview:-1"},"canonical":"https:\/\/nck.krakow.pl\/kcc\/frasunek-product-of-progressive-unworking\/","og_locale":"pl_PL","og_type":"article","og_title":"FRASUNEK product of progressive unworking \/ Natalia Wilk, Jan Lorys","og_description":"Spektakl powsta\u0142 w ramach programu rezydencyjnego w Krakowskim Centrum Choreograficznym.","og_url":"https:\/\/nck.krakow.pl\/kcc\/frasunek-product-of-progressive-unworking\/","og_site_name":"Krakowskie Centrum Choreograficzne","article_modified_time":"2023-04-25T12:59:24+00:00","og_image":[{"width":1200,"height":801,"url":"https:\/\/nck.krakow.pl\/kcc\/wp-content\/uploads\/2020\/02\/1g\u0142\u00f3wnaBaletOFF_TC-11-3.jpg","type":"image\/jpeg"}],"twitter_card":"summary_large_image","twitter_misc":{"Est. reading time":"4 minuty"},"schema":{"@context":"https:\/\/schema.org","@graph":[{"@type":"WebPage","@id":"https:\/\/nck.krakow.pl\/kcc\/frasunek-product-of-progressive-unworking\/","url":"https:\/\/nck.krakow.pl\/kcc\/frasunek-product-of-progressive-unworking\/","name":"FRASUNEK product of progressive unworking \/ Natalia Wilk, Jan Lorys - Krakowskie Centrum Choreograficzne","isPartOf":{"@id":"https:\/\/nck.krakow.pl\/kcc\/#website"},"datePublished":"2020-02-19T13:04:38+00:00","dateModified":"2023-04-25T12:59:24+00:00","breadcrumb":{"@id":"https:\/\/nck.krakow.pl\/kcc\/frasunek-product-of-progressive-unworking\/#breadcrumb"},"inLanguage":"pl-PL","potentialAction":[{"@type":"ReadAction","target":["https:\/\/nck.krakow.pl\/kcc\/frasunek-product-of-progressive-unworking\/"]}]},{"@type":"BreadcrumbList","@id":"https:\/\/nck.krakow.pl\/kcc\/frasunek-product-of-progressive-unworking\/#breadcrumb","itemListElement":[{"@type":"ListItem","position":1,"name":"Strona g\u0142\u00f3wna","item":"https:\/\/nck.krakow.pl\/kcc\/"},{"@type":"ListItem","position":2,"name":"FRASUNEK product of progressive unworking \/ Natalia Wilk, Jan Lorys"}]},{"@type":"WebSite","@id":"https:\/\/nck.krakow.pl\/kcc\/#website","url":"https:\/\/nck.krakow.pl\/kcc\/","name":"Krakowskie Centrum Choreograficzne","description":"","publisher":{"@id":"https:\/\/nck.krakow.pl\/kcc\/#organization"},"potentialAction":[{"@type":"SearchAction","target":{"@type":"EntryPoint","urlTemplate":"https:\/\/nck.krakow.pl\/kcc\/?s={search_term_string}"},"query-input":"required name=search_term_string"}],"inLanguage":"pl-PL"},{"@type":"Organization","@id":"https:\/\/nck.krakow.pl\/kcc\/#organization","name":"Krakowskie Centrum Choreograficzne","url":"https:\/\/nck.krakow.pl\/kcc\/","logo":{"@type":"ImageObject","inLanguage":"pl-PL","@id":"https:\/\/nck.krakow.pl\/kcc\/#\/schema\/logo\/image\/","url":"https:\/\/nck.krakow.pl\/kcc\/wp-content\/uploads\/2020\/01\/cropped-logo-kcc-2020.png","contentUrl":"https:\/\/nck.krakow.pl\/kcc\/wp-content\/uploads\/2020\/01\/cropped-logo-kcc-2020.png","width":116,"height":55,"caption":"Krakowskie Centrum Choreograficzne"},"image":{"@id":"https:\/\/nck.krakow.pl\/kcc\/#\/schema\/logo\/image\/"}}]}},"_links":{"self":[{"href":"https:\/\/nck.krakow.pl\/kcc\/wp-json\/wp\/v2\/pages\/4374"}],"collection":[{"href":"https:\/\/nck.krakow.pl\/kcc\/wp-json\/wp\/v2\/pages"}],"about":[{"href":"https:\/\/nck.krakow.pl\/kcc\/wp-json\/wp\/v2\/types\/page"}],"author":[{"embeddable":true,"href":"https:\/\/nck.krakow.pl\/kcc\/wp-json\/wp\/v2\/users\/5"}],"replies":[{"embeddable":true,"href":"https:\/\/nck.krakow.pl\/kcc\/wp-json\/wp\/v2\/comments?post=4374"}],"version-history":[{"count":3,"href":"https:\/\/nck.krakow.pl\/kcc\/wp-json\/wp\/v2\/pages\/4374\/revisions"}],"predecessor-version":[{"id":6845,"href":"https:\/\/nck.krakow.pl\/kcc\/wp-json\/wp\/v2\/pages\/4374\/revisions\/6845"}],"wp:attachment":[{"href":"https:\/\/nck.krakow.pl\/kcc\/wp-json\/wp\/v2\/media?parent=4374"}],"curies":[{"name":"wp","href":"https:\/\/api.w.org\/{rel}","templated":true}]}}