{"id":4322,"date":"2020-02-19T11:59:48","date_gmt":"2020-02-19T11:59:48","guid":{"rendered":"https:\/\/nck.krakow.pl\/kcc\/?page_id=4322"},"modified":"2023-04-25T12:58:05","modified_gmt":"2023-04-25T12:58:05","slug":"jestem-miloscia-ii","status":"publish","type":"page","link":"https:\/\/nck.krakow.pl\/kcc\/jestem-miloscia-ii\/","title":{"rendered":"Jestem mi\u0142o\u015bci\u0105 II \/ Barbara Bujakowska, Daria Kubisiak, Sebastian Grygo, Kamil Tuszy\u0144ski"},"content":{"rendered":"\n<figure class=\"wp-block-image\"><img loading=\"lazy\" decoding=\"async\" width=\"960\" height=\"640\" src=\"https:\/\/nck.krakow.pl\/kcc\/wp-content\/uploads\/2020\/02\/1g\u0142\u00f3wnaKMachniewicz_2018_11_25_NCK_BalletOFF_BBujakowska_DKubisiak_JestemMiloscia2_MG_6287_960x640px_q100.jpg\" alt=\"\" class=\"wp-image-4325\" srcset=\"https:\/\/nck.krakow.pl\/kcc\/wp-content\/uploads\/2020\/02\/1g\u0142\u00f3wnaKMachniewicz_2018_11_25_NCK_BalletOFF_BBujakowska_DKubisiak_JestemMiloscia2_MG_6287_960x640px_q100.jpg 960w, https:\/\/nck.krakow.pl\/kcc\/wp-content\/uploads\/2020\/02\/1g\u0142\u00f3wnaKMachniewicz_2018_11_25_NCK_BalletOFF_BBujakowska_DKubisiak_JestemMiloscia2_MG_6287_960x640px_q100-300x200.jpg 300w, https:\/\/nck.krakow.pl\/kcc\/wp-content\/uploads\/2020\/02\/1g\u0142\u00f3wnaKMachniewicz_2018_11_25_NCK_BalletOFF_BBujakowska_DKubisiak_JestemMiloscia2_MG_6287_960x640px_q100-768x512.jpg 768w\" sizes=\"(max-width: 960px) 100vw, 960px\" \/><\/figure>\n\n\n\n<div style=\"height:30px\" aria-hidden=\"true\" class=\"wp-block-spacer\"><\/div>\n\n\n\n<h1 class=\"wp-block-heading\">Jestem mi\u0142o\u015bci\u0105 II \/ Barbara Bujakowska, Daria Kubisiak, Sebastian Grygo, Kamil Tuszy\u0144ski <\/h1>\n\n\n\n<div style=\"height:20px\" aria-hidden=\"true\" class=\"wp-block-spacer\"><\/div>\n\n\n\n<p><strong>choreografia &#8211; <\/strong>Barbara Bujakowska<br><strong>dramaturgia &#8211; <\/strong>Daria Kubisiak<br><strong>muzyka &#8211; <\/strong>Kamil Tuszy\u0144ski<br><strong>wykonanie: <\/strong>Barbara Bujakowska, Daria Kubisiak, Sebastian Grygo<br><strong>premiera &#8211; <\/strong>25 listopada 2018 BalletOFFFestival<br><strong>producent &#8211; <\/strong>Krakowskie Centrum Choreograficzne &#8211; Nowohuckie Centrum Kultury<\/p>\n\n\n\n<blockquote class=\"wp-block-quote is-layout-flow wp-block-quote-is-layout-flow\">\n<p><em>W tej okolicy<\/em><br><em>wszystko co wzrok obejmie<\/em><br><em>takie jest ch\u0142odne<\/em><br><strong>Bash\u00f4 (z dziennika Oinnikki, 1688)<\/strong><\/p>\n<\/blockquote>\n\n\n\n<p>Projekt artystyczny \u201eJestem mi\u0142o\u015bci\u0105 I\u201d stanowi\u0142 opowie\u015b\u0107 o dw\u00f3ch kobietach, kt\u00f3re mierzy\u0142y si\u0119 z kulturowymi schematami \u201ekobieco\u015bci\u201d narzucanymi przez religie i system patriarchalny. \u201eJestem mi\u0142o\u015bci\u0105 II\u201d to projekt o poszerzonym sk\u0142adzie, kt\u00f3rego g\u0142\u00f3wn\u0105 matryc\u0105 stanowi\u0105 opowie\u015bci o mi\u0142o\u015bci i trudy nawi\u0105zywania mi\u0119dzyludzkich relacji. Opowie\u015bci maj\u0105 charakter intymnych zwierze\u0144. Odczarowanie \u015bwiata dotyczy tak\u017ce mi\u0142o\u015bci. Dlatego osi\u0105gni\u0119cie mi\u0142osnego spe\u0142nienia mo\u017ce okaza\u0107 si\u0119 rewolucyjne dla \u017cycia jednostki zar\u00f3wno w kontek\u015bcie indywidualnym, jak i zbiorowym. Tytu\u0142owe \u201eJestem mi\u0142o\u015bci\u0105\u201d w pierwszej cz\u0119\u015bci stanowi\u0142o rodzaj kl\u0105twy, kt\u00f3ra generowa\u0142a poczucie winy i chrze\u015bcija\u0144skie cierpienie. Natomiast druga cz\u0119\u015b\u0107 jest pr\u00f3b\u0105 osi\u0105gni\u0119cia mi\u0142osnego spe\u0142nienia, ale tak, \u017ceby by\u0142a ona dokonana na w\u0142asnych warunkach i sta\u0142a si\u0119 wolna od t\u0142amsz\u0105cych ludzk\u0105 wolno\u015b\u0107 schemat\u00f3w patriarchalno-religijnych. Popularny zwrot afektywny w polu sztuki, nauki i przestrzeni kulturowo-spo\u0142ecznej koncentruje si\u0119 na ludzkich emocjach i bada ich wp\u0142yw na spo\u0142eczne \u017cycie jednostek. Tw\u00f3rczynie i tw\u00f3rcy spektaklu \u201eJestem mi\u0142o\u015bci\u0105 II\u201d postanowili obiektem bada\u0144 uczyni\u0107 w\u0142asn\u0105 emocjonalno\u015b\u0107 i zaprezentowa\u0107 w jaki spos\u00f3b wp\u0142ywa ona na ich codzienn\u0105 egzystencj\u0119.<\/p>\n\n\n\n<figure class=\"wp-block-embed is-type-video is-provider-vimeo wp-block-embed-vimeo wp-embed-aspect-16-9 wp-has-aspect-ratio\"><div class=\"wp-block-embed__wrapper\">\n<iframe loading=\"lazy\" title=\"Jestem mi\u0142o\u015bci\u0105 II\" src=\"https:\/\/player.vimeo.com\/video\/300943468?dnt=1&amp;app_id=122963\" width=\"768\" height=\"432\" frameborder=\"0\" allow=\"autoplay; fullscreen\" allowfullscreen><\/iframe>\n<\/div><\/figure>\n\n\n\n<figure class=\"wp-block-image is-resized\"><img loading=\"lazy\" decoding=\"async\" src=\"https:\/\/nck.krakow.pl\/kcc\/balletofffestival\/wp-content\/uploads\/sites\/5\/2018\/11\/basia.jpg\" alt=\"\" class=\"wp-image-1473\" width=\"200\" height=\"323\"\/><\/figure>\n\n\n\n<p><strong>BARBARA BUJAKOWSKA<br><\/strong><br>Tancerka, choreografka i pedago\u017cka zwi\u0105zana z Krakowem. Urodzi\u0142a si\u0119 w roku 1983 w podkrakowskich Proszowicach. Taniec studiowa\u0142a na Anton Bruckner Privatuniversit\u00e4t w Linz w Austrii oraz w ramach programu przygotowawczego szko\u0142y SEAD w Salzburgu, wcze\u015bniej by\u0142a uczennic\u0105 Studia Baletowego przy Operze Krakowskiej, uprawia\u0142a te\u017c gimnastyk\u0119 sportow\u0105. By\u0142a stypendystk\u0105 Ministra Kultury i Dziedzictwa Narodowego (2009).<\/p>\n\n\n\n<p>By\u0142a cz\u0142onkini\u0105 krakowskiej grupy Hoplaa, z kt\u00f3r\u0105 stworzy\u0142a kilka niezale\u017cnych tanecznych produkcji wideo. Jej ironiczne solo&nbsp;<em>Swan_like,&nbsp;<\/em>czerpi\u0105ce ze stylistyki niemieckiego Tanztheater, otrzyma\u0142o nagrod\u0119 w organizowanym przez TVP konkursie \u201eDolina Kreatywna\u201d (2008). W 2008 roku w ramach pozna\u0144skiego programu rezydencyjnego Solo Projekt, wesp\u00f3\u0142 z muzykiem Marcinem Janusem stworzy\u0142a solo&nbsp;<em>Movement Modular Synthesis,<\/em>&nbsp;inspirowane muzyk\u0105 elektroniczn\u0105 i dzia\u0142aniem analogowych syntezator\u00f3w d\u017awi\u0119kowych. W stron\u0119 formalnych poszukiwa\u0144 na pograniczu ruchu i muzyki posz\u0142a r\u00f3wnie\u017c w spektaklu<em>&nbsp;3-Dance<\/em>, prezentowanym podczas Polskiej Platformy Ta\u0144ca 2010. Bujakowska ta\u0144czy\u0142a r\u00f3wnie\u017c u Nigela Charnocka \u2013 w spektaklu&nbsp;<em>Happy!&nbsp;<\/em>wyprodukowanym przez Art Stations Foundation,&nbsp;oraz w produkcji towarzystwa gimnastycznego&nbsp;<em>Nic.<\/em><\/p>\n\n\n\n<p>Zar\u00f3wno w swoich laboratoryjnych, abstrakcyjnych projektach, jak i w spektaklach o zdecydowanie bardziej \u201eteatralnym\u201d charakterze \u2013 jak&nbsp;<em>Swan_like&nbsp;<\/em>czy w spektakl Charnocka \u2013 Bujakowska wypracowa\u0142a sw\u00f3j oryginalny styl, oparty na rzadkim po\u0142\u0105czeniu dystansu, zmys\u0142u komicznego i analitycznego stosunku do formy.<\/p>\n\n\n\n<p>We wrze\u015bniu 2013 roku wzi\u0119\u0142a go\u015bcinny udzia\u0142 w etiudzie Magdaleny Przybysz do muzyki Witolda Lutos\u0142awskiego, przygotowanej w ramach rezydencji&nbsp;<em>Kilka krok<\/em><em>\u00f3<\/em><em>w do Lutos\u0142awskiego \u2013 \u0107wiczenia kompozycyjne dla m\u0142odych choreograf<\/em><em>\u00f3<\/em><em>w (projekt LUTOSFERY)<\/em>, realizowanej przez Centrum Sztuki Wsp\u00f3\u0142czesnej&nbsp;<em>\u2013&nbsp;<\/em>Zamek Ujazdowski, FUNDACJ\u0118&nbsp;<em>f.o.r.t.e.<\/em>&nbsp;oraz Fundacj\u0119 Burd\u0105g (opieka artystyczna: Maria Stok\u0142osa).<\/p>\n\n\n\n<p>W tym samym roku wsp\u00f3lnie z Paulin\u0105 Wysock\u0105 zrealizowa\u0142a spektakl&nbsp;<em>\u015ani\u0142<\/em><em>o mi si<\/em><em>\u0119, \u017ce pozosta\u0142 po nas pusty pok<\/em><em>\u00f3<\/em><em>j<\/em>&nbsp;(inauguracja sezonu 2013\/2014 Sceny Ta\u0144ca Wsp\u00f3\u0142czesnego).<\/p>\n\n\n\n<figure class=\"wp-block-image is-resized\"><img decoding=\"async\" src=\"https:\/\/nck.krakow.pl\/kcc\/balletofffestival\/wp-content\/uploads\/sites\/5\/2018\/11\/daria.jpg\" alt=\"\" class=\"wp-image-1474\" width=\"200\"\/><\/figure>\n\n\n\n<p><strong>DARIA KUBISIAK<\/strong><br><br>Ur. 1989. Absolwentka polonistyki i performatyki przedstawie\u0144 na Uniwersytecie Jagiello\u0144skim, studentka re\u017cyserii (spec. dramaturg teatru) na Wydziale Re\u017cyserii Dramatu Akademii Sztuk Teatralnych im. Stanis\u0142awa Wyspia\u0144skiego w Krakowie. Jako dramatopisarka debiutowa\u0142a tekstem&nbsp;<em>Reduplikacja<\/em>&nbsp;w re\u017cyserii A\u015bki Grochulskiej w \u0141a\u017ani Nowej w Krakowie w ramach Festiwalu Uczu\u0107 Ura\u017conych. Wsp\u00f3\u0142autorka i re\u017cyserka instalacji&nbsp;<em>Kartoteka rozrzucona 2.016<\/em>&nbsp;(Instytut im. Jerzego Grotowskiego we Wroc\u0142awiu, 2016). Wsp\u00f3\u0142tworzy\u0142a wraz z Katarzyn\u0105 Pepli\u0144sk\u0105 autorskie wydarzenie sceniczne&nbsp;<em>Ch<\/em><em>\u00f3<\/em><em>r Performatyk<\/em><em>\u00f3<\/em><em>w<\/em>, kt\u00f3re otrzyma\u0142o wyr\u00f3\u017cnienie na Forum M\u0142odej Re\u017cyserii w 2016 roku (Cricoteka 2016, Teatr Nowy w Krakowie 2017), Cz\u0142onkini kolektywu artystycznego \u201eAntyteren\u201d (m.in.&nbsp;<em>Dzie\u0144 Cud<\/em><em>\u00f3<\/em><em>w<\/em>;&nbsp;<em>Antyteren \u2013 ka\u017cdy teren jest nasz<\/em>). Tworzy projekty z pogranicza teatru, ta\u0144ca i sztuk performatywnych. Do jej najwa\u017cniejszych prac nale\u017cy: Ch\u00f3r Performatyk\u00f3w (Cricoteka, 2016), Hamlet czyli Ofelia (AST w Krakowie, 2017), Kordian (Teatr Polski w Poznaniu 2018) Chinka (TR Warszawa 2018), Jestem mi\u0142o\u015bci\u0105 (KCC 2018).<\/p>\n\n\n\n<figure class=\"wp-block-image is-resized\"><img decoding=\"async\" src=\"https:\/\/nck.krakow.pl\/kcc\/balletofffestival\/wp-content\/uploads\/sites\/5\/2018\/11\/sebastian.jpg\" alt=\"\" class=\"wp-image-1475\" width=\"200\"\/><\/figure>\n\n\n\n<p><strong>SEBASTIAN GRYGO<br><br><\/strong>Absolwent Pa\u0144stwowej Wy\u017cszej Szko\u0142y Teatralnej w Krakowie. Odk\u0105d pami\u0119ta\u0142, mia\u0142 kontakt z teatrem. Kr\u00f3tko po uko\u0144czeniu szko\u0142y \u015bredniej wsp\u00f3\u0142pracowa\u0142 przez dwa lata z teatrami graj\u0105cymi bajki dla dzieci i wyst\u0119pami dla m\u0142odzie\u017cy w ca\u0142ej Polsce (Narodowy Teatr Edukacji we Wroc\u0142awiu i Teatr Wsp\u00f3\u0142czesny w Krakowie). Przez te dwa lata podj\u0105\u0142 decyzj\u0119, \u017ce chce rozwin\u0105\u0107 swoje umiej\u0119tno\u015bci poprzez studia na wydziale aktorskim, gdzie odkry\u0142 swoj\u0105 kolejn\u0105 pasj\u0119 do muzyki i gry na instrumentach. Obecnie wsp\u00f3\u0142pracuje ze studentami wydzia\u0142u re\u017cyserii krakowskiego PWST. Bierze udzia\u0142 w projektach na pograniczu teatru, sztuk scenicznych, filmu i sztuki wideo. Najwa\u017cniejsze jego dzie\u0142a to: \u201cAmok. Pani Koma zbli\u017ca si\u0119 \u201cw re\u017cyserii Marcina Libera (2015),\u201d Tkacze \u201cw re\u017cyserii Klaudii Hartug-W\u00f3jciak, (2016), Ch\u00f3r Performatyk\u00f3w (2017), Hamlet czyli Ofelia (2017), Szukaj\u0105c Romea w re\u017cyserii Klaudii Hartung-W\u00f3jciak (Teatr Bagatela 2018), Niesamowici Bracia Limburg w re\u017cyserii Beniamina Bukowskiego (Teatroteka 2018).<\/p>\n\n\n\n<figure class=\"wp-block-image is-resized\"><img decoding=\"async\" src=\"https:\/\/nck.krakow.pl\/kcc\/balletofffestival\/wp-content\/uploads\/sites\/5\/2018\/11\/kamil.jpg\" alt=\"\" class=\"wp-image-1476\" width=\"200\"\/><\/figure>\n\n\n\n<p><strong>KAMIL TUSZY\u0143SKI<br><br><\/strong>Kompozytor, producent i wykonawca muzyki teatralnej i filmowej, autor s\u0142uchowisk, DJ, multiintrumentalista, lider i autor piosenek zespo\u0142u Zdrowie, student Szko\u0142y Muzyki Nowoczesnej we Wroc\u0142awiu. Od sze\u015bciu lat zwi\u0105zany z krakowsk\u0105 scen\u0105 klubow\u0105 i koncertow\u0105, tworzeniem muzyki teatralnej i filmowej zajmuje si\u0119 od 2015 roku \u2013 realizowa\u0142 spektakle w Warszawie, Krakowie, Poznaniu, Wroc\u0142awiu, Wa\u0142brzychu, Olsztynie, Rzeszowie, Opolu, Szczecinie, Bydgoszczy, Bielsku-Bia\u0142ej i Gda\u0144sku. W 2017 roku wyst\u0105pi\u0142 na Lava Festiwal ud\u017awi\u0119kawiaj\u0105c film Mai Deren \u201cAt Land\u201d. Obecnie wsp\u00f3\u0142pracuje z kolektywem Tajny Projekt zwi\u0105zanym z ASP w Katowicach, gdzie zajmuje si\u0119 tworzeniem audiowizualnych instalacji interaktywnych, projekcji i mapping\u00f3w.<\/p>\n\n\n\n<p>fot. Katarzyna Machniewicz<\/p>\n","protected":false},"excerpt":{"rendered":"<p>Jestem mi\u0142o\u015bci\u0105 II \/ Barbara Bujakowska, Daria Kubisiak, Sebastian Grygo, Kamil Tuszy\u0144ski choreografia &#8211; Barbara Bujakowskadramaturgia &#8211; Daria Kubisiakmuzyka &#8211; Kamil Tuszy\u0144skiwykonanie: Barbara Bujakowska, Daria Kubisiak, Sebastian Grygopremiera &#8211; 25 listopada 2018 BalletOFFFestivalproducent &#8211; Krakowskie Centrum Choreograficzne &#8211; Nowohuckie Centrum Kultury W tej okolicywszystko co wzrok obejmietakie jest ch\u0142odneBash\u00f4 (z dziennika Oinnikki, 1688) Projekt artystyczny [&hellip;]<\/p>\n","protected":false},"author":5,"featured_media":0,"parent":0,"menu_order":0,"comment_status":"closed","ping_status":"closed","template":"","meta":{"footnotes":""},"class_list":["post-4322","page","type-page","status-publish","hentry"],"yoast_head":"<!-- This site is optimized with the Yoast SEO plugin v19.12 - https:\/\/yoast.com\/wordpress\/plugins\/seo\/ -->\n<title>Jestem mi\u0142o\u015bci\u0105 II \/ Barbara Bujakowska, Daria Kubisiak, Sebastian Grygo, Kamil Tuszy\u0144ski - Krakowskie Centrum Choreograficzne<\/title>\n<meta name=\"robots\" content=\"index, follow, max-snippet:-1, max-image-preview:large, max-video-preview:-1\" \/>\n<link rel=\"canonical\" href=\"https:\/\/nck.krakow.pl\/kcc\/jestem-miloscia-ii\/\" \/>\n<meta property=\"og:locale\" content=\"pl_PL\" \/>\n<meta property=\"og:type\" content=\"article\" \/>\n<meta property=\"og:title\" content=\"Jestem mi\u0142o\u015bci\u0105 II \/ Barbara Bujakowska, Daria Kubisiak, Sebastian Grygo, Kamil Tuszy\u0144ski\" \/>\n<meta property=\"og:description\" content=\"Choreografia: Barbara Bujakowska\" \/>\n<meta property=\"og:url\" content=\"https:\/\/nck.krakow.pl\/kcc\/jestem-miloscia-ii\/\" \/>\n<meta property=\"og:site_name\" content=\"Krakowskie Centrum Choreograficzne\" \/>\n<meta property=\"article:modified_time\" content=\"2023-04-25T12:58:05+00:00\" \/>\n<meta property=\"og:image\" content=\"https:\/\/nck.krakow.pl\/kcc\/wp-content\/uploads\/2020\/02\/1g\u0142\u00f3wnaKMachniewicz_2018_11_25_NCK_BalletOFF_BBujakowska_DKubisiak_JestemMiloscia2_MG_6287_960x640px_q100.jpg\" \/>\n\t<meta property=\"og:image:width\" content=\"960\" \/>\n\t<meta property=\"og:image:height\" content=\"640\" \/>\n\t<meta property=\"og:image:type\" content=\"image\/jpeg\" \/>\n<meta name=\"twitter:card\" content=\"summary_large_image\" \/>\n<meta name=\"twitter:label1\" content=\"Est. reading time\" \/>\n\t<meta name=\"twitter:data1\" content=\"7 minut\" \/>\n<script type=\"application\/ld+json\" class=\"yoast-schema-graph\">{\"@context\":\"https:\/\/schema.org\",\"@graph\":[{\"@type\":\"WebPage\",\"@id\":\"https:\/\/nck.krakow.pl\/kcc\/jestem-miloscia-ii\/\",\"url\":\"https:\/\/nck.krakow.pl\/kcc\/jestem-miloscia-ii\/\",\"name\":\"Jestem mi\u0142o\u015bci\u0105 II \/ Barbara Bujakowska, Daria Kubisiak, Sebastian Grygo, Kamil Tuszy\u0144ski - Krakowskie Centrum Choreograficzne\",\"isPartOf\":{\"@id\":\"https:\/\/nck.krakow.pl\/kcc\/#website\"},\"datePublished\":\"2020-02-19T11:59:48+00:00\",\"dateModified\":\"2023-04-25T12:58:05+00:00\",\"breadcrumb\":{\"@id\":\"https:\/\/nck.krakow.pl\/kcc\/jestem-miloscia-ii\/#breadcrumb\"},\"inLanguage\":\"pl-PL\",\"potentialAction\":[{\"@type\":\"ReadAction\",\"target\":[\"https:\/\/nck.krakow.pl\/kcc\/jestem-miloscia-ii\/\"]}]},{\"@type\":\"BreadcrumbList\",\"@id\":\"https:\/\/nck.krakow.pl\/kcc\/jestem-miloscia-ii\/#breadcrumb\",\"itemListElement\":[{\"@type\":\"ListItem\",\"position\":1,\"name\":\"Strona g\u0142\u00f3wna\",\"item\":\"https:\/\/nck.krakow.pl\/kcc\/\"},{\"@type\":\"ListItem\",\"position\":2,\"name\":\"Jestem mi\u0142o\u015bci\u0105 II \/ Barbara Bujakowska, Daria Kubisiak, Sebastian Grygo, Kamil Tuszy\u0144ski\"}]},{\"@type\":\"WebSite\",\"@id\":\"https:\/\/nck.krakow.pl\/kcc\/#website\",\"url\":\"https:\/\/nck.krakow.pl\/kcc\/\",\"name\":\"Krakowskie Centrum Choreograficzne\",\"description\":\"\",\"publisher\":{\"@id\":\"https:\/\/nck.krakow.pl\/kcc\/#organization\"},\"potentialAction\":[{\"@type\":\"SearchAction\",\"target\":{\"@type\":\"EntryPoint\",\"urlTemplate\":\"https:\/\/nck.krakow.pl\/kcc\/?s={search_term_string}\"},\"query-input\":\"required name=search_term_string\"}],\"inLanguage\":\"pl-PL\"},{\"@type\":\"Organization\",\"@id\":\"https:\/\/nck.krakow.pl\/kcc\/#organization\",\"name\":\"Krakowskie Centrum Choreograficzne\",\"url\":\"https:\/\/nck.krakow.pl\/kcc\/\",\"logo\":{\"@type\":\"ImageObject\",\"inLanguage\":\"pl-PL\",\"@id\":\"https:\/\/nck.krakow.pl\/kcc\/#\/schema\/logo\/image\/\",\"url\":\"https:\/\/nck.krakow.pl\/kcc\/wp-content\/uploads\/2020\/01\/cropped-logo-kcc-2020.png\",\"contentUrl\":\"https:\/\/nck.krakow.pl\/kcc\/wp-content\/uploads\/2020\/01\/cropped-logo-kcc-2020.png\",\"width\":116,\"height\":55,\"caption\":\"Krakowskie Centrum Choreograficzne\"},\"image\":{\"@id\":\"https:\/\/nck.krakow.pl\/kcc\/#\/schema\/logo\/image\/\"}}]}<\/script>\n<!-- \/ Yoast SEO plugin. -->","yoast_head_json":{"title":"Jestem mi\u0142o\u015bci\u0105 II \/ Barbara Bujakowska, Daria Kubisiak, Sebastian Grygo, Kamil Tuszy\u0144ski - Krakowskie Centrum Choreograficzne","robots":{"index":"index","follow":"follow","max-snippet":"max-snippet:-1","max-image-preview":"max-image-preview:large","max-video-preview":"max-video-preview:-1"},"canonical":"https:\/\/nck.krakow.pl\/kcc\/jestem-miloscia-ii\/","og_locale":"pl_PL","og_type":"article","og_title":"Jestem mi\u0142o\u015bci\u0105 II \/ Barbara Bujakowska, Daria Kubisiak, Sebastian Grygo, Kamil Tuszy\u0144ski","og_description":"Choreografia: Barbara Bujakowska","og_url":"https:\/\/nck.krakow.pl\/kcc\/jestem-miloscia-ii\/","og_site_name":"Krakowskie Centrum Choreograficzne","article_modified_time":"2023-04-25T12:58:05+00:00","og_image":[{"width":960,"height":640,"url":"https:\/\/nck.krakow.pl\/kcc\/wp-content\/uploads\/2020\/02\/1g\u0142\u00f3wnaKMachniewicz_2018_11_25_NCK_BalletOFF_BBujakowska_DKubisiak_JestemMiloscia2_MG_6287_960x640px_q100.jpg","type":"image\/jpeg"}],"twitter_card":"summary_large_image","twitter_misc":{"Est. reading time":"7 minut"},"schema":{"@context":"https:\/\/schema.org","@graph":[{"@type":"WebPage","@id":"https:\/\/nck.krakow.pl\/kcc\/jestem-miloscia-ii\/","url":"https:\/\/nck.krakow.pl\/kcc\/jestem-miloscia-ii\/","name":"Jestem mi\u0142o\u015bci\u0105 II \/ Barbara Bujakowska, Daria Kubisiak, Sebastian Grygo, Kamil Tuszy\u0144ski - Krakowskie Centrum Choreograficzne","isPartOf":{"@id":"https:\/\/nck.krakow.pl\/kcc\/#website"},"datePublished":"2020-02-19T11:59:48+00:00","dateModified":"2023-04-25T12:58:05+00:00","breadcrumb":{"@id":"https:\/\/nck.krakow.pl\/kcc\/jestem-miloscia-ii\/#breadcrumb"},"inLanguage":"pl-PL","potentialAction":[{"@type":"ReadAction","target":["https:\/\/nck.krakow.pl\/kcc\/jestem-miloscia-ii\/"]}]},{"@type":"BreadcrumbList","@id":"https:\/\/nck.krakow.pl\/kcc\/jestem-miloscia-ii\/#breadcrumb","itemListElement":[{"@type":"ListItem","position":1,"name":"Strona g\u0142\u00f3wna","item":"https:\/\/nck.krakow.pl\/kcc\/"},{"@type":"ListItem","position":2,"name":"Jestem mi\u0142o\u015bci\u0105 II \/ Barbara Bujakowska, Daria Kubisiak, Sebastian Grygo, Kamil Tuszy\u0144ski"}]},{"@type":"WebSite","@id":"https:\/\/nck.krakow.pl\/kcc\/#website","url":"https:\/\/nck.krakow.pl\/kcc\/","name":"Krakowskie Centrum Choreograficzne","description":"","publisher":{"@id":"https:\/\/nck.krakow.pl\/kcc\/#organization"},"potentialAction":[{"@type":"SearchAction","target":{"@type":"EntryPoint","urlTemplate":"https:\/\/nck.krakow.pl\/kcc\/?s={search_term_string}"},"query-input":"required name=search_term_string"}],"inLanguage":"pl-PL"},{"@type":"Organization","@id":"https:\/\/nck.krakow.pl\/kcc\/#organization","name":"Krakowskie Centrum Choreograficzne","url":"https:\/\/nck.krakow.pl\/kcc\/","logo":{"@type":"ImageObject","inLanguage":"pl-PL","@id":"https:\/\/nck.krakow.pl\/kcc\/#\/schema\/logo\/image\/","url":"https:\/\/nck.krakow.pl\/kcc\/wp-content\/uploads\/2020\/01\/cropped-logo-kcc-2020.png","contentUrl":"https:\/\/nck.krakow.pl\/kcc\/wp-content\/uploads\/2020\/01\/cropped-logo-kcc-2020.png","width":116,"height":55,"caption":"Krakowskie Centrum Choreograficzne"},"image":{"@id":"https:\/\/nck.krakow.pl\/kcc\/#\/schema\/logo\/image\/"}}]}},"_links":{"self":[{"href":"https:\/\/nck.krakow.pl\/kcc\/wp-json\/wp\/v2\/pages\/4322"}],"collection":[{"href":"https:\/\/nck.krakow.pl\/kcc\/wp-json\/wp\/v2\/pages"}],"about":[{"href":"https:\/\/nck.krakow.pl\/kcc\/wp-json\/wp\/v2\/types\/page"}],"author":[{"embeddable":true,"href":"https:\/\/nck.krakow.pl\/kcc\/wp-json\/wp\/v2\/users\/5"}],"replies":[{"embeddable":true,"href":"https:\/\/nck.krakow.pl\/kcc\/wp-json\/wp\/v2\/comments?post=4322"}],"version-history":[{"count":6,"href":"https:\/\/nck.krakow.pl\/kcc\/wp-json\/wp\/v2\/pages\/4322\/revisions"}],"predecessor-version":[{"id":6839,"href":"https:\/\/nck.krakow.pl\/kcc\/wp-json\/wp\/v2\/pages\/4322\/revisions\/6839"}],"wp:attachment":[{"href":"https:\/\/nck.krakow.pl\/kcc\/wp-json\/wp\/v2\/media?parent=4322"}],"curies":[{"name":"wp","href":"https:\/\/api.w.org\/{rel}","templated":true}]}}