{"id":4287,"date":"2020-02-19T11:30:38","date_gmt":"2020-02-19T11:30:38","guid":{"rendered":"https:\/\/nck.krakow.pl\/kcc\/?page_id=4287"},"modified":"2023-04-25T12:56:24","modified_gmt":"2023-04-25T12:56:24","slug":"teach-yourself-to-fly","status":"publish","type":"page","link":"https:\/\/nck.krakow.pl\/kcc\/teach-yourself-to-fly\/","title":{"rendered":"Teach Yourself To Fly \/ Artur Bie\u0144kowski"},"content":{"rendered":"\n<figure class=\"wp-block-image\"><img loading=\"lazy\" decoding=\"async\" width=\"1024\" height=\"683\" src=\"https:\/\/nck.krakow.pl\/kcc\/wp-content\/uploads\/2020\/02\/1-g\u0142\u00f3wnaTEACH-YOURSELF-RS03-06027-1024x683.jpg\" alt=\"\" class=\"wp-image-4288\" srcset=\"https:\/\/nck.krakow.pl\/kcc\/wp-content\/uploads\/2020\/02\/1-g\u0142\u00f3wnaTEACH-YOURSELF-RS03-06027-1024x683.jpg 1024w, https:\/\/nck.krakow.pl\/kcc\/wp-content\/uploads\/2020\/02\/1-g\u0142\u00f3wnaTEACH-YOURSELF-RS03-06027-300x200.jpg 300w, https:\/\/nck.krakow.pl\/kcc\/wp-content\/uploads\/2020\/02\/1-g\u0142\u00f3wnaTEACH-YOURSELF-RS03-06027-768x512.jpg 768w, https:\/\/nck.krakow.pl\/kcc\/wp-content\/uploads\/2020\/02\/1-g\u0142\u00f3wnaTEACH-YOURSELF-RS03-06027.jpg 1200w\" sizes=\"(max-width: 1024px) 100vw, 1024px\" \/><\/figure>\n\n\n\n<div style=\"height:30px\" aria-hidden=\"true\" class=\"wp-block-spacer\"><\/div>\n\n\n\n<h2 class=\"wp-block-heading\">Teach Yourself To Fly \/ Artur Bie\u0144kowski<\/h2>\n\n\n\n<div style=\"height:20px\" aria-hidden=\"true\" class=\"wp-block-spacer\"><\/div>\n\n\n\n<p><strong>choreografia \u2013 <\/strong>Artur Bie\u0144kowski<br><strong>taniec i kreacja \u2013 <\/strong>Victoria Kennett<br><strong>muzyka \u2013 <\/strong>Kessel Jaeger<br><strong>foto \u2013 <\/strong>Dominik Wi\u0119cek <br><strong>premiera \u2013 <\/strong>30 listopada 2019 Studio KCC<br><strong>producent \u2013 <\/strong>Krakowskie Centrum Choreograficzne &#8211; Nowohuckie Centrum Kultury\n\n<\/p>\n\n\n\n<p>Spektakl powsta\u0142 w ramach programu rezydencyjnego w Krakowskim Centrum Choreograficznym. <\/p>\n\n\n\n<p>Projekt choreograficzny \u201eTeach yourself to fly\u201d zak\u0142ada, \u017ce praca z metodologi\u0105 procesu tw\u00f3rczego i strategi\u0105 choreograficzn\u0105 to proces poznawczy, powoduj\u0105cy zmian\u0119 w percepcji. G\u0142\u00f3wn\u0105 inspiracj\u0105 tw\u00f3rcy s\u0105 metody \u201eG\u0142\u0119bokiego S\u0142uchania\u201d Pauline Oliveros \u2013 \u0107wiczenia przekszta\u0142caj\u0105ce nawyki percepcyjne w celu wykszta\u0142cenia otwarto\u015bci w stosunku do otoczenia i innego, rozumiej\u0105c tym samym, \u017ce prawdziwe s\u0142uchanie, mo\u017cliwo\u015b\u0107 bycia us\u0142yszanym \/ wys\u0142uchanym,&nbsp; a tak\u017ce prawdziwe s\u0142uchanie siebie, kszta\u0142tuje rzeczywisto\u015b\u0107&nbsp;&nbsp;&nbsp;&nbsp;&nbsp; i ma potencja\u0142 zmiany. Praktyka Deep Listening to tak\u017ce spos\u00f3b s\u0142uchania wszystkich mo\u017cliwych d\u017awi\u0119k\u00f3w, na wszystkie mo\u017cliwe sposoby i zast\u0105pienie obserwacji aktywnym uczestnictwem. Deep Listening jest tu nie tylko zmian\u0105 wyostrzaj\u0105c\u0105 zmys\u0142, ale te\u017c zmian\u0105 powoduj\u0105c\u0105 odmienny spos\u00f3b uczestniczenia w rzeczywisto\u015bci. Tw\u00f3rcy zak\u0142adaj\u0105, \u017ce ca\u0142e cia\u0142o jest odbiorc\u0105 wszystkiego: d\u017awi\u0119k\u00f3w, my\u015bli, wyobra\u017ce\u0144, a na choreografi\u0119 sk\u0142ada si\u0119 zar\u00f3wno ruch cia\u0142a jak i wyobra\u017cenia i oczekiwania widza. <\/p>\n\n\n\n<figure class=\"wp-block-gallery has-nested-images columns-default is-cropped wp-block-gallery-1 is-layout-flex wp-block-gallery-is-layout-flex\">\n<figure class=\"wp-block-image\"><a href=\"https:\/\/nck.krakow.pl\/kcc\/wp-content\/uploads\/2020\/02\/1-g\u0142\u00f3wnaTEACH-YOURSELF-RS03-06027-1.jpg\"><img loading=\"lazy\" decoding=\"async\" width=\"1024\" height=\"683\" data-id=\"4290\" src=\"https:\/\/nck.krakow.pl\/kcc\/wp-content\/uploads\/2020\/02\/1-g\u0142\u00f3wnaTEACH-YOURSELF-RS03-06027-1-1024x683.jpg\" alt=\"\" class=\"wp-image-4290\" srcset=\"https:\/\/nck.krakow.pl\/kcc\/wp-content\/uploads\/2020\/02\/1-g\u0142\u00f3wnaTEACH-YOURSELF-RS03-06027-1-1024x683.jpg 1024w, https:\/\/nck.krakow.pl\/kcc\/wp-content\/uploads\/2020\/02\/1-g\u0142\u00f3wnaTEACH-YOURSELF-RS03-06027-1-300x200.jpg 300w, https:\/\/nck.krakow.pl\/kcc\/wp-content\/uploads\/2020\/02\/1-g\u0142\u00f3wnaTEACH-YOURSELF-RS03-06027-1-768x512.jpg 768w, https:\/\/nck.krakow.pl\/kcc\/wp-content\/uploads\/2020\/02\/1-g\u0142\u00f3wnaTEACH-YOURSELF-RS03-06027-1.jpg 1200w\" sizes=\"(max-width: 1024px) 100vw, 1024px\" \/><\/a><\/figure>\n\n\n\n<figure class=\"wp-block-image\"><a href=\"https:\/\/nck.krakow.pl\/kcc\/wp-content\/uploads\/2020\/02\/1-g\u0142\u00f3wnaTEACH-YOURSELF-RS10-06067.jpg\"><img loading=\"lazy\" decoding=\"async\" width=\"1024\" height=\"683\" data-id=\"4291\" src=\"https:\/\/nck.krakow.pl\/kcc\/wp-content\/uploads\/2020\/02\/1-g\u0142\u00f3wnaTEACH-YOURSELF-RS10-06067-1024x683.jpg\" alt=\"\" class=\"wp-image-4291\" srcset=\"https:\/\/nck.krakow.pl\/kcc\/wp-content\/uploads\/2020\/02\/1-g\u0142\u00f3wnaTEACH-YOURSELF-RS10-06067-1024x683.jpg 1024w, https:\/\/nck.krakow.pl\/kcc\/wp-content\/uploads\/2020\/02\/1-g\u0142\u00f3wnaTEACH-YOURSELF-RS10-06067-300x200.jpg 300w, https:\/\/nck.krakow.pl\/kcc\/wp-content\/uploads\/2020\/02\/1-g\u0142\u00f3wnaTEACH-YOURSELF-RS10-06067-768x512.jpg 768w, https:\/\/nck.krakow.pl\/kcc\/wp-content\/uploads\/2020\/02\/1-g\u0142\u00f3wnaTEACH-YOURSELF-RS10-06067.jpg 1200w\" sizes=\"(max-width: 1024px) 100vw, 1024px\" \/><\/a><\/figure>\n\n\n\n<figure class=\"wp-block-image\"><a href=\"https:\/\/nck.krakow.pl\/kcc\/wp-content\/uploads\/2020\/02\/TEACH-YOURSELF-RS04-06034.jpg\"><img loading=\"lazy\" decoding=\"async\" width=\"683\" height=\"1024\" data-id=\"4292\" src=\"https:\/\/nck.krakow.pl\/kcc\/wp-content\/uploads\/2020\/02\/TEACH-YOURSELF-RS04-06034-683x1024.jpg\" alt=\"\" class=\"wp-image-4292\" srcset=\"https:\/\/nck.krakow.pl\/kcc\/wp-content\/uploads\/2020\/02\/TEACH-YOURSELF-RS04-06034-683x1024.jpg 683w, https:\/\/nck.krakow.pl\/kcc\/wp-content\/uploads\/2020\/02\/TEACH-YOURSELF-RS04-06034-200x300.jpg 200w, https:\/\/nck.krakow.pl\/kcc\/wp-content\/uploads\/2020\/02\/TEACH-YOURSELF-RS04-06034-768x1152.jpg 768w, https:\/\/nck.krakow.pl\/kcc\/wp-content\/uploads\/2020\/02\/TEACH-YOURSELF-RS04-06034.jpg 800w\" sizes=\"(max-width: 683px) 100vw, 683px\" \/><\/a><\/figure>\n\n\n\n<figure class=\"wp-block-image\"><a href=\"https:\/\/nck.krakow.pl\/kcc\/wp-content\/uploads\/2020\/02\/TEACH-YOURSELF-RS05-06038.jpg\"><img loading=\"lazy\" decoding=\"async\" width=\"683\" height=\"1024\" data-id=\"4293\" src=\"https:\/\/nck.krakow.pl\/kcc\/wp-content\/uploads\/2020\/02\/TEACH-YOURSELF-RS05-06038-683x1024.jpg\" alt=\"\" class=\"wp-image-4293\" srcset=\"https:\/\/nck.krakow.pl\/kcc\/wp-content\/uploads\/2020\/02\/TEACH-YOURSELF-RS05-06038-683x1024.jpg 683w, https:\/\/nck.krakow.pl\/kcc\/wp-content\/uploads\/2020\/02\/TEACH-YOURSELF-RS05-06038-200x300.jpg 200w, https:\/\/nck.krakow.pl\/kcc\/wp-content\/uploads\/2020\/02\/TEACH-YOURSELF-RS05-06038-768x1152.jpg 768w, https:\/\/nck.krakow.pl\/kcc\/wp-content\/uploads\/2020\/02\/TEACH-YOURSELF-RS05-06038.jpg 800w\" sizes=\"(max-width: 683px) 100vw, 683px\" \/><\/a><\/figure>\n\n\n\n<figure class=\"wp-block-image\"><a href=\"https:\/\/nck.krakow.pl\/kcc\/wp-content\/uploads\/2020\/02\/TEACH-YOURSELF-RS09-06056.jpg\"><img loading=\"lazy\" decoding=\"async\" width=\"683\" height=\"1024\" data-id=\"4294\" src=\"https:\/\/nck.krakow.pl\/kcc\/wp-content\/uploads\/2020\/02\/TEACH-YOURSELF-RS09-06056-683x1024.jpg\" alt=\"\" class=\"wp-image-4294\" srcset=\"https:\/\/nck.krakow.pl\/kcc\/wp-content\/uploads\/2020\/02\/TEACH-YOURSELF-RS09-06056-683x1024.jpg 683w, https:\/\/nck.krakow.pl\/kcc\/wp-content\/uploads\/2020\/02\/TEACH-YOURSELF-RS09-06056-200x300.jpg 200w, https:\/\/nck.krakow.pl\/kcc\/wp-content\/uploads\/2020\/02\/TEACH-YOURSELF-RS09-06056-768x1152.jpg 768w, https:\/\/nck.krakow.pl\/kcc\/wp-content\/uploads\/2020\/02\/TEACH-YOURSELF-RS09-06056.jpg 800w\" sizes=\"(max-width: 683px) 100vw, 683px\" \/><\/a><\/figure>\n\n\n\n<figure class=\"wp-block-image\"><a href=\"https:\/\/nck.krakow.pl\/kcc\/wp-content\/uploads\/2020\/02\/TEACH-YOURSELF-RS31-06154.jpg\"><img loading=\"lazy\" decoding=\"async\" width=\"683\" height=\"1024\" data-id=\"4295\" src=\"https:\/\/nck.krakow.pl\/kcc\/wp-content\/uploads\/2020\/02\/TEACH-YOURSELF-RS31-06154-683x1024.jpg\" alt=\"\" class=\"wp-image-4295\" srcset=\"https:\/\/nck.krakow.pl\/kcc\/wp-content\/uploads\/2020\/02\/TEACH-YOURSELF-RS31-06154-683x1024.jpg 683w, https:\/\/nck.krakow.pl\/kcc\/wp-content\/uploads\/2020\/02\/TEACH-YOURSELF-RS31-06154-200x300.jpg 200w, https:\/\/nck.krakow.pl\/kcc\/wp-content\/uploads\/2020\/02\/TEACH-YOURSELF-RS31-06154-768x1152.jpg 768w, https:\/\/nck.krakow.pl\/kcc\/wp-content\/uploads\/2020\/02\/TEACH-YOURSELF-RS31-06154.jpg 800w\" sizes=\"(max-width: 683px) 100vw, 683px\" \/><\/a><\/figure>\n<\/figure>\n\n\n\n<p>fot. Robert Siwek<\/p>\n","protected":false},"excerpt":{"rendered":"<p>Teach Yourself To Fly \/ Artur Bie\u0144kowski choreografia \u2013 Artur Bie\u0144kowskitaniec i kreacja \u2013 Victoria Kennettmuzyka \u2013 Kessel Jaegerfoto \u2013 Dominik Wi\u0119cek premiera \u2013 30 listopada 2019 Studio KCCproducent \u2013 Krakowskie Centrum Choreograficzne &#8211; Nowohuckie Centrum Kultury Spektakl powsta\u0142 w ramach programu rezydencyjnego w Krakowskim Centrum Choreograficznym. Projekt choreograficzny \u201eTeach yourself to fly\u201d zak\u0142ada, \u017ce [&hellip;]<\/p>\n","protected":false},"author":5,"featured_media":0,"parent":0,"menu_order":0,"comment_status":"closed","ping_status":"closed","template":"","meta":{"footnotes":""},"class_list":["post-4287","page","type-page","status-publish","hentry"],"yoast_head":"<!-- This site is optimized with the Yoast SEO plugin v19.12 - https:\/\/yoast.com\/wordpress\/plugins\/seo\/ -->\n<title>Teach Yourself To Fly \/ Artur Bie\u0144kowski - Krakowskie Centrum Choreograficzne<\/title>\n<meta name=\"robots\" content=\"index, follow, max-snippet:-1, max-image-preview:large, max-video-preview:-1\" \/>\n<link rel=\"canonical\" href=\"https:\/\/nck.krakow.pl\/kcc\/teach-yourself-to-fly\/\" \/>\n<meta property=\"og:locale\" content=\"pl_PL\" \/>\n<meta property=\"og:type\" content=\"article\" \/>\n<meta property=\"og:title\" content=\"Teach Yourself To Fly \/ Artur Bie\u0144kowski\" \/>\n<meta property=\"og:description\" content=\"choreografia \u2013 Artur Bie\u0144kowski\" \/>\n<meta property=\"og:url\" content=\"https:\/\/nck.krakow.pl\/kcc\/teach-yourself-to-fly\/\" \/>\n<meta property=\"og:site_name\" content=\"Krakowskie Centrum Choreograficzne\" \/>\n<meta property=\"article:modified_time\" content=\"2023-04-25T12:56:24+00:00\" \/>\n<meta property=\"og:image\" content=\"https:\/\/nck.krakow.pl\/kcc\/wp-content\/uploads\/2020\/02\/1-g\u0142\u00f3wnaTEACH-YOURSELF-RS03-06027.jpg\" \/>\n\t<meta property=\"og:image:width\" content=\"1200\" \/>\n\t<meta property=\"og:image:height\" content=\"800\" \/>\n\t<meta property=\"og:image:type\" content=\"image\/jpeg\" \/>\n<meta name=\"twitter:card\" content=\"summary_large_image\" \/>\n<meta name=\"twitter:label1\" content=\"Est. reading time\" \/>\n\t<meta name=\"twitter:data1\" content=\"3 minuty\" \/>\n<script type=\"application\/ld+json\" class=\"yoast-schema-graph\">{\"@context\":\"https:\/\/schema.org\",\"@graph\":[{\"@type\":\"WebPage\",\"@id\":\"https:\/\/nck.krakow.pl\/kcc\/teach-yourself-to-fly\/\",\"url\":\"https:\/\/nck.krakow.pl\/kcc\/teach-yourself-to-fly\/\",\"name\":\"Teach Yourself To Fly \/ Artur Bie\u0144kowski - Krakowskie Centrum Choreograficzne\",\"isPartOf\":{\"@id\":\"https:\/\/nck.krakow.pl\/kcc\/#website\"},\"datePublished\":\"2020-02-19T11:30:38+00:00\",\"dateModified\":\"2023-04-25T12:56:24+00:00\",\"breadcrumb\":{\"@id\":\"https:\/\/nck.krakow.pl\/kcc\/teach-yourself-to-fly\/#breadcrumb\"},\"inLanguage\":\"pl-PL\",\"potentialAction\":[{\"@type\":\"ReadAction\",\"target\":[\"https:\/\/nck.krakow.pl\/kcc\/teach-yourself-to-fly\/\"]}]},{\"@type\":\"BreadcrumbList\",\"@id\":\"https:\/\/nck.krakow.pl\/kcc\/teach-yourself-to-fly\/#breadcrumb\",\"itemListElement\":[{\"@type\":\"ListItem\",\"position\":1,\"name\":\"Strona g\u0142\u00f3wna\",\"item\":\"https:\/\/nck.krakow.pl\/kcc\/\"},{\"@type\":\"ListItem\",\"position\":2,\"name\":\"Teach Yourself To Fly \/ Artur Bie\u0144kowski\"}]},{\"@type\":\"WebSite\",\"@id\":\"https:\/\/nck.krakow.pl\/kcc\/#website\",\"url\":\"https:\/\/nck.krakow.pl\/kcc\/\",\"name\":\"Krakowskie Centrum Choreograficzne\",\"description\":\"\",\"publisher\":{\"@id\":\"https:\/\/nck.krakow.pl\/kcc\/#organization\"},\"potentialAction\":[{\"@type\":\"SearchAction\",\"target\":{\"@type\":\"EntryPoint\",\"urlTemplate\":\"https:\/\/nck.krakow.pl\/kcc\/?s={search_term_string}\"},\"query-input\":\"required name=search_term_string\"}],\"inLanguage\":\"pl-PL\"},{\"@type\":\"Organization\",\"@id\":\"https:\/\/nck.krakow.pl\/kcc\/#organization\",\"name\":\"Krakowskie Centrum Choreograficzne\",\"url\":\"https:\/\/nck.krakow.pl\/kcc\/\",\"logo\":{\"@type\":\"ImageObject\",\"inLanguage\":\"pl-PL\",\"@id\":\"https:\/\/nck.krakow.pl\/kcc\/#\/schema\/logo\/image\/\",\"url\":\"https:\/\/nck.krakow.pl\/kcc\/wp-content\/uploads\/2020\/01\/cropped-logo-kcc-2020.png\",\"contentUrl\":\"https:\/\/nck.krakow.pl\/kcc\/wp-content\/uploads\/2020\/01\/cropped-logo-kcc-2020.png\",\"width\":116,\"height\":55,\"caption\":\"Krakowskie Centrum Choreograficzne\"},\"image\":{\"@id\":\"https:\/\/nck.krakow.pl\/kcc\/#\/schema\/logo\/image\/\"}}]}<\/script>\n<!-- \/ Yoast SEO plugin. -->","yoast_head_json":{"title":"Teach Yourself To Fly \/ Artur Bie\u0144kowski - Krakowskie Centrum Choreograficzne","robots":{"index":"index","follow":"follow","max-snippet":"max-snippet:-1","max-image-preview":"max-image-preview:large","max-video-preview":"max-video-preview:-1"},"canonical":"https:\/\/nck.krakow.pl\/kcc\/teach-yourself-to-fly\/","og_locale":"pl_PL","og_type":"article","og_title":"Teach Yourself To Fly \/ Artur Bie\u0144kowski","og_description":"choreografia \u2013 Artur Bie\u0144kowski","og_url":"https:\/\/nck.krakow.pl\/kcc\/teach-yourself-to-fly\/","og_site_name":"Krakowskie Centrum Choreograficzne","article_modified_time":"2023-04-25T12:56:24+00:00","og_image":[{"width":1200,"height":800,"url":"https:\/\/nck.krakow.pl\/kcc\/wp-content\/uploads\/2020\/02\/1-g\u0142\u00f3wnaTEACH-YOURSELF-RS03-06027.jpg","type":"image\/jpeg"}],"twitter_card":"summary_large_image","twitter_misc":{"Est. reading time":"3 minuty"},"schema":{"@context":"https:\/\/schema.org","@graph":[{"@type":"WebPage","@id":"https:\/\/nck.krakow.pl\/kcc\/teach-yourself-to-fly\/","url":"https:\/\/nck.krakow.pl\/kcc\/teach-yourself-to-fly\/","name":"Teach Yourself To Fly \/ Artur Bie\u0144kowski - Krakowskie Centrum Choreograficzne","isPartOf":{"@id":"https:\/\/nck.krakow.pl\/kcc\/#website"},"datePublished":"2020-02-19T11:30:38+00:00","dateModified":"2023-04-25T12:56:24+00:00","breadcrumb":{"@id":"https:\/\/nck.krakow.pl\/kcc\/teach-yourself-to-fly\/#breadcrumb"},"inLanguage":"pl-PL","potentialAction":[{"@type":"ReadAction","target":["https:\/\/nck.krakow.pl\/kcc\/teach-yourself-to-fly\/"]}]},{"@type":"BreadcrumbList","@id":"https:\/\/nck.krakow.pl\/kcc\/teach-yourself-to-fly\/#breadcrumb","itemListElement":[{"@type":"ListItem","position":1,"name":"Strona g\u0142\u00f3wna","item":"https:\/\/nck.krakow.pl\/kcc\/"},{"@type":"ListItem","position":2,"name":"Teach Yourself To Fly \/ Artur Bie\u0144kowski"}]},{"@type":"WebSite","@id":"https:\/\/nck.krakow.pl\/kcc\/#website","url":"https:\/\/nck.krakow.pl\/kcc\/","name":"Krakowskie Centrum Choreograficzne","description":"","publisher":{"@id":"https:\/\/nck.krakow.pl\/kcc\/#organization"},"potentialAction":[{"@type":"SearchAction","target":{"@type":"EntryPoint","urlTemplate":"https:\/\/nck.krakow.pl\/kcc\/?s={search_term_string}"},"query-input":"required name=search_term_string"}],"inLanguage":"pl-PL"},{"@type":"Organization","@id":"https:\/\/nck.krakow.pl\/kcc\/#organization","name":"Krakowskie Centrum Choreograficzne","url":"https:\/\/nck.krakow.pl\/kcc\/","logo":{"@type":"ImageObject","inLanguage":"pl-PL","@id":"https:\/\/nck.krakow.pl\/kcc\/#\/schema\/logo\/image\/","url":"https:\/\/nck.krakow.pl\/kcc\/wp-content\/uploads\/2020\/01\/cropped-logo-kcc-2020.png","contentUrl":"https:\/\/nck.krakow.pl\/kcc\/wp-content\/uploads\/2020\/01\/cropped-logo-kcc-2020.png","width":116,"height":55,"caption":"Krakowskie Centrum Choreograficzne"},"image":{"@id":"https:\/\/nck.krakow.pl\/kcc\/#\/schema\/logo\/image\/"}}]}},"_links":{"self":[{"href":"https:\/\/nck.krakow.pl\/kcc\/wp-json\/wp\/v2\/pages\/4287"}],"collection":[{"href":"https:\/\/nck.krakow.pl\/kcc\/wp-json\/wp\/v2\/pages"}],"about":[{"href":"https:\/\/nck.krakow.pl\/kcc\/wp-json\/wp\/v2\/types\/page"}],"author":[{"embeddable":true,"href":"https:\/\/nck.krakow.pl\/kcc\/wp-json\/wp\/v2\/users\/5"}],"replies":[{"embeddable":true,"href":"https:\/\/nck.krakow.pl\/kcc\/wp-json\/wp\/v2\/comments?post=4287"}],"version-history":[{"count":4,"href":"https:\/\/nck.krakow.pl\/kcc\/wp-json\/wp\/v2\/pages\/4287\/revisions"}],"predecessor-version":[{"id":6832,"href":"https:\/\/nck.krakow.pl\/kcc\/wp-json\/wp\/v2\/pages\/4287\/revisions\/6832"}],"wp:attachment":[{"href":"https:\/\/nck.krakow.pl\/kcc\/wp-json\/wp\/v2\/media?parent=4287"}],"curies":[{"name":"wp","href":"https:\/\/api.w.org\/{rel}","templated":true}]}}