{"id":4276,"date":"2020-02-19T11:21:03","date_gmt":"2020-02-19T11:21:03","guid":{"rendered":"https:\/\/nck.krakow.pl\/kcc\/?page_id=4276"},"modified":"2023-04-25T12:56:22","modified_gmt":"2023-04-25T12:56:22","slug":"simone","status":"publish","type":"page","link":"https:\/\/nck.krakow.pl\/kcc\/simone\/","title":{"rendered":"Simone \/ Anna Godowska i S\u0142awek Krawczy\u0144ski"},"content":{"rendered":"\n<figure class=\"wp-block-image\"><img loading=\"lazy\" decoding=\"async\" width=\"1024\" height=\"683\" src=\"https:\/\/nck.krakow.pl\/kcc\/wp-content\/uploads\/2020\/02\/1-g\u0142\u00f3wnaIMG_9021-2-1024x683.jpg\" alt=\"\" class=\"wp-image-4285\" srcset=\"https:\/\/nck.krakow.pl\/kcc\/wp-content\/uploads\/2020\/02\/1-g\u0142\u00f3wnaIMG_9021-2-1024x683.jpg 1024w, https:\/\/nck.krakow.pl\/kcc\/wp-content\/uploads\/2020\/02\/1-g\u0142\u00f3wnaIMG_9021-2-300x200.jpg 300w, https:\/\/nck.krakow.pl\/kcc\/wp-content\/uploads\/2020\/02\/1-g\u0142\u00f3wnaIMG_9021-2-768x512.jpg 768w, https:\/\/nck.krakow.pl\/kcc\/wp-content\/uploads\/2020\/02\/1-g\u0142\u00f3wnaIMG_9021-2.jpg 1200w\" sizes=\"(max-width: 1024px) 100vw, 1024px\" \/><\/figure>\n\n\n\n<div style=\"height:30px\" aria-hidden=\"true\" class=\"wp-block-spacer\"><\/div>\n\n\n\n<h2 class=\"wp-block-heading\">Simone \/ Anna Godowska i S\u0142awek Krawczy\u0144ski<\/h2>\n\n\n\n<div style=\"height:20px\" aria-hidden=\"true\" class=\"wp-block-spacer\"><\/div>\n\n\n\n<p><strong>taniec, choreografia<\/strong> \u2013 Anna Godowska<br><strong>scenariusz, re\u017cyseria<\/strong> \u2013 S\u0142awek Krawczy\u0144ski<br><strong>realizacja d\u017awi\u0119ku, video i grafiki<\/strong> \u2013 Peter \u0141yczkowski<br><strong>re\u017cyseria \u015bwiate\u0142 <\/strong>\u2013 Ewa Garniec<br><strong>produkcja \u2013<\/strong> Centrum Sztuki Ta\u0144ca w Warszawie<br><strong>koproducenci \u2013 <\/strong>Stowarzyszenie Scena 96, Krakowskie Centrum Choreograficzne &#8211; Nowohuckie Centrum Kultury, Lubelski Teatr Ta\u0144ca, Fundacja Ch\u00f3r Kobiet<\/p>\n\n\n\n<p>\u201eSimone\u201d to solowy\nspektakl ta\u0144ca w wykonaniu Anny Godowskiej, po\u015bwi\u0119cony postaci Simone Weil,\nwielkiej my\u015blicielki i mistyczki XX wieku. Spektakl jest zrealizowanym w ta\u0144cu\nportretem wewn\u0119trznym tej niezwyk\u0142ej postaci, odzwierciedlaj\u0105cym paradoksalnie\nsp\u00f3jny splot jej tw\u00f3rczo\u015bci i \u017cycia. Simone Weil \u0142\u0105czy\u0142a w sobie niepospolit\u0105\nduchow\u0105 si\u0142\u0119, przenikliwy intelekt, odwag\u0119 bezkompromisowej my\u015bli ze s\u0142abym i\nchorowitym cia\u0142em.&nbsp; To\nprzeciwie\u0144stwo&nbsp; odzwierciedla jej\nnajg\u0142\u0119bsze idee i stanowi g\u0142\u00f3wny trop projektu.<\/p>\n\n\n\n<p>Spektakl powstaje w\noparciu o pog\u0142\u0119bione badanie g\u0142\u00f3wnych motyw\u00f3w tw\u00f3rczo\u015bci Weil, zrealizowane\nmetod\u0105 tw\u00f3rczej pracy ze snami i nie\u015bwiadomo\u015bci\u0105. Ta prekursorska metoda\nrozwijana jest przez S\u0142awka Krawczy\u0144skiego i Ann\u0119 Godowsk\u0105 od kilkunastu lat.<\/p>\n\n\n\n<figure class=\"wp-block-gallery has-nested-images columns-default is-cropped wp-block-gallery-1 is-layout-flex wp-block-gallery-is-layout-flex\">\n<figure class=\"wp-block-image\"><a href=\"https:\/\/nck.krakow.pl\/kcc\/wp-content\/uploads\/2020\/02\/1.-g\u0142\u00f3wnaPB0B0165-2.jpg\"><img loading=\"lazy\" decoding=\"async\" width=\"1024\" height=\"683\" data-id=\"4297\" src=\"https:\/\/nck.krakow.pl\/kcc\/wp-content\/uploads\/2020\/02\/1.-g\u0142\u00f3wnaPB0B0165-2-1024x683.jpg\" alt=\"\" class=\"wp-image-4297\" srcset=\"https:\/\/nck.krakow.pl\/kcc\/wp-content\/uploads\/2020\/02\/1.-g\u0142\u00f3wnaPB0B0165-2-1024x683.jpg 1024w, https:\/\/nck.krakow.pl\/kcc\/wp-content\/uploads\/2020\/02\/1.-g\u0142\u00f3wnaPB0B0165-2-300x200.jpg 300w, https:\/\/nck.krakow.pl\/kcc\/wp-content\/uploads\/2020\/02\/1.-g\u0142\u00f3wnaPB0B0165-2-768x512.jpg 768w, https:\/\/nck.krakow.pl\/kcc\/wp-content\/uploads\/2020\/02\/1.-g\u0142\u00f3wnaPB0B0165-2.jpg 1200w\" sizes=\"(max-width: 1024px) 100vw, 1024px\" \/><\/a><\/figure>\n\n\n\n<figure class=\"wp-block-image\"><a href=\"https:\/\/nck.krakow.pl\/kcc\/wp-content\/uploads\/2020\/02\/IMG_9026-2.jpg\"><img loading=\"lazy\" decoding=\"async\" width=\"1024\" height=\"683\" data-id=\"4298\" src=\"https:\/\/nck.krakow.pl\/kcc\/wp-content\/uploads\/2020\/02\/IMG_9026-2-1024x683.jpg\" alt=\"\" class=\"wp-image-4298\" srcset=\"https:\/\/nck.krakow.pl\/kcc\/wp-content\/uploads\/2020\/02\/IMG_9026-2-1024x683.jpg 1024w, https:\/\/nck.krakow.pl\/kcc\/wp-content\/uploads\/2020\/02\/IMG_9026-2-300x200.jpg 300w, https:\/\/nck.krakow.pl\/kcc\/wp-content\/uploads\/2020\/02\/IMG_9026-2-768x512.jpg 768w, https:\/\/nck.krakow.pl\/kcc\/wp-content\/uploads\/2020\/02\/IMG_9026-2.jpg 1200w\" sizes=\"(max-width: 1024px) 100vw, 1024px\" \/><\/a><\/figure>\n\n\n\n<figure class=\"wp-block-image\"><a href=\"https:\/\/nck.krakow.pl\/kcc\/wp-content\/uploads\/2020\/02\/IMG_9047-3.jpg\"><img loading=\"lazy\" decoding=\"async\" width=\"1024\" height=\"683\" data-id=\"4299\" src=\"https:\/\/nck.krakow.pl\/kcc\/wp-content\/uploads\/2020\/02\/IMG_9047-3-1024x683.jpg\" alt=\"\" class=\"wp-image-4299\" srcset=\"https:\/\/nck.krakow.pl\/kcc\/wp-content\/uploads\/2020\/02\/IMG_9047-3-1024x683.jpg 1024w, https:\/\/nck.krakow.pl\/kcc\/wp-content\/uploads\/2020\/02\/IMG_9047-3-300x200.jpg 300w, https:\/\/nck.krakow.pl\/kcc\/wp-content\/uploads\/2020\/02\/IMG_9047-3-768x512.jpg 768w, https:\/\/nck.krakow.pl\/kcc\/wp-content\/uploads\/2020\/02\/IMG_9047-3.jpg 1200w\" sizes=\"(max-width: 1024px) 100vw, 1024px\" \/><\/a><\/figure>\n\n\n\n<figure class=\"wp-block-image\"><a href=\"https:\/\/nck.krakow.pl\/kcc\/wp-content\/uploads\/2020\/02\/PB0B0145-2.jpg\"><img loading=\"lazy\" decoding=\"async\" width=\"683\" height=\"1024\" data-id=\"4300\" src=\"https:\/\/nck.krakow.pl\/kcc\/wp-content\/uploads\/2020\/02\/PB0B0145-2-683x1024.jpg\" alt=\"\" class=\"wp-image-4300\" srcset=\"https:\/\/nck.krakow.pl\/kcc\/wp-content\/uploads\/2020\/02\/PB0B0145-2-683x1024.jpg 683w, https:\/\/nck.krakow.pl\/kcc\/wp-content\/uploads\/2020\/02\/PB0B0145-2-200x300.jpg 200w, https:\/\/nck.krakow.pl\/kcc\/wp-content\/uploads\/2020\/02\/PB0B0145-2-768x1152.jpg 768w, https:\/\/nck.krakow.pl\/kcc\/wp-content\/uploads\/2020\/02\/PB0B0145-2.jpg 800w\" sizes=\"(max-width: 683px) 100vw, 683px\" \/><\/a><\/figure>\n\n\n\n<figure class=\"wp-block-image\"><a href=\"https:\/\/nck.krakow.pl\/kcc\/wp-content\/uploads\/2020\/02\/PB0B0157-2.jpg\"><img loading=\"lazy\" decoding=\"async\" width=\"1024\" height=\"683\" data-id=\"4301\" src=\"https:\/\/nck.krakow.pl\/kcc\/wp-content\/uploads\/2020\/02\/PB0B0157-2-1024x683.jpg\" alt=\"\" class=\"wp-image-4301\" srcset=\"https:\/\/nck.krakow.pl\/kcc\/wp-content\/uploads\/2020\/02\/PB0B0157-2-1024x683.jpg 1024w, https:\/\/nck.krakow.pl\/kcc\/wp-content\/uploads\/2020\/02\/PB0B0157-2-300x200.jpg 300w, https:\/\/nck.krakow.pl\/kcc\/wp-content\/uploads\/2020\/02\/PB0B0157-2-768x512.jpg 768w, https:\/\/nck.krakow.pl\/kcc\/wp-content\/uploads\/2020\/02\/PB0B0157-2.jpg 1200w\" sizes=\"(max-width: 1024px) 100vw, 1024px\" \/><\/a><\/figure>\n\n\n\n<figure class=\"wp-block-image\"><a href=\"https:\/\/nck.krakow.pl\/kcc\/wp-content\/uploads\/2020\/02\/PB0B0174-2.jpg\"><img loading=\"lazy\" decoding=\"async\" width=\"1024\" height=\"683\" data-id=\"4302\" src=\"https:\/\/nck.krakow.pl\/kcc\/wp-content\/uploads\/2020\/02\/PB0B0174-2-1024x683.jpg\" alt=\"\" class=\"wp-image-4302\" srcset=\"https:\/\/nck.krakow.pl\/kcc\/wp-content\/uploads\/2020\/02\/PB0B0174-2-1024x683.jpg 1024w, https:\/\/nck.krakow.pl\/kcc\/wp-content\/uploads\/2020\/02\/PB0B0174-2-300x200.jpg 300w, https:\/\/nck.krakow.pl\/kcc\/wp-content\/uploads\/2020\/02\/PB0B0174-2-768x512.jpg 768w, https:\/\/nck.krakow.pl\/kcc\/wp-content\/uploads\/2020\/02\/PB0B0174-2.jpg 1200w\" sizes=\"(max-width: 1024px) 100vw, 1024px\" \/><\/a><\/figure>\n<\/figure>\n\n\n\n<p>fot. Beatrycze Bem<\/p>\n","protected":false},"excerpt":{"rendered":"<p>Simone \/ Anna Godowska i S\u0142awek Krawczy\u0144ski taniec, choreografia \u2013 Anna Godowskascenariusz, re\u017cyseria \u2013 S\u0142awek Krawczy\u0144skirealizacja d\u017awi\u0119ku, video i grafiki \u2013 Peter \u0141yczkowskire\u017cyseria \u015bwiate\u0142 \u2013 Ewa Garniecprodukcja \u2013 Centrum Sztuki Ta\u0144ca w Warszawiekoproducenci \u2013 Stowarzyszenie Scena 96, Krakowskie Centrum Choreograficzne &#8211; Nowohuckie Centrum Kultury, Lubelski Teatr Ta\u0144ca, Fundacja Ch\u00f3r Kobiet \u201eSimone\u201d to solowy spektakl ta\u0144ca [&hellip;]<\/p>\n","protected":false},"author":5,"featured_media":0,"parent":0,"menu_order":0,"comment_status":"closed","ping_status":"closed","template":"","meta":{"footnotes":""},"class_list":["post-4276","page","type-page","status-publish","hentry"],"yoast_head":"<!-- This site is optimized with the Yoast SEO plugin v19.12 - https:\/\/yoast.com\/wordpress\/plugins\/seo\/ -->\n<title>Simone \/ Anna Godowska i S\u0142awek Krawczy\u0144ski - Krakowskie Centrum Choreograficzne<\/title>\n<meta name=\"robots\" content=\"index, follow, max-snippet:-1, max-image-preview:large, max-video-preview:-1\" \/>\n<link rel=\"canonical\" href=\"https:\/\/nck.krakow.pl\/kcc\/simone\/\" \/>\n<meta property=\"og:locale\" content=\"pl_PL\" \/>\n<meta property=\"og:type\" content=\"article\" \/>\n<meta property=\"og:title\" content=\"Simone \/ Anna Godowska i S\u0142awek Krawczy\u0144ski\" \/>\n<meta property=\"og:description\" content=\"taniec, choreografia \u2013 Anna Godowska\" \/>\n<meta property=\"og:url\" content=\"https:\/\/nck.krakow.pl\/kcc\/simone\/\" \/>\n<meta property=\"og:site_name\" content=\"Krakowskie Centrum Choreograficzne\" \/>\n<meta property=\"article:modified_time\" content=\"2023-04-25T12:56:22+00:00\" \/>\n<meta property=\"og:image\" content=\"https:\/\/nck.krakow.pl\/kcc\/wp-content\/uploads\/2020\/02\/1-g\u0142\u00f3wnaIMG_9021-2.jpg\" \/>\n\t<meta property=\"og:image:width\" content=\"1200\" \/>\n\t<meta property=\"og:image:height\" content=\"800\" \/>\n\t<meta property=\"og:image:type\" content=\"image\/jpeg\" \/>\n<meta name=\"twitter:card\" content=\"summary_large_image\" \/>\n<meta name=\"twitter:label1\" content=\"Est. reading time\" \/>\n\t<meta name=\"twitter:data1\" content=\"3 minuty\" \/>\n<script type=\"application\/ld+json\" class=\"yoast-schema-graph\">{\"@context\":\"https:\/\/schema.org\",\"@graph\":[{\"@type\":\"WebPage\",\"@id\":\"https:\/\/nck.krakow.pl\/kcc\/simone\/\",\"url\":\"https:\/\/nck.krakow.pl\/kcc\/simone\/\",\"name\":\"Simone \/ Anna Godowska i S\u0142awek Krawczy\u0144ski - Krakowskie Centrum Choreograficzne\",\"isPartOf\":{\"@id\":\"https:\/\/nck.krakow.pl\/kcc\/#website\"},\"datePublished\":\"2020-02-19T11:21:03+00:00\",\"dateModified\":\"2023-04-25T12:56:22+00:00\",\"breadcrumb\":{\"@id\":\"https:\/\/nck.krakow.pl\/kcc\/simone\/#breadcrumb\"},\"inLanguage\":\"pl-PL\",\"potentialAction\":[{\"@type\":\"ReadAction\",\"target\":[\"https:\/\/nck.krakow.pl\/kcc\/simone\/\"]}]},{\"@type\":\"BreadcrumbList\",\"@id\":\"https:\/\/nck.krakow.pl\/kcc\/simone\/#breadcrumb\",\"itemListElement\":[{\"@type\":\"ListItem\",\"position\":1,\"name\":\"Strona g\u0142\u00f3wna\",\"item\":\"https:\/\/nck.krakow.pl\/kcc\/\"},{\"@type\":\"ListItem\",\"position\":2,\"name\":\"Simone \/ Anna Godowska i S\u0142awek Krawczy\u0144ski\"}]},{\"@type\":\"WebSite\",\"@id\":\"https:\/\/nck.krakow.pl\/kcc\/#website\",\"url\":\"https:\/\/nck.krakow.pl\/kcc\/\",\"name\":\"Krakowskie Centrum Choreograficzne\",\"description\":\"\",\"publisher\":{\"@id\":\"https:\/\/nck.krakow.pl\/kcc\/#organization\"},\"potentialAction\":[{\"@type\":\"SearchAction\",\"target\":{\"@type\":\"EntryPoint\",\"urlTemplate\":\"https:\/\/nck.krakow.pl\/kcc\/?s={search_term_string}\"},\"query-input\":\"required name=search_term_string\"}],\"inLanguage\":\"pl-PL\"},{\"@type\":\"Organization\",\"@id\":\"https:\/\/nck.krakow.pl\/kcc\/#organization\",\"name\":\"Krakowskie Centrum Choreograficzne\",\"url\":\"https:\/\/nck.krakow.pl\/kcc\/\",\"logo\":{\"@type\":\"ImageObject\",\"inLanguage\":\"pl-PL\",\"@id\":\"https:\/\/nck.krakow.pl\/kcc\/#\/schema\/logo\/image\/\",\"url\":\"https:\/\/nck.krakow.pl\/kcc\/wp-content\/uploads\/2020\/01\/cropped-logo-kcc-2020.png\",\"contentUrl\":\"https:\/\/nck.krakow.pl\/kcc\/wp-content\/uploads\/2020\/01\/cropped-logo-kcc-2020.png\",\"width\":116,\"height\":55,\"caption\":\"Krakowskie Centrum Choreograficzne\"},\"image\":{\"@id\":\"https:\/\/nck.krakow.pl\/kcc\/#\/schema\/logo\/image\/\"}}]}<\/script>\n<!-- \/ Yoast SEO plugin. -->","yoast_head_json":{"title":"Simone \/ Anna Godowska i S\u0142awek Krawczy\u0144ski - Krakowskie Centrum Choreograficzne","robots":{"index":"index","follow":"follow","max-snippet":"max-snippet:-1","max-image-preview":"max-image-preview:large","max-video-preview":"max-video-preview:-1"},"canonical":"https:\/\/nck.krakow.pl\/kcc\/simone\/","og_locale":"pl_PL","og_type":"article","og_title":"Simone \/ Anna Godowska i S\u0142awek Krawczy\u0144ski","og_description":"taniec, choreografia \u2013 Anna Godowska","og_url":"https:\/\/nck.krakow.pl\/kcc\/simone\/","og_site_name":"Krakowskie Centrum Choreograficzne","article_modified_time":"2023-04-25T12:56:22+00:00","og_image":[{"width":1200,"height":800,"url":"https:\/\/nck.krakow.pl\/kcc\/wp-content\/uploads\/2020\/02\/1-g\u0142\u00f3wnaIMG_9021-2.jpg","type":"image\/jpeg"}],"twitter_card":"summary_large_image","twitter_misc":{"Est. reading time":"3 minuty"},"schema":{"@context":"https:\/\/schema.org","@graph":[{"@type":"WebPage","@id":"https:\/\/nck.krakow.pl\/kcc\/simone\/","url":"https:\/\/nck.krakow.pl\/kcc\/simone\/","name":"Simone \/ Anna Godowska i S\u0142awek Krawczy\u0144ski - Krakowskie Centrum Choreograficzne","isPartOf":{"@id":"https:\/\/nck.krakow.pl\/kcc\/#website"},"datePublished":"2020-02-19T11:21:03+00:00","dateModified":"2023-04-25T12:56:22+00:00","breadcrumb":{"@id":"https:\/\/nck.krakow.pl\/kcc\/simone\/#breadcrumb"},"inLanguage":"pl-PL","potentialAction":[{"@type":"ReadAction","target":["https:\/\/nck.krakow.pl\/kcc\/simone\/"]}]},{"@type":"BreadcrumbList","@id":"https:\/\/nck.krakow.pl\/kcc\/simone\/#breadcrumb","itemListElement":[{"@type":"ListItem","position":1,"name":"Strona g\u0142\u00f3wna","item":"https:\/\/nck.krakow.pl\/kcc\/"},{"@type":"ListItem","position":2,"name":"Simone \/ Anna Godowska i S\u0142awek Krawczy\u0144ski"}]},{"@type":"WebSite","@id":"https:\/\/nck.krakow.pl\/kcc\/#website","url":"https:\/\/nck.krakow.pl\/kcc\/","name":"Krakowskie Centrum Choreograficzne","description":"","publisher":{"@id":"https:\/\/nck.krakow.pl\/kcc\/#organization"},"potentialAction":[{"@type":"SearchAction","target":{"@type":"EntryPoint","urlTemplate":"https:\/\/nck.krakow.pl\/kcc\/?s={search_term_string}"},"query-input":"required name=search_term_string"}],"inLanguage":"pl-PL"},{"@type":"Organization","@id":"https:\/\/nck.krakow.pl\/kcc\/#organization","name":"Krakowskie Centrum Choreograficzne","url":"https:\/\/nck.krakow.pl\/kcc\/","logo":{"@type":"ImageObject","inLanguage":"pl-PL","@id":"https:\/\/nck.krakow.pl\/kcc\/#\/schema\/logo\/image\/","url":"https:\/\/nck.krakow.pl\/kcc\/wp-content\/uploads\/2020\/01\/cropped-logo-kcc-2020.png","contentUrl":"https:\/\/nck.krakow.pl\/kcc\/wp-content\/uploads\/2020\/01\/cropped-logo-kcc-2020.png","width":116,"height":55,"caption":"Krakowskie Centrum Choreograficzne"},"image":{"@id":"https:\/\/nck.krakow.pl\/kcc\/#\/schema\/logo\/image\/"}}]}},"_links":{"self":[{"href":"https:\/\/nck.krakow.pl\/kcc\/wp-json\/wp\/v2\/pages\/4276"}],"collection":[{"href":"https:\/\/nck.krakow.pl\/kcc\/wp-json\/wp\/v2\/pages"}],"about":[{"href":"https:\/\/nck.krakow.pl\/kcc\/wp-json\/wp\/v2\/types\/page"}],"author":[{"embeddable":true,"href":"https:\/\/nck.krakow.pl\/kcc\/wp-json\/wp\/v2\/users\/5"}],"replies":[{"embeddable":true,"href":"https:\/\/nck.krakow.pl\/kcc\/wp-json\/wp\/v2\/comments?post=4276"}],"version-history":[{"count":6,"href":"https:\/\/nck.krakow.pl\/kcc\/wp-json\/wp\/v2\/pages\/4276\/revisions"}],"predecessor-version":[{"id":6831,"href":"https:\/\/nck.krakow.pl\/kcc\/wp-json\/wp\/v2\/pages\/4276\/revisions\/6831"}],"wp:attachment":[{"href":"https:\/\/nck.krakow.pl\/kcc\/wp-json\/wp\/v2\/media?parent=4276"}],"curies":[{"name":"wp","href":"https:\/\/api.w.org\/{rel}","templated":true}]}}