{"id":4160,"date":"2020-02-11T09:35:14","date_gmt":"2020-02-11T09:35:14","guid":{"rendered":"https:\/\/nck.krakow.pl\/kcc\/?page_id=4160"},"modified":"2020-02-18T11:18:01","modified_gmt":"2020-02-18T11:18:01","slug":"pst-2019","status":"publish","type":"page","link":"https:\/\/nck.krakow.pl\/kcc\/pst-2019\/","title":{"rendered":"PST 2019"},"content":{"rendered":"\n<p>Krakowskie Centrum Choreograficzne od 2018 roku jest jednym z\nCentr\u00f3w Za\u0142o\u017cycielskich Polskiej Sieci Ta\u0144ca. Dzi\u0119ki temu w Nowohuckim Centrum\nKultury regularnie prezentowane s\u0105 spektakle taneczne, a produkcje KCC\npodr\u00f3\u017cuj\u0105 po ca\u0142ej Polsce. &nbsp;<\/p>\n\n\n\n<p>Polska Sie\u0107 Ta\u0144ca to\npierwsza sformalizowana sie\u0107 wsp\u00f3\u0142pracy mi\u0119dzy instytucjami i organizacjami\nwspieraj\u0105cymi rozw\u00f3j ta\u0144ca wsp\u00f3\u0142czesnego w Polsce. Ka\u017cdego sezonu Partnerzy\nSieci wybieraj\u0105 do wsp\u00f3lnego repertuaru najciekawsze produkcje polskich\nniezale\u017cnych artyst\u00f3w i instytucjonalnych zespo\u0142\u00f3w tanecznych. Spektakle\nnominowane na dany rok, w ramach Sieci, wyruszaj\u0105 w tras\u0119, podczas kt\u00f3rej\nodwiedzaj\u0105 o\u015brodki partnerskie.<\/p>\n\n\n\n<p>Sie\u0107 wspiera mobilno\u015b\u0107\nwybranych produkcji tanecznych, promuje artyst\u00f3w oraz jest platform\u0105 do\nwypracowywania dobrych praktyk w profesjonalnym \u015brodowisku. Znacznie przyczynia\nsi\u0119 do tworzenia warunk\u00f3w i struktur, kt\u00f3re wp\u0142ywaj\u0105 na cyrkulacj\u0119 ta\u0144ca w\nPolsce oraz wp\u0142ywa na integracj\u0119 \u015brodowiska poprzez wymian\u0119 r\u00f3\u017cnych estetyk.<\/p>\n\n\n\n<figure class=\"wp-block-image\"><img loading=\"lazy\" decoding=\"async\" width=\"1024\" height=\"614\" src=\"https:\/\/nck.krakow.pl\/kcc\/wp-content\/uploads\/2020\/02\/PST-loga-towarzysz\u0105ce-2019-FINAL-002-1024x614.jpg\" alt=\"\" class=\"wp-image-4161\" srcset=\"https:\/\/nck.krakow.pl\/kcc\/wp-content\/uploads\/2020\/02\/PST-loga-towarzysz\u0105ce-2019-FINAL-002-1024x614.jpg 1024w, https:\/\/nck.krakow.pl\/kcc\/wp-content\/uploads\/2020\/02\/PST-loga-towarzysz\u0105ce-2019-FINAL-002-300x180.jpg 300w, https:\/\/nck.krakow.pl\/kcc\/wp-content\/uploads\/2020\/02\/PST-loga-towarzysz\u0105ce-2019-FINAL-002-768x461.jpg 768w\" sizes=\"(max-width: 1024px) 100vw, 1024px\" \/><\/figure>\n\n\n\n<p>Spektakle zaprezentowane w\nNowohuckim Centrum Kultury &#8211; Krakowskim Centrum Choreograficznym w ramach PST\n2019:<\/p>\n\n\n\n<ul class=\"wp-block-list\"><li>\u201cWe_selle\u201d Wojciech Mochniej<\/li><li>\u201efascynat od\u015brodkowy_dwatrzycztery\u201d Anna Piotrowska<\/li><li>\u201cMute\u201d Janusz Orlik<\/li><li>\u201cRozkosz\u201d Teatr ROZBARK<\/li><li>\u201cONE\u201d Durski, Kania, Stanek, Ustowska<\/li><\/ul>\n\n\n\n<p>Krakowskie Centrum Choreograficzne do puli sieci w 2019 roku zg\u0142osi\u0142o spektakl \u201cDobre Wychowanie\u201d w choreografii Agaty Mol\u0105g. <br>Wi\u0119cej informacji o spektaklu:<a href=\"https:\/\/nck.krakow.pl\/kcc\/dobre-wychowanie\/\"><strong> <\/strong><\/a><br><a href=\"https:\/\/nck.krakow.pl\/kcc\/dobre-wychowanie\/\"><strong>https:\/\/nck.krakow.pl\/kcc\/dobre-wychowanie\/<\/strong><\/a><\/p>\n\n\n\n<figure class=\"wp-block-image\"><img loading=\"lazy\" decoding=\"async\" width=\"1024\" height=\"769\" src=\"https:\/\/nck.krakow.pl\/kcc\/wp-content\/uploads\/2019\/10\/post-w-poziomie-fb_bl-1200x900-1024x769.jpg\" alt=\"\" class=\"wp-image-3846\" srcset=\"https:\/\/nck.krakow.pl\/kcc\/wp-content\/uploads\/2019\/10\/post-w-poziomie-fb_bl-1200x900-1024x769.jpg 1024w, https:\/\/nck.krakow.pl\/kcc\/wp-content\/uploads\/2019\/10\/post-w-poziomie-fb_bl-1200x900-300x225.jpg 300w, https:\/\/nck.krakow.pl\/kcc\/wp-content\/uploads\/2019\/10\/post-w-poziomie-fb_bl-1200x900-768x577.jpg 768w, https:\/\/nck.krakow.pl\/kcc\/wp-content\/uploads\/2019\/10\/post-w-poziomie-fb_bl-1200x900.jpg 1200w\" sizes=\"(max-width: 1024px) 100vw, 1024px\" \/><\/figure>\n","protected":false},"excerpt":{"rendered":"<p>Krakowskie Centrum Choreograficzne od 2018 roku jest jednym z Centr\u00f3w Za\u0142o\u017cycielskich Polskiej Sieci Ta\u0144ca. Dzi\u0119ki temu w Nowohuckim Centrum Kultury regularnie prezentowane s\u0105 spektakle taneczne, a produkcje KCC podr\u00f3\u017cuj\u0105 po ca\u0142ej Polsce. &nbsp; Polska Sie\u0107 Ta\u0144ca to pierwsza sformalizowana sie\u0107 wsp\u00f3\u0142pracy mi\u0119dzy instytucjami i organizacjami wspieraj\u0105cymi rozw\u00f3j ta\u0144ca wsp\u00f3\u0142czesnego w Polsce. Ka\u017cdego sezonu Partnerzy Sieci [&hellip;]<\/p>\n","protected":false},"author":5,"featured_media":0,"parent":0,"menu_order":0,"comment_status":"closed","ping_status":"closed","template":"","meta":{"footnotes":""},"class_list":["post-4160","page","type-page","status-publish","hentry"],"yoast_head":"<!-- This site is optimized with the Yoast SEO plugin v19.12 - https:\/\/yoast.com\/wordpress\/plugins\/seo\/ -->\n<title>PST 2019 - Krakowskie Centrum Choreograficzne<\/title>\n<meta name=\"robots\" content=\"index, follow, max-snippet:-1, max-image-preview:large, max-video-preview:-1\" \/>\n<link rel=\"canonical\" href=\"https:\/\/nck.krakow.pl\/kcc\/pst-2019\/\" \/>\n<meta property=\"og:locale\" content=\"pl_PL\" \/>\n<meta property=\"og:type\" content=\"article\" \/>\n<meta property=\"og:title\" content=\"PST 2019 - Krakowskie Centrum Choreograficzne\" \/>\n<meta property=\"og:description\" content=\"Krakowskie Centrum Choreograficzne od 2018 roku jest jednym z Centr\u00f3w Za\u0142o\u017cycielskich Polskiej Sieci Ta\u0144ca. Dzi\u0119ki temu w Nowohuckim Centrum Kultury regularnie prezentowane s\u0105 spektakle taneczne, a produkcje KCC podr\u00f3\u017cuj\u0105 po ca\u0142ej Polsce. &nbsp; Polska Sie\u0107 Ta\u0144ca to pierwsza sformalizowana sie\u0107 wsp\u00f3\u0142pracy mi\u0119dzy instytucjami i organizacjami wspieraj\u0105cymi rozw\u00f3j ta\u0144ca wsp\u00f3\u0142czesnego w Polsce. Ka\u017cdego sezonu Partnerzy Sieci [&hellip;]\" \/>\n<meta property=\"og:url\" content=\"https:\/\/nck.krakow.pl\/kcc\/pst-2019\/\" \/>\n<meta property=\"og:site_name\" content=\"Krakowskie Centrum Choreograficzne\" \/>\n<meta property=\"article:modified_time\" content=\"2020-02-18T11:18:01+00:00\" \/>\n<meta property=\"og:image\" content=\"https:\/\/nck.krakow.pl\/kcc\/wp-content\/uploads\/2019\/10\/post-w-poziomie-fb_bl-1200x900-1024x769.jpg\" \/>\n<meta name=\"twitter:card\" content=\"summary_large_image\" \/>\n<meta name=\"twitter:label1\" content=\"Est. reading time\" \/>\n\t<meta name=\"twitter:data1\" content=\"1 minuta\" \/>\n<script type=\"application\/ld+json\" class=\"yoast-schema-graph\">{\"@context\":\"https:\/\/schema.org\",\"@graph\":[{\"@type\":\"WebPage\",\"@id\":\"https:\/\/nck.krakow.pl\/kcc\/pst-2019\/\",\"url\":\"https:\/\/nck.krakow.pl\/kcc\/pst-2019\/\",\"name\":\"PST 2019 - Krakowskie Centrum Choreograficzne\",\"isPartOf\":{\"@id\":\"https:\/\/nck.krakow.pl\/kcc\/#website\"},\"datePublished\":\"2020-02-11T09:35:14+00:00\",\"dateModified\":\"2020-02-18T11:18:01+00:00\",\"breadcrumb\":{\"@id\":\"https:\/\/nck.krakow.pl\/kcc\/pst-2019\/#breadcrumb\"},\"inLanguage\":\"pl-PL\",\"potentialAction\":[{\"@type\":\"ReadAction\",\"target\":[\"https:\/\/nck.krakow.pl\/kcc\/pst-2019\/\"]}]},{\"@type\":\"BreadcrumbList\",\"@id\":\"https:\/\/nck.krakow.pl\/kcc\/pst-2019\/#breadcrumb\",\"itemListElement\":[{\"@type\":\"ListItem\",\"position\":1,\"name\":\"Strona g\u0142\u00f3wna\",\"item\":\"https:\/\/nck.krakow.pl\/kcc\/\"},{\"@type\":\"ListItem\",\"position\":2,\"name\":\"PST 2019\"}]},{\"@type\":\"WebSite\",\"@id\":\"https:\/\/nck.krakow.pl\/kcc\/#website\",\"url\":\"https:\/\/nck.krakow.pl\/kcc\/\",\"name\":\"Krakowskie Centrum Choreograficzne\",\"description\":\"\",\"publisher\":{\"@id\":\"https:\/\/nck.krakow.pl\/kcc\/#organization\"},\"potentialAction\":[{\"@type\":\"SearchAction\",\"target\":{\"@type\":\"EntryPoint\",\"urlTemplate\":\"https:\/\/nck.krakow.pl\/kcc\/?s={search_term_string}\"},\"query-input\":\"required name=search_term_string\"}],\"inLanguage\":\"pl-PL\"},{\"@type\":\"Organization\",\"@id\":\"https:\/\/nck.krakow.pl\/kcc\/#organization\",\"name\":\"Krakowskie Centrum Choreograficzne\",\"url\":\"https:\/\/nck.krakow.pl\/kcc\/\",\"logo\":{\"@type\":\"ImageObject\",\"inLanguage\":\"pl-PL\",\"@id\":\"https:\/\/nck.krakow.pl\/kcc\/#\/schema\/logo\/image\/\",\"url\":\"https:\/\/nck.krakow.pl\/kcc\/wp-content\/uploads\/2020\/01\/cropped-logo-kcc-2020.png\",\"contentUrl\":\"https:\/\/nck.krakow.pl\/kcc\/wp-content\/uploads\/2020\/01\/cropped-logo-kcc-2020.png\",\"width\":116,\"height\":55,\"caption\":\"Krakowskie Centrum Choreograficzne\"},\"image\":{\"@id\":\"https:\/\/nck.krakow.pl\/kcc\/#\/schema\/logo\/image\/\"}}]}<\/script>\n<!-- \/ Yoast SEO plugin. -->","yoast_head_json":{"title":"PST 2019 - Krakowskie Centrum Choreograficzne","robots":{"index":"index","follow":"follow","max-snippet":"max-snippet:-1","max-image-preview":"max-image-preview:large","max-video-preview":"max-video-preview:-1"},"canonical":"https:\/\/nck.krakow.pl\/kcc\/pst-2019\/","og_locale":"pl_PL","og_type":"article","og_title":"PST 2019 - Krakowskie Centrum Choreograficzne","og_description":"Krakowskie Centrum Choreograficzne od 2018 roku jest jednym z Centr\u00f3w Za\u0142o\u017cycielskich Polskiej Sieci Ta\u0144ca. Dzi\u0119ki temu w Nowohuckim Centrum Kultury regularnie prezentowane s\u0105 spektakle taneczne, a produkcje KCC podr\u00f3\u017cuj\u0105 po ca\u0142ej Polsce. &nbsp; Polska Sie\u0107 Ta\u0144ca to pierwsza sformalizowana sie\u0107 wsp\u00f3\u0142pracy mi\u0119dzy instytucjami i organizacjami wspieraj\u0105cymi rozw\u00f3j ta\u0144ca wsp\u00f3\u0142czesnego w Polsce. Ka\u017cdego sezonu Partnerzy Sieci [&hellip;]","og_url":"https:\/\/nck.krakow.pl\/kcc\/pst-2019\/","og_site_name":"Krakowskie Centrum Choreograficzne","article_modified_time":"2020-02-18T11:18:01+00:00","og_image":[{"url":"https:\/\/nck.krakow.pl\/kcc\/wp-content\/uploads\/2019\/10\/post-w-poziomie-fb_bl-1200x900-1024x769.jpg"}],"twitter_card":"summary_large_image","twitter_misc":{"Est. reading time":"1 minuta"},"schema":{"@context":"https:\/\/schema.org","@graph":[{"@type":"WebPage","@id":"https:\/\/nck.krakow.pl\/kcc\/pst-2019\/","url":"https:\/\/nck.krakow.pl\/kcc\/pst-2019\/","name":"PST 2019 - Krakowskie Centrum Choreograficzne","isPartOf":{"@id":"https:\/\/nck.krakow.pl\/kcc\/#website"},"datePublished":"2020-02-11T09:35:14+00:00","dateModified":"2020-02-18T11:18:01+00:00","breadcrumb":{"@id":"https:\/\/nck.krakow.pl\/kcc\/pst-2019\/#breadcrumb"},"inLanguage":"pl-PL","potentialAction":[{"@type":"ReadAction","target":["https:\/\/nck.krakow.pl\/kcc\/pst-2019\/"]}]},{"@type":"BreadcrumbList","@id":"https:\/\/nck.krakow.pl\/kcc\/pst-2019\/#breadcrumb","itemListElement":[{"@type":"ListItem","position":1,"name":"Strona g\u0142\u00f3wna","item":"https:\/\/nck.krakow.pl\/kcc\/"},{"@type":"ListItem","position":2,"name":"PST 2019"}]},{"@type":"WebSite","@id":"https:\/\/nck.krakow.pl\/kcc\/#website","url":"https:\/\/nck.krakow.pl\/kcc\/","name":"Krakowskie Centrum Choreograficzne","description":"","publisher":{"@id":"https:\/\/nck.krakow.pl\/kcc\/#organization"},"potentialAction":[{"@type":"SearchAction","target":{"@type":"EntryPoint","urlTemplate":"https:\/\/nck.krakow.pl\/kcc\/?s={search_term_string}"},"query-input":"required name=search_term_string"}],"inLanguage":"pl-PL"},{"@type":"Organization","@id":"https:\/\/nck.krakow.pl\/kcc\/#organization","name":"Krakowskie Centrum Choreograficzne","url":"https:\/\/nck.krakow.pl\/kcc\/","logo":{"@type":"ImageObject","inLanguage":"pl-PL","@id":"https:\/\/nck.krakow.pl\/kcc\/#\/schema\/logo\/image\/","url":"https:\/\/nck.krakow.pl\/kcc\/wp-content\/uploads\/2020\/01\/cropped-logo-kcc-2020.png","contentUrl":"https:\/\/nck.krakow.pl\/kcc\/wp-content\/uploads\/2020\/01\/cropped-logo-kcc-2020.png","width":116,"height":55,"caption":"Krakowskie Centrum Choreograficzne"},"image":{"@id":"https:\/\/nck.krakow.pl\/kcc\/#\/schema\/logo\/image\/"}}]}},"_links":{"self":[{"href":"https:\/\/nck.krakow.pl\/kcc\/wp-json\/wp\/v2\/pages\/4160"}],"collection":[{"href":"https:\/\/nck.krakow.pl\/kcc\/wp-json\/wp\/v2\/pages"}],"about":[{"href":"https:\/\/nck.krakow.pl\/kcc\/wp-json\/wp\/v2\/types\/page"}],"author":[{"embeddable":true,"href":"https:\/\/nck.krakow.pl\/kcc\/wp-json\/wp\/v2\/users\/5"}],"replies":[{"embeddable":true,"href":"https:\/\/nck.krakow.pl\/kcc\/wp-json\/wp\/v2\/comments?post=4160"}],"version-history":[{"count":2,"href":"https:\/\/nck.krakow.pl\/kcc\/wp-json\/wp\/v2\/pages\/4160\/revisions"}],"predecessor-version":[{"id":4268,"href":"https:\/\/nck.krakow.pl\/kcc\/wp-json\/wp\/v2\/pages\/4160\/revisions\/4268"}],"wp:attachment":[{"href":"https:\/\/nck.krakow.pl\/kcc\/wp-json\/wp\/v2\/media?parent=4160"}],"curies":[{"name":"wp","href":"https:\/\/api.w.org\/{rel}","templated":true}]}}