{"id":4155,"date":"2020-02-11T09:25:00","date_gmt":"2020-02-11T09:25:00","guid":{"rendered":"https:\/\/nck.krakow.pl\/kcc\/?page_id=4155"},"modified":"2025-12-23T12:43:49","modified_gmt":"2025-12-23T12:43:49","slug":"archiwalne-projekty","status":"publish","type":"page","link":"https:\/\/nck.krakow.pl\/kcc\/archiwalne-projekty\/","title":{"rendered":"archiwalne projekty"},"content":{"rendered":"\n<p><strong><a href=\"https:\/\/nck.krakow.pl\/kcc\/laboratorium-ciala\/\">Laboratorium cia\u0142a<\/a><\/strong><\/p>\n\n\n\n<p><strong><a href=\"https:\/\/nck.krakow.pl\/kcc\/krakowskifestiwaltanca\/archiwum-festiwalu\/2024\/\">Krakowski Festiwal Ta\u0144ca &#8211; IV edycja \/ 2024<\/a><\/strong><\/p>\n\n\n\n<p><strong><a href=\"https:\/\/nck.krakow.pl\/kcc\/krakowskifestiwaltanca\/archiwum-festiwalu\/2023\/\">Krakowski Festiwal Ta\u0144ca &#8211; III edycja \/ 2023<\/a><\/strong><\/p>\n\n\n\n<p><strong><a href=\"https:\/\/nck.krakow.pl\/kcc\/interdyscyplinarna-konferencja-naukowa-kto-tanczy-i-edycja-2023\/\">Interdyscyplinarna Konferencja Naukowa Kto ta\u0144czy? \u2013 I edycja \/ 2023<\/a><\/strong><\/p>\n\n\n\n<p><strong><a href=\"https:\/\/nck.krakow.pl\/kcc\/krakowski-festiwal-tanca-2022\/\">Krakowski Festiwal Ta\u0144ca &#8211; II edycja \/ 2022<\/a><\/strong><\/p>\n\n\n\n<p><strong><a href=\"https:\/\/nck.krakow.pl\/kcc\/pst-2021-2022\/\">Polska Sie\u0107 Ta\u0144ca 2021-2022<\/a><\/strong><\/p>\n\n\n\n<p><a href=\"https:\/\/nck.krakow.pl\/kcc\/projekt-artystyczny-dla-seniorow\/\"><strong>Projekt artystyczny dla senior\u00f3w 2022<\/strong><\/a><\/p>\n\n\n\n<p><strong><a href=\"https:\/\/nck.krakow.pl\/kcc\/krakowski-festiwal-tanca-2021\/\">Krakowski Festiwal Ta\u0144ca &#8211; I edycja \/ 2021<\/a><\/strong><\/p>\n\n\n\n<p><strong><a href=\"https:\/\/nck.krakow.pl\/kcc\/pst-2020\/\">Polska Sie\u0107 Ta\u0144ca 2020-2021<\/a><\/strong><\/p>\n\n\n\n<p><a href=\"https:\/\/nck.krakow.pl\/kcc\/kino-tanca\/\"><strong>Kino Ta\u0144ca 2020<\/strong><\/a><\/p>\n\n\n\n<p><a href=\"https:\/\/nck.krakow.pl\/kcc\/icodaco-2018-2020\/\"><strong>iCoDaCo 2018-2020 \/ Kreatywna Europa  <\/strong><\/a><\/p>\n\n\n\n<p><strong><a href=\"https:\/\/nck.krakow.pl\/kcc\/pst-2019\/\" target=\"_blank\" rel=\"noreferrer noopener\" aria-label=\"Polska Sie\u0107 Ta\u0144ca 2019  (otwiera si\u0119 na nowej zak\u0142adce)\">Polska Sie\u0107 Ta\u0144ca 2019 <\/a><\/strong><\/p>\n\n\n\n<p><a rel=\"noreferrer noopener\" aria-label=\"Trans_Miss(i)on - Misja 2019 \/ Scena dla Ta\u0144ca 2019 (otwiera si\u0119 na nowej zak\u0142adce)\" href=\"https:\/\/nck.krakow.pl\/kcc\/blog\/scena-dla-tanca-dla-grupy-wokol-centrum\/\" target=\"_blank\"><strong>Trans_Miss(i)on &#8211; Misja 2019 \/ Scena dla Ta\u0144ca 2019<\/strong><\/a><\/p>\n\n\n\n<p><a rel=\"noreferrer noopener\" aria-label=\"Polska Sie\u0107 Ta\u0144ca 2018&nbsp; (otwiera si\u0119 na nowej zak\u0142adce)\" href=\"https:\/\/nck.krakow.pl\/kcc\/blog\/inauguracja-polskiej-sieci-tanca\/\" target=\"_blank\"><strong>Polska Sie\u0107 Ta\u0144ca 2018&nbsp;<\/strong><\/a><\/p>\n\n\n\n<p><a rel=\"noreferrer noopener\" aria-label=\"Trans_Miss(i)on \/ Zam\u00f3wienia choreograficzne 2018 (otwiera si\u0119 na nowej zak\u0142adce)\" href=\"https:\/\/nck.krakow.pl\/kcc\/trans_mission\/\" target=\"_blank\"><strong>Trans_Miss(i)on \/ Zam\u00f3wienia choreograficzne 2018<\/strong><\/a><\/p>\n\n\n\n<p><a rel=\"noreferrer noopener\" aria-label=\"BalletOFFFestival 2018 \/ Teatr i Taniec, Ministerstwo Kultury i Dziedzictwa Narodowego (otwiera si\u0119 na nowej zak\u0142adce)\" href=\"https:\/\/nck.krakow.pl\/kcc\/balletofffestival\/program\/\" target=\"_blank\"><strong>BalletOFFFestival 2018 \/ Teatr i Taniec, Ministerstwo Kultury i Dziedzictwa Narodowego<\/strong><\/a><\/p>\n\n\n\n<p><a rel=\"noreferrer noopener\" aria-label=\"ZAMIESZANIE (otwiera si\u0119 na nowej zak\u0142adce)\" href=\"https:\/\/nck.krakow.pl\/kcc\/zamieszanie\/\" target=\"_blank\"><strong>ZAMIESZANIE<\/strong><\/a><\/p>\n\n\n\n<p><a rel=\"noreferrer noopener\" aria-label=\"Goodbye Superman! M\u0119\u017cczyzna w polskiej choreografii ta\u0144ca \/ Scena dla Ta\u0144ca 2015 (otwiera si\u0119 na nowej zak\u0142adce)\" href=\"https:\/\/nck.krakow.pl\/kcc\/blog\/goodbye-superman-mezczyzna-polskiej-choreografii\/\" target=\"_blank\"><strong>Goodbye Superman! M\u0119\u017cczyzna w polskiej choreografii ta\u0144ca \/ Scena dla Ta\u0144ca 2015<\/strong><\/a><\/p>\n","protected":false},"excerpt":{"rendered":"<p>Laboratorium cia\u0142a Krakowski Festiwal Ta\u0144ca &#8211; IV edycja \/ 2024 Krakowski Festiwal Ta\u0144ca &#8211; III edycja \/ 2023 Interdyscyplinarna Konferencja Naukowa Kto ta\u0144czy? \u2013 I edycja \/ 2023 Krakowski Festiwal Ta\u0144ca &#8211; II edycja \/ 2022 Polska Sie\u0107 Ta\u0144ca 2021-2022 Projekt artystyczny dla senior\u00f3w 2022 Krakowski Festiwal Ta\u0144ca &#8211; I edycja \/ 2021 Polska Sie\u0107 [&hellip;]<\/p>\n","protected":false},"author":5,"featured_media":0,"parent":0,"menu_order":0,"comment_status":"closed","ping_status":"closed","template":"","meta":{"footnotes":""},"class_list":["post-4155","page","type-page","status-publish","hentry"],"yoast_head":"<!-- This site is optimized with the Yoast SEO plugin v19.12 - https:\/\/yoast.com\/wordpress\/plugins\/seo\/ -->\n<title>archiwalne projekty - Krakowskie Centrum Choreograficzne<\/title>\n<meta name=\"robots\" content=\"index, follow, max-snippet:-1, max-image-preview:large, max-video-preview:-1\" \/>\n<link rel=\"canonical\" href=\"https:\/\/nck.krakow.pl\/kcc\/archiwalne-projekty\/\" \/>\n<meta property=\"og:locale\" content=\"pl_PL\" \/>\n<meta property=\"og:type\" content=\"article\" \/>\n<meta property=\"og:title\" content=\"archiwalne projekty - Krakowskie Centrum Choreograficzne\" \/>\n<meta property=\"og:description\" content=\"Laboratorium cia\u0142a Krakowski Festiwal Ta\u0144ca &#8211; IV edycja \/ 2024 Krakowski Festiwal Ta\u0144ca &#8211; III edycja \/ 2023 Interdyscyplinarna Konferencja Naukowa Kto ta\u0144czy? \u2013 I edycja \/ 2023 Krakowski Festiwal Ta\u0144ca &#8211; II edycja \/ 2022 Polska Sie\u0107 Ta\u0144ca 2021-2022 Projekt artystyczny dla senior\u00f3w 2022 Krakowski Festiwal Ta\u0144ca &#8211; I edycja \/ 2021 Polska Sie\u0107 [&hellip;]\" \/>\n<meta property=\"og:url\" content=\"https:\/\/nck.krakow.pl\/kcc\/archiwalne-projekty\/\" \/>\n<meta property=\"og:site_name\" content=\"Krakowskie Centrum Choreograficzne\" \/>\n<meta property=\"article:modified_time\" content=\"2025-12-23T12:43:49+00:00\" \/>\n<meta name=\"twitter:card\" content=\"summary_large_image\" \/>\n<meta name=\"twitter:label1\" content=\"Est. reading time\" \/>\n\t<meta name=\"twitter:data1\" content=\"1 minuta\" \/>\n<script type=\"application\/ld+json\" class=\"yoast-schema-graph\">{\"@context\":\"https:\/\/schema.org\",\"@graph\":[{\"@type\":\"WebPage\",\"@id\":\"https:\/\/nck.krakow.pl\/kcc\/archiwalne-projekty\/\",\"url\":\"https:\/\/nck.krakow.pl\/kcc\/archiwalne-projekty\/\",\"name\":\"archiwalne projekty - Krakowskie Centrum Choreograficzne\",\"isPartOf\":{\"@id\":\"https:\/\/nck.krakow.pl\/kcc\/#website\"},\"datePublished\":\"2020-02-11T09:25:00+00:00\",\"dateModified\":\"2025-12-23T12:43:49+00:00\",\"breadcrumb\":{\"@id\":\"https:\/\/nck.krakow.pl\/kcc\/archiwalne-projekty\/#breadcrumb\"},\"inLanguage\":\"pl-PL\",\"potentialAction\":[{\"@type\":\"ReadAction\",\"target\":[\"https:\/\/nck.krakow.pl\/kcc\/archiwalne-projekty\/\"]}]},{\"@type\":\"BreadcrumbList\",\"@id\":\"https:\/\/nck.krakow.pl\/kcc\/archiwalne-projekty\/#breadcrumb\",\"itemListElement\":[{\"@type\":\"ListItem\",\"position\":1,\"name\":\"Strona g\u0142\u00f3wna\",\"item\":\"https:\/\/nck.krakow.pl\/kcc\/\"},{\"@type\":\"ListItem\",\"position\":2,\"name\":\"archiwalne projekty\"}]},{\"@type\":\"WebSite\",\"@id\":\"https:\/\/nck.krakow.pl\/kcc\/#website\",\"url\":\"https:\/\/nck.krakow.pl\/kcc\/\",\"name\":\"Krakowskie Centrum Choreograficzne\",\"description\":\"\",\"publisher\":{\"@id\":\"https:\/\/nck.krakow.pl\/kcc\/#organization\"},\"potentialAction\":[{\"@type\":\"SearchAction\",\"target\":{\"@type\":\"EntryPoint\",\"urlTemplate\":\"https:\/\/nck.krakow.pl\/kcc\/?s={search_term_string}\"},\"query-input\":\"required name=search_term_string\"}],\"inLanguage\":\"pl-PL\"},{\"@type\":\"Organization\",\"@id\":\"https:\/\/nck.krakow.pl\/kcc\/#organization\",\"name\":\"Krakowskie Centrum Choreograficzne\",\"url\":\"https:\/\/nck.krakow.pl\/kcc\/\",\"logo\":{\"@type\":\"ImageObject\",\"inLanguage\":\"pl-PL\",\"@id\":\"https:\/\/nck.krakow.pl\/kcc\/#\/schema\/logo\/image\/\",\"url\":\"https:\/\/nck.krakow.pl\/kcc\/wp-content\/uploads\/2020\/01\/cropped-logo-kcc-2020.png\",\"contentUrl\":\"https:\/\/nck.krakow.pl\/kcc\/wp-content\/uploads\/2020\/01\/cropped-logo-kcc-2020.png\",\"width\":116,\"height\":55,\"caption\":\"Krakowskie Centrum Choreograficzne\"},\"image\":{\"@id\":\"https:\/\/nck.krakow.pl\/kcc\/#\/schema\/logo\/image\/\"}}]}<\/script>\n<!-- \/ Yoast SEO plugin. -->","yoast_head_json":{"title":"archiwalne projekty - Krakowskie Centrum Choreograficzne","robots":{"index":"index","follow":"follow","max-snippet":"max-snippet:-1","max-image-preview":"max-image-preview:large","max-video-preview":"max-video-preview:-1"},"canonical":"https:\/\/nck.krakow.pl\/kcc\/archiwalne-projekty\/","og_locale":"pl_PL","og_type":"article","og_title":"archiwalne projekty - Krakowskie Centrum Choreograficzne","og_description":"Laboratorium cia\u0142a Krakowski Festiwal Ta\u0144ca &#8211; IV edycja \/ 2024 Krakowski Festiwal Ta\u0144ca &#8211; III edycja \/ 2023 Interdyscyplinarna Konferencja Naukowa Kto ta\u0144czy? \u2013 I edycja \/ 2023 Krakowski Festiwal Ta\u0144ca &#8211; II edycja \/ 2022 Polska Sie\u0107 Ta\u0144ca 2021-2022 Projekt artystyczny dla senior\u00f3w 2022 Krakowski Festiwal Ta\u0144ca &#8211; I edycja \/ 2021 Polska Sie\u0107 [&hellip;]","og_url":"https:\/\/nck.krakow.pl\/kcc\/archiwalne-projekty\/","og_site_name":"Krakowskie Centrum Choreograficzne","article_modified_time":"2025-12-23T12:43:49+00:00","twitter_card":"summary_large_image","twitter_misc":{"Est. reading time":"1 minuta"},"schema":{"@context":"https:\/\/schema.org","@graph":[{"@type":"WebPage","@id":"https:\/\/nck.krakow.pl\/kcc\/archiwalne-projekty\/","url":"https:\/\/nck.krakow.pl\/kcc\/archiwalne-projekty\/","name":"archiwalne projekty - Krakowskie Centrum Choreograficzne","isPartOf":{"@id":"https:\/\/nck.krakow.pl\/kcc\/#website"},"datePublished":"2020-02-11T09:25:00+00:00","dateModified":"2025-12-23T12:43:49+00:00","breadcrumb":{"@id":"https:\/\/nck.krakow.pl\/kcc\/archiwalne-projekty\/#breadcrumb"},"inLanguage":"pl-PL","potentialAction":[{"@type":"ReadAction","target":["https:\/\/nck.krakow.pl\/kcc\/archiwalne-projekty\/"]}]},{"@type":"BreadcrumbList","@id":"https:\/\/nck.krakow.pl\/kcc\/archiwalne-projekty\/#breadcrumb","itemListElement":[{"@type":"ListItem","position":1,"name":"Strona g\u0142\u00f3wna","item":"https:\/\/nck.krakow.pl\/kcc\/"},{"@type":"ListItem","position":2,"name":"archiwalne projekty"}]},{"@type":"WebSite","@id":"https:\/\/nck.krakow.pl\/kcc\/#website","url":"https:\/\/nck.krakow.pl\/kcc\/","name":"Krakowskie Centrum Choreograficzne","description":"","publisher":{"@id":"https:\/\/nck.krakow.pl\/kcc\/#organization"},"potentialAction":[{"@type":"SearchAction","target":{"@type":"EntryPoint","urlTemplate":"https:\/\/nck.krakow.pl\/kcc\/?s={search_term_string}"},"query-input":"required name=search_term_string"}],"inLanguage":"pl-PL"},{"@type":"Organization","@id":"https:\/\/nck.krakow.pl\/kcc\/#organization","name":"Krakowskie Centrum Choreograficzne","url":"https:\/\/nck.krakow.pl\/kcc\/","logo":{"@type":"ImageObject","inLanguage":"pl-PL","@id":"https:\/\/nck.krakow.pl\/kcc\/#\/schema\/logo\/image\/","url":"https:\/\/nck.krakow.pl\/kcc\/wp-content\/uploads\/2020\/01\/cropped-logo-kcc-2020.png","contentUrl":"https:\/\/nck.krakow.pl\/kcc\/wp-content\/uploads\/2020\/01\/cropped-logo-kcc-2020.png","width":116,"height":55,"caption":"Krakowskie Centrum Choreograficzne"},"image":{"@id":"https:\/\/nck.krakow.pl\/kcc\/#\/schema\/logo\/image\/"}}]}},"_links":{"self":[{"href":"https:\/\/nck.krakow.pl\/kcc\/wp-json\/wp\/v2\/pages\/4155"}],"collection":[{"href":"https:\/\/nck.krakow.pl\/kcc\/wp-json\/wp\/v2\/pages"}],"about":[{"href":"https:\/\/nck.krakow.pl\/kcc\/wp-json\/wp\/v2\/types\/page"}],"author":[{"embeddable":true,"href":"https:\/\/nck.krakow.pl\/kcc\/wp-json\/wp\/v2\/users\/5"}],"replies":[{"embeddable":true,"href":"https:\/\/nck.krakow.pl\/kcc\/wp-json\/wp\/v2\/comments?post=4155"}],"version-history":[{"count":14,"href":"https:\/\/nck.krakow.pl\/kcc\/wp-json\/wp\/v2\/pages\/4155\/revisions"}],"predecessor-version":[{"id":8602,"href":"https:\/\/nck.krakow.pl\/kcc\/wp-json\/wp\/v2\/pages\/4155\/revisions\/8602"}],"wp:attachment":[{"href":"https:\/\/nck.krakow.pl\/kcc\/wp-json\/wp\/v2\/media?parent=4155"}],"curies":[{"name":"wp","href":"https:\/\/api.w.org\/{rel}","templated":true}]}}