{"id":4068,"date":"2020-02-03T10:32:11","date_gmt":"2020-02-03T10:32:11","guid":{"rendered":"https:\/\/nck.krakow.pl\/kcc\/?page_id=4068"},"modified":"2022-02-17T12:47:31","modified_gmt":"2022-02-17T12:47:31","slug":"pst-2020","status":"publish","type":"page","link":"https:\/\/nck.krakow.pl\/kcc\/pst-2020\/","title":{"rendered":"PST 2020-2021"},"content":{"rendered":"\n<p>Krakowskie Centrum Choreograficzne jest jednym z Centr\u00f3w Za\u0142o\u017cycielskich Polskiej Sieci Ta\u0144ca. Oznacza to, i\u017c od 2018 r. spektakle z PST s\u0105 prezentowane w Nowohuckim Centrum Kultury, a Krakowskie Centrum Choreograficzne corocznie w\u0142\u0105cza swoj\u0105 produkcj\u0119 do puli Sieci i tym samym podr\u00f3\u017cuje ze spektaklem po ca\u0142ej Polsce.<\/p>\n\n\n\n<p>Spektakle, kt\u00f3re by\u0142y prezentowane w Nowohuckim Centrum Kultury w ramach Polskiej Sieci Ta\u0144ca w latach 2020-2021:<\/p>\n\n\n\n<ul class=\"wp-block-list\"><li>Lubelski Teatr Ta\u0144ca \u201cIf\/Then\u201d<\/li><li>Daniela Kom\u0119dera-Mi\u015bkiewicz, Dominika Wiak \u201cManhattan\u201d<\/li><li>Polski Teatr Ta\u0144ca \u201cFabula Rasa\u201d<\/li><li>Ma\u0142gorzata Mielech \u201cFearless\u201d<\/li><li>Teatr Ta\u0144ca Zawirowania \u201cReal Love\u201d w chor. Daniela Abreau oraz Aleksandra Krajewska \u201cLullaby for the Restless\u201d<\/li><li>Kielecki Teatr Ta\u0144ca, \u201eIntercepted\/Przechwycone\u201d w chor. Wojciecha Mochnieja oraz \u201eCarme(n)love\u201d w chor. Ma\u0142gorzaty Zi\u00f3\u0142kowskiej<\/li><\/ul>\n\n\n\n<p>Spektakl zg\u0142oszony do Sieci przez Krakowskie Centrum Choreograficzne to \u201cTrans_Miss(i)on\u201d <a href=\"https:\/\/nck.krakow.pl\/kcc\/trans_mission\/\">https:\/\/nck.krakow.pl\/kcc\/trans_mission\/<\/a> w choreografii Iwony Olszowskiej i Ferenca Feh\u00e9ra.<\/p>\n\n\n\n<figure class=\"wp-block-image\"><img loading=\"lazy\" decoding=\"async\" width=\"1024\" height=\"576\" src=\"https:\/\/nck.krakow.pl\/kcc\/wp-content\/uploads\/2020\/02\/PapeteriaPST2020_1080-002-1024x576.png\" alt=\"\" class=\"wp-image-4144\" srcset=\"https:\/\/nck.krakow.pl\/kcc\/wp-content\/uploads\/2020\/02\/PapeteriaPST2020_1080-002-1024x576.png 1024w, https:\/\/nck.krakow.pl\/kcc\/wp-content\/uploads\/2020\/02\/PapeteriaPST2020_1080-002-300x169.png 300w, https:\/\/nck.krakow.pl\/kcc\/wp-content\/uploads\/2020\/02\/PapeteriaPST2020_1080-002-768x432.png 768w, https:\/\/nck.krakow.pl\/kcc\/wp-content\/uploads\/2020\/02\/PapeteriaPST2020_1080-002.png 1920w\" sizes=\"(max-width: 1024px) 100vw, 1024px\" \/><\/figure>\n\n\n\n<div style=\"height:24px\" aria-hidden=\"true\" class=\"wp-block-spacer\"><\/div>\n\n\n\n<p>Polska Sie\u0107 Ta\u0144ca <a href=\"https:\/\/pst.info.pl\/\">https:\/\/pst.info.pl\/<\/a> to pierwsza sformalizowana sie\u0107 wsp\u00f3\u0142pracy mi\u0119dzy instytucjami i organizacjami wspieraj\u0105cymi rozw\u00f3j ta\u0144ca wsp\u00f3\u0142czesnego w Polsce. Ka\u017cdego sezonu Partnerzy Sieci wybieraj\u0105 do wsp\u00f3lnego repertuaru najciekawsze produkcje polskich niezale\u017cnych artyst\u00f3w i instytucjonalnych zespo\u0142\u00f3w tanecznych. Spektakle nominowane na dany rok, w ramach Sieci, wyruszaj\u0105 w tras\u0119, podczas kt\u00f3rej odwiedzaj\u0105 o\u015brodki partnerskie.<\/p>\n\n\n\n<p>Sie\u0107 wspiera mobilno\u015b\u0107 wybranych produkcji tanecznych, promuje artyst\u00f3w oraz jest platform\u0105 do wypracowywania dobrych praktyk w profesjonalnym \u015brodowisku. Znacznie przyczynia si\u0119 do tworzenia warunk\u00f3w i struktur, kt\u00f3re wp\u0142ywaj\u0105 na cyrkulacj\u0119 ta\u0144ca w Polsce oraz wp\u0142ywa na integracj\u0119 \u015brodowiska poprzez wymian\u0119 r\u00f3\u017cnych estetyk.<\/p>\n\n\n\n<p>Organizatorem Polskiej&nbsp;Sieci&nbsp;Ta\u0144ca jest Narodowy Instytut Muzyki i Ta\u0144ca. Sfinansowane ze \u015brodk\u00f3w Ministerstwa Kultury, Dziedzictwa Narodowego i Sportu.&nbsp;<\/p>\n\n\n\n<figure class=\"wp-block-image size-large\"><img loading=\"lazy\" decoding=\"async\" width=\"1024\" height=\"134\" src=\"https:\/\/nck.krakow.pl\/kcc\/wp-content\/uploads\/2021\/06\/PST_belka-poziom-1024x134.png\" alt=\"\" class=\"wp-image-4953\" srcset=\"https:\/\/nck.krakow.pl\/kcc\/wp-content\/uploads\/2021\/06\/PST_belka-poziom-1024x134.png 1024w, https:\/\/nck.krakow.pl\/kcc\/wp-content\/uploads\/2021\/06\/PST_belka-poziom-300x39.png 300w, https:\/\/nck.krakow.pl\/kcc\/wp-content\/uploads\/2021\/06\/PST_belka-poziom-768x101.png 768w, https:\/\/nck.krakow.pl\/kcc\/wp-content\/uploads\/2021\/06\/PST_belka-poziom-1536x202.png 1536w, https:\/\/nck.krakow.pl\/kcc\/wp-content\/uploads\/2021\/06\/PST_belka-poziom-2048x269.png 2048w\" sizes=\"(max-width: 1024px) 100vw, 1024px\" \/><\/figure>\n","protected":false},"excerpt":{"rendered":"<p>Krakowskie Centrum Choreograficzne jest jednym z Centr\u00f3w Za\u0142o\u017cycielskich Polskiej Sieci Ta\u0144ca. Oznacza to, i\u017c od 2018 r. spektakle z PST s\u0105 prezentowane w Nowohuckim Centrum Kultury, a Krakowskie Centrum Choreograficzne corocznie w\u0142\u0105cza swoj\u0105 produkcj\u0119 do puli Sieci i tym samym podr\u00f3\u017cuje ze spektaklem po ca\u0142ej Polsce. Spektakle, kt\u00f3re by\u0142y prezentowane w Nowohuckim Centrum Kultury w [&hellip;]<\/p>\n","protected":false},"author":5,"featured_media":0,"parent":0,"menu_order":0,"comment_status":"closed","ping_status":"closed","template":"","meta":{"footnotes":""},"class_list":["post-4068","page","type-page","status-publish","hentry"],"yoast_head":"<!-- This site is optimized with the Yoast SEO plugin v19.12 - https:\/\/yoast.com\/wordpress\/plugins\/seo\/ -->\n<title>PST 2020-2021 - Krakowskie Centrum Choreograficzne<\/title>\n<meta name=\"robots\" content=\"index, follow, max-snippet:-1, max-image-preview:large, max-video-preview:-1\" \/>\n<link rel=\"canonical\" href=\"https:\/\/nck.krakow.pl\/kcc\/pst-2020\/\" \/>\n<meta property=\"og:locale\" content=\"pl_PL\" \/>\n<meta property=\"og:type\" content=\"article\" \/>\n<meta property=\"og:title\" content=\"PST 2020-2021 - Krakowskie Centrum Choreograficzne\" \/>\n<meta property=\"og:description\" content=\"Krakowskie Centrum Choreograficzne jest jednym z Centr\u00f3w Za\u0142o\u017cycielskich Polskiej Sieci Ta\u0144ca. Oznacza to, i\u017c od 2018 r. spektakle z PST s\u0105 prezentowane w Nowohuckim Centrum Kultury, a Krakowskie Centrum Choreograficzne corocznie w\u0142\u0105cza swoj\u0105 produkcj\u0119 do puli Sieci i tym samym podr\u00f3\u017cuje ze spektaklem po ca\u0142ej Polsce. Spektakle, kt\u00f3re by\u0142y prezentowane w Nowohuckim Centrum Kultury w [&hellip;]\" \/>\n<meta property=\"og:url\" content=\"https:\/\/nck.krakow.pl\/kcc\/pst-2020\/\" \/>\n<meta property=\"og:site_name\" content=\"Krakowskie Centrum Choreograficzne\" \/>\n<meta property=\"article:modified_time\" content=\"2022-02-17T12:47:31+00:00\" \/>\n<meta property=\"og:image\" content=\"https:\/\/nck.krakow.pl\/kcc\/wp-content\/uploads\/2020\/02\/PapeteriaPST2020_1080-002-1024x576.png\" \/>\n<meta name=\"twitter:card\" content=\"summary_large_image\" \/>\n<meta name=\"twitter:label1\" content=\"Est. reading time\" \/>\n\t<meta name=\"twitter:data1\" content=\"2 minuty\" \/>\n<script type=\"application\/ld+json\" class=\"yoast-schema-graph\">{\"@context\":\"https:\/\/schema.org\",\"@graph\":[{\"@type\":\"WebPage\",\"@id\":\"https:\/\/nck.krakow.pl\/kcc\/pst-2020\/\",\"url\":\"https:\/\/nck.krakow.pl\/kcc\/pst-2020\/\",\"name\":\"PST 2020-2021 - Krakowskie Centrum Choreograficzne\",\"isPartOf\":{\"@id\":\"https:\/\/nck.krakow.pl\/kcc\/#website\"},\"datePublished\":\"2020-02-03T10:32:11+00:00\",\"dateModified\":\"2022-02-17T12:47:31+00:00\",\"breadcrumb\":{\"@id\":\"https:\/\/nck.krakow.pl\/kcc\/pst-2020\/#breadcrumb\"},\"inLanguage\":\"pl-PL\",\"potentialAction\":[{\"@type\":\"ReadAction\",\"target\":[\"https:\/\/nck.krakow.pl\/kcc\/pst-2020\/\"]}]},{\"@type\":\"BreadcrumbList\",\"@id\":\"https:\/\/nck.krakow.pl\/kcc\/pst-2020\/#breadcrumb\",\"itemListElement\":[{\"@type\":\"ListItem\",\"position\":1,\"name\":\"Strona g\u0142\u00f3wna\",\"item\":\"https:\/\/nck.krakow.pl\/kcc\/\"},{\"@type\":\"ListItem\",\"position\":2,\"name\":\"PST 2020-2021\"}]},{\"@type\":\"WebSite\",\"@id\":\"https:\/\/nck.krakow.pl\/kcc\/#website\",\"url\":\"https:\/\/nck.krakow.pl\/kcc\/\",\"name\":\"Krakowskie Centrum Choreograficzne\",\"description\":\"\",\"publisher\":{\"@id\":\"https:\/\/nck.krakow.pl\/kcc\/#organization\"},\"potentialAction\":[{\"@type\":\"SearchAction\",\"target\":{\"@type\":\"EntryPoint\",\"urlTemplate\":\"https:\/\/nck.krakow.pl\/kcc\/?s={search_term_string}\"},\"query-input\":\"required name=search_term_string\"}],\"inLanguage\":\"pl-PL\"},{\"@type\":\"Organization\",\"@id\":\"https:\/\/nck.krakow.pl\/kcc\/#organization\",\"name\":\"Krakowskie Centrum Choreograficzne\",\"url\":\"https:\/\/nck.krakow.pl\/kcc\/\",\"logo\":{\"@type\":\"ImageObject\",\"inLanguage\":\"pl-PL\",\"@id\":\"https:\/\/nck.krakow.pl\/kcc\/#\/schema\/logo\/image\/\",\"url\":\"https:\/\/nck.krakow.pl\/kcc\/wp-content\/uploads\/2020\/01\/cropped-logo-kcc-2020.png\",\"contentUrl\":\"https:\/\/nck.krakow.pl\/kcc\/wp-content\/uploads\/2020\/01\/cropped-logo-kcc-2020.png\",\"width\":116,\"height\":55,\"caption\":\"Krakowskie Centrum Choreograficzne\"},\"image\":{\"@id\":\"https:\/\/nck.krakow.pl\/kcc\/#\/schema\/logo\/image\/\"}}]}<\/script>\n<!-- \/ Yoast SEO plugin. -->","yoast_head_json":{"title":"PST 2020-2021 - Krakowskie Centrum Choreograficzne","robots":{"index":"index","follow":"follow","max-snippet":"max-snippet:-1","max-image-preview":"max-image-preview:large","max-video-preview":"max-video-preview:-1"},"canonical":"https:\/\/nck.krakow.pl\/kcc\/pst-2020\/","og_locale":"pl_PL","og_type":"article","og_title":"PST 2020-2021 - Krakowskie Centrum Choreograficzne","og_description":"Krakowskie Centrum Choreograficzne jest jednym z Centr\u00f3w Za\u0142o\u017cycielskich Polskiej Sieci Ta\u0144ca. Oznacza to, i\u017c od 2018 r. spektakle z PST s\u0105 prezentowane w Nowohuckim Centrum Kultury, a Krakowskie Centrum Choreograficzne corocznie w\u0142\u0105cza swoj\u0105 produkcj\u0119 do puli Sieci i tym samym podr\u00f3\u017cuje ze spektaklem po ca\u0142ej Polsce. Spektakle, kt\u00f3re by\u0142y prezentowane w Nowohuckim Centrum Kultury w [&hellip;]","og_url":"https:\/\/nck.krakow.pl\/kcc\/pst-2020\/","og_site_name":"Krakowskie Centrum Choreograficzne","article_modified_time":"2022-02-17T12:47:31+00:00","og_image":[{"url":"https:\/\/nck.krakow.pl\/kcc\/wp-content\/uploads\/2020\/02\/PapeteriaPST2020_1080-002-1024x576.png"}],"twitter_card":"summary_large_image","twitter_misc":{"Est. reading time":"2 minuty"},"schema":{"@context":"https:\/\/schema.org","@graph":[{"@type":"WebPage","@id":"https:\/\/nck.krakow.pl\/kcc\/pst-2020\/","url":"https:\/\/nck.krakow.pl\/kcc\/pst-2020\/","name":"PST 2020-2021 - Krakowskie Centrum Choreograficzne","isPartOf":{"@id":"https:\/\/nck.krakow.pl\/kcc\/#website"},"datePublished":"2020-02-03T10:32:11+00:00","dateModified":"2022-02-17T12:47:31+00:00","breadcrumb":{"@id":"https:\/\/nck.krakow.pl\/kcc\/pst-2020\/#breadcrumb"},"inLanguage":"pl-PL","potentialAction":[{"@type":"ReadAction","target":["https:\/\/nck.krakow.pl\/kcc\/pst-2020\/"]}]},{"@type":"BreadcrumbList","@id":"https:\/\/nck.krakow.pl\/kcc\/pst-2020\/#breadcrumb","itemListElement":[{"@type":"ListItem","position":1,"name":"Strona g\u0142\u00f3wna","item":"https:\/\/nck.krakow.pl\/kcc\/"},{"@type":"ListItem","position":2,"name":"PST 2020-2021"}]},{"@type":"WebSite","@id":"https:\/\/nck.krakow.pl\/kcc\/#website","url":"https:\/\/nck.krakow.pl\/kcc\/","name":"Krakowskie Centrum Choreograficzne","description":"","publisher":{"@id":"https:\/\/nck.krakow.pl\/kcc\/#organization"},"potentialAction":[{"@type":"SearchAction","target":{"@type":"EntryPoint","urlTemplate":"https:\/\/nck.krakow.pl\/kcc\/?s={search_term_string}"},"query-input":"required name=search_term_string"}],"inLanguage":"pl-PL"},{"@type":"Organization","@id":"https:\/\/nck.krakow.pl\/kcc\/#organization","name":"Krakowskie Centrum Choreograficzne","url":"https:\/\/nck.krakow.pl\/kcc\/","logo":{"@type":"ImageObject","inLanguage":"pl-PL","@id":"https:\/\/nck.krakow.pl\/kcc\/#\/schema\/logo\/image\/","url":"https:\/\/nck.krakow.pl\/kcc\/wp-content\/uploads\/2020\/01\/cropped-logo-kcc-2020.png","contentUrl":"https:\/\/nck.krakow.pl\/kcc\/wp-content\/uploads\/2020\/01\/cropped-logo-kcc-2020.png","width":116,"height":55,"caption":"Krakowskie Centrum Choreograficzne"},"image":{"@id":"https:\/\/nck.krakow.pl\/kcc\/#\/schema\/logo\/image\/"}}]}},"_links":{"self":[{"href":"https:\/\/nck.krakow.pl\/kcc\/wp-json\/wp\/v2\/pages\/4068"}],"collection":[{"href":"https:\/\/nck.krakow.pl\/kcc\/wp-json\/wp\/v2\/pages"}],"about":[{"href":"https:\/\/nck.krakow.pl\/kcc\/wp-json\/wp\/v2\/types\/page"}],"author":[{"embeddable":true,"href":"https:\/\/nck.krakow.pl\/kcc\/wp-json\/wp\/v2\/users\/5"}],"replies":[{"embeddable":true,"href":"https:\/\/nck.krakow.pl\/kcc\/wp-json\/wp\/v2\/comments?post=4068"}],"version-history":[{"count":8,"href":"https:\/\/nck.krakow.pl\/kcc\/wp-json\/wp\/v2\/pages\/4068\/revisions"}],"predecessor-version":[{"id":5800,"href":"https:\/\/nck.krakow.pl\/kcc\/wp-json\/wp\/v2\/pages\/4068\/revisions\/5800"}],"wp:attachment":[{"href":"https:\/\/nck.krakow.pl\/kcc\/wp-json\/wp\/v2\/media?parent=4068"}],"curies":[{"name":"wp","href":"https:\/\/api.w.org\/{rel}","templated":true}]}}