{"id":3729,"date":"2019-07-30T10:26:08","date_gmt":"2019-07-30T10:26:08","guid":{"rendered":"https:\/\/nck.krakow.pl\/kcc\/?page_id=3729"},"modified":"2023-04-25T12:56:39","modified_gmt":"2023-04-25T12:56:39","slug":"kobiety-wyspianskiego","status":"publish","type":"page","link":"https:\/\/nck.krakow.pl\/kcc\/kobiety-wyspianskiego\/","title":{"rendered":"Kobiety Wyspia\u0144skiego"},"content":{"rendered":"\n<figure class=\"wp-block-image\"><img loading=\"lazy\" decoding=\"async\" width=\"1024\" height=\"683\" src=\"https:\/\/nck.krakow.pl\/kcc\/wp-content\/uploads\/2020\/02\/PB0B8476-1024x683.jpg\" alt=\"\" class=\"wp-image-4308\" srcset=\"https:\/\/nck.krakow.pl\/kcc\/wp-content\/uploads\/2020\/02\/PB0B8476-1024x683.jpg 1024w, https:\/\/nck.krakow.pl\/kcc\/wp-content\/uploads\/2020\/02\/PB0B8476-300x200.jpg 300w, https:\/\/nck.krakow.pl\/kcc\/wp-content\/uploads\/2020\/02\/PB0B8476-768x512.jpg 768w, https:\/\/nck.krakow.pl\/kcc\/wp-content\/uploads\/2020\/02\/PB0B8476.jpg 1200w\" sizes=\"(max-width: 1024px) 100vw, 1024px\" \/><\/figure>\n\n\n\n<div style=\"height:30px\" aria-hidden=\"true\" class=\"wp-block-spacer\"><\/div>\n\n\n\n<h2 class=\"wp-block-heading\">Kobiety Wyspia\u0144skiego<\/h2>\n\n\n\n<div style=\"height:20px\" aria-hidden=\"true\" class=\"wp-block-spacer\"><\/div>\n\n\n\n<p><strong>koncepcja:&nbsp;<\/strong>Marcin Janus, Monika W\u0119grzynowicz, Marta Wo\u0142owiec<br><strong>choreografia:<\/strong> Monika W\u0119grzynowicz , Marta Wo\u0142owiec<br><strong>muzyka i multimedia:<\/strong>&nbsp;Marcin Janus<br><strong>taniec:<\/strong> Agata Mol\u0105g, Monika W\u0119grzynowicz , Marta Wo\u0142owiec<br><strong>producent<\/strong>: Nowohuckie Centrum Kultury \u2013 Krakowskie Centrum Choreograficzne<br><strong>premiera<\/strong>: 16 czerwca 2019 w ramach Nocy Ta\u0144ca w Krakowie\/studio KCC<br><strong>d\u0142ugo\u015b\u0107 spektaklu<\/strong>: 60 min<br>Spektakl powsta\u0142 dzi\u0119ki wsparciu Miasta Krakowa.<\/p>\n\n\n\n<div style=\"height:41px\" aria-hidden=\"true\" class=\"wp-block-spacer\"><\/div>\n\n\n\n<p>\n\n\n\n\n\n\n\n\n\n\n\n\n\n\n\n\nFragment listu\nStanis\u0142awa Wyspia\u0144skiego: \n\n\n\n<\/p>\n\n\n\n<blockquote class=\"wp-block-quote is-layout-flow wp-block-quote-is-layout-flow\">\n<p><em>Gdy ja tak wyobra\u017cam sobie moje \u017cycie jak obraz malowany, jak\u017ce ja mog\u0119 bra\u0107 do moich my\u015bli i ci\u0105gn\u0105\u0107 ku sobie dziewczyn\u0119, kt\u00f3ra \u017cyje nie kolorami, nie d\u017awi\u0119kami, nie wyobra\u017ani\u0105, nie melodi\u0105, nie zobrazowaniem formy \u2013 ale form\u0105 sam\u0105 i \u017cyciem jakim\u015b wegetuj\u0105cym, na kt\u00f3re ja patrz\u0119 z r\u00f3wnym wsp\u00f3\u0142czuciem jak na \u017cycie kwiatu lub owadu. (&#8230;) Ile\u017c razy to by\u0142em rozkochany w kwiecie przez lito\u015b\u0107 i tylko przez lito\u015b\u0107 kocha\u0142em raz gdzie\u015b dojrzan\u0105 dziewczyn\u0119.<\/em><\/p>\n<\/blockquote>\n\n\n\n<p>\n\n\n\n\n\n\n\n\n\n\n\n\n\n\n\n\nPo czym zadaje pytanie: \n\n\n\n<\/p>\n\n\n\n<blockquote class=\"wp-block-quote is-layout-flow wp-block-quote-is-layout-flow\">\n<p><em>Czy\u017c to wystarczy do \u017cycia?<\/em><\/p>\n<\/blockquote>\n\n\n\n<div style=\"height:42px\" aria-hidden=\"true\" class=\"wp-block-spacer\"><\/div>\n\n\n\n<figure class=\"wp-block-gallery has-nested-images columns-default is-cropped wp-block-gallery-1 is-layout-flex wp-block-gallery-is-layout-flex\">\n<figure class=\"wp-block-image\"><a href=\"https:\/\/nck.krakow.pl\/kcc\/wp-content\/uploads\/2019\/07\/Wyspia\u0144ski-in-motion-1-fot.K.Machniewicz.jpg\"><img loading=\"lazy\" decoding=\"async\" width=\"960\" height=\"640\" data-id=\"3739\" src=\"https:\/\/nck.krakow.pl\/kcc\/wp-content\/uploads\/2019\/07\/Wyspia\u0144ski-in-motion-1-fot.K.Machniewicz.jpg\" alt=\"\" class=\"wp-image-3739\" srcset=\"https:\/\/nck.krakow.pl\/kcc\/wp-content\/uploads\/2019\/07\/Wyspia\u0144ski-in-motion-1-fot.K.Machniewicz.jpg 960w, https:\/\/nck.krakow.pl\/kcc\/wp-content\/uploads\/2019\/07\/Wyspia\u0144ski-in-motion-1-fot.K.Machniewicz-300x200.jpg 300w, https:\/\/nck.krakow.pl\/kcc\/wp-content\/uploads\/2019\/07\/Wyspia\u0144ski-in-motion-1-fot.K.Machniewicz-768x512.jpg 768w\" sizes=\"(max-width: 960px) 100vw, 960px\" \/><\/a><\/figure>\n\n\n\n<figure class=\"wp-block-image\"><a href=\"https:\/\/nck.krakow.pl\/kcc\/wp-content\/uploads\/2019\/07\/Wyspia\u0144ski-in-motion-2-fot.-K.Machniewicz.jpg\"><img loading=\"lazy\" decoding=\"async\" width=\"960\" height=\"640\" data-id=\"3740\" src=\"https:\/\/nck.krakow.pl\/kcc\/wp-content\/uploads\/2019\/07\/Wyspia\u0144ski-in-motion-2-fot.-K.Machniewicz.jpg\" alt=\"\" class=\"wp-image-3740\" srcset=\"https:\/\/nck.krakow.pl\/kcc\/wp-content\/uploads\/2019\/07\/Wyspia\u0144ski-in-motion-2-fot.-K.Machniewicz.jpg 960w, https:\/\/nck.krakow.pl\/kcc\/wp-content\/uploads\/2019\/07\/Wyspia\u0144ski-in-motion-2-fot.-K.Machniewicz-300x200.jpg 300w, https:\/\/nck.krakow.pl\/kcc\/wp-content\/uploads\/2019\/07\/Wyspia\u0144ski-in-motion-2-fot.-K.Machniewicz-768x512.jpg 768w\" sizes=\"(max-width: 960px) 100vw, 960px\" \/><\/a><\/figure>\n\n\n\n<figure class=\"wp-block-image\"><a href=\"https:\/\/nck.krakow.pl\/kcc\/wp-content\/uploads\/2019\/07\/Wyspia\u0144ski-in-motion-3-fot.K.Machniewicz.jpg\"><img loading=\"lazy\" decoding=\"async\" width=\"960\" height=\"640\" data-id=\"3741\" src=\"https:\/\/nck.krakow.pl\/kcc\/wp-content\/uploads\/2019\/07\/Wyspia\u0144ski-in-motion-3-fot.K.Machniewicz.jpg\" alt=\"\" class=\"wp-image-3741\" srcset=\"https:\/\/nck.krakow.pl\/kcc\/wp-content\/uploads\/2019\/07\/Wyspia\u0144ski-in-motion-3-fot.K.Machniewicz.jpg 960w, https:\/\/nck.krakow.pl\/kcc\/wp-content\/uploads\/2019\/07\/Wyspia\u0144ski-in-motion-3-fot.K.Machniewicz-300x200.jpg 300w, https:\/\/nck.krakow.pl\/kcc\/wp-content\/uploads\/2019\/07\/Wyspia\u0144ski-in-motion-3-fot.K.Machniewicz-768x512.jpg 768w\" sizes=\"(max-width: 960px) 100vw, 960px\" \/><\/a><\/figure>\n\n\n\n<figure class=\"wp-block-image\"><a href=\"https:\/\/nck.krakow.pl\/kcc\/wp-content\/uploads\/2019\/07\/Wyspia\u0144ski-in-motion-4-fot.K.Machniewicz.jpg\"><img loading=\"lazy\" decoding=\"async\" width=\"960\" height=\"640\" data-id=\"3742\" src=\"https:\/\/nck.krakow.pl\/kcc\/wp-content\/uploads\/2019\/07\/Wyspia\u0144ski-in-motion-4-fot.K.Machniewicz.jpg\" alt=\"\" class=\"wp-image-3742\" srcset=\"https:\/\/nck.krakow.pl\/kcc\/wp-content\/uploads\/2019\/07\/Wyspia\u0144ski-in-motion-4-fot.K.Machniewicz.jpg 960w, https:\/\/nck.krakow.pl\/kcc\/wp-content\/uploads\/2019\/07\/Wyspia\u0144ski-in-motion-4-fot.K.Machniewicz-300x200.jpg 300w, https:\/\/nck.krakow.pl\/kcc\/wp-content\/uploads\/2019\/07\/Wyspia\u0144ski-in-motion-4-fot.K.Machniewicz-768x512.jpg 768w\" sizes=\"(max-width: 960px) 100vw, 960px\" \/><\/a><\/figure>\n\n\n\n<figure class=\"wp-block-image\"><a href=\"https:\/\/nck.krakow.pl\/kcc\/wp-content\/uploads\/2019\/07\/Wyspia\u0144ski-in-motion-5-fot.K.Machniewicz.jpg\"><img loading=\"lazy\" decoding=\"async\" width=\"960\" height=\"640\" data-id=\"3743\" src=\"https:\/\/nck.krakow.pl\/kcc\/wp-content\/uploads\/2019\/07\/Wyspia\u0144ski-in-motion-5-fot.K.Machniewicz.jpg\" alt=\"\" class=\"wp-image-3743\" srcset=\"https:\/\/nck.krakow.pl\/kcc\/wp-content\/uploads\/2019\/07\/Wyspia\u0144ski-in-motion-5-fot.K.Machniewicz.jpg 960w, https:\/\/nck.krakow.pl\/kcc\/wp-content\/uploads\/2019\/07\/Wyspia\u0144ski-in-motion-5-fot.K.Machniewicz-300x200.jpg 300w, https:\/\/nck.krakow.pl\/kcc\/wp-content\/uploads\/2019\/07\/Wyspia\u0144ski-in-motion-5-fot.K.Machniewicz-768x512.jpg 768w\" sizes=\"(max-width: 960px) 100vw, 960px\" \/><\/a><\/figure>\n\n\n\n<figure class=\"wp-block-image\"><a href=\"https:\/\/nck.krakow.pl\/kcc\/wp-content\/uploads\/2019\/07\/Wyspia\u0144ski-in-motion-6-fot.K.Machniewicz.jpg\"><img loading=\"lazy\" decoding=\"async\" width=\"960\" height=\"640\" data-id=\"3744\" src=\"https:\/\/nck.krakow.pl\/kcc\/wp-content\/uploads\/2019\/07\/Wyspia\u0144ski-in-motion-6-fot.K.Machniewicz.jpg\" alt=\"\" class=\"wp-image-3744\" srcset=\"https:\/\/nck.krakow.pl\/kcc\/wp-content\/uploads\/2019\/07\/Wyspia\u0144ski-in-motion-6-fot.K.Machniewicz.jpg 960w, https:\/\/nck.krakow.pl\/kcc\/wp-content\/uploads\/2019\/07\/Wyspia\u0144ski-in-motion-6-fot.K.Machniewicz-300x200.jpg 300w, https:\/\/nck.krakow.pl\/kcc\/wp-content\/uploads\/2019\/07\/Wyspia\u0144ski-in-motion-6-fot.K.Machniewicz-768x512.jpg 768w\" sizes=\"(max-width: 960px) 100vw, 960px\" \/><\/a><\/figure>\n<\/figure>\n\n\n\n<p>fot. Katarzyna Machniewicz<\/p>\n\n\n\n<div style=\"height:100px\" aria-hidden=\"true\" class=\"wp-block-spacer\"><\/div>\n\n\n\n<figure class=\"wp-block-gallery has-nested-images columns-default is-cropped wp-block-gallery-2 is-layout-flex wp-block-gallery-is-layout-flex\">\n<figure class=\"wp-block-image\"><a href=\"https:\/\/nck.krakow.pl\/kcc\/wp-content\/uploads\/2020\/02\/PB0B8476-1.jpg\"><img loading=\"lazy\" decoding=\"async\" width=\"1024\" height=\"683\" data-id=\"4344\" src=\"https:\/\/nck.krakow.pl\/kcc\/wp-content\/uploads\/2020\/02\/PB0B8476-1-1024x683.jpg\" alt=\"\" class=\"wp-image-4344\" srcset=\"https:\/\/nck.krakow.pl\/kcc\/wp-content\/uploads\/2020\/02\/PB0B8476-1-1024x683.jpg 1024w, https:\/\/nck.krakow.pl\/kcc\/wp-content\/uploads\/2020\/02\/PB0B8476-1-300x200.jpg 300w, https:\/\/nck.krakow.pl\/kcc\/wp-content\/uploads\/2020\/02\/PB0B8476-1-768x512.jpg 768w, https:\/\/nck.krakow.pl\/kcc\/wp-content\/uploads\/2020\/02\/PB0B8476-1.jpg 1200w\" sizes=\"(max-width: 1024px) 100vw, 1024px\" \/><\/a><\/figure>\n\n\n\n<figure class=\"wp-block-image\"><a href=\"https:\/\/nck.krakow.pl\/kcc\/wp-content\/uploads\/2020\/02\/PB0B8495.jpg\"><img loading=\"lazy\" decoding=\"async\" width=\"1024\" height=\"683\" data-id=\"4345\" src=\"https:\/\/nck.krakow.pl\/kcc\/wp-content\/uploads\/2020\/02\/PB0B8495-1024x683.jpg\" alt=\"\" class=\"wp-image-4345\" srcset=\"https:\/\/nck.krakow.pl\/kcc\/wp-content\/uploads\/2020\/02\/PB0B8495-1024x683.jpg 1024w, https:\/\/nck.krakow.pl\/kcc\/wp-content\/uploads\/2020\/02\/PB0B8495-300x200.jpg 300w, https:\/\/nck.krakow.pl\/kcc\/wp-content\/uploads\/2020\/02\/PB0B8495-768x512.jpg 768w, https:\/\/nck.krakow.pl\/kcc\/wp-content\/uploads\/2020\/02\/PB0B8495.jpg 1200w\" sizes=\"(max-width: 1024px) 100vw, 1024px\" \/><\/a><\/figure>\n\n\n\n<figure class=\"wp-block-image\"><a href=\"https:\/\/nck.krakow.pl\/kcc\/wp-content\/uploads\/2020\/02\/PB0B8583_1-5.jpg\"><img loading=\"lazy\" decoding=\"async\" width=\"1024\" height=\"683\" data-id=\"4346\" src=\"https:\/\/nck.krakow.pl\/kcc\/wp-content\/uploads\/2020\/02\/PB0B8583_1-5-1024x683.jpg\" alt=\"\" class=\"wp-image-4346\" srcset=\"https:\/\/nck.krakow.pl\/kcc\/wp-content\/uploads\/2020\/02\/PB0B8583_1-5-1024x683.jpg 1024w, https:\/\/nck.krakow.pl\/kcc\/wp-content\/uploads\/2020\/02\/PB0B8583_1-5-300x200.jpg 300w, https:\/\/nck.krakow.pl\/kcc\/wp-content\/uploads\/2020\/02\/PB0B8583_1-5-768x512.jpg 768w, https:\/\/nck.krakow.pl\/kcc\/wp-content\/uploads\/2020\/02\/PB0B8583_1-5.jpg 1200w\" sizes=\"(max-width: 1024px) 100vw, 1024px\" \/><\/a><\/figure>\n\n\n\n<figure class=\"wp-block-image\"><a href=\"https:\/\/nck.krakow.pl\/kcc\/wp-content\/uploads\/2020\/02\/PB0B8628.jpg\"><img loading=\"lazy\" decoding=\"async\" width=\"1024\" height=\"683\" data-id=\"4347\" src=\"https:\/\/nck.krakow.pl\/kcc\/wp-content\/uploads\/2020\/02\/PB0B8628-1024x683.jpg\" alt=\"\" class=\"wp-image-4347\" srcset=\"https:\/\/nck.krakow.pl\/kcc\/wp-content\/uploads\/2020\/02\/PB0B8628-1024x683.jpg 1024w, https:\/\/nck.krakow.pl\/kcc\/wp-content\/uploads\/2020\/02\/PB0B8628-300x200.jpg 300w, https:\/\/nck.krakow.pl\/kcc\/wp-content\/uploads\/2020\/02\/PB0B8628-768x512.jpg 768w, https:\/\/nck.krakow.pl\/kcc\/wp-content\/uploads\/2020\/02\/PB0B8628.jpg 1200w\" sizes=\"(max-width: 1024px) 100vw, 1024px\" \/><\/a><\/figure>\n\n\n\n<figure class=\"wp-block-image\"><a href=\"https:\/\/nck.krakow.pl\/kcc\/wp-content\/uploads\/2020\/02\/PB0B8645.jpg\"><img loading=\"lazy\" decoding=\"async\" width=\"1024\" height=\"698\" data-id=\"4348\" src=\"https:\/\/nck.krakow.pl\/kcc\/wp-content\/uploads\/2020\/02\/PB0B8645-1024x698.jpg\" alt=\"\" class=\"wp-image-4348\" srcset=\"https:\/\/nck.krakow.pl\/kcc\/wp-content\/uploads\/2020\/02\/PB0B8645-1024x698.jpg 1024w, https:\/\/nck.krakow.pl\/kcc\/wp-content\/uploads\/2020\/02\/PB0B8645-300x205.jpg 300w, https:\/\/nck.krakow.pl\/kcc\/wp-content\/uploads\/2020\/02\/PB0B8645-768x524.jpg 768w, https:\/\/nck.krakow.pl\/kcc\/wp-content\/uploads\/2020\/02\/PB0B8645.jpg 1200w\" sizes=\"(max-width: 1024px) 100vw, 1024px\" \/><\/a><\/figure>\n\n\n\n<figure class=\"wp-block-image\"><a href=\"https:\/\/nck.krakow.pl\/kcc\/wp-content\/uploads\/2020\/02\/PB0B8649.jpg\"><img loading=\"lazy\" decoding=\"async\" width=\"1024\" height=\"683\" data-id=\"4349\" src=\"https:\/\/nck.krakow.pl\/kcc\/wp-content\/uploads\/2020\/02\/PB0B8649-1024x683.jpg\" alt=\"\" class=\"wp-image-4349\" srcset=\"https:\/\/nck.krakow.pl\/kcc\/wp-content\/uploads\/2020\/02\/PB0B8649-1024x683.jpg 1024w, https:\/\/nck.krakow.pl\/kcc\/wp-content\/uploads\/2020\/02\/PB0B8649-300x200.jpg 300w, https:\/\/nck.krakow.pl\/kcc\/wp-content\/uploads\/2020\/02\/PB0B8649-768x512.jpg 768w, https:\/\/nck.krakow.pl\/kcc\/wp-content\/uploads\/2020\/02\/PB0B8649.jpg 1200w\" sizes=\"(max-width: 1024px) 100vw, 1024px\" \/><\/a><\/figure>\n<\/figure>\n\n\n\n<p>fot. Beatrycze Bem<\/p>\n","protected":false},"excerpt":{"rendered":"<p>Kobiety Wyspia\u0144skiego koncepcja:&nbsp;Marcin Janus, Monika W\u0119grzynowicz, Marta Wo\u0142owiecchoreografia: Monika W\u0119grzynowicz , Marta Wo\u0142owiecmuzyka i multimedia:&nbsp;Marcin Janustaniec: Agata Mol\u0105g, Monika W\u0119grzynowicz , Marta Wo\u0142owiecproducent: Nowohuckie Centrum Kultury \u2013 Krakowskie Centrum Choreograficznepremiera: 16 czerwca 2019 w ramach Nocy Ta\u0144ca w Krakowie\/studio KCCd\u0142ugo\u015b\u0107 spektaklu: 60 minSpektakl powsta\u0142 dzi\u0119ki wsparciu Miasta Krakowa. Fragment listu Stanis\u0142awa Wyspia\u0144skiego: Gdy ja tak [&hellip;]<\/p>\n","protected":false},"author":5,"featured_media":0,"parent":0,"menu_order":0,"comment_status":"closed","ping_status":"closed","template":"","meta":{"footnotes":""},"class_list":["post-3729","page","type-page","status-publish","hentry"],"yoast_head":"<!-- This site is optimized with the Yoast SEO plugin v19.12 - https:\/\/yoast.com\/wordpress\/plugins\/seo\/ -->\n<title>Kobiety Wyspia\u0144skiego - Krakowskie Centrum Choreograficzne<\/title>\n<meta name=\"robots\" content=\"index, follow, max-snippet:-1, max-image-preview:large, max-video-preview:-1\" \/>\n<link rel=\"canonical\" href=\"https:\/\/nck.krakow.pl\/kcc\/kobiety-wyspianskiego\/\" \/>\n<meta property=\"og:locale\" content=\"pl_PL\" \/>\n<meta property=\"og:type\" content=\"article\" \/>\n<meta property=\"og:title\" content=\"Kobiety Wyspia\u0144skiego - Krakowskie Centrum Choreograficzne\" \/>\n<meta property=\"og:description\" content=\"Kobiety Wyspia\u0144skiego koncepcja:&nbsp;Marcin Janus, Monika W\u0119grzynowicz, Marta Wo\u0142owiecchoreografia: Monika W\u0119grzynowicz , Marta Wo\u0142owiecmuzyka i multimedia:&nbsp;Marcin Janustaniec: Agata Mol\u0105g, Monika W\u0119grzynowicz , Marta Wo\u0142owiecproducent: Nowohuckie Centrum Kultury \u2013 Krakowskie Centrum Choreograficznepremiera: 16 czerwca 2019 w ramach Nocy Ta\u0144ca w Krakowie\/studio KCCd\u0142ugo\u015b\u0107 spektaklu: 60 minSpektakl powsta\u0142 dzi\u0119ki wsparciu Miasta Krakowa. Fragment listu Stanis\u0142awa Wyspia\u0144skiego: Gdy ja tak [&hellip;]\" \/>\n<meta property=\"og:url\" content=\"https:\/\/nck.krakow.pl\/kcc\/kobiety-wyspianskiego\/\" \/>\n<meta property=\"og:site_name\" content=\"Krakowskie Centrum Choreograficzne\" \/>\n<meta property=\"article:modified_time\" content=\"2023-04-25T12:56:39+00:00\" \/>\n<meta property=\"og:image\" content=\"https:\/\/nck.krakow.pl\/kcc\/wp-content\/uploads\/2020\/02\/PB0B8476-1024x683.jpg\" \/>\n<meta name=\"twitter:card\" content=\"summary_large_image\" \/>\n<meta name=\"twitter:label1\" content=\"Est. reading time\" \/>\n\t<meta name=\"twitter:data1\" content=\"4 minuty\" \/>\n<script type=\"application\/ld+json\" class=\"yoast-schema-graph\">{\"@context\":\"https:\/\/schema.org\",\"@graph\":[{\"@type\":\"WebPage\",\"@id\":\"https:\/\/nck.krakow.pl\/kcc\/kobiety-wyspianskiego\/\",\"url\":\"https:\/\/nck.krakow.pl\/kcc\/kobiety-wyspianskiego\/\",\"name\":\"Kobiety Wyspia\u0144skiego - Krakowskie Centrum Choreograficzne\",\"isPartOf\":{\"@id\":\"https:\/\/nck.krakow.pl\/kcc\/#website\"},\"datePublished\":\"2019-07-30T10:26:08+00:00\",\"dateModified\":\"2023-04-25T12:56:39+00:00\",\"breadcrumb\":{\"@id\":\"https:\/\/nck.krakow.pl\/kcc\/kobiety-wyspianskiego\/#breadcrumb\"},\"inLanguage\":\"pl-PL\",\"potentialAction\":[{\"@type\":\"ReadAction\",\"target\":[\"https:\/\/nck.krakow.pl\/kcc\/kobiety-wyspianskiego\/\"]}]},{\"@type\":\"BreadcrumbList\",\"@id\":\"https:\/\/nck.krakow.pl\/kcc\/kobiety-wyspianskiego\/#breadcrumb\",\"itemListElement\":[{\"@type\":\"ListItem\",\"position\":1,\"name\":\"Strona g\u0142\u00f3wna\",\"item\":\"https:\/\/nck.krakow.pl\/kcc\/\"},{\"@type\":\"ListItem\",\"position\":2,\"name\":\"Kobiety Wyspia\u0144skiego\"}]},{\"@type\":\"WebSite\",\"@id\":\"https:\/\/nck.krakow.pl\/kcc\/#website\",\"url\":\"https:\/\/nck.krakow.pl\/kcc\/\",\"name\":\"Krakowskie Centrum Choreograficzne\",\"description\":\"\",\"publisher\":{\"@id\":\"https:\/\/nck.krakow.pl\/kcc\/#organization\"},\"potentialAction\":[{\"@type\":\"SearchAction\",\"target\":{\"@type\":\"EntryPoint\",\"urlTemplate\":\"https:\/\/nck.krakow.pl\/kcc\/?s={search_term_string}\"},\"query-input\":\"required name=search_term_string\"}],\"inLanguage\":\"pl-PL\"},{\"@type\":\"Organization\",\"@id\":\"https:\/\/nck.krakow.pl\/kcc\/#organization\",\"name\":\"Krakowskie Centrum Choreograficzne\",\"url\":\"https:\/\/nck.krakow.pl\/kcc\/\",\"logo\":{\"@type\":\"ImageObject\",\"inLanguage\":\"pl-PL\",\"@id\":\"https:\/\/nck.krakow.pl\/kcc\/#\/schema\/logo\/image\/\",\"url\":\"https:\/\/nck.krakow.pl\/kcc\/wp-content\/uploads\/2020\/01\/cropped-logo-kcc-2020.png\",\"contentUrl\":\"https:\/\/nck.krakow.pl\/kcc\/wp-content\/uploads\/2020\/01\/cropped-logo-kcc-2020.png\",\"width\":116,\"height\":55,\"caption\":\"Krakowskie Centrum Choreograficzne\"},\"image\":{\"@id\":\"https:\/\/nck.krakow.pl\/kcc\/#\/schema\/logo\/image\/\"}}]}<\/script>\n<!-- \/ Yoast SEO plugin. -->","yoast_head_json":{"title":"Kobiety Wyspia\u0144skiego - Krakowskie Centrum Choreograficzne","robots":{"index":"index","follow":"follow","max-snippet":"max-snippet:-1","max-image-preview":"max-image-preview:large","max-video-preview":"max-video-preview:-1"},"canonical":"https:\/\/nck.krakow.pl\/kcc\/kobiety-wyspianskiego\/","og_locale":"pl_PL","og_type":"article","og_title":"Kobiety Wyspia\u0144skiego - Krakowskie Centrum Choreograficzne","og_description":"Kobiety Wyspia\u0144skiego koncepcja:&nbsp;Marcin Janus, Monika W\u0119grzynowicz, Marta Wo\u0142owiecchoreografia: Monika W\u0119grzynowicz , Marta Wo\u0142owiecmuzyka i multimedia:&nbsp;Marcin Janustaniec: Agata Mol\u0105g, Monika W\u0119grzynowicz , Marta Wo\u0142owiecproducent: Nowohuckie Centrum Kultury \u2013 Krakowskie Centrum Choreograficznepremiera: 16 czerwca 2019 w ramach Nocy Ta\u0144ca w Krakowie\/studio KCCd\u0142ugo\u015b\u0107 spektaklu: 60 minSpektakl powsta\u0142 dzi\u0119ki wsparciu Miasta Krakowa. Fragment listu Stanis\u0142awa Wyspia\u0144skiego: Gdy ja tak [&hellip;]","og_url":"https:\/\/nck.krakow.pl\/kcc\/kobiety-wyspianskiego\/","og_site_name":"Krakowskie Centrum Choreograficzne","article_modified_time":"2023-04-25T12:56:39+00:00","og_image":[{"url":"https:\/\/nck.krakow.pl\/kcc\/wp-content\/uploads\/2020\/02\/PB0B8476-1024x683.jpg"}],"twitter_card":"summary_large_image","twitter_misc":{"Est. reading time":"4 minuty"},"schema":{"@context":"https:\/\/schema.org","@graph":[{"@type":"WebPage","@id":"https:\/\/nck.krakow.pl\/kcc\/kobiety-wyspianskiego\/","url":"https:\/\/nck.krakow.pl\/kcc\/kobiety-wyspianskiego\/","name":"Kobiety Wyspia\u0144skiego - Krakowskie Centrum Choreograficzne","isPartOf":{"@id":"https:\/\/nck.krakow.pl\/kcc\/#website"},"datePublished":"2019-07-30T10:26:08+00:00","dateModified":"2023-04-25T12:56:39+00:00","breadcrumb":{"@id":"https:\/\/nck.krakow.pl\/kcc\/kobiety-wyspianskiego\/#breadcrumb"},"inLanguage":"pl-PL","potentialAction":[{"@type":"ReadAction","target":["https:\/\/nck.krakow.pl\/kcc\/kobiety-wyspianskiego\/"]}]},{"@type":"BreadcrumbList","@id":"https:\/\/nck.krakow.pl\/kcc\/kobiety-wyspianskiego\/#breadcrumb","itemListElement":[{"@type":"ListItem","position":1,"name":"Strona g\u0142\u00f3wna","item":"https:\/\/nck.krakow.pl\/kcc\/"},{"@type":"ListItem","position":2,"name":"Kobiety Wyspia\u0144skiego"}]},{"@type":"WebSite","@id":"https:\/\/nck.krakow.pl\/kcc\/#website","url":"https:\/\/nck.krakow.pl\/kcc\/","name":"Krakowskie Centrum Choreograficzne","description":"","publisher":{"@id":"https:\/\/nck.krakow.pl\/kcc\/#organization"},"potentialAction":[{"@type":"SearchAction","target":{"@type":"EntryPoint","urlTemplate":"https:\/\/nck.krakow.pl\/kcc\/?s={search_term_string}"},"query-input":"required name=search_term_string"}],"inLanguage":"pl-PL"},{"@type":"Organization","@id":"https:\/\/nck.krakow.pl\/kcc\/#organization","name":"Krakowskie Centrum Choreograficzne","url":"https:\/\/nck.krakow.pl\/kcc\/","logo":{"@type":"ImageObject","inLanguage":"pl-PL","@id":"https:\/\/nck.krakow.pl\/kcc\/#\/schema\/logo\/image\/","url":"https:\/\/nck.krakow.pl\/kcc\/wp-content\/uploads\/2020\/01\/cropped-logo-kcc-2020.png","contentUrl":"https:\/\/nck.krakow.pl\/kcc\/wp-content\/uploads\/2020\/01\/cropped-logo-kcc-2020.png","width":116,"height":55,"caption":"Krakowskie Centrum Choreograficzne"},"image":{"@id":"https:\/\/nck.krakow.pl\/kcc\/#\/schema\/logo\/image\/"}}]}},"_links":{"self":[{"href":"https:\/\/nck.krakow.pl\/kcc\/wp-json\/wp\/v2\/pages\/3729"}],"collection":[{"href":"https:\/\/nck.krakow.pl\/kcc\/wp-json\/wp\/v2\/pages"}],"about":[{"href":"https:\/\/nck.krakow.pl\/kcc\/wp-json\/wp\/v2\/types\/page"}],"author":[{"embeddable":true,"href":"https:\/\/nck.krakow.pl\/kcc\/wp-json\/wp\/v2\/users\/5"}],"replies":[{"embeddable":true,"href":"https:\/\/nck.krakow.pl\/kcc\/wp-json\/wp\/v2\/comments?post=3729"}],"version-history":[{"count":12,"href":"https:\/\/nck.krakow.pl\/kcc\/wp-json\/wp\/v2\/pages\/3729\/revisions"}],"predecessor-version":[{"id":6834,"href":"https:\/\/nck.krakow.pl\/kcc\/wp-json\/wp\/v2\/pages\/3729\/revisions\/6834"}],"wp:attachment":[{"href":"https:\/\/nck.krakow.pl\/kcc\/wp-json\/wp\/v2\/media?parent=3729"}],"curies":[{"name":"wp","href":"https:\/\/api.w.org\/{rel}","templated":true}]}}