{"id":3723,"date":"2019-07-25T09:00:45","date_gmt":"2019-07-25T09:00:45","guid":{"rendered":"https:\/\/nck.krakow.pl\/kcc\/?page_id=3723"},"modified":"2022-05-25T13:00:48","modified_gmt":"2022-05-25T13:00:48","slug":"krakowski-festiwal-tanca-2021","status":"publish","type":"page","link":"https:\/\/nck.krakow.pl\/kcc\/krakowski-festiwal-tanca-2021\/","title":{"rendered":"Krakowski Festiwal Ta\u0144ca 2021"},"content":{"rendered":"\n<figure class=\"wp-block-image size-large\"><img loading=\"lazy\" decoding=\"async\" width=\"1024\" height=\"683\" src=\"https:\/\/nck.krakow.pl\/kcc\/wp-content\/uploads\/2021\/07\/Post_poziom_1200x800_Plakat-KFT-www-1024x683.jpg\" alt=\"\" class=\"wp-image-5147\" srcset=\"https:\/\/nck.krakow.pl\/kcc\/wp-content\/uploads\/2021\/07\/Post_poziom_1200x800_Plakat-KFT-www-1024x683.jpg 1024w, https:\/\/nck.krakow.pl\/kcc\/wp-content\/uploads\/2021\/07\/Post_poziom_1200x800_Plakat-KFT-www-300x200.jpg 300w, https:\/\/nck.krakow.pl\/kcc\/wp-content\/uploads\/2021\/07\/Post_poziom_1200x800_Plakat-KFT-www-768x512.jpg 768w, https:\/\/nck.krakow.pl\/kcc\/wp-content\/uploads\/2021\/07\/Post_poziom_1200x800_Plakat-KFT-www.jpg 1200w\" sizes=\"(max-width: 1024px) 100vw, 1024px\" \/><\/figure>\n\n\n\n<p>Krakowski Festiwal Ta\u0144ca to nowa\ninicjatywa Krakowskiego Centrum Choreograficznego, scalaj\u0105ca dotychczasowe\nmarki KCC: Festiwal Ta\u0144ca Wsp\u00f3\u0142czesnego SPACER, konkurs choreograficzny\n3&#8230;2&#8230;1&#8230;TANIEC! oraz BalletOFFFestival w jedno wydarzenie o mi\u0119dzynarodowym\ncharakterze i skrojone na znacznie wi\u0119ksz\u0105 skal\u0119. B\u0119dzie si\u0119 ono odbywa\u0107 latem\nka\u017cdego roku w Nowohuckim Centrum Kultury.&nbsp;&nbsp;<\/p>\n\n\n\n<p>Celem\nfestiwalu jest podniesienie znaczenia ta\u0144ca wsp\u00f3\u0142czesnego na tle innych\ndziedzin sztuki, ukazanie jego bogactwa, interdyscyplinarnego potencja\u0142u,\nprowokowanie dyskursu jego uczestnik\u00f3w wobec sztuki oraz uwalnianie tw\u00f3rczego\npotencja\u0142u tancerzy, choreograf\u00f3w i performer\u00f3w.&nbsp;<\/p>\n\n\n\n<p>Przegl\u0105d poprzedzaj\u0105 rezydencje tw\u00f3rc\u00f3w \u2013 premiery ich spektakli odbywa\u0107 si\u0119 b\u0119d\u0105 w trakcie festiwalu. Dodatkowo w programie: warsztaty taneczne z pedagogami z Polski i zagranicy dla os\u00f3b na r\u00f3\u017cnym poziomie zaawansowania i w r\u00f3\u017cnym wieku, spektakle taneczne, panele dyskusyjne oraz wydarzenia towarzysz\u0105ce. <\/p>\n\n\n\n<div style=\"height:30px\" aria-hidden=\"true\" class=\"wp-block-spacer\"><\/div>\n\n\n\n<p><strong>I edycja \u201eZobaczy\u0107 taniec\u201d<br>9-15 sierpnia 2021<\/strong><br>\u2022ZOBACZY\u0106 TANIEC\u2022 to has\u0142o I edycji Krakowskiego Festiwalu Ta\u0144ca, nowego wydarzenia scalaj\u0105cego dotychczasowe dzia\u0142ania Krakowskiego Centrum Choreograficznego. Taniec i ruch stanowi\u0105 integraln\u0105 cz\u0119\u015b\u0107 sztuki wsp\u00f3\u0142czesnej, ale te\u017c wszystkiego co nas otacza. Funkcjonuj\u0105 tak\u017ce jako cz\u0119\u015b\u0107 krajobrazu kulturalnego Miasta Krakowa i Nowohuckiego Centrum Kultury, w kt\u00f3rym 30 lat temu ruszy\u0142y Krakowskie Spotkania BaletOFFowe. Od tamtej pory taniec wci\u0105\u017c zabiega\u0142 o uwag\u0119 widz\u00f3w, pr\u00f3buj\u0105c uzyska\u0107 autonomi\u0119 i poszerzy\u0107 grono odbiorc\u00f3w.<br>Po czasie izolacji i zamro\u017cenia dzia\u0142a\u0144 kulturalnych I edycja \u2022KRAKOWSKIEGO FESTIWALU TA\u0143CA\u2022 stanie si\u0119 uczt\u0105 dla zmys\u0142\u00f3w i wsp\u00f3lnotowego do\u015bwiadczenia ta\u0144ca. Ze \u015bmia\u0142o\u015bci\u0105 kierujemy uwag\u0119 uczestnik\u00f3w festiwalu na cia\u0142o i ruch. W naszym rozumieniu, has\u0142o przewodnie wykracza poza zakres percepcji wzrokowej. Podczas spotka\u0144 na \u017cywo, maj\u0105cych charakter nietrwa\u0142y i ulotny, widzowie do\u015bwiadczaj\u0105 i \u201erozumiej\u0105\u201d ruch ca\u0142ym swoim cia\u0142em, nie tylko poprzez zmys\u0142 wzroku.<br>CO WIDZISZ? JAK PATRZYSZ?<br>ILE OCZU, TYLE SPEKTAKLI TA\u0143CA.<br>ZOBACZYMY\u2022\u2022\u2022<\/p>\n\n\n\n<p><strong><a href=\"https:\/\/nck.krakow.pl\/kcc\/krakowski-festiwal-tanca-2021\/program\/\">PROGRAM FESTIWALU<\/a><\/strong><br><strong><a href=\"https:\/\/nck.krakow.pl\/kcc\/krakowski-festiwal-tanca-2021\/warsztaty\/\">WARSZTATY<br><\/a><a href=\"https:\/\/nck.krakow.pl\/kcc\/krakowski-festiwal-tanca-2021\/wydarzenia-towarzyszace\/\">WYDARZENIA TOWARZYSZ\u0104CE<\/a><\/strong><br><br><strong><a href=\"https:\/\/nck.krakow.pl\/kcc\/blog\/ogladajac-festiwal-relacja-karoliny-wycisk-z-i-edycji-krakowskiego-festiwalu-tanca\/\">RELACJA Z FESTIWALU<\/a><\/strong><\/p>\n\n\n\n<div style=\"height:100px\" aria-hidden=\"true\" class=\"wp-block-spacer\"><\/div>\n\n\n\n<p>Dofinansowano ze \u015brodk\u00f3w Ministra Kultury, Dziedzictwa Narodowego i Sportu pochodz\u0105cych z Funduszu Promocji Kultury &#8211; pa\u0144stwowego funduszu celowego, w ramach programu \u201eTaniec\u201d, realizowanego przez Narodowy Instytut Muzyki i Ta\u0144ca.<\/p>\n\n\n\n<figure class=\"wp-block-image size-large\"><img loading=\"lazy\" decoding=\"async\" width=\"1024\" height=\"373\" src=\"https:\/\/nck.krakow.pl\/kcc\/wp-content\/uploads\/2021\/07\/logotypy-1024x373.png\" alt=\"\" class=\"wp-image-5138\" srcset=\"https:\/\/nck.krakow.pl\/kcc\/wp-content\/uploads\/2021\/07\/logotypy-1024x373.png 1024w, https:\/\/nck.krakow.pl\/kcc\/wp-content\/uploads\/2021\/07\/logotypy-300x109.png 300w, https:\/\/nck.krakow.pl\/kcc\/wp-content\/uploads\/2021\/07\/logotypy-768x280.png 768w, https:\/\/nck.krakow.pl\/kcc\/wp-content\/uploads\/2021\/07\/logotypy-1536x560.png 1536w, https:\/\/nck.krakow.pl\/kcc\/wp-content\/uploads\/2021\/07\/logotypy.png 1920w\" sizes=\"(max-width: 1024px) 100vw, 1024px\" \/><\/figure>\n","protected":false},"excerpt":{"rendered":"<p>Krakowski Festiwal Ta\u0144ca to nowa inicjatywa Krakowskiego Centrum Choreograficznego, scalaj\u0105ca dotychczasowe marki KCC: Festiwal Ta\u0144ca Wsp\u00f3\u0142czesnego SPACER, konkurs choreograficzny 3&#8230;2&#8230;1&#8230;TANIEC! oraz BalletOFFFestival w jedno wydarzenie o mi\u0119dzynarodowym charakterze i skrojone na znacznie wi\u0119ksz\u0105 skal\u0119. B\u0119dzie si\u0119 ono odbywa\u0107 latem ka\u017cdego roku w Nowohuckim Centrum Kultury.&nbsp;&nbsp; Celem festiwalu jest podniesienie znaczenia ta\u0144ca wsp\u00f3\u0142czesnego na tle innych [&hellip;]<\/p>\n","protected":false},"author":5,"featured_media":5147,"parent":0,"menu_order":0,"comment_status":"closed","ping_status":"closed","template":"","meta":{"footnotes":""},"class_list":["post-3723","page","type-page","status-publish","has-post-thumbnail","hentry"],"yoast_head":"<!-- This site is optimized with the Yoast SEO plugin v19.12 - https:\/\/yoast.com\/wordpress\/plugins\/seo\/ -->\n<title>Krakowski Festiwal Ta\u0144ca 2021 - Krakowskie Centrum Choreograficzne<\/title>\n<meta name=\"robots\" content=\"index, follow, max-snippet:-1, max-image-preview:large, max-video-preview:-1\" \/>\n<link rel=\"canonical\" href=\"https:\/\/nck.krakow.pl\/kcc\/krakowski-festiwal-tanca-2021\/\" \/>\n<meta property=\"og:locale\" content=\"pl_PL\" \/>\n<meta property=\"og:type\" content=\"article\" \/>\n<meta property=\"og:title\" content=\"Krakowski Festiwal Ta\u0144ca 2021 - Krakowskie Centrum Choreograficzne\" \/>\n<meta property=\"og:description\" content=\"Krakowski Festiwal Ta\u0144ca to nowa inicjatywa Krakowskiego Centrum Choreograficznego, scalaj\u0105ca dotychczasowe marki KCC: Festiwal Ta\u0144ca Wsp\u00f3\u0142czesnego SPACER, konkurs choreograficzny 3&#8230;2&#8230;1&#8230;TANIEC! oraz BalletOFFFestival w jedno wydarzenie o mi\u0119dzynarodowym charakterze i skrojone na znacznie wi\u0119ksz\u0105 skal\u0119. B\u0119dzie si\u0119 ono odbywa\u0107 latem ka\u017cdego roku w Nowohuckim Centrum Kultury.&nbsp;&nbsp; Celem festiwalu jest podniesienie znaczenia ta\u0144ca wsp\u00f3\u0142czesnego na tle innych [&hellip;]\" \/>\n<meta property=\"og:url\" content=\"https:\/\/nck.krakow.pl\/kcc\/krakowski-festiwal-tanca-2021\/\" \/>\n<meta property=\"og:site_name\" content=\"Krakowskie Centrum Choreograficzne\" \/>\n<meta property=\"article:modified_time\" content=\"2022-05-25T13:00:48+00:00\" \/>\n<meta property=\"og:image\" content=\"https:\/\/nck.krakow.pl\/kcc\/wp-content\/uploads\/2021\/07\/Post_poziom_1200x800_Plakat-KFT-www.jpg\" \/>\n\t<meta property=\"og:image:width\" content=\"1200\" \/>\n\t<meta property=\"og:image:height\" content=\"800\" \/>\n\t<meta property=\"og:image:type\" content=\"image\/jpeg\" \/>\n<meta name=\"twitter:card\" content=\"summary_large_image\" \/>\n<meta name=\"twitter:label1\" content=\"Est. reading time\" \/>\n\t<meta name=\"twitter:data1\" content=\"2 minuty\" \/>\n<script type=\"application\/ld+json\" class=\"yoast-schema-graph\">{\"@context\":\"https:\/\/schema.org\",\"@graph\":[{\"@type\":\"WebPage\",\"@id\":\"https:\/\/nck.krakow.pl\/kcc\/krakowski-festiwal-tanca-2021\/\",\"url\":\"https:\/\/nck.krakow.pl\/kcc\/krakowski-festiwal-tanca-2021\/\",\"name\":\"Krakowski Festiwal Ta\u0144ca 2021 - Krakowskie Centrum Choreograficzne\",\"isPartOf\":{\"@id\":\"https:\/\/nck.krakow.pl\/kcc\/#website\"},\"datePublished\":\"2019-07-25T09:00:45+00:00\",\"dateModified\":\"2022-05-25T13:00:48+00:00\",\"breadcrumb\":{\"@id\":\"https:\/\/nck.krakow.pl\/kcc\/krakowski-festiwal-tanca-2021\/#breadcrumb\"},\"inLanguage\":\"pl-PL\",\"potentialAction\":[{\"@type\":\"ReadAction\",\"target\":[\"https:\/\/nck.krakow.pl\/kcc\/krakowski-festiwal-tanca-2021\/\"]}]},{\"@type\":\"BreadcrumbList\",\"@id\":\"https:\/\/nck.krakow.pl\/kcc\/krakowski-festiwal-tanca-2021\/#breadcrumb\",\"itemListElement\":[{\"@type\":\"ListItem\",\"position\":1,\"name\":\"Strona g\u0142\u00f3wna\",\"item\":\"https:\/\/nck.krakow.pl\/kcc\/\"},{\"@type\":\"ListItem\",\"position\":2,\"name\":\"Krakowski Festiwal Ta\u0144ca 2021\"}]},{\"@type\":\"WebSite\",\"@id\":\"https:\/\/nck.krakow.pl\/kcc\/#website\",\"url\":\"https:\/\/nck.krakow.pl\/kcc\/\",\"name\":\"Krakowskie Centrum Choreograficzne\",\"description\":\"\",\"publisher\":{\"@id\":\"https:\/\/nck.krakow.pl\/kcc\/#organization\"},\"potentialAction\":[{\"@type\":\"SearchAction\",\"target\":{\"@type\":\"EntryPoint\",\"urlTemplate\":\"https:\/\/nck.krakow.pl\/kcc\/?s={search_term_string}\"},\"query-input\":\"required name=search_term_string\"}],\"inLanguage\":\"pl-PL\"},{\"@type\":\"Organization\",\"@id\":\"https:\/\/nck.krakow.pl\/kcc\/#organization\",\"name\":\"Krakowskie Centrum Choreograficzne\",\"url\":\"https:\/\/nck.krakow.pl\/kcc\/\",\"logo\":{\"@type\":\"ImageObject\",\"inLanguage\":\"pl-PL\",\"@id\":\"https:\/\/nck.krakow.pl\/kcc\/#\/schema\/logo\/image\/\",\"url\":\"https:\/\/nck.krakow.pl\/kcc\/wp-content\/uploads\/2020\/01\/cropped-logo-kcc-2020.png\",\"contentUrl\":\"https:\/\/nck.krakow.pl\/kcc\/wp-content\/uploads\/2020\/01\/cropped-logo-kcc-2020.png\",\"width\":116,\"height\":55,\"caption\":\"Krakowskie Centrum Choreograficzne\"},\"image\":{\"@id\":\"https:\/\/nck.krakow.pl\/kcc\/#\/schema\/logo\/image\/\"}}]}<\/script>\n<!-- \/ Yoast SEO plugin. -->","yoast_head_json":{"title":"Krakowski Festiwal Ta\u0144ca 2021 - Krakowskie Centrum Choreograficzne","robots":{"index":"index","follow":"follow","max-snippet":"max-snippet:-1","max-image-preview":"max-image-preview:large","max-video-preview":"max-video-preview:-1"},"canonical":"https:\/\/nck.krakow.pl\/kcc\/krakowski-festiwal-tanca-2021\/","og_locale":"pl_PL","og_type":"article","og_title":"Krakowski Festiwal Ta\u0144ca 2021 - Krakowskie Centrum Choreograficzne","og_description":"Krakowski Festiwal Ta\u0144ca to nowa inicjatywa Krakowskiego Centrum Choreograficznego, scalaj\u0105ca dotychczasowe marki KCC: Festiwal Ta\u0144ca Wsp\u00f3\u0142czesnego SPACER, konkurs choreograficzny 3&#8230;2&#8230;1&#8230;TANIEC! oraz BalletOFFFestival w jedno wydarzenie o mi\u0119dzynarodowym charakterze i skrojone na znacznie wi\u0119ksz\u0105 skal\u0119. B\u0119dzie si\u0119 ono odbywa\u0107 latem ka\u017cdego roku w Nowohuckim Centrum Kultury.&nbsp;&nbsp; Celem festiwalu jest podniesienie znaczenia ta\u0144ca wsp\u00f3\u0142czesnego na tle innych [&hellip;]","og_url":"https:\/\/nck.krakow.pl\/kcc\/krakowski-festiwal-tanca-2021\/","og_site_name":"Krakowskie Centrum Choreograficzne","article_modified_time":"2022-05-25T13:00:48+00:00","og_image":[{"width":1200,"height":800,"url":"https:\/\/nck.krakow.pl\/kcc\/wp-content\/uploads\/2021\/07\/Post_poziom_1200x800_Plakat-KFT-www.jpg","type":"image\/jpeg"}],"twitter_card":"summary_large_image","twitter_misc":{"Est. reading time":"2 minuty"},"schema":{"@context":"https:\/\/schema.org","@graph":[{"@type":"WebPage","@id":"https:\/\/nck.krakow.pl\/kcc\/krakowski-festiwal-tanca-2021\/","url":"https:\/\/nck.krakow.pl\/kcc\/krakowski-festiwal-tanca-2021\/","name":"Krakowski Festiwal Ta\u0144ca 2021 - Krakowskie Centrum Choreograficzne","isPartOf":{"@id":"https:\/\/nck.krakow.pl\/kcc\/#website"},"datePublished":"2019-07-25T09:00:45+00:00","dateModified":"2022-05-25T13:00:48+00:00","breadcrumb":{"@id":"https:\/\/nck.krakow.pl\/kcc\/krakowski-festiwal-tanca-2021\/#breadcrumb"},"inLanguage":"pl-PL","potentialAction":[{"@type":"ReadAction","target":["https:\/\/nck.krakow.pl\/kcc\/krakowski-festiwal-tanca-2021\/"]}]},{"@type":"BreadcrumbList","@id":"https:\/\/nck.krakow.pl\/kcc\/krakowski-festiwal-tanca-2021\/#breadcrumb","itemListElement":[{"@type":"ListItem","position":1,"name":"Strona g\u0142\u00f3wna","item":"https:\/\/nck.krakow.pl\/kcc\/"},{"@type":"ListItem","position":2,"name":"Krakowski Festiwal Ta\u0144ca 2021"}]},{"@type":"WebSite","@id":"https:\/\/nck.krakow.pl\/kcc\/#website","url":"https:\/\/nck.krakow.pl\/kcc\/","name":"Krakowskie Centrum Choreograficzne","description":"","publisher":{"@id":"https:\/\/nck.krakow.pl\/kcc\/#organization"},"potentialAction":[{"@type":"SearchAction","target":{"@type":"EntryPoint","urlTemplate":"https:\/\/nck.krakow.pl\/kcc\/?s={search_term_string}"},"query-input":"required name=search_term_string"}],"inLanguage":"pl-PL"},{"@type":"Organization","@id":"https:\/\/nck.krakow.pl\/kcc\/#organization","name":"Krakowskie Centrum Choreograficzne","url":"https:\/\/nck.krakow.pl\/kcc\/","logo":{"@type":"ImageObject","inLanguage":"pl-PL","@id":"https:\/\/nck.krakow.pl\/kcc\/#\/schema\/logo\/image\/","url":"https:\/\/nck.krakow.pl\/kcc\/wp-content\/uploads\/2020\/01\/cropped-logo-kcc-2020.png","contentUrl":"https:\/\/nck.krakow.pl\/kcc\/wp-content\/uploads\/2020\/01\/cropped-logo-kcc-2020.png","width":116,"height":55,"caption":"Krakowskie Centrum Choreograficzne"},"image":{"@id":"https:\/\/nck.krakow.pl\/kcc\/#\/schema\/logo\/image\/"}}]}},"_links":{"self":[{"href":"https:\/\/nck.krakow.pl\/kcc\/wp-json\/wp\/v2\/pages\/3723"}],"collection":[{"href":"https:\/\/nck.krakow.pl\/kcc\/wp-json\/wp\/v2\/pages"}],"about":[{"href":"https:\/\/nck.krakow.pl\/kcc\/wp-json\/wp\/v2\/types\/page"}],"author":[{"embeddable":true,"href":"https:\/\/nck.krakow.pl\/kcc\/wp-json\/wp\/v2\/users\/5"}],"replies":[{"embeddable":true,"href":"https:\/\/nck.krakow.pl\/kcc\/wp-json\/wp\/v2\/comments?post=3723"}],"version-history":[{"count":21,"href":"https:\/\/nck.krakow.pl\/kcc\/wp-json\/wp\/v2\/pages\/3723\/revisions"}],"predecessor-version":[{"id":5933,"href":"https:\/\/nck.krakow.pl\/kcc\/wp-json\/wp\/v2\/pages\/3723\/revisions\/5933"}],"wp:featuredmedia":[{"embeddable":true,"href":"https:\/\/nck.krakow.pl\/kcc\/wp-json\/wp\/v2\/media\/5147"}],"wp:attachment":[{"href":"https:\/\/nck.krakow.pl\/kcc\/wp-json\/wp\/v2\/media?parent=3723"}],"curies":[{"name":"wp","href":"https:\/\/api.w.org\/{rel}","templated":true}]}}