{"id":3252,"date":"2018-12-11T11:29:20","date_gmt":"2018-12-11T11:29:20","guid":{"rendered":"https:\/\/nck.krakow.pl\/kcc\/?page_id=3252"},"modified":"2023-09-08T13:23:30","modified_gmt":"2023-09-08T13:23:30","slug":"trans_mission","status":"publish","type":"page","link":"https:\/\/nck.krakow.pl\/kcc\/trans_mission\/","title":{"rendered":"Trans_Miss(i)on"},"content":{"rendered":"\n<figure class=\"wp-block-image\"><img loading=\"lazy\" decoding=\"async\" width=\"960\" height=\"640\" src=\"https:\/\/nck.krakow.pl\/kcc\/wp-content\/uploads\/2020\/02\/1g\u0142\u00f3wnaKMachniewicz_2018_10_27_KCC_Prapremiera_TransMission_MG_3359_960x640px_q100.jpg\" alt=\"\" class=\"wp-image-4310\" srcset=\"https:\/\/nck.krakow.pl\/kcc\/wp-content\/uploads\/2020\/02\/1g\u0142\u00f3wnaKMachniewicz_2018_10_27_KCC_Prapremiera_TransMission_MG_3359_960x640px_q100.jpg 960w, https:\/\/nck.krakow.pl\/kcc\/wp-content\/uploads\/2020\/02\/1g\u0142\u00f3wnaKMachniewicz_2018_10_27_KCC_Prapremiera_TransMission_MG_3359_960x640px_q100-300x200.jpg 300w, https:\/\/nck.krakow.pl\/kcc\/wp-content\/uploads\/2020\/02\/1g\u0142\u00f3wnaKMachniewicz_2018_10_27_KCC_Prapremiera_TransMission_MG_3359_960x640px_q100-768x512.jpg 768w\" sizes=\"(max-width: 960px) 100vw, 960px\" \/><\/figure>\n\n\n\n<div style=\"height:30px\" aria-hidden=\"true\" class=\"wp-block-spacer\"><\/div>\n\n\n\n<h2 class=\"wp-block-heading\">Trans_Miss(i)on<\/h2>\n\n\n\n<div style=\"height:20px\" aria-hidden=\"true\" class=\"wp-block-spacer\"><\/div>\n\n\n\n<p><strong>choreografia &#8211;<\/strong> Iwona Olszowska, Ferenc Feh\u00e9r<br><strong>taniec &#8211;<\/strong>  Jan Lorys, Pawe\u0142 Konior, Zuzanna Nir, Piotr Skalski, Monika W\u0119grzynowicz , Marta Wo\u0142owiec<br><strong>muzyka &#8211;<\/strong>  Ferenc Feh\u00e9r, Marcin Janus<br><strong>premiera &#8211; <\/strong>22 listopada 2018, BalletOFFFestival<br><strong>producent &#8211; <\/strong>Krakowskie Centrum Choreograficzne &#8211; Nowohuckie Centrum Kultury<br>Spektakl zrealizowany we wsp\u00f3\u0142pracy z Instytutem Muzyki i Ta\u0144ca w ramach programu Zam\u00f3wienia choreograficzne 2018. Zosta\u0142 r\u00f3wnie\u017c wyr\u00f3\u017cniony dofinansowaniem z programu Scena dla ta\u0144ca 2019. <\/p>\n\n\n\n<figure class=\"wp-block-image is-resized\"><img loading=\"lazy\" decoding=\"async\" src=\"https:\/\/nck.krakow.pl\/kcc\/wp-content\/uploads\/2020\/02\/IMiT_logo.jpg\" alt=\"\" class=\"wp-image-4237\" width=\"157\" height=\"75\" srcset=\"https:\/\/nck.krakow.pl\/kcc\/wp-content\/uploads\/2020\/02\/IMiT_logo.jpg 894w, https:\/\/nck.krakow.pl\/kcc\/wp-content\/uploads\/2020\/02\/IMiT_logo-300x145.jpg 300w, https:\/\/nck.krakow.pl\/kcc\/wp-content\/uploads\/2020\/02\/IMiT_logo-768x370.jpg 768w\" sizes=\"(max-width: 157px) 100vw, 157px\" \/><\/figure>\n\n\n\n<div style=\"height:52px\" aria-hidden=\"true\" class=\"wp-block-spacer\"><\/div>\n\n\n\n<p>Trans<br>transmiss<br>Miss \/ ona<br>Mission<br>On<br>Transmission<br>Transmit<\/p>\n\n\n\n<p>To podr\u00f3\u017c w g\u0142\u0105b. Wymiana pomi\u0119dzy heart beat, flow dynamic, pomi\u0119dzy tym, co wewn\u0105trz i na zewn\u0105trz. Eksploracja witalnego i pierwotnego tribal oraz subtelnego suspend. Ruch poddany prawom fizyki, emocji, stanu. Zanurzany w odmiennych czasoprzestrzeniach i rzeczywisto\u015bciach. Pulsuj\u0105cy pomi\u0119dzy witalno\u015bci\u0105, pierwotno\u015bci\u0105 a status quo. Pomi\u0119dzy realno\u015bci\u0105, a snem o lataniu. Eksponuj\u0105cy to, co organiczne, zwierz\u0119ce, archetypowe, ale tak\u017ce skierowane na subtelne przebicia, nieuchwytno\u015bci kosmosu i ducha. Trans, rytua\u0142, droga do siebie przez po\u0142\u0105czenie z cz\u0105stk\u0105 otaczaj\u0105cej Wszech\u015bwiat energii.<\/p>\n\n\n\n<figure class=\"wp-block-embed is-type-video is-provider-vimeo wp-block-embed-vimeo wp-embed-aspect-16-9 wp-has-aspect-ratio\"><div class=\"wp-block-embed__wrapper\">\n<iframe loading=\"lazy\" title=\"Trans_Miss(i)on \/trailer\/\" src=\"https:\/\/player.vimeo.com\/video\/377063066?dnt=1&amp;app_id=122963\" width=\"768\" height=\"432\" frameborder=\"0\" allow=\"autoplay; fullscreen\" allowfullscreen><\/iframe>\n<\/div><\/figure>\n\n\n\n<p><strong>Ferenc Feh\u00e9r (Hungary)<\/strong><\/p>\n\n\n\n<p>Tancerz i choreograf. Jego styl jest unikalnym i niezwykle ekspresyjnym po\u0142\u0105czeniem ta\u0144ca fizycznego, teatru ta\u0144ca i teatru ruchu, freestyle dance i animalistycznych form motorycznych, przetworzonych w unikalny taniec. Styl Ferenca kszta\u0142tuje si\u0119 nieprzerwanie od 2007 roku dzi\u0119ki w\u0142asnej drodze i indywidualnym choreografiom, bazuj\u0105cym na jego konsekwentnych poszukiwaniach ruchowych i bezkompromisowym doskonaleniu oryginalnej techniki. Zaczyna\u0142 jako performer w Company Finita la Commedia, z kt\u00f3r\u0105 zrealizowa\u0142 19 produkcji i zdoby\u0142 16 nagr\u00f3d festiwalowych. Przez ponad 11 lat swojej w\u0142asnej kariery choreograficznej Ferenc stworzy\u0142 25 koprodukcji, z czego po\u0142ow\u0119 poza granicami W\u0119gier. Ze swoimi spektaklami odwiedzi\u0142 ca\u0142\u0105 Europ\u0119 i spor\u0105 cz\u0119\u015b\u0107 \u015bwiata, ruszaj\u0105c w trasy w miejsca takie jak m.in: Meksyk, Brazylia, Indie, Panama, Rosja, Korea Pd., Japonia, USA, Izrael, Iran, Kanada, Singapur, Chiny, Egipt. Ferenc tworzy\u0142 tak\u017ce kreacje pozasceniczne jak np. w filmie fabularnym \u201cWorld War Z\u201d czy filmie tanecznym \u201cAmper and Juice\u201d. Dzi\u0119ki swojemu unikalnemu i rozpoznawalnemu stylowi, cz\u0119sto uczy podczas zagranicznych festiwali m.in w: Chinach, Rosji, Brazylii, Hiszpanii, Rumunii, USA, Panamie, Palestynie, Iranie, Egipcie, USA, Holandii.<\/p>\n\n\n\n<p><strong>Iwona Olszowska (Polska)<\/strong><\/p>\n\n\n\n<p>Tancerka, choreografka, pedagog ta\u0144ca wsp\u00f3\u0142czesnego. Jako nauczyciel specjalizuje si\u0119 w \u015bwiadomo\u015bci cia\u0142a, improwizacji, kontakcie oraz improwizacji jako performance. Posiada certyfikat Somatic Movement Educator wg metody Body Mind Centering\u00ae. Stworzy\u0142a w\u0142asny styl taneczny zwany \u201cspiral flow dynamic\u201d. Wsp\u00f3\u0142za\u0142o\u017cycielka i kierownik artystyczny Eksperymentalnego Studia EST (1989), realizuj\u0105cego projekty improwizacji strukturalnej, lecture-performance i site-specific \u2013 dzia\u0142a\u0144 pionierskich w polskim ta\u0144cu w tym czasie. Tworzy\u0142a cykl \u201cObszar ta\u0144ca\u201d w Teatrze BARAKAH w Krakowie. Autorka spektakli solowych oraz choreografii dla zespo\u0142\u00f3w np. Polskiego Teatru Ta\u0144ca. Realizowa\u0142a tak\u017ce ruch sceniczny dla teatr\u00f3w dramatycznych \u2013 \u0142\u0105cznie ok. 40 realizacji. Prowadzi\u0142a coachingi zako\u0144czone pokazami, m.in. \u201cFalling After Paxton\u201d w Toruniu, \u0141odzi, Bia\u0142ymstoku, Wroc\u0142awiu. Pracowa\u0142a w projektach z Pracowni\u0105 Fizyczn\u0105, Renat\u0105 Piotrowsk\u0105, Mart\u0105 Pietruszk\u0105, Magd\u0105 Przybysz, Jackiem Owczarkiem, Ann\u0105 Haracz, Natali\u0105 Iwaniec, a mi\u0119dzynarodowo z Liz Lerman, Ris\u0105 Jaroslow, Maidy Withers, Pierrem Deloche, Michaelem Schumacherem. Otrzyma\u0142a nagrody za choreografie oraz za konsekwentn\u0105 kontynuacj\u0119 w\u0142asnej drogi tw\u00f3rczej, osobowo\u015b\u0107 sceniczn\u0105 oraz stypendium Fundacji Batorego i programu ArtsLink w Nowym Jorku. Od kilku lat wsp\u00f3\u0142pracuje z muzykiem Marcinem Janusem, tancerzem i performerem Paw\u0142em Koniorem, bazuj\u0105c choreograficznie na metodzie BMC i structure impro choreography.<\/p>\n\n\n\n<p>Spektakl zrealizowany we wsp\u00f3\u0142pracy z Instytutem Muzyki i Ta\u0144ca w ramach programu Zam\u00f3wienia choreograficzne 2018.<br>Zosta\u0142 r\u00f3wnie\u017c wyr\u00f3\u017cniony dofinansowaniem z programu Scena dla ta\u0144ca 2019. <\/p>\n\n\n\n<figure class=\"wp-block-image is-resized\"><img loading=\"lazy\" decoding=\"async\" src=\"https:\/\/nck.krakow.pl\/kcc\/wp-content\/uploads\/2018\/10\/logo-imit.jpg\" alt=\"\" class=\"wp-image-3181\" width=\"301\" height=\"145\" srcset=\"https:\/\/nck.krakow.pl\/kcc\/wp-content\/uploads\/2018\/10\/logo-imit.jpg 850w, https:\/\/nck.krakow.pl\/kcc\/wp-content\/uploads\/2018\/10\/logo-imit-300x144.jpg 300w, https:\/\/nck.krakow.pl\/kcc\/wp-content\/uploads\/2018\/10\/logo-imit-768x370.jpg 768w\" sizes=\"(max-width: 301px) 100vw, 301px\" \/><\/figure>\n\n\n\n<figure class=\"wp-block-embed is-type-video is-provider-vimeo wp-block-embed-vimeo wp-embed-aspect-16-9 wp-has-aspect-ratio\"><div class=\"wp-block-embed__wrapper\">\n<iframe loading=\"lazy\" title=\"Trans_Miss(i)on \/teaser 1\/\" src=\"https:\/\/player.vimeo.com\/video\/302579016?dnt=1&amp;app_id=122963\" width=\"768\" height=\"432\" frameborder=\"0\" allow=\"autoplay; fullscreen\" allowfullscreen><\/iframe>\n<\/div><\/figure>\n\n\n\n<figure class=\"wp-block-embed is-type-video is-provider-vimeo wp-block-embed-vimeo wp-embed-aspect-16-9 wp-has-aspect-ratio\"><div class=\"wp-block-embed__wrapper\">\n<iframe loading=\"lazy\" title=\"Trans_Miss(i)on \/teaser 2\/\" src=\"https:\/\/player.vimeo.com\/video\/302579730?dnt=1&amp;app_id=122963\" width=\"768\" height=\"432\" frameborder=\"0\" allow=\"autoplay; fullscreen\" allowfullscreen><\/iframe>\n<\/div><\/figure>\n\n\n\n<figure class=\"wp-block-embed is-type-video is-provider-vimeo wp-block-embed-vimeo wp-embed-aspect-16-9 wp-has-aspect-ratio\"><div class=\"wp-block-embed__wrapper\">\n<iframe loading=\"lazy\" title=\"Trans_Miss(i)on \/teaser 3\/\" src=\"https:\/\/player.vimeo.com\/video\/302580292?dnt=1&amp;app_id=122963\" width=\"768\" height=\"432\" frameborder=\"0\" allow=\"autoplay; fullscreen\" allowfullscreen><\/iframe>\n<\/div><\/figure>\n\n\n\n<div style=\"height:100px\" aria-hidden=\"true\" class=\"wp-block-spacer\"><\/div>\n\n\n\n<figure class=\"wp-block-gallery has-nested-images columns-3 is-cropped wp-block-gallery-1 is-layout-flex wp-block-gallery-is-layout-flex\">\n<figure class=\"wp-block-image\"><a href=\"https:\/\/nck.krakow.pl\/kcc\/wp-content\/uploads\/2018\/12\/fot.-Katarzyna-Machniewicz-1.jpg\"><img loading=\"lazy\" decoding=\"async\" width=\"960\" height=\"640\" data-id=\"3254\" src=\"https:\/\/nck.krakow.pl\/kcc\/wp-content\/uploads\/2018\/12\/fot.-Katarzyna-Machniewicz-1.jpg\" alt=\"\" class=\"wp-image-3254\" srcset=\"https:\/\/nck.krakow.pl\/kcc\/wp-content\/uploads\/2018\/12\/fot.-Katarzyna-Machniewicz-1.jpg 960w, https:\/\/nck.krakow.pl\/kcc\/wp-content\/uploads\/2018\/12\/fot.-Katarzyna-Machniewicz-1-300x200.jpg 300w, https:\/\/nck.krakow.pl\/kcc\/wp-content\/uploads\/2018\/12\/fot.-Katarzyna-Machniewicz-1-768x512.jpg 768w\" sizes=\"(max-width: 960px) 100vw, 960px\" \/><\/a><\/figure>\n\n\n\n<figure class=\"wp-block-image\"><a href=\"https:\/\/nck.krakow.pl\/kcc\/wp-content\/uploads\/2018\/12\/fot.-Katarzyna-Machniewicz-2.jpg\"><img loading=\"lazy\" decoding=\"async\" width=\"960\" height=\"640\" data-id=\"3255\" src=\"https:\/\/nck.krakow.pl\/kcc\/wp-content\/uploads\/2018\/12\/fot.-Katarzyna-Machniewicz-2.jpg\" alt=\"\" class=\"wp-image-3255\" srcset=\"https:\/\/nck.krakow.pl\/kcc\/wp-content\/uploads\/2018\/12\/fot.-Katarzyna-Machniewicz-2.jpg 960w, https:\/\/nck.krakow.pl\/kcc\/wp-content\/uploads\/2018\/12\/fot.-Katarzyna-Machniewicz-2-300x200.jpg 300w, https:\/\/nck.krakow.pl\/kcc\/wp-content\/uploads\/2018\/12\/fot.-Katarzyna-Machniewicz-2-768x512.jpg 768w\" sizes=\"(max-width: 960px) 100vw, 960px\" \/><\/a><\/figure>\n\n\n\n<figure class=\"wp-block-image\"><a href=\"https:\/\/nck.krakow.pl\/kcc\/wp-content\/uploads\/2018\/12\/fot.-Katarzyna-Machniewicz-3.jpg\"><img loading=\"lazy\" decoding=\"async\" width=\"960\" height=\"640\" data-id=\"3256\" src=\"https:\/\/nck.krakow.pl\/kcc\/wp-content\/uploads\/2018\/12\/fot.-Katarzyna-Machniewicz-3.jpg\" alt=\"\" class=\"wp-image-3256\" srcset=\"https:\/\/nck.krakow.pl\/kcc\/wp-content\/uploads\/2018\/12\/fot.-Katarzyna-Machniewicz-3.jpg 960w, https:\/\/nck.krakow.pl\/kcc\/wp-content\/uploads\/2018\/12\/fot.-Katarzyna-Machniewicz-3-300x200.jpg 300w, https:\/\/nck.krakow.pl\/kcc\/wp-content\/uploads\/2018\/12\/fot.-Katarzyna-Machniewicz-3-768x512.jpg 768w\" sizes=\"(max-width: 960px) 100vw, 960px\" \/><\/a><\/figure>\n\n\n\n<figure class=\"wp-block-image\"><a href=\"https:\/\/nck.krakow.pl\/kcc\/wp-content\/uploads\/2018\/12\/fot.-Katarzyna-Machniewicz-4.jpg\"><img loading=\"lazy\" decoding=\"async\" width=\"960\" height=\"640\" data-id=\"3257\" src=\"https:\/\/nck.krakow.pl\/kcc\/wp-content\/uploads\/2018\/12\/fot.-Katarzyna-Machniewicz-4.jpg\" alt=\"\" class=\"wp-image-3257\" srcset=\"https:\/\/nck.krakow.pl\/kcc\/wp-content\/uploads\/2018\/12\/fot.-Katarzyna-Machniewicz-4.jpg 960w, https:\/\/nck.krakow.pl\/kcc\/wp-content\/uploads\/2018\/12\/fot.-Katarzyna-Machniewicz-4-300x200.jpg 300w, https:\/\/nck.krakow.pl\/kcc\/wp-content\/uploads\/2018\/12\/fot.-Katarzyna-Machniewicz-4-768x512.jpg 768w\" sizes=\"(max-width: 960px) 100vw, 960px\" \/><\/a><\/figure>\n\n\n\n<figure class=\"wp-block-image\"><a href=\"https:\/\/nck.krakow.pl\/kcc\/wp-content\/uploads\/2018\/12\/fot.-Katarzyna-Machniewicz-5.jpg\"><img loading=\"lazy\" decoding=\"async\" width=\"960\" height=\"640\" data-id=\"3258\" src=\"https:\/\/nck.krakow.pl\/kcc\/wp-content\/uploads\/2018\/12\/fot.-Katarzyna-Machniewicz-5.jpg\" alt=\"\" class=\"wp-image-3258\" srcset=\"https:\/\/nck.krakow.pl\/kcc\/wp-content\/uploads\/2018\/12\/fot.-Katarzyna-Machniewicz-5.jpg 960w, https:\/\/nck.krakow.pl\/kcc\/wp-content\/uploads\/2018\/12\/fot.-Katarzyna-Machniewicz-5-300x200.jpg 300w, https:\/\/nck.krakow.pl\/kcc\/wp-content\/uploads\/2018\/12\/fot.-Katarzyna-Machniewicz-5-768x512.jpg 768w\" sizes=\"(max-width: 960px) 100vw, 960px\" \/><\/a><\/figure>\n\n\n\n<figure class=\"wp-block-image\"><a href=\"https:\/\/nck.krakow.pl\/kcc\/wp-content\/uploads\/2018\/12\/fot.-Katarzyna-Machniewicz-6.jpg\"><img loading=\"lazy\" decoding=\"async\" width=\"960\" height=\"640\" data-id=\"3259\" src=\"https:\/\/nck.krakow.pl\/kcc\/wp-content\/uploads\/2018\/12\/fot.-Katarzyna-Machniewicz-6.jpg\" alt=\"\" class=\"wp-image-3259\" srcset=\"https:\/\/nck.krakow.pl\/kcc\/wp-content\/uploads\/2018\/12\/fot.-Katarzyna-Machniewicz-6.jpg 960w, https:\/\/nck.krakow.pl\/kcc\/wp-content\/uploads\/2018\/12\/fot.-Katarzyna-Machniewicz-6-300x200.jpg 300w, https:\/\/nck.krakow.pl\/kcc\/wp-content\/uploads\/2018\/12\/fot.-Katarzyna-Machniewicz-6-768x512.jpg 768w\" sizes=\"(max-width: 960px) 100vw, 960px\" \/><\/a><\/figure>\n<\/figure>\n","protected":false},"excerpt":{"rendered":"<p>Trans_Miss(i)on choreografia &#8211; Iwona Olszowska, Ferenc Feh\u00e9rtaniec &#8211; Jan Lorys, Pawe\u0142 Konior, Zuzanna Nir, Piotr Skalski, Monika W\u0119grzynowicz , Marta Wo\u0142owiecmuzyka &#8211; Ferenc Feh\u00e9r, Marcin Januspremiera &#8211; 22 listopada 2018, BalletOFFFestivalproducent &#8211; Krakowskie Centrum Choreograficzne &#8211; Nowohuckie Centrum KulturySpektakl zrealizowany we wsp\u00f3\u0142pracy z Instytutem Muzyki i Ta\u0144ca w ramach programu Zam\u00f3wienia choreograficzne 2018. Zosta\u0142 r\u00f3wnie\u017c [&hellip;]<\/p>\n","protected":false},"author":5,"featured_media":0,"parent":0,"menu_order":0,"comment_status":"closed","ping_status":"closed","template":"","meta":{"footnotes":""},"class_list":["post-3252","page","type-page","status-publish","hentry"],"yoast_head":"<!-- This site is optimized with the Yoast SEO plugin v19.12 - https:\/\/yoast.com\/wordpress\/plugins\/seo\/ -->\n<title>Trans_Miss(i)on - Krakowskie Centrum Choreograficzne<\/title>\n<meta name=\"robots\" content=\"index, follow, max-snippet:-1, max-image-preview:large, max-video-preview:-1\" \/>\n<link rel=\"canonical\" href=\"https:\/\/nck.krakow.pl\/kcc\/trans_mission\/\" \/>\n<meta property=\"og:locale\" content=\"pl_PL\" \/>\n<meta property=\"og:type\" content=\"article\" \/>\n<meta property=\"og:title\" content=\"Trans_Miss(i)on - Krakowskie Centrum Choreograficzne\" \/>\n<meta property=\"og:description\" content=\"Trans_Miss(i)on choreografia &#8211; Iwona Olszowska, Ferenc Feh\u00e9rtaniec &#8211; Jan Lorys, Pawe\u0142 Konior, Zuzanna Nir, Piotr Skalski, Monika W\u0119grzynowicz , Marta Wo\u0142owiecmuzyka &#8211; Ferenc Feh\u00e9r, Marcin Januspremiera &#8211; 22 listopada 2018, BalletOFFFestivalproducent &#8211; Krakowskie Centrum Choreograficzne &#8211; Nowohuckie Centrum KulturySpektakl zrealizowany we wsp\u00f3\u0142pracy z Instytutem Muzyki i Ta\u0144ca w ramach programu Zam\u00f3wienia choreograficzne 2018. Zosta\u0142 r\u00f3wnie\u017c [&hellip;]\" \/>\n<meta property=\"og:url\" content=\"https:\/\/nck.krakow.pl\/kcc\/trans_mission\/\" \/>\n<meta property=\"og:site_name\" content=\"Krakowskie Centrum Choreograficzne\" \/>\n<meta property=\"article:modified_time\" content=\"2023-09-08T13:23:30+00:00\" \/>\n<meta property=\"og:image\" content=\"https:\/\/nck.krakow.pl\/kcc\/wp-content\/uploads\/2020\/02\/IMiT_logo.jpg\" \/>\n<meta name=\"twitter:card\" content=\"summary_large_image\" \/>\n<meta name=\"twitter:label1\" content=\"Est. reading time\" \/>\n\t<meta name=\"twitter:data1\" content=\"5 minut\" \/>\n<script type=\"application\/ld+json\" class=\"yoast-schema-graph\">{\"@context\":\"https:\/\/schema.org\",\"@graph\":[{\"@type\":\"WebPage\",\"@id\":\"https:\/\/nck.krakow.pl\/kcc\/trans_mission\/\",\"url\":\"https:\/\/nck.krakow.pl\/kcc\/trans_mission\/\",\"name\":\"Trans_Miss(i)on - Krakowskie Centrum Choreograficzne\",\"isPartOf\":{\"@id\":\"https:\/\/nck.krakow.pl\/kcc\/#website\"},\"datePublished\":\"2018-12-11T11:29:20+00:00\",\"dateModified\":\"2023-09-08T13:23:30+00:00\",\"breadcrumb\":{\"@id\":\"https:\/\/nck.krakow.pl\/kcc\/trans_mission\/#breadcrumb\"},\"inLanguage\":\"pl-PL\",\"potentialAction\":[{\"@type\":\"ReadAction\",\"target\":[\"https:\/\/nck.krakow.pl\/kcc\/trans_mission\/\"]}]},{\"@type\":\"BreadcrumbList\",\"@id\":\"https:\/\/nck.krakow.pl\/kcc\/trans_mission\/#breadcrumb\",\"itemListElement\":[{\"@type\":\"ListItem\",\"position\":1,\"name\":\"Strona g\u0142\u00f3wna\",\"item\":\"https:\/\/nck.krakow.pl\/kcc\/\"},{\"@type\":\"ListItem\",\"position\":2,\"name\":\"Trans_Miss(i)on\"}]},{\"@type\":\"WebSite\",\"@id\":\"https:\/\/nck.krakow.pl\/kcc\/#website\",\"url\":\"https:\/\/nck.krakow.pl\/kcc\/\",\"name\":\"Krakowskie Centrum Choreograficzne\",\"description\":\"\",\"publisher\":{\"@id\":\"https:\/\/nck.krakow.pl\/kcc\/#organization\"},\"potentialAction\":[{\"@type\":\"SearchAction\",\"target\":{\"@type\":\"EntryPoint\",\"urlTemplate\":\"https:\/\/nck.krakow.pl\/kcc\/?s={search_term_string}\"},\"query-input\":\"required name=search_term_string\"}],\"inLanguage\":\"pl-PL\"},{\"@type\":\"Organization\",\"@id\":\"https:\/\/nck.krakow.pl\/kcc\/#organization\",\"name\":\"Krakowskie Centrum Choreograficzne\",\"url\":\"https:\/\/nck.krakow.pl\/kcc\/\",\"logo\":{\"@type\":\"ImageObject\",\"inLanguage\":\"pl-PL\",\"@id\":\"https:\/\/nck.krakow.pl\/kcc\/#\/schema\/logo\/image\/\",\"url\":\"https:\/\/nck.krakow.pl\/kcc\/wp-content\/uploads\/2020\/01\/cropped-logo-kcc-2020.png\",\"contentUrl\":\"https:\/\/nck.krakow.pl\/kcc\/wp-content\/uploads\/2020\/01\/cropped-logo-kcc-2020.png\",\"width\":116,\"height\":55,\"caption\":\"Krakowskie Centrum Choreograficzne\"},\"image\":{\"@id\":\"https:\/\/nck.krakow.pl\/kcc\/#\/schema\/logo\/image\/\"}}]}<\/script>\n<!-- \/ Yoast SEO plugin. -->","yoast_head_json":{"title":"Trans_Miss(i)on - Krakowskie Centrum Choreograficzne","robots":{"index":"index","follow":"follow","max-snippet":"max-snippet:-1","max-image-preview":"max-image-preview:large","max-video-preview":"max-video-preview:-1"},"canonical":"https:\/\/nck.krakow.pl\/kcc\/trans_mission\/","og_locale":"pl_PL","og_type":"article","og_title":"Trans_Miss(i)on - Krakowskie Centrum Choreograficzne","og_description":"Trans_Miss(i)on choreografia &#8211; Iwona Olszowska, Ferenc Feh\u00e9rtaniec &#8211; Jan Lorys, Pawe\u0142 Konior, Zuzanna Nir, Piotr Skalski, Monika W\u0119grzynowicz , Marta Wo\u0142owiecmuzyka &#8211; Ferenc Feh\u00e9r, Marcin Januspremiera &#8211; 22 listopada 2018, BalletOFFFestivalproducent &#8211; Krakowskie Centrum Choreograficzne &#8211; Nowohuckie Centrum KulturySpektakl zrealizowany we wsp\u00f3\u0142pracy z Instytutem Muzyki i Ta\u0144ca w ramach programu Zam\u00f3wienia choreograficzne 2018. Zosta\u0142 r\u00f3wnie\u017c [&hellip;]","og_url":"https:\/\/nck.krakow.pl\/kcc\/trans_mission\/","og_site_name":"Krakowskie Centrum Choreograficzne","article_modified_time":"2023-09-08T13:23:30+00:00","og_image":[{"url":"https:\/\/nck.krakow.pl\/kcc\/wp-content\/uploads\/2020\/02\/IMiT_logo.jpg"}],"twitter_card":"summary_large_image","twitter_misc":{"Est. reading time":"5 minut"},"schema":{"@context":"https:\/\/schema.org","@graph":[{"@type":"WebPage","@id":"https:\/\/nck.krakow.pl\/kcc\/trans_mission\/","url":"https:\/\/nck.krakow.pl\/kcc\/trans_mission\/","name":"Trans_Miss(i)on - Krakowskie Centrum Choreograficzne","isPartOf":{"@id":"https:\/\/nck.krakow.pl\/kcc\/#website"},"datePublished":"2018-12-11T11:29:20+00:00","dateModified":"2023-09-08T13:23:30+00:00","breadcrumb":{"@id":"https:\/\/nck.krakow.pl\/kcc\/trans_mission\/#breadcrumb"},"inLanguage":"pl-PL","potentialAction":[{"@type":"ReadAction","target":["https:\/\/nck.krakow.pl\/kcc\/trans_mission\/"]}]},{"@type":"BreadcrumbList","@id":"https:\/\/nck.krakow.pl\/kcc\/trans_mission\/#breadcrumb","itemListElement":[{"@type":"ListItem","position":1,"name":"Strona g\u0142\u00f3wna","item":"https:\/\/nck.krakow.pl\/kcc\/"},{"@type":"ListItem","position":2,"name":"Trans_Miss(i)on"}]},{"@type":"WebSite","@id":"https:\/\/nck.krakow.pl\/kcc\/#website","url":"https:\/\/nck.krakow.pl\/kcc\/","name":"Krakowskie Centrum Choreograficzne","description":"","publisher":{"@id":"https:\/\/nck.krakow.pl\/kcc\/#organization"},"potentialAction":[{"@type":"SearchAction","target":{"@type":"EntryPoint","urlTemplate":"https:\/\/nck.krakow.pl\/kcc\/?s={search_term_string}"},"query-input":"required name=search_term_string"}],"inLanguage":"pl-PL"},{"@type":"Organization","@id":"https:\/\/nck.krakow.pl\/kcc\/#organization","name":"Krakowskie Centrum Choreograficzne","url":"https:\/\/nck.krakow.pl\/kcc\/","logo":{"@type":"ImageObject","inLanguage":"pl-PL","@id":"https:\/\/nck.krakow.pl\/kcc\/#\/schema\/logo\/image\/","url":"https:\/\/nck.krakow.pl\/kcc\/wp-content\/uploads\/2020\/01\/cropped-logo-kcc-2020.png","contentUrl":"https:\/\/nck.krakow.pl\/kcc\/wp-content\/uploads\/2020\/01\/cropped-logo-kcc-2020.png","width":116,"height":55,"caption":"Krakowskie Centrum Choreograficzne"},"image":{"@id":"https:\/\/nck.krakow.pl\/kcc\/#\/schema\/logo\/image\/"}}]}},"_links":{"self":[{"href":"https:\/\/nck.krakow.pl\/kcc\/wp-json\/wp\/v2\/pages\/3252"}],"collection":[{"href":"https:\/\/nck.krakow.pl\/kcc\/wp-json\/wp\/v2\/pages"}],"about":[{"href":"https:\/\/nck.krakow.pl\/kcc\/wp-json\/wp\/v2\/types\/page"}],"author":[{"embeddable":true,"href":"https:\/\/nck.krakow.pl\/kcc\/wp-json\/wp\/v2\/users\/5"}],"replies":[{"embeddable":true,"href":"https:\/\/nck.krakow.pl\/kcc\/wp-json\/wp\/v2\/comments?post=3252"}],"version-history":[{"count":11,"href":"https:\/\/nck.krakow.pl\/kcc\/wp-json\/wp\/v2\/pages\/3252\/revisions"}],"predecessor-version":[{"id":6835,"href":"https:\/\/nck.krakow.pl\/kcc\/wp-json\/wp\/v2\/pages\/3252\/revisions\/6835"}],"wp:attachment":[{"href":"https:\/\/nck.krakow.pl\/kcc\/wp-json\/wp\/v2\/media?parent=3252"}],"curies":[{"name":"wp","href":"https:\/\/api.w.org\/{rel}","templated":true}]}}