{"id":2841,"date":"2018-05-24T10:16:11","date_gmt":"2018-05-24T10:16:11","guid":{"rendered":"http:\/\/nck.krakow.pl\/kcc\/?page_id=2841"},"modified":"2023-04-25T12:57:52","modified_gmt":"2023-04-25T12:57:52","slug":"dobre-wychowanie","status":"publish","type":"page","link":"https:\/\/nck.krakow.pl\/kcc\/dobre-wychowanie\/","title":{"rendered":"Dobre wychowanie\u00a0"},"content":{"rendered":"\n<figure class=\"wp-block-image\"><img loading=\"lazy\" decoding=\"async\" width=\"1024\" height=\"684\" src=\"https:\/\/nck.krakow.pl\/kcc\/wp-content\/uploads\/2020\/02\/1g\u0142\u00f3wnaDobreWychowanie_TC-51-1024x684.jpg\" alt=\"\" class=\"wp-image-4312\" srcset=\"https:\/\/nck.krakow.pl\/kcc\/wp-content\/uploads\/2020\/02\/1g\u0142\u00f3wnaDobreWychowanie_TC-51-1024x684.jpg 1024w, https:\/\/nck.krakow.pl\/kcc\/wp-content\/uploads\/2020\/02\/1g\u0142\u00f3wnaDobreWychowanie_TC-51-300x200.jpg 300w, https:\/\/nck.krakow.pl\/kcc\/wp-content\/uploads\/2020\/02\/1g\u0142\u00f3wnaDobreWychowanie_TC-51-768x513.jpg 768w, https:\/\/nck.krakow.pl\/kcc\/wp-content\/uploads\/2020\/02\/1g\u0142\u00f3wnaDobreWychowanie_TC-51.jpg 1600w\" sizes=\"(max-width: 1024px) 100vw, 1024px\" \/><\/figure>\n\n\n\n<div style=\"height:30px\" aria-hidden=\"true\" class=\"wp-block-spacer\"><\/div>\n\n\n\n<h1 class=\"wp-block-heading\">Dobre wychowanie<\/h1>\n\n\n\n<div style=\"height:20px\" aria-hidden=\"true\" class=\"wp-block-spacer\"><\/div>\n\n\n\n<p><strong>koncepcja i choreografia &#8211; <\/strong>Agata Mol\u0105g<br><strong>muzyka &#8211; <\/strong>Marcin Janus<br><strong>ta\u0144cz\u0105: <\/strong>Anna Chmiel-Kowalska, Monika W\u0119grzynowicz, Marta Wo\u0142owiec, Dominika Wiak<br><strong>tekst wst\u0119pu &#8211; <\/strong>Marta Wo\u0142owiec<br><strong>producent &#8211; <\/strong>Nowohuckie Centrum Kultury \u2013 Krakowskie Centrum Choreograficzne<br><strong>premiera &#8211; <\/strong>6 maja 2018 w ramach Festiwalu Ta\u0144ca Wsp\u00f3\u0142czesnego SPACER<br>d\u0142ugo\u015b\u0107 spektaklu: 75 minut<\/p>\n\n\n\n<div style=\"height:40px\" aria-hidden=\"true\" class=\"wp-block-spacer\"><\/div>\n\n\n\n<p>Ca\u0142e dzieci\u0144stwo s\u0142yszeli\u015bmy \u201cb\u0105d\u017a grzeczny\u201d, \u201czachowuj si\u0119 jak nale\u017cy\u201d. Ale co to dok\u0142adnie oznacza? Ciekawe, czy nasi rodzice mieli pe\u0142n\u0105 \u015bwiadomo\u015b\u0107 tego, jakiego cz\u0142owieka kszta\u0142tuj\u0105 i \u201eco z nas wyro\u015bnie\u201d. Zapraszamy na spektakl o tym, jaki wp\u0142yw na nasze doros\u0142e \u017cycie maj\u0105 zasady wpojone nam w dzieci\u0144stwie. To b\u0119dzie spektakl o dojrzewaniu, tym fizycznym i mentalnym, o wspomnieniach i ich sile, o doros\u0142o\u015bci i zwi\u0105zanych z ni\u0105 oczekiwaniach. To b\u0119dzie spektakl o kobietach, dziewczynkach, nastolatkach, matkach i c\u00f3rkach i ich relacjach, kt\u00f3re cz\u0119sto ci\u0119\u017cko jest zrozumie\u0107. Podobno, \u017ceby dobrze wychowa\u0107 dziecko trzeba podej\u015b\u0107 do tematu jak do tresury psa. Zapraszamy na spektakl o grzecznych dziewczynkach.<\/p>\n\n\n\n<figure><figure><iframe loading=\"lazy\" src=\"https:\/\/player.vimeo.com\/video\/295405946\" width=\"640\" height=\"360\" frameborder=\"0\" allowfullscreen=\"allowfullscreen\"><\/iframe><\/figure><\/figure>\n\n\n\n<p><a href=\"https:\/\/vimeo.com\/295405946\">Dobre Wychowanie, Grupa Wok\u00f3\u0142 Centrum<\/a> from <a href=\"https:\/\/vimeo.com\/kccnck\">KrakowskieCentrumChoreograficzne<\/a> on <a href=\"https:\/\/vimeo.com\">Vimeo<\/a>.<\/p>\n\n\n\n<div style=\"height:32px\" aria-hidden=\"true\" class=\"wp-block-spacer\"><\/div>\n\n\n\n<figure class=\"wp-block-gallery has-nested-images columns-3 is-cropped wp-block-gallery-1 is-layout-flex wp-block-gallery-is-layout-flex\">\n<figure class=\"wp-block-image\"><a href=\"https:\/\/nck.krakow.pl\/kcc\/wp-content\/uploads\/2018\/11\/DobreWychowanie_TC-22-1.jpg\"><img loading=\"lazy\" decoding=\"async\" width=\"1024\" height=\"684\" data-id=\"3237\" src=\"https:\/\/nck.krakow.pl\/kcc\/wp-content\/uploads\/2018\/11\/DobreWychowanie_TC-22-1-1024x684.jpg\" alt=\"\" class=\"wp-image-3237\" srcset=\"https:\/\/nck.krakow.pl\/kcc\/wp-content\/uploads\/2018\/11\/DobreWychowanie_TC-22-1-1024x684.jpg 1024w, https:\/\/nck.krakow.pl\/kcc\/wp-content\/uploads\/2018\/11\/DobreWychowanie_TC-22-1-300x200.jpg 300w, https:\/\/nck.krakow.pl\/kcc\/wp-content\/uploads\/2018\/11\/DobreWychowanie_TC-22-1-768x513.jpg 768w, https:\/\/nck.krakow.pl\/kcc\/wp-content\/uploads\/2018\/11\/DobreWychowanie_TC-22-1.jpg 1500w\" sizes=\"(max-width: 1024px) 100vw, 1024px\" \/><\/a><\/figure>\n\n\n\n<figure class=\"wp-block-image\"><a href=\"https:\/\/nck.krakow.pl\/kcc\/wp-content\/uploads\/2018\/11\/DobreWychowanie_TC-30-1.jpg\"><img loading=\"lazy\" decoding=\"async\" width=\"1024\" height=\"684\" data-id=\"3238\" src=\"https:\/\/nck.krakow.pl\/kcc\/wp-content\/uploads\/2018\/11\/DobreWychowanie_TC-30-1-1024x684.jpg\" alt=\"\" class=\"wp-image-3238\" srcset=\"https:\/\/nck.krakow.pl\/kcc\/wp-content\/uploads\/2018\/11\/DobreWychowanie_TC-30-1-1024x684.jpg 1024w, https:\/\/nck.krakow.pl\/kcc\/wp-content\/uploads\/2018\/11\/DobreWychowanie_TC-30-1-300x200.jpg 300w, https:\/\/nck.krakow.pl\/kcc\/wp-content\/uploads\/2018\/11\/DobreWychowanie_TC-30-1-768x513.jpg 768w, https:\/\/nck.krakow.pl\/kcc\/wp-content\/uploads\/2018\/11\/DobreWychowanie_TC-30-1.jpg 1500w\" sizes=\"(max-width: 1024px) 100vw, 1024px\" \/><\/a><\/figure>\n\n\n\n<figure class=\"wp-block-image\"><a href=\"https:\/\/nck.krakow.pl\/kcc\/wp-content\/uploads\/2018\/11\/DobreWychowanie_TC-38-1.jpg\"><img loading=\"lazy\" decoding=\"async\" width=\"1024\" height=\"684\" data-id=\"3239\" src=\"https:\/\/nck.krakow.pl\/kcc\/wp-content\/uploads\/2018\/11\/DobreWychowanie_TC-38-1-1024x684.jpg\" alt=\"\" class=\"wp-image-3239\" srcset=\"https:\/\/nck.krakow.pl\/kcc\/wp-content\/uploads\/2018\/11\/DobreWychowanie_TC-38-1-1024x684.jpg 1024w, https:\/\/nck.krakow.pl\/kcc\/wp-content\/uploads\/2018\/11\/DobreWychowanie_TC-38-1-300x200.jpg 300w, https:\/\/nck.krakow.pl\/kcc\/wp-content\/uploads\/2018\/11\/DobreWychowanie_TC-38-1-768x513.jpg 768w, https:\/\/nck.krakow.pl\/kcc\/wp-content\/uploads\/2018\/11\/DobreWychowanie_TC-38-1.jpg 1500w\" sizes=\"(max-width: 1024px) 100vw, 1024px\" \/><\/a><\/figure>\n\n\n\n<figure class=\"wp-block-image\"><a href=\"https:\/\/nck.krakow.pl\/kcc\/wp-content\/uploads\/2018\/11\/DobreWychowanie_TC-39-1.jpg\"><img loading=\"lazy\" decoding=\"async\" width=\"1024\" height=\"684\" data-id=\"3240\" src=\"https:\/\/nck.krakow.pl\/kcc\/wp-content\/uploads\/2018\/11\/DobreWychowanie_TC-39-1-1024x684.jpg\" alt=\"\" class=\"wp-image-3240\" srcset=\"https:\/\/nck.krakow.pl\/kcc\/wp-content\/uploads\/2018\/11\/DobreWychowanie_TC-39-1-1024x684.jpg 1024w, https:\/\/nck.krakow.pl\/kcc\/wp-content\/uploads\/2018\/11\/DobreWychowanie_TC-39-1-300x200.jpg 300w, https:\/\/nck.krakow.pl\/kcc\/wp-content\/uploads\/2018\/11\/DobreWychowanie_TC-39-1-768x513.jpg 768w, https:\/\/nck.krakow.pl\/kcc\/wp-content\/uploads\/2018\/11\/DobreWychowanie_TC-39-1.jpg 1500w\" sizes=\"(max-width: 1024px) 100vw, 1024px\" \/><\/a><\/figure>\n\n\n\n<figure class=\"wp-block-image\"><a href=\"https:\/\/nck.krakow.pl\/kcc\/wp-content\/uploads\/2018\/11\/DobreWychowanie_TC-43-1.jpg\"><img loading=\"lazy\" decoding=\"async\" width=\"1024\" height=\"684\" data-id=\"3241\" src=\"https:\/\/nck.krakow.pl\/kcc\/wp-content\/uploads\/2018\/11\/DobreWychowanie_TC-43-1-1024x684.jpg\" alt=\"\" class=\"wp-image-3241\" srcset=\"https:\/\/nck.krakow.pl\/kcc\/wp-content\/uploads\/2018\/11\/DobreWychowanie_TC-43-1-1024x684.jpg 1024w, https:\/\/nck.krakow.pl\/kcc\/wp-content\/uploads\/2018\/11\/DobreWychowanie_TC-43-1-300x200.jpg 300w, https:\/\/nck.krakow.pl\/kcc\/wp-content\/uploads\/2018\/11\/DobreWychowanie_TC-43-1-768x513.jpg 768w, https:\/\/nck.krakow.pl\/kcc\/wp-content\/uploads\/2018\/11\/DobreWychowanie_TC-43-1.jpg 1500w\" sizes=\"(max-width: 1024px) 100vw, 1024px\" \/><\/a><\/figure>\n\n\n\n<figure class=\"wp-block-image\"><a href=\"https:\/\/nck.krakow.pl\/kcc\/wp-content\/uploads\/2018\/11\/DobreWychowanie_TC-51-1.jpg\"><img loading=\"lazy\" decoding=\"async\" width=\"1024\" height=\"684\" data-id=\"3242\" src=\"https:\/\/nck.krakow.pl\/kcc\/wp-content\/uploads\/2018\/11\/DobreWychowanie_TC-51-1-1024x684.jpg\" alt=\"\" class=\"wp-image-3242\" srcset=\"https:\/\/nck.krakow.pl\/kcc\/wp-content\/uploads\/2018\/11\/DobreWychowanie_TC-51-1-1024x684.jpg 1024w, https:\/\/nck.krakow.pl\/kcc\/wp-content\/uploads\/2018\/11\/DobreWychowanie_TC-51-1-300x200.jpg 300w, https:\/\/nck.krakow.pl\/kcc\/wp-content\/uploads\/2018\/11\/DobreWychowanie_TC-51-1-768x513.jpg 768w, https:\/\/nck.krakow.pl\/kcc\/wp-content\/uploads\/2018\/11\/DobreWychowanie_TC-51-1.jpg 1500w\" sizes=\"(max-width: 1024px) 100vw, 1024px\" \/><\/a><\/figure>\n<\/figure>\n\n\n\n<p>fot. Tomasz \u0106wiertnia<\/p>\n","protected":false},"excerpt":{"rendered":"<p>Dobre wychowanie koncepcja i choreografia &#8211; Agata Mol\u0105gmuzyka &#8211; Marcin Janusta\u0144cz\u0105: Anna Chmiel-Kowalska, Monika W\u0119grzynowicz, Marta Wo\u0142owiec, Dominika Wiaktekst wst\u0119pu &#8211; Marta Wo\u0142owiecproducent &#8211; Nowohuckie Centrum Kultury \u2013 Krakowskie Centrum Choreograficznepremiera &#8211; 6 maja 2018 w ramach Festiwalu Ta\u0144ca Wsp\u00f3\u0142czesnego SPACERd\u0142ugo\u015b\u0107 spektaklu: 75 minut Ca\u0142e dzieci\u0144stwo s\u0142yszeli\u015bmy \u201cb\u0105d\u017a grzeczny\u201d, \u201czachowuj si\u0119 jak nale\u017cy\u201d. Ale co [&hellip;]<\/p>\n","protected":false},"author":5,"featured_media":0,"parent":0,"menu_order":0,"comment_status":"closed","ping_status":"closed","template":"","meta":{"footnotes":""},"class_list":["post-2841","page","type-page","status-publish","hentry"],"yoast_head":"<!-- This site is optimized with the Yoast SEO plugin v19.12 - https:\/\/yoast.com\/wordpress\/plugins\/seo\/ -->\n<title>Dobre wychowanie\u00a0 - Krakowskie Centrum Choreograficzne<\/title>\n<meta name=\"robots\" content=\"index, follow, max-snippet:-1, max-image-preview:large, max-video-preview:-1\" \/>\n<link rel=\"canonical\" href=\"https:\/\/nck.krakow.pl\/kcc\/dobre-wychowanie\/\" \/>\n<meta property=\"og:locale\" content=\"pl_PL\" \/>\n<meta property=\"og:type\" content=\"article\" \/>\n<meta property=\"og:title\" content=\"Dobre wychowanie\u00a0\" \/>\n<meta property=\"og:description\" content=\"Dobre wychowanie koncepcja i choreografia &#8211; Agata Mol\u0105gmuzyka &#8211; Marcin Janusta\u0144cz\u0105: Anna Chmiel-Kowalska, Monika W\u0119grzynowicz, Marta Wo\u0142owiec, Dominika Wiaktekst wst\u0119pu &#8211; Marta Wo\u0142owiecproducent &#8211; Nowohuckie Centrum Kultury \u2013 Krakowskie Centrum Choreograficznepremiera &#8211; 6 maja 2018 w ramach Festiwalu Ta\u0144ca Wsp\u00f3\u0142czesnego SPACERd\u0142ugo\u015b\u0107 spektaklu: 75 minut Ca\u0142e dzieci\u0144stwo s\u0142yszeli\u015bmy \u201cb\u0105d\u017a grzeczny\u201d, \u201czachowuj si\u0119 jak nale\u017cy\u201d. Ale co [&hellip;]\" \/>\n<meta property=\"og:url\" content=\"https:\/\/nck.krakow.pl\/kcc\/dobre-wychowanie\/\" \/>\n<meta property=\"og:site_name\" content=\"Krakowskie Centrum Choreograficzne\" \/>\n<meta property=\"article:modified_time\" content=\"2023-04-25T12:57:52+00:00\" \/>\n<meta property=\"og:image\" content=\"https:\/\/nck.krakow.pl\/kcc\/wp-content\/uploads\/2018\/11\/DobreWychowanie_TC-22-1-1024x684.jpg\" \/>\n<meta name=\"twitter:card\" content=\"summary_large_image\" \/>\n<meta name=\"twitter:label1\" content=\"Est. reading time\" \/>\n\t<meta name=\"twitter:data1\" content=\"3 minuty\" \/>\n<script type=\"application\/ld+json\" class=\"yoast-schema-graph\">{\"@context\":\"https:\/\/schema.org\",\"@graph\":[{\"@type\":\"WebPage\",\"@id\":\"https:\/\/nck.krakow.pl\/kcc\/dobre-wychowanie\/\",\"url\":\"https:\/\/nck.krakow.pl\/kcc\/dobre-wychowanie\/\",\"name\":\"Dobre wychowanie\u00a0 - Krakowskie Centrum Choreograficzne\",\"isPartOf\":{\"@id\":\"https:\/\/nck.krakow.pl\/kcc\/#website\"},\"datePublished\":\"2018-05-24T10:16:11+00:00\",\"dateModified\":\"2023-04-25T12:57:52+00:00\",\"breadcrumb\":{\"@id\":\"https:\/\/nck.krakow.pl\/kcc\/dobre-wychowanie\/#breadcrumb\"},\"inLanguage\":\"pl-PL\",\"potentialAction\":[{\"@type\":\"ReadAction\",\"target\":[\"https:\/\/nck.krakow.pl\/kcc\/dobre-wychowanie\/\"]}]},{\"@type\":\"BreadcrumbList\",\"@id\":\"https:\/\/nck.krakow.pl\/kcc\/dobre-wychowanie\/#breadcrumb\",\"itemListElement\":[{\"@type\":\"ListItem\",\"position\":1,\"name\":\"Strona g\u0142\u00f3wna\",\"item\":\"https:\/\/nck.krakow.pl\/kcc\/\"},{\"@type\":\"ListItem\",\"position\":2,\"name\":\"Dobre wychowanie\u00a0\"}]},{\"@type\":\"WebSite\",\"@id\":\"https:\/\/nck.krakow.pl\/kcc\/#website\",\"url\":\"https:\/\/nck.krakow.pl\/kcc\/\",\"name\":\"Krakowskie Centrum Choreograficzne\",\"description\":\"\",\"publisher\":{\"@id\":\"https:\/\/nck.krakow.pl\/kcc\/#organization\"},\"potentialAction\":[{\"@type\":\"SearchAction\",\"target\":{\"@type\":\"EntryPoint\",\"urlTemplate\":\"https:\/\/nck.krakow.pl\/kcc\/?s={search_term_string}\"},\"query-input\":\"required name=search_term_string\"}],\"inLanguage\":\"pl-PL\"},{\"@type\":\"Organization\",\"@id\":\"https:\/\/nck.krakow.pl\/kcc\/#organization\",\"name\":\"Krakowskie Centrum Choreograficzne\",\"url\":\"https:\/\/nck.krakow.pl\/kcc\/\",\"logo\":{\"@type\":\"ImageObject\",\"inLanguage\":\"pl-PL\",\"@id\":\"https:\/\/nck.krakow.pl\/kcc\/#\/schema\/logo\/image\/\",\"url\":\"https:\/\/nck.krakow.pl\/kcc\/wp-content\/uploads\/2020\/01\/cropped-logo-kcc-2020.png\",\"contentUrl\":\"https:\/\/nck.krakow.pl\/kcc\/wp-content\/uploads\/2020\/01\/cropped-logo-kcc-2020.png\",\"width\":116,\"height\":55,\"caption\":\"Krakowskie Centrum Choreograficzne\"},\"image\":{\"@id\":\"https:\/\/nck.krakow.pl\/kcc\/#\/schema\/logo\/image\/\"}}]}<\/script>\n<!-- \/ Yoast SEO plugin. -->","yoast_head_json":{"title":"Dobre wychowanie\u00a0 - Krakowskie Centrum Choreograficzne","robots":{"index":"index","follow":"follow","max-snippet":"max-snippet:-1","max-image-preview":"max-image-preview:large","max-video-preview":"max-video-preview:-1"},"canonical":"https:\/\/nck.krakow.pl\/kcc\/dobre-wychowanie\/","og_locale":"pl_PL","og_type":"article","og_title":"Dobre wychowanie\u00a0","og_description":"Dobre wychowanie koncepcja i choreografia &#8211; Agata Mol\u0105gmuzyka &#8211; Marcin Janusta\u0144cz\u0105: Anna Chmiel-Kowalska, Monika W\u0119grzynowicz, Marta Wo\u0142owiec, Dominika Wiaktekst wst\u0119pu &#8211; Marta Wo\u0142owiecproducent &#8211; Nowohuckie Centrum Kultury \u2013 Krakowskie Centrum Choreograficznepremiera &#8211; 6 maja 2018 w ramach Festiwalu Ta\u0144ca Wsp\u00f3\u0142czesnego SPACERd\u0142ugo\u015b\u0107 spektaklu: 75 minut Ca\u0142e dzieci\u0144stwo s\u0142yszeli\u015bmy \u201cb\u0105d\u017a grzeczny\u201d, \u201czachowuj si\u0119 jak nale\u017cy\u201d. Ale co [&hellip;]","og_url":"https:\/\/nck.krakow.pl\/kcc\/dobre-wychowanie\/","og_site_name":"Krakowskie Centrum Choreograficzne","article_modified_time":"2023-04-25T12:57:52+00:00","og_image":[{"url":"https:\/\/nck.krakow.pl\/kcc\/wp-content\/uploads\/2018\/11\/DobreWychowanie_TC-22-1-1024x684.jpg"}],"twitter_card":"summary_large_image","twitter_misc":{"Est. reading time":"3 minuty"},"schema":{"@context":"https:\/\/schema.org","@graph":[{"@type":"WebPage","@id":"https:\/\/nck.krakow.pl\/kcc\/dobre-wychowanie\/","url":"https:\/\/nck.krakow.pl\/kcc\/dobre-wychowanie\/","name":"Dobre wychowanie\u00a0 - Krakowskie Centrum Choreograficzne","isPartOf":{"@id":"https:\/\/nck.krakow.pl\/kcc\/#website"},"datePublished":"2018-05-24T10:16:11+00:00","dateModified":"2023-04-25T12:57:52+00:00","breadcrumb":{"@id":"https:\/\/nck.krakow.pl\/kcc\/dobre-wychowanie\/#breadcrumb"},"inLanguage":"pl-PL","potentialAction":[{"@type":"ReadAction","target":["https:\/\/nck.krakow.pl\/kcc\/dobre-wychowanie\/"]}]},{"@type":"BreadcrumbList","@id":"https:\/\/nck.krakow.pl\/kcc\/dobre-wychowanie\/#breadcrumb","itemListElement":[{"@type":"ListItem","position":1,"name":"Strona g\u0142\u00f3wna","item":"https:\/\/nck.krakow.pl\/kcc\/"},{"@type":"ListItem","position":2,"name":"Dobre wychowanie\u00a0"}]},{"@type":"WebSite","@id":"https:\/\/nck.krakow.pl\/kcc\/#website","url":"https:\/\/nck.krakow.pl\/kcc\/","name":"Krakowskie Centrum Choreograficzne","description":"","publisher":{"@id":"https:\/\/nck.krakow.pl\/kcc\/#organization"},"potentialAction":[{"@type":"SearchAction","target":{"@type":"EntryPoint","urlTemplate":"https:\/\/nck.krakow.pl\/kcc\/?s={search_term_string}"},"query-input":"required name=search_term_string"}],"inLanguage":"pl-PL"},{"@type":"Organization","@id":"https:\/\/nck.krakow.pl\/kcc\/#organization","name":"Krakowskie Centrum Choreograficzne","url":"https:\/\/nck.krakow.pl\/kcc\/","logo":{"@type":"ImageObject","inLanguage":"pl-PL","@id":"https:\/\/nck.krakow.pl\/kcc\/#\/schema\/logo\/image\/","url":"https:\/\/nck.krakow.pl\/kcc\/wp-content\/uploads\/2020\/01\/cropped-logo-kcc-2020.png","contentUrl":"https:\/\/nck.krakow.pl\/kcc\/wp-content\/uploads\/2020\/01\/cropped-logo-kcc-2020.png","width":116,"height":55,"caption":"Krakowskie Centrum Choreograficzne"},"image":{"@id":"https:\/\/nck.krakow.pl\/kcc\/#\/schema\/logo\/image\/"}}]}},"_links":{"self":[{"href":"https:\/\/nck.krakow.pl\/kcc\/wp-json\/wp\/v2\/pages\/2841"}],"collection":[{"href":"https:\/\/nck.krakow.pl\/kcc\/wp-json\/wp\/v2\/pages"}],"about":[{"href":"https:\/\/nck.krakow.pl\/kcc\/wp-json\/wp\/v2\/types\/page"}],"author":[{"embeddable":true,"href":"https:\/\/nck.krakow.pl\/kcc\/wp-json\/wp\/v2\/users\/5"}],"replies":[{"embeddable":true,"href":"https:\/\/nck.krakow.pl\/kcc\/wp-json\/wp\/v2\/comments?post=2841"}],"version-history":[{"count":12,"href":"https:\/\/nck.krakow.pl\/kcc\/wp-json\/wp\/v2\/pages\/2841\/revisions"}],"predecessor-version":[{"id":6837,"href":"https:\/\/nck.krakow.pl\/kcc\/wp-json\/wp\/v2\/pages\/2841\/revisions\/6837"}],"wp:attachment":[{"href":"https:\/\/nck.krakow.pl\/kcc\/wp-json\/wp\/v2\/media?parent=2841"}],"curies":[{"name":"wp","href":"https:\/\/api.w.org\/{rel}","templated":true}]}}