{"id":2603,"date":"2017-12-19T07:53:06","date_gmt":"2017-12-19T07:53:06","guid":{"rendered":"http:\/\/nck.krakow.pl\/kcc\/?page_id=2603"},"modified":"2023-04-25T12:59:31","modified_gmt":"2023-04-25T12:59:31","slug":"spectral-layers-of-movement","status":"publish","type":"page","link":"https:\/\/nck.krakow.pl\/kcc\/spectral-layers-of-movement\/","title":{"rendered":"spectral layers of movement \/ Marcin Janus, Grzegorz Kaliszuk, Agata Mol\u0105g, Marta Wo\u0142owiec, Monika W\u0119grzynowicz"},"content":{"rendered":"\n<figure class=\"wp-block-image\"><img loading=\"lazy\" decoding=\"async\" width=\"1024\" height=\"683\" src=\"https:\/\/nck.krakow.pl\/kcc\/wp-content\/uploads\/2020\/02\/1g\u0142\u00f3wnaKMachniewicz_2017_11_18_KCC_BalletOFF_GWC_SpectralLayersOfMovement_pr\u00f3ba_MG_6264_2print_matte-1024x683.jpg\" alt=\"\" class=\"wp-image-4381\" srcset=\"https:\/\/nck.krakow.pl\/kcc\/wp-content\/uploads\/2020\/02\/1g\u0142\u00f3wnaKMachniewicz_2017_11_18_KCC_BalletOFF_GWC_SpectralLayersOfMovement_pr\u00f3ba_MG_6264_2print_matte-1024x683.jpg 1024w, https:\/\/nck.krakow.pl\/kcc\/wp-content\/uploads\/2020\/02\/1g\u0142\u00f3wnaKMachniewicz_2017_11_18_KCC_BalletOFF_GWC_SpectralLayersOfMovement_pr\u00f3ba_MG_6264_2print_matte-300x200.jpg 300w, https:\/\/nck.krakow.pl\/kcc\/wp-content\/uploads\/2020\/02\/1g\u0142\u00f3wnaKMachniewicz_2017_11_18_KCC_BalletOFF_GWC_SpectralLayersOfMovement_pr\u00f3ba_MG_6264_2print_matte-768x512.jpg 768w\" sizes=\"(max-width: 1024px) 100vw, 1024px\" \/><\/figure>\n\n\n\n<div style=\"height:30px\" aria-hidden=\"true\" class=\"wp-block-spacer\"><\/div>\n\n\n\n<h2 class=\"wp-block-heading\">spectral layers of movement \/ Marcin Janus, Grzegorz Kaliszuk, Agata Mol\u0105g, Marta Wo\u0142owiec, Monika W\u0119grzynowicz<\/h2>\n\n\n\n<div style=\"height:20px\" aria-hidden=\"true\" class=\"wp-block-spacer\"><\/div>\n\n\n\n<p><strong>pomys\u0142:<\/strong> Marcin Janus, Grzegorz Kaliszuk<br><strong>choreografia: <\/strong>Agata Mol\u0105g, Monika W\u0119grzynowicz, Marta Wo\u0142owiec<br><strong>taniec:<\/strong> Agata Mol\u0105g\/Dominika Wiak, Monika W\u0119grzynowicz, Marta Wo\u0142owiec<br><strong>media design:<\/strong> Grzegorz Kaliszuk\/Wojciech Miler<br><strong>muzyka:<\/strong> Marcin Janus<br><strong>d\u0142ugo\u015b\u0107 spektaklu:<\/strong> ok. 40 minut<br>Uwaga! W spektaklu u\u017cywany jest stroboskop.<\/p>\n\n\n\n<figure class=\"wp-block-embed is-type-video is-provider-vimeo wp-block-embed-vimeo wp-embed-aspect-16-9 wp-has-aspect-ratio\"><div class=\"wp-block-embed__wrapper\">\n<iframe loading=\"lazy\" title=\"spectral layers of movement\" src=\"https:\/\/player.vimeo.com\/video\/269622805?dnt=1&amp;app_id=122963\" width=\"768\" height=\"432\" frameborder=\"0\" allow=\"autoplay; fullscreen\" allowfullscreen><\/iframe>\n<\/div><\/figure>\n\n\n\n<p>Interdyscyplinarny\nprojekt \u0142\u0105cz\u0105cy \u015bwiat ta\u0144ca, multimedi\u00f3w i d\u017awi\u0119ku w wielowarstwowej instalacji\ninteraktywnej, w kt\u00f3rej ka\u017cdy z element\u00f3w jest r\u00f3wnoznaczny. To spojrzenie na\nruch przez pryzmat technologii i zabieg\u00f3w technologicznych z muzyk\u0105 i\nprojekcjami interaktywnymi na \u017cywo. Projekt stanowi osobliwe laboratorium\nzmieniaj\u0105c scen\u0119 w przestrze\u0144 bada\u0144 artystycznych. Motywem przewodnim jest\nukazanie jako\u015bci ruchowych w warstwach projekcyjnych wype\u0142nionych\nprzetworzeniami, nawi\u0105zuj\u0105cymi swoim charakterem do r\u00f3\u017cnych epok\ntechnologicznych, a w szczeg\u00f3lno\u015bci do kultury retro lat 80. i 90. ubieg\u0142ego\nwieku.<\/p>\n\n\n\n<figure class=\"wp-block-gallery has-nested-images columns-3 is-cropped wp-block-gallery-1 is-layout-flex wp-block-gallery-is-layout-flex\">\n<figure class=\"wp-block-image\"><a href=\"https:\/\/nck.krakow.pl\/kcc\/wp-content\/uploads\/2017\/12\/fot.-Aleksander-Hordziej.jpg\"><img loading=\"lazy\" decoding=\"async\" width=\"1024\" height=\"576\" data-id=\"2605\" src=\"https:\/\/nck.krakow.pl\/kcc\/wp-content\/uploads\/2017\/12\/fot.-Aleksander-Hordziej-1024x576.jpg\" alt=\"\" class=\"wp-image-2605\" srcset=\"https:\/\/nck.krakow.pl\/kcc\/wp-content\/uploads\/2017\/12\/fot.-Aleksander-Hordziej-1024x576.jpg 1024w, https:\/\/nck.krakow.pl\/kcc\/wp-content\/uploads\/2017\/12\/fot.-Aleksander-Hordziej-300x169.jpg 300w, https:\/\/nck.krakow.pl\/kcc\/wp-content\/uploads\/2017\/12\/fot.-Aleksander-Hordziej-768x432.jpg 768w, https:\/\/nck.krakow.pl\/kcc\/wp-content\/uploads\/2017\/12\/fot.-Aleksander-Hordziej.jpg 1920w\" sizes=\"(max-width: 1024px) 100vw, 1024px\" \/><\/a><figcaption class=\"wp-element-caption\">fot. Aleksander Hordziej<\/figcaption><\/figure>\n\n\n\n<figure class=\"wp-block-image\"><a href=\"https:\/\/nck.krakow.pl\/kcc\/wp-content\/uploads\/2017\/12\/fot.-Marcin-\u015amieszek.jpg\"><img loading=\"lazy\" decoding=\"async\" width=\"1024\" height=\"683\" data-id=\"2606\" src=\"https:\/\/nck.krakow.pl\/kcc\/wp-content\/uploads\/2017\/12\/fot.-Marcin-\u015amieszek-1024x683.jpg\" alt=\"\" class=\"wp-image-2606\" srcset=\"https:\/\/nck.krakow.pl\/kcc\/wp-content\/uploads\/2017\/12\/fot.-Marcin-\u015amieszek-1024x683.jpg 1024w, https:\/\/nck.krakow.pl\/kcc\/wp-content\/uploads\/2017\/12\/fot.-Marcin-\u015amieszek-300x200.jpg 300w, https:\/\/nck.krakow.pl\/kcc\/wp-content\/uploads\/2017\/12\/fot.-Marcin-\u015amieszek-768x512.jpg 768w, https:\/\/nck.krakow.pl\/kcc\/wp-content\/uploads\/2017\/12\/fot.-Marcin-\u015amieszek.jpg 2048w\" sizes=\"(max-width: 1024px) 100vw, 1024px\" \/><\/a><figcaption class=\"wp-element-caption\">fot. Marcin \u015amieszek<\/figcaption><\/figure>\n\n\n\n<figure class=\"wp-block-image\"><a href=\"https:\/\/nck.krakow.pl\/kcc\/wp-content\/uploads\/2017\/12\/KMachniewicz_2017_11_18_KCC_BalletOFF_GWC_SpectralLayersOfMovement_MG_7599_960x640px_q100.jpg\"><img loading=\"lazy\" decoding=\"async\" width=\"960\" height=\"640\" data-id=\"2607\" src=\"https:\/\/nck.krakow.pl\/kcc\/wp-content\/uploads\/2017\/12\/KMachniewicz_2017_11_18_KCC_BalletOFF_GWC_SpectralLayersOfMovement_MG_7599_960x640px_q100.jpg\" alt=\"\" class=\"wp-image-2607\" srcset=\"https:\/\/nck.krakow.pl\/kcc\/wp-content\/uploads\/2017\/12\/KMachniewicz_2017_11_18_KCC_BalletOFF_GWC_SpectralLayersOfMovement_MG_7599_960x640px_q100.jpg 960w, https:\/\/nck.krakow.pl\/kcc\/wp-content\/uploads\/2017\/12\/KMachniewicz_2017_11_18_KCC_BalletOFF_GWC_SpectralLayersOfMovement_MG_7599_960x640px_q100-300x200.jpg 300w, https:\/\/nck.krakow.pl\/kcc\/wp-content\/uploads\/2017\/12\/KMachniewicz_2017_11_18_KCC_BalletOFF_GWC_SpectralLayersOfMovement_MG_7599_960x640px_q100-768x512.jpg 768w\" sizes=\"(max-width: 960px) 100vw, 960px\" \/><\/a><figcaption class=\"wp-element-caption\">fot. Katarzyna Machniewicz<\/figcaption><\/figure>\n\n\n\n<figure class=\"wp-block-image\"><a href=\"https:\/\/nck.krakow.pl\/kcc\/wp-content\/uploads\/2017\/12\/KMachniewicz_2017_11_18_KCC_BalletOFF_GWC_SpectralLayersOfMovement_MG_7759_960x640px_q100.jpg\"><img loading=\"lazy\" decoding=\"async\" width=\"960\" height=\"640\" data-id=\"2608\" src=\"https:\/\/nck.krakow.pl\/kcc\/wp-content\/uploads\/2017\/12\/KMachniewicz_2017_11_18_KCC_BalletOFF_GWC_SpectralLayersOfMovement_MG_7759_960x640px_q100.jpg\" alt=\"\" class=\"wp-image-2608\" srcset=\"https:\/\/nck.krakow.pl\/kcc\/wp-content\/uploads\/2017\/12\/KMachniewicz_2017_11_18_KCC_BalletOFF_GWC_SpectralLayersOfMovement_MG_7759_960x640px_q100.jpg 960w, https:\/\/nck.krakow.pl\/kcc\/wp-content\/uploads\/2017\/12\/KMachniewicz_2017_11_18_KCC_BalletOFF_GWC_SpectralLayersOfMovement_MG_7759_960x640px_q100-300x200.jpg 300w, https:\/\/nck.krakow.pl\/kcc\/wp-content\/uploads\/2017\/12\/KMachniewicz_2017_11_18_KCC_BalletOFF_GWC_SpectralLayersOfMovement_MG_7759_960x640px_q100-768x512.jpg 768w\" sizes=\"(max-width: 960px) 100vw, 960px\" \/><\/a><figcaption class=\"wp-element-caption\">fot. Katarzyna Machniewicz<\/figcaption><\/figure>\n\n\n\n<figure class=\"wp-block-image\"><a href=\"https:\/\/nck.krakow.pl\/kcc\/wp-content\/uploads\/2017\/12\/KMachniewicz_2017_11_18_KCC_BalletOFF_GWC_SpectralLayersOfMovement_MG_7829_960x640px_q100.jpg\"><img loading=\"lazy\" decoding=\"async\" width=\"960\" height=\"640\" data-id=\"2609\" src=\"https:\/\/nck.krakow.pl\/kcc\/wp-content\/uploads\/2017\/12\/KMachniewicz_2017_11_18_KCC_BalletOFF_GWC_SpectralLayersOfMovement_MG_7829_960x640px_q100.jpg\" alt=\"\" class=\"wp-image-2609\" srcset=\"https:\/\/nck.krakow.pl\/kcc\/wp-content\/uploads\/2017\/12\/KMachniewicz_2017_11_18_KCC_BalletOFF_GWC_SpectralLayersOfMovement_MG_7829_960x640px_q100.jpg 960w, https:\/\/nck.krakow.pl\/kcc\/wp-content\/uploads\/2017\/12\/KMachniewicz_2017_11_18_KCC_BalletOFF_GWC_SpectralLayersOfMovement_MG_7829_960x640px_q100-300x200.jpg 300w, https:\/\/nck.krakow.pl\/kcc\/wp-content\/uploads\/2017\/12\/KMachniewicz_2017_11_18_KCC_BalletOFF_GWC_SpectralLayersOfMovement_MG_7829_960x640px_q100-768x512.jpg 768w\" sizes=\"(max-width: 960px) 100vw, 960px\" \/><\/a><figcaption class=\"wp-element-caption\">fot. Katarzyna Machniewicz<\/figcaption><\/figure>\n\n\n\n<figure class=\"wp-block-image\"><a href=\"https:\/\/nck.krakow.pl\/kcc\/wp-content\/uploads\/2017\/12\/KMachniewicz_2017_11_18_KCC_BalletOFF_GWC_SpectralLayersOfMovement_pr\u00f3ba_MG_6001_960x640px_q100.jpg\"><img loading=\"lazy\" decoding=\"async\" width=\"960\" height=\"640\" data-id=\"2610\" src=\"https:\/\/nck.krakow.pl\/kcc\/wp-content\/uploads\/2017\/12\/KMachniewicz_2017_11_18_KCC_BalletOFF_GWC_SpectralLayersOfMovement_pr\u00f3ba_MG_6001_960x640px_q100.jpg\" alt=\"\" class=\"wp-image-2610\" srcset=\"https:\/\/nck.krakow.pl\/kcc\/wp-content\/uploads\/2017\/12\/KMachniewicz_2017_11_18_KCC_BalletOFF_GWC_SpectralLayersOfMovement_pr\u00f3ba_MG_6001_960x640px_q100.jpg 960w, https:\/\/nck.krakow.pl\/kcc\/wp-content\/uploads\/2017\/12\/KMachniewicz_2017_11_18_KCC_BalletOFF_GWC_SpectralLayersOfMovement_pr\u00f3ba_MG_6001_960x640px_q100-300x200.jpg 300w, https:\/\/nck.krakow.pl\/kcc\/wp-content\/uploads\/2017\/12\/KMachniewicz_2017_11_18_KCC_BalletOFF_GWC_SpectralLayersOfMovement_pr\u00f3ba_MG_6001_960x640px_q100-768x512.jpg 768w\" sizes=\"(max-width: 960px) 100vw, 960px\" \/><\/a><figcaption class=\"wp-element-caption\">fot. Katarzyna Machniewicz<\/figcaption><\/figure>\n\n\n\n<figure class=\"wp-block-image\"><a href=\"https:\/\/nck.krakow.pl\/kcc\/wp-content\/uploads\/2017\/12\/KMachniewicz_2017_11_18_KCC_BalletOFF_GWC_SpectralLayersOfMovement_pr\u00f3ba_MG_6158_960x640px_q100.jpg\"><img loading=\"lazy\" decoding=\"async\" width=\"960\" height=\"640\" data-id=\"2611\" src=\"https:\/\/nck.krakow.pl\/kcc\/wp-content\/uploads\/2017\/12\/KMachniewicz_2017_11_18_KCC_BalletOFF_GWC_SpectralLayersOfMovement_pr\u00f3ba_MG_6158_960x640px_q100.jpg\" alt=\"\" class=\"wp-image-2611\" srcset=\"https:\/\/nck.krakow.pl\/kcc\/wp-content\/uploads\/2017\/12\/KMachniewicz_2017_11_18_KCC_BalletOFF_GWC_SpectralLayersOfMovement_pr\u00f3ba_MG_6158_960x640px_q100.jpg 960w, https:\/\/nck.krakow.pl\/kcc\/wp-content\/uploads\/2017\/12\/KMachniewicz_2017_11_18_KCC_BalletOFF_GWC_SpectralLayersOfMovement_pr\u00f3ba_MG_6158_960x640px_q100-300x200.jpg 300w, https:\/\/nck.krakow.pl\/kcc\/wp-content\/uploads\/2017\/12\/KMachniewicz_2017_11_18_KCC_BalletOFF_GWC_SpectralLayersOfMovement_pr\u00f3ba_MG_6158_960x640px_q100-768x512.jpg 768w\" sizes=\"(max-width: 960px) 100vw, 960px\" \/><\/a><figcaption class=\"wp-element-caption\">fot. Katarzyna Machniewicz<\/figcaption><\/figure>\n\n\n\n<figure class=\"wp-block-image\"><a href=\"https:\/\/nck.krakow.pl\/kcc\/wp-content\/uploads\/2017\/12\/KMachniewicz_2017_11_18_KCC_BalletOFF_GWC_SpectralLayersOfMovement_pr\u00f3ba_MG_6262_960x640px_q100.jpg\"><img loading=\"lazy\" decoding=\"async\" width=\"960\" height=\"640\" data-id=\"2612\" src=\"https:\/\/nck.krakow.pl\/kcc\/wp-content\/uploads\/2017\/12\/KMachniewicz_2017_11_18_KCC_BalletOFF_GWC_SpectralLayersOfMovement_pr\u00f3ba_MG_6262_960x640px_q100.jpg\" alt=\"\" class=\"wp-image-2612\" srcset=\"https:\/\/nck.krakow.pl\/kcc\/wp-content\/uploads\/2017\/12\/KMachniewicz_2017_11_18_KCC_BalletOFF_GWC_SpectralLayersOfMovement_pr\u00f3ba_MG_6262_960x640px_q100.jpg 960w, https:\/\/nck.krakow.pl\/kcc\/wp-content\/uploads\/2017\/12\/KMachniewicz_2017_11_18_KCC_BalletOFF_GWC_SpectralLayersOfMovement_pr\u00f3ba_MG_6262_960x640px_q100-300x200.jpg 300w, https:\/\/nck.krakow.pl\/kcc\/wp-content\/uploads\/2017\/12\/KMachniewicz_2017_11_18_KCC_BalletOFF_GWC_SpectralLayersOfMovement_pr\u00f3ba_MG_6262_960x640px_q100-768x512.jpg 768w\" sizes=\"(max-width: 960px) 100vw, 960px\" \/><\/a><figcaption class=\"wp-element-caption\">fot. Katarzyna Machniewicz<\/figcaption><\/figure>\n\n\n\n<figure class=\"wp-block-image\"><a href=\"https:\/\/nck.krakow.pl\/kcc\/wp-content\/uploads\/2017\/12\/KMachniewicz_2017_11_18_KCC_BalletOFF_GWC_SpectralLayersOfMovement_pr\u00f3ba_MG_6391_960x640px_q100.jpg\"><img loading=\"lazy\" decoding=\"async\" width=\"960\" height=\"640\" data-id=\"2613\" src=\"https:\/\/nck.krakow.pl\/kcc\/wp-content\/uploads\/2017\/12\/KMachniewicz_2017_11_18_KCC_BalletOFF_GWC_SpectralLayersOfMovement_pr\u00f3ba_MG_6391_960x640px_q100.jpg\" alt=\"\" class=\"wp-image-2613\" srcset=\"https:\/\/nck.krakow.pl\/kcc\/wp-content\/uploads\/2017\/12\/KMachniewicz_2017_11_18_KCC_BalletOFF_GWC_SpectralLayersOfMovement_pr\u00f3ba_MG_6391_960x640px_q100.jpg 960w, https:\/\/nck.krakow.pl\/kcc\/wp-content\/uploads\/2017\/12\/KMachniewicz_2017_11_18_KCC_BalletOFF_GWC_SpectralLayersOfMovement_pr\u00f3ba_MG_6391_960x640px_q100-300x200.jpg 300w, https:\/\/nck.krakow.pl\/kcc\/wp-content\/uploads\/2017\/12\/KMachniewicz_2017_11_18_KCC_BalletOFF_GWC_SpectralLayersOfMovement_pr\u00f3ba_MG_6391_960x640px_q100-768x512.jpg 768w\" sizes=\"(max-width: 960px) 100vw, 960px\" \/><\/a><figcaption class=\"wp-element-caption\">fot. Katarzyna Machniewicz<\/figcaption><\/figure>\n<\/figure>\n","protected":false},"excerpt":{"rendered":"<p>spectral layers of movement \/ Marcin Janus, Grzegorz Kaliszuk, Agata Mol\u0105g, Marta Wo\u0142owiec, Monika W\u0119grzynowicz pomys\u0142: Marcin Janus, Grzegorz Kaliszukchoreografia: Agata Mol\u0105g, Monika W\u0119grzynowicz, Marta Wo\u0142owiectaniec: Agata Mol\u0105g\/Dominika Wiak, Monika W\u0119grzynowicz, Marta Wo\u0142owiecmedia design: Grzegorz Kaliszuk\/Wojciech Milermuzyka: Marcin Janusd\u0142ugo\u015b\u0107 spektaklu: ok. 40 minutUwaga! W spektaklu u\u017cywany jest stroboskop. Interdyscyplinarny projekt \u0142\u0105cz\u0105cy \u015bwiat ta\u0144ca, multimedi\u00f3w i [&hellip;]<\/p>\n","protected":false},"author":5,"featured_media":0,"parent":0,"menu_order":0,"comment_status":"closed","ping_status":"closed","template":"","meta":{"footnotes":""},"class_list":["post-2603","page","type-page","status-publish","hentry"],"yoast_head":"<!-- This site is optimized with the Yoast SEO plugin v19.12 - https:\/\/yoast.com\/wordpress\/plugins\/seo\/ -->\n<title>spectral layers of movement \/ Marcin Janus, Grzegorz Kaliszuk, Agata Mol\u0105g, Marta Wo\u0142owiec, Monika W\u0119grzynowicz - Krakowskie Centrum Choreograficzne<\/title>\n<meta name=\"robots\" content=\"index, follow, max-snippet:-1, max-image-preview:large, max-video-preview:-1\" \/>\n<link rel=\"canonical\" href=\"https:\/\/nck.krakow.pl\/kcc\/spectral-layers-of-movement\/\" \/>\n<meta property=\"og:locale\" content=\"pl_PL\" \/>\n<meta property=\"og:type\" content=\"article\" \/>\n<meta property=\"og:title\" content=\"spectral layers of movement\" \/>\n<meta property=\"og:description\" content=\"Interdyscyplinarny projekt \u0142\u0105cz\u0105cy \u015bwiat ta\u0144ca, multimedi\u00f3w i d\u017awi\u0119ku w wielowarstwowej instalacji interaktywnej, w kt\u00f3rej ka\u017cdy z element\u00f3w jest r\u00f3wnoznaczny.\" \/>\n<meta property=\"og:url\" content=\"https:\/\/nck.krakow.pl\/kcc\/spectral-layers-of-movement\/\" \/>\n<meta property=\"og:site_name\" content=\"Krakowskie Centrum Choreograficzne\" \/>\n<meta property=\"article:modified_time\" content=\"2023-04-25T12:59:31+00:00\" \/>\n<meta property=\"og:image\" content=\"https:\/\/nck.krakow.pl\/kcc\/wp-content\/uploads\/2020\/02\/1g\u0142\u00f3wnaKMachniewicz_2017_11_18_KCC_BalletOFF_GWC_SpectralLayersOfMovement_pr\u00f3ba_MG_6264_2print_matte-1024x683.jpg\" \/>\n\t<meta property=\"og:image:width\" content=\"1024\" \/>\n\t<meta property=\"og:image:height\" content=\"683\" \/>\n\t<meta property=\"og:image:type\" content=\"image\/jpeg\" \/>\n<meta name=\"twitter:card\" content=\"summary_large_image\" \/>\n<meta name=\"twitter:label1\" content=\"Est. reading time\" \/>\n\t<meta name=\"twitter:data1\" content=\"3 minuty\" \/>\n<script type=\"application\/ld+json\" class=\"yoast-schema-graph\">{\"@context\":\"https:\/\/schema.org\",\"@graph\":[{\"@type\":\"WebPage\",\"@id\":\"https:\/\/nck.krakow.pl\/kcc\/spectral-layers-of-movement\/\",\"url\":\"https:\/\/nck.krakow.pl\/kcc\/spectral-layers-of-movement\/\",\"name\":\"spectral layers of movement \/ Marcin Janus, Grzegorz Kaliszuk, Agata Mol\u0105g, Marta Wo\u0142owiec, Monika W\u0119grzynowicz - Krakowskie Centrum Choreograficzne\",\"isPartOf\":{\"@id\":\"https:\/\/nck.krakow.pl\/kcc\/#website\"},\"datePublished\":\"2017-12-19T07:53:06+00:00\",\"dateModified\":\"2023-04-25T12:59:31+00:00\",\"breadcrumb\":{\"@id\":\"https:\/\/nck.krakow.pl\/kcc\/spectral-layers-of-movement\/#breadcrumb\"},\"inLanguage\":\"pl-PL\",\"potentialAction\":[{\"@type\":\"ReadAction\",\"target\":[\"https:\/\/nck.krakow.pl\/kcc\/spectral-layers-of-movement\/\"]}]},{\"@type\":\"BreadcrumbList\",\"@id\":\"https:\/\/nck.krakow.pl\/kcc\/spectral-layers-of-movement\/#breadcrumb\",\"itemListElement\":[{\"@type\":\"ListItem\",\"position\":1,\"name\":\"Strona g\u0142\u00f3wna\",\"item\":\"https:\/\/nck.krakow.pl\/kcc\/\"},{\"@type\":\"ListItem\",\"position\":2,\"name\":\"spectral layers of movement \/ Marcin Janus, Grzegorz Kaliszuk, Agata Mol\u0105g, Marta Wo\u0142owiec, Monika W\u0119grzynowicz\"}]},{\"@type\":\"WebSite\",\"@id\":\"https:\/\/nck.krakow.pl\/kcc\/#website\",\"url\":\"https:\/\/nck.krakow.pl\/kcc\/\",\"name\":\"Krakowskie Centrum Choreograficzne\",\"description\":\"\",\"publisher\":{\"@id\":\"https:\/\/nck.krakow.pl\/kcc\/#organization\"},\"potentialAction\":[{\"@type\":\"SearchAction\",\"target\":{\"@type\":\"EntryPoint\",\"urlTemplate\":\"https:\/\/nck.krakow.pl\/kcc\/?s={search_term_string}\"},\"query-input\":\"required name=search_term_string\"}],\"inLanguage\":\"pl-PL\"},{\"@type\":\"Organization\",\"@id\":\"https:\/\/nck.krakow.pl\/kcc\/#organization\",\"name\":\"Krakowskie Centrum Choreograficzne\",\"url\":\"https:\/\/nck.krakow.pl\/kcc\/\",\"logo\":{\"@type\":\"ImageObject\",\"inLanguage\":\"pl-PL\",\"@id\":\"https:\/\/nck.krakow.pl\/kcc\/#\/schema\/logo\/image\/\",\"url\":\"https:\/\/nck.krakow.pl\/kcc\/wp-content\/uploads\/2020\/01\/cropped-logo-kcc-2020.png\",\"contentUrl\":\"https:\/\/nck.krakow.pl\/kcc\/wp-content\/uploads\/2020\/01\/cropped-logo-kcc-2020.png\",\"width\":116,\"height\":55,\"caption\":\"Krakowskie Centrum Choreograficzne\"},\"image\":{\"@id\":\"https:\/\/nck.krakow.pl\/kcc\/#\/schema\/logo\/image\/\"}}]}<\/script>\n<!-- \/ Yoast SEO plugin. -->","yoast_head_json":{"title":"spectral layers of movement \/ Marcin Janus, Grzegorz Kaliszuk, Agata Mol\u0105g, Marta Wo\u0142owiec, Monika W\u0119grzynowicz - Krakowskie Centrum Choreograficzne","robots":{"index":"index","follow":"follow","max-snippet":"max-snippet:-1","max-image-preview":"max-image-preview:large","max-video-preview":"max-video-preview:-1"},"canonical":"https:\/\/nck.krakow.pl\/kcc\/spectral-layers-of-movement\/","og_locale":"pl_PL","og_type":"article","og_title":"spectral layers of movement","og_description":"Interdyscyplinarny projekt \u0142\u0105cz\u0105cy \u015bwiat ta\u0144ca, multimedi\u00f3w i d\u017awi\u0119ku w wielowarstwowej instalacji interaktywnej, w kt\u00f3rej ka\u017cdy z element\u00f3w jest r\u00f3wnoznaczny.","og_url":"https:\/\/nck.krakow.pl\/kcc\/spectral-layers-of-movement\/","og_site_name":"Krakowskie Centrum Choreograficzne","article_modified_time":"2023-04-25T12:59:31+00:00","og_image":[{"width":1024,"height":683,"url":"https:\/\/nck.krakow.pl\/kcc\/wp-content\/uploads\/2020\/02\/1g\u0142\u00f3wnaKMachniewicz_2017_11_18_KCC_BalletOFF_GWC_SpectralLayersOfMovement_pr\u00f3ba_MG_6264_2print_matte-1024x683.jpg","type":"image\/jpeg"}],"twitter_card":"summary_large_image","twitter_misc":{"Est. reading time":"3 minuty"},"schema":{"@context":"https:\/\/schema.org","@graph":[{"@type":"WebPage","@id":"https:\/\/nck.krakow.pl\/kcc\/spectral-layers-of-movement\/","url":"https:\/\/nck.krakow.pl\/kcc\/spectral-layers-of-movement\/","name":"spectral layers of movement \/ Marcin Janus, Grzegorz Kaliszuk, Agata Mol\u0105g, Marta Wo\u0142owiec, Monika W\u0119grzynowicz - Krakowskie Centrum Choreograficzne","isPartOf":{"@id":"https:\/\/nck.krakow.pl\/kcc\/#website"},"datePublished":"2017-12-19T07:53:06+00:00","dateModified":"2023-04-25T12:59:31+00:00","breadcrumb":{"@id":"https:\/\/nck.krakow.pl\/kcc\/spectral-layers-of-movement\/#breadcrumb"},"inLanguage":"pl-PL","potentialAction":[{"@type":"ReadAction","target":["https:\/\/nck.krakow.pl\/kcc\/spectral-layers-of-movement\/"]}]},{"@type":"BreadcrumbList","@id":"https:\/\/nck.krakow.pl\/kcc\/spectral-layers-of-movement\/#breadcrumb","itemListElement":[{"@type":"ListItem","position":1,"name":"Strona g\u0142\u00f3wna","item":"https:\/\/nck.krakow.pl\/kcc\/"},{"@type":"ListItem","position":2,"name":"spectral layers of movement \/ Marcin Janus, Grzegorz Kaliszuk, Agata Mol\u0105g, Marta Wo\u0142owiec, Monika W\u0119grzynowicz"}]},{"@type":"WebSite","@id":"https:\/\/nck.krakow.pl\/kcc\/#website","url":"https:\/\/nck.krakow.pl\/kcc\/","name":"Krakowskie Centrum Choreograficzne","description":"","publisher":{"@id":"https:\/\/nck.krakow.pl\/kcc\/#organization"},"potentialAction":[{"@type":"SearchAction","target":{"@type":"EntryPoint","urlTemplate":"https:\/\/nck.krakow.pl\/kcc\/?s={search_term_string}"},"query-input":"required name=search_term_string"}],"inLanguage":"pl-PL"},{"@type":"Organization","@id":"https:\/\/nck.krakow.pl\/kcc\/#organization","name":"Krakowskie Centrum Choreograficzne","url":"https:\/\/nck.krakow.pl\/kcc\/","logo":{"@type":"ImageObject","inLanguage":"pl-PL","@id":"https:\/\/nck.krakow.pl\/kcc\/#\/schema\/logo\/image\/","url":"https:\/\/nck.krakow.pl\/kcc\/wp-content\/uploads\/2020\/01\/cropped-logo-kcc-2020.png","contentUrl":"https:\/\/nck.krakow.pl\/kcc\/wp-content\/uploads\/2020\/01\/cropped-logo-kcc-2020.png","width":116,"height":55,"caption":"Krakowskie Centrum Choreograficzne"},"image":{"@id":"https:\/\/nck.krakow.pl\/kcc\/#\/schema\/logo\/image\/"}}]}},"_links":{"self":[{"href":"https:\/\/nck.krakow.pl\/kcc\/wp-json\/wp\/v2\/pages\/2603"}],"collection":[{"href":"https:\/\/nck.krakow.pl\/kcc\/wp-json\/wp\/v2\/pages"}],"about":[{"href":"https:\/\/nck.krakow.pl\/kcc\/wp-json\/wp\/v2\/types\/page"}],"author":[{"embeddable":true,"href":"https:\/\/nck.krakow.pl\/kcc\/wp-json\/wp\/v2\/users\/5"}],"replies":[{"embeddable":true,"href":"https:\/\/nck.krakow.pl\/kcc\/wp-json\/wp\/v2\/comments?post=2603"}],"version-history":[{"count":9,"href":"https:\/\/nck.krakow.pl\/kcc\/wp-json\/wp\/v2\/pages\/2603\/revisions"}],"predecessor-version":[{"id":6846,"href":"https:\/\/nck.krakow.pl\/kcc\/wp-json\/wp\/v2\/pages\/2603\/revisions\/6846"}],"wp:attachment":[{"href":"https:\/\/nck.krakow.pl\/kcc\/wp-json\/wp\/v2\/media?parent=2603"}],"curies":[{"name":"wp","href":"https:\/\/api.w.org\/{rel}","templated":true}]}}