{"id":2349,"date":"2017-07-11T09:54:18","date_gmt":"2017-07-11T09:54:18","guid":{"rendered":"http:\/\/nck.krakow.pl\/kcc\/?page_id=2349"},"modified":"2023-04-25T12:59:41","modified_gmt":"2023-04-25T12:59:41","slug":"38c","status":"publish","type":"page","link":"https:\/\/nck.krakow.pl\/kcc\/38c\/","title":{"rendered":"38\u00b0C \/ Grupa Wok\u00f3\u0142 Centrum"},"content":{"rendered":"\n<figure class=\"wp-block-image\"><img loading=\"lazy\" decoding=\"async\" width=\"1024\" height=\"684\" src=\"https:\/\/nck.krakow.pl\/kcc\/wp-content\/uploads\/2020\/02\/1g\u0142\u00f3wnaTC_burza-6-1024x684.jpg\" alt=\"\" class=\"wp-image-4383\" srcset=\"https:\/\/nck.krakow.pl\/kcc\/wp-content\/uploads\/2020\/02\/1g\u0142\u00f3wnaTC_burza-6-1024x684.jpg 1024w, https:\/\/nck.krakow.pl\/kcc\/wp-content\/uploads\/2020\/02\/1g\u0142\u00f3wnaTC_burza-6-300x200.jpg 300w, https:\/\/nck.krakow.pl\/kcc\/wp-content\/uploads\/2020\/02\/1g\u0142\u00f3wnaTC_burza-6-768x513.jpg 768w\" sizes=\"(max-width: 1024px) 100vw, 1024px\" \/><\/figure>\n\n\n\n<div style=\"height:30px\" aria-hidden=\"true\" class=\"wp-block-spacer\"><\/div>\n\n\n\n<h2 class=\"wp-block-heading\">38\u00b0C \/ Grupa Wok\u00f3\u0142 Centrum<\/h2>\n\n\n\n<p><strong>koncepcja i choreografia:<\/strong>&nbsp;Agata Mol\u0105g<br><strong>muzyka:&nbsp;<\/strong>Marcin Janus<br><strong>wykonawcy:<\/strong>&nbsp;Grupa Wok\u00f3\u0142 Centrum \u2013 Agata Mol\u0105g, Monika \u015awieca, Marta Wo\u0142owiec oraz go\u015bcie \u2013 Patryk Durski, Karol Mi\u0119kina, Volodymyr Ryga<br><strong>czas trwania:<\/strong>&nbsp;35\u2019<br><strong>premiera:<\/strong>&nbsp;06.07.2017 na 30. ULICY Mi\u0119dzynarodowym Festiwalu Teatr\u00f3w Ulicznych w Krakowie<\/p>\n\n\n\n<p>Spektakl teatru ta\u0144ca inspirowany powie\u015bci\u0105 Raya Bradbury\u2019ego\n\u201eFahrenheit 451\u201d. W naszej cyfrowej rzeczywisto\u015bci przepe\u0142nionej elektronik\u0105,\ngdzie oknem na \u015bwiat zamiast ksi\u0105\u017cek sta\u0142 si\u0119 internet, trudno tej\nwizjonerskiej powie\u015bci odm\u00f3wi\u0107 aktualno\u015bci. \u0141atwiej nam dzi\u015b znale\u017a\u0107 kontakt z\nekranem ni\u017c z drugim cz\u0142owiekiem. Coraz trudniej radzimy sobie z emocjami.\nDajemy si\u0119 manipulowa\u0107 mediom i gubimy system warto\u015bci.<\/p>\n\n\n\n<p>Literatura i sztuka maj\u0105 ogromn\u0105 moc, potrafi\u0105 wp\u0142ywa\u0107 na \u017cycie\nspo\u0142eczne. Bohater powie\u015bci Bradbury\u2019ego&nbsp;odkrywa, \u017ce bez kontaktu z\nliteratur\u0105 cz\u0142owiek zatraca dusz\u0119.<\/p>\n\n\n\n<p>My chcemy o ni\u0105 zawalczy\u0107 broni\u0105c sztuki, mo\u017cliwo\u015bci jej\nuprawiania jako wyra\u017canie siebie, g\u0142oszenie krytycznego pogl\u0105du na otaczaj\u0105c\u0105\nnas rzeczywisto\u015b\u0107. Taniec staje si\u0119 tu form\u0105 walki, ekstatycznego i bezpo\u015bredniego\nuzewn\u0119trznienia emocji&nbsp;poprzez cia\u0142o \u2013 medium jakim do\u015bwiadczamy \u015bwiat i\nkt\u00f3rym si\u0119 z nim komunikujemy.<\/p>\n\n\n\n<p>Cia\u0142o tak\u017ce, jak papier, potrafi zap\u0142on\u0105\u0107 gor\u0105czk\u0105 w sytuacjach\nkryzysowych.<\/p>\n\n\n\n<figure class=\"wp-block-gallery has-nested-images columns-default is-cropped wp-block-gallery-1 is-layout-flex wp-block-gallery-is-layout-flex\">\n<figure class=\"wp-block-image\"><a href=\"https:\/\/nck.krakow.pl\/kcc\/wp-content\/uploads\/2020\/02\/38C-SIWEK15-05877.jpg\"><img loading=\"lazy\" decoding=\"async\" width=\"1024\" height=\"683\" data-id=\"4461\" src=\"https:\/\/nck.krakow.pl\/kcc\/wp-content\/uploads\/2020\/02\/38C-SIWEK15-05877-1024x683.jpg\" alt=\"\" class=\"wp-image-4461\" srcset=\"https:\/\/nck.krakow.pl\/kcc\/wp-content\/uploads\/2020\/02\/38C-SIWEK15-05877-1024x683.jpg 1024w, https:\/\/nck.krakow.pl\/kcc\/wp-content\/uploads\/2020\/02\/38C-SIWEK15-05877-300x200.jpg 300w, https:\/\/nck.krakow.pl\/kcc\/wp-content\/uploads\/2020\/02\/38C-SIWEK15-05877-768x512.jpg 768w, https:\/\/nck.krakow.pl\/kcc\/wp-content\/uploads\/2020\/02\/38C-SIWEK15-05877.jpg 1200w\" sizes=\"(max-width: 1024px) 100vw, 1024px\" \/><\/a><\/figure>\n\n\n\n<figure class=\"wp-block-image\"><a href=\"https:\/\/nck.krakow.pl\/kcc\/wp-content\/uploads\/2020\/02\/38C-SIWEK16-05887.jpg\"><img loading=\"lazy\" decoding=\"async\" width=\"1024\" height=\"683\" data-id=\"4462\" src=\"https:\/\/nck.krakow.pl\/kcc\/wp-content\/uploads\/2020\/02\/38C-SIWEK16-05887-1024x683.jpg\" alt=\"\" class=\"wp-image-4462\" srcset=\"https:\/\/nck.krakow.pl\/kcc\/wp-content\/uploads\/2020\/02\/38C-SIWEK16-05887-1024x683.jpg 1024w, https:\/\/nck.krakow.pl\/kcc\/wp-content\/uploads\/2020\/02\/38C-SIWEK16-05887-300x200.jpg 300w, https:\/\/nck.krakow.pl\/kcc\/wp-content\/uploads\/2020\/02\/38C-SIWEK16-05887-768x512.jpg 768w, https:\/\/nck.krakow.pl\/kcc\/wp-content\/uploads\/2020\/02\/38C-SIWEK16-05887.jpg 1200w\" sizes=\"(max-width: 1024px) 100vw, 1024px\" \/><\/a><\/figure>\n\n\n\n<figure class=\"wp-block-image\"><a href=\"https:\/\/nck.krakow.pl\/kcc\/wp-content\/uploads\/2020\/02\/38C-SIWEK27-05950.jpg\"><img loading=\"lazy\" decoding=\"async\" width=\"1024\" height=\"683\" data-id=\"4463\" src=\"https:\/\/nck.krakow.pl\/kcc\/wp-content\/uploads\/2020\/02\/38C-SIWEK27-05950-1024x683.jpg\" alt=\"\" class=\"wp-image-4463\" srcset=\"https:\/\/nck.krakow.pl\/kcc\/wp-content\/uploads\/2020\/02\/38C-SIWEK27-05950-1024x683.jpg 1024w, https:\/\/nck.krakow.pl\/kcc\/wp-content\/uploads\/2020\/02\/38C-SIWEK27-05950-300x200.jpg 300w, https:\/\/nck.krakow.pl\/kcc\/wp-content\/uploads\/2020\/02\/38C-SIWEK27-05950-768x512.jpg 768w, https:\/\/nck.krakow.pl\/kcc\/wp-content\/uploads\/2020\/02\/38C-SIWEK27-05950.jpg 1200w\" sizes=\"(max-width: 1024px) 100vw, 1024px\" \/><\/a><\/figure>\n\n\n\n<figure class=\"wp-block-image\"><a href=\"https:\/\/nck.krakow.pl\/kcc\/wp-content\/uploads\/2020\/02\/38C-SIWEK31-05960.jpg\"><img loading=\"lazy\" decoding=\"async\" width=\"1024\" height=\"683\" data-id=\"4464\" src=\"https:\/\/nck.krakow.pl\/kcc\/wp-content\/uploads\/2020\/02\/38C-SIWEK31-05960-1024x683.jpg\" alt=\"\" class=\"wp-image-4464\" srcset=\"https:\/\/nck.krakow.pl\/kcc\/wp-content\/uploads\/2020\/02\/38C-SIWEK31-05960-1024x683.jpg 1024w, https:\/\/nck.krakow.pl\/kcc\/wp-content\/uploads\/2020\/02\/38C-SIWEK31-05960-300x200.jpg 300w, https:\/\/nck.krakow.pl\/kcc\/wp-content\/uploads\/2020\/02\/38C-SIWEK31-05960-768x512.jpg 768w, https:\/\/nck.krakow.pl\/kcc\/wp-content\/uploads\/2020\/02\/38C-SIWEK31-05960.jpg 1200w\" sizes=\"(max-width: 1024px) 100vw, 1024px\" \/><\/a><\/figure>\n\n\n\n<figure class=\"wp-block-image\"><a href=\"https:\/\/nck.krakow.pl\/kcc\/wp-content\/uploads\/2020\/02\/38C-SIWEK33-05974.jpg\"><img loading=\"lazy\" decoding=\"async\" width=\"1024\" height=\"683\" data-id=\"4465\" src=\"https:\/\/nck.krakow.pl\/kcc\/wp-content\/uploads\/2020\/02\/38C-SIWEK33-05974-1024x683.jpg\" alt=\"\" class=\"wp-image-4465\" srcset=\"https:\/\/nck.krakow.pl\/kcc\/wp-content\/uploads\/2020\/02\/38C-SIWEK33-05974-1024x683.jpg 1024w, https:\/\/nck.krakow.pl\/kcc\/wp-content\/uploads\/2020\/02\/38C-SIWEK33-05974-300x200.jpg 300w, https:\/\/nck.krakow.pl\/kcc\/wp-content\/uploads\/2020\/02\/38C-SIWEK33-05974-768x512.jpg 768w, https:\/\/nck.krakow.pl\/kcc\/wp-content\/uploads\/2020\/02\/38C-SIWEK33-05974.jpg 1200w\" sizes=\"(max-width: 1024px) 100vw, 1024px\" \/><\/a><\/figure>\n\n\n\n<figure class=\"wp-block-image\"><a href=\"https:\/\/nck.krakow.pl\/kcc\/wp-content\/uploads\/2020\/02\/38C-SIWEK38-06011.jpg\"><img loading=\"lazy\" decoding=\"async\" width=\"1024\" height=\"683\" data-id=\"4466\" src=\"https:\/\/nck.krakow.pl\/kcc\/wp-content\/uploads\/2020\/02\/38C-SIWEK38-06011-1024x683.jpg\" alt=\"\" class=\"wp-image-4466\" srcset=\"https:\/\/nck.krakow.pl\/kcc\/wp-content\/uploads\/2020\/02\/38C-SIWEK38-06011-1024x683.jpg 1024w, https:\/\/nck.krakow.pl\/kcc\/wp-content\/uploads\/2020\/02\/38C-SIWEK38-06011-300x200.jpg 300w, https:\/\/nck.krakow.pl\/kcc\/wp-content\/uploads\/2020\/02\/38C-SIWEK38-06011-768x512.jpg 768w, https:\/\/nck.krakow.pl\/kcc\/wp-content\/uploads\/2020\/02\/38C-SIWEK38-06011.jpg 1200w\" sizes=\"(max-width: 1024px) 100vw, 1024px\" \/><\/a><\/figure>\n\n\n\n<figure class=\"wp-block-image\"><a href=\"https:\/\/nck.krakow.pl\/kcc\/wp-content\/uploads\/2020\/02\/38C-SIWEK51-06041.jpg\"><img loading=\"lazy\" decoding=\"async\" width=\"1024\" height=\"683\" data-id=\"4467\" src=\"https:\/\/nck.krakow.pl\/kcc\/wp-content\/uploads\/2020\/02\/38C-SIWEK51-06041-1024x683.jpg\" alt=\"\" class=\"wp-image-4467\" srcset=\"https:\/\/nck.krakow.pl\/kcc\/wp-content\/uploads\/2020\/02\/38C-SIWEK51-06041-1024x683.jpg 1024w, https:\/\/nck.krakow.pl\/kcc\/wp-content\/uploads\/2020\/02\/38C-SIWEK51-06041-300x200.jpg 300w, https:\/\/nck.krakow.pl\/kcc\/wp-content\/uploads\/2020\/02\/38C-SIWEK51-06041-768x512.jpg 768w, https:\/\/nck.krakow.pl\/kcc\/wp-content\/uploads\/2020\/02\/38C-SIWEK51-06041.jpg 1200w\" sizes=\"(max-width: 1024px) 100vw, 1024px\" \/><\/a><\/figure>\n\n\n\n<figure class=\"wp-block-image\"><a href=\"https:\/\/nck.krakow.pl\/kcc\/wp-content\/uploads\/2020\/02\/38C-SIWEK78-06125.jpg\"><img loading=\"lazy\" decoding=\"async\" width=\"1024\" height=\"683\" data-id=\"4468\" src=\"https:\/\/nck.krakow.pl\/kcc\/wp-content\/uploads\/2020\/02\/38C-SIWEK78-06125-1024x683.jpg\" alt=\"\" class=\"wp-image-4468\" srcset=\"https:\/\/nck.krakow.pl\/kcc\/wp-content\/uploads\/2020\/02\/38C-SIWEK78-06125-1024x683.jpg 1024w, https:\/\/nck.krakow.pl\/kcc\/wp-content\/uploads\/2020\/02\/38C-SIWEK78-06125-300x200.jpg 300w, https:\/\/nck.krakow.pl\/kcc\/wp-content\/uploads\/2020\/02\/38C-SIWEK78-06125-768x512.jpg 768w, https:\/\/nck.krakow.pl\/kcc\/wp-content\/uploads\/2020\/02\/38C-SIWEK78-06125.jpg 1200w\" sizes=\"(max-width: 1024px) 100vw, 1024px\" \/><\/a><\/figure>\n\n\n\n<figure class=\"wp-block-image\"><a href=\"https:\/\/nck.krakow.pl\/kcc\/wp-content\/uploads\/2020\/02\/38C-SIWEK89-07811.jpg\"><img loading=\"lazy\" decoding=\"async\" width=\"1024\" height=\"683\" data-id=\"4469\" src=\"https:\/\/nck.krakow.pl\/kcc\/wp-content\/uploads\/2020\/02\/38C-SIWEK89-07811-1024x683.jpg\" alt=\"\" class=\"wp-image-4469\" srcset=\"https:\/\/nck.krakow.pl\/kcc\/wp-content\/uploads\/2020\/02\/38C-SIWEK89-07811-1024x683.jpg 1024w, https:\/\/nck.krakow.pl\/kcc\/wp-content\/uploads\/2020\/02\/38C-SIWEK89-07811-300x200.jpg 300w, https:\/\/nck.krakow.pl\/kcc\/wp-content\/uploads\/2020\/02\/38C-SIWEK89-07811-768x512.jpg 768w, https:\/\/nck.krakow.pl\/kcc\/wp-content\/uploads\/2020\/02\/38C-SIWEK89-07811.jpg 1200w\" sizes=\"(max-width: 1024px) 100vw, 1024px\" \/><\/a><\/figure>\n\n\n\n<figure class=\"wp-block-image\"><a href=\"https:\/\/nck.krakow.pl\/kcc\/wp-content\/uploads\/2020\/02\/38C-SIWEK97-07705.jpg\"><img loading=\"lazy\" decoding=\"async\" width=\"1024\" height=\"683\" data-id=\"4470\" src=\"https:\/\/nck.krakow.pl\/kcc\/wp-content\/uploads\/2020\/02\/38C-SIWEK97-07705-1024x683.jpg\" alt=\"\" class=\"wp-image-4470\" srcset=\"https:\/\/nck.krakow.pl\/kcc\/wp-content\/uploads\/2020\/02\/38C-SIWEK97-07705-1024x683.jpg 1024w, https:\/\/nck.krakow.pl\/kcc\/wp-content\/uploads\/2020\/02\/38C-SIWEK97-07705-300x200.jpg 300w, https:\/\/nck.krakow.pl\/kcc\/wp-content\/uploads\/2020\/02\/38C-SIWEK97-07705-768x512.jpg 768w, https:\/\/nck.krakow.pl\/kcc\/wp-content\/uploads\/2020\/02\/38C-SIWEK97-07705.jpg 1200w\" sizes=\"(max-width: 1024px) 100vw, 1024px\" \/><\/a><\/figure>\n\n\n\n<figure class=\"wp-block-image\"><a href=\"https:\/\/nck.krakow.pl\/kcc\/wp-content\/uploads\/2020\/02\/38C-SIWEK99U-07783.jpg\"><img loading=\"lazy\" decoding=\"async\" width=\"1024\" height=\"683\" data-id=\"4471\" src=\"https:\/\/nck.krakow.pl\/kcc\/wp-content\/uploads\/2020\/02\/38C-SIWEK99U-07783-1024x683.jpg\" alt=\"\" class=\"wp-image-4471\" srcset=\"https:\/\/nck.krakow.pl\/kcc\/wp-content\/uploads\/2020\/02\/38C-SIWEK99U-07783-1024x683.jpg 1024w, https:\/\/nck.krakow.pl\/kcc\/wp-content\/uploads\/2020\/02\/38C-SIWEK99U-07783-300x200.jpg 300w, https:\/\/nck.krakow.pl\/kcc\/wp-content\/uploads\/2020\/02\/38C-SIWEK99U-07783-768x512.jpg 768w, https:\/\/nck.krakow.pl\/kcc\/wp-content\/uploads\/2020\/02\/38C-SIWEK99U-07783.jpg 1200w\" sizes=\"(max-width: 1024px) 100vw, 1024px\" \/><\/a><\/figure>\n<\/figure>\n\n\n\n<p>fot. Robert Siwek<\/p>\n","protected":false},"excerpt":{"rendered":"<p>38\u00b0C \/ Grupa Wok\u00f3\u0142 Centrum koncepcja i choreografia:&nbsp;Agata Mol\u0105gmuzyka:&nbsp;Marcin Januswykonawcy:&nbsp;Grupa Wok\u00f3\u0142 Centrum \u2013 Agata Mol\u0105g, Monika \u015awieca, Marta Wo\u0142owiec oraz go\u015bcie \u2013 Patryk Durski, Karol Mi\u0119kina, Volodymyr Rygaczas trwania:&nbsp;35\u2019premiera:&nbsp;06.07.2017 na 30. ULICY Mi\u0119dzynarodowym Festiwalu Teatr\u00f3w Ulicznych w Krakowie Spektakl teatru ta\u0144ca inspirowany powie\u015bci\u0105 Raya Bradbury\u2019ego \u201eFahrenheit 451\u201d. W naszej cyfrowej rzeczywisto\u015bci przepe\u0142nionej elektronik\u0105, gdzie oknem [&hellip;]<\/p>\n","protected":false},"author":1,"featured_media":2350,"parent":0,"menu_order":0,"comment_status":"closed","ping_status":"closed","template":"","meta":{"footnotes":""},"class_list":["post-2349","page","type-page","status-publish","has-post-thumbnail","hentry"],"yoast_head":"<!-- This site is optimized with the Yoast SEO plugin v19.12 - https:\/\/yoast.com\/wordpress\/plugins\/seo\/ -->\n<title>38\u00b0C \/ Grupa Wok\u00f3\u0142 Centrum - Krakowskie Centrum Choreograficzne<\/title>\n<meta name=\"robots\" content=\"index, follow, max-snippet:-1, max-image-preview:large, max-video-preview:-1\" \/>\n<link rel=\"canonical\" href=\"https:\/\/nck.krakow.pl\/kcc\/38c\/\" \/>\n<meta property=\"og:locale\" content=\"pl_PL\" \/>\n<meta property=\"og:type\" content=\"article\" \/>\n<meta property=\"og:title\" content=\"38\u00b0C \/ Grupa Wok\u00f3\u0142 Centrum\" \/>\n<meta property=\"og:description\" content=\"koncepcja i choreografia:\u00a0Agata Mol\u0105g\" \/>\n<meta property=\"og:url\" content=\"https:\/\/nck.krakow.pl\/kcc\/38c\/\" \/>\n<meta property=\"og:site_name\" content=\"Krakowskie Centrum Choreograficzne\" \/>\n<meta property=\"article:modified_time\" content=\"2023-04-25T12:59:41+00:00\" \/>\n<meta property=\"og:image\" content=\"https:\/\/nck.krakow.pl\/kcc\/wp-content\/uploads\/2020\/02\/1g\u0142\u00f3wnaTC_burza-6.jpg\" \/>\n\t<meta property=\"og:image:width\" content=\"4587\" \/>\n\t<meta property=\"og:image:height\" content=\"3062\" \/>\n\t<meta property=\"og:image:type\" content=\"image\/jpeg\" \/>\n<meta name=\"twitter:card\" content=\"summary_large_image\" \/>\n<meta name=\"twitter:label1\" content=\"Est. reading time\" \/>\n\t<meta name=\"twitter:data1\" content=\"4 minuty\" \/>\n<script type=\"application\/ld+json\" class=\"yoast-schema-graph\">{\"@context\":\"https:\/\/schema.org\",\"@graph\":[{\"@type\":\"WebPage\",\"@id\":\"https:\/\/nck.krakow.pl\/kcc\/38c\/\",\"url\":\"https:\/\/nck.krakow.pl\/kcc\/38c\/\",\"name\":\"38\u00b0C \/ Grupa Wok\u00f3\u0142 Centrum - Krakowskie Centrum Choreograficzne\",\"isPartOf\":{\"@id\":\"https:\/\/nck.krakow.pl\/kcc\/#website\"},\"datePublished\":\"2017-07-11T09:54:18+00:00\",\"dateModified\":\"2023-04-25T12:59:41+00:00\",\"breadcrumb\":{\"@id\":\"https:\/\/nck.krakow.pl\/kcc\/38c\/#breadcrumb\"},\"inLanguage\":\"pl-PL\",\"potentialAction\":[{\"@type\":\"ReadAction\",\"target\":[\"https:\/\/nck.krakow.pl\/kcc\/38c\/\"]}]},{\"@type\":\"BreadcrumbList\",\"@id\":\"https:\/\/nck.krakow.pl\/kcc\/38c\/#breadcrumb\",\"itemListElement\":[{\"@type\":\"ListItem\",\"position\":1,\"name\":\"Strona g\u0142\u00f3wna\",\"item\":\"https:\/\/nck.krakow.pl\/kcc\/\"},{\"@type\":\"ListItem\",\"position\":2,\"name\":\"38\u00b0C \/ Grupa Wok\u00f3\u0142 Centrum\"}]},{\"@type\":\"WebSite\",\"@id\":\"https:\/\/nck.krakow.pl\/kcc\/#website\",\"url\":\"https:\/\/nck.krakow.pl\/kcc\/\",\"name\":\"Krakowskie Centrum Choreograficzne\",\"description\":\"\",\"publisher\":{\"@id\":\"https:\/\/nck.krakow.pl\/kcc\/#organization\"},\"potentialAction\":[{\"@type\":\"SearchAction\",\"target\":{\"@type\":\"EntryPoint\",\"urlTemplate\":\"https:\/\/nck.krakow.pl\/kcc\/?s={search_term_string}\"},\"query-input\":\"required name=search_term_string\"}],\"inLanguage\":\"pl-PL\"},{\"@type\":\"Organization\",\"@id\":\"https:\/\/nck.krakow.pl\/kcc\/#organization\",\"name\":\"Krakowskie Centrum Choreograficzne\",\"url\":\"https:\/\/nck.krakow.pl\/kcc\/\",\"logo\":{\"@type\":\"ImageObject\",\"inLanguage\":\"pl-PL\",\"@id\":\"https:\/\/nck.krakow.pl\/kcc\/#\/schema\/logo\/image\/\",\"url\":\"https:\/\/nck.krakow.pl\/kcc\/wp-content\/uploads\/2020\/01\/cropped-logo-kcc-2020.png\",\"contentUrl\":\"https:\/\/nck.krakow.pl\/kcc\/wp-content\/uploads\/2020\/01\/cropped-logo-kcc-2020.png\",\"width\":116,\"height\":55,\"caption\":\"Krakowskie Centrum Choreograficzne\"},\"image\":{\"@id\":\"https:\/\/nck.krakow.pl\/kcc\/#\/schema\/logo\/image\/\"}}]}<\/script>\n<!-- \/ Yoast SEO plugin. -->","yoast_head_json":{"title":"38\u00b0C \/ Grupa Wok\u00f3\u0142 Centrum - Krakowskie Centrum Choreograficzne","robots":{"index":"index","follow":"follow","max-snippet":"max-snippet:-1","max-image-preview":"max-image-preview:large","max-video-preview":"max-video-preview:-1"},"canonical":"https:\/\/nck.krakow.pl\/kcc\/38c\/","og_locale":"pl_PL","og_type":"article","og_title":"38\u00b0C \/ Grupa Wok\u00f3\u0142 Centrum","og_description":"koncepcja i choreografia:\u00a0Agata Mol\u0105g","og_url":"https:\/\/nck.krakow.pl\/kcc\/38c\/","og_site_name":"Krakowskie Centrum Choreograficzne","article_modified_time":"2023-04-25T12:59:41+00:00","og_image":[{"width":4587,"height":3062,"url":"https:\/\/nck.krakow.pl\/kcc\/wp-content\/uploads\/2020\/02\/1g\u0142\u00f3wnaTC_burza-6.jpg","type":"image\/jpeg"}],"twitter_card":"summary_large_image","twitter_misc":{"Est. reading time":"4 minuty"},"schema":{"@context":"https:\/\/schema.org","@graph":[{"@type":"WebPage","@id":"https:\/\/nck.krakow.pl\/kcc\/38c\/","url":"https:\/\/nck.krakow.pl\/kcc\/38c\/","name":"38\u00b0C \/ Grupa Wok\u00f3\u0142 Centrum - Krakowskie Centrum Choreograficzne","isPartOf":{"@id":"https:\/\/nck.krakow.pl\/kcc\/#website"},"datePublished":"2017-07-11T09:54:18+00:00","dateModified":"2023-04-25T12:59:41+00:00","breadcrumb":{"@id":"https:\/\/nck.krakow.pl\/kcc\/38c\/#breadcrumb"},"inLanguage":"pl-PL","potentialAction":[{"@type":"ReadAction","target":["https:\/\/nck.krakow.pl\/kcc\/38c\/"]}]},{"@type":"BreadcrumbList","@id":"https:\/\/nck.krakow.pl\/kcc\/38c\/#breadcrumb","itemListElement":[{"@type":"ListItem","position":1,"name":"Strona g\u0142\u00f3wna","item":"https:\/\/nck.krakow.pl\/kcc\/"},{"@type":"ListItem","position":2,"name":"38\u00b0C \/ Grupa Wok\u00f3\u0142 Centrum"}]},{"@type":"WebSite","@id":"https:\/\/nck.krakow.pl\/kcc\/#website","url":"https:\/\/nck.krakow.pl\/kcc\/","name":"Krakowskie Centrum Choreograficzne","description":"","publisher":{"@id":"https:\/\/nck.krakow.pl\/kcc\/#organization"},"potentialAction":[{"@type":"SearchAction","target":{"@type":"EntryPoint","urlTemplate":"https:\/\/nck.krakow.pl\/kcc\/?s={search_term_string}"},"query-input":"required name=search_term_string"}],"inLanguage":"pl-PL"},{"@type":"Organization","@id":"https:\/\/nck.krakow.pl\/kcc\/#organization","name":"Krakowskie Centrum Choreograficzne","url":"https:\/\/nck.krakow.pl\/kcc\/","logo":{"@type":"ImageObject","inLanguage":"pl-PL","@id":"https:\/\/nck.krakow.pl\/kcc\/#\/schema\/logo\/image\/","url":"https:\/\/nck.krakow.pl\/kcc\/wp-content\/uploads\/2020\/01\/cropped-logo-kcc-2020.png","contentUrl":"https:\/\/nck.krakow.pl\/kcc\/wp-content\/uploads\/2020\/01\/cropped-logo-kcc-2020.png","width":116,"height":55,"caption":"Krakowskie Centrum Choreograficzne"},"image":{"@id":"https:\/\/nck.krakow.pl\/kcc\/#\/schema\/logo\/image\/"}}]}},"_links":{"self":[{"href":"https:\/\/nck.krakow.pl\/kcc\/wp-json\/wp\/v2\/pages\/2349"}],"collection":[{"href":"https:\/\/nck.krakow.pl\/kcc\/wp-json\/wp\/v2\/pages"}],"about":[{"href":"https:\/\/nck.krakow.pl\/kcc\/wp-json\/wp\/v2\/types\/page"}],"author":[{"embeddable":true,"href":"https:\/\/nck.krakow.pl\/kcc\/wp-json\/wp\/v2\/users\/1"}],"replies":[{"embeddable":true,"href":"https:\/\/nck.krakow.pl\/kcc\/wp-json\/wp\/v2\/comments?post=2349"}],"version-history":[{"count":12,"href":"https:\/\/nck.krakow.pl\/kcc\/wp-json\/wp\/v2\/pages\/2349\/revisions"}],"predecessor-version":[{"id":6847,"href":"https:\/\/nck.krakow.pl\/kcc\/wp-json\/wp\/v2\/pages\/2349\/revisions\/6847"}],"wp:featuredmedia":[{"embeddable":true,"href":"https:\/\/nck.krakow.pl\/kcc\/wp-json\/wp\/v2\/media\/2350"}],"wp:attachment":[{"href":"https:\/\/nck.krakow.pl\/kcc\/wp-json\/wp\/v2\/media?parent=2349"}],"curies":[{"name":"wp","href":"https:\/\/api.w.org\/{rel}","templated":true}]}}