{"id":2181,"date":"2017-05-31T05:59:17","date_gmt":"2017-05-31T05:59:17","guid":{"rendered":"http:\/\/nck.krakow.pl\/kcc\/?page_id=2181"},"modified":"2023-04-25T13:00:17","modified_gmt":"2023-04-25T13:00:17","slug":"placzki-grupa-wokol-centrum","status":"publish","type":"page","link":"https:\/\/nck.krakow.pl\/kcc\/placzki-grupa-wokol-centrum\/","title":{"rendered":"P\u0142aczki \/ Grupa Wok\u00f3\u0142 Centrum"},"content":{"rendered":"\n<figure class=\"wp-block-image\"><img loading=\"lazy\" decoding=\"async\" width=\"1024\" height=\"684\" src=\"https:\/\/nck.krakow.pl\/kcc\/wp-content\/uploads\/2020\/02\/1g\u0142\u00f3wnaDSC_4188_fot_klaudyna_schubert-1024x684.jpg\" alt=\"\" class=\"wp-image-4388\" srcset=\"https:\/\/nck.krakow.pl\/kcc\/wp-content\/uploads\/2020\/02\/1g\u0142\u00f3wnaDSC_4188_fot_klaudyna_schubert-1024x684.jpg 1024w, https:\/\/nck.krakow.pl\/kcc\/wp-content\/uploads\/2020\/02\/1g\u0142\u00f3wnaDSC_4188_fot_klaudyna_schubert-300x200.jpg 300w, https:\/\/nck.krakow.pl\/kcc\/wp-content\/uploads\/2020\/02\/1g\u0142\u00f3wnaDSC_4188_fot_klaudyna_schubert-768x513.jpg 768w, https:\/\/nck.krakow.pl\/kcc\/wp-content\/uploads\/2020\/02\/1g\u0142\u00f3wnaDSC_4188_fot_klaudyna_schubert.jpg 1200w\" sizes=\"(max-width: 1024px) 100vw, 1024px\" \/><\/figure>\n\n\n\n<div style=\"height:30px\" aria-hidden=\"true\" class=\"wp-block-spacer\"><\/div>\n\n\n\n<h2 class=\"wp-block-heading\">P\u0142aczki \/ Grupa Wok\u00f3\u0142 Centrum<\/h2>\n\n\n\n<div style=\"height:20px\" aria-hidden=\"true\" class=\"wp-block-spacer\"><\/div>\n\n\n\n<p>wersja\nsceniczna<\/p>\n\n\n\n<p><strong>ta\u0144cz\u0105:<\/strong>&nbsp;Agata Mol\u0105g, Monika \u015awieca, Marta Wo\u0142owiec<br><strong>koncepcja i choreografia:<\/strong>&nbsp;Agata Mol\u0105g<br><strong>premiera:<\/strong>&nbsp;13 marca 2016<br><strong>producent:<\/strong>&nbsp;Nowohuckie Centrum Kultury \u2013 Krakowskie Centrum Choreograficzne<br>SPEKTAKL W REPERTUARZE POLSKIEJ SIECI TA\u0143CA w 2018 roku<\/p>\n\n\n\n<div style=\"height:20px\" aria-hidden=\"true\" class=\"wp-block-spacer\"><\/div>\n\n\n\n<p>wersja\nuliczna<\/p>\n\n\n\n<p><strong>ta\u0144cz\u0105:<\/strong>&nbsp;Agata Mol\u0105g, Monika \u015awieca, Marta Wo\u0142owiec, Anna Chmiel-Kowalska, Kinga Lis, Justyna W\u00f3jcik<br><strong>koncepcja i choreografia:<\/strong>&nbsp;Agata Mol\u0105g<br><strong>premiera:<\/strong>&nbsp;17 wrze\u015bnia 2016 w ramach Krakowskiej Nocy Teatr\u00f3w<\/p>\n\n\n\n<div style=\"height:20px\" aria-hidden=\"true\" class=\"wp-block-spacer\"><\/div>\n\n\n\n<p>Beksa.<br>P\u0142acze-nie-becze!<br>\u017be a\u017c tchu brak.<br>Takie \u017cycie.<br>Taki zaw\u00f3d.<br>Czasem po prostu nie chce si\u0119 z nikim gada\u0107.<br>Czasem b\u00f3l jest zbyt silny.<br>Wszystko si\u0119 ju\u017c sta\u0142o, tego ju\u017c nie zmienisz.<br>Rycz!<br>I daj \u017cy\u0107 innym.<br>Profesjonalnie. Na pokaz.<br>Lament. Histeria. Szloch.<br>\u017be och!<\/p>\n\n\n\n<p>Martwisz\nsi\u0119 czasem czy \u201eTwoje \u017cycie co\u015b znaczy\u201d? Co po sobie zostawisz? I kto za Tob\u0105\nzap\u0142acze? Nic si\u0119 nie martw! Za\u0142atwi si\u0119. Takich.<\/p>\n\n\n\n<div style=\"height:20px\" aria-hidden=\"true\" class=\"wp-block-spacer\"><\/div>\n\n\n\n<p><strong>RECENZJE:<\/strong><\/p>\n\n\n\n<p><a href=\"http:\/\/taniecpolska.pl\/krytyka\/349\" target=\"_blank\" rel=\"noreferrer noopener\" aria-label=\" (otwiera si\u0119 na nowej zak\u0142adce)\">http:\/\/taniecpolska.pl\/krytyka\/349<\/a>&nbsp;<br>autor:&nbsp;Alicja M\u00fcller, 6.06.2016<\/p>\n\n\n\n<p><a href=\"https:\/\/pieonthecherry.wordpress.com\/2016\/03\/21\/review-around-centre-groups-mourners\/\" target=\"_blank\" rel=\"noreferrer noopener\" aria-label=\" (otwiera si\u0119 na nowej zak\u0142adce)\">https:\/\/pieonthecherry.wordpress.com\/2016\/03\/21\/review-around-centre-groups-mourners\/<\/a>&nbsp;<br>autor: Liliana Guevara Opi\u0144ska<\/p>\n\n\n\n<p><a href=\"http:\/\/teatrdlawas.pl\/artykuly\/873-placzki-smieszki\" target=\"_blank\" rel=\"noreferrer noopener\" aria-label=\" (otwiera si\u0119 na nowej zak\u0142adce)\">http:\/\/teatrdlawas.pl\/artykuly\/873-placzki-smieszki<\/a>&nbsp;<br>autor: Judyta Pogonowicz<\/p>\n\n\n\n<p><a href=\"http:\/\/www.teatralia.com.pl\/nie-rycz-mala-nie-rycz-placzki\/\" target=\"_blank\" rel=\"noreferrer noopener\" aria-label=\" (otwiera si\u0119 na nowej zak\u0142adce)\">http:\/\/www.teatralia.com.pl\/nie-rycz-mala-nie-rycz-placzki\/<\/a>&nbsp;<br>autor: Aleksandra Spilkowska<\/p>\n\n\n\n<div style=\"height:20px\" aria-hidden=\"true\" class=\"wp-block-spacer\"><\/div>\n\n\n\n<figure class=\"wp-block-gallery has-nested-images columns-default is-cropped wp-block-gallery-1 is-layout-flex wp-block-gallery-is-layout-flex\">\n<figure class=\"wp-block-image\"><a href=\"https:\/\/nck.krakow.pl\/kcc\/wp-content\/uploads\/2020\/02\/1g\u0142\u00f3wnaDSC_4188_fot_klaudyna_schubert-1.jpg\"><img loading=\"lazy\" decoding=\"async\" width=\"1024\" height=\"684\" data-id=\"4389\" src=\"https:\/\/nck.krakow.pl\/kcc\/wp-content\/uploads\/2020\/02\/1g\u0142\u00f3wnaDSC_4188_fot_klaudyna_schubert-1-1024x684.jpg\" alt=\"\" class=\"wp-image-4389\" srcset=\"https:\/\/nck.krakow.pl\/kcc\/wp-content\/uploads\/2020\/02\/1g\u0142\u00f3wnaDSC_4188_fot_klaudyna_schubert-1-1024x684.jpg 1024w, https:\/\/nck.krakow.pl\/kcc\/wp-content\/uploads\/2020\/02\/1g\u0142\u00f3wnaDSC_4188_fot_klaudyna_schubert-1-300x200.jpg 300w, https:\/\/nck.krakow.pl\/kcc\/wp-content\/uploads\/2020\/02\/1g\u0142\u00f3wnaDSC_4188_fot_klaudyna_schubert-1-768x513.jpg 768w, https:\/\/nck.krakow.pl\/kcc\/wp-content\/uploads\/2020\/02\/1g\u0142\u00f3wnaDSC_4188_fot_klaudyna_schubert-1.jpg 1200w\" sizes=\"(max-width: 1024px) 100vw, 1024px\" \/><\/a><\/figure>\n\n\n\n<figure class=\"wp-block-image\"><a href=\"https:\/\/nck.krakow.pl\/kcc\/wp-content\/uploads\/2020\/02\/1g\u0142\u00f3wnaDSC_4396_fot_klaudyna_schubert.jpg\"><img loading=\"lazy\" decoding=\"async\" width=\"1024\" height=\"684\" data-id=\"4390\" src=\"https:\/\/nck.krakow.pl\/kcc\/wp-content\/uploads\/2020\/02\/1g\u0142\u00f3wnaDSC_4396_fot_klaudyna_schubert-1024x684.jpg\" alt=\"\" class=\"wp-image-4390\" srcset=\"https:\/\/nck.krakow.pl\/kcc\/wp-content\/uploads\/2020\/02\/1g\u0142\u00f3wnaDSC_4396_fot_klaudyna_schubert-1024x684.jpg 1024w, https:\/\/nck.krakow.pl\/kcc\/wp-content\/uploads\/2020\/02\/1g\u0142\u00f3wnaDSC_4396_fot_klaudyna_schubert-300x200.jpg 300w, https:\/\/nck.krakow.pl\/kcc\/wp-content\/uploads\/2020\/02\/1g\u0142\u00f3wnaDSC_4396_fot_klaudyna_schubert-768x513.jpg 768w, https:\/\/nck.krakow.pl\/kcc\/wp-content\/uploads\/2020\/02\/1g\u0142\u00f3wnaDSC_4396_fot_klaudyna_schubert.jpg 1200w\" sizes=\"(max-width: 1024px) 100vw, 1024px\" \/><\/a><\/figure>\n\n\n\n<figure class=\"wp-block-image\"><a href=\"https:\/\/nck.krakow.pl\/kcc\/wp-content\/uploads\/2020\/02\/DSC_4225_fot_klaudyna_schubert.jpg\"><img loading=\"lazy\" decoding=\"async\" width=\"1024\" height=\"684\" data-id=\"4391\" src=\"https:\/\/nck.krakow.pl\/kcc\/wp-content\/uploads\/2020\/02\/DSC_4225_fot_klaudyna_schubert-1024x684.jpg\" alt=\"\" class=\"wp-image-4391\" srcset=\"https:\/\/nck.krakow.pl\/kcc\/wp-content\/uploads\/2020\/02\/DSC_4225_fot_klaudyna_schubert-1024x684.jpg 1024w, https:\/\/nck.krakow.pl\/kcc\/wp-content\/uploads\/2020\/02\/DSC_4225_fot_klaudyna_schubert-300x200.jpg 300w, https:\/\/nck.krakow.pl\/kcc\/wp-content\/uploads\/2020\/02\/DSC_4225_fot_klaudyna_schubert-768x513.jpg 768w, https:\/\/nck.krakow.pl\/kcc\/wp-content\/uploads\/2020\/02\/DSC_4225_fot_klaudyna_schubert.jpg 1200w\" sizes=\"(max-width: 1024px) 100vw, 1024px\" \/><\/a><\/figure>\n\n\n\n<figure class=\"wp-block-image\"><a href=\"https:\/\/nck.krakow.pl\/kcc\/wp-content\/uploads\/2020\/02\/DSC_4276_fot_klaudyna_schubert.jpg\"><img loading=\"lazy\" decoding=\"async\" width=\"1024\" height=\"684\" data-id=\"4392\" src=\"https:\/\/nck.krakow.pl\/kcc\/wp-content\/uploads\/2020\/02\/DSC_4276_fot_klaudyna_schubert-1024x684.jpg\" alt=\"\" class=\"wp-image-4392\" srcset=\"https:\/\/nck.krakow.pl\/kcc\/wp-content\/uploads\/2020\/02\/DSC_4276_fot_klaudyna_schubert-1024x684.jpg 1024w, https:\/\/nck.krakow.pl\/kcc\/wp-content\/uploads\/2020\/02\/DSC_4276_fot_klaudyna_schubert-300x200.jpg 300w, https:\/\/nck.krakow.pl\/kcc\/wp-content\/uploads\/2020\/02\/DSC_4276_fot_klaudyna_schubert-768x513.jpg 768w, https:\/\/nck.krakow.pl\/kcc\/wp-content\/uploads\/2020\/02\/DSC_4276_fot_klaudyna_schubert.jpg 1200w\" sizes=\"(max-width: 1024px) 100vw, 1024px\" \/><\/a><\/figure>\n\n\n\n<figure class=\"wp-block-image\"><a href=\"https:\/\/nck.krakow.pl\/kcc\/wp-content\/uploads\/2020\/02\/DSC_4656_fot_klaudyna_schubert.jpg\"><img loading=\"lazy\" decoding=\"async\" width=\"1024\" height=\"684\" data-id=\"4393\" src=\"https:\/\/nck.krakow.pl\/kcc\/wp-content\/uploads\/2020\/02\/DSC_4656_fot_klaudyna_schubert-1024x684.jpg\" alt=\"\" class=\"wp-image-4393\" srcset=\"https:\/\/nck.krakow.pl\/kcc\/wp-content\/uploads\/2020\/02\/DSC_4656_fot_klaudyna_schubert-1024x684.jpg 1024w, https:\/\/nck.krakow.pl\/kcc\/wp-content\/uploads\/2020\/02\/DSC_4656_fot_klaudyna_schubert-300x200.jpg 300w, https:\/\/nck.krakow.pl\/kcc\/wp-content\/uploads\/2020\/02\/DSC_4656_fot_klaudyna_schubert-768x513.jpg 768w, https:\/\/nck.krakow.pl\/kcc\/wp-content\/uploads\/2020\/02\/DSC_4656_fot_klaudyna_schubert.jpg 1200w\" sizes=\"(max-width: 1024px) 100vw, 1024px\" \/><\/a><\/figure>\n\n\n\n<figure class=\"wp-block-image\"><a href=\"https:\/\/nck.krakow.pl\/kcc\/wp-content\/uploads\/2020\/02\/DSC_9219\u0106wiertnia.jpg\"><img loading=\"lazy\" decoding=\"async\" width=\"1024\" height=\"684\" data-id=\"4394\" src=\"https:\/\/nck.krakow.pl\/kcc\/wp-content\/uploads\/2020\/02\/DSC_9219\u0106wiertnia-1024x684.jpg\" alt=\"\" class=\"wp-image-4394\" srcset=\"https:\/\/nck.krakow.pl\/kcc\/wp-content\/uploads\/2020\/02\/DSC_9219\u0106wiertnia-1024x684.jpg 1024w, https:\/\/nck.krakow.pl\/kcc\/wp-content\/uploads\/2020\/02\/DSC_9219\u0106wiertnia-300x200.jpg 300w, https:\/\/nck.krakow.pl\/kcc\/wp-content\/uploads\/2020\/02\/DSC_9219\u0106wiertnia-768x513.jpg 768w, https:\/\/nck.krakow.pl\/kcc\/wp-content\/uploads\/2020\/02\/DSC_9219\u0106wiertnia.jpg 1200w\" sizes=\"(max-width: 1024px) 100vw, 1024px\" \/><\/a><\/figure>\n\n\n\n<figure class=\"wp-block-image\"><a href=\"https:\/\/nck.krakow.pl\/kcc\/wp-content\/uploads\/2020\/02\/DSC_9258\u0106wiertnia.jpg\"><img loading=\"lazy\" decoding=\"async\" width=\"1024\" height=\"684\" data-id=\"4395\" src=\"https:\/\/nck.krakow.pl\/kcc\/wp-content\/uploads\/2020\/02\/DSC_9258\u0106wiertnia-1024x684.jpg\" alt=\"\" class=\"wp-image-4395\" srcset=\"https:\/\/nck.krakow.pl\/kcc\/wp-content\/uploads\/2020\/02\/DSC_9258\u0106wiertnia-1024x684.jpg 1024w, https:\/\/nck.krakow.pl\/kcc\/wp-content\/uploads\/2020\/02\/DSC_9258\u0106wiertnia-300x200.jpg 300w, https:\/\/nck.krakow.pl\/kcc\/wp-content\/uploads\/2020\/02\/DSC_9258\u0106wiertnia-768x513.jpg 768w, https:\/\/nck.krakow.pl\/kcc\/wp-content\/uploads\/2020\/02\/DSC_9258\u0106wiertnia.jpg 1200w\" sizes=\"(max-width: 1024px) 100vw, 1024px\" \/><\/a><\/figure>\n\n\n\n<figure class=\"wp-block-image\"><a href=\"https:\/\/nck.krakow.pl\/kcc\/wp-content\/uploads\/2020\/02\/DSC_9382-\u0106wietnia.jpg\"><img loading=\"lazy\" decoding=\"async\" width=\"1024\" height=\"684\" data-id=\"4396\" src=\"https:\/\/nck.krakow.pl\/kcc\/wp-content\/uploads\/2020\/02\/DSC_9382-\u0106wietnia-1024x684.jpg\" alt=\"\" class=\"wp-image-4396\" srcset=\"https:\/\/nck.krakow.pl\/kcc\/wp-content\/uploads\/2020\/02\/DSC_9382-\u0106wietnia-1024x684.jpg 1024w, https:\/\/nck.krakow.pl\/kcc\/wp-content\/uploads\/2020\/02\/DSC_9382-\u0106wietnia-300x200.jpg 300w, https:\/\/nck.krakow.pl\/kcc\/wp-content\/uploads\/2020\/02\/DSC_9382-\u0106wietnia-768x513.jpg 768w, https:\/\/nck.krakow.pl\/kcc\/wp-content\/uploads\/2020\/02\/DSC_9382-\u0106wietnia.jpg 1200w\" sizes=\"(max-width: 1024px) 100vw, 1024px\" \/><\/a><\/figure>\n\n\n\n<figure class=\"wp-block-image\"><a href=\"https:\/\/nck.krakow.pl\/kcc\/wp-content\/uploads\/2020\/02\/DSC_9418\u0106wiertnia.jpg\"><img loading=\"lazy\" decoding=\"async\" width=\"1024\" height=\"684\" data-id=\"4397\" src=\"https:\/\/nck.krakow.pl\/kcc\/wp-content\/uploads\/2020\/02\/DSC_9418\u0106wiertnia-1024x684.jpg\" alt=\"\" class=\"wp-image-4397\" srcset=\"https:\/\/nck.krakow.pl\/kcc\/wp-content\/uploads\/2020\/02\/DSC_9418\u0106wiertnia-1024x684.jpg 1024w, https:\/\/nck.krakow.pl\/kcc\/wp-content\/uploads\/2020\/02\/DSC_9418\u0106wiertnia-300x200.jpg 300w, https:\/\/nck.krakow.pl\/kcc\/wp-content\/uploads\/2020\/02\/DSC_9418\u0106wiertnia-768x513.jpg 768w, https:\/\/nck.krakow.pl\/kcc\/wp-content\/uploads\/2020\/02\/DSC_9418\u0106wiertnia.jpg 1200w\" sizes=\"(max-width: 1024px) 100vw, 1024px\" \/><\/a><\/figure>\n\n\n\n<figure class=\"wp-block-image\"><a href=\"https:\/\/nck.krakow.pl\/kcc\/wp-content\/uploads\/2020\/02\/DSC_9468\u0106wiertnia.jpg\"><img loading=\"lazy\" decoding=\"async\" width=\"1024\" height=\"684\" data-id=\"4398\" src=\"https:\/\/nck.krakow.pl\/kcc\/wp-content\/uploads\/2020\/02\/DSC_9468\u0106wiertnia-1024x684.jpg\" alt=\"\" class=\"wp-image-4398\" srcset=\"https:\/\/nck.krakow.pl\/kcc\/wp-content\/uploads\/2020\/02\/DSC_9468\u0106wiertnia-1024x684.jpg 1024w, https:\/\/nck.krakow.pl\/kcc\/wp-content\/uploads\/2020\/02\/DSC_9468\u0106wiertnia-300x200.jpg 300w, https:\/\/nck.krakow.pl\/kcc\/wp-content\/uploads\/2020\/02\/DSC_9468\u0106wiertnia-768x513.jpg 768w, https:\/\/nck.krakow.pl\/kcc\/wp-content\/uploads\/2020\/02\/DSC_9468\u0106wiertnia.jpg 1200w\" sizes=\"(max-width: 1024px) 100vw, 1024px\" \/><\/a><\/figure>\n\n\n\n<figure class=\"wp-block-image\"><a href=\"https:\/\/nck.krakow.pl\/kcc\/wp-content\/uploads\/2020\/02\/DSC_9471\u0106wiertnia.jpg\"><img loading=\"lazy\" decoding=\"async\" width=\"1024\" height=\"684\" data-id=\"4399\" src=\"https:\/\/nck.krakow.pl\/kcc\/wp-content\/uploads\/2020\/02\/DSC_9471\u0106wiertnia-1024x684.jpg\" alt=\"\" class=\"wp-image-4399\" srcset=\"https:\/\/nck.krakow.pl\/kcc\/wp-content\/uploads\/2020\/02\/DSC_9471\u0106wiertnia-1024x684.jpg 1024w, https:\/\/nck.krakow.pl\/kcc\/wp-content\/uploads\/2020\/02\/DSC_9471\u0106wiertnia-300x200.jpg 300w, https:\/\/nck.krakow.pl\/kcc\/wp-content\/uploads\/2020\/02\/DSC_9471\u0106wiertnia-768x513.jpg 768w, https:\/\/nck.krakow.pl\/kcc\/wp-content\/uploads\/2020\/02\/DSC_9471\u0106wiertnia.jpg 1200w\" sizes=\"(max-width: 1024px) 100vw, 1024px\" \/><\/a><\/figure>\n\n\n\n<figure class=\"wp-block-image\"><a href=\"https:\/\/nck.krakow.pl\/kcc\/wp-content\/uploads\/2020\/02\/DSC_9536-\u0106wiertnia.jpg\"><img loading=\"lazy\" decoding=\"async\" width=\"1024\" height=\"684\" data-id=\"4400\" src=\"https:\/\/nck.krakow.pl\/kcc\/wp-content\/uploads\/2020\/02\/DSC_9536-\u0106wiertnia-1024x684.jpg\" alt=\"\" class=\"wp-image-4400\" srcset=\"https:\/\/nck.krakow.pl\/kcc\/wp-content\/uploads\/2020\/02\/DSC_9536-\u0106wiertnia-1024x684.jpg 1024w, https:\/\/nck.krakow.pl\/kcc\/wp-content\/uploads\/2020\/02\/DSC_9536-\u0106wiertnia-300x200.jpg 300w, https:\/\/nck.krakow.pl\/kcc\/wp-content\/uploads\/2020\/02\/DSC_9536-\u0106wiertnia-768x513.jpg 768w, https:\/\/nck.krakow.pl\/kcc\/wp-content\/uploads\/2020\/02\/DSC_9536-\u0106wiertnia.jpg 1200w\" sizes=\"(max-width: 1024px) 100vw, 1024px\" \/><\/a><\/figure>\n<\/figure>\n\n\n\n<p>foto: Joanna Urbaniec, Marcin Pawelec, Marcin \u015amieszek, Robert Siwek, Agnieszka Bieda,&nbsp;Tomasz \u0106wiertnia<\/p>\n","protected":false},"excerpt":{"rendered":"<p>P\u0142aczki \/ Grupa Wok\u00f3\u0142 Centrum wersja sceniczna ta\u0144cz\u0105:&nbsp;Agata Mol\u0105g, Monika \u015awieca, Marta Wo\u0142owieckoncepcja i choreografia:&nbsp;Agata Mol\u0105gpremiera:&nbsp;13 marca 2016producent:&nbsp;Nowohuckie Centrum Kultury \u2013 Krakowskie Centrum ChoreograficzneSPEKTAKL W REPERTUARZE POLSKIEJ SIECI TA\u0143CA w 2018 roku wersja uliczna ta\u0144cz\u0105:&nbsp;Agata Mol\u0105g, Monika \u015awieca, Marta Wo\u0142owiec, Anna Chmiel-Kowalska, Kinga Lis, Justyna W\u00f3jcikkoncepcja i choreografia:&nbsp;Agata Mol\u0105gpremiera:&nbsp;17 wrze\u015bnia 2016 w ramach Krakowskiej Nocy [&hellip;]<\/p>\n","protected":false},"author":5,"featured_media":0,"parent":0,"menu_order":0,"comment_status":"closed","ping_status":"closed","template":"","meta":{"footnotes":""},"class_list":["post-2181","page","type-page","status-publish","hentry"],"yoast_head":"<!-- This site is optimized with the Yoast SEO plugin v19.12 - https:\/\/yoast.com\/wordpress\/plugins\/seo\/ -->\n<title>P\u0142aczki \/ Grupa Wok\u00f3\u0142 Centrum - Krakowskie Centrum Choreograficzne<\/title>\n<meta name=\"robots\" content=\"index, follow, max-snippet:-1, max-image-preview:large, max-video-preview:-1\" \/>\n<link rel=\"canonical\" href=\"https:\/\/nck.krakow.pl\/kcc\/placzki-grupa-wokol-centrum\/\" \/>\n<meta property=\"og:locale\" content=\"pl_PL\" \/>\n<meta property=\"og:type\" content=\"article\" \/>\n<meta property=\"og:title\" content=\"P\u0142aczki \/ Grupa Wok\u00f3\u0142 Centrum\" \/>\n<meta property=\"og:description\" content=\"Martwisz si\u0119 czasem czy \u201eTwoje \u017cycie co\u015b znaczy\u201d? Co po sobie zostawisz? I kto za Tob\u0105 zap\u0142acze? Nic si\u0119 nie martw! Za\u0142atwi si\u0119. Takich.\" \/>\n<meta property=\"og:url\" content=\"https:\/\/nck.krakow.pl\/kcc\/placzki-grupa-wokol-centrum\/\" \/>\n<meta property=\"og:site_name\" content=\"Krakowskie Centrum Choreograficzne\" \/>\n<meta property=\"article:modified_time\" content=\"2023-04-25T13:00:17+00:00\" \/>\n<meta property=\"og:image\" content=\"https:\/\/nck.krakow.pl\/kcc\/wp-content\/uploads\/2020\/02\/1g\u0142\u00f3wnaDSC_4188_fot_klaudyna_schubert.jpg\" \/>\n\t<meta property=\"og:image:width\" content=\"1200\" \/>\n\t<meta property=\"og:image:height\" content=\"801\" \/>\n\t<meta property=\"og:image:type\" content=\"image\/jpeg\" \/>\n<meta name=\"twitter:card\" content=\"summary_large_image\" \/>\n<meta name=\"twitter:label1\" content=\"Est. reading time\" \/>\n\t<meta name=\"twitter:data1\" content=\"4 minuty\" \/>\n<script type=\"application\/ld+json\" class=\"yoast-schema-graph\">{\"@context\":\"https:\/\/schema.org\",\"@graph\":[{\"@type\":\"WebPage\",\"@id\":\"https:\/\/nck.krakow.pl\/kcc\/placzki-grupa-wokol-centrum\/\",\"url\":\"https:\/\/nck.krakow.pl\/kcc\/placzki-grupa-wokol-centrum\/\",\"name\":\"P\u0142aczki \/ Grupa Wok\u00f3\u0142 Centrum - Krakowskie Centrum Choreograficzne\",\"isPartOf\":{\"@id\":\"https:\/\/nck.krakow.pl\/kcc\/#website\"},\"datePublished\":\"2017-05-31T05:59:17+00:00\",\"dateModified\":\"2023-04-25T13:00:17+00:00\",\"breadcrumb\":{\"@id\":\"https:\/\/nck.krakow.pl\/kcc\/placzki-grupa-wokol-centrum\/#breadcrumb\"},\"inLanguage\":\"pl-PL\",\"potentialAction\":[{\"@type\":\"ReadAction\",\"target\":[\"https:\/\/nck.krakow.pl\/kcc\/placzki-grupa-wokol-centrum\/\"]}]},{\"@type\":\"BreadcrumbList\",\"@id\":\"https:\/\/nck.krakow.pl\/kcc\/placzki-grupa-wokol-centrum\/#breadcrumb\",\"itemListElement\":[{\"@type\":\"ListItem\",\"position\":1,\"name\":\"Strona g\u0142\u00f3wna\",\"item\":\"https:\/\/nck.krakow.pl\/kcc\/\"},{\"@type\":\"ListItem\",\"position\":2,\"name\":\"P\u0142aczki \/ Grupa Wok\u00f3\u0142 Centrum\"}]},{\"@type\":\"WebSite\",\"@id\":\"https:\/\/nck.krakow.pl\/kcc\/#website\",\"url\":\"https:\/\/nck.krakow.pl\/kcc\/\",\"name\":\"Krakowskie Centrum Choreograficzne\",\"description\":\"\",\"publisher\":{\"@id\":\"https:\/\/nck.krakow.pl\/kcc\/#organization\"},\"potentialAction\":[{\"@type\":\"SearchAction\",\"target\":{\"@type\":\"EntryPoint\",\"urlTemplate\":\"https:\/\/nck.krakow.pl\/kcc\/?s={search_term_string}\"},\"query-input\":\"required name=search_term_string\"}],\"inLanguage\":\"pl-PL\"},{\"@type\":\"Organization\",\"@id\":\"https:\/\/nck.krakow.pl\/kcc\/#organization\",\"name\":\"Krakowskie Centrum Choreograficzne\",\"url\":\"https:\/\/nck.krakow.pl\/kcc\/\",\"logo\":{\"@type\":\"ImageObject\",\"inLanguage\":\"pl-PL\",\"@id\":\"https:\/\/nck.krakow.pl\/kcc\/#\/schema\/logo\/image\/\",\"url\":\"https:\/\/nck.krakow.pl\/kcc\/wp-content\/uploads\/2020\/01\/cropped-logo-kcc-2020.png\",\"contentUrl\":\"https:\/\/nck.krakow.pl\/kcc\/wp-content\/uploads\/2020\/01\/cropped-logo-kcc-2020.png\",\"width\":116,\"height\":55,\"caption\":\"Krakowskie Centrum Choreograficzne\"},\"image\":{\"@id\":\"https:\/\/nck.krakow.pl\/kcc\/#\/schema\/logo\/image\/\"}}]}<\/script>\n<!-- \/ Yoast SEO plugin. -->","yoast_head_json":{"title":"P\u0142aczki \/ Grupa Wok\u00f3\u0142 Centrum - Krakowskie Centrum Choreograficzne","robots":{"index":"index","follow":"follow","max-snippet":"max-snippet:-1","max-image-preview":"max-image-preview:large","max-video-preview":"max-video-preview:-1"},"canonical":"https:\/\/nck.krakow.pl\/kcc\/placzki-grupa-wokol-centrum\/","og_locale":"pl_PL","og_type":"article","og_title":"P\u0142aczki \/ Grupa Wok\u00f3\u0142 Centrum","og_description":"Martwisz si\u0119 czasem czy \u201eTwoje \u017cycie co\u015b znaczy\u201d? Co po sobie zostawisz? I kto za Tob\u0105 zap\u0142acze? Nic si\u0119 nie martw! Za\u0142atwi si\u0119. Takich.","og_url":"https:\/\/nck.krakow.pl\/kcc\/placzki-grupa-wokol-centrum\/","og_site_name":"Krakowskie Centrum Choreograficzne","article_modified_time":"2023-04-25T13:00:17+00:00","og_image":[{"width":1200,"height":801,"url":"https:\/\/nck.krakow.pl\/kcc\/wp-content\/uploads\/2020\/02\/1g\u0142\u00f3wnaDSC_4188_fot_klaudyna_schubert.jpg","type":"image\/jpeg"}],"twitter_card":"summary_large_image","twitter_misc":{"Est. reading time":"4 minuty"},"schema":{"@context":"https:\/\/schema.org","@graph":[{"@type":"WebPage","@id":"https:\/\/nck.krakow.pl\/kcc\/placzki-grupa-wokol-centrum\/","url":"https:\/\/nck.krakow.pl\/kcc\/placzki-grupa-wokol-centrum\/","name":"P\u0142aczki \/ Grupa Wok\u00f3\u0142 Centrum - Krakowskie Centrum Choreograficzne","isPartOf":{"@id":"https:\/\/nck.krakow.pl\/kcc\/#website"},"datePublished":"2017-05-31T05:59:17+00:00","dateModified":"2023-04-25T13:00:17+00:00","breadcrumb":{"@id":"https:\/\/nck.krakow.pl\/kcc\/placzki-grupa-wokol-centrum\/#breadcrumb"},"inLanguage":"pl-PL","potentialAction":[{"@type":"ReadAction","target":["https:\/\/nck.krakow.pl\/kcc\/placzki-grupa-wokol-centrum\/"]}]},{"@type":"BreadcrumbList","@id":"https:\/\/nck.krakow.pl\/kcc\/placzki-grupa-wokol-centrum\/#breadcrumb","itemListElement":[{"@type":"ListItem","position":1,"name":"Strona g\u0142\u00f3wna","item":"https:\/\/nck.krakow.pl\/kcc\/"},{"@type":"ListItem","position":2,"name":"P\u0142aczki \/ Grupa Wok\u00f3\u0142 Centrum"}]},{"@type":"WebSite","@id":"https:\/\/nck.krakow.pl\/kcc\/#website","url":"https:\/\/nck.krakow.pl\/kcc\/","name":"Krakowskie Centrum Choreograficzne","description":"","publisher":{"@id":"https:\/\/nck.krakow.pl\/kcc\/#organization"},"potentialAction":[{"@type":"SearchAction","target":{"@type":"EntryPoint","urlTemplate":"https:\/\/nck.krakow.pl\/kcc\/?s={search_term_string}"},"query-input":"required name=search_term_string"}],"inLanguage":"pl-PL"},{"@type":"Organization","@id":"https:\/\/nck.krakow.pl\/kcc\/#organization","name":"Krakowskie Centrum Choreograficzne","url":"https:\/\/nck.krakow.pl\/kcc\/","logo":{"@type":"ImageObject","inLanguage":"pl-PL","@id":"https:\/\/nck.krakow.pl\/kcc\/#\/schema\/logo\/image\/","url":"https:\/\/nck.krakow.pl\/kcc\/wp-content\/uploads\/2020\/01\/cropped-logo-kcc-2020.png","contentUrl":"https:\/\/nck.krakow.pl\/kcc\/wp-content\/uploads\/2020\/01\/cropped-logo-kcc-2020.png","width":116,"height":55,"caption":"Krakowskie Centrum Choreograficzne"},"image":{"@id":"https:\/\/nck.krakow.pl\/kcc\/#\/schema\/logo\/image\/"}}]}},"_links":{"self":[{"href":"https:\/\/nck.krakow.pl\/kcc\/wp-json\/wp\/v2\/pages\/2181"}],"collection":[{"href":"https:\/\/nck.krakow.pl\/kcc\/wp-json\/wp\/v2\/pages"}],"about":[{"href":"https:\/\/nck.krakow.pl\/kcc\/wp-json\/wp\/v2\/types\/page"}],"author":[{"embeddable":true,"href":"https:\/\/nck.krakow.pl\/kcc\/wp-json\/wp\/v2\/users\/5"}],"replies":[{"embeddable":true,"href":"https:\/\/nck.krakow.pl\/kcc\/wp-json\/wp\/v2\/comments?post=2181"}],"version-history":[{"count":13,"href":"https:\/\/nck.krakow.pl\/kcc\/wp-json\/wp\/v2\/pages\/2181\/revisions"}],"predecessor-version":[{"id":6848,"href":"https:\/\/nck.krakow.pl\/kcc\/wp-json\/wp\/v2\/pages\/2181\/revisions\/6848"}],"wp:attachment":[{"href":"https:\/\/nck.krakow.pl\/kcc\/wp-json\/wp\/v2\/media?parent=2181"}],"curies":[{"name":"wp","href":"https:\/\/api.w.org\/{rel}","templated":true}]}}