{"id":451,"date":"2023-04-29T17:51:15","date_gmt":"2023-04-29T15:51:15","guid":{"rendered":"https:\/\/nck.krakow.pl\/kcc\/krakowskifestiwaltanca\/?page_id=451"},"modified":"2023-06-06T10:29:01","modified_gmt":"2023-06-06T08:29:01","slug":"copyrights","status":"publish","type":"page","link":"https:\/\/nck.krakow.pl\/kcc\/krakowskifestiwaltanca\/copyrights\/","title":{"rendered":"Copyrights"},"content":{"rendered":"\n<div class=\"wp-block-group has-global-padding is-layout-constrained wp-container-core-group-is-layout-1 wp-block-group-is-layout-constrained\" style=\"padding-top:var(--wp--preset--spacing--60);padding-right:var(--wp--preset--spacing--60);padding-bottom:var(--wp--preset--spacing--60);padding-left:var(--wp--preset--spacing--60)\">\n<p>UX Design: Polina Danilevich<\/p>\n\n\n\n<p>UI Design: Zofia Karpowicz<\/p>\n\n\n\n<p>Frontend Developer: Natalia Wirkijowska<\/p>\n\n\n\n<p>Teksty: Zesp\u00f3\u0142 KCC<\/p>\n\n\n\n<p>Fotografie: Klaudyna Schubert<\/p>\n\n\n\n<p>Wideo: Aleksander Hordziej<\/p>\n\n\n\n<div style=\"height:20px\" aria-hidden=\"true\" class=\"wp-block-spacer\"><\/div>\n\n\n\n<p>Licencja:<br>Strona udost\u0119pniona jest na licencji Cretive CommonsL Uznanie autorstwa \u2013 U\u017cycie niekomercyjne &#8211; Bez utwor\u00f3w zale\u017cnych 4.0 Mi\u0119dzynarodowe (CC BY-NC-ND 4.0).<\/p>\n\n\n\n<div style=\"height:10px\" aria-hidden=\"true\" class=\"wp-block-spacer\"><\/div>\n\n\n\n<figure class=\"wp-block-image size-full\"><img loading=\"lazy\" decoding=\"async\" width=\"331\" height=\"116\" src=\"https:\/\/nck.krakow.pl\/kcc\/krakowskifestiwaltanca\/wp-content\/uploads\/sites\/10\/2023\/06\/image.png\" alt=\"\" class=\"wp-image-1596\" srcset=\"https:\/\/nck.krakow.pl\/kcc\/krakowskifestiwaltanca\/wp-content\/uploads\/sites\/10\/2023\/06\/image.png 331w, https:\/\/nck.krakow.pl\/kcc\/krakowskifestiwaltanca\/wp-content\/uploads\/sites\/10\/2023\/06\/image-300x105.png 300w\" sizes=\"(max-width: 331px) 100vw, 331px\" \/><\/figure>\n\n\n\n<div style=\"height:10px\" aria-hidden=\"true\" class=\"wp-block-spacer\"><\/div>\n\n\n\n<p>Pe\u0142na tre\u015b\u0107 licencji znajduje si\u0119 na stronie <a href=\"https:\/\/creativecommons.org\/licenses\/by-nc-nd\/4.0\/legalcode.pl\">Creative Comons<\/a>.<\/p>\n\n\n\n<div style=\"height:20px\" aria-hidden=\"true\" class=\"wp-block-spacer\"><\/div>\n\n\n\n<p>Licencja zezwala na:<\/p>\n\n\n\n<p>Dzielenie si\u0119 \u2014 kopiuj i rozpowszechniaj utw\u00f3r w dowolnym medium i formacie<\/p>\n\n\n\n<p>Licencjodawca nie mo\u017ce odwo\u0142a\u0107 udzielonych praw, o ile s\u0105 przestrzegane warunki licencji.<\/p>\n\n\n\n<div style=\"height:20px\" aria-hidden=\"true\" class=\"wp-block-spacer\"><\/div>\n\n\n\n<p>Na nast\u0119puj\u0105cych warunkach:<\/p>\n\n\n\n<ul class=\"wp-block-list\">\n<li>Uznanie autorstwa \u2014 Utw\u00f3r nale\u017cy <a href=\"https:\/\/creativecommons.org\/licenses\/by-nc-nd\/4.0\/deed.pl\">odpowiednio oznaczy\u0107<\/a>, poda\u0107 link do licencji i <a href=\"https:\/\/creativecommons.org\/licenses\/by-nc-nd\/4.0\/deed.pl\">wskaza\u0107 je\u015bli zosta\u0142y dokonane w nim zmiany <\/a>. Mo\u017cesz to zrobi\u0107 w dowolny, rozs\u0105dny spos\u00f3b, o ile nie sugeruje to udzielania prze licencjodawc\u0119 poparcia dla Ciebie lub sposobu, w jaki wykorzystujesz ten utw\u00f3r.<\/li>\n\n\n\n<li>U\u017cycie niekomercyjne \u2014 Nie nale\u017cy wykorzystywa\u0107 utworu do <a href=\"https:\/\/creativecommons.org\/licenses\/by-nc-nd\/4.0\/deed.pl\">cel\u00f3w komercyjnych<\/a><\/li>\n\n\n\n<li>Bez utwor\u00f3w zale\u017cnych \u2014 <a href=\"https:\/\/creativecommons.org\/licenses\/by-nc-nd\/4.0\/deed.pl\">Remiksuj\u0105c, przetwarzaj\u0105c lub tworz\u0105c na podstawie<\/a> utworu, nie wolno rozpowszechnia\u0107 zmodyfikowanych tre\u015bci.<\/li>\n\n\n\n<li>Brak dodatkowych ogranicze\u0144 \u2014 Nie mo\u017cesz korzysta\u0107 ze \u015brodk\u00f3w prawnych <a href=\"https:\/\/creativecommons.org\/licenses\/by-nc-nd\/4.0\/deed.pl\">lub technologicznych<\/a>, kt\u00f3re ograniczaj\u0105 innych w korzystaniu z utworu na warunkach okre\u015blonych w licencji.<\/li>\n<\/ul>\n\n\n\n<div style=\"height:20px\" aria-hidden=\"true\" class=\"wp-block-spacer\"><\/div>\n\n\n\n<p>Uwagi:<\/p>\n\n\n\n<div style=\"height:10px\" aria-hidden=\"true\" class=\"wp-block-spacer\"><\/div>\n\n\n\n<p>Warunki licencyjne nie musz\u0105 by\u0107 przestrzegane w odniesieniu do tych fragment\u00f3w licencjonowanych tre\u015bci, kt\u00f3re znajduj\u0105 si\u0119 w domenie publicznej, lub w przypadku sposob\u00f3w korzystania dozwolonych przez odpowiednie <a href=\"https:\/\/creativecommons.org\/licenses\/by-nc-nd\/4.0\/deed.pl\">wyj\u0105tki lub ograniczenia prawa autorskiego<\/a>.<\/p>\n\n\n\n<div style=\"height:20px\" aria-hidden=\"true\" class=\"wp-block-spacer\"><\/div>\n\n\n\n<p>Licencjodawca nie daje \u017cadnych gwarancji. Licencja mo\u017ce nie zapewnia\u0107 wszystkich niezb\u0119dnych zg\u00f3d dla niekt\u00f3rych u\u017cy\u0107 utworu. Dotyczy to w szczeg\u00f3lno\u015bci innych praw, takich jak <a href=\"https:\/\/creativecommons.org\/licenses\/by-nc-nd\/4.0\/deed.pl\">ochrona wizerunku, prywatno\u015bci czy autorskie prawa osobiste<\/a>. Mog\u0105 one ogranicza\u0107 mo\u017cliwo\u015bci wykorzystania utworu.<\/p>\n<\/div>\n","protected":false},"excerpt":{"rendered":"<p>UX Design: Polina Danilevich UI Design: Zofia Karpowicz Frontend Developer: Natalia Wirkijowska Teksty: Zesp\u00f3\u0142 KCC Fotografie: Klaudyna Schubert Wideo: Aleksander Hordziej Licencja:Strona udost\u0119pniona jest na licencji Cretive CommonsL Uznanie autorstwa \u2013 U\u017cycie niekomercyjne &#8211; Bez utwor\u00f3w zale\u017cnych 4.0 Mi\u0119dzynarodowe (CC BY-NC-ND 4.0). Pe\u0142na tre\u015b\u0107 licencji znajduje si\u0119 na stronie Creative Comons. Licencja zezwala na: Dzielenie [&hellip;]<\/p>\n","protected":false},"author":21,"featured_media":0,"parent":0,"menu_order":0,"comment_status":"closed","ping_status":"closed","template":"","meta":{"footnotes":""},"class_list":["post-451","page","type-page","status-publish","hentry"],"yoast_head":"<!-- This site is optimized with the Yoast SEO plugin v19.12 - https:\/\/yoast.com\/wordpress\/plugins\/seo\/ -->\n<title>Copyrights - Krakowski Festiwal Ta\u0144ca<\/title>\n<meta name=\"robots\" content=\"index, follow, max-snippet:-1, max-image-preview:large, max-video-preview:-1\" \/>\n<link rel=\"canonical\" href=\"https:\/\/nck.krakow.pl\/kcc\/krakowskifestiwaltanca\/copyrights\/\" \/>\n<meta property=\"og:locale\" content=\"pl_PL\" \/>\n<meta property=\"og:type\" content=\"article\" \/>\n<meta property=\"og:title\" content=\"Copyrights - Krakowski Festiwal Ta\u0144ca\" \/>\n<meta property=\"og:description\" content=\"UX Design: Polina Danilevich UI Design: Zofia Karpowicz Frontend Developer: Natalia Wirkijowska Teksty: Zesp\u00f3\u0142 KCC Fotografie: Klaudyna Schubert Wideo: Aleksander Hordziej Licencja:Strona udost\u0119pniona jest na licencji Cretive CommonsL Uznanie autorstwa \u2013 U\u017cycie niekomercyjne &#8211; Bez utwor\u00f3w zale\u017cnych 4.0 Mi\u0119dzynarodowe (CC BY-NC-ND 4.0). Pe\u0142na tre\u015b\u0107 licencji znajduje si\u0119 na stronie Creative Comons. Licencja zezwala na: Dzielenie [&hellip;]\" \/>\n<meta property=\"og:url\" content=\"https:\/\/nck.krakow.pl\/kcc\/krakowskifestiwaltanca\/copyrights\/\" \/>\n<meta property=\"og:site_name\" content=\"Krakowski Festiwal Ta\u0144ca\" \/>\n<meta property=\"article:modified_time\" content=\"2023-06-06T08:29:01+00:00\" \/>\n<meta property=\"og:image\" content=\"https:\/\/nck.krakow.pl\/kcc\/krakowskifestiwaltanca\/wp-content\/uploads\/sites\/10\/2023\/06\/image.png\" \/>\n<meta name=\"twitter:card\" content=\"summary_large_image\" \/>\n<meta name=\"twitter:label1\" content=\"Est. reading time\" \/>\n\t<meta name=\"twitter:data1\" content=\"2 minuty\" \/>\n<script type=\"application\/ld+json\" class=\"yoast-schema-graph\">{\"@context\":\"https:\/\/schema.org\",\"@graph\":[{\"@type\":\"WebPage\",\"@id\":\"https:\/\/nck.krakow.pl\/kcc\/krakowskifestiwaltanca\/copyrights\/\",\"url\":\"https:\/\/nck.krakow.pl\/kcc\/krakowskifestiwaltanca\/copyrights\/\",\"name\":\"Copyrights - Krakowski Festiwal Ta\u0144ca\",\"isPartOf\":{\"@id\":\"https:\/\/nck.krakow.pl\/kcc\/krakowskifestiwaltanca\/#website\"},\"datePublished\":\"2023-04-29T15:51:15+00:00\",\"dateModified\":\"2023-06-06T08:29:01+00:00\",\"breadcrumb\":{\"@id\":\"https:\/\/nck.krakow.pl\/kcc\/krakowskifestiwaltanca\/copyrights\/#breadcrumb\"},\"inLanguage\":\"pl-PL\",\"potentialAction\":[{\"@type\":\"ReadAction\",\"target\":[\"https:\/\/nck.krakow.pl\/kcc\/krakowskifestiwaltanca\/copyrights\/\"]}]},{\"@type\":\"BreadcrumbList\",\"@id\":\"https:\/\/nck.krakow.pl\/kcc\/krakowskifestiwaltanca\/copyrights\/#breadcrumb\",\"itemListElement\":[{\"@type\":\"ListItem\",\"position\":1,\"name\":\"Strona g\u0142\u00f3wna\",\"item\":\"https:\/\/nck.krakow.pl\/kcc\/krakowskifestiwaltanca\/\"},{\"@type\":\"ListItem\",\"position\":2,\"name\":\"Copyrights\"}]},{\"@type\":\"WebSite\",\"@id\":\"https:\/\/nck.krakow.pl\/kcc\/krakowskifestiwaltanca\/#website\",\"url\":\"https:\/\/nck.krakow.pl\/kcc\/krakowskifestiwaltanca\/\",\"name\":\"Krakowski Festiwal Ta\u0144ca\",\"description\":\"\",\"publisher\":{\"@id\":\"https:\/\/nck.krakow.pl\/kcc\/krakowskifestiwaltanca\/#organization\"},\"potentialAction\":[{\"@type\":\"SearchAction\",\"target\":{\"@type\":\"EntryPoint\",\"urlTemplate\":\"https:\/\/nck.krakow.pl\/kcc\/krakowskifestiwaltanca\/?s={search_term_string}\"},\"query-input\":\"required name=search_term_string\"}],\"inLanguage\":\"pl-PL\"},{\"@type\":\"Organization\",\"@id\":\"https:\/\/nck.krakow.pl\/kcc\/krakowskifestiwaltanca\/#organization\",\"name\":\"Krakowski Festiwal Ta\u0144ca\",\"url\":\"https:\/\/nck.krakow.pl\/kcc\/krakowskifestiwaltanca\/\",\"logo\":{\"@type\":\"ImageObject\",\"inLanguage\":\"pl-PL\",\"@id\":\"https:\/\/nck.krakow.pl\/kcc\/krakowskifestiwaltanca\/#\/schema\/logo\/image\/\",\"url\":\"https:\/\/nck.krakow.pl\/kcc\/krakowskifestiwaltanca\/wp-content\/uploads\/sites\/10\/2023\/04\/logo.png\",\"contentUrl\":\"https:\/\/nck.krakow.pl\/kcc\/krakowskifestiwaltanca\/wp-content\/uploads\/sites\/10\/2023\/04\/logo.png\",\"width\":579,\"height\":217,\"caption\":\"Krakowski Festiwal Ta\u0144ca\"},\"image\":{\"@id\":\"https:\/\/nck.krakow.pl\/kcc\/krakowskifestiwaltanca\/#\/schema\/logo\/image\/\"}}]}<\/script>\n<!-- \/ Yoast SEO plugin. -->","yoast_head_json":{"title":"Copyrights - Krakowski Festiwal Ta\u0144ca","robots":{"index":"index","follow":"follow","max-snippet":"max-snippet:-1","max-image-preview":"max-image-preview:large","max-video-preview":"max-video-preview:-1"},"canonical":"https:\/\/nck.krakow.pl\/kcc\/krakowskifestiwaltanca\/copyrights\/","og_locale":"pl_PL","og_type":"article","og_title":"Copyrights - Krakowski Festiwal Ta\u0144ca","og_description":"UX Design: Polina Danilevich UI Design: Zofia Karpowicz Frontend Developer: Natalia Wirkijowska Teksty: Zesp\u00f3\u0142 KCC Fotografie: Klaudyna Schubert Wideo: Aleksander Hordziej Licencja:Strona udost\u0119pniona jest na licencji Cretive CommonsL Uznanie autorstwa \u2013 U\u017cycie niekomercyjne &#8211; Bez utwor\u00f3w zale\u017cnych 4.0 Mi\u0119dzynarodowe (CC BY-NC-ND 4.0). Pe\u0142na tre\u015b\u0107 licencji znajduje si\u0119 na stronie Creative Comons. Licencja zezwala na: Dzielenie [&hellip;]","og_url":"https:\/\/nck.krakow.pl\/kcc\/krakowskifestiwaltanca\/copyrights\/","og_site_name":"Krakowski Festiwal Ta\u0144ca","article_modified_time":"2023-06-06T08:29:01+00:00","og_image":[{"url":"https:\/\/nck.krakow.pl\/kcc\/krakowskifestiwaltanca\/wp-content\/uploads\/sites\/10\/2023\/06\/image.png"}],"twitter_card":"summary_large_image","twitter_misc":{"Est. reading time":"2 minuty"},"schema":{"@context":"https:\/\/schema.org","@graph":[{"@type":"WebPage","@id":"https:\/\/nck.krakow.pl\/kcc\/krakowskifestiwaltanca\/copyrights\/","url":"https:\/\/nck.krakow.pl\/kcc\/krakowskifestiwaltanca\/copyrights\/","name":"Copyrights - Krakowski Festiwal Ta\u0144ca","isPartOf":{"@id":"https:\/\/nck.krakow.pl\/kcc\/krakowskifestiwaltanca\/#website"},"datePublished":"2023-04-29T15:51:15+00:00","dateModified":"2023-06-06T08:29:01+00:00","breadcrumb":{"@id":"https:\/\/nck.krakow.pl\/kcc\/krakowskifestiwaltanca\/copyrights\/#breadcrumb"},"inLanguage":"pl-PL","potentialAction":[{"@type":"ReadAction","target":["https:\/\/nck.krakow.pl\/kcc\/krakowskifestiwaltanca\/copyrights\/"]}]},{"@type":"BreadcrumbList","@id":"https:\/\/nck.krakow.pl\/kcc\/krakowskifestiwaltanca\/copyrights\/#breadcrumb","itemListElement":[{"@type":"ListItem","position":1,"name":"Strona g\u0142\u00f3wna","item":"https:\/\/nck.krakow.pl\/kcc\/krakowskifestiwaltanca\/"},{"@type":"ListItem","position":2,"name":"Copyrights"}]},{"@type":"WebSite","@id":"https:\/\/nck.krakow.pl\/kcc\/krakowskifestiwaltanca\/#website","url":"https:\/\/nck.krakow.pl\/kcc\/krakowskifestiwaltanca\/","name":"Krakowski Festiwal Ta\u0144ca","description":"","publisher":{"@id":"https:\/\/nck.krakow.pl\/kcc\/krakowskifestiwaltanca\/#organization"},"potentialAction":[{"@type":"SearchAction","target":{"@type":"EntryPoint","urlTemplate":"https:\/\/nck.krakow.pl\/kcc\/krakowskifestiwaltanca\/?s={search_term_string}"},"query-input":"required name=search_term_string"}],"inLanguage":"pl-PL"},{"@type":"Organization","@id":"https:\/\/nck.krakow.pl\/kcc\/krakowskifestiwaltanca\/#organization","name":"Krakowski Festiwal Ta\u0144ca","url":"https:\/\/nck.krakow.pl\/kcc\/krakowskifestiwaltanca\/","logo":{"@type":"ImageObject","inLanguage":"pl-PL","@id":"https:\/\/nck.krakow.pl\/kcc\/krakowskifestiwaltanca\/#\/schema\/logo\/image\/","url":"https:\/\/nck.krakow.pl\/kcc\/krakowskifestiwaltanca\/wp-content\/uploads\/sites\/10\/2023\/04\/logo.png","contentUrl":"https:\/\/nck.krakow.pl\/kcc\/krakowskifestiwaltanca\/wp-content\/uploads\/sites\/10\/2023\/04\/logo.png","width":579,"height":217,"caption":"Krakowski Festiwal Ta\u0144ca"},"image":{"@id":"https:\/\/nck.krakow.pl\/kcc\/krakowskifestiwaltanca\/#\/schema\/logo\/image\/"}}]}},"_links":{"self":[{"href":"https:\/\/nck.krakow.pl\/kcc\/krakowskifestiwaltanca\/wp-json\/wp\/v2\/pages\/451"}],"collection":[{"href":"https:\/\/nck.krakow.pl\/kcc\/krakowskifestiwaltanca\/wp-json\/wp\/v2\/pages"}],"about":[{"href":"https:\/\/nck.krakow.pl\/kcc\/krakowskifestiwaltanca\/wp-json\/wp\/v2\/types\/page"}],"author":[{"embeddable":true,"href":"https:\/\/nck.krakow.pl\/kcc\/krakowskifestiwaltanca\/wp-json\/wp\/v2\/users\/21"}],"replies":[{"embeddable":true,"href":"https:\/\/nck.krakow.pl\/kcc\/krakowskifestiwaltanca\/wp-json\/wp\/v2\/comments?post=451"}],"version-history":[{"count":7,"href":"https:\/\/nck.krakow.pl\/kcc\/krakowskifestiwaltanca\/wp-json\/wp\/v2\/pages\/451\/revisions"}],"predecessor-version":[{"id":1600,"href":"https:\/\/nck.krakow.pl\/kcc\/krakowskifestiwaltanca\/wp-json\/wp\/v2\/pages\/451\/revisions\/1600"}],"wp:attachment":[{"href":"https:\/\/nck.krakow.pl\/kcc\/krakowskifestiwaltanca\/wp-json\/wp\/v2\/media?parent=451"}],"curies":[{"name":"wp","href":"https:\/\/api.w.org\/{rel}","templated":true}]}}