{"id":543,"date":"2018-05-24T12:20:17","date_gmt":"2018-05-24T10:20:17","guid":{"rendered":"https:\/\/nck.krakow.pl\/kcc\/en\/?page_id=543"},"modified":"2023-09-19T15:50:51","modified_gmt":"2023-09-19T13:50:51","slug":"propriety-around-centre-group","status":"publish","type":"page","link":"https:\/\/nck.krakow.pl\/kcc\/en\/propriety-around-centre-group\/","title":{"rendered":"&#8220;Propriety&#8221; Around Centre Group"},"content":{"rendered":"<h1><img decoding=\"async\" src=\"https:\/\/nck.krakow.pl\/kcc\/wp-content\/uploads\/2020\/02\/1g%C5%82%C3%B3wnaDobreWychowanie_TC-51-1024x684.jpg\" \/><\/h1>\n<h1>&#8220;Propriety&#8221; Around Centre Group<\/h1>\n<div>concept and choreography: Agata Mol\u0105g<\/div>\n<div>music: Marcin Janus<\/div>\n<div>dance: Anna Chmiel-Kowalska, Monika \u015awieca, Marta Wo\u0142owiec, Dominika Wiak<\/div>\n<div>producer: Nowa Huta Cultural Centre &#8211; Krakow Choreographic Centre<\/div>\n<div>text of introduction: Marta Wo\u0142owiec<\/div>\n<div>premiere: 6th May 2018 during Contemporary Dance Festival SPACER<\/div>\n<div>\n<p>duration: 75 min<\/p>\n<p>The entire childhood we&#8217;ve heard &#8220;be polite&#8221;, &#8220;behave yourself&#8221;. But what does it mean\u00a0exactly? It&#8217;s interesting if our parents were fully aware of what kind of people they are shaping and &#8220;what will become of us&#8221;. We invite you to a performance about the influence\u00a0\u00a0of the principles instilled in our childhoodon our adult life. This will be a performance about adolescence, including physical and mental, about memories and their strength, about adulthood and expectations connected with it. It will be a performance about women, girls, teenagers, mothers and daughters and their relationships, which are often difficult to understand.<\/p>\n<p>Apparently, to bring up a child well you need to approach the subject as if it was training a dog.<\/p>\n<\/div>\n<div><span class=\"gmail-im\">We invite you to a show about good girls.<\/span><\/div>\n<div><\/div>\n<p><iframe loading=\"lazy\" src=\"https:\/\/player.vimeo.com\/video\/295405946\" width=\"640\" height=\"360\" frameborder=\"0\" allowfullscreen=\"allowfullscreen\"><\/iframe><\/p>\n<p><a href=\"https:\/\/vimeo.com\/295405946\">Dobre Wychowanie, Grupa Wok\u00f3\u0142 Centrum<\/a> from <a href=\"https:\/\/vimeo.com\/kccnck\">KrakowskieCentrumChoreograficzne<\/a> on <a href=\"https:\/\/vimeo.com\">Vimeo<\/a>.<\/p>\n<div id='gallery-1' class='gallery galleryid-543 gallery-columns-3 gallery-size-medium'><figure class='gallery-item'>\n\t\t\t<div class='gallery-icon landscape'>\n\t\t\t\t<a title=\"DobreWychowanie_TC-22\" href='https:\/\/nck.krakow.pl\/kcc\/en\/wp-content\/uploads\/sites\/4\/2018\/11\/DobreWychowanie_TC-22-1.jpg'><img loading=\"lazy\" decoding=\"async\" width=\"300\" height=\"200\" src=\"https:\/\/nck.krakow.pl\/kcc\/en\/wp-content\/uploads\/sites\/4\/2018\/11\/DobreWychowanie_TC-22-1-300x200.jpg\" class=\"attachment-medium size-medium\" alt=\"\" srcset=\"https:\/\/nck.krakow.pl\/kcc\/en\/wp-content\/uploads\/sites\/4\/2018\/11\/DobreWychowanie_TC-22-1-300x200.jpg 300w, https:\/\/nck.krakow.pl\/kcc\/en\/wp-content\/uploads\/sites\/4\/2018\/11\/DobreWychowanie_TC-22-1-768x513.jpg 768w, https:\/\/nck.krakow.pl\/kcc\/en\/wp-content\/uploads\/sites\/4\/2018\/11\/DobreWychowanie_TC-22-1-1024x684.jpg 1024w, https:\/\/nck.krakow.pl\/kcc\/en\/wp-content\/uploads\/sites\/4\/2018\/11\/DobreWychowanie_TC-22-1.jpg 1500w\" sizes=\"(max-width: 300px) 100vw, 300px\" \/><\/a>\n\t\t\t<\/div><\/figure><figure class='gallery-item'>\n\t\t\t<div class='gallery-icon landscape'>\n\t\t\t\t<a title=\"DobreWychowanie_TC-30\" href='https:\/\/nck.krakow.pl\/kcc\/en\/wp-content\/uploads\/sites\/4\/2018\/11\/DobreWychowanie_TC-30-1.jpg'><img loading=\"lazy\" decoding=\"async\" width=\"300\" height=\"200\" src=\"https:\/\/nck.krakow.pl\/kcc\/en\/wp-content\/uploads\/sites\/4\/2018\/11\/DobreWychowanie_TC-30-1-300x200.jpg\" class=\"attachment-medium size-medium\" alt=\"\" srcset=\"https:\/\/nck.krakow.pl\/kcc\/en\/wp-content\/uploads\/sites\/4\/2018\/11\/DobreWychowanie_TC-30-1-300x200.jpg 300w, https:\/\/nck.krakow.pl\/kcc\/en\/wp-content\/uploads\/sites\/4\/2018\/11\/DobreWychowanie_TC-30-1-768x513.jpg 768w, https:\/\/nck.krakow.pl\/kcc\/en\/wp-content\/uploads\/sites\/4\/2018\/11\/DobreWychowanie_TC-30-1-1024x684.jpg 1024w, https:\/\/nck.krakow.pl\/kcc\/en\/wp-content\/uploads\/sites\/4\/2018\/11\/DobreWychowanie_TC-30-1.jpg 1500w\" sizes=\"(max-width: 300px) 100vw, 300px\" \/><\/a>\n\t\t\t<\/div><\/figure><figure class='gallery-item'>\n\t\t\t<div class='gallery-icon landscape'>\n\t\t\t\t<a title=\"DobreWychowanie_TC-38\" href='https:\/\/nck.krakow.pl\/kcc\/en\/wp-content\/uploads\/sites\/4\/2018\/11\/DobreWychowanie_TC-38-1.jpg'><img loading=\"lazy\" decoding=\"async\" width=\"300\" height=\"200\" src=\"https:\/\/nck.krakow.pl\/kcc\/en\/wp-content\/uploads\/sites\/4\/2018\/11\/DobreWychowanie_TC-38-1-300x200.jpg\" class=\"attachment-medium size-medium\" alt=\"\" srcset=\"https:\/\/nck.krakow.pl\/kcc\/en\/wp-content\/uploads\/sites\/4\/2018\/11\/DobreWychowanie_TC-38-1-300x200.jpg 300w, https:\/\/nck.krakow.pl\/kcc\/en\/wp-content\/uploads\/sites\/4\/2018\/11\/DobreWychowanie_TC-38-1-768x513.jpg 768w, https:\/\/nck.krakow.pl\/kcc\/en\/wp-content\/uploads\/sites\/4\/2018\/11\/DobreWychowanie_TC-38-1-1024x684.jpg 1024w, https:\/\/nck.krakow.pl\/kcc\/en\/wp-content\/uploads\/sites\/4\/2018\/11\/DobreWychowanie_TC-38-1.jpg 1500w\" sizes=\"(max-width: 300px) 100vw, 300px\" \/><\/a>\n\t\t\t<\/div><\/figure><figure class='gallery-item'>\n\t\t\t<div class='gallery-icon landscape'>\n\t\t\t\t<a title=\"DobreWychowanie_TC-39\" href='https:\/\/nck.krakow.pl\/kcc\/en\/wp-content\/uploads\/sites\/4\/2018\/11\/DobreWychowanie_TC-39-1.jpg'><img loading=\"lazy\" decoding=\"async\" width=\"300\" height=\"200\" src=\"https:\/\/nck.krakow.pl\/kcc\/en\/wp-content\/uploads\/sites\/4\/2018\/11\/DobreWychowanie_TC-39-1-300x200.jpg\" class=\"attachment-medium size-medium\" alt=\"\" srcset=\"https:\/\/nck.krakow.pl\/kcc\/en\/wp-content\/uploads\/sites\/4\/2018\/11\/DobreWychowanie_TC-39-1-300x200.jpg 300w, https:\/\/nck.krakow.pl\/kcc\/en\/wp-content\/uploads\/sites\/4\/2018\/11\/DobreWychowanie_TC-39-1-768x513.jpg 768w, https:\/\/nck.krakow.pl\/kcc\/en\/wp-content\/uploads\/sites\/4\/2018\/11\/DobreWychowanie_TC-39-1-1024x684.jpg 1024w, https:\/\/nck.krakow.pl\/kcc\/en\/wp-content\/uploads\/sites\/4\/2018\/11\/DobreWychowanie_TC-39-1.jpg 1500w\" sizes=\"(max-width: 300px) 100vw, 300px\" \/><\/a>\n\t\t\t<\/div><\/figure><figure class='gallery-item'>\n\t\t\t<div class='gallery-icon landscape'>\n\t\t\t\t<a title=\"DobreWychowanie_TC-43\" href='https:\/\/nck.krakow.pl\/kcc\/en\/wp-content\/uploads\/sites\/4\/2018\/11\/DobreWychowanie_TC-43-1.jpg'><img loading=\"lazy\" decoding=\"async\" width=\"300\" height=\"200\" src=\"https:\/\/nck.krakow.pl\/kcc\/en\/wp-content\/uploads\/sites\/4\/2018\/11\/DobreWychowanie_TC-43-1-300x200.jpg\" class=\"attachment-medium size-medium\" alt=\"\" srcset=\"https:\/\/nck.krakow.pl\/kcc\/en\/wp-content\/uploads\/sites\/4\/2018\/11\/DobreWychowanie_TC-43-1-300x200.jpg 300w, https:\/\/nck.krakow.pl\/kcc\/en\/wp-content\/uploads\/sites\/4\/2018\/11\/DobreWychowanie_TC-43-1-768x513.jpg 768w, https:\/\/nck.krakow.pl\/kcc\/en\/wp-content\/uploads\/sites\/4\/2018\/11\/DobreWychowanie_TC-43-1-1024x684.jpg 1024w, https:\/\/nck.krakow.pl\/kcc\/en\/wp-content\/uploads\/sites\/4\/2018\/11\/DobreWychowanie_TC-43-1.jpg 1500w\" sizes=\"(max-width: 300px) 100vw, 300px\" \/><\/a>\n\t\t\t<\/div><\/figure><figure class='gallery-item'>\n\t\t\t<div class='gallery-icon landscape'>\n\t\t\t\t<a title=\"DobreWychowanie_TC-51\" href='https:\/\/nck.krakow.pl\/kcc\/en\/wp-content\/uploads\/sites\/4\/2018\/11\/DobreWychowanie_TC-51-1.jpg'><img loading=\"lazy\" decoding=\"async\" width=\"300\" height=\"200\" src=\"https:\/\/nck.krakow.pl\/kcc\/en\/wp-content\/uploads\/sites\/4\/2018\/11\/DobreWychowanie_TC-51-1-300x200.jpg\" class=\"attachment-medium size-medium\" alt=\"\" srcset=\"https:\/\/nck.krakow.pl\/kcc\/en\/wp-content\/uploads\/sites\/4\/2018\/11\/DobreWychowanie_TC-51-1-300x200.jpg 300w, https:\/\/nck.krakow.pl\/kcc\/en\/wp-content\/uploads\/sites\/4\/2018\/11\/DobreWychowanie_TC-51-1-768x513.jpg 768w, https:\/\/nck.krakow.pl\/kcc\/en\/wp-content\/uploads\/sites\/4\/2018\/11\/DobreWychowanie_TC-51-1-1024x684.jpg 1024w, https:\/\/nck.krakow.pl\/kcc\/en\/wp-content\/uploads\/sites\/4\/2018\/11\/DobreWychowanie_TC-51-1.jpg 1500w\" sizes=\"(max-width: 300px) 100vw, 300px\" \/><\/a>\n\t\t\t<\/div><\/figure>\n\t\t<\/div>\n\n<p>photo: Tomasz \u0106wiertnia<\/p>\n","protected":false},"excerpt":{"rendered":"<p>&#8220;Propriety&#8221; Around Centre Group concept and choreography: Agata Mol\u0105g music: Marcin Janus dance: Anna Chmiel-Kowalska, Monika \u015awieca, Marta Wo\u0142owiec, Dominika Wiak producer: Nowa Huta Cultural Centre &#8211; Krakow Choreographic Centre text of introduction: Marta Wo\u0142owiec premiere: 6th May 2018 during Contemporary Dance Festival SPACER duration: 75 min The entire childhood we&#8217;ve heard &#8220;be polite&#8221;, &#8220;behave [&hellip;]<\/p>\n","protected":false},"author":5,"featured_media":0,"parent":0,"menu_order":0,"comment_status":"closed","ping_status":"closed","template":"","meta":{"footnotes":""},"class_list":["post-543","page","type-page","status-publish","hentry"],"yoast_head":"<!-- This site is optimized with the Yoast SEO plugin v19.12 - https:\/\/yoast.com\/wordpress\/plugins\/seo\/ -->\n<title>&quot;Propriety&quot; Around Centre Group - Krakow Choreographic Centre<\/title>\n<meta name=\"robots\" content=\"index, follow, max-snippet:-1, max-image-preview:large, max-video-preview:-1\" \/>\n<link rel=\"canonical\" href=\"https:\/\/nck.krakow.pl\/kcc\/en\/propriety-around-centre-group\/\" \/>\n<meta property=\"og:locale\" content=\"en_US\" \/>\n<meta property=\"og:type\" content=\"article\" \/>\n<meta property=\"og:title\" content=\"&quot;Propriety&quot; Around Centre Group\" \/>\n<meta property=\"og:description\" content=\"&#8220;Propriety&#8221; Around Centre Group concept and choreography: Agata Mol\u0105g music: Marcin Janus dance: Anna Chmiel-Kowalska, Monika \u015awieca, Marta Wo\u0142owiec, Dominika Wiak producer: Nowa Huta Cultural Centre &#8211; Krakow Choreographic Centre text of introduction: Marta Wo\u0142owiec premiere: 6th May 2018 during Contemporary Dance Festival SPACER duration: 75 min The entire childhood we&#8217;ve heard &#8220;be polite&#8221;, &#8220;behave [&hellip;]\" \/>\n<meta property=\"og:url\" content=\"https:\/\/nck.krakow.pl\/kcc\/en\/propriety-around-centre-group\/\" \/>\n<meta property=\"og:site_name\" content=\"Krakow Choreographic Centre\" \/>\n<meta property=\"article:publisher\" content=\"http:\/\/facebook.com\/kcc.nck\" \/>\n<meta property=\"article:modified_time\" content=\"2023-09-19T13:50:51+00:00\" \/>\n<meta property=\"og:image\" content=\"https:\/\/nck.krakow.pl\/kcc\/en\/wp-content\/uploads\/sites\/4\/2018\/11\/DobreWychowanie_TC-22-1-300x200.jpg\" \/>\n<meta name=\"twitter:card\" content=\"summary_large_image\" \/>\n<meta name=\"twitter:label1\" content=\"Est. reading time\" \/>\n\t<meta name=\"twitter:data1\" content=\"2 minutes\" \/>\n<script type=\"application\/ld+json\" class=\"yoast-schema-graph\">{\"@context\":\"https:\/\/schema.org\",\"@graph\":[{\"@type\":\"WebPage\",\"@id\":\"https:\/\/nck.krakow.pl\/kcc\/en\/propriety-around-centre-group\/\",\"url\":\"https:\/\/nck.krakow.pl\/kcc\/en\/propriety-around-centre-group\/\",\"name\":\"\\\"Propriety\\\" Around Centre Group - Krakow Choreographic Centre\",\"isPartOf\":{\"@id\":\"https:\/\/nck.krakow.pl\/kcc\/en\/#website\"},\"datePublished\":\"2018-05-24T10:20:17+00:00\",\"dateModified\":\"2023-09-19T13:50:51+00:00\",\"breadcrumb\":{\"@id\":\"https:\/\/nck.krakow.pl\/kcc\/en\/propriety-around-centre-group\/#breadcrumb\"},\"inLanguage\":\"en-US\",\"potentialAction\":[{\"@type\":\"ReadAction\",\"target\":[\"https:\/\/nck.krakow.pl\/kcc\/en\/propriety-around-centre-group\/\"]}]},{\"@type\":\"BreadcrumbList\",\"@id\":\"https:\/\/nck.krakow.pl\/kcc\/en\/propriety-around-centre-group\/#breadcrumb\",\"itemListElement\":[{\"@type\":\"ListItem\",\"position\":1,\"name\":\"Strona g\u0142\u00f3wna\",\"item\":\"https:\/\/nck.krakow.pl\/kcc\/en\/\"},{\"@type\":\"ListItem\",\"position\":2,\"name\":\"&#8220;Propriety&#8221; Around Centre Group\"}]},{\"@type\":\"WebSite\",\"@id\":\"https:\/\/nck.krakow.pl\/kcc\/en\/#website\",\"url\":\"https:\/\/nck.krakow.pl\/kcc\/en\/\",\"name\":\"Krakow Choreographic Centre\",\"description\":\"\",\"publisher\":{\"@id\":\"https:\/\/nck.krakow.pl\/kcc\/en\/#organization\"},\"potentialAction\":[{\"@type\":\"SearchAction\",\"target\":{\"@type\":\"EntryPoint\",\"urlTemplate\":\"https:\/\/nck.krakow.pl\/kcc\/en\/?s={search_term_string}\"},\"query-input\":\"required name=search_term_string\"}],\"inLanguage\":\"en-US\"},{\"@type\":\"Organization\",\"@id\":\"https:\/\/nck.krakow.pl\/kcc\/en\/#organization\",\"name\":\"Krakow Choreographic Centre\",\"url\":\"https:\/\/nck.krakow.pl\/kcc\/en\/\",\"logo\":{\"@type\":\"ImageObject\",\"inLanguage\":\"en-US\",\"@id\":\"https:\/\/nck.krakow.pl\/kcc\/en\/#\/schema\/logo\/image\/\",\"url\":\"https:\/\/nck.krakow.pl\/kcc\/en\/wp-content\/uploads\/sites\/4\/2020\/04\/cropped-cropped-logo-kcc-2020en.png\",\"contentUrl\":\"https:\/\/nck.krakow.pl\/kcc\/en\/wp-content\/uploads\/sites\/4\/2020\/04\/cropped-cropped-logo-kcc-2020en.png\",\"width\":116,\"height\":55,\"caption\":\"Krakow Choreographic Centre\"},\"image\":{\"@id\":\"https:\/\/nck.krakow.pl\/kcc\/en\/#\/schema\/logo\/image\/\"},\"sameAs\":[\"http:\/\/facebook.com\/kcc.nck\"]}]}<\/script>\n<!-- \/ Yoast SEO plugin. -->","yoast_head_json":{"title":"\"Propriety\" Around Centre Group - Krakow Choreographic Centre","robots":{"index":"index","follow":"follow","max-snippet":"max-snippet:-1","max-image-preview":"max-image-preview:large","max-video-preview":"max-video-preview:-1"},"canonical":"https:\/\/nck.krakow.pl\/kcc\/en\/propriety-around-centre-group\/","og_locale":"en_US","og_type":"article","og_title":"\"Propriety\" Around Centre Group","og_description":"&#8220;Propriety&#8221; Around Centre Group concept and choreography: Agata Mol\u0105g music: Marcin Janus dance: Anna Chmiel-Kowalska, Monika \u015awieca, Marta Wo\u0142owiec, Dominika Wiak producer: Nowa Huta Cultural Centre &#8211; Krakow Choreographic Centre text of introduction: Marta Wo\u0142owiec premiere: 6th May 2018 during Contemporary Dance Festival SPACER duration: 75 min The entire childhood we&#8217;ve heard &#8220;be polite&#8221;, &#8220;behave [&hellip;]","og_url":"https:\/\/nck.krakow.pl\/kcc\/en\/propriety-around-centre-group\/","og_site_name":"Krakow Choreographic Centre","article_publisher":"http:\/\/facebook.com\/kcc.nck","article_modified_time":"2023-09-19T13:50:51+00:00","og_image":[{"url":"https:\/\/nck.krakow.pl\/kcc\/en\/wp-content\/uploads\/sites\/4\/2018\/11\/DobreWychowanie_TC-22-1-300x200.jpg"}],"twitter_card":"summary_large_image","twitter_misc":{"Est. reading time":"2 minutes"},"schema":{"@context":"https:\/\/schema.org","@graph":[{"@type":"WebPage","@id":"https:\/\/nck.krakow.pl\/kcc\/en\/propriety-around-centre-group\/","url":"https:\/\/nck.krakow.pl\/kcc\/en\/propriety-around-centre-group\/","name":"\"Propriety\" Around Centre Group - Krakow Choreographic Centre","isPartOf":{"@id":"https:\/\/nck.krakow.pl\/kcc\/en\/#website"},"datePublished":"2018-05-24T10:20:17+00:00","dateModified":"2023-09-19T13:50:51+00:00","breadcrumb":{"@id":"https:\/\/nck.krakow.pl\/kcc\/en\/propriety-around-centre-group\/#breadcrumb"},"inLanguage":"en-US","potentialAction":[{"@type":"ReadAction","target":["https:\/\/nck.krakow.pl\/kcc\/en\/propriety-around-centre-group\/"]}]},{"@type":"BreadcrumbList","@id":"https:\/\/nck.krakow.pl\/kcc\/en\/propriety-around-centre-group\/#breadcrumb","itemListElement":[{"@type":"ListItem","position":1,"name":"Strona g\u0142\u00f3wna","item":"https:\/\/nck.krakow.pl\/kcc\/en\/"},{"@type":"ListItem","position":2,"name":"&#8220;Propriety&#8221; Around Centre Group"}]},{"@type":"WebSite","@id":"https:\/\/nck.krakow.pl\/kcc\/en\/#website","url":"https:\/\/nck.krakow.pl\/kcc\/en\/","name":"Krakow Choreographic Centre","description":"","publisher":{"@id":"https:\/\/nck.krakow.pl\/kcc\/en\/#organization"},"potentialAction":[{"@type":"SearchAction","target":{"@type":"EntryPoint","urlTemplate":"https:\/\/nck.krakow.pl\/kcc\/en\/?s={search_term_string}"},"query-input":"required name=search_term_string"}],"inLanguage":"en-US"},{"@type":"Organization","@id":"https:\/\/nck.krakow.pl\/kcc\/en\/#organization","name":"Krakow Choreographic Centre","url":"https:\/\/nck.krakow.pl\/kcc\/en\/","logo":{"@type":"ImageObject","inLanguage":"en-US","@id":"https:\/\/nck.krakow.pl\/kcc\/en\/#\/schema\/logo\/image\/","url":"https:\/\/nck.krakow.pl\/kcc\/en\/wp-content\/uploads\/sites\/4\/2020\/04\/cropped-cropped-logo-kcc-2020en.png","contentUrl":"https:\/\/nck.krakow.pl\/kcc\/en\/wp-content\/uploads\/sites\/4\/2020\/04\/cropped-cropped-logo-kcc-2020en.png","width":116,"height":55,"caption":"Krakow Choreographic Centre"},"image":{"@id":"https:\/\/nck.krakow.pl\/kcc\/en\/#\/schema\/logo\/image\/"},"sameAs":["http:\/\/facebook.com\/kcc.nck"]}]}},"_links":{"self":[{"href":"https:\/\/nck.krakow.pl\/kcc\/en\/wp-json\/wp\/v2\/pages\/543"}],"collection":[{"href":"https:\/\/nck.krakow.pl\/kcc\/en\/wp-json\/wp\/v2\/pages"}],"about":[{"href":"https:\/\/nck.krakow.pl\/kcc\/en\/wp-json\/wp\/v2\/types\/page"}],"author":[{"embeddable":true,"href":"https:\/\/nck.krakow.pl\/kcc\/en\/wp-json\/wp\/v2\/users\/5"}],"replies":[{"embeddable":true,"href":"https:\/\/nck.krakow.pl\/kcc\/en\/wp-json\/wp\/v2\/comments?post=543"}],"version-history":[{"count":8,"href":"https:\/\/nck.krakow.pl\/kcc\/en\/wp-json\/wp\/v2\/pages\/543\/revisions"}],"predecessor-version":[{"id":1512,"href":"https:\/\/nck.krakow.pl\/kcc\/en\/wp-json\/wp\/v2\/pages\/543\/revisions\/1512"}],"wp:attachment":[{"href":"https:\/\/nck.krakow.pl\/kcc\/en\/wp-json\/wp\/v2\/media?parent=543"}],"curies":[{"name":"wp","href":"https:\/\/api.w.org\/{rel}","templated":true}]}}