{"id":452,"date":"2017-12-19T10:02:28","date_gmt":"2017-12-19T09:02:28","guid":{"rendered":"https:\/\/nck.krakow.pl\/kcc\/en\/?page_id=452"},"modified":"2023-09-19T15:26:16","modified_gmt":"2023-09-19T13:26:16","slug":"spectral-layers-of-movement","status":"publish","type":"page","link":"https:\/\/nck.krakow.pl\/kcc\/en\/spectral-layers-of-movement\/","title":{"rendered":"spectral layers of movement"},"content":{"rendered":"<div class=\"gmail_extra\">\n<div class=\"gmail_quote\">\n<div dir=\"ltr\">\n<h1><img decoding=\"async\" src=\"https:\/\/nck.krakow.pl\/kcc\/wp-content\/uploads\/2020\/02\/1g%C5%82%C3%B3wnaKMachniewicz_2017_11_18_KCC_BalletOFF_GWC_SpectralLayersOfMovement_pr%C3%B3ba_MG_6264_2print_matte-1024x683.jpg\" \/><\/h1>\n<h1><strong>spectral layers of movement<\/strong><br \/>\n<strong>movement \/ music \/ visualisations<\/strong><\/h1>\n<p><strong>idea:<\/strong>\u00a0Marcin Janus, Grzegorz Kaliszuk<br \/>\n<strong>concept:<\/strong>\u00a0Marcin Janus, Grzegorz Kaliszuk, Around Centre Group \u2013 Agata Mol\u0105g, Monika \u015awieca, Marta Wo\u0142owiec<br \/>\n<strong>choreography\/dance:<\/strong>\u00a0Around Centre Group<br \/>\n<strong>media design:<\/strong>\u00a0Grzegorz Kaliszuk\/Wojciech Miler<br \/>\n<strong>music:<\/strong>\u00a0Marcin Janus<br \/>\n<strong>length:<\/strong>\u00a0around 40 minutes<br \/>\nWatch out! There is a strobe light used in a spectacle.<\/p>\n<p><iframe loading=\"lazy\" src=\"https:\/\/player.vimeo.com\/video\/269622805\" width=\"640\" height=\"360\" frameborder=\"0\" allowfullscreen=\"allowfullscreen\"><\/iframe><\/p>\n<p><a href=\"https:\/\/vimeo.com\/269622805\">spectral layers of movement<\/a> from <a href=\"https:\/\/vimeo.com\/kccnck\">KrakowskieCentrumChoreograficzne<\/a> on <a href=\"https:\/\/vimeo.com\">Vimeo<\/a>.<\/p>\n<p>An interdisciplinary project combining the world of dance, multimedia and sound in a multi-layered interactive installation where each element is equivalent. It is a look at the movement through the prism of technology and technological treatments with live music and interactive projections. The project is a peculiar laboratory, turning the stage into a space of artistic research. The leitmotif is to show movement qualities in projection layers filled with transformations, referring in their character to various technological eras, in particular to the retro culture of the 80s and 90s of the last century.<\/p>\n<\/div>\n<\/div>\n<\/div>\n<div id='gallery-1' class='gallery galleryid-452 gallery-columns-3 gallery-size-medium'><figure class='gallery-item'>\n\t\t\t<div class='gallery-icon landscape'>\n\t\t\t\t<img loading=\"lazy\" decoding=\"async\" width=\"300\" height=\"169\" src=\"https:\/\/nck.krakow.pl\/kcc\/en\/wp-content\/uploads\/sites\/4\/2017\/12\/fot.-Aleksander-Hordziej-300x169.jpg\" class=\"attachment-medium size-medium\" alt=\"\" aria-describedby=\"gallery-1-453\" srcset=\"https:\/\/nck.krakow.pl\/kcc\/en\/wp-content\/uploads\/sites\/4\/2017\/12\/fot.-Aleksander-Hordziej-300x169.jpg 300w, https:\/\/nck.krakow.pl\/kcc\/en\/wp-content\/uploads\/sites\/4\/2017\/12\/fot.-Aleksander-Hordziej-768x432.jpg 768w, https:\/\/nck.krakow.pl\/kcc\/en\/wp-content\/uploads\/sites\/4\/2017\/12\/fot.-Aleksander-Hordziej-1024x576.jpg 1024w, https:\/\/nck.krakow.pl\/kcc\/en\/wp-content\/uploads\/sites\/4\/2017\/12\/fot.-Aleksander-Hordziej.jpg 1920w\" sizes=\"(max-width: 300px) 100vw, 300px\" \/>\n\t\t\t<\/div>\n\t\t\t\t<figcaption class='wp-caption-text gallery-caption' id='gallery-1-453'>\n\t\t\t\tphoto: Aleksander Hordziej\n\t\t\t\t<\/figcaption><\/figure><figure class='gallery-item'>\n\t\t\t<div class='gallery-icon landscape'>\n\t\t\t\t<img loading=\"lazy\" decoding=\"async\" width=\"300\" height=\"200\" src=\"https:\/\/nck.krakow.pl\/kcc\/en\/wp-content\/uploads\/sites\/4\/2017\/12\/fot.-Marcin-\u015amieszek-300x200.jpg\" class=\"attachment-medium size-medium\" alt=\"\" aria-describedby=\"gallery-1-454\" srcset=\"https:\/\/nck.krakow.pl\/kcc\/en\/wp-content\/uploads\/sites\/4\/2017\/12\/fot.-Marcin-\u015amieszek-300x200.jpg 300w, https:\/\/nck.krakow.pl\/kcc\/en\/wp-content\/uploads\/sites\/4\/2017\/12\/fot.-Marcin-\u015amieszek-768x512.jpg 768w, https:\/\/nck.krakow.pl\/kcc\/en\/wp-content\/uploads\/sites\/4\/2017\/12\/fot.-Marcin-\u015amieszek-1024x683.jpg 1024w, https:\/\/nck.krakow.pl\/kcc\/en\/wp-content\/uploads\/sites\/4\/2017\/12\/fot.-Marcin-\u015amieszek.jpg 2048w\" sizes=\"(max-width: 300px) 100vw, 300px\" \/>\n\t\t\t<\/div>\n\t\t\t\t<figcaption class='wp-caption-text gallery-caption' id='gallery-1-454'>\n\t\t\t\tphoto: Marcin \u015amieszek\n\t\t\t\t<\/figcaption><\/figure><figure class='gallery-item'>\n\t\t\t<div class='gallery-icon landscape'>\n\t\t\t\t<img loading=\"lazy\" decoding=\"async\" width=\"300\" height=\"200\" src=\"https:\/\/nck.krakow.pl\/kcc\/en\/wp-content\/uploads\/sites\/4\/2017\/12\/KMachniewicz_2017_11_18_KCC_BalletOFF_GWC_SpectralLayersOfMovement_MG_7599_960x640px_q100-300x200.jpg\" class=\"attachment-medium size-medium\" alt=\"\" aria-describedby=\"gallery-1-455\" srcset=\"https:\/\/nck.krakow.pl\/kcc\/en\/wp-content\/uploads\/sites\/4\/2017\/12\/KMachniewicz_2017_11_18_KCC_BalletOFF_GWC_SpectralLayersOfMovement_MG_7599_960x640px_q100-300x200.jpg 300w, https:\/\/nck.krakow.pl\/kcc\/en\/wp-content\/uploads\/sites\/4\/2017\/12\/KMachniewicz_2017_11_18_KCC_BalletOFF_GWC_SpectralLayersOfMovement_MG_7599_960x640px_q100-768x512.jpg 768w, https:\/\/nck.krakow.pl\/kcc\/en\/wp-content\/uploads\/sites\/4\/2017\/12\/KMachniewicz_2017_11_18_KCC_BalletOFF_GWC_SpectralLayersOfMovement_MG_7599_960x640px_q100.jpg 960w\" sizes=\"(max-width: 300px) 100vw, 300px\" \/>\n\t\t\t<\/div>\n\t\t\t\t<figcaption class='wp-caption-text gallery-caption' id='gallery-1-455'>\n\t\t\t\tphoto: Katarzyna Machniewicz\n\t\t\t\t<\/figcaption><\/figure><figure class='gallery-item'>\n\t\t\t<div class='gallery-icon landscape'>\n\t\t\t\t<img loading=\"lazy\" decoding=\"async\" width=\"300\" height=\"200\" src=\"https:\/\/nck.krakow.pl\/kcc\/en\/wp-content\/uploads\/sites\/4\/2017\/12\/KMachniewicz_2017_11_18_KCC_BalletOFF_GWC_SpectralLayersOfMovement_MG_7759_960x640px_q100-300x200.jpg\" class=\"attachment-medium size-medium\" alt=\"\" aria-describedby=\"gallery-1-456\" srcset=\"https:\/\/nck.krakow.pl\/kcc\/en\/wp-content\/uploads\/sites\/4\/2017\/12\/KMachniewicz_2017_11_18_KCC_BalletOFF_GWC_SpectralLayersOfMovement_MG_7759_960x640px_q100-300x200.jpg 300w, https:\/\/nck.krakow.pl\/kcc\/en\/wp-content\/uploads\/sites\/4\/2017\/12\/KMachniewicz_2017_11_18_KCC_BalletOFF_GWC_SpectralLayersOfMovement_MG_7759_960x640px_q100-768x512.jpg 768w, https:\/\/nck.krakow.pl\/kcc\/en\/wp-content\/uploads\/sites\/4\/2017\/12\/KMachniewicz_2017_11_18_KCC_BalletOFF_GWC_SpectralLayersOfMovement_MG_7759_960x640px_q100.jpg 960w\" sizes=\"(max-width: 300px) 100vw, 300px\" \/>\n\t\t\t<\/div>\n\t\t\t\t<figcaption class='wp-caption-text gallery-caption' id='gallery-1-456'>\n\t\t\t\tphoto: Katarzyna Machniewicz\n\t\t\t\t<\/figcaption><\/figure><figure class='gallery-item'>\n\t\t\t<div class='gallery-icon landscape'>\n\t\t\t\t<img loading=\"lazy\" decoding=\"async\" width=\"300\" height=\"200\" src=\"https:\/\/nck.krakow.pl\/kcc\/en\/wp-content\/uploads\/sites\/4\/2017\/12\/KMachniewicz_2017_11_18_KCC_BalletOFF_GWC_SpectralLayersOfMovement_MG_7829_960x640px_q100-300x200.jpg\" class=\"attachment-medium size-medium\" alt=\"\" aria-describedby=\"gallery-1-457\" srcset=\"https:\/\/nck.krakow.pl\/kcc\/en\/wp-content\/uploads\/sites\/4\/2017\/12\/KMachniewicz_2017_11_18_KCC_BalletOFF_GWC_SpectralLayersOfMovement_MG_7829_960x640px_q100-300x200.jpg 300w, https:\/\/nck.krakow.pl\/kcc\/en\/wp-content\/uploads\/sites\/4\/2017\/12\/KMachniewicz_2017_11_18_KCC_BalletOFF_GWC_SpectralLayersOfMovement_MG_7829_960x640px_q100-768x512.jpg 768w, https:\/\/nck.krakow.pl\/kcc\/en\/wp-content\/uploads\/sites\/4\/2017\/12\/KMachniewicz_2017_11_18_KCC_BalletOFF_GWC_SpectralLayersOfMovement_MG_7829_960x640px_q100.jpg 960w\" sizes=\"(max-width: 300px) 100vw, 300px\" \/>\n\t\t\t<\/div>\n\t\t\t\t<figcaption class='wp-caption-text gallery-caption' id='gallery-1-457'>\n\t\t\t\tphoto: Katarzyna Machniewicz\n\t\t\t\t<\/figcaption><\/figure><figure class='gallery-item'>\n\t\t\t<div class='gallery-icon landscape'>\n\t\t\t\t<img loading=\"lazy\" decoding=\"async\" width=\"300\" height=\"200\" src=\"https:\/\/nck.krakow.pl\/kcc\/en\/wp-content\/uploads\/sites\/4\/2017\/12\/KMachniewicz_2017_11_18_KCC_BalletOFF_GWC_SpectralLayersOfMovement_pr\u00f3ba_MG_6001_960x640px_q100-300x200.jpg\" class=\"attachment-medium size-medium\" alt=\"\" aria-describedby=\"gallery-1-458\" srcset=\"https:\/\/nck.krakow.pl\/kcc\/en\/wp-content\/uploads\/sites\/4\/2017\/12\/KMachniewicz_2017_11_18_KCC_BalletOFF_GWC_SpectralLayersOfMovement_pr\u00f3ba_MG_6001_960x640px_q100-300x200.jpg 300w, https:\/\/nck.krakow.pl\/kcc\/en\/wp-content\/uploads\/sites\/4\/2017\/12\/KMachniewicz_2017_11_18_KCC_BalletOFF_GWC_SpectralLayersOfMovement_pr\u00f3ba_MG_6001_960x640px_q100-768x512.jpg 768w, https:\/\/nck.krakow.pl\/kcc\/en\/wp-content\/uploads\/sites\/4\/2017\/12\/KMachniewicz_2017_11_18_KCC_BalletOFF_GWC_SpectralLayersOfMovement_pr\u00f3ba_MG_6001_960x640px_q100.jpg 960w\" sizes=\"(max-width: 300px) 100vw, 300px\" \/>\n\t\t\t<\/div>\n\t\t\t\t<figcaption class='wp-caption-text gallery-caption' id='gallery-1-458'>\n\t\t\t\tphoto: Katarzyna Machniewicz\n\t\t\t\t<\/figcaption><\/figure><figure class='gallery-item'>\n\t\t\t<div class='gallery-icon landscape'>\n\t\t\t\t<img loading=\"lazy\" decoding=\"async\" width=\"300\" height=\"200\" src=\"https:\/\/nck.krakow.pl\/kcc\/en\/wp-content\/uploads\/sites\/4\/2017\/12\/KMachniewicz_2017_11_18_KCC_BalletOFF_GWC_SpectralLayersOfMovement_pr\u00f3ba_MG_6158_960x640px_q100-300x200.jpg\" class=\"attachment-medium size-medium\" alt=\"\" aria-describedby=\"gallery-1-459\" srcset=\"https:\/\/nck.krakow.pl\/kcc\/en\/wp-content\/uploads\/sites\/4\/2017\/12\/KMachniewicz_2017_11_18_KCC_BalletOFF_GWC_SpectralLayersOfMovement_pr\u00f3ba_MG_6158_960x640px_q100-300x200.jpg 300w, https:\/\/nck.krakow.pl\/kcc\/en\/wp-content\/uploads\/sites\/4\/2017\/12\/KMachniewicz_2017_11_18_KCC_BalletOFF_GWC_SpectralLayersOfMovement_pr\u00f3ba_MG_6158_960x640px_q100-768x512.jpg 768w, https:\/\/nck.krakow.pl\/kcc\/en\/wp-content\/uploads\/sites\/4\/2017\/12\/KMachniewicz_2017_11_18_KCC_BalletOFF_GWC_SpectralLayersOfMovement_pr\u00f3ba_MG_6158_960x640px_q100.jpg 960w\" sizes=\"(max-width: 300px) 100vw, 300px\" \/>\n\t\t\t<\/div>\n\t\t\t\t<figcaption class='wp-caption-text gallery-caption' id='gallery-1-459'>\n\t\t\t\tphoto: Katarzyna Machniewicz\n\t\t\t\t<\/figcaption><\/figure><figure class='gallery-item'>\n\t\t\t<div class='gallery-icon landscape'>\n\t\t\t\t<img loading=\"lazy\" decoding=\"async\" width=\"300\" height=\"200\" src=\"https:\/\/nck.krakow.pl\/kcc\/en\/wp-content\/uploads\/sites\/4\/2017\/12\/KMachniewicz_2017_11_18_KCC_BalletOFF_GWC_SpectralLayersOfMovement_pr\u00f3ba_MG_6262_960x640px_q100-300x200.jpg\" class=\"attachment-medium size-medium\" alt=\"\" aria-describedby=\"gallery-1-460\" srcset=\"https:\/\/nck.krakow.pl\/kcc\/en\/wp-content\/uploads\/sites\/4\/2017\/12\/KMachniewicz_2017_11_18_KCC_BalletOFF_GWC_SpectralLayersOfMovement_pr\u00f3ba_MG_6262_960x640px_q100-300x200.jpg 300w, https:\/\/nck.krakow.pl\/kcc\/en\/wp-content\/uploads\/sites\/4\/2017\/12\/KMachniewicz_2017_11_18_KCC_BalletOFF_GWC_SpectralLayersOfMovement_pr\u00f3ba_MG_6262_960x640px_q100-768x512.jpg 768w, https:\/\/nck.krakow.pl\/kcc\/en\/wp-content\/uploads\/sites\/4\/2017\/12\/KMachniewicz_2017_11_18_KCC_BalletOFF_GWC_SpectralLayersOfMovement_pr\u00f3ba_MG_6262_960x640px_q100.jpg 960w\" sizes=\"(max-width: 300px) 100vw, 300px\" \/>\n\t\t\t<\/div>\n\t\t\t\t<figcaption class='wp-caption-text gallery-caption' id='gallery-1-460'>\n\t\t\t\tphoto: Katarzyna Machniewicz\n\t\t\t\t<\/figcaption><\/figure><figure class='gallery-item'>\n\t\t\t<div class='gallery-icon landscape'>\n\t\t\t\t<img loading=\"lazy\" decoding=\"async\" width=\"300\" height=\"200\" src=\"https:\/\/nck.krakow.pl\/kcc\/en\/wp-content\/uploads\/sites\/4\/2017\/12\/KMachniewicz_2017_11_18_KCC_BalletOFF_GWC_SpectralLayersOfMovement_pr\u00f3ba_MG_6391_960x640px_q100-300x200.jpg\" class=\"attachment-medium size-medium\" alt=\"\" aria-describedby=\"gallery-1-461\" srcset=\"https:\/\/nck.krakow.pl\/kcc\/en\/wp-content\/uploads\/sites\/4\/2017\/12\/KMachniewicz_2017_11_18_KCC_BalletOFF_GWC_SpectralLayersOfMovement_pr\u00f3ba_MG_6391_960x640px_q100-300x200.jpg 300w, https:\/\/nck.krakow.pl\/kcc\/en\/wp-content\/uploads\/sites\/4\/2017\/12\/KMachniewicz_2017_11_18_KCC_BalletOFF_GWC_SpectralLayersOfMovement_pr\u00f3ba_MG_6391_960x640px_q100-768x512.jpg 768w, https:\/\/nck.krakow.pl\/kcc\/en\/wp-content\/uploads\/sites\/4\/2017\/12\/KMachniewicz_2017_11_18_KCC_BalletOFF_GWC_SpectralLayersOfMovement_pr\u00f3ba_MG_6391_960x640px_q100.jpg 960w\" sizes=\"(max-width: 300px) 100vw, 300px\" \/>\n\t\t\t<\/div>\n\t\t\t\t<figcaption class='wp-caption-text gallery-caption' id='gallery-1-461'>\n\t\t\t\tphoto: Katarzyna Machniewicz\n\t\t\t\t<\/figcaption><\/figure>\n\t\t<\/div>\n\n","protected":false},"excerpt":{"rendered":"<p>spectral layers of movement movement \/ music \/ visualisations idea:\u00a0Marcin Janus, Grzegorz Kaliszuk concept:\u00a0Marcin Janus, Grzegorz Kaliszuk, Around Centre Group \u2013 Agata Mol\u0105g, Monika \u015awieca, Marta Wo\u0142owiec choreography\/dance:\u00a0Around Centre Group media design:\u00a0Grzegorz Kaliszuk\/Wojciech Miler music:\u00a0Marcin Janus length:\u00a0around 40 minutes Watch out! There is a strobe light used in a spectacle. spectral layers of movement from [&hellip;]<\/p>\n","protected":false},"author":5,"featured_media":0,"parent":0,"menu_order":0,"comment_status":"closed","ping_status":"closed","template":"","meta":{"footnotes":""},"class_list":["post-452","page","type-page","status-publish","hentry"],"yoast_head":"<!-- This site is optimized with the Yoast SEO plugin v19.12 - https:\/\/yoast.com\/wordpress\/plugins\/seo\/ -->\n<title>spectral layers of movement - Krakow Choreographic Centre<\/title>\n<meta name=\"robots\" content=\"index, follow, max-snippet:-1, max-image-preview:large, max-video-preview:-1\" \/>\n<link rel=\"canonical\" href=\"https:\/\/nck.krakow.pl\/kcc\/en\/spectral-layers-of-movement\/\" \/>\n<meta property=\"og:locale\" content=\"en_US\" \/>\n<meta property=\"og:type\" content=\"article\" \/>\n<meta property=\"og:title\" content=\"spectral layers of movement\" \/>\n<meta property=\"og:description\" content=\"Interdyscyplinary project connecting the world of contemporary dance, new technologies and sound in a multilayer interactive installation where each element is equal.\u00a0\" \/>\n<meta property=\"og:url\" content=\"https:\/\/nck.krakow.pl\/kcc\/en\/spectral-layers-of-movement\/\" \/>\n<meta property=\"og:site_name\" content=\"Krakow Choreographic Centre\" \/>\n<meta property=\"article:publisher\" content=\"http:\/\/facebook.com\/kcc.nck\" \/>\n<meta property=\"article:modified_time\" content=\"2023-09-19T13:26:16+00:00\" \/>\n<meta property=\"og:image\" content=\"https:\/\/nck.krakow.pl\/kcc\/en\/wp-content\/uploads\/sites\/4\/2017\/12\/spectral-layers-of-movement.png\" \/>\n\t<meta property=\"og:image:width\" content=\"560\" \/>\n\t<meta property=\"og:image:height\" content=\"315\" \/>\n\t<meta property=\"og:image:type\" content=\"image\/png\" \/>\n<meta name=\"twitter:card\" content=\"summary_large_image\" \/>\n<meta name=\"twitter:label1\" content=\"Est. reading time\" \/>\n\t<meta name=\"twitter:data1\" content=\"1 minute\" \/>\n<script type=\"application\/ld+json\" class=\"yoast-schema-graph\">{\"@context\":\"https:\/\/schema.org\",\"@graph\":[{\"@type\":\"WebPage\",\"@id\":\"https:\/\/nck.krakow.pl\/kcc\/en\/spectral-layers-of-movement\/\",\"url\":\"https:\/\/nck.krakow.pl\/kcc\/en\/spectral-layers-of-movement\/\",\"name\":\"spectral layers of movement - Krakow Choreographic Centre\",\"isPartOf\":{\"@id\":\"https:\/\/nck.krakow.pl\/kcc\/en\/#website\"},\"datePublished\":\"2017-12-19T09:02:28+00:00\",\"dateModified\":\"2023-09-19T13:26:16+00:00\",\"breadcrumb\":{\"@id\":\"https:\/\/nck.krakow.pl\/kcc\/en\/spectral-layers-of-movement\/#breadcrumb\"},\"inLanguage\":\"en-US\",\"potentialAction\":[{\"@type\":\"ReadAction\",\"target\":[\"https:\/\/nck.krakow.pl\/kcc\/en\/spectral-layers-of-movement\/\"]}]},{\"@type\":\"BreadcrumbList\",\"@id\":\"https:\/\/nck.krakow.pl\/kcc\/en\/spectral-layers-of-movement\/#breadcrumb\",\"itemListElement\":[{\"@type\":\"ListItem\",\"position\":1,\"name\":\"Strona g\u0142\u00f3wna\",\"item\":\"https:\/\/nck.krakow.pl\/kcc\/en\/\"},{\"@type\":\"ListItem\",\"position\":2,\"name\":\"spectral layers of movement\"}]},{\"@type\":\"WebSite\",\"@id\":\"https:\/\/nck.krakow.pl\/kcc\/en\/#website\",\"url\":\"https:\/\/nck.krakow.pl\/kcc\/en\/\",\"name\":\"Krakow Choreographic Centre\",\"description\":\"\",\"publisher\":{\"@id\":\"https:\/\/nck.krakow.pl\/kcc\/en\/#organization\"},\"potentialAction\":[{\"@type\":\"SearchAction\",\"target\":{\"@type\":\"EntryPoint\",\"urlTemplate\":\"https:\/\/nck.krakow.pl\/kcc\/en\/?s={search_term_string}\"},\"query-input\":\"required name=search_term_string\"}],\"inLanguage\":\"en-US\"},{\"@type\":\"Organization\",\"@id\":\"https:\/\/nck.krakow.pl\/kcc\/en\/#organization\",\"name\":\"Krakow Choreographic Centre\",\"url\":\"https:\/\/nck.krakow.pl\/kcc\/en\/\",\"logo\":{\"@type\":\"ImageObject\",\"inLanguage\":\"en-US\",\"@id\":\"https:\/\/nck.krakow.pl\/kcc\/en\/#\/schema\/logo\/image\/\",\"url\":\"https:\/\/nck.krakow.pl\/kcc\/en\/wp-content\/uploads\/sites\/4\/2020\/04\/cropped-cropped-logo-kcc-2020en.png\",\"contentUrl\":\"https:\/\/nck.krakow.pl\/kcc\/en\/wp-content\/uploads\/sites\/4\/2020\/04\/cropped-cropped-logo-kcc-2020en.png\",\"width\":116,\"height\":55,\"caption\":\"Krakow Choreographic Centre\"},\"image\":{\"@id\":\"https:\/\/nck.krakow.pl\/kcc\/en\/#\/schema\/logo\/image\/\"},\"sameAs\":[\"http:\/\/facebook.com\/kcc.nck\"]}]}<\/script>\n<!-- \/ Yoast SEO plugin. -->","yoast_head_json":{"title":"spectral layers of movement - Krakow Choreographic Centre","robots":{"index":"index","follow":"follow","max-snippet":"max-snippet:-1","max-image-preview":"max-image-preview:large","max-video-preview":"max-video-preview:-1"},"canonical":"https:\/\/nck.krakow.pl\/kcc\/en\/spectral-layers-of-movement\/","og_locale":"en_US","og_type":"article","og_title":"spectral layers of movement","og_description":"Interdyscyplinary project connecting the world of contemporary dance, new technologies and sound in a multilayer interactive installation where each element is equal.\u00a0","og_url":"https:\/\/nck.krakow.pl\/kcc\/en\/spectral-layers-of-movement\/","og_site_name":"Krakow Choreographic Centre","article_publisher":"http:\/\/facebook.com\/kcc.nck","article_modified_time":"2023-09-19T13:26:16+00:00","og_image":[{"width":560,"height":315,"url":"https:\/\/nck.krakow.pl\/kcc\/en\/wp-content\/uploads\/sites\/4\/2017\/12\/spectral-layers-of-movement.png","type":"image\/png"}],"twitter_card":"summary_large_image","twitter_misc":{"Est. reading time":"1 minute"},"schema":{"@context":"https:\/\/schema.org","@graph":[{"@type":"WebPage","@id":"https:\/\/nck.krakow.pl\/kcc\/en\/spectral-layers-of-movement\/","url":"https:\/\/nck.krakow.pl\/kcc\/en\/spectral-layers-of-movement\/","name":"spectral layers of movement - Krakow Choreographic Centre","isPartOf":{"@id":"https:\/\/nck.krakow.pl\/kcc\/en\/#website"},"datePublished":"2017-12-19T09:02:28+00:00","dateModified":"2023-09-19T13:26:16+00:00","breadcrumb":{"@id":"https:\/\/nck.krakow.pl\/kcc\/en\/spectral-layers-of-movement\/#breadcrumb"},"inLanguage":"en-US","potentialAction":[{"@type":"ReadAction","target":["https:\/\/nck.krakow.pl\/kcc\/en\/spectral-layers-of-movement\/"]}]},{"@type":"BreadcrumbList","@id":"https:\/\/nck.krakow.pl\/kcc\/en\/spectral-layers-of-movement\/#breadcrumb","itemListElement":[{"@type":"ListItem","position":1,"name":"Strona g\u0142\u00f3wna","item":"https:\/\/nck.krakow.pl\/kcc\/en\/"},{"@type":"ListItem","position":2,"name":"spectral layers of movement"}]},{"@type":"WebSite","@id":"https:\/\/nck.krakow.pl\/kcc\/en\/#website","url":"https:\/\/nck.krakow.pl\/kcc\/en\/","name":"Krakow Choreographic Centre","description":"","publisher":{"@id":"https:\/\/nck.krakow.pl\/kcc\/en\/#organization"},"potentialAction":[{"@type":"SearchAction","target":{"@type":"EntryPoint","urlTemplate":"https:\/\/nck.krakow.pl\/kcc\/en\/?s={search_term_string}"},"query-input":"required name=search_term_string"}],"inLanguage":"en-US"},{"@type":"Organization","@id":"https:\/\/nck.krakow.pl\/kcc\/en\/#organization","name":"Krakow Choreographic Centre","url":"https:\/\/nck.krakow.pl\/kcc\/en\/","logo":{"@type":"ImageObject","inLanguage":"en-US","@id":"https:\/\/nck.krakow.pl\/kcc\/en\/#\/schema\/logo\/image\/","url":"https:\/\/nck.krakow.pl\/kcc\/en\/wp-content\/uploads\/sites\/4\/2020\/04\/cropped-cropped-logo-kcc-2020en.png","contentUrl":"https:\/\/nck.krakow.pl\/kcc\/en\/wp-content\/uploads\/sites\/4\/2020\/04\/cropped-cropped-logo-kcc-2020en.png","width":116,"height":55,"caption":"Krakow Choreographic Centre"},"image":{"@id":"https:\/\/nck.krakow.pl\/kcc\/en\/#\/schema\/logo\/image\/"},"sameAs":["http:\/\/facebook.com\/kcc.nck"]}]}},"_links":{"self":[{"href":"https:\/\/nck.krakow.pl\/kcc\/en\/wp-json\/wp\/v2\/pages\/452"}],"collection":[{"href":"https:\/\/nck.krakow.pl\/kcc\/en\/wp-json\/wp\/v2\/pages"}],"about":[{"href":"https:\/\/nck.krakow.pl\/kcc\/en\/wp-json\/wp\/v2\/types\/page"}],"author":[{"embeddable":true,"href":"https:\/\/nck.krakow.pl\/kcc\/en\/wp-json\/wp\/v2\/users\/5"}],"replies":[{"embeddable":true,"href":"https:\/\/nck.krakow.pl\/kcc\/en\/wp-json\/wp\/v2\/comments?post=452"}],"version-history":[{"count":12,"href":"https:\/\/nck.krakow.pl\/kcc\/en\/wp-json\/wp\/v2\/pages\/452\/revisions"}],"predecessor-version":[{"id":1450,"href":"https:\/\/nck.krakow.pl\/kcc\/en\/wp-json\/wp\/v2\/pages\/452\/revisions\/1450"}],"wp:attachment":[{"href":"https:\/\/nck.krakow.pl\/kcc\/en\/wp-json\/wp\/v2\/media?parent=452"}],"curies":[{"name":"wp","href":"https:\/\/api.w.org\/{rel}","templated":true}]}}