{"id":390,"date":"2017-08-07T10:42:21","date_gmt":"2017-08-07T08:42:21","guid":{"rendered":"https:\/\/nck.krakow.pl\/kcc\/en\/?page_id=390"},"modified":"2023-04-25T14:50:10","modified_gmt":"2023-04-25T12:50:10","slug":"celsius-38-around-centre-group","status":"publish","type":"page","link":"https:\/\/nck.krakow.pl\/kcc\/en\/celsius-38-around-centre-group\/","title":{"rendered":"&#8220;Celsius 38&#8221; Around Centre Group"},"content":{"rendered":"\n<figure class=\"wp-block-image size-full\"><img loading=\"lazy\" decoding=\"async\" width=\"1024\" height=\"684\" src=\"https:\/\/nck.krakow.pl\/kcc\/en\/wp-content\/uploads\/sites\/4\/2023\/04\/1glownaTC_burza-6-1024x684-1.jpg\" alt=\"\" class=\"wp-image-1388\" srcset=\"https:\/\/nck.krakow.pl\/kcc\/en\/wp-content\/uploads\/sites\/4\/2023\/04\/1glownaTC_burza-6-1024x684-1.jpg 1024w, https:\/\/nck.krakow.pl\/kcc\/en\/wp-content\/uploads\/sites\/4\/2023\/04\/1glownaTC_burza-6-1024x684-1-300x200.jpg 300w, https:\/\/nck.krakow.pl\/kcc\/en\/wp-content\/uploads\/sites\/4\/2023\/04\/1glownaTC_burza-6-1024x684-1-768x513.jpg 768w\" sizes=\"(max-width: 1024px) 100vw, 1024px\" \/><\/figure>\n\n\n\n<div style=\"height:30px\" aria-hidden=\"true\" class=\"wp-block-spacer\"><\/div>\n\n\n\n<h2 class=\"wp-block-heading\">&#8220;Celsius 38&#8221; Around Centre Group<\/h2>\n\n\n\n<p><strong>concept and choreography:<\/strong>&nbsp;Agata Mol\u0105g<br><strong>music:&nbsp;<\/strong>Marcin Janus<br><strong>dance:<\/strong>&nbsp;Around Centre Group \u2013 Agata Mol\u0105g, Monika \u015awieca, Marta Wo\u0142owiec and guests \u2013 Patryk Durski, Karol Mi\u0119kina, Volodymyr Ryga<br><strong>duration:<\/strong>&nbsp;35 min.<br><strong>premiere:<\/strong>&nbsp;06.07.2017 during 30th jubilee edition of the International Festival of Street Theatres ULICA<\/p>\n\n\n\n<p>A dance theatre show inspired by Ray Bradbury\u2019s novel \u201cFahrenheit 451\u201d. In our digital reality stuffed with electronics, where the internet, instead of books, has become a window on the world, it is hard to deny that the vision presented in that book is of current relevance. It is easier today to establish some kind of contact with a screen than with another human being and it is getting harder for us to deal with our emotions. We allow ourselves to be manipulated by the media and lose our system of values.<\/p>\n\n\n\n<p>The power of literature and art is immense. They can exert a great influence over society. The hero of Bradbury\u2019s novel discovers that when people are deprived of literature they lose their souls. We want to fight for it in defence of art as a means of self-expression and as a medium for voicing our critical views about the reality which surrounds us. Dance becomes here a form of struggle and of ecstatic and direct externalization of emotions through the body \u2013 a medium through which we experience the world and communicate with it.<br>The body, just like paper, can be set feverishly aflame in times of crisis.<\/p>\n\n\n\n<figure class=\"wp-block-gallery has-nested-images columns-3 is-cropped wp-block-gallery-1 is-layout-flex wp-block-gallery-is-layout-flex\">\n<figure class=\"wp-block-image size-large\"><img loading=\"lazy\" decoding=\"async\" width=\"1024\" height=\"683\" data-id=\"401\" src=\"https:\/\/nck.krakow.pl\/kcc\/en\/wp-content\/uploads\/sites\/4\/2017\/08\/38C-SIWEK99U-07783-1024x683.jpg\" alt=\"\" class=\"wp-image-401\" srcset=\"https:\/\/nck.krakow.pl\/kcc\/en\/wp-content\/uploads\/sites\/4\/2017\/08\/38C-SIWEK99U-07783-1024x683.jpg 1024w, https:\/\/nck.krakow.pl\/kcc\/en\/wp-content\/uploads\/sites\/4\/2017\/08\/38C-SIWEK99U-07783-300x200.jpg 300w, https:\/\/nck.krakow.pl\/kcc\/en\/wp-content\/uploads\/sites\/4\/2017\/08\/38C-SIWEK99U-07783-768x512.jpg 768w, https:\/\/nck.krakow.pl\/kcc\/en\/wp-content\/uploads\/sites\/4\/2017\/08\/38C-SIWEK99U-07783.jpg 1200w\" sizes=\"(max-width: 1024px) 100vw, 1024px\" \/><\/figure>\n\n\n\n<figure class=\"wp-block-image size-large\"><img loading=\"lazy\" decoding=\"async\" width=\"1024\" height=\"683\" data-id=\"393\" src=\"https:\/\/nck.krakow.pl\/kcc\/en\/wp-content\/uploads\/sites\/4\/2017\/08\/38C-SIWEK27-05950-1024x683.jpg\" alt=\"\" class=\"wp-image-393\" srcset=\"https:\/\/nck.krakow.pl\/kcc\/en\/wp-content\/uploads\/sites\/4\/2017\/08\/38C-SIWEK27-05950-1024x683.jpg 1024w, https:\/\/nck.krakow.pl\/kcc\/en\/wp-content\/uploads\/sites\/4\/2017\/08\/38C-SIWEK27-05950-300x200.jpg 300w, https:\/\/nck.krakow.pl\/kcc\/en\/wp-content\/uploads\/sites\/4\/2017\/08\/38C-SIWEK27-05950-768x512.jpg 768w, https:\/\/nck.krakow.pl\/kcc\/en\/wp-content\/uploads\/sites\/4\/2017\/08\/38C-SIWEK27-05950.jpg 1200w\" sizes=\"(max-width: 1024px) 100vw, 1024px\" \/><\/figure>\n\n\n\n<figure class=\"wp-block-image size-large\"><img loading=\"lazy\" decoding=\"async\" width=\"1024\" height=\"683\" data-id=\"392\" src=\"https:\/\/nck.krakow.pl\/kcc\/en\/wp-content\/uploads\/sites\/4\/2017\/08\/38C-SIWEK16-05887-1024x683.jpg\" alt=\"\" class=\"wp-image-392\" srcset=\"https:\/\/nck.krakow.pl\/kcc\/en\/wp-content\/uploads\/sites\/4\/2017\/08\/38C-SIWEK16-05887-1024x683.jpg 1024w, https:\/\/nck.krakow.pl\/kcc\/en\/wp-content\/uploads\/sites\/4\/2017\/08\/38C-SIWEK16-05887-300x200.jpg 300w, https:\/\/nck.krakow.pl\/kcc\/en\/wp-content\/uploads\/sites\/4\/2017\/08\/38C-SIWEK16-05887-768x512.jpg 768w, https:\/\/nck.krakow.pl\/kcc\/en\/wp-content\/uploads\/sites\/4\/2017\/08\/38C-SIWEK16-05887.jpg 1200w\" sizes=\"(max-width: 1024px) 100vw, 1024px\" \/><\/figure>\n\n\n\n<figure class=\"wp-block-image size-large\"><img loading=\"lazy\" decoding=\"async\" width=\"1024\" height=\"683\" data-id=\"400\" src=\"https:\/\/nck.krakow.pl\/kcc\/en\/wp-content\/uploads\/sites\/4\/2017\/08\/38C-SIWEK97-07705-1024x683.jpg\" alt=\"\" class=\"wp-image-400\" srcset=\"https:\/\/nck.krakow.pl\/kcc\/en\/wp-content\/uploads\/sites\/4\/2017\/08\/38C-SIWEK97-07705-1024x683.jpg 1024w, https:\/\/nck.krakow.pl\/kcc\/en\/wp-content\/uploads\/sites\/4\/2017\/08\/38C-SIWEK97-07705-300x200.jpg 300w, https:\/\/nck.krakow.pl\/kcc\/en\/wp-content\/uploads\/sites\/4\/2017\/08\/38C-SIWEK97-07705-768x512.jpg 768w, https:\/\/nck.krakow.pl\/kcc\/en\/wp-content\/uploads\/sites\/4\/2017\/08\/38C-SIWEK97-07705.jpg 1200w\" sizes=\"(max-width: 1024px) 100vw, 1024px\" \/><\/figure>\n\n\n\n<figure class=\"wp-block-image size-large\"><img loading=\"lazy\" decoding=\"async\" width=\"1024\" height=\"683\" data-id=\"399\" src=\"https:\/\/nck.krakow.pl\/kcc\/en\/wp-content\/uploads\/sites\/4\/2017\/08\/38C-SIWEK89-07811-1024x683.jpg\" alt=\"\" class=\"wp-image-399\" srcset=\"https:\/\/nck.krakow.pl\/kcc\/en\/wp-content\/uploads\/sites\/4\/2017\/08\/38C-SIWEK89-07811-1024x683.jpg 1024w, https:\/\/nck.krakow.pl\/kcc\/en\/wp-content\/uploads\/sites\/4\/2017\/08\/38C-SIWEK89-07811-300x200.jpg 300w, https:\/\/nck.krakow.pl\/kcc\/en\/wp-content\/uploads\/sites\/4\/2017\/08\/38C-SIWEK89-07811-768x512.jpg 768w, https:\/\/nck.krakow.pl\/kcc\/en\/wp-content\/uploads\/sites\/4\/2017\/08\/38C-SIWEK89-07811.jpg 1200w\" sizes=\"(max-width: 1024px) 100vw, 1024px\" \/><\/figure>\n\n\n\n<figure class=\"wp-block-image size-large\"><img loading=\"lazy\" decoding=\"async\" width=\"1024\" height=\"683\" data-id=\"391\" src=\"https:\/\/nck.krakow.pl\/kcc\/en\/wp-content\/uploads\/sites\/4\/2017\/08\/38C-SIWEK15-05877-1024x683.jpg\" alt=\"\" class=\"wp-image-391\" srcset=\"https:\/\/nck.krakow.pl\/kcc\/en\/wp-content\/uploads\/sites\/4\/2017\/08\/38C-SIWEK15-05877-1024x683.jpg 1024w, https:\/\/nck.krakow.pl\/kcc\/en\/wp-content\/uploads\/sites\/4\/2017\/08\/38C-SIWEK15-05877-300x200.jpg 300w, https:\/\/nck.krakow.pl\/kcc\/en\/wp-content\/uploads\/sites\/4\/2017\/08\/38C-SIWEK15-05877-768x512.jpg 768w, https:\/\/nck.krakow.pl\/kcc\/en\/wp-content\/uploads\/sites\/4\/2017\/08\/38C-SIWEK15-05877.jpg 1200w\" sizes=\"(max-width: 1024px) 100vw, 1024px\" \/><\/figure>\n\n\n\n<figure class=\"wp-block-image size-large\"><img loading=\"lazy\" decoding=\"async\" width=\"1024\" height=\"683\" data-id=\"398\" src=\"https:\/\/nck.krakow.pl\/kcc\/en\/wp-content\/uploads\/sites\/4\/2017\/08\/38C-SIWEK78-06125-1024x683.jpg\" alt=\"\" class=\"wp-image-398\" srcset=\"https:\/\/nck.krakow.pl\/kcc\/en\/wp-content\/uploads\/sites\/4\/2017\/08\/38C-SIWEK78-06125-1024x683.jpg 1024w, https:\/\/nck.krakow.pl\/kcc\/en\/wp-content\/uploads\/sites\/4\/2017\/08\/38C-SIWEK78-06125-300x200.jpg 300w, https:\/\/nck.krakow.pl\/kcc\/en\/wp-content\/uploads\/sites\/4\/2017\/08\/38C-SIWEK78-06125-768x512.jpg 768w, https:\/\/nck.krakow.pl\/kcc\/en\/wp-content\/uploads\/sites\/4\/2017\/08\/38C-SIWEK78-06125.jpg 1200w\" sizes=\"(max-width: 1024px) 100vw, 1024px\" \/><\/figure>\n\n\n\n<figure class=\"wp-block-image size-large\"><img loading=\"lazy\" decoding=\"async\" width=\"1024\" height=\"683\" data-id=\"397\" src=\"https:\/\/nck.krakow.pl\/kcc\/en\/wp-content\/uploads\/sites\/4\/2017\/08\/38C-SIWEK51-06041-1024x683.jpg\" alt=\"\" class=\"wp-image-397\" srcset=\"https:\/\/nck.krakow.pl\/kcc\/en\/wp-content\/uploads\/sites\/4\/2017\/08\/38C-SIWEK51-06041-1024x683.jpg 1024w, https:\/\/nck.krakow.pl\/kcc\/en\/wp-content\/uploads\/sites\/4\/2017\/08\/38C-SIWEK51-06041-300x200.jpg 300w, https:\/\/nck.krakow.pl\/kcc\/en\/wp-content\/uploads\/sites\/4\/2017\/08\/38C-SIWEK51-06041-768x512.jpg 768w, https:\/\/nck.krakow.pl\/kcc\/en\/wp-content\/uploads\/sites\/4\/2017\/08\/38C-SIWEK51-06041.jpg 1200w\" sizes=\"(max-width: 1024px) 100vw, 1024px\" \/><\/figure>\n\n\n\n<figure class=\"wp-block-image size-large\"><img loading=\"lazy\" decoding=\"async\" width=\"1024\" height=\"683\" data-id=\"396\" src=\"https:\/\/nck.krakow.pl\/kcc\/en\/wp-content\/uploads\/sites\/4\/2017\/08\/38C-SIWEK38-06011-1024x683.jpg\" alt=\"\" class=\"wp-image-396\" srcset=\"https:\/\/nck.krakow.pl\/kcc\/en\/wp-content\/uploads\/sites\/4\/2017\/08\/38C-SIWEK38-06011-1024x683.jpg 1024w, https:\/\/nck.krakow.pl\/kcc\/en\/wp-content\/uploads\/sites\/4\/2017\/08\/38C-SIWEK38-06011-300x200.jpg 300w, https:\/\/nck.krakow.pl\/kcc\/en\/wp-content\/uploads\/sites\/4\/2017\/08\/38C-SIWEK38-06011-768x512.jpg 768w, https:\/\/nck.krakow.pl\/kcc\/en\/wp-content\/uploads\/sites\/4\/2017\/08\/38C-SIWEK38-06011.jpg 1200w\" sizes=\"(max-width: 1024px) 100vw, 1024px\" \/><\/figure>\n\n\n\n<figure class=\"wp-block-image size-large\"><img loading=\"lazy\" decoding=\"async\" width=\"1024\" height=\"683\" data-id=\"395\" src=\"https:\/\/nck.krakow.pl\/kcc\/en\/wp-content\/uploads\/sites\/4\/2017\/08\/38C-SIWEK33-05974-1024x683.jpg\" alt=\"\" class=\"wp-image-395\" srcset=\"https:\/\/nck.krakow.pl\/kcc\/en\/wp-content\/uploads\/sites\/4\/2017\/08\/38C-SIWEK33-05974-1024x683.jpg 1024w, https:\/\/nck.krakow.pl\/kcc\/en\/wp-content\/uploads\/sites\/4\/2017\/08\/38C-SIWEK33-05974-300x200.jpg 300w, https:\/\/nck.krakow.pl\/kcc\/en\/wp-content\/uploads\/sites\/4\/2017\/08\/38C-SIWEK33-05974-768x512.jpg 768w, https:\/\/nck.krakow.pl\/kcc\/en\/wp-content\/uploads\/sites\/4\/2017\/08\/38C-SIWEK33-05974.jpg 1200w\" sizes=\"(max-width: 1024px) 100vw, 1024px\" \/><\/figure>\n\n\n\n<figure class=\"wp-block-image size-large\"><img loading=\"lazy\" decoding=\"async\" width=\"1024\" height=\"683\" data-id=\"394\" src=\"https:\/\/nck.krakow.pl\/kcc\/en\/wp-content\/uploads\/sites\/4\/2017\/08\/38C-SIWEK31-05960-1024x683.jpg\" alt=\"\" class=\"wp-image-394\" srcset=\"https:\/\/nck.krakow.pl\/kcc\/en\/wp-content\/uploads\/sites\/4\/2017\/08\/38C-SIWEK31-05960-1024x683.jpg 1024w, https:\/\/nck.krakow.pl\/kcc\/en\/wp-content\/uploads\/sites\/4\/2017\/08\/38C-SIWEK31-05960-300x200.jpg 300w, https:\/\/nck.krakow.pl\/kcc\/en\/wp-content\/uploads\/sites\/4\/2017\/08\/38C-SIWEK31-05960-768x512.jpg 768w, https:\/\/nck.krakow.pl\/kcc\/en\/wp-content\/uploads\/sites\/4\/2017\/08\/38C-SIWEK31-05960.jpg 1200w\" sizes=\"(max-width: 1024px) 100vw, 1024px\" \/><\/figure>\n<\/figure>\n\n\n\n<p>photo: Robert Siwek<\/p>\n","protected":false},"excerpt":{"rendered":"<p>&#8220;Celsius 38&#8221; Around Centre Group concept and choreography:&nbsp;Agata Mol\u0105gmusic:&nbsp;Marcin Janusdance:&nbsp;Around Centre Group \u2013 Agata Mol\u0105g, Monika \u015awieca, Marta Wo\u0142owiec and guests \u2013 Patryk Durski, Karol Mi\u0119kina, Volodymyr Rygaduration:&nbsp;35 min.premiere:&nbsp;06.07.2017 during 30th jubilee edition of the International Festival of Street Theatres ULICA A dance theatre show inspired by Ray Bradbury\u2019s novel \u201cFahrenheit 451\u201d. In our digital [&hellip;]<\/p>\n","protected":false},"author":5,"featured_media":0,"parent":0,"menu_order":0,"comment_status":"closed","ping_status":"closed","template":"","meta":{"footnotes":""},"class_list":["post-390","page","type-page","status-publish","hentry"],"yoast_head":"<!-- This site is optimized with the Yoast SEO plugin v19.12 - https:\/\/yoast.com\/wordpress\/plugins\/seo\/ -->\n<title>&quot;Celsius 38&quot; Around Centre Group - Krakow Choreographic Centre<\/title>\n<meta name=\"robots\" content=\"index, follow, max-snippet:-1, max-image-preview:large, max-video-preview:-1\" \/>\n<link rel=\"canonical\" href=\"https:\/\/nck.krakow.pl\/kcc\/en\/celsius-38-around-centre-group\/\" \/>\n<meta property=\"og:locale\" content=\"en_US\" \/>\n<meta property=\"og:type\" content=\"article\" \/>\n<meta property=\"og:title\" content=\"&quot;Celsius 38&quot; Around Centre Group - Krakow Choreographic Centre\" \/>\n<meta property=\"og:description\" content=\"&#8220;Celsius 38&#8221; Around Centre Group concept and choreography:&nbsp;Agata Mol\u0105gmusic:&nbsp;Marcin Janusdance:&nbsp;Around Centre Group \u2013 Agata Mol\u0105g, Monika \u015awieca, Marta Wo\u0142owiec and guests \u2013 Patryk Durski, Karol Mi\u0119kina, Volodymyr Rygaduration:&nbsp;35 min.premiere:&nbsp;06.07.2017 during 30th jubilee edition of the International Festival of Street Theatres ULICA A dance theatre show inspired by Ray Bradbury\u2019s novel \u201cFahrenheit 451\u201d. In our digital [&hellip;]\" \/>\n<meta property=\"og:url\" content=\"https:\/\/nck.krakow.pl\/kcc\/en\/celsius-38-around-centre-group\/\" \/>\n<meta property=\"og:site_name\" content=\"Krakow Choreographic Centre\" \/>\n<meta property=\"article:publisher\" content=\"http:\/\/facebook.com\/kcc.nck\" \/>\n<meta property=\"article:modified_time\" content=\"2023-04-25T12:50:10+00:00\" \/>\n<meta property=\"og:image\" content=\"https:\/\/nck.krakow.pl\/kcc\/en\/wp-content\/uploads\/sites\/4\/2023\/04\/1glownaTC_burza-6-1024x684-1.jpg\" \/>\n<meta name=\"twitter:card\" content=\"summary_large_image\" \/>\n<meta name=\"twitter:label1\" content=\"Est. reading time\" \/>\n\t<meta name=\"twitter:data1\" content=\"4 minutes\" \/>\n<script type=\"application\/ld+json\" class=\"yoast-schema-graph\">{\"@context\":\"https:\/\/schema.org\",\"@graph\":[{\"@type\":\"WebPage\",\"@id\":\"https:\/\/nck.krakow.pl\/kcc\/en\/celsius-38-around-centre-group\/\",\"url\":\"https:\/\/nck.krakow.pl\/kcc\/en\/celsius-38-around-centre-group\/\",\"name\":\"\\\"Celsius 38\\\" Around Centre Group - Krakow Choreographic Centre\",\"isPartOf\":{\"@id\":\"https:\/\/nck.krakow.pl\/kcc\/en\/#website\"},\"datePublished\":\"2017-08-07T08:42:21+00:00\",\"dateModified\":\"2023-04-25T12:50:10+00:00\",\"breadcrumb\":{\"@id\":\"https:\/\/nck.krakow.pl\/kcc\/en\/celsius-38-around-centre-group\/#breadcrumb\"},\"inLanguage\":\"en-US\",\"potentialAction\":[{\"@type\":\"ReadAction\",\"target\":[\"https:\/\/nck.krakow.pl\/kcc\/en\/celsius-38-around-centre-group\/\"]}]},{\"@type\":\"BreadcrumbList\",\"@id\":\"https:\/\/nck.krakow.pl\/kcc\/en\/celsius-38-around-centre-group\/#breadcrumb\",\"itemListElement\":[{\"@type\":\"ListItem\",\"position\":1,\"name\":\"Strona g\u0142\u00f3wna\",\"item\":\"https:\/\/nck.krakow.pl\/kcc\/en\/\"},{\"@type\":\"ListItem\",\"position\":2,\"name\":\"&#8220;Celsius 38&#8221; Around Centre Group\"}]},{\"@type\":\"WebSite\",\"@id\":\"https:\/\/nck.krakow.pl\/kcc\/en\/#website\",\"url\":\"https:\/\/nck.krakow.pl\/kcc\/en\/\",\"name\":\"Krakow Choreographic Centre\",\"description\":\"\",\"publisher\":{\"@id\":\"https:\/\/nck.krakow.pl\/kcc\/en\/#organization\"},\"potentialAction\":[{\"@type\":\"SearchAction\",\"target\":{\"@type\":\"EntryPoint\",\"urlTemplate\":\"https:\/\/nck.krakow.pl\/kcc\/en\/?s={search_term_string}\"},\"query-input\":\"required name=search_term_string\"}],\"inLanguage\":\"en-US\"},{\"@type\":\"Organization\",\"@id\":\"https:\/\/nck.krakow.pl\/kcc\/en\/#organization\",\"name\":\"Krakow Choreographic Centre\",\"url\":\"https:\/\/nck.krakow.pl\/kcc\/en\/\",\"logo\":{\"@type\":\"ImageObject\",\"inLanguage\":\"en-US\",\"@id\":\"https:\/\/nck.krakow.pl\/kcc\/en\/#\/schema\/logo\/image\/\",\"url\":\"https:\/\/nck.krakow.pl\/kcc\/en\/wp-content\/uploads\/sites\/4\/2020\/04\/cropped-cropped-logo-kcc-2020en.png\",\"contentUrl\":\"https:\/\/nck.krakow.pl\/kcc\/en\/wp-content\/uploads\/sites\/4\/2020\/04\/cropped-cropped-logo-kcc-2020en.png\",\"width\":116,\"height\":55,\"caption\":\"Krakow Choreographic Centre\"},\"image\":{\"@id\":\"https:\/\/nck.krakow.pl\/kcc\/en\/#\/schema\/logo\/image\/\"},\"sameAs\":[\"http:\/\/facebook.com\/kcc.nck\"]}]}<\/script>\n<!-- \/ Yoast SEO plugin. -->","yoast_head_json":{"title":"\"Celsius 38\" Around Centre Group - Krakow Choreographic Centre","robots":{"index":"index","follow":"follow","max-snippet":"max-snippet:-1","max-image-preview":"max-image-preview:large","max-video-preview":"max-video-preview:-1"},"canonical":"https:\/\/nck.krakow.pl\/kcc\/en\/celsius-38-around-centre-group\/","og_locale":"en_US","og_type":"article","og_title":"\"Celsius 38\" Around Centre Group - Krakow Choreographic Centre","og_description":"&#8220;Celsius 38&#8221; Around Centre Group concept and choreography:&nbsp;Agata Mol\u0105gmusic:&nbsp;Marcin Janusdance:&nbsp;Around Centre Group \u2013 Agata Mol\u0105g, Monika \u015awieca, Marta Wo\u0142owiec and guests \u2013 Patryk Durski, Karol Mi\u0119kina, Volodymyr Rygaduration:&nbsp;35 min.premiere:&nbsp;06.07.2017 during 30th jubilee edition of the International Festival of Street Theatres ULICA A dance theatre show inspired by Ray Bradbury\u2019s novel \u201cFahrenheit 451\u201d. In our digital [&hellip;]","og_url":"https:\/\/nck.krakow.pl\/kcc\/en\/celsius-38-around-centre-group\/","og_site_name":"Krakow Choreographic Centre","article_publisher":"http:\/\/facebook.com\/kcc.nck","article_modified_time":"2023-04-25T12:50:10+00:00","og_image":[{"url":"https:\/\/nck.krakow.pl\/kcc\/en\/wp-content\/uploads\/sites\/4\/2023\/04\/1glownaTC_burza-6-1024x684-1.jpg"}],"twitter_card":"summary_large_image","twitter_misc":{"Est. reading time":"4 minutes"},"schema":{"@context":"https:\/\/schema.org","@graph":[{"@type":"WebPage","@id":"https:\/\/nck.krakow.pl\/kcc\/en\/celsius-38-around-centre-group\/","url":"https:\/\/nck.krakow.pl\/kcc\/en\/celsius-38-around-centre-group\/","name":"\"Celsius 38\" Around Centre Group - Krakow Choreographic Centre","isPartOf":{"@id":"https:\/\/nck.krakow.pl\/kcc\/en\/#website"},"datePublished":"2017-08-07T08:42:21+00:00","dateModified":"2023-04-25T12:50:10+00:00","breadcrumb":{"@id":"https:\/\/nck.krakow.pl\/kcc\/en\/celsius-38-around-centre-group\/#breadcrumb"},"inLanguage":"en-US","potentialAction":[{"@type":"ReadAction","target":["https:\/\/nck.krakow.pl\/kcc\/en\/celsius-38-around-centre-group\/"]}]},{"@type":"BreadcrumbList","@id":"https:\/\/nck.krakow.pl\/kcc\/en\/celsius-38-around-centre-group\/#breadcrumb","itemListElement":[{"@type":"ListItem","position":1,"name":"Strona g\u0142\u00f3wna","item":"https:\/\/nck.krakow.pl\/kcc\/en\/"},{"@type":"ListItem","position":2,"name":"&#8220;Celsius 38&#8221; Around Centre Group"}]},{"@type":"WebSite","@id":"https:\/\/nck.krakow.pl\/kcc\/en\/#website","url":"https:\/\/nck.krakow.pl\/kcc\/en\/","name":"Krakow Choreographic Centre","description":"","publisher":{"@id":"https:\/\/nck.krakow.pl\/kcc\/en\/#organization"},"potentialAction":[{"@type":"SearchAction","target":{"@type":"EntryPoint","urlTemplate":"https:\/\/nck.krakow.pl\/kcc\/en\/?s={search_term_string}"},"query-input":"required name=search_term_string"}],"inLanguage":"en-US"},{"@type":"Organization","@id":"https:\/\/nck.krakow.pl\/kcc\/en\/#organization","name":"Krakow Choreographic Centre","url":"https:\/\/nck.krakow.pl\/kcc\/en\/","logo":{"@type":"ImageObject","inLanguage":"en-US","@id":"https:\/\/nck.krakow.pl\/kcc\/en\/#\/schema\/logo\/image\/","url":"https:\/\/nck.krakow.pl\/kcc\/en\/wp-content\/uploads\/sites\/4\/2020\/04\/cropped-cropped-logo-kcc-2020en.png","contentUrl":"https:\/\/nck.krakow.pl\/kcc\/en\/wp-content\/uploads\/sites\/4\/2020\/04\/cropped-cropped-logo-kcc-2020en.png","width":116,"height":55,"caption":"Krakow Choreographic Centre"},"image":{"@id":"https:\/\/nck.krakow.pl\/kcc\/en\/#\/schema\/logo\/image\/"},"sameAs":["http:\/\/facebook.com\/kcc.nck"]}]}},"_links":{"self":[{"href":"https:\/\/nck.krakow.pl\/kcc\/en\/wp-json\/wp\/v2\/pages\/390"}],"collection":[{"href":"https:\/\/nck.krakow.pl\/kcc\/en\/wp-json\/wp\/v2\/pages"}],"about":[{"href":"https:\/\/nck.krakow.pl\/kcc\/en\/wp-json\/wp\/v2\/types\/page"}],"author":[{"embeddable":true,"href":"https:\/\/nck.krakow.pl\/kcc\/en\/wp-json\/wp\/v2\/users\/5"}],"replies":[{"embeddable":true,"href":"https:\/\/nck.krakow.pl\/kcc\/en\/wp-json\/wp\/v2\/comments?post=390"}],"version-history":[{"count":3,"href":"https:\/\/nck.krakow.pl\/kcc\/en\/wp-json\/wp\/v2\/pages\/390\/revisions"}],"predecessor-version":[{"id":1389,"href":"https:\/\/nck.krakow.pl\/kcc\/en\/wp-json\/wp\/v2\/pages\/390\/revisions\/1389"}],"wp:attachment":[{"href":"https:\/\/nck.krakow.pl\/kcc\/en\/wp-json\/wp\/v2\/media?parent=390"}],"curies":[{"name":"wp","href":"https:\/\/api.w.org\/{rel}","templated":true}]}}