{"id":2272,"date":"2026-01-14T11:15:17","date_gmt":"2026-01-14T10:15:17","guid":{"rendered":"https:\/\/nck.krakow.pl\/kcc\/en\/?page_id=2272"},"modified":"2026-01-14T11:16:42","modified_gmt":"2026-01-14T10:16:42","slug":"rooms-by-the-sea-exercises-in-listening","status":"publish","type":"page","link":"https:\/\/nck.krakow.pl\/kcc\/en\/rooms-by-the-sea-exercises-in-listening\/","title":{"rendered":"Rooms by the sea. Exercises in listening"},"content":{"rendered":"\n<p><strong>Concept, choreography, visual dramaturgy:<\/strong> Joanna Le\u015bnierowska<br><strong>Soundscape and voice coaching:<\/strong> Katarzyna Sitarz<br><strong>Movement and performance:<\/strong> Karol Mi\u0119kina, Piotr Skalski, Monika Szpunar, Monika W\u0119grzynowicz, Dominika Wiak<br><strong>Movement coaching:<\/strong> Janusz Orlik<br><strong>Costumes:<\/strong> Monika W\u0119grzynowicz (yellow jacket designed by Michiel Keuper \/ performance \u2018blur\u2019)<br><strong>Sound mastering and vocal recordings:<\/strong> Brave Records<br><strong>Graphic design:<\/strong> Micha\u0142 Andrzej \u0141uczak, Anna Zieli\u0144ska photoholicstudio.pl<br><strong>Production coordination:<\/strong> Agnieszka Bara\u0144ska-Kozik, Aleksandra Honza<br><strong>Production:<\/strong> Krakowskie Centrum Choreograficzne &#8211; Nowohuckie Centrum Kultury, Joanna Le\u015bnierowska SFX<\/p>\n\n\n\n<p class=\"has-text-align-right\">The end of everything we know<\/p>\n\n\n\n<p class=\"has-text-align-right\">And our alignment with it,<\/p>\n\n\n\n<p class=\"has-text-align-right\">with all that cacophonic jazz and<\/p>\n\n\n\n<p class=\"has-text-align-right\">with the siren whisps<\/p>\n\n\n\n<p class=\"has-text-align-right\">dictates our path and rhythym.<\/p>\n\n\n\n<p class=\"has-text-align-right\">Oh World<\/p>\n\n\n\n<p class=\"has-text-align-right\">That constantly falls into pieces &#8211;<\/p>\n\n\n\n<p class=\"has-text-align-right\">you against and<\/p>\n\n\n\n<p class=\"has-text-align-right\">you to meet<\/p>\n\n\n\n<p class=\"has-text-align-right\">&#8211; here we set off!<\/p>\n\n\n\n<p class=\"has-text-align-right\">&nbsp;What\u2019s ahead<\/p>\n\n\n\n<p class=\"has-text-align-right\">appears barely an afterimage<\/p>\n\n\n\n<p class=\"has-text-align-right\">or<\/p>\n\n\n\n<p class=\"has-text-align-right\">the tip of an iceberg<\/p>\n\n\n\n<p class=\"has-text-align-right\">stubbornly drifting in the distance.<\/p>\n\n\n\n<p class=\"has-text-align-right\">What\u2019s behind<\/p>\n\n\n\n<p class=\"has-text-align-right\">freezes out of breath<\/p>\n\n\n\n<p class=\"has-text-align-right\">just about to lose its form<\/p>\n\n\n\n<p class=\"has-text-align-right\">exposed to the inexorable influence&nbsp;&nbsp;&nbsp;<\/p>\n\n\n\n<p class=\"has-text-align-right\">of time, gravity and distance.<\/p>\n\n\n\n<p class=\"has-text-align-right\">Balancing<\/p>\n\n\n\n<p class=\"has-text-align-right\">in The In-Between<\/p>\n\n\n\n<p class=\"has-text-align-right\">we indulge in the successive tides<\/p>\n\n\n\n<p class=\"has-text-align-right\">celebrating<\/p>\n\n\n\n<p class=\"has-text-align-right\">each step on the way<\/p>\n\n\n\n<p class=\"has-text-align-right\">that leads us through a landscape woven&nbsp;<\/p>\n\n\n\n<p class=\"has-text-align-right\">of images and sounds<\/p>\n\n\n\n<p class=\"has-text-align-right\">rippling.<\/p>\n\n\n\n<p class=\"has-text-align-right\">Listening to the breath of the night&nbsp;<\/p>\n\n\n\n<p class=\"has-text-align-right\">&nbsp;we keep calling each other<\/p>\n\n\n\n<p class=\"has-text-align-right\">throwing ourselves into storm<\/p>\n\n\n\n<p class=\"has-text-align-right\">and facing boldly the waves<\/p>\n\n\n\n<p class=\"has-text-align-right\">aware that<\/p>\n\n\n\n<p class=\"has-text-align-right\">we\u2019ve already passed the point,<\/p>\n\n\n\n<p class=\"has-text-align-right\">at which we can turn back.<\/p>\n\n\n\n<p class=\"has-text-align-right\">Oh World<\/p>\n\n\n\n<p class=\"has-text-align-right\">that endlessly baits us with your mirages,<\/p>\n\n\n\n<p class=\"has-text-align-right\">loosen your embrace,<\/p>\n\n\n\n<p class=\"has-text-align-right\">let us go as we also let!<\/p>\n\n\n\n<p class=\"has-text-align-right\">Oh World<\/p>\n\n\n\n<p class=\"has-text-align-right\">that keeps passing under the eyelids &#8211;<\/p>\n\n\n\n<p class=\"has-text-align-right\">let us bow to each other, and<\/p>\n\n\n\n<p class=\"has-text-align-right\">Let us continue&nbsp;&nbsp;<\/p>\n\n\n\n<p class=\"has-text-align-right\">&#8211; there!<\/p>\n\n\n\n<p class=\"has-text-align-right\">Where we never arrive,<\/p>\n\n\n\n<p class=\"has-text-align-right\">Where we never cease heading.<\/p>\n\n\n\n<p>The five characters embark on a journey, persistently crossing landscapes rich in micro-gestures and sounds. The outer and inner worlds collide, offering audience insight into the ambiguous, yet familiar states of loss, suspension, alienation, and distance (including from each other), as well as a longing for the indefinable, which often escapes comprehension.<\/p>\n\n\n\n<p>In choreography, Lesnierowska reactivates the choreographic language she has been developing for more than a decade. This language seeks both physical and visual representation of the idea of a polyphonic body: a body that contains many voices coexisting within it, struggling with these excess voices, cacophony, and noise. It is a movement that strives to represent emotional states that often escape clear comprehension and words.<\/p>\n\n\n\n<figure class=\"wp-block-embed is-type-video is-provider-vimeo wp-block-embed-vimeo wp-embed-aspect-16-9 wp-has-aspect-ratio\"><div class=\"wp-block-embed__wrapper\">\n<iframe loading=\"lazy\" title=\"trailer Rooms by the sea. \u0106wiczenia w s\u0142uchaniu - Joanna Le\u015bnierowska\" src=\"https:\/\/player.vimeo.com\/video\/1025864647?dnt=1&amp;app_id=122963\" width=\"768\" height=\"432\" frameborder=\"0\" allow=\"autoplay; fullscreen; picture-in-picture; clipboard-write; encrypted-media; web-share\" referrerpolicy=\"strict-origin-when-cross-origin\"><\/iframe>\n<\/div><\/figure>\n\n\n\n<figure class=\"wp-block-gallery has-nested-images columns-default is-cropped wp-block-gallery-1 is-layout-flex wp-block-gallery-is-layout-flex\">\n<figure class=\"wp-block-image size-large\"><a href=\"https:\/\/nck.krakow.pl\/kcc\/en\/wp-content\/uploads\/sites\/4\/2026\/01\/2.jpg\"><img loading=\"lazy\" decoding=\"async\" width=\"1536\" height=\"1023\" data-id=\"2274\" src=\"https:\/\/nck.krakow.pl\/kcc\/en\/wp-content\/uploads\/sites\/4\/2026\/01\/2-1024x682.jpg\" alt=\"\" class=\"wp-image-2274\" srcset=\"https:\/\/nck.krakow.pl\/kcc\/en\/wp-content\/uploads\/sites\/4\/2026\/01\/2-1024x682.jpg 1024w, https:\/\/nck.krakow.pl\/kcc\/en\/wp-content\/uploads\/sites\/4\/2026\/01\/2-300x200.jpg 300w, https:\/\/nck.krakow.pl\/kcc\/en\/wp-content\/uploads\/sites\/4\/2026\/01\/2-768x512.jpg 768w, https:\/\/nck.krakow.pl\/kcc\/en\/wp-content\/uploads\/sites\/4\/2026\/01\/2.jpg 1536w\" sizes=\"(max-width: 1536px) 100vw, 1536px\" \/><\/a><\/figure>\n\n\n\n<figure class=\"wp-block-image size-large\"><a href=\"https:\/\/nck.krakow.pl\/kcc\/en\/wp-content\/uploads\/sites\/4\/2026\/01\/3.jpg\"><img loading=\"lazy\" decoding=\"async\" width=\"683\" height=\"1024\" data-id=\"2277\" src=\"https:\/\/nck.krakow.pl\/kcc\/en\/wp-content\/uploads\/sites\/4\/2026\/01\/3-683x1024.jpg\" alt=\"\" class=\"wp-image-2277\" srcset=\"https:\/\/nck.krakow.pl\/kcc\/en\/wp-content\/uploads\/sites\/4\/2026\/01\/3-683x1024.jpg 683w, https:\/\/nck.krakow.pl\/kcc\/en\/wp-content\/uploads\/sites\/4\/2026\/01\/3-200x300.jpg 200w, https:\/\/nck.krakow.pl\/kcc\/en\/wp-content\/uploads\/sites\/4\/2026\/01\/3-768x1152.jpg 768w, https:\/\/nck.krakow.pl\/kcc\/en\/wp-content\/uploads\/sites\/4\/2026\/01\/3.jpg 1024w\" sizes=\"(max-width: 683px) 100vw, 683px\" \/><\/a><\/figure>\n\n\n\n<figure class=\"wp-block-image size-large\"><a href=\"https:\/\/nck.krakow.pl\/kcc\/en\/wp-content\/uploads\/sites\/4\/2026\/01\/4.jpg\"><img loading=\"lazy\" decoding=\"async\" width=\"1024\" height=\"683\" data-id=\"2275\" src=\"https:\/\/nck.krakow.pl\/kcc\/en\/wp-content\/uploads\/sites\/4\/2026\/01\/4-1024x683.jpg\" alt=\"\" class=\"wp-image-2275\" srcset=\"https:\/\/nck.krakow.pl\/kcc\/en\/wp-content\/uploads\/sites\/4\/2026\/01\/4-1024x683.jpg 1024w, https:\/\/nck.krakow.pl\/kcc\/en\/wp-content\/uploads\/sites\/4\/2026\/01\/4-300x200.jpg 300w, https:\/\/nck.krakow.pl\/kcc\/en\/wp-content\/uploads\/sites\/4\/2026\/01\/4-768x512.jpg 768w, https:\/\/nck.krakow.pl\/kcc\/en\/wp-content\/uploads\/sites\/4\/2026\/01\/4.jpg 1347w\" sizes=\"(max-width: 1024px) 100vw, 1024px\" \/><\/a><\/figure>\n\n\n\n<figure class=\"wp-block-image size-large\"><a href=\"https:\/\/nck.krakow.pl\/kcc\/en\/wp-content\/uploads\/sites\/4\/2026\/01\/5.jpg\"><img loading=\"lazy\" decoding=\"async\" width=\"1024\" height=\"683\" data-id=\"2276\" src=\"https:\/\/nck.krakow.pl\/kcc\/en\/wp-content\/uploads\/sites\/4\/2026\/01\/5-1024x683.jpg\" alt=\"\" class=\"wp-image-2276\" srcset=\"https:\/\/nck.krakow.pl\/kcc\/en\/wp-content\/uploads\/sites\/4\/2026\/01\/5-1024x683.jpg 1024w, https:\/\/nck.krakow.pl\/kcc\/en\/wp-content\/uploads\/sites\/4\/2026\/01\/5-300x200.jpg 300w, https:\/\/nck.krakow.pl\/kcc\/en\/wp-content\/uploads\/sites\/4\/2026\/01\/5-768x512.jpg 768w, https:\/\/nck.krakow.pl\/kcc\/en\/wp-content\/uploads\/sites\/4\/2026\/01\/5.jpg 1536w\" sizes=\"(max-width: 1024px) 100vw, 1024px\" \/><\/a><\/figure>\n\n\n\n<figure class=\"wp-block-image size-large\"><a href=\"https:\/\/nck.krakow.pl\/kcc\/en\/wp-content\/uploads\/sites\/4\/2026\/01\/6.jpg\"><img loading=\"lazy\" decoding=\"async\" width=\"1024\" height=\"683\" data-id=\"2278\" src=\"https:\/\/nck.krakow.pl\/kcc\/en\/wp-content\/uploads\/sites\/4\/2026\/01\/6-1024x683.jpg\" alt=\"\" class=\"wp-image-2278\" srcset=\"https:\/\/nck.krakow.pl\/kcc\/en\/wp-content\/uploads\/sites\/4\/2026\/01\/6-1024x683.jpg 1024w, https:\/\/nck.krakow.pl\/kcc\/en\/wp-content\/uploads\/sites\/4\/2026\/01\/6-300x200.jpg 300w, https:\/\/nck.krakow.pl\/kcc\/en\/wp-content\/uploads\/sites\/4\/2026\/01\/6-768x512.jpg 768w, https:\/\/nck.krakow.pl\/kcc\/en\/wp-content\/uploads\/sites\/4\/2026\/01\/6.jpg 1536w\" sizes=\"(max-width: 1024px) 100vw, 1024px\" \/><\/a><\/figure>\n<\/figure>\n\n\n\n<div style=\"height:50px\" aria-hidden=\"true\" class=\"wp-block-spacer\"><\/div>\n\n\n\n<blockquote class=\"wp-block-quote is-layout-flow wp-block-quote-is-layout-flow\">\n<p class=\"wp-embed-aspect-16-9 wp-has-aspect-ratio\">\u2018I think <em>Rooms by the sea<\/em> is not only a journey through spaces and emotions, but also an intense exercise in listening, seeing and feeling. With each scene, the dancers and the audience together discover new horizons that are at our fingertips yet remain ungraspable. Whether we close our eyes or keep them wide open, we are guided through a world full of contrasts &#8211; silence and noise, tenderness and tension, light and darkness\u2019.<\/p>\n\n\n\n<p class=\"wp-embed-aspect-16-9 wp-has-aspect-ratio\"><em>For me, the best place to rest is in a room by the sea.<\/em><\/p>\n\n\n\n<p class=\"wp-embed-aspect-16-9 wp-has-aspect-ratio\"><em>&#8211; about listening and watching<\/em> by Karolina Graca<\/p>\n<\/blockquote>\n\n\n\n<p>full text on nck.krakow.pl<\/p>\n\n\n\n<p>Photo: Klaudyna Schubert<\/p>\n","protected":false},"excerpt":{"rendered":"<p>Concept, choreography, visual dramaturgy: Joanna Le\u015bnierowskaSoundscape and voice coaching: Katarzyna SitarzMovement and performance: Karol Mi\u0119kina, Piotr Skalski, Monika Szpunar, Monika W\u0119grzynowicz, Dominika WiakMovement coaching: Janusz OrlikCostumes: Monika W\u0119grzynowicz (yellow jacket designed by Michiel Keuper \/ performance \u2018blur\u2019)Sound mastering and vocal recordings: Brave RecordsGraphic design: Micha\u0142 Andrzej \u0141uczak, Anna Zieli\u0144ska photoholicstudio.plProduction coordination: Agnieszka Bara\u0144ska-Kozik, Aleksandra HonzaProduction: [&hellip;]<\/p>\n","protected":false},"author":5,"featured_media":0,"parent":0,"menu_order":0,"comment_status":"closed","ping_status":"closed","template":"","meta":{"footnotes":""},"class_list":["post-2272","page","type-page","status-publish","hentry"],"yoast_head":"<!-- This site is optimized with the Yoast SEO plugin v19.12 - https:\/\/yoast.com\/wordpress\/plugins\/seo\/ -->\n<title>Rooms by the sea. Exercises in listening - Krakow Choreographic Centre<\/title>\n<meta name=\"robots\" content=\"index, follow, max-snippet:-1, max-image-preview:large, max-video-preview:-1\" \/>\n<link rel=\"canonical\" href=\"https:\/\/nck.krakow.pl\/kcc\/en\/rooms-by-the-sea-exercises-in-listening\/\" \/>\n<meta property=\"og:locale\" content=\"en_US\" \/>\n<meta property=\"og:type\" content=\"article\" \/>\n<meta property=\"og:title\" content=\"Rooms by the sea. Exercises in listening - Krakow Choreographic Centre\" \/>\n<meta property=\"og:description\" content=\"Concept, choreography, visual dramaturgy: Joanna Le\u015bnierowskaSoundscape and voice coaching: Katarzyna SitarzMovement and performance: Karol Mi\u0119kina, Piotr Skalski, Monika Szpunar, Monika W\u0119grzynowicz, Dominika WiakMovement coaching: Janusz OrlikCostumes: Monika W\u0119grzynowicz (yellow jacket designed by Michiel Keuper \/ performance \u2018blur\u2019)Sound mastering and vocal recordings: Brave RecordsGraphic design: Micha\u0142 Andrzej \u0141uczak, Anna Zieli\u0144ska photoholicstudio.plProduction coordination: Agnieszka Bara\u0144ska-Kozik, Aleksandra HonzaProduction: [&hellip;]\" \/>\n<meta property=\"og:url\" content=\"https:\/\/nck.krakow.pl\/kcc\/en\/rooms-by-the-sea-exercises-in-listening\/\" \/>\n<meta property=\"og:site_name\" content=\"Krakow Choreographic Centre\" \/>\n<meta property=\"article:publisher\" content=\"http:\/\/facebook.com\/kcc.nck\" \/>\n<meta property=\"article:modified_time\" content=\"2026-01-14T10:16:42+00:00\" \/>\n<meta property=\"og:image\" content=\"https:\/\/nck.krakow.pl\/kcc\/en\/wp-content\/uploads\/sites\/4\/2026\/01\/2-1024x682.jpg\" \/>\n<meta name=\"twitter:card\" content=\"summary_large_image\" \/>\n<meta name=\"twitter:label1\" content=\"Est. reading time\" \/>\n\t<meta name=\"twitter:data1\" content=\"4 minutes\" \/>\n<script type=\"application\/ld+json\" class=\"yoast-schema-graph\">{\"@context\":\"https:\/\/schema.org\",\"@graph\":[{\"@type\":\"WebPage\",\"@id\":\"https:\/\/nck.krakow.pl\/kcc\/en\/rooms-by-the-sea-exercises-in-listening\/\",\"url\":\"https:\/\/nck.krakow.pl\/kcc\/en\/rooms-by-the-sea-exercises-in-listening\/\",\"name\":\"Rooms by the sea. Exercises in listening - Krakow Choreographic Centre\",\"isPartOf\":{\"@id\":\"https:\/\/nck.krakow.pl\/kcc\/en\/#website\"},\"datePublished\":\"2026-01-14T10:15:17+00:00\",\"dateModified\":\"2026-01-14T10:16:42+00:00\",\"breadcrumb\":{\"@id\":\"https:\/\/nck.krakow.pl\/kcc\/en\/rooms-by-the-sea-exercises-in-listening\/#breadcrumb\"},\"inLanguage\":\"en-US\",\"potentialAction\":[{\"@type\":\"ReadAction\",\"target\":[\"https:\/\/nck.krakow.pl\/kcc\/en\/rooms-by-the-sea-exercises-in-listening\/\"]}]},{\"@type\":\"BreadcrumbList\",\"@id\":\"https:\/\/nck.krakow.pl\/kcc\/en\/rooms-by-the-sea-exercises-in-listening\/#breadcrumb\",\"itemListElement\":[{\"@type\":\"ListItem\",\"position\":1,\"name\":\"Strona g\u0142\u00f3wna\",\"item\":\"https:\/\/nck.krakow.pl\/kcc\/en\/\"},{\"@type\":\"ListItem\",\"position\":2,\"name\":\"Rooms by the sea. Exercises in listening\"}]},{\"@type\":\"WebSite\",\"@id\":\"https:\/\/nck.krakow.pl\/kcc\/en\/#website\",\"url\":\"https:\/\/nck.krakow.pl\/kcc\/en\/\",\"name\":\"Krakow Choreographic Centre\",\"description\":\"\",\"publisher\":{\"@id\":\"https:\/\/nck.krakow.pl\/kcc\/en\/#organization\"},\"potentialAction\":[{\"@type\":\"SearchAction\",\"target\":{\"@type\":\"EntryPoint\",\"urlTemplate\":\"https:\/\/nck.krakow.pl\/kcc\/en\/?s={search_term_string}\"},\"query-input\":\"required name=search_term_string\"}],\"inLanguage\":\"en-US\"},{\"@type\":\"Organization\",\"@id\":\"https:\/\/nck.krakow.pl\/kcc\/en\/#organization\",\"name\":\"Krakow Choreographic Centre\",\"url\":\"https:\/\/nck.krakow.pl\/kcc\/en\/\",\"logo\":{\"@type\":\"ImageObject\",\"inLanguage\":\"en-US\",\"@id\":\"https:\/\/nck.krakow.pl\/kcc\/en\/#\/schema\/logo\/image\/\",\"url\":\"https:\/\/nck.krakow.pl\/kcc\/en\/wp-content\/uploads\/sites\/4\/2020\/04\/cropped-cropped-logo-kcc-2020en.png\",\"contentUrl\":\"https:\/\/nck.krakow.pl\/kcc\/en\/wp-content\/uploads\/sites\/4\/2020\/04\/cropped-cropped-logo-kcc-2020en.png\",\"width\":116,\"height\":55,\"caption\":\"Krakow Choreographic Centre\"},\"image\":{\"@id\":\"https:\/\/nck.krakow.pl\/kcc\/en\/#\/schema\/logo\/image\/\"},\"sameAs\":[\"http:\/\/facebook.com\/kcc.nck\"]}]}<\/script>\n<!-- \/ Yoast SEO plugin. -->","yoast_head_json":{"title":"Rooms by the sea. Exercises in listening - Krakow Choreographic Centre","robots":{"index":"index","follow":"follow","max-snippet":"max-snippet:-1","max-image-preview":"max-image-preview:large","max-video-preview":"max-video-preview:-1"},"canonical":"https:\/\/nck.krakow.pl\/kcc\/en\/rooms-by-the-sea-exercises-in-listening\/","og_locale":"en_US","og_type":"article","og_title":"Rooms by the sea. Exercises in listening - Krakow Choreographic Centre","og_description":"Concept, choreography, visual dramaturgy: Joanna Le\u015bnierowskaSoundscape and voice coaching: Katarzyna SitarzMovement and performance: Karol Mi\u0119kina, Piotr Skalski, Monika Szpunar, Monika W\u0119grzynowicz, Dominika WiakMovement coaching: Janusz OrlikCostumes: Monika W\u0119grzynowicz (yellow jacket designed by Michiel Keuper \/ performance \u2018blur\u2019)Sound mastering and vocal recordings: Brave RecordsGraphic design: Micha\u0142 Andrzej \u0141uczak, Anna Zieli\u0144ska photoholicstudio.plProduction coordination: Agnieszka Bara\u0144ska-Kozik, Aleksandra HonzaProduction: [&hellip;]","og_url":"https:\/\/nck.krakow.pl\/kcc\/en\/rooms-by-the-sea-exercises-in-listening\/","og_site_name":"Krakow Choreographic Centre","article_publisher":"http:\/\/facebook.com\/kcc.nck","article_modified_time":"2026-01-14T10:16:42+00:00","og_image":[{"url":"https:\/\/nck.krakow.pl\/kcc\/en\/wp-content\/uploads\/sites\/4\/2026\/01\/2-1024x682.jpg"}],"twitter_card":"summary_large_image","twitter_misc":{"Est. reading time":"4 minutes"},"schema":{"@context":"https:\/\/schema.org","@graph":[{"@type":"WebPage","@id":"https:\/\/nck.krakow.pl\/kcc\/en\/rooms-by-the-sea-exercises-in-listening\/","url":"https:\/\/nck.krakow.pl\/kcc\/en\/rooms-by-the-sea-exercises-in-listening\/","name":"Rooms by the sea. Exercises in listening - Krakow Choreographic Centre","isPartOf":{"@id":"https:\/\/nck.krakow.pl\/kcc\/en\/#website"},"datePublished":"2026-01-14T10:15:17+00:00","dateModified":"2026-01-14T10:16:42+00:00","breadcrumb":{"@id":"https:\/\/nck.krakow.pl\/kcc\/en\/rooms-by-the-sea-exercises-in-listening\/#breadcrumb"},"inLanguage":"en-US","potentialAction":[{"@type":"ReadAction","target":["https:\/\/nck.krakow.pl\/kcc\/en\/rooms-by-the-sea-exercises-in-listening\/"]}]},{"@type":"BreadcrumbList","@id":"https:\/\/nck.krakow.pl\/kcc\/en\/rooms-by-the-sea-exercises-in-listening\/#breadcrumb","itemListElement":[{"@type":"ListItem","position":1,"name":"Strona g\u0142\u00f3wna","item":"https:\/\/nck.krakow.pl\/kcc\/en\/"},{"@type":"ListItem","position":2,"name":"Rooms by the sea. Exercises in listening"}]},{"@type":"WebSite","@id":"https:\/\/nck.krakow.pl\/kcc\/en\/#website","url":"https:\/\/nck.krakow.pl\/kcc\/en\/","name":"Krakow Choreographic Centre","description":"","publisher":{"@id":"https:\/\/nck.krakow.pl\/kcc\/en\/#organization"},"potentialAction":[{"@type":"SearchAction","target":{"@type":"EntryPoint","urlTemplate":"https:\/\/nck.krakow.pl\/kcc\/en\/?s={search_term_string}"},"query-input":"required name=search_term_string"}],"inLanguage":"en-US"},{"@type":"Organization","@id":"https:\/\/nck.krakow.pl\/kcc\/en\/#organization","name":"Krakow Choreographic Centre","url":"https:\/\/nck.krakow.pl\/kcc\/en\/","logo":{"@type":"ImageObject","inLanguage":"en-US","@id":"https:\/\/nck.krakow.pl\/kcc\/en\/#\/schema\/logo\/image\/","url":"https:\/\/nck.krakow.pl\/kcc\/en\/wp-content\/uploads\/sites\/4\/2020\/04\/cropped-cropped-logo-kcc-2020en.png","contentUrl":"https:\/\/nck.krakow.pl\/kcc\/en\/wp-content\/uploads\/sites\/4\/2020\/04\/cropped-cropped-logo-kcc-2020en.png","width":116,"height":55,"caption":"Krakow Choreographic Centre"},"image":{"@id":"https:\/\/nck.krakow.pl\/kcc\/en\/#\/schema\/logo\/image\/"},"sameAs":["http:\/\/facebook.com\/kcc.nck"]}]}},"_links":{"self":[{"href":"https:\/\/nck.krakow.pl\/kcc\/en\/wp-json\/wp\/v2\/pages\/2272"}],"collection":[{"href":"https:\/\/nck.krakow.pl\/kcc\/en\/wp-json\/wp\/v2\/pages"}],"about":[{"href":"https:\/\/nck.krakow.pl\/kcc\/en\/wp-json\/wp\/v2\/types\/page"}],"author":[{"embeddable":true,"href":"https:\/\/nck.krakow.pl\/kcc\/en\/wp-json\/wp\/v2\/users\/5"}],"replies":[{"embeddable":true,"href":"https:\/\/nck.krakow.pl\/kcc\/en\/wp-json\/wp\/v2\/comments?post=2272"}],"version-history":[{"count":2,"href":"https:\/\/nck.krakow.pl\/kcc\/en\/wp-json\/wp\/v2\/pages\/2272\/revisions"}],"predecessor-version":[{"id":2280,"href":"https:\/\/nck.krakow.pl\/kcc\/en\/wp-json\/wp\/v2\/pages\/2272\/revisions\/2280"}],"wp:attachment":[{"href":"https:\/\/nck.krakow.pl\/kcc\/en\/wp-json\/wp\/v2\/media?parent=2272"}],"curies":[{"name":"wp","href":"https:\/\/api.w.org\/{rel}","templated":true}]}}