{"id":2248,"date":"2026-01-14T11:06:38","date_gmt":"2026-01-14T10:06:38","guid":{"rendered":"https:\/\/nck.krakow.pl\/kcc\/en\/?page_id=2248"},"modified":"2026-01-14T11:06:44","modified_gmt":"2026-01-14T10:06:44","slug":"2nd-interdisciplinary-scientific-conference","status":"publish","type":"page","link":"https:\/\/nck.krakow.pl\/kcc\/en\/2nd-interdisciplinary-scientific-conference\/","title":{"rendered":"2nd Interdisciplinary Scientific Conference"},"content":{"rendered":"\n<p>On 11 April 2025, the 2nd edition of the Interdisciplinary Scientific Conference took place at the Nowa Huta Cultural Centre. This year, the conference was held under the theme <em>Immersions. Questions of Fluidity in Choreography and Dance<\/em>. The conference served as a prelude to the 5th Krakow Dance Festival, which took place from 3 to 9 August 2025.<\/p>\n\n\n\n<p>During the conference, we explored the idea of immersions\u2014of dancers, spectators, writers, choreographers, and organizers alike. Immersion in change, in the fluid transitions between authenticity and creation, in the sensory following of ideas, affects, and imaginings proposed by the moving bodies of artists.<\/p>\n\n\n\n<p>We examined fluidity both metaphorically and literally, as well as issues related to immersion, such as visibility and grounding. Fluidity emerged as a kind of continuum of movement, but also as a blurring of boundaries and an interpenetration of topics, people, problems, and ideas. We delved into a dialogue on immersion as exhaustion, softness, closeness, attentiveness, deepening, and enlivening. This dialogue created conditions for potential encounters, in which one configuration (including choreographic) gives rise to others, fostering an exchange of thoughts, feelings, and fantasies. An environmental dimension also emerged, particularly in the context of hydrofeminism, which connects reflection on water with a feminist perspective on care and responsibility.<\/p>\n\n\n\n<p>Fluidity also found its place in collective ways of working, which in turn opened up contexts proposing alternatives to hierarchical management of cultural institutions, creating spaces for fluid exchange of opinions and supportive discussions.<\/p>\n\n\n\n<p><strong>Organizer:<\/strong> Nowa Huta Cultural Centre \u2013 Krakow Choreographic Centre<\/p>\n\n\n\n<p><strong>Coordinators:<\/strong> Pamela Bosak, Karolina Graca<\/p>\n\n\n\n<p><strong>Academic supervision:<\/strong> Dr. Katarzyna S\u0142oboda<\/p>\n\n\n\n<p><strong>Facilitation:<\/strong> Dr. Izabela Zawadzka<\/p>\n\n\n\n<p><strong>Patronage:<\/strong> <em>Didaskalia<\/em> theatre magazine<\/p>\n\n\n\n<p><strong>Support:<\/strong> Department of Performative Studies, Jagiellonian University<\/p>\n\n\n\n<figure class=\"wp-block-gallery has-nested-images columns-default is-cropped wp-block-gallery-1 is-layout-flex wp-block-gallery-is-layout-flex\">\n<figure class=\"wp-block-image size-large\"><a href=\"https:\/\/nck.krakow.pl\/kcc\/en\/wp-content\/uploads\/sites\/4\/2026\/01\/DSC4442_fot_klaudyna_schubert.jpg\"><img loading=\"lazy\" decoding=\"async\" width=\"1024\" height=\"683\" data-id=\"2249\" src=\"https:\/\/nck.krakow.pl\/kcc\/en\/wp-content\/uploads\/sites\/4\/2026\/01\/DSC4442_fot_klaudyna_schubert-1024x683.jpg\" alt=\"\" class=\"wp-image-2249\" srcset=\"https:\/\/nck.krakow.pl\/kcc\/en\/wp-content\/uploads\/sites\/4\/2026\/01\/DSC4442_fot_klaudyna_schubert-1024x683.jpg 1024w, https:\/\/nck.krakow.pl\/kcc\/en\/wp-content\/uploads\/sites\/4\/2026\/01\/DSC4442_fot_klaudyna_schubert-300x200.jpg 300w, https:\/\/nck.krakow.pl\/kcc\/en\/wp-content\/uploads\/sites\/4\/2026\/01\/DSC4442_fot_klaudyna_schubert-768x512.jpg 768w, https:\/\/nck.krakow.pl\/kcc\/en\/wp-content\/uploads\/sites\/4\/2026\/01\/DSC4442_fot_klaudyna_schubert-1536x1024.jpg 1536w, https:\/\/nck.krakow.pl\/kcc\/en\/wp-content\/uploads\/sites\/4\/2026\/01\/DSC4442_fot_klaudyna_schubert-2048x1366.jpg 2048w\" sizes=\"(max-width: 1024px) 100vw, 1024px\" \/><\/a><\/figure>\n\n\n\n<figure class=\"wp-block-image size-large\"><a href=\"https:\/\/nck.krakow.pl\/kcc\/en\/wp-content\/uploads\/sites\/4\/2026\/01\/DSC4474_fot_klaudyna_schubert.jpg\"><img loading=\"lazy\" decoding=\"async\" width=\"1024\" height=\"683\" data-id=\"2250\" src=\"https:\/\/nck.krakow.pl\/kcc\/en\/wp-content\/uploads\/sites\/4\/2026\/01\/DSC4474_fot_klaudyna_schubert-1024x683.jpg\" alt=\"\" class=\"wp-image-2250\" srcset=\"https:\/\/nck.krakow.pl\/kcc\/en\/wp-content\/uploads\/sites\/4\/2026\/01\/DSC4474_fot_klaudyna_schubert-1024x683.jpg 1024w, https:\/\/nck.krakow.pl\/kcc\/en\/wp-content\/uploads\/sites\/4\/2026\/01\/DSC4474_fot_klaudyna_schubert-300x200.jpg 300w, https:\/\/nck.krakow.pl\/kcc\/en\/wp-content\/uploads\/sites\/4\/2026\/01\/DSC4474_fot_klaudyna_schubert-768x512.jpg 768w, https:\/\/nck.krakow.pl\/kcc\/en\/wp-content\/uploads\/sites\/4\/2026\/01\/DSC4474_fot_klaudyna_schubert-1536x1024.jpg 1536w, https:\/\/nck.krakow.pl\/kcc\/en\/wp-content\/uploads\/sites\/4\/2026\/01\/DSC4474_fot_klaudyna_schubert-2048x1366.jpg 2048w\" sizes=\"(max-width: 1024px) 100vw, 1024px\" \/><\/a><\/figure>\n\n\n\n<figure class=\"wp-block-image size-large\"><a href=\"https:\/\/nck.krakow.pl\/kcc\/en\/wp-content\/uploads\/sites\/4\/2026\/01\/DSC4525_fot_klaudyna_schubert.jpg\"><img loading=\"lazy\" decoding=\"async\" width=\"1024\" height=\"683\" data-id=\"2253\" src=\"https:\/\/nck.krakow.pl\/kcc\/en\/wp-content\/uploads\/sites\/4\/2026\/01\/DSC4525_fot_klaudyna_schubert-1024x683.jpg\" alt=\"\" class=\"wp-image-2253\" srcset=\"https:\/\/nck.krakow.pl\/kcc\/en\/wp-content\/uploads\/sites\/4\/2026\/01\/DSC4525_fot_klaudyna_schubert-1024x683.jpg 1024w, https:\/\/nck.krakow.pl\/kcc\/en\/wp-content\/uploads\/sites\/4\/2026\/01\/DSC4525_fot_klaudyna_schubert-300x200.jpg 300w, https:\/\/nck.krakow.pl\/kcc\/en\/wp-content\/uploads\/sites\/4\/2026\/01\/DSC4525_fot_klaudyna_schubert-768x512.jpg 768w, https:\/\/nck.krakow.pl\/kcc\/en\/wp-content\/uploads\/sites\/4\/2026\/01\/DSC4525_fot_klaudyna_schubert-1536x1024.jpg 1536w, https:\/\/nck.krakow.pl\/kcc\/en\/wp-content\/uploads\/sites\/4\/2026\/01\/DSC4525_fot_klaudyna_schubert-2048x1366.jpg 2048w\" sizes=\"(max-width: 1024px) 100vw, 1024px\" \/><\/a><\/figure>\n\n\n\n<figure class=\"wp-block-image size-large\"><a href=\"https:\/\/nck.krakow.pl\/kcc\/en\/wp-content\/uploads\/sites\/4\/2026\/01\/DSC4567_fot_klaudyna_schubert.jpg\"><img loading=\"lazy\" decoding=\"async\" width=\"1024\" height=\"683\" data-id=\"2252\" src=\"https:\/\/nck.krakow.pl\/kcc\/en\/wp-content\/uploads\/sites\/4\/2026\/01\/DSC4567_fot_klaudyna_schubert-1024x683.jpg\" alt=\"\" class=\"wp-image-2252\" srcset=\"https:\/\/nck.krakow.pl\/kcc\/en\/wp-content\/uploads\/sites\/4\/2026\/01\/DSC4567_fot_klaudyna_schubert-1024x683.jpg 1024w, https:\/\/nck.krakow.pl\/kcc\/en\/wp-content\/uploads\/sites\/4\/2026\/01\/DSC4567_fot_klaudyna_schubert-300x200.jpg 300w, https:\/\/nck.krakow.pl\/kcc\/en\/wp-content\/uploads\/sites\/4\/2026\/01\/DSC4567_fot_klaudyna_schubert-768x512.jpg 768w, https:\/\/nck.krakow.pl\/kcc\/en\/wp-content\/uploads\/sites\/4\/2026\/01\/DSC4567_fot_klaudyna_schubert-1536x1024.jpg 1536w, https:\/\/nck.krakow.pl\/kcc\/en\/wp-content\/uploads\/sites\/4\/2026\/01\/DSC4567_fot_klaudyna_schubert-2048x1366.jpg 2048w\" sizes=\"(max-width: 1024px) 100vw, 1024px\" \/><\/a><\/figure>\n\n\n\n<figure class=\"wp-block-image size-large\"><a href=\"https:\/\/nck.krakow.pl\/kcc\/en\/wp-content\/uploads\/sites\/4\/2026\/01\/DSC4665_fot_klaudyna_schubert.jpg\"><img loading=\"lazy\" decoding=\"async\" width=\"1024\" height=\"683\" data-id=\"2254\" src=\"https:\/\/nck.krakow.pl\/kcc\/en\/wp-content\/uploads\/sites\/4\/2026\/01\/DSC4665_fot_klaudyna_schubert-1024x683.jpg\" alt=\"\" class=\"wp-image-2254\" srcset=\"https:\/\/nck.krakow.pl\/kcc\/en\/wp-content\/uploads\/sites\/4\/2026\/01\/DSC4665_fot_klaudyna_schubert-1024x683.jpg 1024w, https:\/\/nck.krakow.pl\/kcc\/en\/wp-content\/uploads\/sites\/4\/2026\/01\/DSC4665_fot_klaudyna_schubert-300x200.jpg 300w, https:\/\/nck.krakow.pl\/kcc\/en\/wp-content\/uploads\/sites\/4\/2026\/01\/DSC4665_fot_klaudyna_schubert-768x512.jpg 768w, https:\/\/nck.krakow.pl\/kcc\/en\/wp-content\/uploads\/sites\/4\/2026\/01\/DSC4665_fot_klaudyna_schubert-1536x1024.jpg 1536w, https:\/\/nck.krakow.pl\/kcc\/en\/wp-content\/uploads\/sites\/4\/2026\/01\/DSC4665_fot_klaudyna_schubert-2048x1366.jpg 2048w\" sizes=\"(max-width: 1024px) 100vw, 1024px\" \/><\/a><\/figure>\n\n\n\n<figure class=\"wp-block-image size-large\"><a href=\"https:\/\/nck.krakow.pl\/kcc\/en\/wp-content\/uploads\/sites\/4\/2026\/01\/DSC4672_fot_klaudyna_schubert.jpg\"><img loading=\"lazy\" decoding=\"async\" width=\"1024\" height=\"683\" data-id=\"2251\" src=\"https:\/\/nck.krakow.pl\/kcc\/en\/wp-content\/uploads\/sites\/4\/2026\/01\/DSC4672_fot_klaudyna_schubert-1024x683.jpg\" alt=\"\" class=\"wp-image-2251\" srcset=\"https:\/\/nck.krakow.pl\/kcc\/en\/wp-content\/uploads\/sites\/4\/2026\/01\/DSC4672_fot_klaudyna_schubert-1024x683.jpg 1024w, https:\/\/nck.krakow.pl\/kcc\/en\/wp-content\/uploads\/sites\/4\/2026\/01\/DSC4672_fot_klaudyna_schubert-300x200.jpg 300w, https:\/\/nck.krakow.pl\/kcc\/en\/wp-content\/uploads\/sites\/4\/2026\/01\/DSC4672_fot_klaudyna_schubert-768x512.jpg 768w, https:\/\/nck.krakow.pl\/kcc\/en\/wp-content\/uploads\/sites\/4\/2026\/01\/DSC4672_fot_klaudyna_schubert-1536x1024.jpg 1536w, https:\/\/nck.krakow.pl\/kcc\/en\/wp-content\/uploads\/sites\/4\/2026\/01\/DSC4672_fot_klaudyna_schubert-2048x1366.jpg 2048w\" sizes=\"(max-width: 1024px) 100vw, 1024px\" \/><\/a><\/figure>\n\n\n\n<figure class=\"wp-block-image size-large\"><a href=\"https:\/\/nck.krakow.pl\/kcc\/en\/wp-content\/uploads\/sites\/4\/2026\/01\/DSC4717_fot_klaudyna_schubert.jpg\"><img loading=\"lazy\" decoding=\"async\" width=\"1024\" height=\"683\" data-id=\"2255\" src=\"https:\/\/nck.krakow.pl\/kcc\/en\/wp-content\/uploads\/sites\/4\/2026\/01\/DSC4717_fot_klaudyna_schubert-1024x683.jpg\" alt=\"\" class=\"wp-image-2255\" srcset=\"https:\/\/nck.krakow.pl\/kcc\/en\/wp-content\/uploads\/sites\/4\/2026\/01\/DSC4717_fot_klaudyna_schubert-1024x683.jpg 1024w, https:\/\/nck.krakow.pl\/kcc\/en\/wp-content\/uploads\/sites\/4\/2026\/01\/DSC4717_fot_klaudyna_schubert-300x200.jpg 300w, https:\/\/nck.krakow.pl\/kcc\/en\/wp-content\/uploads\/sites\/4\/2026\/01\/DSC4717_fot_klaudyna_schubert-768x512.jpg 768w, https:\/\/nck.krakow.pl\/kcc\/en\/wp-content\/uploads\/sites\/4\/2026\/01\/DSC4717_fot_klaudyna_schubert-1536x1024.jpg 1536w, https:\/\/nck.krakow.pl\/kcc\/en\/wp-content\/uploads\/sites\/4\/2026\/01\/DSC4717_fot_klaudyna_schubert-2048x1366.jpg 2048w\" sizes=\"(max-width: 1024px) 100vw, 1024px\" \/><\/a><\/figure>\n\n\n\n<figure class=\"wp-block-image size-large\"><a href=\"https:\/\/nck.krakow.pl\/kcc\/en\/wp-content\/uploads\/sites\/4\/2026\/01\/DSC4758_fot_klaudyna_schubert.jpg\"><img loading=\"lazy\" decoding=\"async\" width=\"1024\" height=\"683\" data-id=\"2256\" src=\"https:\/\/nck.krakow.pl\/kcc\/en\/wp-content\/uploads\/sites\/4\/2026\/01\/DSC4758_fot_klaudyna_schubert-1024x683.jpg\" alt=\"\" class=\"wp-image-2256\" srcset=\"https:\/\/nck.krakow.pl\/kcc\/en\/wp-content\/uploads\/sites\/4\/2026\/01\/DSC4758_fot_klaudyna_schubert-1024x683.jpg 1024w, https:\/\/nck.krakow.pl\/kcc\/en\/wp-content\/uploads\/sites\/4\/2026\/01\/DSC4758_fot_klaudyna_schubert-300x200.jpg 300w, https:\/\/nck.krakow.pl\/kcc\/en\/wp-content\/uploads\/sites\/4\/2026\/01\/DSC4758_fot_klaudyna_schubert-768x512.jpg 768w, https:\/\/nck.krakow.pl\/kcc\/en\/wp-content\/uploads\/sites\/4\/2026\/01\/DSC4758_fot_klaudyna_schubert-1536x1024.jpg 1536w, https:\/\/nck.krakow.pl\/kcc\/en\/wp-content\/uploads\/sites\/4\/2026\/01\/DSC4758_fot_klaudyna_schubert-2048x1366.jpg 2048w\" sizes=\"(max-width: 1024px) 100vw, 1024px\" \/><\/a><\/figure>\n<\/figure>\n\n\n\n<div style=\"height:50px\" aria-hidden=\"true\" class=\"wp-block-spacer\"><\/div>\n\n\n\n<p><strong>CONFERENCE PROGRAM<\/strong><\/p>\n\n\n\n<p><strong>11:00 \u2013 12:30 \u2013 IMMERSIONS \/ ZANURZENIA<\/strong><\/p>\n\n\n\n<ul class=\"wp-block-list\">\n<li>Angelika Mizi\u0144ska \u2013 <em>Subjectivity of Fluidity \/ Podmiotowo\u015b\u0107 p\u0142ynno\u015bci<\/em><\/li>\n\n\n\n<li>Marianna Zabawa \u2013 <em>The Secret of White Water \/ Tajemnica wody bia\u0142ej<\/em><\/li>\n\n\n\n<li>Magdalena Siemaszko \u2013 <em>Immersion in Landscape as \u201cWeak Resistance\u201d \u2013 Practices of Attuning with Water Bodies in the Face of Ecological Crises \/ Zanurzenie w krajobrazie jako \u201es\u0142aby op\u00f3r\u201d \u2013 praktyki zestrajania z wodnymi cia\u0142ami wobec kryzys\u00f3w ekologicznych<\/em><\/li>\n<\/ul>\n\n\n\n<p><strong>13:00 \u2013 14:30 \u2013 FLOWS \/ PRZEP\u0141YWY<\/strong><\/p>\n\n\n\n<ul class=\"wp-block-list\">\n<li>Jagna Nawrocka \u2013 <em>Fluid Authorship, Fluid Identities, Fluid Body Boundaries in Scores \/ P\u0142ynne autorstwo, p\u0142ynne to\u017csamo\u015bci, p\u0142ynne granice cia\u0142 w partyturach<\/em><\/li>\n\n\n\n<li>Zuzanna Kasprzyk, Anna Kami\u0144ska, Agata J\u0119drzejczak, Andrzej Molenda \u2013 <em>Flow of Technology \/ Przep\u0142yw technologii<\/em><\/li>\n\n\n\n<li>Ida \u015al\u0119zak \u2013 <em>Flows and Blockages \/ Przep\u0142ywy i zatory<\/em><\/li>\n<\/ul>\n\n\n\n<p><strong>15:30 \u2013 17:30 \u2013 CURRENTS \/ NURTY<\/strong><\/p>\n\n\n\n<ul class=\"wp-block-list\">\n<li>Alicja Czyczel \u2013 <em>Hydrochoreographies of Collaboration \/ Hydrochoreografie wsp\u00f3\u0142pracy<\/em><\/li>\n\n\n\n<li>\u017baneta G\u00f3rska \u2013 <em>Immersing Dance in Water. A Comparative Analysis of Contact Improvisation Experience in Two Environments \/ Zanurzy\u0107 taniec w wodzie. Analiza por\u00f3wnawcza do\u015bwiadczenia contact improwizacji w dw\u00f3ch \u015brodowiskach<\/em><\/li>\n\n\n\n<li>Mo Tomaszewska \u2013 <em>Body-Fluidly. Hydrofeminist Forms of Resistance in Performance Art \/ Cia\u0142op\u0142ynnie. Hydrofeministyczne formy oporu w sztuce performance<\/em><\/li>\n\n\n\n<li>Hanna Raszewska-Kursa \u2013 <em>Collective Immersion and Confrontation. Body-(Un)Friendly Organization of Space \/ Wsp\u00f3lne zanurzenie a konfrontacja. Cia\u0142o(nie)przyjazna organizacja przestrzeni<\/em><\/li>\n<\/ul>\n\n\n\n<p>The day concluded with a performative lecture by Baxi Ostrowski, <em>Babel. The Resonance of Language<\/em>, presented in the KCC studio.<\/p>\n\n\n\n<p>Photo: Klaudyna Schubert<\/p>\n","protected":false},"excerpt":{"rendered":"<p>On 11 April 2025, the 2nd edition of the Interdisciplinary Scientific Conference took place at the Nowa Huta Cultural Centre. This year, the conference was held under the theme Immersions. Questions of Fluidity in Choreography and Dance. The conference served as a prelude to the 5th Krakow Dance Festival, which took place from 3 to [&hellip;]<\/p>\n","protected":false},"author":5,"featured_media":0,"parent":0,"menu_order":0,"comment_status":"closed","ping_status":"closed","template":"","meta":{"footnotes":""},"class_list":["post-2248","page","type-page","status-publish","hentry"],"yoast_head":"<!-- This site is optimized with the Yoast SEO plugin v19.12 - https:\/\/yoast.com\/wordpress\/plugins\/seo\/ -->\n<title>2nd Interdisciplinary Scientific Conference - Krakow Choreographic Centre<\/title>\n<meta name=\"robots\" content=\"index, follow, max-snippet:-1, max-image-preview:large, max-video-preview:-1\" \/>\n<link rel=\"canonical\" href=\"https:\/\/nck.krakow.pl\/kcc\/en\/2nd-interdisciplinary-scientific-conference\/\" \/>\n<meta property=\"og:locale\" content=\"en_US\" \/>\n<meta property=\"og:type\" content=\"article\" \/>\n<meta property=\"og:title\" content=\"2nd Interdisciplinary Scientific Conference - Krakow Choreographic Centre\" \/>\n<meta property=\"og:description\" content=\"On 11 April 2025, the 2nd edition of the Interdisciplinary Scientific Conference took place at the Nowa Huta Cultural Centre. This year, the conference was held under the theme Immersions. Questions of Fluidity in Choreography and Dance. The conference served as a prelude to the 5th Krakow Dance Festival, which took place from 3 to [&hellip;]\" \/>\n<meta property=\"og:url\" content=\"https:\/\/nck.krakow.pl\/kcc\/en\/2nd-interdisciplinary-scientific-conference\/\" \/>\n<meta property=\"og:site_name\" content=\"Krakow Choreographic Centre\" \/>\n<meta property=\"article:publisher\" content=\"http:\/\/facebook.com\/kcc.nck\" \/>\n<meta property=\"article:modified_time\" content=\"2026-01-14T10:06:44+00:00\" \/>\n<meta property=\"og:image\" content=\"https:\/\/nck.krakow.pl\/kcc\/en\/wp-content\/uploads\/sites\/4\/2026\/01\/DSC4442_fot_klaudyna_schubert-1024x683.jpg\" \/>\n<meta name=\"twitter:card\" content=\"summary_large_image\" \/>\n<meta name=\"twitter:label1\" content=\"Est. reading time\" \/>\n\t<meta name=\"twitter:data1\" content=\"4 minutes\" \/>\n<script type=\"application\/ld+json\" class=\"yoast-schema-graph\">{\"@context\":\"https:\/\/schema.org\",\"@graph\":[{\"@type\":\"WebPage\",\"@id\":\"https:\/\/nck.krakow.pl\/kcc\/en\/2nd-interdisciplinary-scientific-conference\/\",\"url\":\"https:\/\/nck.krakow.pl\/kcc\/en\/2nd-interdisciplinary-scientific-conference\/\",\"name\":\"2nd Interdisciplinary Scientific Conference - Krakow Choreographic Centre\",\"isPartOf\":{\"@id\":\"https:\/\/nck.krakow.pl\/kcc\/en\/#website\"},\"datePublished\":\"2026-01-14T10:06:38+00:00\",\"dateModified\":\"2026-01-14T10:06:44+00:00\",\"breadcrumb\":{\"@id\":\"https:\/\/nck.krakow.pl\/kcc\/en\/2nd-interdisciplinary-scientific-conference\/#breadcrumb\"},\"inLanguage\":\"en-US\",\"potentialAction\":[{\"@type\":\"ReadAction\",\"target\":[\"https:\/\/nck.krakow.pl\/kcc\/en\/2nd-interdisciplinary-scientific-conference\/\"]}]},{\"@type\":\"BreadcrumbList\",\"@id\":\"https:\/\/nck.krakow.pl\/kcc\/en\/2nd-interdisciplinary-scientific-conference\/#breadcrumb\",\"itemListElement\":[{\"@type\":\"ListItem\",\"position\":1,\"name\":\"Strona g\u0142\u00f3wna\",\"item\":\"https:\/\/nck.krakow.pl\/kcc\/en\/\"},{\"@type\":\"ListItem\",\"position\":2,\"name\":\"2nd Interdisciplinary Scientific Conference\"}]},{\"@type\":\"WebSite\",\"@id\":\"https:\/\/nck.krakow.pl\/kcc\/en\/#website\",\"url\":\"https:\/\/nck.krakow.pl\/kcc\/en\/\",\"name\":\"Krakow Choreographic Centre\",\"description\":\"\",\"publisher\":{\"@id\":\"https:\/\/nck.krakow.pl\/kcc\/en\/#organization\"},\"potentialAction\":[{\"@type\":\"SearchAction\",\"target\":{\"@type\":\"EntryPoint\",\"urlTemplate\":\"https:\/\/nck.krakow.pl\/kcc\/en\/?s={search_term_string}\"},\"query-input\":\"required name=search_term_string\"}],\"inLanguage\":\"en-US\"},{\"@type\":\"Organization\",\"@id\":\"https:\/\/nck.krakow.pl\/kcc\/en\/#organization\",\"name\":\"Krakow Choreographic Centre\",\"url\":\"https:\/\/nck.krakow.pl\/kcc\/en\/\",\"logo\":{\"@type\":\"ImageObject\",\"inLanguage\":\"en-US\",\"@id\":\"https:\/\/nck.krakow.pl\/kcc\/en\/#\/schema\/logo\/image\/\",\"url\":\"https:\/\/nck.krakow.pl\/kcc\/en\/wp-content\/uploads\/sites\/4\/2020\/04\/cropped-cropped-logo-kcc-2020en.png\",\"contentUrl\":\"https:\/\/nck.krakow.pl\/kcc\/en\/wp-content\/uploads\/sites\/4\/2020\/04\/cropped-cropped-logo-kcc-2020en.png\",\"width\":116,\"height\":55,\"caption\":\"Krakow Choreographic Centre\"},\"image\":{\"@id\":\"https:\/\/nck.krakow.pl\/kcc\/en\/#\/schema\/logo\/image\/\"},\"sameAs\":[\"http:\/\/facebook.com\/kcc.nck\"]}]}<\/script>\n<!-- \/ Yoast SEO plugin. -->","yoast_head_json":{"title":"2nd Interdisciplinary Scientific Conference - Krakow Choreographic Centre","robots":{"index":"index","follow":"follow","max-snippet":"max-snippet:-1","max-image-preview":"max-image-preview:large","max-video-preview":"max-video-preview:-1"},"canonical":"https:\/\/nck.krakow.pl\/kcc\/en\/2nd-interdisciplinary-scientific-conference\/","og_locale":"en_US","og_type":"article","og_title":"2nd Interdisciplinary Scientific Conference - Krakow Choreographic Centre","og_description":"On 11 April 2025, the 2nd edition of the Interdisciplinary Scientific Conference took place at the Nowa Huta Cultural Centre. This year, the conference was held under the theme Immersions. Questions of Fluidity in Choreography and Dance. The conference served as a prelude to the 5th Krakow Dance Festival, which took place from 3 to [&hellip;]","og_url":"https:\/\/nck.krakow.pl\/kcc\/en\/2nd-interdisciplinary-scientific-conference\/","og_site_name":"Krakow Choreographic Centre","article_publisher":"http:\/\/facebook.com\/kcc.nck","article_modified_time":"2026-01-14T10:06:44+00:00","og_image":[{"url":"https:\/\/nck.krakow.pl\/kcc\/en\/wp-content\/uploads\/sites\/4\/2026\/01\/DSC4442_fot_klaudyna_schubert-1024x683.jpg"}],"twitter_card":"summary_large_image","twitter_misc":{"Est. reading time":"4 minutes"},"schema":{"@context":"https:\/\/schema.org","@graph":[{"@type":"WebPage","@id":"https:\/\/nck.krakow.pl\/kcc\/en\/2nd-interdisciplinary-scientific-conference\/","url":"https:\/\/nck.krakow.pl\/kcc\/en\/2nd-interdisciplinary-scientific-conference\/","name":"2nd Interdisciplinary Scientific Conference - Krakow Choreographic Centre","isPartOf":{"@id":"https:\/\/nck.krakow.pl\/kcc\/en\/#website"},"datePublished":"2026-01-14T10:06:38+00:00","dateModified":"2026-01-14T10:06:44+00:00","breadcrumb":{"@id":"https:\/\/nck.krakow.pl\/kcc\/en\/2nd-interdisciplinary-scientific-conference\/#breadcrumb"},"inLanguage":"en-US","potentialAction":[{"@type":"ReadAction","target":["https:\/\/nck.krakow.pl\/kcc\/en\/2nd-interdisciplinary-scientific-conference\/"]}]},{"@type":"BreadcrumbList","@id":"https:\/\/nck.krakow.pl\/kcc\/en\/2nd-interdisciplinary-scientific-conference\/#breadcrumb","itemListElement":[{"@type":"ListItem","position":1,"name":"Strona g\u0142\u00f3wna","item":"https:\/\/nck.krakow.pl\/kcc\/en\/"},{"@type":"ListItem","position":2,"name":"2nd Interdisciplinary Scientific Conference"}]},{"@type":"WebSite","@id":"https:\/\/nck.krakow.pl\/kcc\/en\/#website","url":"https:\/\/nck.krakow.pl\/kcc\/en\/","name":"Krakow Choreographic Centre","description":"","publisher":{"@id":"https:\/\/nck.krakow.pl\/kcc\/en\/#organization"},"potentialAction":[{"@type":"SearchAction","target":{"@type":"EntryPoint","urlTemplate":"https:\/\/nck.krakow.pl\/kcc\/en\/?s={search_term_string}"},"query-input":"required name=search_term_string"}],"inLanguage":"en-US"},{"@type":"Organization","@id":"https:\/\/nck.krakow.pl\/kcc\/en\/#organization","name":"Krakow Choreographic Centre","url":"https:\/\/nck.krakow.pl\/kcc\/en\/","logo":{"@type":"ImageObject","inLanguage":"en-US","@id":"https:\/\/nck.krakow.pl\/kcc\/en\/#\/schema\/logo\/image\/","url":"https:\/\/nck.krakow.pl\/kcc\/en\/wp-content\/uploads\/sites\/4\/2020\/04\/cropped-cropped-logo-kcc-2020en.png","contentUrl":"https:\/\/nck.krakow.pl\/kcc\/en\/wp-content\/uploads\/sites\/4\/2020\/04\/cropped-cropped-logo-kcc-2020en.png","width":116,"height":55,"caption":"Krakow Choreographic Centre"},"image":{"@id":"https:\/\/nck.krakow.pl\/kcc\/en\/#\/schema\/logo\/image\/"},"sameAs":["http:\/\/facebook.com\/kcc.nck"]}]}},"_links":{"self":[{"href":"https:\/\/nck.krakow.pl\/kcc\/en\/wp-json\/wp\/v2\/pages\/2248"}],"collection":[{"href":"https:\/\/nck.krakow.pl\/kcc\/en\/wp-json\/wp\/v2\/pages"}],"about":[{"href":"https:\/\/nck.krakow.pl\/kcc\/en\/wp-json\/wp\/v2\/types\/page"}],"author":[{"embeddable":true,"href":"https:\/\/nck.krakow.pl\/kcc\/en\/wp-json\/wp\/v2\/users\/5"}],"replies":[{"embeddable":true,"href":"https:\/\/nck.krakow.pl\/kcc\/en\/wp-json\/wp\/v2\/comments?post=2248"}],"version-history":[{"count":1,"href":"https:\/\/nck.krakow.pl\/kcc\/en\/wp-json\/wp\/v2\/pages\/2248\/revisions"}],"predecessor-version":[{"id":2257,"href":"https:\/\/nck.krakow.pl\/kcc\/en\/wp-json\/wp\/v2\/pages\/2248\/revisions\/2257"}],"wp:attachment":[{"href":"https:\/\/nck.krakow.pl\/kcc\/en\/wp-json\/wp\/v2\/media?parent=2248"}],"curies":[{"name":"wp","href":"https:\/\/api.w.org\/{rel}","templated":true}]}}