{"id":2236,"date":"2026-01-14T11:01:43","date_gmt":"2026-01-14T10:01:43","guid":{"rendered":"https:\/\/nck.krakow.pl\/kcc\/en\/?page_id=2236"},"modified":"2026-01-14T11:02:23","modified_gmt":"2026-01-14T10:02:23","slug":"artistic-project-for-seniors","status":"publish","type":"page","link":"https:\/\/nck.krakow.pl\/kcc\/en\/artistic-project-for-seniors\/","title":{"rendered":"Artistic Project for Seniors"},"content":{"rendered":"\n<p>In 2022, together with the OFF Foundation (Hodworks company) from Budapest and Divadlo na Cucky from Olomouc, we implemented the project &#8216;Lifelong Art in V4 countries\u2019. The aim of this international initiative was to develop new forms of involving seniors in artistic activities and to deepen intergenerational dialogue. Thanks to this cooperation, we as the Krakow Choreographic Centre have expanded our existing program by inviting a new target group to take part in creative activities. In turn, for the seniors, participation in this project provided an opportunity to acquire new stage skills, develop their creativity, increase their self-confidence and improve their well-being.&nbsp;<\/p>\n\n\n\n<p>The project consisted of three phases. In the preparatory phase, during a workshop lasting several days, artists from the three countries jointly developed a methodology for the creative process, based on their previous experience of working with socially excluded groups. In the next stage, which lasted 14 weeks, the participants, under the guidance of the artists, prepared a performance entitled <strong><em><a href=\"https:\/\/nck.krakow.pl\/kcc\/en\/the-voice-of-seniors\/\">The voice of seniors<\/a><\/em><\/strong>, which had its premiere during the Krakow Dance Festival. The project concluded with a closing meeting, which included the screening of short films\u00a0 documenting the work of all three teams.<\/p>\n\n\n\n<figure class=\"wp-block-gallery has-nested-images columns-default is-cropped wp-block-gallery-1 is-layout-flex wp-block-gallery-is-layout-flex\">\n<figure class=\"wp-block-image size-large\"><a href=\"https:\/\/nck.krakow.pl\/kcc\/en\/wp-content\/uploads\/sites\/4\/2026\/01\/DSC0002_fot_klaudyna_schubert.jpg\"><img loading=\"lazy\" decoding=\"async\" width=\"1024\" height=\"683\" data-id=\"2237\" src=\"https:\/\/nck.krakow.pl\/kcc\/en\/wp-content\/uploads\/sites\/4\/2026\/01\/DSC0002_fot_klaudyna_schubert-1024x683.jpg\" alt=\"\" class=\"wp-image-2237\" srcset=\"https:\/\/nck.krakow.pl\/kcc\/en\/wp-content\/uploads\/sites\/4\/2026\/01\/DSC0002_fot_klaudyna_schubert-1024x683.jpg 1024w, https:\/\/nck.krakow.pl\/kcc\/en\/wp-content\/uploads\/sites\/4\/2026\/01\/DSC0002_fot_klaudyna_schubert-300x200.jpg 300w, https:\/\/nck.krakow.pl\/kcc\/en\/wp-content\/uploads\/sites\/4\/2026\/01\/DSC0002_fot_klaudyna_schubert-768x512.jpg 768w, https:\/\/nck.krakow.pl\/kcc\/en\/wp-content\/uploads\/sites\/4\/2026\/01\/DSC0002_fot_klaudyna_schubert-1536x1024.jpg 1536w, https:\/\/nck.krakow.pl\/kcc\/en\/wp-content\/uploads\/sites\/4\/2026\/01\/DSC0002_fot_klaudyna_schubert-2048x1366.jpg 2048w\" sizes=\"(max-width: 1024px) 100vw, 1024px\" \/><\/a><\/figure>\n\n\n\n<figure class=\"wp-block-image size-large\"><a href=\"https:\/\/nck.krakow.pl\/kcc\/en\/wp-content\/uploads\/sites\/4\/2026\/01\/DSC9780_fot_klaudyna_schubert.jpg\"><img loading=\"lazy\" decoding=\"async\" width=\"1024\" height=\"683\" data-id=\"2238\" src=\"https:\/\/nck.krakow.pl\/kcc\/en\/wp-content\/uploads\/sites\/4\/2026\/01\/DSC9780_fot_klaudyna_schubert-1024x683.jpg\" alt=\"\" class=\"wp-image-2238\" srcset=\"https:\/\/nck.krakow.pl\/kcc\/en\/wp-content\/uploads\/sites\/4\/2026\/01\/DSC9780_fot_klaudyna_schubert-1024x683.jpg 1024w, https:\/\/nck.krakow.pl\/kcc\/en\/wp-content\/uploads\/sites\/4\/2026\/01\/DSC9780_fot_klaudyna_schubert-300x200.jpg 300w, https:\/\/nck.krakow.pl\/kcc\/en\/wp-content\/uploads\/sites\/4\/2026\/01\/DSC9780_fot_klaudyna_schubert-768x512.jpg 768w, https:\/\/nck.krakow.pl\/kcc\/en\/wp-content\/uploads\/sites\/4\/2026\/01\/DSC9780_fot_klaudyna_schubert-1536x1024.jpg 1536w, https:\/\/nck.krakow.pl\/kcc\/en\/wp-content\/uploads\/sites\/4\/2026\/01\/DSC9780_fot_klaudyna_schubert-2048x1366.jpg 2048w\" sizes=\"(max-width: 1024px) 100vw, 1024px\" \/><\/a><\/figure>\n\n\n\n<figure class=\"wp-block-image size-large\"><a href=\"https:\/\/nck.krakow.pl\/kcc\/en\/wp-content\/uploads\/sites\/4\/2026\/01\/DSC9801_fot_klaudyna_schubert.jpg\"><img loading=\"lazy\" decoding=\"async\" width=\"1024\" height=\"683\" data-id=\"2239\" src=\"https:\/\/nck.krakow.pl\/kcc\/en\/wp-content\/uploads\/sites\/4\/2026\/01\/DSC9801_fot_klaudyna_schubert-1024x683.jpg\" alt=\"\" class=\"wp-image-2239\" srcset=\"https:\/\/nck.krakow.pl\/kcc\/en\/wp-content\/uploads\/sites\/4\/2026\/01\/DSC9801_fot_klaudyna_schubert-1024x683.jpg 1024w, https:\/\/nck.krakow.pl\/kcc\/en\/wp-content\/uploads\/sites\/4\/2026\/01\/DSC9801_fot_klaudyna_schubert-300x200.jpg 300w, https:\/\/nck.krakow.pl\/kcc\/en\/wp-content\/uploads\/sites\/4\/2026\/01\/DSC9801_fot_klaudyna_schubert-768x512.jpg 768w, https:\/\/nck.krakow.pl\/kcc\/en\/wp-content\/uploads\/sites\/4\/2026\/01\/DSC9801_fot_klaudyna_schubert-1536x1024.jpg 1536w, https:\/\/nck.krakow.pl\/kcc\/en\/wp-content\/uploads\/sites\/4\/2026\/01\/DSC9801_fot_klaudyna_schubert-2048x1366.jpg 2048w\" sizes=\"(max-width: 1024px) 100vw, 1024px\" \/><\/a><\/figure>\n\n\n\n<figure class=\"wp-block-image size-large\"><a href=\"https:\/\/nck.krakow.pl\/kcc\/en\/wp-content\/uploads\/sites\/4\/2026\/01\/DSC9805_fot_klaudyna_schubert.jpg\"><img loading=\"lazy\" decoding=\"async\" width=\"1024\" height=\"683\" data-id=\"2242\" src=\"https:\/\/nck.krakow.pl\/kcc\/en\/wp-content\/uploads\/sites\/4\/2026\/01\/DSC9805_fot_klaudyna_schubert-1024x683.jpg\" alt=\"\" class=\"wp-image-2242\" srcset=\"https:\/\/nck.krakow.pl\/kcc\/en\/wp-content\/uploads\/sites\/4\/2026\/01\/DSC9805_fot_klaudyna_schubert-1024x683.jpg 1024w, https:\/\/nck.krakow.pl\/kcc\/en\/wp-content\/uploads\/sites\/4\/2026\/01\/DSC9805_fot_klaudyna_schubert-300x200.jpg 300w, https:\/\/nck.krakow.pl\/kcc\/en\/wp-content\/uploads\/sites\/4\/2026\/01\/DSC9805_fot_klaudyna_schubert-768x512.jpg 768w, https:\/\/nck.krakow.pl\/kcc\/en\/wp-content\/uploads\/sites\/4\/2026\/01\/DSC9805_fot_klaudyna_schubert-1536x1024.jpg 1536w, https:\/\/nck.krakow.pl\/kcc\/en\/wp-content\/uploads\/sites\/4\/2026\/01\/DSC9805_fot_klaudyna_schubert-2048x1366.jpg 2048w\" sizes=\"(max-width: 1024px) 100vw, 1024px\" \/><\/a><\/figure>\n\n\n\n<figure class=\"wp-block-image size-large\"><a href=\"https:\/\/nck.krakow.pl\/kcc\/en\/wp-content\/uploads\/sites\/4\/2026\/01\/DSC9822_fot_klaudyna_schubert.jpg\"><img loading=\"lazy\" decoding=\"async\" width=\"1024\" height=\"683\" data-id=\"2241\" src=\"https:\/\/nck.krakow.pl\/kcc\/en\/wp-content\/uploads\/sites\/4\/2026\/01\/DSC9822_fot_klaudyna_schubert-1024x683.jpg\" alt=\"\" class=\"wp-image-2241\" srcset=\"https:\/\/nck.krakow.pl\/kcc\/en\/wp-content\/uploads\/sites\/4\/2026\/01\/DSC9822_fot_klaudyna_schubert-1024x683.jpg 1024w, https:\/\/nck.krakow.pl\/kcc\/en\/wp-content\/uploads\/sites\/4\/2026\/01\/DSC9822_fot_klaudyna_schubert-300x200.jpg 300w, https:\/\/nck.krakow.pl\/kcc\/en\/wp-content\/uploads\/sites\/4\/2026\/01\/DSC9822_fot_klaudyna_schubert-768x512.jpg 768w, https:\/\/nck.krakow.pl\/kcc\/en\/wp-content\/uploads\/sites\/4\/2026\/01\/DSC9822_fot_klaudyna_schubert-1536x1024.jpg 1536w, https:\/\/nck.krakow.pl\/kcc\/en\/wp-content\/uploads\/sites\/4\/2026\/01\/DSC9822_fot_klaudyna_schubert-2048x1366.jpg 2048w\" sizes=\"(max-width: 1024px) 100vw, 1024px\" \/><\/a><\/figure>\n\n\n\n<figure class=\"wp-block-image size-large\"><a href=\"https:\/\/nck.krakow.pl\/kcc\/en\/wp-content\/uploads\/sites\/4\/2026\/01\/DSC9850_fot_klaudyna_schubert.jpg\"><img loading=\"lazy\" decoding=\"async\" width=\"1024\" height=\"683\" data-id=\"2240\" src=\"https:\/\/nck.krakow.pl\/kcc\/en\/wp-content\/uploads\/sites\/4\/2026\/01\/DSC9850_fot_klaudyna_schubert-1024x683.jpg\" alt=\"\" class=\"wp-image-2240\" srcset=\"https:\/\/nck.krakow.pl\/kcc\/en\/wp-content\/uploads\/sites\/4\/2026\/01\/DSC9850_fot_klaudyna_schubert-1024x683.jpg 1024w, https:\/\/nck.krakow.pl\/kcc\/en\/wp-content\/uploads\/sites\/4\/2026\/01\/DSC9850_fot_klaudyna_schubert-300x200.jpg 300w, https:\/\/nck.krakow.pl\/kcc\/en\/wp-content\/uploads\/sites\/4\/2026\/01\/DSC9850_fot_klaudyna_schubert-768x512.jpg 768w, https:\/\/nck.krakow.pl\/kcc\/en\/wp-content\/uploads\/sites\/4\/2026\/01\/DSC9850_fot_klaudyna_schubert-1536x1024.jpg 1536w, https:\/\/nck.krakow.pl\/kcc\/en\/wp-content\/uploads\/sites\/4\/2026\/01\/DSC9850_fot_klaudyna_schubert-2048x1366.jpg 2048w\" sizes=\"(max-width: 1024px) 100vw, 1024px\" \/><\/a><\/figure>\n\n\n\n<figure class=\"wp-block-image size-large\"><a href=\"https:\/\/nck.krakow.pl\/kcc\/en\/wp-content\/uploads\/sites\/4\/2026\/01\/DSC9863_fot_klaudyna_schubert.jpg\"><img loading=\"lazy\" decoding=\"async\" width=\"1024\" height=\"683\" data-id=\"2243\" src=\"https:\/\/nck.krakow.pl\/kcc\/en\/wp-content\/uploads\/sites\/4\/2026\/01\/DSC9863_fot_klaudyna_schubert-1024x683.jpg\" alt=\"\" class=\"wp-image-2243\" srcset=\"https:\/\/nck.krakow.pl\/kcc\/en\/wp-content\/uploads\/sites\/4\/2026\/01\/DSC9863_fot_klaudyna_schubert-1024x683.jpg 1024w, https:\/\/nck.krakow.pl\/kcc\/en\/wp-content\/uploads\/sites\/4\/2026\/01\/DSC9863_fot_klaudyna_schubert-300x200.jpg 300w, https:\/\/nck.krakow.pl\/kcc\/en\/wp-content\/uploads\/sites\/4\/2026\/01\/DSC9863_fot_klaudyna_schubert-768x512.jpg 768w, https:\/\/nck.krakow.pl\/kcc\/en\/wp-content\/uploads\/sites\/4\/2026\/01\/DSC9863_fot_klaudyna_schubert-1536x1024.jpg 1536w, https:\/\/nck.krakow.pl\/kcc\/en\/wp-content\/uploads\/sites\/4\/2026\/01\/DSC9863_fot_klaudyna_schubert-2048x1366.jpg 2048w\" sizes=\"(max-width: 1024px) 100vw, 1024px\" \/><\/a><\/figure>\n\n\n\n<figure class=\"wp-block-image size-large\"><a href=\"https:\/\/nck.krakow.pl\/kcc\/en\/wp-content\/uploads\/sites\/4\/2026\/01\/DSC9879_fot_klaudyna_schubert.jpg\"><img loading=\"lazy\" decoding=\"async\" width=\"1024\" height=\"683\" data-id=\"2244\" src=\"https:\/\/nck.krakow.pl\/kcc\/en\/wp-content\/uploads\/sites\/4\/2026\/01\/DSC9879_fot_klaudyna_schubert-1024x683.jpg\" alt=\"\" class=\"wp-image-2244\" srcset=\"https:\/\/nck.krakow.pl\/kcc\/en\/wp-content\/uploads\/sites\/4\/2026\/01\/DSC9879_fot_klaudyna_schubert-1024x683.jpg 1024w, https:\/\/nck.krakow.pl\/kcc\/en\/wp-content\/uploads\/sites\/4\/2026\/01\/DSC9879_fot_klaudyna_schubert-300x200.jpg 300w, https:\/\/nck.krakow.pl\/kcc\/en\/wp-content\/uploads\/sites\/4\/2026\/01\/DSC9879_fot_klaudyna_schubert-768x512.jpg 768w, https:\/\/nck.krakow.pl\/kcc\/en\/wp-content\/uploads\/sites\/4\/2026\/01\/DSC9879_fot_klaudyna_schubert-1536x1024.jpg 1536w, https:\/\/nck.krakow.pl\/kcc\/en\/wp-content\/uploads\/sites\/4\/2026\/01\/DSC9879_fot_klaudyna_schubert-2048x1366.jpg 2048w\" sizes=\"(max-width: 1024px) 100vw, 1024px\" \/><\/a><\/figure>\n\n\n\n<figure class=\"wp-block-image size-large\"><a href=\"https:\/\/nck.krakow.pl\/kcc\/en\/wp-content\/uploads\/sites\/4\/2026\/01\/DSC9938_fot_klaudyna_schubert.jpg\"><img loading=\"lazy\" decoding=\"async\" width=\"1024\" height=\"683\" data-id=\"2245\" src=\"https:\/\/nck.krakow.pl\/kcc\/en\/wp-content\/uploads\/sites\/4\/2026\/01\/DSC9938_fot_klaudyna_schubert-1024x683.jpg\" alt=\"\" class=\"wp-image-2245\" srcset=\"https:\/\/nck.krakow.pl\/kcc\/en\/wp-content\/uploads\/sites\/4\/2026\/01\/DSC9938_fot_klaudyna_schubert-1024x683.jpg 1024w, https:\/\/nck.krakow.pl\/kcc\/en\/wp-content\/uploads\/sites\/4\/2026\/01\/DSC9938_fot_klaudyna_schubert-300x200.jpg 300w, https:\/\/nck.krakow.pl\/kcc\/en\/wp-content\/uploads\/sites\/4\/2026\/01\/DSC9938_fot_klaudyna_schubert-768x512.jpg 768w, https:\/\/nck.krakow.pl\/kcc\/en\/wp-content\/uploads\/sites\/4\/2026\/01\/DSC9938_fot_klaudyna_schubert-1536x1024.jpg 1536w, https:\/\/nck.krakow.pl\/kcc\/en\/wp-content\/uploads\/sites\/4\/2026\/01\/DSC9938_fot_klaudyna_schubert-2048x1366.jpg 2048w\" sizes=\"(max-width: 1024px) 100vw, 1024px\" \/><\/a><\/figure>\n<\/figure>\n\n\n\n<div style=\"height:50px\" aria-hidden=\"true\" class=\"wp-block-spacer\"><\/div>\n\n\n\n<p>Artists engaged in the project:<\/p>\n\n\n\n<p><strong>Barbara Bujakowska<\/strong> \u2013 dancer, choreographer, dance teacher based in Krakow. She studied dance at the Anton Bruckner Privatuniversit\u00e4t in Linz and completed a foundation course at the Salzburg Experimental Academy of Dance (SEAD) in Salzburg. She also attended Krakow Opera\u2019s Ballet Studio and practiced gymnastics. She was awarded a scholarship from the Ministry of Culture and National Heritage in 2009.<\/p>\n\n\n\n<p>Choreographer of:&nbsp;<em>Swan_like, Movement Modular Synthesis, 3-Dance<\/em>.<\/p>\n\n\n\n<p>Performer in:&nbsp;<em>Happy!<\/em>,&nbsp;<em>\u015ani\u0142o mi si\u0119, \u017ce pozosta\u0142 po nas pusty pok\u00f3j<\/em>,&nbsp;<em>Jestem mi\u0142o\u015bci\u0105, Jestem mi\u0142o\u015bci\u0105 II, Rozmowy z Lou, Jestem mi\u0142o\u015bci\u0105 III.<\/em><\/p>\n\n\n\n<p><strong>Karol Mi\u0119kina<\/strong> \u2013 actor, dancer, choreographer, dance teacher. He studied at the Faculty of Dance Theatre in Bytom (National Academy of Theatre Arts in Krakow). Member of Polish Dance Theatre \u2013 Pozna\u0144 Ballet ensemble in 2011-2013, currently cooperates with Juliusz S\u0142owacki Theatre in Krakow, Bagatela Theatre, Groteska Theatre and Krakow Opera. Laureate of \u201eYoung Poland\u201d scholarship prize awarded by Ministry of Culture and National Heritage in 2014. Choreographer of&nbsp;<em>Public Space&nbsp;<\/em>(2013),&nbsp;<em>Homo religiosus<\/em>&nbsp;(2014).<\/p>\n\n\n\n<p><strong>\u0141ukasz Laxy<\/strong> \u2013 cellist, conductor, countertenor, teacher of voice emission. Graduated from the Academy of Music in Krak\u00f3w, majoring in cello and conducting. Conductor of Krakow Revolutionary Choir and co-creator of Autonomous Educational Space which aims at increasing access to free education.&nbsp;<\/p>\n\n\n\n<p><em>The project is co-financed by the Governments of Czechia, Hungary, Poland and Slovakia through Visegrad Grants from International Visegrad Fund. The mission of the fund is to advance ideas for sustainable regional cooperation in Central Europe.<\/em><\/p>\n\n\n\n<p>Visegrad Fund website:&nbsp;<a href=\"https:\/\/www.visegradfund.org\/\">https:\/\/www.visegradfund.org\/<\/a>&nbsp;<\/p>\n\n\n\n<p>Project website:&nbsp;<a href=\"https:\/\/offalapitvany.hu\/projektek\/lifelong-art-in-v4-countries\/\">https:\/\/offalapitvany.hu\/projektek\/lifelong-art-in-v4-countries\/&nbsp;&nbsp;&nbsp;&nbsp;&nbsp;&nbsp;&nbsp;&nbsp;&nbsp;&nbsp;&nbsp;&nbsp;<\/a><\/p>\n\n\n\n<p>Photo: Klaudyna Schubert<\/p>\n","protected":false},"excerpt":{"rendered":"<p>In 2022, together with the OFF Foundation (Hodworks company) from Budapest and Divadlo na Cucky from Olomouc, we implemented the project &#8216;Lifelong Art in V4 countries\u2019. The aim of this international initiative was to develop new forms of involving seniors in artistic activities and to deepen intergenerational dialogue. Thanks to this cooperation, we as the [&hellip;]<\/p>\n","protected":false},"author":5,"featured_media":0,"parent":0,"menu_order":0,"comment_status":"closed","ping_status":"closed","template":"","meta":{"footnotes":""},"class_list":["post-2236","page","type-page","status-publish","hentry"],"yoast_head":"<!-- This site is optimized with the Yoast SEO plugin v19.12 - https:\/\/yoast.com\/wordpress\/plugins\/seo\/ -->\n<title>Artistic Project for Seniors - Krakow Choreographic Centre<\/title>\n<meta name=\"robots\" content=\"index, follow, max-snippet:-1, max-image-preview:large, max-video-preview:-1\" \/>\n<link rel=\"canonical\" href=\"https:\/\/nck.krakow.pl\/kcc\/en\/artistic-project-for-seniors\/\" \/>\n<meta property=\"og:locale\" content=\"en_US\" \/>\n<meta property=\"og:type\" content=\"article\" \/>\n<meta property=\"og:title\" content=\"Artistic Project for Seniors - Krakow Choreographic Centre\" \/>\n<meta property=\"og:description\" content=\"In 2022, together with the OFF Foundation (Hodworks company) from Budapest and Divadlo na Cucky from Olomouc, we implemented the project &#8216;Lifelong Art in V4 countries\u2019. The aim of this international initiative was to develop new forms of involving seniors in artistic activities and to deepen intergenerational dialogue. Thanks to this cooperation, we as the [&hellip;]\" \/>\n<meta property=\"og:url\" content=\"https:\/\/nck.krakow.pl\/kcc\/en\/artistic-project-for-seniors\/\" \/>\n<meta property=\"og:site_name\" content=\"Krakow Choreographic Centre\" \/>\n<meta property=\"article:publisher\" content=\"http:\/\/facebook.com\/kcc.nck\" \/>\n<meta property=\"article:modified_time\" content=\"2026-01-14T10:02:23+00:00\" \/>\n<meta property=\"og:image\" content=\"https:\/\/nck.krakow.pl\/kcc\/en\/wp-content\/uploads\/sites\/4\/2026\/01\/DSC0002_fot_klaudyna_schubert-1024x683.jpg\" \/>\n<meta name=\"twitter:card\" content=\"summary_large_image\" \/>\n<meta name=\"twitter:label1\" content=\"Est. reading time\" \/>\n\t<meta name=\"twitter:data1\" content=\"4 minutes\" \/>\n<script type=\"application\/ld+json\" class=\"yoast-schema-graph\">{\"@context\":\"https:\/\/schema.org\",\"@graph\":[{\"@type\":\"WebPage\",\"@id\":\"https:\/\/nck.krakow.pl\/kcc\/en\/artistic-project-for-seniors\/\",\"url\":\"https:\/\/nck.krakow.pl\/kcc\/en\/artistic-project-for-seniors\/\",\"name\":\"Artistic Project for Seniors - Krakow Choreographic Centre\",\"isPartOf\":{\"@id\":\"https:\/\/nck.krakow.pl\/kcc\/en\/#website\"},\"datePublished\":\"2026-01-14T10:01:43+00:00\",\"dateModified\":\"2026-01-14T10:02:23+00:00\",\"breadcrumb\":{\"@id\":\"https:\/\/nck.krakow.pl\/kcc\/en\/artistic-project-for-seniors\/#breadcrumb\"},\"inLanguage\":\"en-US\",\"potentialAction\":[{\"@type\":\"ReadAction\",\"target\":[\"https:\/\/nck.krakow.pl\/kcc\/en\/artistic-project-for-seniors\/\"]}]},{\"@type\":\"BreadcrumbList\",\"@id\":\"https:\/\/nck.krakow.pl\/kcc\/en\/artistic-project-for-seniors\/#breadcrumb\",\"itemListElement\":[{\"@type\":\"ListItem\",\"position\":1,\"name\":\"Strona g\u0142\u00f3wna\",\"item\":\"https:\/\/nck.krakow.pl\/kcc\/en\/\"},{\"@type\":\"ListItem\",\"position\":2,\"name\":\"Artistic Project for Seniors\"}]},{\"@type\":\"WebSite\",\"@id\":\"https:\/\/nck.krakow.pl\/kcc\/en\/#website\",\"url\":\"https:\/\/nck.krakow.pl\/kcc\/en\/\",\"name\":\"Krakow Choreographic Centre\",\"description\":\"\",\"publisher\":{\"@id\":\"https:\/\/nck.krakow.pl\/kcc\/en\/#organization\"},\"potentialAction\":[{\"@type\":\"SearchAction\",\"target\":{\"@type\":\"EntryPoint\",\"urlTemplate\":\"https:\/\/nck.krakow.pl\/kcc\/en\/?s={search_term_string}\"},\"query-input\":\"required name=search_term_string\"}],\"inLanguage\":\"en-US\"},{\"@type\":\"Organization\",\"@id\":\"https:\/\/nck.krakow.pl\/kcc\/en\/#organization\",\"name\":\"Krakow Choreographic Centre\",\"url\":\"https:\/\/nck.krakow.pl\/kcc\/en\/\",\"logo\":{\"@type\":\"ImageObject\",\"inLanguage\":\"en-US\",\"@id\":\"https:\/\/nck.krakow.pl\/kcc\/en\/#\/schema\/logo\/image\/\",\"url\":\"https:\/\/nck.krakow.pl\/kcc\/en\/wp-content\/uploads\/sites\/4\/2020\/04\/cropped-cropped-logo-kcc-2020en.png\",\"contentUrl\":\"https:\/\/nck.krakow.pl\/kcc\/en\/wp-content\/uploads\/sites\/4\/2020\/04\/cropped-cropped-logo-kcc-2020en.png\",\"width\":116,\"height\":55,\"caption\":\"Krakow Choreographic Centre\"},\"image\":{\"@id\":\"https:\/\/nck.krakow.pl\/kcc\/en\/#\/schema\/logo\/image\/\"},\"sameAs\":[\"http:\/\/facebook.com\/kcc.nck\"]}]}<\/script>\n<!-- \/ Yoast SEO plugin. -->","yoast_head_json":{"title":"Artistic Project for Seniors - Krakow Choreographic Centre","robots":{"index":"index","follow":"follow","max-snippet":"max-snippet:-1","max-image-preview":"max-image-preview:large","max-video-preview":"max-video-preview:-1"},"canonical":"https:\/\/nck.krakow.pl\/kcc\/en\/artistic-project-for-seniors\/","og_locale":"en_US","og_type":"article","og_title":"Artistic Project for Seniors - Krakow Choreographic Centre","og_description":"In 2022, together with the OFF Foundation (Hodworks company) from Budapest and Divadlo na Cucky from Olomouc, we implemented the project &#8216;Lifelong Art in V4 countries\u2019. The aim of this international initiative was to develop new forms of involving seniors in artistic activities and to deepen intergenerational dialogue. Thanks to this cooperation, we as the [&hellip;]","og_url":"https:\/\/nck.krakow.pl\/kcc\/en\/artistic-project-for-seniors\/","og_site_name":"Krakow Choreographic Centre","article_publisher":"http:\/\/facebook.com\/kcc.nck","article_modified_time":"2026-01-14T10:02:23+00:00","og_image":[{"url":"https:\/\/nck.krakow.pl\/kcc\/en\/wp-content\/uploads\/sites\/4\/2026\/01\/DSC0002_fot_klaudyna_schubert-1024x683.jpg"}],"twitter_card":"summary_large_image","twitter_misc":{"Est. reading time":"4 minutes"},"schema":{"@context":"https:\/\/schema.org","@graph":[{"@type":"WebPage","@id":"https:\/\/nck.krakow.pl\/kcc\/en\/artistic-project-for-seniors\/","url":"https:\/\/nck.krakow.pl\/kcc\/en\/artistic-project-for-seniors\/","name":"Artistic Project for Seniors - Krakow Choreographic Centre","isPartOf":{"@id":"https:\/\/nck.krakow.pl\/kcc\/en\/#website"},"datePublished":"2026-01-14T10:01:43+00:00","dateModified":"2026-01-14T10:02:23+00:00","breadcrumb":{"@id":"https:\/\/nck.krakow.pl\/kcc\/en\/artistic-project-for-seniors\/#breadcrumb"},"inLanguage":"en-US","potentialAction":[{"@type":"ReadAction","target":["https:\/\/nck.krakow.pl\/kcc\/en\/artistic-project-for-seniors\/"]}]},{"@type":"BreadcrumbList","@id":"https:\/\/nck.krakow.pl\/kcc\/en\/artistic-project-for-seniors\/#breadcrumb","itemListElement":[{"@type":"ListItem","position":1,"name":"Strona g\u0142\u00f3wna","item":"https:\/\/nck.krakow.pl\/kcc\/en\/"},{"@type":"ListItem","position":2,"name":"Artistic Project for Seniors"}]},{"@type":"WebSite","@id":"https:\/\/nck.krakow.pl\/kcc\/en\/#website","url":"https:\/\/nck.krakow.pl\/kcc\/en\/","name":"Krakow Choreographic Centre","description":"","publisher":{"@id":"https:\/\/nck.krakow.pl\/kcc\/en\/#organization"},"potentialAction":[{"@type":"SearchAction","target":{"@type":"EntryPoint","urlTemplate":"https:\/\/nck.krakow.pl\/kcc\/en\/?s={search_term_string}"},"query-input":"required name=search_term_string"}],"inLanguage":"en-US"},{"@type":"Organization","@id":"https:\/\/nck.krakow.pl\/kcc\/en\/#organization","name":"Krakow Choreographic Centre","url":"https:\/\/nck.krakow.pl\/kcc\/en\/","logo":{"@type":"ImageObject","inLanguage":"en-US","@id":"https:\/\/nck.krakow.pl\/kcc\/en\/#\/schema\/logo\/image\/","url":"https:\/\/nck.krakow.pl\/kcc\/en\/wp-content\/uploads\/sites\/4\/2020\/04\/cropped-cropped-logo-kcc-2020en.png","contentUrl":"https:\/\/nck.krakow.pl\/kcc\/en\/wp-content\/uploads\/sites\/4\/2020\/04\/cropped-cropped-logo-kcc-2020en.png","width":116,"height":55,"caption":"Krakow Choreographic Centre"},"image":{"@id":"https:\/\/nck.krakow.pl\/kcc\/en\/#\/schema\/logo\/image\/"},"sameAs":["http:\/\/facebook.com\/kcc.nck"]}]}},"_links":{"self":[{"href":"https:\/\/nck.krakow.pl\/kcc\/en\/wp-json\/wp\/v2\/pages\/2236"}],"collection":[{"href":"https:\/\/nck.krakow.pl\/kcc\/en\/wp-json\/wp\/v2\/pages"}],"about":[{"href":"https:\/\/nck.krakow.pl\/kcc\/en\/wp-json\/wp\/v2\/types\/page"}],"author":[{"embeddable":true,"href":"https:\/\/nck.krakow.pl\/kcc\/en\/wp-json\/wp\/v2\/users\/5"}],"replies":[{"embeddable":true,"href":"https:\/\/nck.krakow.pl\/kcc\/en\/wp-json\/wp\/v2\/comments?post=2236"}],"version-history":[{"count":1,"href":"https:\/\/nck.krakow.pl\/kcc\/en\/wp-json\/wp\/v2\/pages\/2236\/revisions"}],"predecessor-version":[{"id":2246,"href":"https:\/\/nck.krakow.pl\/kcc\/en\/wp-json\/wp\/v2\/pages\/2236\/revisions\/2246"}],"wp:attachment":[{"href":"https:\/\/nck.krakow.pl\/kcc\/en\/wp-json\/wp\/v2\/media?parent=2236"}],"curies":[{"name":"wp","href":"https:\/\/api.w.org\/{rel}","templated":true}]}}