{"id":1763,"date":"2024-02-23T15:22:18","date_gmt":"2024-02-23T14:22:18","guid":{"rendered":"https:\/\/nck.krakow.pl\/kcc\/en\/?page_id=1763"},"modified":"2024-02-26T11:21:59","modified_gmt":"2024-02-26T10:21:59","slug":"hair-story","status":"publish","type":"page","link":"https:\/\/nck.krakow.pl\/kcc\/en\/hair-story\/","title":{"rendered":"<strong>Hair Story<\/strong>"},"content":{"rendered":"\n<p><strong>concept, choreography, performance, text<\/strong>: Ana Szopa<br><strong>dramaturgy, tekst<\/strong>: Marcin Mi\u0119tus<br><strong>costiumes, scenography<\/strong>: Marta Szypulska<br><strong>sound direction, music<\/strong>:&nbsp;Dawid Tas<br><strong>video, lights<\/strong>:&nbsp;Adam Zdu\u0144czyk<br><strong>visual animations<\/strong>:&nbsp;Ernest Borowski<br><strong>props<\/strong>:&nbsp;Kacper Mutke<br><strong>promotion photos<\/strong>:&nbsp;Antoni Jupiter Rych\u0142owski<br><strong>production<\/strong>: KCC Residency, Krakow Choreographic Centre \u2013 Nowa Huta Cultural Centre<br><strong>duration<\/strong>:&nbsp;45 minutes<\/p>\n\n\n\n<p>Hair Story is a ritual, pop culture concert in the center of which is an altar of burning bodies. This is the herstory of HER and her incarnations, past and present. SHE \u2013 radical and crazy \u2013 is leading a revolution. Emancipated and capricious in frivolous jumps and gray sneakers, she transforms reality, brazenly laughing in the face of the system. In full ecstasy, expanding his own corporeality, he throws his body into the cauldron of fantasy.<\/p>\n\n\n\n<figure class=\"wp-block-gallery has-nested-images columns-default is-cropped wp-block-gallery-1 is-layout-flex wp-block-gallery-is-layout-flex\">\n<figure class=\"wp-block-image size-large\"><a href=\"https:\/\/nck.krakow.pl\/kcc\/wp-content\/uploads\/2024\/01\/HAIR_STORY_06_fot_klaudyna_schubert-1024x682.jpg\"><img decoding=\"async\" data-id=\"7327\" src=\"https:\/\/nck.krakow.pl\/kcc\/wp-content\/uploads\/2024\/01\/HAIR_STORY_06_fot_klaudyna_schubert-1024x682.jpg\" alt=\"\" class=\"wp-image-7327\"\/><\/a><\/figure>\n\n\n\n<figure class=\"wp-block-image size-large\"><a href=\"https:\/\/nck.krakow.pl\/kcc\/wp-content\/uploads\/2024\/01\/HAIR_STORY_16_fot_klaudyna_schubert-1024x682.jpg\"><img decoding=\"async\" data-id=\"7324\" src=\"https:\/\/nck.krakow.pl\/kcc\/wp-content\/uploads\/2024\/01\/HAIR_STORY_16_fot_klaudyna_schubert-1024x682.jpg\" alt=\"\" class=\"wp-image-7324\"\/><\/a><\/figure>\n\n\n\n<figure class=\"wp-block-image size-large\"><a href=\"https:\/\/nck.krakow.pl\/kcc\/wp-content\/uploads\/2024\/01\/HAIR_STORY_17_fot_klaudyna_schubert-1024x682.jpg\"><img decoding=\"async\" data-id=\"7325\" src=\"https:\/\/nck.krakow.pl\/kcc\/wp-content\/uploads\/2024\/01\/HAIR_STORY_17_fot_klaudyna_schubert-1024x682.jpg\" alt=\"\" class=\"wp-image-7325\"\/><\/a><\/figure>\n\n\n\n<figure class=\"wp-block-image size-large\"><a href=\"https:\/\/nck.krakow.pl\/kcc\/wp-content\/uploads\/2024\/01\/HAIR_STORY_18_fot_klaudyna_schubert-1024x682.jpg\"><img decoding=\"async\" data-id=\"7328\" src=\"https:\/\/nck.krakow.pl\/kcc\/wp-content\/uploads\/2024\/01\/HAIR_STORY_18_fot_klaudyna_schubert-1024x682.jpg\" alt=\"\" class=\"wp-image-7328\"\/><\/a><\/figure>\n\n\n\n<figure class=\"wp-block-image size-large\"><a href=\"https:\/\/nck.krakow.pl\/kcc\/wp-content\/uploads\/2024\/01\/HAIR_STORY_28_fot_klaudyna_schubert-1024x682.jpg\"><img decoding=\"async\" data-id=\"7326\" src=\"https:\/\/nck.krakow.pl\/kcc\/wp-content\/uploads\/2024\/01\/HAIR_STORY_28_fot_klaudyna_schubert-1024x682.jpg\" alt=\"\" class=\"wp-image-7326\"\/><\/a><\/figure>\n\n\n\n<figure class=\"wp-block-image size-large\"><a href=\"https:\/\/nck.krakow.pl\/kcc\/wp-content\/uploads\/2024\/01\/HAIR_STORY_39_fot_klaudyna_schubert-1024x682.jpg\"><img decoding=\"async\" data-id=\"7329\" src=\"https:\/\/nck.krakow.pl\/kcc\/wp-content\/uploads\/2024\/01\/HAIR_STORY_39_fot_klaudyna_schubert-1024x682.jpg\" alt=\"\" class=\"wp-image-7329\"\/><\/a><\/figure>\n<\/figure>\n\n\n\n<div style=\"height:50px\" aria-hidden=\"true\" class=\"wp-block-spacer\"><\/div>\n\n\n\n<p><strong>KCC RESIDENCY<\/strong><\/p>\n\n\n\n<p>The performance &#8220;HAIR STORY&#8221; was created as part of the KCC Resiedency. As the Krakow Choreographic Center, we have been supporting dance artists in creating their original works for many years. The KCC residency competition is an opportunity to produce a performance in the field of contemporary choreography.<\/p>\n\n\n\n<p>Photo: Klaudyna Schubert<\/p>\n","protected":false},"excerpt":{"rendered":"<p>concept, choreography, performance, text: Ana Szopadramaturgy, tekst: Marcin Mi\u0119tuscostiumes, scenography: Marta Szypulskasound direction, music:&nbsp;Dawid Tasvideo, lights:&nbsp;Adam Zdu\u0144czykvisual animations:&nbsp;Ernest Borowskiprops:&nbsp;Kacper Mutkepromotion photos:&nbsp;Antoni Jupiter Rych\u0142owskiproduction: KCC Residency, Krakow Choreographic Centre \u2013 Nowa Huta Cultural Centreduration:&nbsp;45 minutes Hair Story is a ritual, pop culture concert in the center of which is an altar of burning bodies. This is [&hellip;]<\/p>\n","protected":false},"author":5,"featured_media":0,"parent":0,"menu_order":0,"comment_status":"closed","ping_status":"closed","template":"","meta":{"footnotes":""},"class_list":["post-1763","page","type-page","status-publish","hentry"],"yoast_head":"<!-- This site is optimized with the Yoast SEO plugin v19.12 - https:\/\/yoast.com\/wordpress\/plugins\/seo\/ -->\n<title>Hair Story - Krakow Choreographic Centre<\/title>\n<meta name=\"robots\" content=\"index, follow, max-snippet:-1, max-image-preview:large, max-video-preview:-1\" \/>\n<link rel=\"canonical\" href=\"https:\/\/nck.krakow.pl\/kcc\/en\/hair-story\/\" \/>\n<meta property=\"og:locale\" content=\"en_US\" \/>\n<meta property=\"og:type\" content=\"article\" \/>\n<meta property=\"og:title\" content=\"Hair Story - Krakow Choreographic Centre\" \/>\n<meta property=\"og:description\" content=\"concept, choreography, performance, text: Ana Szopadramaturgy, tekst: Marcin Mi\u0119tuscostiumes, scenography: Marta Szypulskasound direction, music:&nbsp;Dawid Tasvideo, lights:&nbsp;Adam Zdu\u0144czykvisual animations:&nbsp;Ernest Borowskiprops:&nbsp;Kacper Mutkepromotion photos:&nbsp;Antoni Jupiter Rych\u0142owskiproduction: KCC Residency, Krakow Choreographic Centre \u2013 Nowa Huta Cultural Centreduration:&nbsp;45 minutes Hair Story is a ritual, pop culture concert in the center of which is an altar of burning bodies. This is [&hellip;]\" \/>\n<meta property=\"og:url\" content=\"https:\/\/nck.krakow.pl\/kcc\/en\/hair-story\/\" \/>\n<meta property=\"og:site_name\" content=\"Krakow Choreographic Centre\" \/>\n<meta property=\"article:publisher\" content=\"http:\/\/facebook.com\/kcc.nck\" \/>\n<meta property=\"article:modified_time\" content=\"2024-02-26T10:21:59+00:00\" \/>\n<meta property=\"og:image\" content=\"https:\/\/nck.krakow.pl\/kcc\/wp-content\/uploads\/2024\/01\/HAIR_STORY_06_fot_klaudyna_schubert-1024x682.jpg\" \/>\n<meta name=\"twitter:card\" content=\"summary_large_image\" \/>\n<meta name=\"twitter:label1\" content=\"Est. reading time\" \/>\n\t<meta name=\"twitter:data1\" content=\"2 minutes\" \/>\n<script type=\"application\/ld+json\" class=\"yoast-schema-graph\">{\"@context\":\"https:\/\/schema.org\",\"@graph\":[{\"@type\":\"WebPage\",\"@id\":\"https:\/\/nck.krakow.pl\/kcc\/en\/hair-story\/\",\"url\":\"https:\/\/nck.krakow.pl\/kcc\/en\/hair-story\/\",\"name\":\"Hair Story - Krakow Choreographic Centre\",\"isPartOf\":{\"@id\":\"https:\/\/nck.krakow.pl\/kcc\/en\/#website\"},\"datePublished\":\"2024-02-23T14:22:18+00:00\",\"dateModified\":\"2024-02-26T10:21:59+00:00\",\"breadcrumb\":{\"@id\":\"https:\/\/nck.krakow.pl\/kcc\/en\/hair-story\/#breadcrumb\"},\"inLanguage\":\"en-US\",\"potentialAction\":[{\"@type\":\"ReadAction\",\"target\":[\"https:\/\/nck.krakow.pl\/kcc\/en\/hair-story\/\"]}]},{\"@type\":\"BreadcrumbList\",\"@id\":\"https:\/\/nck.krakow.pl\/kcc\/en\/hair-story\/#breadcrumb\",\"itemListElement\":[{\"@type\":\"ListItem\",\"position\":1,\"name\":\"Strona g\u0142\u00f3wna\",\"item\":\"https:\/\/nck.krakow.pl\/kcc\/en\/\"},{\"@type\":\"ListItem\",\"position\":2,\"name\":\"Hair Story\"}]},{\"@type\":\"WebSite\",\"@id\":\"https:\/\/nck.krakow.pl\/kcc\/en\/#website\",\"url\":\"https:\/\/nck.krakow.pl\/kcc\/en\/\",\"name\":\"Krakow Choreographic Centre\",\"description\":\"\",\"publisher\":{\"@id\":\"https:\/\/nck.krakow.pl\/kcc\/en\/#organization\"},\"potentialAction\":[{\"@type\":\"SearchAction\",\"target\":{\"@type\":\"EntryPoint\",\"urlTemplate\":\"https:\/\/nck.krakow.pl\/kcc\/en\/?s={search_term_string}\"},\"query-input\":\"required name=search_term_string\"}],\"inLanguage\":\"en-US\"},{\"@type\":\"Organization\",\"@id\":\"https:\/\/nck.krakow.pl\/kcc\/en\/#organization\",\"name\":\"Krakow Choreographic Centre\",\"url\":\"https:\/\/nck.krakow.pl\/kcc\/en\/\",\"logo\":{\"@type\":\"ImageObject\",\"inLanguage\":\"en-US\",\"@id\":\"https:\/\/nck.krakow.pl\/kcc\/en\/#\/schema\/logo\/image\/\",\"url\":\"https:\/\/nck.krakow.pl\/kcc\/en\/wp-content\/uploads\/sites\/4\/2020\/04\/cropped-cropped-logo-kcc-2020en.png\",\"contentUrl\":\"https:\/\/nck.krakow.pl\/kcc\/en\/wp-content\/uploads\/sites\/4\/2020\/04\/cropped-cropped-logo-kcc-2020en.png\",\"width\":116,\"height\":55,\"caption\":\"Krakow Choreographic Centre\"},\"image\":{\"@id\":\"https:\/\/nck.krakow.pl\/kcc\/en\/#\/schema\/logo\/image\/\"},\"sameAs\":[\"http:\/\/facebook.com\/kcc.nck\"]}]}<\/script>\n<!-- \/ Yoast SEO plugin. -->","yoast_head_json":{"title":"Hair Story - Krakow Choreographic Centre","robots":{"index":"index","follow":"follow","max-snippet":"max-snippet:-1","max-image-preview":"max-image-preview:large","max-video-preview":"max-video-preview:-1"},"canonical":"https:\/\/nck.krakow.pl\/kcc\/en\/hair-story\/","og_locale":"en_US","og_type":"article","og_title":"Hair Story - Krakow Choreographic Centre","og_description":"concept, choreography, performance, text: Ana Szopadramaturgy, tekst: Marcin Mi\u0119tuscostiumes, scenography: Marta Szypulskasound direction, music:&nbsp;Dawid Tasvideo, lights:&nbsp;Adam Zdu\u0144czykvisual animations:&nbsp;Ernest Borowskiprops:&nbsp;Kacper Mutkepromotion photos:&nbsp;Antoni Jupiter Rych\u0142owskiproduction: KCC Residency, Krakow Choreographic Centre \u2013 Nowa Huta Cultural Centreduration:&nbsp;45 minutes Hair Story is a ritual, pop culture concert in the center of which is an altar of burning bodies. This is [&hellip;]","og_url":"https:\/\/nck.krakow.pl\/kcc\/en\/hair-story\/","og_site_name":"Krakow Choreographic Centre","article_publisher":"http:\/\/facebook.com\/kcc.nck","article_modified_time":"2024-02-26T10:21:59+00:00","og_image":[{"url":"https:\/\/nck.krakow.pl\/kcc\/wp-content\/uploads\/2024\/01\/HAIR_STORY_06_fot_klaudyna_schubert-1024x682.jpg"}],"twitter_card":"summary_large_image","twitter_misc":{"Est. reading time":"2 minutes"},"schema":{"@context":"https:\/\/schema.org","@graph":[{"@type":"WebPage","@id":"https:\/\/nck.krakow.pl\/kcc\/en\/hair-story\/","url":"https:\/\/nck.krakow.pl\/kcc\/en\/hair-story\/","name":"Hair Story - Krakow Choreographic Centre","isPartOf":{"@id":"https:\/\/nck.krakow.pl\/kcc\/en\/#website"},"datePublished":"2024-02-23T14:22:18+00:00","dateModified":"2024-02-26T10:21:59+00:00","breadcrumb":{"@id":"https:\/\/nck.krakow.pl\/kcc\/en\/hair-story\/#breadcrumb"},"inLanguage":"en-US","potentialAction":[{"@type":"ReadAction","target":["https:\/\/nck.krakow.pl\/kcc\/en\/hair-story\/"]}]},{"@type":"BreadcrumbList","@id":"https:\/\/nck.krakow.pl\/kcc\/en\/hair-story\/#breadcrumb","itemListElement":[{"@type":"ListItem","position":1,"name":"Strona g\u0142\u00f3wna","item":"https:\/\/nck.krakow.pl\/kcc\/en\/"},{"@type":"ListItem","position":2,"name":"Hair Story"}]},{"@type":"WebSite","@id":"https:\/\/nck.krakow.pl\/kcc\/en\/#website","url":"https:\/\/nck.krakow.pl\/kcc\/en\/","name":"Krakow Choreographic Centre","description":"","publisher":{"@id":"https:\/\/nck.krakow.pl\/kcc\/en\/#organization"},"potentialAction":[{"@type":"SearchAction","target":{"@type":"EntryPoint","urlTemplate":"https:\/\/nck.krakow.pl\/kcc\/en\/?s={search_term_string}"},"query-input":"required name=search_term_string"}],"inLanguage":"en-US"},{"@type":"Organization","@id":"https:\/\/nck.krakow.pl\/kcc\/en\/#organization","name":"Krakow Choreographic Centre","url":"https:\/\/nck.krakow.pl\/kcc\/en\/","logo":{"@type":"ImageObject","inLanguage":"en-US","@id":"https:\/\/nck.krakow.pl\/kcc\/en\/#\/schema\/logo\/image\/","url":"https:\/\/nck.krakow.pl\/kcc\/en\/wp-content\/uploads\/sites\/4\/2020\/04\/cropped-cropped-logo-kcc-2020en.png","contentUrl":"https:\/\/nck.krakow.pl\/kcc\/en\/wp-content\/uploads\/sites\/4\/2020\/04\/cropped-cropped-logo-kcc-2020en.png","width":116,"height":55,"caption":"Krakow Choreographic Centre"},"image":{"@id":"https:\/\/nck.krakow.pl\/kcc\/en\/#\/schema\/logo\/image\/"},"sameAs":["http:\/\/facebook.com\/kcc.nck"]}]}},"_links":{"self":[{"href":"https:\/\/nck.krakow.pl\/kcc\/en\/wp-json\/wp\/v2\/pages\/1763"}],"collection":[{"href":"https:\/\/nck.krakow.pl\/kcc\/en\/wp-json\/wp\/v2\/pages"}],"about":[{"href":"https:\/\/nck.krakow.pl\/kcc\/en\/wp-json\/wp\/v2\/types\/page"}],"author":[{"embeddable":true,"href":"https:\/\/nck.krakow.pl\/kcc\/en\/wp-json\/wp\/v2\/users\/5"}],"replies":[{"embeddable":true,"href":"https:\/\/nck.krakow.pl\/kcc\/en\/wp-json\/wp\/v2\/comments?post=1763"}],"version-history":[{"count":9,"href":"https:\/\/nck.krakow.pl\/kcc\/en\/wp-json\/wp\/v2\/pages\/1763\/revisions"}],"predecessor-version":[{"id":1785,"href":"https:\/\/nck.krakow.pl\/kcc\/en\/wp-json\/wp\/v2\/pages\/1763\/revisions\/1785"}],"wp:attachment":[{"href":"https:\/\/nck.krakow.pl\/kcc\/en\/wp-json\/wp\/v2\/media?parent=1763"}],"curies":[{"name":"wp","href":"https:\/\/api.w.org\/{rel}","templated":true}]}}