{"id":1677,"date":"2023-09-20T09:11:56","date_gmt":"2023-09-20T07:11:56","guid":{"rendered":"https:\/\/nck.krakow.pl\/kcc\/en\/?page_id=1677"},"modified":"2023-09-20T09:12:05","modified_gmt":"2023-09-20T07:12:05","slug":"tymczasowe-nosniki-krajobrazu","status":"publish","type":"page","link":"https:\/\/nck.krakow.pl\/kcc\/en\/tymczasowe-nosniki-krajobrazu\/","title":{"rendered":"Tymczasowe no\u015bniki krajobrazu"},"content":{"rendered":"\n<figure class=\"wp-block-image size-full\"><img loading=\"lazy\" decoding=\"async\" width=\"1024\" height=\"683\" src=\"https:\/\/nck.krakow.pl\/kcc\/en\/wp-content\/uploads\/sites\/4\/2023\/09\/image-24.png\" alt=\"\" class=\"wp-image-1678\" srcset=\"https:\/\/nck.krakow.pl\/kcc\/en\/wp-content\/uploads\/sites\/4\/2023\/09\/image-24.png 1024w, https:\/\/nck.krakow.pl\/kcc\/en\/wp-content\/uploads\/sites\/4\/2023\/09\/image-24-300x200.png 300w, https:\/\/nck.krakow.pl\/kcc\/en\/wp-content\/uploads\/sites\/4\/2023\/09\/image-24-768x512.png 768w\" sizes=\"(max-width: 1024px) 100vw, 1024px\" \/><\/figure>\n\n\n\n<h2 class=\"wp-block-heading\">Tymczasowe no\u015bniki krajobrazu<\/h2>\n\n\n\n<p><strong>concept and choreography<\/strong>: Aleksandra Bo\u017cek-Muszy\u0144ska<\/p>\n\n\n\n<p><strong>creation and performance<\/strong>: Georgy Puchalski<\/p>\n\n\n\n<p><strong>music<\/strong>: Zofia Tomczyk, Giergij Puchalski<\/p>\n\n\n\n<p><strong>light<\/strong>: Ewa Garniec<\/p>\n\n\n\n<p><strong>production<\/strong>: Krakow Choreographic Centre &#8211; Nowa Huta Cultural Centre<\/p>\n\n\n\n<p><strong>premiere<\/strong>: August 4, 2022. Krakow Dance Festival<\/p>\n\n\n\n<p><strong>graphic design<\/strong>: Siarhei Dratvitski<\/p>\n\n\n\n<p><strong>residential support<\/strong>: Ochota Theatre<\/p>\n\n\n\n<p><strong>duration<\/strong>: 40 minutes<\/p>\n\n\n\n<p>I\u00a0am looking. I\u00a0am looking at a\u00a0body. I\u00a0am looking at a\u00a0body that is there. I\u00a0am looking at a\u00a0body that is there for some time. I\u00a0am looking at a\u00a0body that is there for some time as a\u00a0carrier. I\u00a0am looking at a\u00a0body that is there for some time as a\u00a0carrier of landscape. The body enters into a\u00a0dialogue and uses various ways to try and communicate with the information that it temporarily needs to carry\/carry away\/carry out\/carry on&#8230; What is a\u00a0fact and what \u2013 an appeal in this information? What does it say about itself and what is its relationship with the body? How to deal with scraps of information and how to complement it? For the first time in her work, Aleksandra Bo\u017cek-Muszy\u0144ska refers to her own archive and hands it over to another creator. The point of departure for TEMPORARY CARRIERS OF LANDSCAPE is the choreographer\u2019s solo work from 2013, I\u00a0know \u2116Thing. How will a\u00a0dancer from a\u00a0different generation interpret this personal and, at the time, identity-related material?<\/p>\n\n\n\n<figure class=\"wp-block-embed is-type-video is-provider-vimeo wp-block-embed-vimeo\"><div class=\"wp-block-embed__wrapper\">\n<iframe loading=\"lazy\" title=\"Tymczasowe no\u015bniki krajobrazu - Aleksandra Bo\u017cek-Muszy\u0144ska, rezydencja KCC | making off\" src=\"https:\/\/player.vimeo.com\/video\/776978953?dnt=1&amp;app_id=122963\" width=\"768\" height=\"432\" frameborder=\"0\" allow=\"autoplay; fullscreen; picture-in-picture\"><\/iframe>\n<\/div><\/figure>\n\n\n\n<figure class=\"wp-block-gallery has-nested-images columns-default is-cropped wp-block-gallery-1 is-layout-flex wp-block-gallery-is-layout-flex\">\n<figure class=\"wp-block-image size-full\"><img loading=\"lazy\" decoding=\"async\" width=\"1024\" height=\"683\" data-id=\"1680\" src=\"https:\/\/nck.krakow.pl\/kcc\/en\/wp-content\/uploads\/sites\/4\/2023\/09\/DSC1154_fot_klaudyna_schubert-1024x683-1.jpg\" alt=\"\" class=\"wp-image-1680\" srcset=\"https:\/\/nck.krakow.pl\/kcc\/en\/wp-content\/uploads\/sites\/4\/2023\/09\/DSC1154_fot_klaudyna_schubert-1024x683-1.jpg 1024w, https:\/\/nck.krakow.pl\/kcc\/en\/wp-content\/uploads\/sites\/4\/2023\/09\/DSC1154_fot_klaudyna_schubert-1024x683-1-300x200.jpg 300w, https:\/\/nck.krakow.pl\/kcc\/en\/wp-content\/uploads\/sites\/4\/2023\/09\/DSC1154_fot_klaudyna_schubert-1024x683-1-768x512.jpg 768w\" sizes=\"(max-width: 1024px) 100vw, 1024px\" \/><\/figure>\n\n\n\n<figure class=\"wp-block-image size-full\"><img loading=\"lazy\" decoding=\"async\" width=\"683\" height=\"1024\" data-id=\"1682\" src=\"https:\/\/nck.krakow.pl\/kcc\/en\/wp-content\/uploads\/sites\/4\/2023\/09\/DSC1073_fot_klaudyna_schubert-683x1024-1.jpg\" alt=\"\" class=\"wp-image-1682\" srcset=\"https:\/\/nck.krakow.pl\/kcc\/en\/wp-content\/uploads\/sites\/4\/2023\/09\/DSC1073_fot_klaudyna_schubert-683x1024-1.jpg 683w, https:\/\/nck.krakow.pl\/kcc\/en\/wp-content\/uploads\/sites\/4\/2023\/09\/DSC1073_fot_klaudyna_schubert-683x1024-1-200x300.jpg 200w\" sizes=\"(max-width: 683px) 100vw, 683px\" \/><\/figure>\n\n\n\n<figure class=\"wp-block-image size-full\"><img loading=\"lazy\" decoding=\"async\" width=\"1024\" height=\"683\" data-id=\"1681\" src=\"https:\/\/nck.krakow.pl\/kcc\/en\/wp-content\/uploads\/sites\/4\/2023\/09\/DSC1020_fot_klaudyna_schubert-1-1024x683-1.jpg\" alt=\"\" class=\"wp-image-1681\" srcset=\"https:\/\/nck.krakow.pl\/kcc\/en\/wp-content\/uploads\/sites\/4\/2023\/09\/DSC1020_fot_klaudyna_schubert-1-1024x683-1.jpg 1024w, https:\/\/nck.krakow.pl\/kcc\/en\/wp-content\/uploads\/sites\/4\/2023\/09\/DSC1020_fot_klaudyna_schubert-1-1024x683-1-300x200.jpg 300w, https:\/\/nck.krakow.pl\/kcc\/en\/wp-content\/uploads\/sites\/4\/2023\/09\/DSC1020_fot_klaudyna_schubert-1-1024x683-1-768x512.jpg 768w\" sizes=\"(max-width: 1024px) 100vw, 1024px\" \/><\/figure>\n\n\n\n<figure class=\"wp-block-image size-full\"><img loading=\"lazy\" decoding=\"async\" width=\"1024\" height=\"683\" data-id=\"1683\" src=\"https:\/\/nck.krakow.pl\/kcc\/en\/wp-content\/uploads\/sites\/4\/2023\/09\/DSC1002_fot_klaudyna_schubert-1024x683-1.jpg\" alt=\"\" class=\"wp-image-1683\" srcset=\"https:\/\/nck.krakow.pl\/kcc\/en\/wp-content\/uploads\/sites\/4\/2023\/09\/DSC1002_fot_klaudyna_schubert-1024x683-1.jpg 1024w, https:\/\/nck.krakow.pl\/kcc\/en\/wp-content\/uploads\/sites\/4\/2023\/09\/DSC1002_fot_klaudyna_schubert-1024x683-1-300x200.jpg 300w, https:\/\/nck.krakow.pl\/kcc\/en\/wp-content\/uploads\/sites\/4\/2023\/09\/DSC1002_fot_klaudyna_schubert-1024x683-1-768x512.jpg 768w\" sizes=\"(max-width: 1024px) 100vw, 1024px\" \/><\/figure>\n<\/figure>\n","protected":false},"excerpt":{"rendered":"<p>Tymczasowe no\u015bniki krajobrazu concept and choreography: Aleksandra Bo\u017cek-Muszy\u0144ska creation and performance: Georgy Puchalski music: Zofia Tomczyk, Giergij Puchalski light: Ewa Garniec production: Krakow Choreographic Centre &#8211; Nowa Huta Cultural Centre premiere: August 4, 2022. Krakow Dance Festival graphic design: Siarhei Dratvitski residential support: Ochota Theatre duration: 40 minutes I\u00a0am looking. I\u00a0am looking at a\u00a0body. I\u00a0am [&hellip;]<\/p>\n","protected":false},"author":5,"featured_media":0,"parent":0,"menu_order":0,"comment_status":"closed","ping_status":"closed","template":"","meta":{"footnotes":""},"class_list":["post-1677","page","type-page","status-publish","hentry"],"yoast_head":"<!-- This site is optimized with the Yoast SEO plugin v19.12 - https:\/\/yoast.com\/wordpress\/plugins\/seo\/ -->\n<title>Tymczasowe no\u015bniki krajobrazu - Krakow Choreographic Centre<\/title>\n<meta name=\"robots\" content=\"index, follow, max-snippet:-1, max-image-preview:large, max-video-preview:-1\" \/>\n<link rel=\"canonical\" href=\"https:\/\/nck.krakow.pl\/kcc\/en\/tymczasowe-nosniki-krajobrazu\/\" \/>\n<meta property=\"og:locale\" content=\"en_US\" \/>\n<meta property=\"og:type\" content=\"article\" \/>\n<meta property=\"og:title\" content=\"Tymczasowe no\u015bniki krajobrazu - Krakow Choreographic Centre\" \/>\n<meta property=\"og:description\" content=\"Tymczasowe no\u015bniki krajobrazu concept and choreography: Aleksandra Bo\u017cek-Muszy\u0144ska creation and performance: Georgy Puchalski music: Zofia Tomczyk, Giergij Puchalski light: Ewa Garniec production: Krakow Choreographic Centre &#8211; Nowa Huta Cultural Centre premiere: August 4, 2022. Krakow Dance Festival graphic design: Siarhei Dratvitski residential support: Ochota Theatre duration: 40 minutes I\u00a0am looking. I\u00a0am looking at a\u00a0body. I\u00a0am [&hellip;]\" \/>\n<meta property=\"og:url\" content=\"https:\/\/nck.krakow.pl\/kcc\/en\/tymczasowe-nosniki-krajobrazu\/\" \/>\n<meta property=\"og:site_name\" content=\"Krakow Choreographic Centre\" \/>\n<meta property=\"article:publisher\" content=\"http:\/\/facebook.com\/kcc.nck\" \/>\n<meta property=\"article:modified_time\" content=\"2023-09-20T07:12:05+00:00\" \/>\n<meta property=\"og:image\" content=\"https:\/\/nck.krakow.pl\/kcc\/en\/wp-content\/uploads\/sites\/4\/2023\/09\/image-24.png\" \/>\n<meta name=\"twitter:card\" content=\"summary_large_image\" \/>\n<meta name=\"twitter:label1\" content=\"Est. reading time\" \/>\n\t<meta name=\"twitter:data1\" content=\"3 minutes\" \/>\n<script type=\"application\/ld+json\" class=\"yoast-schema-graph\">{\"@context\":\"https:\/\/schema.org\",\"@graph\":[{\"@type\":\"WebPage\",\"@id\":\"https:\/\/nck.krakow.pl\/kcc\/en\/tymczasowe-nosniki-krajobrazu\/\",\"url\":\"https:\/\/nck.krakow.pl\/kcc\/en\/tymczasowe-nosniki-krajobrazu\/\",\"name\":\"Tymczasowe no\u015bniki krajobrazu - Krakow Choreographic Centre\",\"isPartOf\":{\"@id\":\"https:\/\/nck.krakow.pl\/kcc\/en\/#website\"},\"datePublished\":\"2023-09-20T07:11:56+00:00\",\"dateModified\":\"2023-09-20T07:12:05+00:00\",\"breadcrumb\":{\"@id\":\"https:\/\/nck.krakow.pl\/kcc\/en\/tymczasowe-nosniki-krajobrazu\/#breadcrumb\"},\"inLanguage\":\"en-US\",\"potentialAction\":[{\"@type\":\"ReadAction\",\"target\":[\"https:\/\/nck.krakow.pl\/kcc\/en\/tymczasowe-nosniki-krajobrazu\/\"]}]},{\"@type\":\"BreadcrumbList\",\"@id\":\"https:\/\/nck.krakow.pl\/kcc\/en\/tymczasowe-nosniki-krajobrazu\/#breadcrumb\",\"itemListElement\":[{\"@type\":\"ListItem\",\"position\":1,\"name\":\"Strona g\u0142\u00f3wna\",\"item\":\"https:\/\/nck.krakow.pl\/kcc\/en\/\"},{\"@type\":\"ListItem\",\"position\":2,\"name\":\"Tymczasowe no\u015bniki krajobrazu\"}]},{\"@type\":\"WebSite\",\"@id\":\"https:\/\/nck.krakow.pl\/kcc\/en\/#website\",\"url\":\"https:\/\/nck.krakow.pl\/kcc\/en\/\",\"name\":\"Krakow Choreographic Centre\",\"description\":\"\",\"publisher\":{\"@id\":\"https:\/\/nck.krakow.pl\/kcc\/en\/#organization\"},\"potentialAction\":[{\"@type\":\"SearchAction\",\"target\":{\"@type\":\"EntryPoint\",\"urlTemplate\":\"https:\/\/nck.krakow.pl\/kcc\/en\/?s={search_term_string}\"},\"query-input\":\"required name=search_term_string\"}],\"inLanguage\":\"en-US\"},{\"@type\":\"Organization\",\"@id\":\"https:\/\/nck.krakow.pl\/kcc\/en\/#organization\",\"name\":\"Krakow Choreographic Centre\",\"url\":\"https:\/\/nck.krakow.pl\/kcc\/en\/\",\"logo\":{\"@type\":\"ImageObject\",\"inLanguage\":\"en-US\",\"@id\":\"https:\/\/nck.krakow.pl\/kcc\/en\/#\/schema\/logo\/image\/\",\"url\":\"https:\/\/nck.krakow.pl\/kcc\/en\/wp-content\/uploads\/sites\/4\/2020\/04\/cropped-cropped-logo-kcc-2020en.png\",\"contentUrl\":\"https:\/\/nck.krakow.pl\/kcc\/en\/wp-content\/uploads\/sites\/4\/2020\/04\/cropped-cropped-logo-kcc-2020en.png\",\"width\":116,\"height\":55,\"caption\":\"Krakow Choreographic Centre\"},\"image\":{\"@id\":\"https:\/\/nck.krakow.pl\/kcc\/en\/#\/schema\/logo\/image\/\"},\"sameAs\":[\"http:\/\/facebook.com\/kcc.nck\"]}]}<\/script>\n<!-- \/ Yoast SEO plugin. -->","yoast_head_json":{"title":"Tymczasowe no\u015bniki krajobrazu - Krakow Choreographic Centre","robots":{"index":"index","follow":"follow","max-snippet":"max-snippet:-1","max-image-preview":"max-image-preview:large","max-video-preview":"max-video-preview:-1"},"canonical":"https:\/\/nck.krakow.pl\/kcc\/en\/tymczasowe-nosniki-krajobrazu\/","og_locale":"en_US","og_type":"article","og_title":"Tymczasowe no\u015bniki krajobrazu - Krakow Choreographic Centre","og_description":"Tymczasowe no\u015bniki krajobrazu concept and choreography: Aleksandra Bo\u017cek-Muszy\u0144ska creation and performance: Georgy Puchalski music: Zofia Tomczyk, Giergij Puchalski light: Ewa Garniec production: Krakow Choreographic Centre &#8211; Nowa Huta Cultural Centre premiere: August 4, 2022. Krakow Dance Festival graphic design: Siarhei Dratvitski residential support: Ochota Theatre duration: 40 minutes I\u00a0am looking. I\u00a0am looking at a\u00a0body. I\u00a0am [&hellip;]","og_url":"https:\/\/nck.krakow.pl\/kcc\/en\/tymczasowe-nosniki-krajobrazu\/","og_site_name":"Krakow Choreographic Centre","article_publisher":"http:\/\/facebook.com\/kcc.nck","article_modified_time":"2023-09-20T07:12:05+00:00","og_image":[{"url":"https:\/\/nck.krakow.pl\/kcc\/en\/wp-content\/uploads\/sites\/4\/2023\/09\/image-24.png"}],"twitter_card":"summary_large_image","twitter_misc":{"Est. reading time":"3 minutes"},"schema":{"@context":"https:\/\/schema.org","@graph":[{"@type":"WebPage","@id":"https:\/\/nck.krakow.pl\/kcc\/en\/tymczasowe-nosniki-krajobrazu\/","url":"https:\/\/nck.krakow.pl\/kcc\/en\/tymczasowe-nosniki-krajobrazu\/","name":"Tymczasowe no\u015bniki krajobrazu - Krakow Choreographic Centre","isPartOf":{"@id":"https:\/\/nck.krakow.pl\/kcc\/en\/#website"},"datePublished":"2023-09-20T07:11:56+00:00","dateModified":"2023-09-20T07:12:05+00:00","breadcrumb":{"@id":"https:\/\/nck.krakow.pl\/kcc\/en\/tymczasowe-nosniki-krajobrazu\/#breadcrumb"},"inLanguage":"en-US","potentialAction":[{"@type":"ReadAction","target":["https:\/\/nck.krakow.pl\/kcc\/en\/tymczasowe-nosniki-krajobrazu\/"]}]},{"@type":"BreadcrumbList","@id":"https:\/\/nck.krakow.pl\/kcc\/en\/tymczasowe-nosniki-krajobrazu\/#breadcrumb","itemListElement":[{"@type":"ListItem","position":1,"name":"Strona g\u0142\u00f3wna","item":"https:\/\/nck.krakow.pl\/kcc\/en\/"},{"@type":"ListItem","position":2,"name":"Tymczasowe no\u015bniki krajobrazu"}]},{"@type":"WebSite","@id":"https:\/\/nck.krakow.pl\/kcc\/en\/#website","url":"https:\/\/nck.krakow.pl\/kcc\/en\/","name":"Krakow Choreographic Centre","description":"","publisher":{"@id":"https:\/\/nck.krakow.pl\/kcc\/en\/#organization"},"potentialAction":[{"@type":"SearchAction","target":{"@type":"EntryPoint","urlTemplate":"https:\/\/nck.krakow.pl\/kcc\/en\/?s={search_term_string}"},"query-input":"required name=search_term_string"}],"inLanguage":"en-US"},{"@type":"Organization","@id":"https:\/\/nck.krakow.pl\/kcc\/en\/#organization","name":"Krakow Choreographic Centre","url":"https:\/\/nck.krakow.pl\/kcc\/en\/","logo":{"@type":"ImageObject","inLanguage":"en-US","@id":"https:\/\/nck.krakow.pl\/kcc\/en\/#\/schema\/logo\/image\/","url":"https:\/\/nck.krakow.pl\/kcc\/en\/wp-content\/uploads\/sites\/4\/2020\/04\/cropped-cropped-logo-kcc-2020en.png","contentUrl":"https:\/\/nck.krakow.pl\/kcc\/en\/wp-content\/uploads\/sites\/4\/2020\/04\/cropped-cropped-logo-kcc-2020en.png","width":116,"height":55,"caption":"Krakow Choreographic Centre"},"image":{"@id":"https:\/\/nck.krakow.pl\/kcc\/en\/#\/schema\/logo\/image\/"},"sameAs":["http:\/\/facebook.com\/kcc.nck"]}]}},"_links":{"self":[{"href":"https:\/\/nck.krakow.pl\/kcc\/en\/wp-json\/wp\/v2\/pages\/1677"}],"collection":[{"href":"https:\/\/nck.krakow.pl\/kcc\/en\/wp-json\/wp\/v2\/pages"}],"about":[{"href":"https:\/\/nck.krakow.pl\/kcc\/en\/wp-json\/wp\/v2\/types\/page"}],"author":[{"embeddable":true,"href":"https:\/\/nck.krakow.pl\/kcc\/en\/wp-json\/wp\/v2\/users\/5"}],"replies":[{"embeddable":true,"href":"https:\/\/nck.krakow.pl\/kcc\/en\/wp-json\/wp\/v2\/comments?post=1677"}],"version-history":[{"count":1,"href":"https:\/\/nck.krakow.pl\/kcc\/en\/wp-json\/wp\/v2\/pages\/1677\/revisions"}],"predecessor-version":[{"id":1684,"href":"https:\/\/nck.krakow.pl\/kcc\/en\/wp-json\/wp\/v2\/pages\/1677\/revisions\/1684"}],"wp:attachment":[{"href":"https:\/\/nck.krakow.pl\/kcc\/en\/wp-json\/wp\/v2\/media?parent=1677"}],"curies":[{"name":"wp","href":"https:\/\/api.w.org\/{rel}","templated":true}]}}