{"id":1594,"date":"2023-09-20T08:46:45","date_gmt":"2023-09-20T06:46:45","guid":{"rendered":"https:\/\/nck.krakow.pl\/kcc\/en\/?page_id=1594"},"modified":"2023-09-20T08:46:48","modified_gmt":"2023-09-20T06:46:48","slug":"milo-milosc-milorzab","status":"publish","type":"page","link":"https:\/\/nck.krakow.pl\/kcc\/en\/milo-milosc-milorzab\/","title":{"rendered":"<strong>Mi\u0142o, mi\u0142o\u015b\u0107, mi\u0142orz\u0105b<\/strong>"},"content":{"rendered":"\n<figure class=\"wp-block-image size-full\"><img loading=\"lazy\" decoding=\"async\" width=\"1024\" height=\"576\" src=\"https:\/\/nck.krakow.pl\/kcc\/en\/wp-content\/uploads\/sites\/4\/2023\/09\/image-15.png\" alt=\"\" class=\"wp-image-1595\" srcset=\"https:\/\/nck.krakow.pl\/kcc\/en\/wp-content\/uploads\/sites\/4\/2023\/09\/image-15.png 1024w, https:\/\/nck.krakow.pl\/kcc\/en\/wp-content\/uploads\/sites\/4\/2023\/09\/image-15-300x169.png 300w, https:\/\/nck.krakow.pl\/kcc\/en\/wp-content\/uploads\/sites\/4\/2023\/09\/image-15-768x432.png 768w\" sizes=\"(max-width: 1024px) 100vw, 1024px\" \/><\/figure>\n\n\n\n<h2 class=\"wp-block-heading\">Mi\u0142o, mi\u0142o\u015b\u0107, mi\u0142orz\u0105b<\/h2>\n\n\n\n<p><strong>improvisation<\/strong>: Monika Kiwak<\/p>\n\n\n\n<p><strong>camera<\/strong>: Piotr Werewka<\/p>\n\n\n\n<p><strong>realization of lighting<\/strong>: Artur Oczkowski, Wojciech Wa\u015bko, Piotr Werewka<\/p>\n\n\n\n<p><strong>sound engineer<\/strong>: Szczepan So\u0142tys, Piotr Werewka<\/p>\n\n\n\n<p><strong>technique<\/strong>: Grzegorz Zieli\u0144ski<\/p>\n\n\n\n<p><strong>premiere<\/strong>: August 14, 2020 (film screening at the Krakow Choreographic Center during the Dance Cinema as part of the project co-financed by the National Center for Culture in the &#8220;Culture online&#8221; program)<\/p>\n\n\n\n<p><strong>producer<\/strong>: Krakow Choreographic Centre &#8211; Nowa Huta Cultural Centre<\/p>\n\n\n\n<p>\u201cMi\u0142o, mi\u0142o\u015b\u0107, mi\u0142orz\u0105b\u201d \u2013 a solo improvisation built around the tender relationship of the body with the imagination, voice, and movement. It invites the audience to follow their own pleasure, putting off the search for meaning for other moments in life. A poetic statement to watch and listen to. Free improvisation based on the practice of poetic translation of the imagination.<\/p>\n\n\n\n<figure class=\"wp-block-embed is-type-video is-provider-vimeo wp-block-embed-vimeo\"><div class=\"wp-block-embed__wrapper\">\n<iframe loading=\"lazy\" title=\"&quot;Mi\u0142o, mi\u0142o\u015b\u0107, mi\u0142orz\u0105b&quot;\/zwiastun\" src=\"https:\/\/player.vimeo.com\/video\/451564985?dnt=1&amp;app_id=122963\" width=\"768\" height=\"405\" frameborder=\"0\" allow=\"autoplay; fullscreen; picture-in-picture\"><\/iframe>\n<\/div><\/figure>\n","protected":false},"excerpt":{"rendered":"<p>Mi\u0142o, mi\u0142o\u015b\u0107, mi\u0142orz\u0105b improvisation: Monika Kiwak camera: Piotr Werewka realization of lighting: Artur Oczkowski, Wojciech Wa\u015bko, Piotr Werewka sound engineer: Szczepan So\u0142tys, Piotr Werewka technique: Grzegorz Zieli\u0144ski premiere: August 14, 2020 (film screening at the Krakow Choreographic Center during the Dance Cinema as part of the project co-financed by the National Center for Culture in [&hellip;]<\/p>\n","protected":false},"author":5,"featured_media":0,"parent":0,"menu_order":0,"comment_status":"closed","ping_status":"closed","template":"","meta":{"footnotes":""},"class_list":["post-1594","page","type-page","status-publish","hentry"],"yoast_head":"<!-- This site is optimized with the Yoast SEO plugin v19.12 - https:\/\/yoast.com\/wordpress\/plugins\/seo\/ -->\n<title>Mi\u0142o, mi\u0142o\u015b\u0107, mi\u0142orz\u0105b - Krakow Choreographic Centre<\/title>\n<meta name=\"robots\" content=\"index, follow, max-snippet:-1, max-image-preview:large, max-video-preview:-1\" \/>\n<link rel=\"canonical\" href=\"https:\/\/nck.krakow.pl\/kcc\/en\/milo-milosc-milorzab\/\" \/>\n<meta property=\"og:locale\" content=\"en_US\" \/>\n<meta property=\"og:type\" content=\"article\" \/>\n<meta property=\"og:title\" content=\"Mi\u0142o, mi\u0142o\u015b\u0107, mi\u0142orz\u0105b - Krakow Choreographic Centre\" \/>\n<meta property=\"og:description\" content=\"Mi\u0142o, mi\u0142o\u015b\u0107, mi\u0142orz\u0105b improvisation: Monika Kiwak camera: Piotr Werewka realization of lighting: Artur Oczkowski, Wojciech Wa\u015bko, Piotr Werewka sound engineer: Szczepan So\u0142tys, Piotr Werewka technique: Grzegorz Zieli\u0144ski premiere: August 14, 2020 (film screening at the Krakow Choreographic Center during the Dance Cinema as part of the project co-financed by the National Center for Culture in [&hellip;]\" \/>\n<meta property=\"og:url\" content=\"https:\/\/nck.krakow.pl\/kcc\/en\/milo-milosc-milorzab\/\" \/>\n<meta property=\"og:site_name\" content=\"Krakow Choreographic Centre\" \/>\n<meta property=\"article:publisher\" content=\"http:\/\/facebook.com\/kcc.nck\" \/>\n<meta property=\"article:modified_time\" content=\"2023-09-20T06:46:48+00:00\" \/>\n<meta property=\"og:image\" content=\"https:\/\/nck.krakow.pl\/kcc\/en\/wp-content\/uploads\/sites\/4\/2023\/09\/image-15.png\" \/>\n<meta name=\"twitter:card\" content=\"summary_large_image\" \/>\n<meta name=\"twitter:label1\" content=\"Est. reading time\" \/>\n\t<meta name=\"twitter:data1\" content=\"1 minute\" \/>\n<script type=\"application\/ld+json\" class=\"yoast-schema-graph\">{\"@context\":\"https:\/\/schema.org\",\"@graph\":[{\"@type\":\"WebPage\",\"@id\":\"https:\/\/nck.krakow.pl\/kcc\/en\/milo-milosc-milorzab\/\",\"url\":\"https:\/\/nck.krakow.pl\/kcc\/en\/milo-milosc-milorzab\/\",\"name\":\"Mi\u0142o, mi\u0142o\u015b\u0107, mi\u0142orz\u0105b - Krakow Choreographic Centre\",\"isPartOf\":{\"@id\":\"https:\/\/nck.krakow.pl\/kcc\/en\/#website\"},\"datePublished\":\"2023-09-20T06:46:45+00:00\",\"dateModified\":\"2023-09-20T06:46:48+00:00\",\"breadcrumb\":{\"@id\":\"https:\/\/nck.krakow.pl\/kcc\/en\/milo-milosc-milorzab\/#breadcrumb\"},\"inLanguage\":\"en-US\",\"potentialAction\":[{\"@type\":\"ReadAction\",\"target\":[\"https:\/\/nck.krakow.pl\/kcc\/en\/milo-milosc-milorzab\/\"]}]},{\"@type\":\"BreadcrumbList\",\"@id\":\"https:\/\/nck.krakow.pl\/kcc\/en\/milo-milosc-milorzab\/#breadcrumb\",\"itemListElement\":[{\"@type\":\"ListItem\",\"position\":1,\"name\":\"Strona g\u0142\u00f3wna\",\"item\":\"https:\/\/nck.krakow.pl\/kcc\/en\/\"},{\"@type\":\"ListItem\",\"position\":2,\"name\":\"Mi\u0142o, mi\u0142o\u015b\u0107, mi\u0142orz\u0105b\"}]},{\"@type\":\"WebSite\",\"@id\":\"https:\/\/nck.krakow.pl\/kcc\/en\/#website\",\"url\":\"https:\/\/nck.krakow.pl\/kcc\/en\/\",\"name\":\"Krakow Choreographic Centre\",\"description\":\"\",\"publisher\":{\"@id\":\"https:\/\/nck.krakow.pl\/kcc\/en\/#organization\"},\"potentialAction\":[{\"@type\":\"SearchAction\",\"target\":{\"@type\":\"EntryPoint\",\"urlTemplate\":\"https:\/\/nck.krakow.pl\/kcc\/en\/?s={search_term_string}\"},\"query-input\":\"required name=search_term_string\"}],\"inLanguage\":\"en-US\"},{\"@type\":\"Organization\",\"@id\":\"https:\/\/nck.krakow.pl\/kcc\/en\/#organization\",\"name\":\"Krakow Choreographic Centre\",\"url\":\"https:\/\/nck.krakow.pl\/kcc\/en\/\",\"logo\":{\"@type\":\"ImageObject\",\"inLanguage\":\"en-US\",\"@id\":\"https:\/\/nck.krakow.pl\/kcc\/en\/#\/schema\/logo\/image\/\",\"url\":\"https:\/\/nck.krakow.pl\/kcc\/en\/wp-content\/uploads\/sites\/4\/2020\/04\/cropped-cropped-logo-kcc-2020en.png\",\"contentUrl\":\"https:\/\/nck.krakow.pl\/kcc\/en\/wp-content\/uploads\/sites\/4\/2020\/04\/cropped-cropped-logo-kcc-2020en.png\",\"width\":116,\"height\":55,\"caption\":\"Krakow Choreographic Centre\"},\"image\":{\"@id\":\"https:\/\/nck.krakow.pl\/kcc\/en\/#\/schema\/logo\/image\/\"},\"sameAs\":[\"http:\/\/facebook.com\/kcc.nck\"]}]}<\/script>\n<!-- \/ Yoast SEO plugin. -->","yoast_head_json":{"title":"Mi\u0142o, mi\u0142o\u015b\u0107, mi\u0142orz\u0105b - Krakow Choreographic Centre","robots":{"index":"index","follow":"follow","max-snippet":"max-snippet:-1","max-image-preview":"max-image-preview:large","max-video-preview":"max-video-preview:-1"},"canonical":"https:\/\/nck.krakow.pl\/kcc\/en\/milo-milosc-milorzab\/","og_locale":"en_US","og_type":"article","og_title":"Mi\u0142o, mi\u0142o\u015b\u0107, mi\u0142orz\u0105b - Krakow Choreographic Centre","og_description":"Mi\u0142o, mi\u0142o\u015b\u0107, mi\u0142orz\u0105b improvisation: Monika Kiwak camera: Piotr Werewka realization of lighting: Artur Oczkowski, Wojciech Wa\u015bko, Piotr Werewka sound engineer: Szczepan So\u0142tys, Piotr Werewka technique: Grzegorz Zieli\u0144ski premiere: August 14, 2020 (film screening at the Krakow Choreographic Center during the Dance Cinema as part of the project co-financed by the National Center for Culture in [&hellip;]","og_url":"https:\/\/nck.krakow.pl\/kcc\/en\/milo-milosc-milorzab\/","og_site_name":"Krakow Choreographic Centre","article_publisher":"http:\/\/facebook.com\/kcc.nck","article_modified_time":"2023-09-20T06:46:48+00:00","og_image":[{"url":"https:\/\/nck.krakow.pl\/kcc\/en\/wp-content\/uploads\/sites\/4\/2023\/09\/image-15.png"}],"twitter_card":"summary_large_image","twitter_misc":{"Est. reading time":"1 minute"},"schema":{"@context":"https:\/\/schema.org","@graph":[{"@type":"WebPage","@id":"https:\/\/nck.krakow.pl\/kcc\/en\/milo-milosc-milorzab\/","url":"https:\/\/nck.krakow.pl\/kcc\/en\/milo-milosc-milorzab\/","name":"Mi\u0142o, mi\u0142o\u015b\u0107, mi\u0142orz\u0105b - Krakow Choreographic Centre","isPartOf":{"@id":"https:\/\/nck.krakow.pl\/kcc\/en\/#website"},"datePublished":"2023-09-20T06:46:45+00:00","dateModified":"2023-09-20T06:46:48+00:00","breadcrumb":{"@id":"https:\/\/nck.krakow.pl\/kcc\/en\/milo-milosc-milorzab\/#breadcrumb"},"inLanguage":"en-US","potentialAction":[{"@type":"ReadAction","target":["https:\/\/nck.krakow.pl\/kcc\/en\/milo-milosc-milorzab\/"]}]},{"@type":"BreadcrumbList","@id":"https:\/\/nck.krakow.pl\/kcc\/en\/milo-milosc-milorzab\/#breadcrumb","itemListElement":[{"@type":"ListItem","position":1,"name":"Strona g\u0142\u00f3wna","item":"https:\/\/nck.krakow.pl\/kcc\/en\/"},{"@type":"ListItem","position":2,"name":"Mi\u0142o, mi\u0142o\u015b\u0107, mi\u0142orz\u0105b"}]},{"@type":"WebSite","@id":"https:\/\/nck.krakow.pl\/kcc\/en\/#website","url":"https:\/\/nck.krakow.pl\/kcc\/en\/","name":"Krakow Choreographic Centre","description":"","publisher":{"@id":"https:\/\/nck.krakow.pl\/kcc\/en\/#organization"},"potentialAction":[{"@type":"SearchAction","target":{"@type":"EntryPoint","urlTemplate":"https:\/\/nck.krakow.pl\/kcc\/en\/?s={search_term_string}"},"query-input":"required name=search_term_string"}],"inLanguage":"en-US"},{"@type":"Organization","@id":"https:\/\/nck.krakow.pl\/kcc\/en\/#organization","name":"Krakow Choreographic Centre","url":"https:\/\/nck.krakow.pl\/kcc\/en\/","logo":{"@type":"ImageObject","inLanguage":"en-US","@id":"https:\/\/nck.krakow.pl\/kcc\/en\/#\/schema\/logo\/image\/","url":"https:\/\/nck.krakow.pl\/kcc\/en\/wp-content\/uploads\/sites\/4\/2020\/04\/cropped-cropped-logo-kcc-2020en.png","contentUrl":"https:\/\/nck.krakow.pl\/kcc\/en\/wp-content\/uploads\/sites\/4\/2020\/04\/cropped-cropped-logo-kcc-2020en.png","width":116,"height":55,"caption":"Krakow Choreographic Centre"},"image":{"@id":"https:\/\/nck.krakow.pl\/kcc\/en\/#\/schema\/logo\/image\/"},"sameAs":["http:\/\/facebook.com\/kcc.nck"]}]}},"_links":{"self":[{"href":"https:\/\/nck.krakow.pl\/kcc\/en\/wp-json\/wp\/v2\/pages\/1594"}],"collection":[{"href":"https:\/\/nck.krakow.pl\/kcc\/en\/wp-json\/wp\/v2\/pages"}],"about":[{"href":"https:\/\/nck.krakow.pl\/kcc\/en\/wp-json\/wp\/v2\/types\/page"}],"author":[{"embeddable":true,"href":"https:\/\/nck.krakow.pl\/kcc\/en\/wp-json\/wp\/v2\/users\/5"}],"replies":[{"embeddable":true,"href":"https:\/\/nck.krakow.pl\/kcc\/en\/wp-json\/wp\/v2\/comments?post=1594"}],"version-history":[{"count":1,"href":"https:\/\/nck.krakow.pl\/kcc\/en\/wp-json\/wp\/v2\/pages\/1594\/revisions"}],"predecessor-version":[{"id":1597,"href":"https:\/\/nck.krakow.pl\/kcc\/en\/wp-json\/wp\/v2\/pages\/1594\/revisions\/1597"}],"wp:attachment":[{"href":"https:\/\/nck.krakow.pl\/kcc\/en\/wp-json\/wp\/v2\/media?parent=1594"}],"curies":[{"name":"wp","href":"https:\/\/api.w.org\/{rel}","templated":true}]}}