{"id":1543,"date":"2023-09-20T08:27:33","date_gmt":"2023-09-20T06:27:33","guid":{"rendered":"https:\/\/nck.krakow.pl\/kcc\/en\/?page_id=1543"},"modified":"2023-09-20T08:27:36","modified_gmt":"2023-09-20T06:27:36","slug":"naturgemalde","status":"publish","type":"page","link":"https:\/\/nck.krakow.pl\/kcc\/en\/naturgemalde\/","title":{"rendered":"<strong>Naturgem\u00e4lde<\/strong>"},"content":{"rendered":"\n<figure class=\"wp-block-image size-full\"><img loading=\"lazy\" decoding=\"async\" width=\"1024\" height=\"682\" src=\"https:\/\/nck.krakow.pl\/kcc\/en\/wp-content\/uploads\/sites\/4\/2023\/09\/image-10.png\" alt=\"\" class=\"wp-image-1544\" srcset=\"https:\/\/nck.krakow.pl\/kcc\/en\/wp-content\/uploads\/sites\/4\/2023\/09\/image-10.png 1024w, https:\/\/nck.krakow.pl\/kcc\/en\/wp-content\/uploads\/sites\/4\/2023\/09\/image-10-300x200.png 300w, https:\/\/nck.krakow.pl\/kcc\/en\/wp-content\/uploads\/sites\/4\/2023\/09\/image-10-768x512.png 768w\" sizes=\"(max-width: 1024px) 100vw, 1024px\" \/><\/figure>\n\n\n\n<h2 class=\"wp-block-heading\">Naturgem\u00e4lde<\/h2>\n\n\n\n<p><strong>movement: Marta Wo\u0142owiec, Monika W\u0119grzynowicz<\/strong><strong><\/strong><\/p>\n\n\n\n<p><strong>sound: Marcin Janus<\/strong><strong><\/strong><\/p>\n\n\n\n<p><strong>multimedia: Grzegorz Kaliszuk<\/strong><strong><\/strong><\/p>\n\n\n\n<p><strong>premiere: November 22, 2019<\/strong><strong><\/strong><\/p>\n\n\n\n<p><strong>producer: Krakow Choreographic Centre &#8211; Nowa Huta Cultural Centre<\/strong><strong><\/strong><\/p>\n\n\n\n<p><strong>duration: approx. 45 minutes<\/strong><strong><\/strong><\/p>\n\n\n\n<p><strong>The performance was honored with a special prize in the 9th edition of the Competition for the Theater Prize. Stanis\u0142aw Wyspia\u0144ski.<\/strong><strong><\/strong><\/p>\n\n\n\n<p>It is a movement performance embedded in a multimedia installation, referring to the description of nature in Alexander von Humboldt\u2019s \u201cNaturgem\u00e4lde\u201d. The title word \u201cNaturgem\u00e4lde is an untranslatable German term which may be interpreted as \u201cpainting nature\u201d, but also implies a sense of unity or whole. Naturgem\u00e4lde was an illustration depicting Chimborazo \u2013 an extinct volcano in the Andes, which used to be considered the world\u2019s tallest peak at the time. It is a sort of cross section of this mountain, with a list of all the names of plants and animals which can be found at the given altitude\u201d*. The performance, in turn, presents a cross section of a bodily transformation, and through an altered perspective of reception, it enables deeper penetration into the structure of activities. \u201cNaturgem\u00e4lde\u201d shows the transformations of forms and their inner energy which is an impetus for any activity within \u201cspecies\u201d, and in particular emphasises the strength of the representatives of the female type. The latest production of a group of creators connected with the Krak\u00f3w Choreographic Centre: Marta Wo\u0142owiec, Monika W\u0119grzynowicz, Marcin Janus, and Grzegorz Kaliszuk, it is a journey into a space in which the peculiar arrangement allows the artists to change the perspective of reception of the performance and intensify the sensation stimuli. The whole is executed through organic combination of movement, sound, and multimedia created live.<\/p>\n\n\n\n<p>*Excerpt from an interview with Humboldt\u2019s biographer, Andrea Wolf, in the Wyborcza.pl portal, \u201cCz\u0142owiek, kt\u00f3ry wynalaz\u0142 natur\u0119\u201d (\u201cThe man who invented nature\u201d)<\/p>\n","protected":false},"excerpt":{"rendered":"<p>Naturgem\u00e4lde movement: Marta Wo\u0142owiec, Monika W\u0119grzynowicz sound: Marcin Janus multimedia: Grzegorz Kaliszuk premiere: November 22, 2019 producer: Krakow Choreographic Centre &#8211; Nowa Huta Cultural Centre duration: approx. 45 minutes The performance was honored with a special prize in the 9th edition of the Competition for the Theater Prize. Stanis\u0142aw Wyspia\u0144ski. It is a movement performance [&hellip;]<\/p>\n","protected":false},"author":5,"featured_media":0,"parent":0,"menu_order":0,"comment_status":"closed","ping_status":"closed","template":"","meta":{"footnotes":""},"class_list":["post-1543","page","type-page","status-publish","hentry"],"yoast_head":"<!-- This site is optimized with the Yoast SEO plugin v19.12 - https:\/\/yoast.com\/wordpress\/plugins\/seo\/ -->\n<title>Naturgem\u00e4lde - Krakow Choreographic Centre<\/title>\n<meta name=\"robots\" content=\"index, follow, max-snippet:-1, max-image-preview:large, max-video-preview:-1\" \/>\n<link rel=\"canonical\" href=\"https:\/\/nck.krakow.pl\/kcc\/en\/naturgemalde\/\" \/>\n<meta property=\"og:locale\" content=\"en_US\" \/>\n<meta property=\"og:type\" content=\"article\" \/>\n<meta property=\"og:title\" content=\"Naturgem\u00e4lde - Krakow Choreographic Centre\" \/>\n<meta property=\"og:description\" content=\"Naturgem\u00e4lde movement: Marta Wo\u0142owiec, Monika W\u0119grzynowicz sound: Marcin Janus multimedia: Grzegorz Kaliszuk premiere: November 22, 2019 producer: Krakow Choreographic Centre &#8211; Nowa Huta Cultural Centre duration: approx. 45 minutes The performance was honored with a special prize in the 9th edition of the Competition for the Theater Prize. Stanis\u0142aw Wyspia\u0144ski. It is a movement performance [&hellip;]\" \/>\n<meta property=\"og:url\" content=\"https:\/\/nck.krakow.pl\/kcc\/en\/naturgemalde\/\" \/>\n<meta property=\"og:site_name\" content=\"Krakow Choreographic Centre\" \/>\n<meta property=\"article:publisher\" content=\"http:\/\/facebook.com\/kcc.nck\" \/>\n<meta property=\"article:modified_time\" content=\"2023-09-20T06:27:36+00:00\" \/>\n<meta property=\"og:image\" content=\"https:\/\/nck.krakow.pl\/kcc\/en\/wp-content\/uploads\/sites\/4\/2023\/09\/image-10.png\" \/>\n<meta name=\"twitter:card\" content=\"summary_large_image\" \/>\n<meta name=\"twitter:label1\" content=\"Est. reading time\" \/>\n\t<meta name=\"twitter:data1\" content=\"2 minutes\" \/>\n<script type=\"application\/ld+json\" class=\"yoast-schema-graph\">{\"@context\":\"https:\/\/schema.org\",\"@graph\":[{\"@type\":\"WebPage\",\"@id\":\"https:\/\/nck.krakow.pl\/kcc\/en\/naturgemalde\/\",\"url\":\"https:\/\/nck.krakow.pl\/kcc\/en\/naturgemalde\/\",\"name\":\"Naturgem\u00e4lde - Krakow Choreographic Centre\",\"isPartOf\":{\"@id\":\"https:\/\/nck.krakow.pl\/kcc\/en\/#website\"},\"datePublished\":\"2023-09-20T06:27:33+00:00\",\"dateModified\":\"2023-09-20T06:27:36+00:00\",\"breadcrumb\":{\"@id\":\"https:\/\/nck.krakow.pl\/kcc\/en\/naturgemalde\/#breadcrumb\"},\"inLanguage\":\"en-US\",\"potentialAction\":[{\"@type\":\"ReadAction\",\"target\":[\"https:\/\/nck.krakow.pl\/kcc\/en\/naturgemalde\/\"]}]},{\"@type\":\"BreadcrumbList\",\"@id\":\"https:\/\/nck.krakow.pl\/kcc\/en\/naturgemalde\/#breadcrumb\",\"itemListElement\":[{\"@type\":\"ListItem\",\"position\":1,\"name\":\"Strona g\u0142\u00f3wna\",\"item\":\"https:\/\/nck.krakow.pl\/kcc\/en\/\"},{\"@type\":\"ListItem\",\"position\":2,\"name\":\"Naturgem\u00e4lde\"}]},{\"@type\":\"WebSite\",\"@id\":\"https:\/\/nck.krakow.pl\/kcc\/en\/#website\",\"url\":\"https:\/\/nck.krakow.pl\/kcc\/en\/\",\"name\":\"Krakow Choreographic Centre\",\"description\":\"\",\"publisher\":{\"@id\":\"https:\/\/nck.krakow.pl\/kcc\/en\/#organization\"},\"potentialAction\":[{\"@type\":\"SearchAction\",\"target\":{\"@type\":\"EntryPoint\",\"urlTemplate\":\"https:\/\/nck.krakow.pl\/kcc\/en\/?s={search_term_string}\"},\"query-input\":\"required name=search_term_string\"}],\"inLanguage\":\"en-US\"},{\"@type\":\"Organization\",\"@id\":\"https:\/\/nck.krakow.pl\/kcc\/en\/#organization\",\"name\":\"Krakow Choreographic Centre\",\"url\":\"https:\/\/nck.krakow.pl\/kcc\/en\/\",\"logo\":{\"@type\":\"ImageObject\",\"inLanguage\":\"en-US\",\"@id\":\"https:\/\/nck.krakow.pl\/kcc\/en\/#\/schema\/logo\/image\/\",\"url\":\"https:\/\/nck.krakow.pl\/kcc\/en\/wp-content\/uploads\/sites\/4\/2020\/04\/cropped-cropped-logo-kcc-2020en.png\",\"contentUrl\":\"https:\/\/nck.krakow.pl\/kcc\/en\/wp-content\/uploads\/sites\/4\/2020\/04\/cropped-cropped-logo-kcc-2020en.png\",\"width\":116,\"height\":55,\"caption\":\"Krakow Choreographic Centre\"},\"image\":{\"@id\":\"https:\/\/nck.krakow.pl\/kcc\/en\/#\/schema\/logo\/image\/\"},\"sameAs\":[\"http:\/\/facebook.com\/kcc.nck\"]}]}<\/script>\n<!-- \/ Yoast SEO plugin. -->","yoast_head_json":{"title":"Naturgem\u00e4lde - Krakow Choreographic Centre","robots":{"index":"index","follow":"follow","max-snippet":"max-snippet:-1","max-image-preview":"max-image-preview:large","max-video-preview":"max-video-preview:-1"},"canonical":"https:\/\/nck.krakow.pl\/kcc\/en\/naturgemalde\/","og_locale":"en_US","og_type":"article","og_title":"Naturgem\u00e4lde - Krakow Choreographic Centre","og_description":"Naturgem\u00e4lde movement: Marta Wo\u0142owiec, Monika W\u0119grzynowicz sound: Marcin Janus multimedia: Grzegorz Kaliszuk premiere: November 22, 2019 producer: Krakow Choreographic Centre &#8211; Nowa Huta Cultural Centre duration: approx. 45 minutes The performance was honored with a special prize in the 9th edition of the Competition for the Theater Prize. Stanis\u0142aw Wyspia\u0144ski. It is a movement performance [&hellip;]","og_url":"https:\/\/nck.krakow.pl\/kcc\/en\/naturgemalde\/","og_site_name":"Krakow Choreographic Centre","article_publisher":"http:\/\/facebook.com\/kcc.nck","article_modified_time":"2023-09-20T06:27:36+00:00","og_image":[{"url":"https:\/\/nck.krakow.pl\/kcc\/en\/wp-content\/uploads\/sites\/4\/2023\/09\/image-10.png"}],"twitter_card":"summary_large_image","twitter_misc":{"Est. reading time":"2 minutes"},"schema":{"@context":"https:\/\/schema.org","@graph":[{"@type":"WebPage","@id":"https:\/\/nck.krakow.pl\/kcc\/en\/naturgemalde\/","url":"https:\/\/nck.krakow.pl\/kcc\/en\/naturgemalde\/","name":"Naturgem\u00e4lde - Krakow Choreographic Centre","isPartOf":{"@id":"https:\/\/nck.krakow.pl\/kcc\/en\/#website"},"datePublished":"2023-09-20T06:27:33+00:00","dateModified":"2023-09-20T06:27:36+00:00","breadcrumb":{"@id":"https:\/\/nck.krakow.pl\/kcc\/en\/naturgemalde\/#breadcrumb"},"inLanguage":"en-US","potentialAction":[{"@type":"ReadAction","target":["https:\/\/nck.krakow.pl\/kcc\/en\/naturgemalde\/"]}]},{"@type":"BreadcrumbList","@id":"https:\/\/nck.krakow.pl\/kcc\/en\/naturgemalde\/#breadcrumb","itemListElement":[{"@type":"ListItem","position":1,"name":"Strona g\u0142\u00f3wna","item":"https:\/\/nck.krakow.pl\/kcc\/en\/"},{"@type":"ListItem","position":2,"name":"Naturgem\u00e4lde"}]},{"@type":"WebSite","@id":"https:\/\/nck.krakow.pl\/kcc\/en\/#website","url":"https:\/\/nck.krakow.pl\/kcc\/en\/","name":"Krakow Choreographic Centre","description":"","publisher":{"@id":"https:\/\/nck.krakow.pl\/kcc\/en\/#organization"},"potentialAction":[{"@type":"SearchAction","target":{"@type":"EntryPoint","urlTemplate":"https:\/\/nck.krakow.pl\/kcc\/en\/?s={search_term_string}"},"query-input":"required name=search_term_string"}],"inLanguage":"en-US"},{"@type":"Organization","@id":"https:\/\/nck.krakow.pl\/kcc\/en\/#organization","name":"Krakow Choreographic Centre","url":"https:\/\/nck.krakow.pl\/kcc\/en\/","logo":{"@type":"ImageObject","inLanguage":"en-US","@id":"https:\/\/nck.krakow.pl\/kcc\/en\/#\/schema\/logo\/image\/","url":"https:\/\/nck.krakow.pl\/kcc\/en\/wp-content\/uploads\/sites\/4\/2020\/04\/cropped-cropped-logo-kcc-2020en.png","contentUrl":"https:\/\/nck.krakow.pl\/kcc\/en\/wp-content\/uploads\/sites\/4\/2020\/04\/cropped-cropped-logo-kcc-2020en.png","width":116,"height":55,"caption":"Krakow Choreographic Centre"},"image":{"@id":"https:\/\/nck.krakow.pl\/kcc\/en\/#\/schema\/logo\/image\/"},"sameAs":["http:\/\/facebook.com\/kcc.nck"]}]}},"_links":{"self":[{"href":"https:\/\/nck.krakow.pl\/kcc\/en\/wp-json\/wp\/v2\/pages\/1543"}],"collection":[{"href":"https:\/\/nck.krakow.pl\/kcc\/en\/wp-json\/wp\/v2\/pages"}],"about":[{"href":"https:\/\/nck.krakow.pl\/kcc\/en\/wp-json\/wp\/v2\/types\/page"}],"author":[{"embeddable":true,"href":"https:\/\/nck.krakow.pl\/kcc\/en\/wp-json\/wp\/v2\/users\/5"}],"replies":[{"embeddable":true,"href":"https:\/\/nck.krakow.pl\/kcc\/en\/wp-json\/wp\/v2\/comments?post=1543"}],"version-history":[{"count":1,"href":"https:\/\/nck.krakow.pl\/kcc\/en\/wp-json\/wp\/v2\/pages\/1543\/revisions"}],"predecessor-version":[{"id":1545,"href":"https:\/\/nck.krakow.pl\/kcc\/en\/wp-json\/wp\/v2\/pages\/1543\/revisions\/1545"}],"wp:attachment":[{"href":"https:\/\/nck.krakow.pl\/kcc\/en\/wp-json\/wp\/v2\/media?parent=1543"}],"curies":[{"name":"wp","href":"https:\/\/api.w.org\/{rel}","templated":true}]}}