{"id":1491,"date":"2023-09-19T15:42:32","date_gmt":"2023-09-19T13:42:32","guid":{"rendered":"https:\/\/nck.krakow.pl\/kcc\/en\/?page_id=1491"},"modified":"2023-09-19T15:42:37","modified_gmt":"2023-09-19T13:42:37","slug":"nieprzeniknione-srebro","status":"publish","type":"page","link":"https:\/\/nck.krakow.pl\/kcc\/en\/nieprzeniknione-srebro\/","title":{"rendered":"<strong>Nieprzeniknione srebro<\/strong>"},"content":{"rendered":"\n<figure class=\"wp-block-image size-full\"><img loading=\"lazy\" decoding=\"async\" width=\"1024\" height=\"684\" src=\"https:\/\/nck.krakow.pl\/kcc\/en\/wp-content\/uploads\/sites\/4\/2023\/09\/image-6.png\" alt=\"\" class=\"wp-image-1493\" srcset=\"https:\/\/nck.krakow.pl\/kcc\/en\/wp-content\/uploads\/sites\/4\/2023\/09\/image-6.png 1024w, https:\/\/nck.krakow.pl\/kcc\/en\/wp-content\/uploads\/sites\/4\/2023\/09\/image-6-300x200.png 300w, https:\/\/nck.krakow.pl\/kcc\/en\/wp-content\/uploads\/sites\/4\/2023\/09\/image-6-768x513.png 768w\" sizes=\"(max-width: 1024px) 100vw, 1024px\" \/><\/figure>\n\n\n\n<h2 class=\"wp-block-heading\">Nieprzeniknione srebro<\/h2>\n\n\n\n<p><em><strong>choreography and<\/strong><\/em><em> <strong>performance<\/strong>: Dominika Gryz, Aleksandra Krajewska, Paulina Rewucka, Pawe\u0142 \u017bo\u0142\u0105dek<\/em><\/p>\n\n\n\n<p><em><strong>light: <\/strong><\/em><em>&nbsp;Radoslaw Lis<\/em><\/p>\n\n\n\n<p><em><strong>music<\/strong><\/em><em>: Andrzej Jaworski<\/em><\/p>\n\n\n\n<p><em><strong>consultation<\/strong><\/em><em>: Brian Michaels<\/em><\/p>\n\n\n\n<p><em><strong>production<\/strong><\/em><em>: Krakow Choreographic Centre &#8211; Nowa Huta Cultural Centre<\/em><\/p>\n\n\n\n<p><em><strong>premiere: <\/strong>November 25, 2018 BalletOFFFestival<\/em><\/p>\n\n\n\n<blockquote class=\"wp-block-quote is-layout-flow wp-block-quote-is-layout-flow\">\n<p>The skyline was beautiful on fire<br>All twisted metal stretching upwards<br>Everything washed in a thin orange haze<br>You grabbed my hand<br>And we fell into it<br>Like a daydream<br>Or a fever (\u201cThe Dead Flag Blues\u201d, Godspeed You! Black Emperor) with the use of an excerpt from S\u0142awomir Mro\u017cek\u2019s \u201cKeczup\u201d<\/p>\n<\/blockquote>\n\n\n\n<p>Dominika Gryz likes to change her perspective by doing a headstand. Aleksandra Krajewska, an intuitive creature, dramatically spontaneous. Incurable dreamer powered by gallons of coffee. She drowns her sorrows in zero-sugar vegan chocolate. Paulina Rewucka has a constant problem with categorising herself. She likes to break with conventions and board random trains. Pawe\u0142 \u017bo\u0142\u0105dek, a dancer searching for coalition between dance and theatre. There is one most complicated language out there, full of mystery, tolerance, and power, comprehensible to any person on earth\u2026 the body language.<\/p>\n","protected":false},"excerpt":{"rendered":"<p>Nieprzeniknione srebro choreography and performance: Dominika Gryz, Aleksandra Krajewska, Paulina Rewucka, Pawe\u0142 \u017bo\u0142\u0105dek light: &nbsp;Radoslaw Lis music: Andrzej Jaworski consultation: Brian Michaels production: Krakow Choreographic Centre &#8211; Nowa Huta Cultural Centre premiere: November 25, 2018 BalletOFFFestival The skyline was beautiful on fireAll twisted metal stretching upwardsEverything washed in a thin orange hazeYou grabbed my handAnd [&hellip;]<\/p>\n","protected":false},"author":5,"featured_media":0,"parent":0,"menu_order":0,"comment_status":"closed","ping_status":"closed","template":"","meta":{"footnotes":""},"class_list":["post-1491","page","type-page","status-publish","hentry"],"yoast_head":"<!-- This site is optimized with the Yoast SEO plugin v19.12 - https:\/\/yoast.com\/wordpress\/plugins\/seo\/ -->\n<title>Nieprzeniknione srebro - Krakow Choreographic Centre<\/title>\n<meta name=\"robots\" content=\"index, follow, max-snippet:-1, max-image-preview:large, max-video-preview:-1\" \/>\n<link rel=\"canonical\" href=\"https:\/\/nck.krakow.pl\/kcc\/en\/nieprzeniknione-srebro\/\" \/>\n<meta property=\"og:locale\" content=\"en_US\" \/>\n<meta property=\"og:type\" content=\"article\" \/>\n<meta property=\"og:title\" content=\"Nieprzeniknione srebro - Krakow Choreographic Centre\" \/>\n<meta property=\"og:description\" content=\"Nieprzeniknione srebro choreography and performance: Dominika Gryz, Aleksandra Krajewska, Paulina Rewucka, Pawe\u0142 \u017bo\u0142\u0105dek light: &nbsp;Radoslaw Lis music: Andrzej Jaworski consultation: Brian Michaels production: Krakow Choreographic Centre &#8211; Nowa Huta Cultural Centre premiere: November 25, 2018 BalletOFFFestival The skyline was beautiful on fireAll twisted metal stretching upwardsEverything washed in a thin orange hazeYou grabbed my handAnd [&hellip;]\" \/>\n<meta property=\"og:url\" content=\"https:\/\/nck.krakow.pl\/kcc\/en\/nieprzeniknione-srebro\/\" \/>\n<meta property=\"og:site_name\" content=\"Krakow Choreographic Centre\" \/>\n<meta property=\"article:publisher\" content=\"http:\/\/facebook.com\/kcc.nck\" \/>\n<meta property=\"article:modified_time\" content=\"2023-09-19T13:42:37+00:00\" \/>\n<meta property=\"og:image\" content=\"https:\/\/nck.krakow.pl\/kcc\/en\/wp-content\/uploads\/sites\/4\/2023\/09\/image-6.png\" \/>\n<meta name=\"twitter:card\" content=\"summary_large_image\" \/>\n<meta name=\"twitter:label1\" content=\"Est. reading time\" \/>\n\t<meta name=\"twitter:data1\" content=\"1 minute\" \/>\n<script type=\"application\/ld+json\" class=\"yoast-schema-graph\">{\"@context\":\"https:\/\/schema.org\",\"@graph\":[{\"@type\":\"WebPage\",\"@id\":\"https:\/\/nck.krakow.pl\/kcc\/en\/nieprzeniknione-srebro\/\",\"url\":\"https:\/\/nck.krakow.pl\/kcc\/en\/nieprzeniknione-srebro\/\",\"name\":\"Nieprzeniknione srebro - Krakow Choreographic Centre\",\"isPartOf\":{\"@id\":\"https:\/\/nck.krakow.pl\/kcc\/en\/#website\"},\"datePublished\":\"2023-09-19T13:42:32+00:00\",\"dateModified\":\"2023-09-19T13:42:37+00:00\",\"breadcrumb\":{\"@id\":\"https:\/\/nck.krakow.pl\/kcc\/en\/nieprzeniknione-srebro\/#breadcrumb\"},\"inLanguage\":\"en-US\",\"potentialAction\":[{\"@type\":\"ReadAction\",\"target\":[\"https:\/\/nck.krakow.pl\/kcc\/en\/nieprzeniknione-srebro\/\"]}]},{\"@type\":\"BreadcrumbList\",\"@id\":\"https:\/\/nck.krakow.pl\/kcc\/en\/nieprzeniknione-srebro\/#breadcrumb\",\"itemListElement\":[{\"@type\":\"ListItem\",\"position\":1,\"name\":\"Strona g\u0142\u00f3wna\",\"item\":\"https:\/\/nck.krakow.pl\/kcc\/en\/\"},{\"@type\":\"ListItem\",\"position\":2,\"name\":\"Nieprzeniknione srebro\"}]},{\"@type\":\"WebSite\",\"@id\":\"https:\/\/nck.krakow.pl\/kcc\/en\/#website\",\"url\":\"https:\/\/nck.krakow.pl\/kcc\/en\/\",\"name\":\"Krakow Choreographic Centre\",\"description\":\"\",\"publisher\":{\"@id\":\"https:\/\/nck.krakow.pl\/kcc\/en\/#organization\"},\"potentialAction\":[{\"@type\":\"SearchAction\",\"target\":{\"@type\":\"EntryPoint\",\"urlTemplate\":\"https:\/\/nck.krakow.pl\/kcc\/en\/?s={search_term_string}\"},\"query-input\":\"required name=search_term_string\"}],\"inLanguage\":\"en-US\"},{\"@type\":\"Organization\",\"@id\":\"https:\/\/nck.krakow.pl\/kcc\/en\/#organization\",\"name\":\"Krakow Choreographic Centre\",\"url\":\"https:\/\/nck.krakow.pl\/kcc\/en\/\",\"logo\":{\"@type\":\"ImageObject\",\"inLanguage\":\"en-US\",\"@id\":\"https:\/\/nck.krakow.pl\/kcc\/en\/#\/schema\/logo\/image\/\",\"url\":\"https:\/\/nck.krakow.pl\/kcc\/en\/wp-content\/uploads\/sites\/4\/2020\/04\/cropped-cropped-logo-kcc-2020en.png\",\"contentUrl\":\"https:\/\/nck.krakow.pl\/kcc\/en\/wp-content\/uploads\/sites\/4\/2020\/04\/cropped-cropped-logo-kcc-2020en.png\",\"width\":116,\"height\":55,\"caption\":\"Krakow Choreographic Centre\"},\"image\":{\"@id\":\"https:\/\/nck.krakow.pl\/kcc\/en\/#\/schema\/logo\/image\/\"},\"sameAs\":[\"http:\/\/facebook.com\/kcc.nck\"]}]}<\/script>\n<!-- \/ Yoast SEO plugin. -->","yoast_head_json":{"title":"Nieprzeniknione srebro - Krakow Choreographic Centre","robots":{"index":"index","follow":"follow","max-snippet":"max-snippet:-1","max-image-preview":"max-image-preview:large","max-video-preview":"max-video-preview:-1"},"canonical":"https:\/\/nck.krakow.pl\/kcc\/en\/nieprzeniknione-srebro\/","og_locale":"en_US","og_type":"article","og_title":"Nieprzeniknione srebro - Krakow Choreographic Centre","og_description":"Nieprzeniknione srebro choreography and performance: Dominika Gryz, Aleksandra Krajewska, Paulina Rewucka, Pawe\u0142 \u017bo\u0142\u0105dek light: &nbsp;Radoslaw Lis music: Andrzej Jaworski consultation: Brian Michaels production: Krakow Choreographic Centre &#8211; Nowa Huta Cultural Centre premiere: November 25, 2018 BalletOFFFestival The skyline was beautiful on fireAll twisted metal stretching upwardsEverything washed in a thin orange hazeYou grabbed my handAnd [&hellip;]","og_url":"https:\/\/nck.krakow.pl\/kcc\/en\/nieprzeniknione-srebro\/","og_site_name":"Krakow Choreographic Centre","article_publisher":"http:\/\/facebook.com\/kcc.nck","article_modified_time":"2023-09-19T13:42:37+00:00","og_image":[{"url":"https:\/\/nck.krakow.pl\/kcc\/en\/wp-content\/uploads\/sites\/4\/2023\/09\/image-6.png"}],"twitter_card":"summary_large_image","twitter_misc":{"Est. reading time":"1 minute"},"schema":{"@context":"https:\/\/schema.org","@graph":[{"@type":"WebPage","@id":"https:\/\/nck.krakow.pl\/kcc\/en\/nieprzeniknione-srebro\/","url":"https:\/\/nck.krakow.pl\/kcc\/en\/nieprzeniknione-srebro\/","name":"Nieprzeniknione srebro - Krakow Choreographic Centre","isPartOf":{"@id":"https:\/\/nck.krakow.pl\/kcc\/en\/#website"},"datePublished":"2023-09-19T13:42:32+00:00","dateModified":"2023-09-19T13:42:37+00:00","breadcrumb":{"@id":"https:\/\/nck.krakow.pl\/kcc\/en\/nieprzeniknione-srebro\/#breadcrumb"},"inLanguage":"en-US","potentialAction":[{"@type":"ReadAction","target":["https:\/\/nck.krakow.pl\/kcc\/en\/nieprzeniknione-srebro\/"]}]},{"@type":"BreadcrumbList","@id":"https:\/\/nck.krakow.pl\/kcc\/en\/nieprzeniknione-srebro\/#breadcrumb","itemListElement":[{"@type":"ListItem","position":1,"name":"Strona g\u0142\u00f3wna","item":"https:\/\/nck.krakow.pl\/kcc\/en\/"},{"@type":"ListItem","position":2,"name":"Nieprzeniknione srebro"}]},{"@type":"WebSite","@id":"https:\/\/nck.krakow.pl\/kcc\/en\/#website","url":"https:\/\/nck.krakow.pl\/kcc\/en\/","name":"Krakow Choreographic Centre","description":"","publisher":{"@id":"https:\/\/nck.krakow.pl\/kcc\/en\/#organization"},"potentialAction":[{"@type":"SearchAction","target":{"@type":"EntryPoint","urlTemplate":"https:\/\/nck.krakow.pl\/kcc\/en\/?s={search_term_string}"},"query-input":"required name=search_term_string"}],"inLanguage":"en-US"},{"@type":"Organization","@id":"https:\/\/nck.krakow.pl\/kcc\/en\/#organization","name":"Krakow Choreographic Centre","url":"https:\/\/nck.krakow.pl\/kcc\/en\/","logo":{"@type":"ImageObject","inLanguage":"en-US","@id":"https:\/\/nck.krakow.pl\/kcc\/en\/#\/schema\/logo\/image\/","url":"https:\/\/nck.krakow.pl\/kcc\/en\/wp-content\/uploads\/sites\/4\/2020\/04\/cropped-cropped-logo-kcc-2020en.png","contentUrl":"https:\/\/nck.krakow.pl\/kcc\/en\/wp-content\/uploads\/sites\/4\/2020\/04\/cropped-cropped-logo-kcc-2020en.png","width":116,"height":55,"caption":"Krakow Choreographic Centre"},"image":{"@id":"https:\/\/nck.krakow.pl\/kcc\/en\/#\/schema\/logo\/image\/"},"sameAs":["http:\/\/facebook.com\/kcc.nck"]}]}},"_links":{"self":[{"href":"https:\/\/nck.krakow.pl\/kcc\/en\/wp-json\/wp\/v2\/pages\/1491"}],"collection":[{"href":"https:\/\/nck.krakow.pl\/kcc\/en\/wp-json\/wp\/v2\/pages"}],"about":[{"href":"https:\/\/nck.krakow.pl\/kcc\/en\/wp-json\/wp\/v2\/types\/page"}],"author":[{"embeddable":true,"href":"https:\/\/nck.krakow.pl\/kcc\/en\/wp-json\/wp\/v2\/users\/5"}],"replies":[{"embeddable":true,"href":"https:\/\/nck.krakow.pl\/kcc\/en\/wp-json\/wp\/v2\/comments?post=1491"}],"version-history":[{"count":1,"href":"https:\/\/nck.krakow.pl\/kcc\/en\/wp-json\/wp\/v2\/pages\/1491\/revisions"}],"predecessor-version":[{"id":1494,"href":"https:\/\/nck.krakow.pl\/kcc\/en\/wp-json\/wp\/v2\/pages\/1491\/revisions\/1494"}],"wp:attachment":[{"href":"https:\/\/nck.krakow.pl\/kcc\/en\/wp-json\/wp\/v2\/media?parent=1491"}],"curies":[{"name":"wp","href":"https:\/\/api.w.org\/{rel}","templated":true}]}}