{"id":1484,"date":"2023-09-19T15:39:15","date_gmt":"2023-09-19T13:39:15","guid":{"rendered":"https:\/\/nck.krakow.pl\/kcc\/en\/?page_id=1484"},"modified":"2023-09-19T15:39:18","modified_gmt":"2023-09-19T13:39:18","slug":"jestem-miloscia-ii","status":"publish","type":"page","link":"https:\/\/nck.krakow.pl\/kcc\/en\/jestem-miloscia-ii\/","title":{"rendered":"<strong>Jestem mi\u0142o\u015bci\u0105 II&nbsp;<\/strong>"},"content":{"rendered":"\n<figure class=\"wp-block-image size-full\"><img loading=\"lazy\" decoding=\"async\" width=\"960\" height=\"640\" src=\"https:\/\/nck.krakow.pl\/kcc\/en\/wp-content\/uploads\/sites\/4\/2023\/09\/image-5.png\" alt=\"\" class=\"wp-image-1486\" srcset=\"https:\/\/nck.krakow.pl\/kcc\/en\/wp-content\/uploads\/sites\/4\/2023\/09\/image-5.png 960w, https:\/\/nck.krakow.pl\/kcc\/en\/wp-content\/uploads\/sites\/4\/2023\/09\/image-5-300x200.png 300w, https:\/\/nck.krakow.pl\/kcc\/en\/wp-content\/uploads\/sites\/4\/2023\/09\/image-5-768x512.png 768w\" sizes=\"(max-width: 960px) 100vw, 960px\" \/><\/figure>\n\n\n\n<h2 class=\"wp-block-heading\">Jestem mi\u0142o\u015bci\u0105 II\u00a0<\/h2>\n\n\n\n<p><strong>choreography:\u00a0<\/strong>Barbara Bujakowska<br><strong>dramaturgy:\u00a0<\/strong>Daria Kubisiak<br><strong>music:\u00a0<\/strong>Kamil Tuszy\u0144ski<br><strong>performed by:\u00a0<\/strong>Barbara Bujakowska, Daria Kubisiak, Sebastian Grygo<br><strong>premiere:\u00a0<\/strong>25 listopada 2018 BalletOFFFestival<br><strong>producer: Krakow Choreographic Centre \u2013 Nowa Huta Cultural Centre\u00a0<\/strong><\/p>\n\n\n\n<blockquote class=\"wp-block-quote is-layout-flow wp-block-quote-is-layout-flow\">\n<p>In this area<\/p>\n\n\n\n<p>everything that the eye can see<\/p>\n\n\n\n<p>that&#8217;s cold<\/p>\n\n\n\n<p><strong>Bash\u00f4 (from the journal of Oinnikki, 1688)<\/strong><\/p>\n<\/blockquote>\n\n\n\n<p>The \u201cJestem mi\u0142o\u015bci\u0105 I\u201d art project was a story about two women facing the cultural patterns of \u201cfemininity\u201d imposed by religions and patriarchy. \u201cJestem mi\u0142o\u015bci\u0105 II\u201d is a project which this time involves a larger group of people, and its main matrix is made up of love stories and difficulties with forming interpersonal relationships. The stories take on the character of intimate confessions. Disenchantment of the world also applies to love. This is why finding fulfilment in love may turn out to be revolutionary for a person\u2019s life, both in the individual and collective context. In the first part, the title \u201cJestem mi\u0142o\u015bci\u0105\u201d (\u201cI am Love\u201d) constituted a kind of curse, which generated a sense of guilt and Christian suffering. The second part is an attempt at finding fulfilment in love, but so that it happens on one\u2019s own terms and is free from patriarchal and religious patterns that limit human freedom. The popular affective turn in the field of art, science, and the cultural and social sphere concentrates on human emotions and explores their influence on people\u2019s social life. The creators of the \u201cJestem mi\u0142o\u015bci\u0105 II\u201d performance decided to make their own emotionality the object of their studies and show how it affects their daily existence.<\/p>\n\n\n\n<figure class=\"wp-block-embed is-type-video is-provider-vimeo wp-block-embed-vimeo wp-embed-aspect-16-9 wp-has-aspect-ratio\"><div class=\"wp-block-embed__wrapper\">\n<iframe loading=\"lazy\" title=\"Jestem mi\u0142o\u015bci\u0105 II\" src=\"https:\/\/player.vimeo.com\/video\/300943468?dnt=1&amp;app_id=122963\" width=\"768\" height=\"432\" frameborder=\"0\" allow=\"autoplay; fullscreen; picture-in-picture\"><\/iframe>\n<\/div><\/figure>\n","protected":false},"excerpt":{"rendered":"<p>Jestem mi\u0142o\u015bci\u0105 II\u00a0 choreography:\u00a0Barbara Bujakowskadramaturgy:\u00a0Daria Kubisiakmusic:\u00a0Kamil Tuszy\u0144skiperformed by:\u00a0Barbara Bujakowska, Daria Kubisiak, Sebastian Grygopremiere:\u00a025 listopada 2018 BalletOFFFestivalproducer: Krakow Choreographic Centre \u2013 Nowa Huta Cultural Centre\u00a0 In this area everything that the eye can see that&#8217;s cold Bash\u00f4 (from the journal of Oinnikki, 1688) The \u201cJestem mi\u0142o\u015bci\u0105 I\u201d art project was a story about two women facing [&hellip;]<\/p>\n","protected":false},"author":5,"featured_media":0,"parent":0,"menu_order":0,"comment_status":"closed","ping_status":"closed","template":"","meta":{"footnotes":""},"class_list":["post-1484","page","type-page","status-publish","hentry"],"yoast_head":"<!-- This site is optimized with the Yoast SEO plugin v19.12 - https:\/\/yoast.com\/wordpress\/plugins\/seo\/ -->\n<title>Jestem mi\u0142o\u015bci\u0105 II&nbsp; - Krakow Choreographic Centre<\/title>\n<meta name=\"robots\" content=\"index, follow, max-snippet:-1, max-image-preview:large, max-video-preview:-1\" \/>\n<link rel=\"canonical\" href=\"https:\/\/nck.krakow.pl\/kcc\/en\/jestem-miloscia-ii\/\" \/>\n<meta property=\"og:locale\" content=\"en_US\" \/>\n<meta property=\"og:type\" content=\"article\" \/>\n<meta property=\"og:title\" content=\"Jestem mi\u0142o\u015bci\u0105 II&nbsp; - Krakow Choreographic Centre\" \/>\n<meta property=\"og:description\" content=\"Jestem mi\u0142o\u015bci\u0105 II\u00a0 choreography:\u00a0Barbara Bujakowskadramaturgy:\u00a0Daria Kubisiakmusic:\u00a0Kamil Tuszy\u0144skiperformed by:\u00a0Barbara Bujakowska, Daria Kubisiak, Sebastian Grygopremiere:\u00a025 listopada 2018 BalletOFFFestivalproducer: Krakow Choreographic Centre \u2013 Nowa Huta Cultural Centre\u00a0 In this area everything that the eye can see that&#8217;s cold Bash\u00f4 (from the journal of Oinnikki, 1688) The \u201cJestem mi\u0142o\u015bci\u0105 I\u201d art project was a story about two women facing [&hellip;]\" \/>\n<meta property=\"og:url\" content=\"https:\/\/nck.krakow.pl\/kcc\/en\/jestem-miloscia-ii\/\" \/>\n<meta property=\"og:site_name\" content=\"Krakow Choreographic Centre\" \/>\n<meta property=\"article:publisher\" content=\"http:\/\/facebook.com\/kcc.nck\" \/>\n<meta property=\"article:modified_time\" content=\"2023-09-19T13:39:18+00:00\" \/>\n<meta property=\"og:image\" content=\"https:\/\/nck.krakow.pl\/kcc\/en\/wp-content\/uploads\/sites\/4\/2023\/09\/image-5.png\" \/>\n<meta name=\"twitter:card\" content=\"summary_large_image\" \/>\n<meta name=\"twitter:label1\" content=\"Est. reading time\" \/>\n\t<meta name=\"twitter:data1\" content=\"2 minutes\" \/>\n<script type=\"application\/ld+json\" class=\"yoast-schema-graph\">{\"@context\":\"https:\/\/schema.org\",\"@graph\":[{\"@type\":\"WebPage\",\"@id\":\"https:\/\/nck.krakow.pl\/kcc\/en\/jestem-miloscia-ii\/\",\"url\":\"https:\/\/nck.krakow.pl\/kcc\/en\/jestem-miloscia-ii\/\",\"name\":\"Jestem mi\u0142o\u015bci\u0105 II&nbsp; - Krakow Choreographic Centre\",\"isPartOf\":{\"@id\":\"https:\/\/nck.krakow.pl\/kcc\/en\/#website\"},\"datePublished\":\"2023-09-19T13:39:15+00:00\",\"dateModified\":\"2023-09-19T13:39:18+00:00\",\"breadcrumb\":{\"@id\":\"https:\/\/nck.krakow.pl\/kcc\/en\/jestem-miloscia-ii\/#breadcrumb\"},\"inLanguage\":\"en-US\",\"potentialAction\":[{\"@type\":\"ReadAction\",\"target\":[\"https:\/\/nck.krakow.pl\/kcc\/en\/jestem-miloscia-ii\/\"]}]},{\"@type\":\"BreadcrumbList\",\"@id\":\"https:\/\/nck.krakow.pl\/kcc\/en\/jestem-miloscia-ii\/#breadcrumb\",\"itemListElement\":[{\"@type\":\"ListItem\",\"position\":1,\"name\":\"Strona g\u0142\u00f3wna\",\"item\":\"https:\/\/nck.krakow.pl\/kcc\/en\/\"},{\"@type\":\"ListItem\",\"position\":2,\"name\":\"Jestem mi\u0142o\u015bci\u0105 II&nbsp;\"}]},{\"@type\":\"WebSite\",\"@id\":\"https:\/\/nck.krakow.pl\/kcc\/en\/#website\",\"url\":\"https:\/\/nck.krakow.pl\/kcc\/en\/\",\"name\":\"Krakow Choreographic Centre\",\"description\":\"\",\"publisher\":{\"@id\":\"https:\/\/nck.krakow.pl\/kcc\/en\/#organization\"},\"potentialAction\":[{\"@type\":\"SearchAction\",\"target\":{\"@type\":\"EntryPoint\",\"urlTemplate\":\"https:\/\/nck.krakow.pl\/kcc\/en\/?s={search_term_string}\"},\"query-input\":\"required name=search_term_string\"}],\"inLanguage\":\"en-US\"},{\"@type\":\"Organization\",\"@id\":\"https:\/\/nck.krakow.pl\/kcc\/en\/#organization\",\"name\":\"Krakow Choreographic Centre\",\"url\":\"https:\/\/nck.krakow.pl\/kcc\/en\/\",\"logo\":{\"@type\":\"ImageObject\",\"inLanguage\":\"en-US\",\"@id\":\"https:\/\/nck.krakow.pl\/kcc\/en\/#\/schema\/logo\/image\/\",\"url\":\"https:\/\/nck.krakow.pl\/kcc\/en\/wp-content\/uploads\/sites\/4\/2020\/04\/cropped-cropped-logo-kcc-2020en.png\",\"contentUrl\":\"https:\/\/nck.krakow.pl\/kcc\/en\/wp-content\/uploads\/sites\/4\/2020\/04\/cropped-cropped-logo-kcc-2020en.png\",\"width\":116,\"height\":55,\"caption\":\"Krakow Choreographic Centre\"},\"image\":{\"@id\":\"https:\/\/nck.krakow.pl\/kcc\/en\/#\/schema\/logo\/image\/\"},\"sameAs\":[\"http:\/\/facebook.com\/kcc.nck\"]}]}<\/script>\n<!-- \/ Yoast SEO plugin. -->","yoast_head_json":{"title":"Jestem mi\u0142o\u015bci\u0105 II&nbsp; - Krakow Choreographic Centre","robots":{"index":"index","follow":"follow","max-snippet":"max-snippet:-1","max-image-preview":"max-image-preview:large","max-video-preview":"max-video-preview:-1"},"canonical":"https:\/\/nck.krakow.pl\/kcc\/en\/jestem-miloscia-ii\/","og_locale":"en_US","og_type":"article","og_title":"Jestem mi\u0142o\u015bci\u0105 II&nbsp; - Krakow Choreographic Centre","og_description":"Jestem mi\u0142o\u015bci\u0105 II\u00a0 choreography:\u00a0Barbara Bujakowskadramaturgy:\u00a0Daria Kubisiakmusic:\u00a0Kamil Tuszy\u0144skiperformed by:\u00a0Barbara Bujakowska, Daria Kubisiak, Sebastian Grygopremiere:\u00a025 listopada 2018 BalletOFFFestivalproducer: Krakow Choreographic Centre \u2013 Nowa Huta Cultural Centre\u00a0 In this area everything that the eye can see that&#8217;s cold Bash\u00f4 (from the journal of Oinnikki, 1688) The \u201cJestem mi\u0142o\u015bci\u0105 I\u201d art project was a story about two women facing [&hellip;]","og_url":"https:\/\/nck.krakow.pl\/kcc\/en\/jestem-miloscia-ii\/","og_site_name":"Krakow Choreographic Centre","article_publisher":"http:\/\/facebook.com\/kcc.nck","article_modified_time":"2023-09-19T13:39:18+00:00","og_image":[{"url":"https:\/\/nck.krakow.pl\/kcc\/en\/wp-content\/uploads\/sites\/4\/2023\/09\/image-5.png"}],"twitter_card":"summary_large_image","twitter_misc":{"Est. reading time":"2 minutes"},"schema":{"@context":"https:\/\/schema.org","@graph":[{"@type":"WebPage","@id":"https:\/\/nck.krakow.pl\/kcc\/en\/jestem-miloscia-ii\/","url":"https:\/\/nck.krakow.pl\/kcc\/en\/jestem-miloscia-ii\/","name":"Jestem mi\u0142o\u015bci\u0105 II&nbsp; - Krakow Choreographic Centre","isPartOf":{"@id":"https:\/\/nck.krakow.pl\/kcc\/en\/#website"},"datePublished":"2023-09-19T13:39:15+00:00","dateModified":"2023-09-19T13:39:18+00:00","breadcrumb":{"@id":"https:\/\/nck.krakow.pl\/kcc\/en\/jestem-miloscia-ii\/#breadcrumb"},"inLanguage":"en-US","potentialAction":[{"@type":"ReadAction","target":["https:\/\/nck.krakow.pl\/kcc\/en\/jestem-miloscia-ii\/"]}]},{"@type":"BreadcrumbList","@id":"https:\/\/nck.krakow.pl\/kcc\/en\/jestem-miloscia-ii\/#breadcrumb","itemListElement":[{"@type":"ListItem","position":1,"name":"Strona g\u0142\u00f3wna","item":"https:\/\/nck.krakow.pl\/kcc\/en\/"},{"@type":"ListItem","position":2,"name":"Jestem mi\u0142o\u015bci\u0105 II&nbsp;"}]},{"@type":"WebSite","@id":"https:\/\/nck.krakow.pl\/kcc\/en\/#website","url":"https:\/\/nck.krakow.pl\/kcc\/en\/","name":"Krakow Choreographic Centre","description":"","publisher":{"@id":"https:\/\/nck.krakow.pl\/kcc\/en\/#organization"},"potentialAction":[{"@type":"SearchAction","target":{"@type":"EntryPoint","urlTemplate":"https:\/\/nck.krakow.pl\/kcc\/en\/?s={search_term_string}"},"query-input":"required name=search_term_string"}],"inLanguage":"en-US"},{"@type":"Organization","@id":"https:\/\/nck.krakow.pl\/kcc\/en\/#organization","name":"Krakow Choreographic Centre","url":"https:\/\/nck.krakow.pl\/kcc\/en\/","logo":{"@type":"ImageObject","inLanguage":"en-US","@id":"https:\/\/nck.krakow.pl\/kcc\/en\/#\/schema\/logo\/image\/","url":"https:\/\/nck.krakow.pl\/kcc\/en\/wp-content\/uploads\/sites\/4\/2020\/04\/cropped-cropped-logo-kcc-2020en.png","contentUrl":"https:\/\/nck.krakow.pl\/kcc\/en\/wp-content\/uploads\/sites\/4\/2020\/04\/cropped-cropped-logo-kcc-2020en.png","width":116,"height":55,"caption":"Krakow Choreographic Centre"},"image":{"@id":"https:\/\/nck.krakow.pl\/kcc\/en\/#\/schema\/logo\/image\/"},"sameAs":["http:\/\/facebook.com\/kcc.nck"]}]}},"_links":{"self":[{"href":"https:\/\/nck.krakow.pl\/kcc\/en\/wp-json\/wp\/v2\/pages\/1484"}],"collection":[{"href":"https:\/\/nck.krakow.pl\/kcc\/en\/wp-json\/wp\/v2\/pages"}],"about":[{"href":"https:\/\/nck.krakow.pl\/kcc\/en\/wp-json\/wp\/v2\/types\/page"}],"author":[{"embeddable":true,"href":"https:\/\/nck.krakow.pl\/kcc\/en\/wp-json\/wp\/v2\/users\/5"}],"replies":[{"embeddable":true,"href":"https:\/\/nck.krakow.pl\/kcc\/en\/wp-json\/wp\/v2\/comments?post=1484"}],"version-history":[{"count":1,"href":"https:\/\/nck.krakow.pl\/kcc\/en\/wp-json\/wp\/v2\/pages\/1484\/revisions"}],"predecessor-version":[{"id":1487,"href":"https:\/\/nck.krakow.pl\/kcc\/en\/wp-json\/wp\/v2\/pages\/1484\/revisions\/1487"}],"wp:attachment":[{"href":"https:\/\/nck.krakow.pl\/kcc\/en\/wp-json\/wp\/v2\/media?parent=1484"}],"curies":[{"name":"wp","href":"https:\/\/api.w.org\/{rel}","templated":true}]}}