{"id":1471,"date":"2023-09-19T15:34:43","date_gmt":"2023-09-19T13:34:43","guid":{"rendered":"https:\/\/nck.krakow.pl\/kcc\/en\/?page_id=1471"},"modified":"2023-09-19T15:34:46","modified_gmt":"2023-09-19T13:34:46","slug":"black-is-the-colour","status":"publish","type":"page","link":"https:\/\/nck.krakow.pl\/kcc\/en\/black-is-the-colour\/","title":{"rendered":"<strong>Black is the colour&nbsp;<\/strong>"},"content":{"rendered":"\n<figure class=\"wp-block-image size-full\"><img loading=\"lazy\" decoding=\"async\" width=\"1024\" height=\"683\" src=\"https:\/\/nck.krakow.pl\/kcc\/en\/wp-content\/uploads\/sites\/4\/2023\/09\/image-2.png\" alt=\"\" class=\"wp-image-1472\" srcset=\"https:\/\/nck.krakow.pl\/kcc\/en\/wp-content\/uploads\/sites\/4\/2023\/09\/image-2.png 1024w, https:\/\/nck.krakow.pl\/kcc\/en\/wp-content\/uploads\/sites\/4\/2023\/09\/image-2-300x200.png 300w, https:\/\/nck.krakow.pl\/kcc\/en\/wp-content\/uploads\/sites\/4\/2023\/09\/image-2-768x512.png 768w\" sizes=\"(max-width: 1024px) 100vw, 1024px\" \/><\/figure>\n\n\n\n<h2 class=\"wp-block-heading\">Black is the colour\u00a0<\/h2>\n\n\n\n<p><strong>choreography<\/strong>: Quan Bui Ngoc<\/p>\n\n\n\n<p><strong>performed by<\/strong>: Sylwia Hefczy\u0144ska-Lewandowska, Natalia Dinges, Daniela Kom\u0119dera-Mi\u015bkiewicz, Dominika Wiak<\/p>\n\n\n\n<p><strong>music<\/strong>: Peter Lyczkowski<\/p>\n\n\n\n<p><strong>stage design consultations<\/strong>: Piotr Tetlak<\/p>\n\n\n\n<p><strong>lighting director<\/strong>: Pawe\u0142 Murlik<\/p>\n\n\n\n<p><strong>lighting director assistant<\/strong>: Rados\u0142aw Lis<\/p>\n\n\n\n<p><strong>duration<\/strong>: 60 minutes<\/p>\n\n\n\n<p>The performance was produced in cooperation with the Institute of Music and Dance as part of the Choreographic Commissions 2018 program and with a support residency program during the BalletOFFFestival at the Nowa Huta Cultural Centre (Krak\u00f3w Choreographic Centre).<\/p>\n\n\n\n<p>If there was no tomorrow.<br>This is my journey.<\/p>\n\n\n\n<p>Nothing is going to stop us.<\/p>\n","protected":false},"excerpt":{"rendered":"<p>Black is the colour\u00a0 choreography: Quan Bui Ngoc performed by: Sylwia Hefczy\u0144ska-Lewandowska, Natalia Dinges, Daniela Kom\u0119dera-Mi\u015bkiewicz, Dominika Wiak music: Peter Lyczkowski stage design consultations: Piotr Tetlak lighting director: Pawe\u0142 Murlik lighting director assistant: Rados\u0142aw Lis duration: 60 minutes The performance was produced in cooperation with the Institute of Music and Dance as part of the [&hellip;]<\/p>\n","protected":false},"author":5,"featured_media":0,"parent":0,"menu_order":0,"comment_status":"closed","ping_status":"closed","template":"","meta":{"footnotes":""},"class_list":["post-1471","page","type-page","status-publish","hentry"],"yoast_head":"<!-- This site is optimized with the Yoast SEO plugin v19.12 - https:\/\/yoast.com\/wordpress\/plugins\/seo\/ -->\n<title>Black is the colour&nbsp; - Krakow Choreographic Centre<\/title>\n<meta name=\"robots\" content=\"index, follow, max-snippet:-1, max-image-preview:large, max-video-preview:-1\" \/>\n<link rel=\"canonical\" href=\"https:\/\/nck.krakow.pl\/kcc\/en\/black-is-the-colour\/\" \/>\n<meta property=\"og:locale\" content=\"en_US\" \/>\n<meta property=\"og:type\" content=\"article\" \/>\n<meta property=\"og:title\" content=\"Black is the colour&nbsp; - Krakow Choreographic Centre\" \/>\n<meta property=\"og:description\" content=\"Black is the colour\u00a0 choreography: Quan Bui Ngoc performed by: Sylwia Hefczy\u0144ska-Lewandowska, Natalia Dinges, Daniela Kom\u0119dera-Mi\u015bkiewicz, Dominika Wiak music: Peter Lyczkowski stage design consultations: Piotr Tetlak lighting director: Pawe\u0142 Murlik lighting director assistant: Rados\u0142aw Lis duration: 60 minutes The performance was produced in cooperation with the Institute of Music and Dance as part of the [&hellip;]\" \/>\n<meta property=\"og:url\" content=\"https:\/\/nck.krakow.pl\/kcc\/en\/black-is-the-colour\/\" \/>\n<meta property=\"og:site_name\" content=\"Krakow Choreographic Centre\" \/>\n<meta property=\"article:publisher\" content=\"http:\/\/facebook.com\/kcc.nck\" \/>\n<meta property=\"article:modified_time\" content=\"2023-09-19T13:34:46+00:00\" \/>\n<meta property=\"og:image\" content=\"https:\/\/nck.krakow.pl\/kcc\/en\/wp-content\/uploads\/sites\/4\/2023\/09\/image-2.png\" \/>\n<meta name=\"twitter:card\" content=\"summary_large_image\" \/>\n<meta name=\"twitter:label1\" content=\"Est. reading time\" \/>\n\t<meta name=\"twitter:data1\" content=\"1 minute\" \/>\n<script type=\"application\/ld+json\" class=\"yoast-schema-graph\">{\"@context\":\"https:\/\/schema.org\",\"@graph\":[{\"@type\":\"WebPage\",\"@id\":\"https:\/\/nck.krakow.pl\/kcc\/en\/black-is-the-colour\/\",\"url\":\"https:\/\/nck.krakow.pl\/kcc\/en\/black-is-the-colour\/\",\"name\":\"Black is the colour&nbsp; - Krakow Choreographic Centre\",\"isPartOf\":{\"@id\":\"https:\/\/nck.krakow.pl\/kcc\/en\/#website\"},\"datePublished\":\"2023-09-19T13:34:43+00:00\",\"dateModified\":\"2023-09-19T13:34:46+00:00\",\"breadcrumb\":{\"@id\":\"https:\/\/nck.krakow.pl\/kcc\/en\/black-is-the-colour\/#breadcrumb\"},\"inLanguage\":\"en-US\",\"potentialAction\":[{\"@type\":\"ReadAction\",\"target\":[\"https:\/\/nck.krakow.pl\/kcc\/en\/black-is-the-colour\/\"]}]},{\"@type\":\"BreadcrumbList\",\"@id\":\"https:\/\/nck.krakow.pl\/kcc\/en\/black-is-the-colour\/#breadcrumb\",\"itemListElement\":[{\"@type\":\"ListItem\",\"position\":1,\"name\":\"Strona g\u0142\u00f3wna\",\"item\":\"https:\/\/nck.krakow.pl\/kcc\/en\/\"},{\"@type\":\"ListItem\",\"position\":2,\"name\":\"Black is the colour&nbsp;\"}]},{\"@type\":\"WebSite\",\"@id\":\"https:\/\/nck.krakow.pl\/kcc\/en\/#website\",\"url\":\"https:\/\/nck.krakow.pl\/kcc\/en\/\",\"name\":\"Krakow Choreographic Centre\",\"description\":\"\",\"publisher\":{\"@id\":\"https:\/\/nck.krakow.pl\/kcc\/en\/#organization\"},\"potentialAction\":[{\"@type\":\"SearchAction\",\"target\":{\"@type\":\"EntryPoint\",\"urlTemplate\":\"https:\/\/nck.krakow.pl\/kcc\/en\/?s={search_term_string}\"},\"query-input\":\"required name=search_term_string\"}],\"inLanguage\":\"en-US\"},{\"@type\":\"Organization\",\"@id\":\"https:\/\/nck.krakow.pl\/kcc\/en\/#organization\",\"name\":\"Krakow Choreographic Centre\",\"url\":\"https:\/\/nck.krakow.pl\/kcc\/en\/\",\"logo\":{\"@type\":\"ImageObject\",\"inLanguage\":\"en-US\",\"@id\":\"https:\/\/nck.krakow.pl\/kcc\/en\/#\/schema\/logo\/image\/\",\"url\":\"https:\/\/nck.krakow.pl\/kcc\/en\/wp-content\/uploads\/sites\/4\/2020\/04\/cropped-cropped-logo-kcc-2020en.png\",\"contentUrl\":\"https:\/\/nck.krakow.pl\/kcc\/en\/wp-content\/uploads\/sites\/4\/2020\/04\/cropped-cropped-logo-kcc-2020en.png\",\"width\":116,\"height\":55,\"caption\":\"Krakow Choreographic Centre\"},\"image\":{\"@id\":\"https:\/\/nck.krakow.pl\/kcc\/en\/#\/schema\/logo\/image\/\"},\"sameAs\":[\"http:\/\/facebook.com\/kcc.nck\"]}]}<\/script>\n<!-- \/ Yoast SEO plugin. -->","yoast_head_json":{"title":"Black is the colour&nbsp; - Krakow Choreographic Centre","robots":{"index":"index","follow":"follow","max-snippet":"max-snippet:-1","max-image-preview":"max-image-preview:large","max-video-preview":"max-video-preview:-1"},"canonical":"https:\/\/nck.krakow.pl\/kcc\/en\/black-is-the-colour\/","og_locale":"en_US","og_type":"article","og_title":"Black is the colour&nbsp; - Krakow Choreographic Centre","og_description":"Black is the colour\u00a0 choreography: Quan Bui Ngoc performed by: Sylwia Hefczy\u0144ska-Lewandowska, Natalia Dinges, Daniela Kom\u0119dera-Mi\u015bkiewicz, Dominika Wiak music: Peter Lyczkowski stage design consultations: Piotr Tetlak lighting director: Pawe\u0142 Murlik lighting director assistant: Rados\u0142aw Lis duration: 60 minutes The performance was produced in cooperation with the Institute of Music and Dance as part of the [&hellip;]","og_url":"https:\/\/nck.krakow.pl\/kcc\/en\/black-is-the-colour\/","og_site_name":"Krakow Choreographic Centre","article_publisher":"http:\/\/facebook.com\/kcc.nck","article_modified_time":"2023-09-19T13:34:46+00:00","og_image":[{"url":"https:\/\/nck.krakow.pl\/kcc\/en\/wp-content\/uploads\/sites\/4\/2023\/09\/image-2.png"}],"twitter_card":"summary_large_image","twitter_misc":{"Est. reading time":"1 minute"},"schema":{"@context":"https:\/\/schema.org","@graph":[{"@type":"WebPage","@id":"https:\/\/nck.krakow.pl\/kcc\/en\/black-is-the-colour\/","url":"https:\/\/nck.krakow.pl\/kcc\/en\/black-is-the-colour\/","name":"Black is the colour&nbsp; - Krakow Choreographic Centre","isPartOf":{"@id":"https:\/\/nck.krakow.pl\/kcc\/en\/#website"},"datePublished":"2023-09-19T13:34:43+00:00","dateModified":"2023-09-19T13:34:46+00:00","breadcrumb":{"@id":"https:\/\/nck.krakow.pl\/kcc\/en\/black-is-the-colour\/#breadcrumb"},"inLanguage":"en-US","potentialAction":[{"@type":"ReadAction","target":["https:\/\/nck.krakow.pl\/kcc\/en\/black-is-the-colour\/"]}]},{"@type":"BreadcrumbList","@id":"https:\/\/nck.krakow.pl\/kcc\/en\/black-is-the-colour\/#breadcrumb","itemListElement":[{"@type":"ListItem","position":1,"name":"Strona g\u0142\u00f3wna","item":"https:\/\/nck.krakow.pl\/kcc\/en\/"},{"@type":"ListItem","position":2,"name":"Black is the colour&nbsp;"}]},{"@type":"WebSite","@id":"https:\/\/nck.krakow.pl\/kcc\/en\/#website","url":"https:\/\/nck.krakow.pl\/kcc\/en\/","name":"Krakow Choreographic Centre","description":"","publisher":{"@id":"https:\/\/nck.krakow.pl\/kcc\/en\/#organization"},"potentialAction":[{"@type":"SearchAction","target":{"@type":"EntryPoint","urlTemplate":"https:\/\/nck.krakow.pl\/kcc\/en\/?s={search_term_string}"},"query-input":"required name=search_term_string"}],"inLanguage":"en-US"},{"@type":"Organization","@id":"https:\/\/nck.krakow.pl\/kcc\/en\/#organization","name":"Krakow Choreographic Centre","url":"https:\/\/nck.krakow.pl\/kcc\/en\/","logo":{"@type":"ImageObject","inLanguage":"en-US","@id":"https:\/\/nck.krakow.pl\/kcc\/en\/#\/schema\/logo\/image\/","url":"https:\/\/nck.krakow.pl\/kcc\/en\/wp-content\/uploads\/sites\/4\/2020\/04\/cropped-cropped-logo-kcc-2020en.png","contentUrl":"https:\/\/nck.krakow.pl\/kcc\/en\/wp-content\/uploads\/sites\/4\/2020\/04\/cropped-cropped-logo-kcc-2020en.png","width":116,"height":55,"caption":"Krakow Choreographic Centre"},"image":{"@id":"https:\/\/nck.krakow.pl\/kcc\/en\/#\/schema\/logo\/image\/"},"sameAs":["http:\/\/facebook.com\/kcc.nck"]}]}},"_links":{"self":[{"href":"https:\/\/nck.krakow.pl\/kcc\/en\/wp-json\/wp\/v2\/pages\/1471"}],"collection":[{"href":"https:\/\/nck.krakow.pl\/kcc\/en\/wp-json\/wp\/v2\/pages"}],"about":[{"href":"https:\/\/nck.krakow.pl\/kcc\/en\/wp-json\/wp\/v2\/types\/page"}],"author":[{"embeddable":true,"href":"https:\/\/nck.krakow.pl\/kcc\/en\/wp-json\/wp\/v2\/users\/5"}],"replies":[{"embeddable":true,"href":"https:\/\/nck.krakow.pl\/kcc\/en\/wp-json\/wp\/v2\/comments?post=1471"}],"version-history":[{"count":1,"href":"https:\/\/nck.krakow.pl\/kcc\/en\/wp-json\/wp\/v2\/pages\/1471\/revisions"}],"predecessor-version":[{"id":1473,"href":"https:\/\/nck.krakow.pl\/kcc\/en\/wp-json\/wp\/v2\/pages\/1471\/revisions\/1473"}],"wp:attachment":[{"href":"https:\/\/nck.krakow.pl\/kcc\/en\/wp-json\/wp\/v2\/media?parent=1471"}],"curies":[{"name":"wp","href":"https:\/\/api.w.org\/{rel}","templated":true}]}}