{"id":1459,"date":"2023-09-19T15:30:47","date_gmt":"2023-09-19T13:30:47","guid":{"rendered":"https:\/\/nck.krakow.pl\/kcc\/en\/?page_id=1459"},"modified":"2023-09-19T15:30:51","modified_gmt":"2023-09-19T13:30:51","slug":"frasunek-product-of-progressive-unworking","status":"publish","type":"page","link":"https:\/\/nck.krakow.pl\/kcc\/en\/frasunek-product-of-progressive-unworking\/","title":{"rendered":"<strong>FRASUNEK product of progressive unworking<\/strong>"},"content":{"rendered":"\n<figure class=\"wp-block-image size-full\"><img loading=\"lazy\" decoding=\"async\" width=\"1024\" height=\"684\" src=\"https:\/\/nck.krakow.pl\/kcc\/en\/wp-content\/uploads\/sites\/4\/2023\/09\/image.png\" alt=\"\" class=\"wp-image-1460\" srcset=\"https:\/\/nck.krakow.pl\/kcc\/en\/wp-content\/uploads\/sites\/4\/2023\/09\/image.png 1024w, https:\/\/nck.krakow.pl\/kcc\/en\/wp-content\/uploads\/sites\/4\/2023\/09\/image-300x200.png 300w, https:\/\/nck.krakow.pl\/kcc\/en\/wp-content\/uploads\/sites\/4\/2023\/09\/image-768x513.png 768w\" sizes=\"(max-width: 1024px) 100vw, 1024px\" \/><\/figure>\n\n\n\n<h2 class=\"wp-block-heading\">FRASUNEK product of progressive unworking<\/h2>\n\n\n\n<p><strong>direction, choreography, performing<\/strong>: Jan Lorys, Natalia Wilk<\/p>\n\n\n\n<p><strong>music<\/strong>: CC<\/p>\n\n\n\n<p><strong>costumes<\/strong>: made in china<\/p>\n\n\n\n<p><strong>length of the performance<\/strong>: 37 minutes<\/p>\n\n\n\n<p><strong>premiere<\/strong>: November 18, 2017 BalletOFFFestival<\/p>\n\n\n\n<p><strong>producer<\/strong>: Krakow Choreographic Centre &#8211; Nowa Huta Cultural Centre<\/p>\n\n\n\n<p>The performance was created as part of the residency program at the Krakow Choreographic Centre.<\/p>\n\n\n\n<p>A worried dancer. In our work, we share the effects of practising progressive non-work, following our passions, and rebellion without rage. We conduct a service on behalf of all the freelancers and the precariat. We become bodies ready for exploitation and in a circus setting, we question the understanding of terms such as work and free time. We persistently follow the motto: \u201cIt doesn\u2019t matter what you create if you have no fun!\u201d We are inspired by silent movies (the Lumi\u00e8re brothers), wise books (by Bojana Kunst, S\u0142ownik J\u0119zyka Polskiego\/Polish Dictionary), famous artists (Le Roy), and YouTube (Daniel Menedez, Pit, Niels Duinker, Super Dave and Amanda O\u2019Malley, Ashley Galvin). We are not changing the world, we just want to understand it a little better. And that\u2019s it, all our WORRY.<\/p>\n","protected":false},"excerpt":{"rendered":"<p>FRASUNEK product of progressive unworking direction, choreography, performing: Jan Lorys, Natalia Wilk music: CC costumes: made in china length of the performance: 37 minutes premiere: November 18, 2017 BalletOFFFestival producer: Krakow Choreographic Centre &#8211; Nowa Huta Cultural Centre The performance was created as part of the residency program at the Krakow Choreographic Centre. A worried [&hellip;]<\/p>\n","protected":false},"author":5,"featured_media":0,"parent":0,"menu_order":0,"comment_status":"closed","ping_status":"closed","template":"","meta":{"footnotes":""},"class_list":["post-1459","page","type-page","status-publish","hentry"],"yoast_head":"<!-- This site is optimized with the Yoast SEO plugin v19.12 - https:\/\/yoast.com\/wordpress\/plugins\/seo\/ -->\n<title>FRASUNEK product of progressive unworking - Krakow Choreographic Centre<\/title>\n<meta name=\"robots\" content=\"index, follow, max-snippet:-1, max-image-preview:large, max-video-preview:-1\" \/>\n<link rel=\"canonical\" href=\"https:\/\/nck.krakow.pl\/kcc\/en\/frasunek-product-of-progressive-unworking\/\" \/>\n<meta property=\"og:locale\" content=\"en_US\" \/>\n<meta property=\"og:type\" content=\"article\" \/>\n<meta property=\"og:title\" content=\"FRASUNEK product of progressive unworking - Krakow Choreographic Centre\" \/>\n<meta property=\"og:description\" content=\"FRASUNEK product of progressive unworking direction, choreography, performing: Jan Lorys, Natalia Wilk music: CC costumes: made in china length of the performance: 37 minutes premiere: November 18, 2017 BalletOFFFestival producer: Krakow Choreographic Centre &#8211; Nowa Huta Cultural Centre The performance was created as part of the residency program at the Krakow Choreographic Centre. A worried [&hellip;]\" \/>\n<meta property=\"og:url\" content=\"https:\/\/nck.krakow.pl\/kcc\/en\/frasunek-product-of-progressive-unworking\/\" \/>\n<meta property=\"og:site_name\" content=\"Krakow Choreographic Centre\" \/>\n<meta property=\"article:publisher\" content=\"http:\/\/facebook.com\/kcc.nck\" \/>\n<meta property=\"article:modified_time\" content=\"2023-09-19T13:30:51+00:00\" \/>\n<meta property=\"og:image\" content=\"https:\/\/nck.krakow.pl\/kcc\/en\/wp-content\/uploads\/sites\/4\/2023\/09\/image.png\" \/>\n<meta name=\"twitter:card\" content=\"summary_large_image\" \/>\n<meta name=\"twitter:label1\" content=\"Est. reading time\" \/>\n\t<meta name=\"twitter:data1\" content=\"1 minute\" \/>\n<script type=\"application\/ld+json\" class=\"yoast-schema-graph\">{\"@context\":\"https:\/\/schema.org\",\"@graph\":[{\"@type\":\"WebPage\",\"@id\":\"https:\/\/nck.krakow.pl\/kcc\/en\/frasunek-product-of-progressive-unworking\/\",\"url\":\"https:\/\/nck.krakow.pl\/kcc\/en\/frasunek-product-of-progressive-unworking\/\",\"name\":\"FRASUNEK product of progressive unworking - Krakow Choreographic Centre\",\"isPartOf\":{\"@id\":\"https:\/\/nck.krakow.pl\/kcc\/en\/#website\"},\"datePublished\":\"2023-09-19T13:30:47+00:00\",\"dateModified\":\"2023-09-19T13:30:51+00:00\",\"breadcrumb\":{\"@id\":\"https:\/\/nck.krakow.pl\/kcc\/en\/frasunek-product-of-progressive-unworking\/#breadcrumb\"},\"inLanguage\":\"en-US\",\"potentialAction\":[{\"@type\":\"ReadAction\",\"target\":[\"https:\/\/nck.krakow.pl\/kcc\/en\/frasunek-product-of-progressive-unworking\/\"]}]},{\"@type\":\"BreadcrumbList\",\"@id\":\"https:\/\/nck.krakow.pl\/kcc\/en\/frasunek-product-of-progressive-unworking\/#breadcrumb\",\"itemListElement\":[{\"@type\":\"ListItem\",\"position\":1,\"name\":\"Strona g\u0142\u00f3wna\",\"item\":\"https:\/\/nck.krakow.pl\/kcc\/en\/\"},{\"@type\":\"ListItem\",\"position\":2,\"name\":\"FRASUNEK product of progressive unworking\"}]},{\"@type\":\"WebSite\",\"@id\":\"https:\/\/nck.krakow.pl\/kcc\/en\/#website\",\"url\":\"https:\/\/nck.krakow.pl\/kcc\/en\/\",\"name\":\"Krakow Choreographic Centre\",\"description\":\"\",\"publisher\":{\"@id\":\"https:\/\/nck.krakow.pl\/kcc\/en\/#organization\"},\"potentialAction\":[{\"@type\":\"SearchAction\",\"target\":{\"@type\":\"EntryPoint\",\"urlTemplate\":\"https:\/\/nck.krakow.pl\/kcc\/en\/?s={search_term_string}\"},\"query-input\":\"required name=search_term_string\"}],\"inLanguage\":\"en-US\"},{\"@type\":\"Organization\",\"@id\":\"https:\/\/nck.krakow.pl\/kcc\/en\/#organization\",\"name\":\"Krakow Choreographic Centre\",\"url\":\"https:\/\/nck.krakow.pl\/kcc\/en\/\",\"logo\":{\"@type\":\"ImageObject\",\"inLanguage\":\"en-US\",\"@id\":\"https:\/\/nck.krakow.pl\/kcc\/en\/#\/schema\/logo\/image\/\",\"url\":\"https:\/\/nck.krakow.pl\/kcc\/en\/wp-content\/uploads\/sites\/4\/2020\/04\/cropped-cropped-logo-kcc-2020en.png\",\"contentUrl\":\"https:\/\/nck.krakow.pl\/kcc\/en\/wp-content\/uploads\/sites\/4\/2020\/04\/cropped-cropped-logo-kcc-2020en.png\",\"width\":116,\"height\":55,\"caption\":\"Krakow Choreographic Centre\"},\"image\":{\"@id\":\"https:\/\/nck.krakow.pl\/kcc\/en\/#\/schema\/logo\/image\/\"},\"sameAs\":[\"http:\/\/facebook.com\/kcc.nck\"]}]}<\/script>\n<!-- \/ Yoast SEO plugin. -->","yoast_head_json":{"title":"FRASUNEK product of progressive unworking - Krakow Choreographic Centre","robots":{"index":"index","follow":"follow","max-snippet":"max-snippet:-1","max-image-preview":"max-image-preview:large","max-video-preview":"max-video-preview:-1"},"canonical":"https:\/\/nck.krakow.pl\/kcc\/en\/frasunek-product-of-progressive-unworking\/","og_locale":"en_US","og_type":"article","og_title":"FRASUNEK product of progressive unworking - Krakow Choreographic Centre","og_description":"FRASUNEK product of progressive unworking direction, choreography, performing: Jan Lorys, Natalia Wilk music: CC costumes: made in china length of the performance: 37 minutes premiere: November 18, 2017 BalletOFFFestival producer: Krakow Choreographic Centre &#8211; Nowa Huta Cultural Centre The performance was created as part of the residency program at the Krakow Choreographic Centre. A worried [&hellip;]","og_url":"https:\/\/nck.krakow.pl\/kcc\/en\/frasunek-product-of-progressive-unworking\/","og_site_name":"Krakow Choreographic Centre","article_publisher":"http:\/\/facebook.com\/kcc.nck","article_modified_time":"2023-09-19T13:30:51+00:00","og_image":[{"url":"https:\/\/nck.krakow.pl\/kcc\/en\/wp-content\/uploads\/sites\/4\/2023\/09\/image.png"}],"twitter_card":"summary_large_image","twitter_misc":{"Est. reading time":"1 minute"},"schema":{"@context":"https:\/\/schema.org","@graph":[{"@type":"WebPage","@id":"https:\/\/nck.krakow.pl\/kcc\/en\/frasunek-product-of-progressive-unworking\/","url":"https:\/\/nck.krakow.pl\/kcc\/en\/frasunek-product-of-progressive-unworking\/","name":"FRASUNEK product of progressive unworking - Krakow Choreographic Centre","isPartOf":{"@id":"https:\/\/nck.krakow.pl\/kcc\/en\/#website"},"datePublished":"2023-09-19T13:30:47+00:00","dateModified":"2023-09-19T13:30:51+00:00","breadcrumb":{"@id":"https:\/\/nck.krakow.pl\/kcc\/en\/frasunek-product-of-progressive-unworking\/#breadcrumb"},"inLanguage":"en-US","potentialAction":[{"@type":"ReadAction","target":["https:\/\/nck.krakow.pl\/kcc\/en\/frasunek-product-of-progressive-unworking\/"]}]},{"@type":"BreadcrumbList","@id":"https:\/\/nck.krakow.pl\/kcc\/en\/frasunek-product-of-progressive-unworking\/#breadcrumb","itemListElement":[{"@type":"ListItem","position":1,"name":"Strona g\u0142\u00f3wna","item":"https:\/\/nck.krakow.pl\/kcc\/en\/"},{"@type":"ListItem","position":2,"name":"FRASUNEK product of progressive unworking"}]},{"@type":"WebSite","@id":"https:\/\/nck.krakow.pl\/kcc\/en\/#website","url":"https:\/\/nck.krakow.pl\/kcc\/en\/","name":"Krakow Choreographic Centre","description":"","publisher":{"@id":"https:\/\/nck.krakow.pl\/kcc\/en\/#organization"},"potentialAction":[{"@type":"SearchAction","target":{"@type":"EntryPoint","urlTemplate":"https:\/\/nck.krakow.pl\/kcc\/en\/?s={search_term_string}"},"query-input":"required name=search_term_string"}],"inLanguage":"en-US"},{"@type":"Organization","@id":"https:\/\/nck.krakow.pl\/kcc\/en\/#organization","name":"Krakow Choreographic Centre","url":"https:\/\/nck.krakow.pl\/kcc\/en\/","logo":{"@type":"ImageObject","inLanguage":"en-US","@id":"https:\/\/nck.krakow.pl\/kcc\/en\/#\/schema\/logo\/image\/","url":"https:\/\/nck.krakow.pl\/kcc\/en\/wp-content\/uploads\/sites\/4\/2020\/04\/cropped-cropped-logo-kcc-2020en.png","contentUrl":"https:\/\/nck.krakow.pl\/kcc\/en\/wp-content\/uploads\/sites\/4\/2020\/04\/cropped-cropped-logo-kcc-2020en.png","width":116,"height":55,"caption":"Krakow Choreographic Centre"},"image":{"@id":"https:\/\/nck.krakow.pl\/kcc\/en\/#\/schema\/logo\/image\/"},"sameAs":["http:\/\/facebook.com\/kcc.nck"]}]}},"_links":{"self":[{"href":"https:\/\/nck.krakow.pl\/kcc\/en\/wp-json\/wp\/v2\/pages\/1459"}],"collection":[{"href":"https:\/\/nck.krakow.pl\/kcc\/en\/wp-json\/wp\/v2\/pages"}],"about":[{"href":"https:\/\/nck.krakow.pl\/kcc\/en\/wp-json\/wp\/v2\/types\/page"}],"author":[{"embeddable":true,"href":"https:\/\/nck.krakow.pl\/kcc\/en\/wp-json\/wp\/v2\/users\/5"}],"replies":[{"embeddable":true,"href":"https:\/\/nck.krakow.pl\/kcc\/en\/wp-json\/wp\/v2\/comments?post=1459"}],"version-history":[{"count":1,"href":"https:\/\/nck.krakow.pl\/kcc\/en\/wp-json\/wp\/v2\/pages\/1459\/revisions"}],"predecessor-version":[{"id":1461,"href":"https:\/\/nck.krakow.pl\/kcc\/en\/wp-json\/wp\/v2\/pages\/1459\/revisions\/1461"}],"wp:attachment":[{"href":"https:\/\/nck.krakow.pl\/kcc\/en\/wp-json\/wp\/v2\/media?parent=1459"}],"curies":[{"name":"wp","href":"https:\/\/api.w.org\/{rel}","templated":true}]}}